 {"id":2568,"date":"2022-10-28T14:35:15","date_gmt":"2022-10-28T19:35:15","guid":{"rendered":"https:\/\/www.feyalegria.org\/paraguay\/?page_id=2568"},"modified":"2023-02-07T15:55:09","modified_gmt":"2023-02-07T20:55:09","slug":"escuela-y-colegio-nuestra-senora-de-lourdes-de-fe-y-alegria","status":"publish","type":"page","link":"https:\/\/www.feyalegria.org\/paraguay\/escuela-y-colegio-nuestra-senora-de-lourdes-de-fe-y-alegria\/","title":{"rendered":"Escuela y Colegio Nuestra Se\u00f1ora de Lourdes de Fe y Alegr\u00eda"},"content":{"rendered":"<div class=\"wpb-content-wrapper\"><p>[vc_row][vc_column][vc_column_text]<\/p>\n<h2>Escuela y Colegio Nuestra Se\u00f1ora de Lourdes de Fe y Alegr\u00eda<\/h2>\n<p>[\/vc_column_text][\/vc_column][\/vc_row][vc_row][vc_column width=\u00bb5\/6&#8243;]<div style=\"background-color:;height: 50px\" class=\"nicdark_section  \"><\/div>[\/vc_column][vc_column width=\u00bb1\/6&#8243;]<a href=\"https:\/\/www.feyalegria.org\/paraguay\/centros-educativos\/\" title=\"Centros educativos\"  data-id=\"mpc_button-5869d6aa266ecd0\" class=\"mpc-button mpc-init mpc-transition mpc-typography--default \" ><div class=\"mpc-button__content mpc-effect-type--stay mpc-effect-side--left\"><i class=\"mpc-button__icon mpc-transition  mi mi-pin_drop\"><\/i><span class=\"mpc-button__title mpc-transition\">Volver al mapa<\/span><\/div><div class=\"mpc-button__background mpc-transition mpc-effect-type--fade mpc-effect-side--in\"><\/div><\/a>[\/vc_column][\/vc_row][vc_row][vc_column width=\u00bb2\/3&#8243;][vc_column_text]La Escuela B\u00e1sica N\u00ba 7545 \u201cNuestra Se\u00f1ora de Lourdes de Fe y Alegr\u00eda\u201d es una Instituci\u00f3n Educativa ubicada en el \u00c1rea 2 Humait\u00e1 y Paso Cadena, Ciudad del Este. Abri\u00f3 sus puertas a ni\u00f1os y j\u00f3venes de esta comunidad en el a\u00f1o 2.008, entrando en la Organizaci\u00f3n de Educaci\u00f3n Popular para los m\u00e1s pobres de la fundaci\u00f3n Fe y Alegr\u00eda extendida por toda Sudam\u00e9rica.<br \/>\nEn el a\u00f1o 2009 comenz\u00f3 a funcionar desde el Preescolar a 6\u00ba grado dando educaci\u00f3n gratuita \u201cCOSTO CERO\u201d a los m\u00e1s pobres que no tienen acceso a la educaci\u00f3n o est\u00e1n en riesgo de deserci\u00f3n escolar.<br \/>\nEn el a\u00f1o 2010\u00a0 el Ministerio de Educaci\u00f3n y Cultura concedi\u00f3 los Rubros Para el 1\u00ba, 2\u00ba 3\u00ba Grado y las horas c\u00e1tedras del 7\u00ba grado.<br \/>\nEn el 2011 el Ministerio de Educaci\u00f3n continu\u00f3 concediendo Rubros del 5\u00b0Grado y las Horas C\u00e1tedras del 8\u00ba grado a la Escuela Privada Subvencionada N\u00ba7545 \u201cNtra. Sra. de Lourdes de Fe y Alegr\u00eda\u201d.<br \/>\nEn el a\u00f1o 2012, este a\u00f1o se lograron varios objetivos muy importantes de nuestro proyecto Educativo Social, como la adquisici\u00f3n de rubros para el 9\u00ba grado, adem\u00e1s de la primera promoci\u00f3n del 9\u00ba grado.<br \/>\nHabilitamos una sala de computaci\u00f3n con 12 computadoras, cuyo horario es de 45 minutos para cada alumno.<br \/>\nEn el 2013 se comenz\u00f3 con la aventura del primer a\u00f1o de la Media, Bachillerato con \u00e9nfasis en Ciencias Sociales.<br \/>\nEn el 2014 se logr\u00f3 la apertura del 1\u00ba a\u00f1o de la media Seg\u00fan Resoluci\u00f3n del Ministerio de Educaci\u00f3n Resoluci\u00f3n N\u00ba 15 del 11-02-2014. Colegio Privado Nuestra Se\u00f1ora de Lourdes de fe y Alegr\u00eda.<br \/>\nEn el 2015 se logr\u00f3 la apertura del 2\u00ba a\u00f1o de la media Seg\u00fan Resoluci\u00f3n del Ministerio de Educaci\u00f3n Resoluci\u00f3n N\u00ba 04 del 19-01-2015.<br \/>\nEn noviembre del 2016 se consigue la subvenci\u00f3n del Colegio Privado Ntra. Sra. de Lourdes \u2013 pasando a ser el Colegio Priv. Subv. Nutra. Sra. De Lourdes de Fe y Alegr\u00eda. Igualmente, se consigue la apertura del 3\u00ba a\u00f1o del nivel medio.<br \/>\nEn el 2017 egres\u00f3 la Primera Promoci\u00f3n de bachillerato Human\u00edstico en Ciencias Sociales, asimismo el MEC concedi\u00f3 la totalidad de los Rubros para el Nivel Medio.<br \/>\nEn el 2018 asumi\u00f3 como nueva encargada de Despacho la Lic. Prof. Mar\u00eda Inmaculada Villalba, como Coordinadora del Nivel Inicial y E. E. B., Lic. Prof. Mercedes Esp\u00ednola Ar\u00e9valos y como Coordinador Pedag\u00f3gico del Nivel Medio el Lic. Aldo Ra\u00fal Dold\u00e1n.<br \/>\nEn el 2022 iniciaron las actividades con el Proyecto \u201cEscuela de Verano\u201d, promocionado por la Direcci\u00f3n Departamental, con la participaci\u00f3n de Voluntarios de la comunidad, Bomberos, Cruz Roja, Personal de Blanco, Profesores, Padres de familia, equipo Directivo.<\/p>\n<h5 style=\"text-align: left;\"><strong><span style=\"color: #aa0f16;\">Contactos<\/span><\/strong><\/h5>\n<p><strong>Directora<\/strong>: Inmaculada Villalba.<br \/>\n<strong>Tel\u00e9fono<\/strong>: +595973123957[\/vc_column_text][\/vc_column][vc_column width=\u00bb1\/3&#8243;][vc_gmaps link=\u00bb#E-8_JTNDaWZyYW1lJTIwc3JjJTNEJTIyaHR0cHMlM0ElMkYlMkZ3d3cuZ29vZ2xlLmNvbSUyRm1hcHMlMkZlbWJlZCUzRnBiJTNEJTIxMW0xNCUyMTFtOCUyMTFtMyUyMTFkOTAwLjA0MjE3MjE5NzM3MTklMjEyZC01NC42MDc3MTA0JTIxM2QtMjUuNTMyNzU3MyUyMTNtMiUyMTFpMTAyNCUyMTJpNzY4JTIxNGYxMy4xJTIxM20zJTIxMW0yJTIxMXMweDk0ZjY5MTE0YzZjYTAyZjMlMjUzQTB4NmRlYTZiMjgxNGU4ZjFlNyUyMTJzRXNjdWVsYSUyNTIwQiUyNUMzJTI1QTFzaWNhJTI1MjBOJTI1QzIlMjVCMCUyNTIwNzU0OSUyNTIwTnVlc3RyYSUyNTIwU2UlMjVDMyUyNUIxb3JhJTI1MjBkZSUyNTIwTG91cmRlcyUyNTIwZGUlMjUyMEZlJTI1MjB5JTI1MjBBbGVnciUyNUMzJTI1QURhJTIxNWUwJTIxM20yJTIxMXNlcy00MTklMjEyc3B5JTIxNHYxNjY2OTg0NTA4NzE0JTIxNW0yJTIxMXNlcy00MTklMjEyc3B5JTIyJTIwJTIwd2lkdGglM0QlMjI2MDAlMjIlMjBoZWlnaHQlM0QlMjI0NTAlMjIlMjBmcmFtZWJvcmRlciUzRCUyMjAlMjIlMjBzdHlsZSUzRCUyMmJvcmRlciUzQTAlM0IlMjIlMjBhbGxvd2Z1bGxzY3JlZW4lM0QlMjIlMjIlMjBhcmlhLWhpZGRlbiUzRCUyMmZhbHNlJTIyJTIwdGFiaW5kZXglM0QlMjIwJTIyJTNFJTNDJTJGaWZyYW1lJTNF\u00bb][\/vc_column][\/vc_row][vc_row][vc_column width=\u00bb1\/4&#8243;][vc_single_image image=\u00bb8566&#8243; img_size=\u00bbmedium\u00bb alignment=\u00bbcenter\u00bb onclick=\u00bbimg_link_large\u00bb][\/vc_column][vc_column width=\u00bb1\/4&#8243;][vc_single_image image=\u00bb8522&#8243; img_size=\u00bbmedium\u00bb alignment=\u00bbcenter\u00bb onclick=\u00bbimg_link_large\u00bb][\/vc_column][vc_column width=\u00bb1\/4&#8243;][vc_single_image image=\u00bb8476&#8243; img_size=\u00bbmedium\u00bb][\/vc_column][vc_column width=\u00bb1\/4&#8243;][vc_single_image image=\u00bb8433&#8243; img_size=\u00bbmedium\u00bb][\/vc_column][\/vc_row]<\/p>\n<\/div>","protected":false},"excerpt":{"rendered":"<p>[vc_row][vc_column][vc_column_text] Escuela y Colegio Nuestra Se\u00f1ora de Lourdes de Fe y Alegr\u00eda [\/vc_column_text][\/vc_column][\/vc_row][vc_row][vc_column width=\u00bb5\/6&#8243;][\/vc_column][vc_column width=\u00bb1\/6&#8243;][\/vc_column][\/vc_row][vc_row][vc_column width=\u00bb2\/3&#8243;][vc_column_text]La Escuela B\u00e1sica N\u00ba 7545 \u201cNuestra Se\u00f1ora de Lourdes de Fe y Alegr\u00eda\u201d es una Instituci\u00f3n Educativa ubicada en el \u00c1rea 2 Humait\u00e1 y Paso Cadena, Ciudad del Este. Abri\u00f3 sus puertas a ni\u00f1os y j\u00f3venes de esta comunidad en<\/p>\n","protected":false},"author":2,"featured_media":0,"parent":0,"menu_order":0,"comment_status":"closed","ping_status":"closed","template":"","meta":{"_acf_changed":false,"footnotes":""},"folder":[],"class_list":["post-2568","page","type-page","status-publish","hentry"],"acf":[],"yoast_head":"<!-- This site is optimized with the Yoast SEO plugin v27.2 - https:\/\/yoast.com\/product\/yoast-seo-wordpress\/ -->\n<title>Escuela y Colegio Nuestra Se\u00f1ora de Lourdes de Fe y Alegr\u00eda - #SomosFeyAlegria en Paraguay<\/title>\n<meta name=\"robots\" content=\"index, follow, max-snippet:-1, max-image-preview:large, max-video-preview:-1\" \/>\n<link rel=\"canonical\" href=\"https:\/\/www.feyalegria.org\/paraguay\/escuela-y-colegio-nuestra-senora-de-lourdes-de-fe-y-alegria\/\" \/>\n<meta property=\"og:locale\" content=\"es_ES\" \/>\n<meta property=\"og:type\" content=\"article\" \/>\n<meta property=\"og:title\" content=\"Escuela y Colegio Nuestra Se\u00f1ora de Lourdes de Fe y Alegr\u00eda - #SomosFeyAlegria en Paraguay\" \/>\n<meta property=\"og:description\" content=\"[vc_row][vc_column][vc_column_text] Escuela y Colegio Nuestra Se\u00f1ora de Lourdes de Fe y Alegr\u00eda [\/vc_column_text][\/vc_column][\/vc_row][vc_row][vc_column width=\u00bb5\/6&#8243;][\/vc_column][vc_column width=\u00bb1\/6&#8243;][\/vc_column][\/vc_row][vc_row][vc_column width=\u00bb2\/3&#8243;][vc_column_text]La Escuela B\u00e1sica N\u00ba 7545 \u201cNuestra Se\u00f1ora de Lourdes de Fe y Alegr\u00eda\u201d es una Instituci\u00f3n Educativa ubicada en el \u00c1rea 2 Humait\u00e1 y Paso Cadena, Ciudad del Este. Abri\u00f3 sus puertas a ni\u00f1os y j\u00f3venes de esta comunidad en\" \/>\n<meta property=\"og:url\" content=\"https:\/\/www.feyalegria.org\/paraguay\/escuela-y-colegio-nuestra-senora-de-lourdes-de-fe-y-alegria\/\" \/>\n<meta property=\"og:site_name\" content=\"#SomosFeyAlegria en Paraguay\" \/>\n<meta property=\"article:modified_time\" content=\"2023-02-07T20:55:09+00:00\" \/>\n<meta name=\"twitter:card\" content=\"summary_large_image\" \/>\n<meta name=\"twitter:label1\" content=\"Tiempo de lectura\" \/>\n\t<meta name=\"twitter:data1\" content=\"4 minutos\" \/>\n<script type=\"application\/ld+json\" class=\"yoast-schema-graph\">{\"@context\":\"https:\/\/schema.org\",\"@graph\":[{\"@type\":\"WebPage\",\"@id\":\"https:\/\/www.feyalegria.org\/paraguay\/escuela-y-colegio-nuestra-senora-de-lourdes-de-fe-y-alegria\/\",\"url\":\"https:\/\/www.feyalegria.org\/paraguay\/escuela-y-colegio-nuestra-senora-de-lourdes-de-fe-y-alegria\/\",\"name\":\"Escuela y Colegio Nuestra Se\u00f1ora de Lourdes de Fe y Alegr\u00eda - #SomosFeyAlegria en Paraguay\",\"isPartOf\":{\"@id\":\"https:\/\/www.feyalegria.org\/paraguay\/#website\"},\"datePublished\":\"2022-10-28T19:35:15+00:00\",\"dateModified\":\"2023-02-07T20:55:09+00:00\",\"breadcrumb\":{\"@id\":\"https:\/\/www.feyalegria.org\/paraguay\/escuela-y-colegio-nuestra-senora-de-lourdes-de-fe-y-alegria\/#breadcrumb\"},\"inLanguage\":\"es\",\"potentialAction\":[{\"@type\":\"ReadAction\",\"target\":[\"https:\/\/www.feyalegria.org\/paraguay\/escuela-y-colegio-nuestra-senora-de-lourdes-de-fe-y-alegria\/\"]}]},{\"@type\":\"BreadcrumbList\",\"@id\":\"https:\/\/www.feyalegria.org\/paraguay\/escuela-y-colegio-nuestra-senora-de-lourdes-de-fe-y-alegria\/#breadcrumb\",\"itemListElement\":[{\"@type\":\"ListItem\",\"position\":1,\"name\":\"Home\",\"item\":\"https:\/\/www.feyalegria.org\/paraguay\/\"},{\"@type\":\"ListItem\",\"position\":2,\"name\":\"Escuela y Colegio Nuestra Se\u00f1ora de Lourdes de Fe y Alegr\u00eda\"}]},{\"@type\":\"WebSite\",\"@id\":\"https:\/\/www.feyalegria.org\/paraguay\/#website\",\"url\":\"https:\/\/www.feyalegria.org\/paraguay\/\",\"name\":\"#SomosFeyAlegria en Paraguay\",\"description\":\"Movimiento de Educaci\u00f3n Popular y Promoci\u00f3n Social\",\"potentialAction\":[{\"@type\":\"SearchAction\",\"target\":{\"@type\":\"EntryPoint\",\"urlTemplate\":\"https:\/\/www.feyalegria.org\/paraguay\/?s={search_term_string}\"},\"query-input\":{\"@type\":\"PropertyValueSpecification\",\"valueRequired\":true,\"valueName\":\"search_term_string\"}}],\"inLanguage\":\"es\"}]}<\/script>\n<!-- \/ Yoast SEO plugin. -->","yoast_head_json":{"title":"Escuela y Colegio Nuestra Se\u00f1ora de Lourdes de Fe y Alegr\u00eda - #SomosFeyAlegria en Paraguay","robots":{"index":"index","follow":"follow","max-snippet":"max-snippet:-1","max-image-preview":"max-image-preview:large","max-video-preview":"max-video-preview:-1"},"canonical":"https:\/\/www.feyalegria.org\/paraguay\/escuela-y-colegio-nuestra-senora-de-lourdes-de-fe-y-alegria\/","og_locale":"es_ES","og_type":"article","og_title":"Escuela y Colegio Nuestra Se\u00f1ora de Lourdes de Fe y Alegr\u00eda - #SomosFeyAlegria en Paraguay","og_description":"[vc_row][vc_column][vc_column_text] Escuela y Colegio Nuestra Se\u00f1ora de Lourdes de Fe y Alegr\u00eda [\/vc_column_text][\/vc_column][\/vc_row][vc_row][vc_column width=\u00bb5\/6&#8243;][\/vc_column][vc_column width=\u00bb1\/6&#8243;][\/vc_column][\/vc_row][vc_row][vc_column width=\u00bb2\/3&#8243;][vc_column_text]La Escuela B\u00e1sica N\u00ba 7545 \u201cNuestra Se\u00f1ora de Lourdes de Fe y Alegr\u00eda\u201d es una Instituci\u00f3n Educativa ubicada en el \u00c1rea 2 Humait\u00e1 y Paso Cadena, Ciudad del Este. Abri\u00f3 sus puertas a ni\u00f1os y j\u00f3venes de esta comunidad en","og_url":"https:\/\/www.feyalegria.org\/paraguay\/escuela-y-colegio-nuestra-senora-de-lourdes-de-fe-y-alegria\/","og_site_name":"#SomosFeyAlegria en Paraguay","article_modified_time":"2023-02-07T20:55:09+00:00","twitter_card":"summary_large_image","twitter_misc":{"Tiempo de lectura":"4 minutos"},"schema":{"@context":"https:\/\/schema.org","@graph":[{"@type":"WebPage","@id":"https:\/\/www.feyalegria.org\/paraguay\/escuela-y-colegio-nuestra-senora-de-lourdes-de-fe-y-alegria\/","url":"https:\/\/www.feyalegria.org\/paraguay\/escuela-y-colegio-nuestra-senora-de-lourdes-de-fe-y-alegria\/","name":"Escuela y Colegio Nuestra Se\u00f1ora de Lourdes de Fe y Alegr\u00eda - #SomosFeyAlegria en Paraguay","isPartOf":{"@id":"https:\/\/www.feyalegria.org\/paraguay\/#website"},"datePublished":"2022-10-28T19:35:15+00:00","dateModified":"2023-02-07T20:55:09+00:00","breadcrumb":{"@id":"https:\/\/www.feyalegria.org\/paraguay\/escuela-y-colegio-nuestra-senora-de-lourdes-de-fe-y-alegria\/#breadcrumb"},"inLanguage":"es","potentialAction":[{"@type":"ReadAction","target":["https:\/\/www.feyalegria.org\/paraguay\/escuela-y-colegio-nuestra-senora-de-lourdes-de-fe-y-alegria\/"]}]},{"@type":"BreadcrumbList","@id":"https:\/\/www.feyalegria.org\/paraguay\/escuela-y-colegio-nuestra-senora-de-lourdes-de-fe-y-alegria\/#breadcrumb","itemListElement":[{"@type":"ListItem","position":1,"name":"Home","item":"https:\/\/www.feyalegria.org\/paraguay\/"},{"@type":"ListItem","position":2,"name":"Escuela y Colegio Nuestra Se\u00f1ora de Lourdes de Fe y Alegr\u00eda"}]},{"@type":"WebSite","@id":"https:\/\/www.feyalegria.org\/paraguay\/#website","url":"https:\/\/www.feyalegria.org\/paraguay\/","name":"#SomosFeyAlegria en Paraguay","description":"Movimiento de Educaci\u00f3n Popular y Promoci\u00f3n Social","potentialAction":[{"@type":"SearchAction","target":{"@type":"EntryPoint","urlTemplate":"https:\/\/www.feyalegria.org\/paraguay\/?s={search_term_string}"},"query-input":{"@type":"PropertyValueSpecification","valueRequired":true,"valueName":"search_term_string"}}],"inLanguage":"es"}]}},"_links":{"self":[{"href":"https:\/\/www.feyalegria.org\/paraguay\/wp-json\/wp\/v2\/pages\/2568","targetHints":{"allow":["GET"]}}],"collection":[{"href":"https:\/\/www.feyalegria.org\/paraguay\/wp-json\/wp\/v2\/pages"}],"about":[{"href":"https:\/\/www.feyalegria.org\/paraguay\/wp-json\/wp\/v2\/types\/page"}],"author":[{"embeddable":true,"href":"https:\/\/www.feyalegria.org\/paraguay\/wp-json\/wp\/v2\/users\/2"}],"replies":[{"embeddable":true,"href":"https:\/\/www.feyalegria.org\/paraguay\/wp-json\/wp\/v2\/comments?post=2568"}],"version-history":[{"count":0,"href":"https:\/\/www.feyalegria.org\/paraguay\/wp-json\/wp\/v2\/pages\/2568\/revisions"}],"wp:attachment":[{"href":"https:\/\/www.feyalegria.org\/paraguay\/wp-json\/wp\/v2\/media?parent=2568"}],"wp:term":[{"taxonomy":"folder","embeddable":true,"href":"https:\/\/www.feyalegria.org\/paraguay\/wp-json\/wp\/v2\/folder?post=2568"}],"curies":[{"name":"wp","href":"https:\/\/api.w.org\/{rel}","templated":true}]}}