 {"id":2585,"date":"2022-10-28T15:17:10","date_gmt":"2022-10-28T20:17:10","guid":{"rendered":"https:\/\/www.feyalegria.org\/paraguay\/?page_id=2585"},"modified":"2023-03-14T12:15:48","modified_gmt":"2023-03-14T17:15:48","slug":"escuela-y-colegio-san-cayetano-de-fe-y-alegria","status":"publish","type":"page","link":"https:\/\/www.feyalegria.org\/paraguay\/escuela-y-colegio-san-cayetano-de-fe-y-alegria\/","title":{"rendered":"Escuela y Colegio San Cayetano de Fe y Alegr\u00eda"},"content":{"rendered":"<div class=\"wpb-content-wrapper\"><p>[vc_row][vc_column width=\u00bb5\/6&#8243;]<div style=\"background-color:;height: 50px\" class=\"nicdark_section  \"><\/div>[\/vc_column][vc_column width=\u00bb1\/6&#8243;]<a href=\"https:\/\/www.feyalegria.org\/paraguay\/centros-educativos\/\" title=\"Centros educativos\"  data-id=\"mpc_button-6569d03c10e6ebc\" class=\"mpc-button mpc-init mpc-transition mpc-typography--default \" ><div class=\"mpc-button__content mpc-effect-type--stay mpc-effect-side--left\"><i class=\"mpc-button__icon mpc-transition  mi mi-pin_drop\"><\/i><span class=\"mpc-button__title mpc-transition\">Volver al mapa<\/span><\/div><div class=\"mpc-button__background mpc-transition mpc-effect-type--fade mpc-effect-side--in\"><\/div><\/a>[\/vc_column][\/vc_row][vc_row][vc_column width=\u00bb2\/3&#8243;][vc_column_text]La escuela B\u00e1sica N\u00b0 1538 y colegio Priv. Sub. San Cayetano de Fe y Alegr\u00eda ubicada en el barrio con el mismo nombre de la comunidad, en el Ba\u00f1ado Sur, Asunci\u00f3n.<br \/>\nFuncion\u00f3 desde 1976 como una escuela parroquial que, desde el a\u00f1o 1992, pasa a formar parte de Fe y Alegr\u00eda.<br \/>\nCuenta con una poblaci\u00f3n con diferentes niveles socio-econ\u00f3mico, que re\u00fane a personas provenientes de diferentes localidades.<br \/>\nEl n\u00famero de integrantes de cada familia es bastante elevada, la comunidad fue creciendo tanto en el nivel econ\u00f3mico como formativo. Tal es as\u00ed que podemos decir que cuenta ya con personas id\u00f3neas para cada oficio o profesi\u00f3n. En una minor\u00eda se puede visualizar un grupo personas con escasos recursos cuyas necesidades son diversas: una buena alimentaci\u00f3n, la presencia de los padres para una\u00a0 mejor atenci\u00f3n y acompa\u00f1amiento de sus hijos\/as, atenci\u00f3n m\u00e9dica<br \/>\ny odontol\u00f3gica seguimientos de las necesidades especiales de aquellas que las necesitan entre otros.\u00a0 La mayor\u00eda de las familias se ocupan de actividades informales, temporales, los primeros sin poder obtener ingresos fijos para brindar una vida digna a los miembros de sus familias.<br \/>\nLa comunidad cuenta con un puesto de salud, donde acuden ni\u00f1os y ni\u00f1as para su atenci\u00f3n m\u00e9dica, Odontol\u00f3gica, desparasitaci\u00f3n, vacunaci\u00f3n entre otros, cae descartar que este puesto no abastece con la demanda de la comunidad.<\/p>\n<h5 style=\"text-align: left\"><strong><span style=\"color: #aa0f16\">Contactos<\/span><\/strong><\/h5>\n<p><strong>Directora<\/strong>: Judith Acevedo.<br \/>\n<strong>Tel\u00e9fono<\/strong>: +595 982 519158[\/vc_column_text][\/vc_column][vc_column width=\u00bb1\/3&#8243;][vc_gmaps link=\u00bb#E-8_JTNDaWZyYW1lJTIwc3JjJTNEJTIyaHR0cHMlM0ElMkYlMkZ3d3cuZ29vZ2xlLmNvbSUyRm1hcHMlMkZlbWJlZCUzRnBiJTNEJTIxMW0xOCUyMTFtMTIlMjExbTMlMjExZDQxMy4zOTgzOTI0OTA0OTgzNCUyMTJkLTU3LjY0ODM0OTg1MTMwMjE0JTIxM2QtMjUuMzIwNTY2MjMxNzEzODA1JTIxMm0zJTIxMWYwJTIxMmYwJTIxM2YwJTIxM20yJTIxMWkxMDI0JTIxMmk3NjglMjE0ZjEzLjElMjEzbTMlMjExbTIlMjExczB4OTQ1ZDA3ZjQ2NzViMDczMyUyNTNBMHg5NzhlYTZjYTU1NWI1M2QyJTIxMnNFc2N1ZWxhJTI1MjBTYW4lMjUyMENheWV0YW5vJTI1MjBEZSUyNTIwRmUlMjUyMFklMjUyMEFsZWdyaWElMjE1ZTAlMjEzbTIlMjExc2VzLTQxOSUyMTJzcHklMjE0djE2Nzg0NDgwNjI1OTclMjE1bTIlMjExc2VzLTQxOSUyMTJzcHklMjIlMjB3aWR0aCUzRCUyMjYwMCUyMiUyMGhlaWdodCUzRCUyMjQ1MCUyMiUyMGZyYW1lYm9yZGVyJTNEJTIyMCUyMiUyMHN0eWxlJTNEJTIyYm9yZGVyJTNBMCUzQiUyMiUyMGFsbG93ZnVsbHNjcmVlbiUzRCUyMiUyMiUyMGFyaWEtaGlkZGVuJTNEJTIyZmFsc2UlMjIlMjB0YWJpbmRleCUzRCUyMjAlMjIlM0UlM0MlMkZpZnJhbWUlM0U=\u00bb][\/vc_column][\/vc_row][vc_row][vc_column width=\u00bb1\/4&#8243;][vc_single_image image=\u00bb8524&#8243; img_size=\u00bbmedium\u00bb alignment=\u00bbcenter\u00bb onclick=\u00bbimg_link_large\u00bb][\/vc_column][vc_column width=\u00bb1\/4&#8243;][vc_single_image image=\u00bb8478&#8243; img_size=\u00bbmedium\u00bb alignment=\u00bbcenter\u00bb onclick=\u00bbimg_link_large\u00bb][\/vc_column][vc_column width=\u00bb1\/4&#8243;][vc_single_image image=\u00bb8568&#8243; img_size=\u00bbmedium\u00bb alignment=\u00bbcenter\u00bb onclick=\u00bbimg_link_large\u00bb][\/vc_column][vc_column width=\u00bb1\/4&#8243;][vc_single_image image=\u00bb8586&#8243; img_size=\u00bbmedium\u00bb alignment=\u00bbcenter\u00bb onclick=\u00bbimg_link_large\u00bb][\/vc_column][\/vc_row]<\/p>\n<\/div>","protected":false},"excerpt":{"rendered":"<p>[vc_row][vc_column width=\u00bb5\/6&#8243;][\/vc_column][vc_column width=\u00bb1\/6&#8243;][\/vc_column][\/vc_row][vc_row][vc_column width=\u00bb2\/3&#8243;][vc_column_text]La escuela B\u00e1sica N\u00b0 1538 y colegio Priv. Sub. San Cayetano de Fe y Alegr\u00eda ubicada en el barrio con el mismo nombre de la comunidad, en el Ba\u00f1ado Sur, Asunci\u00f3n. Funcion\u00f3 desde 1976 como una escuela parroquial que, desde el a\u00f1o 1992, pasa a formar parte de Fe y Alegr\u00eda. Cuenta<\/p>\n","protected":false},"author":2,"featured_media":0,"parent":0,"menu_order":0,"comment_status":"closed","ping_status":"closed","template":"","meta":{"_acf_changed":false,"footnotes":""},"folder":[],"class_list":["post-2585","page","type-page","status-publish","hentry"],"acf":[],"yoast_head":"<!-- This site is optimized with the Yoast SEO plugin v27.2 - https:\/\/yoast.com\/product\/yoast-seo-wordpress\/ -->\n<title>Escuela y Colegio San Cayetano de Fe y Alegr\u00eda - #SomosFeyAlegria en Paraguay<\/title>\n<meta name=\"robots\" content=\"index, follow, max-snippet:-1, max-image-preview:large, max-video-preview:-1\" \/>\n<link rel=\"canonical\" href=\"https:\/\/www.feyalegria.org\/paraguay\/escuela-y-colegio-san-cayetano-de-fe-y-alegria\/\" \/>\n<meta property=\"og:locale\" content=\"es_ES\" \/>\n<meta property=\"og:type\" content=\"article\" \/>\n<meta property=\"og:title\" content=\"Escuela y Colegio San Cayetano de Fe y Alegr\u00eda - #SomosFeyAlegria en Paraguay\" \/>\n<meta property=\"og:description\" content=\"[vc_row][vc_column width=\u00bb5\/6&#8243;][\/vc_column][vc_column width=\u00bb1\/6&#8243;][\/vc_column][\/vc_row][vc_row][vc_column width=\u00bb2\/3&#8243;][vc_column_text]La escuela B\u00e1sica N\u00b0 1538 y colegio Priv. Sub. San Cayetano de Fe y Alegr\u00eda ubicada en el barrio con el mismo nombre de la comunidad, en el Ba\u00f1ado Sur, Asunci\u00f3n. Funcion\u00f3 desde 1976 como una escuela parroquial que, desde el a\u00f1o 1992, pasa a formar parte de Fe y Alegr\u00eda. Cuenta\" \/>\n<meta property=\"og:url\" content=\"https:\/\/www.feyalegria.org\/paraguay\/escuela-y-colegio-san-cayetano-de-fe-y-alegria\/\" \/>\n<meta property=\"og:site_name\" content=\"#SomosFeyAlegria en Paraguay\" \/>\n<meta property=\"article:modified_time\" content=\"2023-03-14T17:15:48+00:00\" \/>\n<meta name=\"twitter:card\" content=\"summary_large_image\" \/>\n<meta name=\"twitter:label1\" content=\"Tiempo de lectura\" \/>\n\t<meta name=\"twitter:data1\" content=\"3 minutos\" \/>\n<script type=\"application\/ld+json\" class=\"yoast-schema-graph\">{\"@context\":\"https:\/\/schema.org\",\"@graph\":[{\"@type\":\"WebPage\",\"@id\":\"https:\/\/www.feyalegria.org\/paraguay\/escuela-y-colegio-san-cayetano-de-fe-y-alegria\/\",\"url\":\"https:\/\/www.feyalegria.org\/paraguay\/escuela-y-colegio-san-cayetano-de-fe-y-alegria\/\",\"name\":\"Escuela y Colegio San Cayetano de Fe y Alegr\u00eda - #SomosFeyAlegria en Paraguay\",\"isPartOf\":{\"@id\":\"https:\/\/www.feyalegria.org\/paraguay\/#website\"},\"datePublished\":\"2022-10-28T20:17:10+00:00\",\"dateModified\":\"2023-03-14T17:15:48+00:00\",\"breadcrumb\":{\"@id\":\"https:\/\/www.feyalegria.org\/paraguay\/escuela-y-colegio-san-cayetano-de-fe-y-alegria\/#breadcrumb\"},\"inLanguage\":\"es\",\"potentialAction\":[{\"@type\":\"ReadAction\",\"target\":[\"https:\/\/www.feyalegria.org\/paraguay\/escuela-y-colegio-san-cayetano-de-fe-y-alegria\/\"]}]},{\"@type\":\"BreadcrumbList\",\"@id\":\"https:\/\/www.feyalegria.org\/paraguay\/escuela-y-colegio-san-cayetano-de-fe-y-alegria\/#breadcrumb\",\"itemListElement\":[{\"@type\":\"ListItem\",\"position\":1,\"name\":\"Home\",\"item\":\"https:\/\/www.feyalegria.org\/paraguay\/\"},{\"@type\":\"ListItem\",\"position\":2,\"name\":\"Escuela y Colegio San Cayetano de Fe y Alegr\u00eda\"}]},{\"@type\":\"WebSite\",\"@id\":\"https:\/\/www.feyalegria.org\/paraguay\/#website\",\"url\":\"https:\/\/www.feyalegria.org\/paraguay\/\",\"name\":\"#SomosFeyAlegria en Paraguay\",\"description\":\"Movimiento de Educaci\u00f3n Popular y Promoci\u00f3n Social\",\"potentialAction\":[{\"@type\":\"SearchAction\",\"target\":{\"@type\":\"EntryPoint\",\"urlTemplate\":\"https:\/\/www.feyalegria.org\/paraguay\/?s={search_term_string}\"},\"query-input\":{\"@type\":\"PropertyValueSpecification\",\"valueRequired\":true,\"valueName\":\"search_term_string\"}}],\"inLanguage\":\"es\"}]}<\/script>\n<!-- \/ Yoast SEO plugin. -->","yoast_head_json":{"title":"Escuela y Colegio San Cayetano de Fe y Alegr\u00eda - #SomosFeyAlegria en Paraguay","robots":{"index":"index","follow":"follow","max-snippet":"max-snippet:-1","max-image-preview":"max-image-preview:large","max-video-preview":"max-video-preview:-1"},"canonical":"https:\/\/www.feyalegria.org\/paraguay\/escuela-y-colegio-san-cayetano-de-fe-y-alegria\/","og_locale":"es_ES","og_type":"article","og_title":"Escuela y Colegio San Cayetano de Fe y Alegr\u00eda - #SomosFeyAlegria en Paraguay","og_description":"[vc_row][vc_column width=\u00bb5\/6&#8243;][\/vc_column][vc_column width=\u00bb1\/6&#8243;][\/vc_column][\/vc_row][vc_row][vc_column width=\u00bb2\/3&#8243;][vc_column_text]La escuela B\u00e1sica N\u00b0 1538 y colegio Priv. Sub. San Cayetano de Fe y Alegr\u00eda ubicada en el barrio con el mismo nombre de la comunidad, en el Ba\u00f1ado Sur, Asunci\u00f3n. Funcion\u00f3 desde 1976 como una escuela parroquial que, desde el a\u00f1o 1992, pasa a formar parte de Fe y Alegr\u00eda. Cuenta","og_url":"https:\/\/www.feyalegria.org\/paraguay\/escuela-y-colegio-san-cayetano-de-fe-y-alegria\/","og_site_name":"#SomosFeyAlegria en Paraguay","article_modified_time":"2023-03-14T17:15:48+00:00","twitter_card":"summary_large_image","twitter_misc":{"Tiempo de lectura":"3 minutos"},"schema":{"@context":"https:\/\/schema.org","@graph":[{"@type":"WebPage","@id":"https:\/\/www.feyalegria.org\/paraguay\/escuela-y-colegio-san-cayetano-de-fe-y-alegria\/","url":"https:\/\/www.feyalegria.org\/paraguay\/escuela-y-colegio-san-cayetano-de-fe-y-alegria\/","name":"Escuela y Colegio San Cayetano de Fe y Alegr\u00eda - #SomosFeyAlegria en Paraguay","isPartOf":{"@id":"https:\/\/www.feyalegria.org\/paraguay\/#website"},"datePublished":"2022-10-28T20:17:10+00:00","dateModified":"2023-03-14T17:15:48+00:00","breadcrumb":{"@id":"https:\/\/www.feyalegria.org\/paraguay\/escuela-y-colegio-san-cayetano-de-fe-y-alegria\/#breadcrumb"},"inLanguage":"es","potentialAction":[{"@type":"ReadAction","target":["https:\/\/www.feyalegria.org\/paraguay\/escuela-y-colegio-san-cayetano-de-fe-y-alegria\/"]}]},{"@type":"BreadcrumbList","@id":"https:\/\/www.feyalegria.org\/paraguay\/escuela-y-colegio-san-cayetano-de-fe-y-alegria\/#breadcrumb","itemListElement":[{"@type":"ListItem","position":1,"name":"Home","item":"https:\/\/www.feyalegria.org\/paraguay\/"},{"@type":"ListItem","position":2,"name":"Escuela y Colegio San Cayetano de Fe y Alegr\u00eda"}]},{"@type":"WebSite","@id":"https:\/\/www.feyalegria.org\/paraguay\/#website","url":"https:\/\/www.feyalegria.org\/paraguay\/","name":"#SomosFeyAlegria en Paraguay","description":"Movimiento de Educaci\u00f3n Popular y Promoci\u00f3n Social","potentialAction":[{"@type":"SearchAction","target":{"@type":"EntryPoint","urlTemplate":"https:\/\/www.feyalegria.org\/paraguay\/?s={search_term_string}"},"query-input":{"@type":"PropertyValueSpecification","valueRequired":true,"valueName":"search_term_string"}}],"inLanguage":"es"}]}},"_links":{"self":[{"href":"https:\/\/www.feyalegria.org\/paraguay\/wp-json\/wp\/v2\/pages\/2585","targetHints":{"allow":["GET"]}}],"collection":[{"href":"https:\/\/www.feyalegria.org\/paraguay\/wp-json\/wp\/v2\/pages"}],"about":[{"href":"https:\/\/www.feyalegria.org\/paraguay\/wp-json\/wp\/v2\/types\/page"}],"author":[{"embeddable":true,"href":"https:\/\/www.feyalegria.org\/paraguay\/wp-json\/wp\/v2\/users\/2"}],"replies":[{"embeddable":true,"href":"https:\/\/www.feyalegria.org\/paraguay\/wp-json\/wp\/v2\/comments?post=2585"}],"version-history":[{"count":0,"href":"https:\/\/www.feyalegria.org\/paraguay\/wp-json\/wp\/v2\/pages\/2585\/revisions"}],"wp:attachment":[{"href":"https:\/\/www.feyalegria.org\/paraguay\/wp-json\/wp\/v2\/media?parent=2585"}],"wp:term":[{"taxonomy":"folder","embeddable":true,"href":"https:\/\/www.feyalegria.org\/paraguay\/wp-json\/wp\/v2\/folder?post=2585"}],"curies":[{"name":"wp","href":"https:\/\/api.w.org\/{rel}","templated":true}]}}