 {"id":2610,"date":"2022-10-29T10:43:08","date_gmt":"2022-10-29T15:43:08","guid":{"rendered":"https:\/\/www.feyalegria.org\/paraguay\/?page_id=2610"},"modified":"2023-02-07T17:47:19","modified_gmt":"2023-02-07T22:47:19","slug":"escuela-virgen-de-lujan-banado-sur-asuncion","status":"publish","type":"page","link":"https:\/\/www.feyalegria.org\/paraguay\/escuela-virgen-de-lujan-banado-sur-asuncion\/","title":{"rendered":"Escuela Virgen de Luj\u00e1n &#8211; Ba\u00f1ado Sur, Asunci\u00f3n"},"content":{"rendered":"<div class=\"wpb-content-wrapper\"><p>[vc_row][vc_column width=\u00bb5\/6&#8243;]<div style=\"background-color:;height: 50px\" class=\"nicdark_section  \"><\/div>[\/vc_column][vc_column width=\u00bb1\/6&#8243;]<a href=\"https:\/\/www.feyalegria.org\/paraguay\/centros-educativos\/\" title=\"Centros educativos\"  data-id=\"mpc_button-10069d6aa10ac06f\" class=\"mpc-button mpc-init mpc-transition mpc-typography--default \" ><div class=\"mpc-button__content mpc-effect-type--stay mpc-effect-side--left\"><i class=\"mpc-button__icon mpc-transition  mi mi-pin_drop\"><\/i><span class=\"mpc-button__title mpc-transition\">Volver al mapa<\/span><\/div><div class=\"mpc-button__background mpc-transition mpc-effect-type--fade mpc-effect-side--in\"><\/div><\/a>[\/vc_column][\/vc_row][vc_row][vc_column width=\u00bb2\/3&#8243;][vc_column_text]La Escuela B\u00e1sica:\u00a0 15069 Priv. Subv. \u201cVirgen de Luj\u00e1n de Fe y Alegr\u00eda \u201d denominada as\u00ed desde el a\u00f1o 1998, cuenta con rubros de profesores de aula de todos los grados del Inicial y E.E.B. 1\u00b0, 2\u00b0,3\u00ba ciclos.( Algunas \u00e1reas de tercer ciclo vacantes )<br \/>\nAsisten al local escolar 283 ni\u00f1os en los turnos ma\u00f1ana y tarde.<br \/>\nUbicada en el Ba\u00f1ado Sur a escasos metros del r\u00edo Paraguay, y del Vertedero Cateura, la actividad de los habitantes que en su mayor\u00eda se dedican al reciclaje en el vertedero o por las calles de Asunci\u00f3n, otra minor\u00eda\u00a0 a la pesca y a la estivaci\u00f3n de mercader\u00edas en las costas del r\u00edo, otros alba\u00f1iles, jornaleros ,empleados municipales ,agentes de salud ,etc.<br \/>\nA lo largo de nuestra historia hemos afrontado tres inundaciones que nos han obligado a dejar nuestro local escolar e instalarnos en el predio de la Parroquia San Pedro San Pablo, lo cual nos ha dado suficiente experiencia para poder afrontar distintas situaciones con mucha creatividad, desde el 2020 con la pandemia adoptamos la modalidad de clases radiales ,cuyas planificaciones y grabaciones lo realizan los docentes de los distintos centros escolares de Fe y Alegr\u00eda, actualmente las clases son presenciales.<br \/>\nDesde junio el 2022 habilitamos el Pre jard\u00edn con rubro del M.E.C, posibilitando as\u00ed el ingreso de los ni\u00f1os con 3 a\u00f1os a nuestra familia escolar, cuya maestra es de la comunidad y una ex alumna del Colegio San Cayetano de Fe y Alegr\u00eda.<br \/>\nLos planes y proyectos del Nivel Inicial lo realizamos de manera zonal asegurando as\u00ed un mismo caminar entre las 5 instituciones conformadas del Ba\u00f1ado Sur.<br \/>\nRealizamos Charlas, talleres de Convivencia Pac\u00edfica, visitas semanales a la capilla, actividades solidarias, se pone \u00e9nfasis al desarrollo del arte , la danza , actividades \u00a0deportivas , Partidos con alumnos de 2do ciclo , a fin de disminuir la violencia reinante entre los alumnos.<br \/>\nRealizamos trabajos dominicales mensuales con las familias, tiempo que utilizamos para el encuentro, el compartir de manera informal. Iniciamos los talleres de formaci\u00f3n de padres con buenos resultados.<\/p>\n<h5 style=\"text-align: left;\"><strong><span style=\"color: #aa0f16;\">Contactos<\/span><\/strong><\/h5>\n<p><strong>Directora<\/strong>: Prof. Liz Mabel Rivero<br \/>\n<strong>Tel\u00e9fono<\/strong>: +595985767731[\/vc_column_text][\/vc_column][vc_column width=\u00bb1\/3&#8243;][vc_gmaps link=\u00bb#E-8_JTNDaWZyYW1lJTIwc3JjJTNEJTIyaHR0cHMlM0ElMkYlMkZ3d3cuZ29vZ2xlLmNvbSUyRm1hcHMlMkZlbWJlZCUzRnBiJTNEJTIxMW0xNCUyMTFtOCUyMTFtMyUyMTFkNTEzLjg0OTE1MTc1MDAzMzYlMjEyZC01Ny42NTM4Njc5JTIxM2QtMjUuMzIxOTkwOSUyMTNtMiUyMTFpMTAyNCUyMTJpNzY4JTIxNGYxMy4xJTIxM20zJTIxMW0yJTIxMXMweDAlMjUzQTB4NWVkOGU2ODJhMTc5ZmM4MSUyMTJzRXNjdWVsYSUyNTIwQiUyNUMzJTI1QTFzaWNhJTI1MjBOJTI1QzIlMjVCMCUyNTIwMTUwNjklMjUyMFZpcmdlbiUyNTIwZGUlMjUyMEx1aiUyNUMzJTI1QTFuJTI1MjBkZSUyNTIwRmUlMjUyMHklMjUyMEFsZWdyJTI1QzMlMjVBRGElMjE1ZTElMjEzbTIlMjExc2VzJTIxMnNweSUyMTR2MTY2NzA1NzY1MTAwNyUyMTVtMiUyMTFzZXMlMjEyc3B5JTIyJTIwd2lkdGglM0QlMjI2MDAlMjIlMjBoZWlnaHQlM0QlMjI0NTAlMjIlMjBmcmFtZWJvcmRlciUzRCUyMjAlMjIlMjBzdHlsZSUzRCUyMmJvcmRlciUzQTAlM0IlMjIlMjBhbGxvd2Z1bGxzY3JlZW4lM0QlMjIlMjIlMjBhcmlhLWhpZGRlbiUzRCUyMmZhbHNlJTIyJTIwdGFiaW5kZXglM0QlMjIwJTIyJTNFJTNDJTJGaWZyYW1lJTNF\u00bb][\/vc_column][\/vc_row][vc_row][vc_column width=\u00bb1\/5&#8243;][vc_single_image image=\u00bb8891&#8243; img_size=\u00bbmedium\u00bb alignment=\u00bbcenter\u00bb onclick=\u00bbimg_link_large\u00bb][\/vc_column][vc_column width=\u00bb1\/5&#8243;][vc_single_image image=\u00bb8892&#8243; img_size=\u00bbmedium\u00bb alignment=\u00bbcenter\u00bb onclick=\u00bbimg_link_large\u00bb][\/vc_column][vc_column width=\u00bb1\/5&#8243;][vc_single_image image=\u00bb8895&#8243; img_size=\u00bbmedium\u00bb alignment=\u00bbcenter\u00bb onclick=\u00bbimg_link_large\u00bb][\/vc_column][vc_column width=\u00bb1\/5&#8243;][vc_single_image image=\u00bb8893&#8243; img_size=\u00bbmedium\u00bb alignment=\u00bbcenter\u00bb onclick=\u00bbimg_link_large\u00bb][\/vc_column][vc_column width=\u00bb1\/5&#8243;][vc_single_image image=\u00bb8894&#8243; img_size=\u00bbmedium\u00bb alignment=\u00bbcenter\u00bb onclick=\u00bbimg_link_large\u00bb][\/vc_column][\/vc_row]<\/p>\n<\/div>","protected":false},"excerpt":{"rendered":"<p>[vc_row][vc_column width=\u00bb5\/6&#8243;][\/vc_column][vc_column width=\u00bb1\/6&#8243;][\/vc_column][\/vc_row][vc_row][vc_column width=\u00bb2\/3&#8243;][vc_column_text]La Escuela B\u00e1sica:\u00a0 15069 Priv. Subv. \u201cVirgen de Luj\u00e1n de Fe y Alegr\u00eda \u201d denominada as\u00ed desde el a\u00f1o 1998, cuenta con rubros de profesores de aula de todos los grados del Inicial y E.E.B. 1\u00b0, 2\u00b0,3\u00ba ciclos.( Algunas \u00e1reas de tercer ciclo vacantes ) Asisten al local escolar 283 ni\u00f1os en<\/p>\n","protected":false},"author":2,"featured_media":0,"parent":0,"menu_order":0,"comment_status":"closed","ping_status":"closed","template":"","meta":{"_acf_changed":false,"footnotes":""},"folder":[],"class_list":["post-2610","page","type-page","status-publish","hentry"],"acf":[],"yoast_head":"<!-- This site is optimized with the Yoast SEO plugin v27.2 - https:\/\/yoast.com\/product\/yoast-seo-wordpress\/ -->\n<title>Escuela Virgen de Luj\u00e1n - Ba\u00f1ado Sur, Asunci\u00f3n - #SomosFeyAlegria en Paraguay<\/title>\n<meta name=\"robots\" content=\"index, follow, max-snippet:-1, max-image-preview:large, max-video-preview:-1\" \/>\n<link rel=\"canonical\" href=\"https:\/\/www.feyalegria.org\/paraguay\/escuela-virgen-de-lujan-banado-sur-asuncion\/\" \/>\n<meta property=\"og:locale\" content=\"es_ES\" \/>\n<meta property=\"og:type\" content=\"article\" \/>\n<meta property=\"og:title\" content=\"Escuela Virgen de Luj\u00e1n - Ba\u00f1ado Sur, Asunci\u00f3n - #SomosFeyAlegria en Paraguay\" \/>\n<meta property=\"og:description\" content=\"[vc_row][vc_column width=\u00bb5\/6&#8243;][\/vc_column][vc_column width=\u00bb1\/6&#8243;][\/vc_column][\/vc_row][vc_row][vc_column width=\u00bb2\/3&#8243;][vc_column_text]La Escuela B\u00e1sica:\u00a0 15069 Priv. Subv. \u201cVirgen de Luj\u00e1n de Fe y Alegr\u00eda \u201d denominada as\u00ed desde el a\u00f1o 1998, cuenta con rubros de profesores de aula de todos los grados del Inicial y E.E.B. 1\u00b0, 2\u00b0,3\u00ba ciclos.( Algunas \u00e1reas de tercer ciclo vacantes ) Asisten al local escolar 283 ni\u00f1os en\" \/>\n<meta property=\"og:url\" content=\"https:\/\/www.feyalegria.org\/paraguay\/escuela-virgen-de-lujan-banado-sur-asuncion\/\" \/>\n<meta property=\"og:site_name\" content=\"#SomosFeyAlegria en Paraguay\" \/>\n<meta property=\"article:modified_time\" content=\"2023-02-07T22:47:19+00:00\" \/>\n<meta name=\"twitter:card\" content=\"summary_large_image\" \/>\n<meta name=\"twitter:label1\" content=\"Tiempo de lectura\" \/>\n\t<meta name=\"twitter:data1\" content=\"3 minutos\" \/>\n<script type=\"application\/ld+json\" class=\"yoast-schema-graph\">{\"@context\":\"https:\/\/schema.org\",\"@graph\":[{\"@type\":\"WebPage\",\"@id\":\"https:\/\/www.feyalegria.org\/paraguay\/escuela-virgen-de-lujan-banado-sur-asuncion\/\",\"url\":\"https:\/\/www.feyalegria.org\/paraguay\/escuela-virgen-de-lujan-banado-sur-asuncion\/\",\"name\":\"Escuela Virgen de Luj\u00e1n - Ba\u00f1ado Sur, Asunci\u00f3n - #SomosFeyAlegria en Paraguay\",\"isPartOf\":{\"@id\":\"https:\/\/www.feyalegria.org\/paraguay\/#website\"},\"datePublished\":\"2022-10-29T15:43:08+00:00\",\"dateModified\":\"2023-02-07T22:47:19+00:00\",\"breadcrumb\":{\"@id\":\"https:\/\/www.feyalegria.org\/paraguay\/escuela-virgen-de-lujan-banado-sur-asuncion\/#breadcrumb\"},\"inLanguage\":\"es\",\"potentialAction\":[{\"@type\":\"ReadAction\",\"target\":[\"https:\/\/www.feyalegria.org\/paraguay\/escuela-virgen-de-lujan-banado-sur-asuncion\/\"]}]},{\"@type\":\"BreadcrumbList\",\"@id\":\"https:\/\/www.feyalegria.org\/paraguay\/escuela-virgen-de-lujan-banado-sur-asuncion\/#breadcrumb\",\"itemListElement\":[{\"@type\":\"ListItem\",\"position\":1,\"name\":\"Home\",\"item\":\"https:\/\/www.feyalegria.org\/paraguay\/\"},{\"@type\":\"ListItem\",\"position\":2,\"name\":\"Escuela Virgen de Luj\u00e1n &#8211; Ba\u00f1ado Sur, Asunci\u00f3n\"}]},{\"@type\":\"WebSite\",\"@id\":\"https:\/\/www.feyalegria.org\/paraguay\/#website\",\"url\":\"https:\/\/www.feyalegria.org\/paraguay\/\",\"name\":\"#SomosFeyAlegria en Paraguay\",\"description\":\"Movimiento de Educaci\u00f3n Popular y Promoci\u00f3n Social\",\"potentialAction\":[{\"@type\":\"SearchAction\",\"target\":{\"@type\":\"EntryPoint\",\"urlTemplate\":\"https:\/\/www.feyalegria.org\/paraguay\/?s={search_term_string}\"},\"query-input\":{\"@type\":\"PropertyValueSpecification\",\"valueRequired\":true,\"valueName\":\"search_term_string\"}}],\"inLanguage\":\"es\"}]}<\/script>\n<!-- \/ Yoast SEO plugin. -->","yoast_head_json":{"title":"Escuela Virgen de Luj\u00e1n - Ba\u00f1ado Sur, Asunci\u00f3n - #SomosFeyAlegria en Paraguay","robots":{"index":"index","follow":"follow","max-snippet":"max-snippet:-1","max-image-preview":"max-image-preview:large","max-video-preview":"max-video-preview:-1"},"canonical":"https:\/\/www.feyalegria.org\/paraguay\/escuela-virgen-de-lujan-banado-sur-asuncion\/","og_locale":"es_ES","og_type":"article","og_title":"Escuela Virgen de Luj\u00e1n - Ba\u00f1ado Sur, Asunci\u00f3n - #SomosFeyAlegria en Paraguay","og_description":"[vc_row][vc_column width=\u00bb5\/6&#8243;][\/vc_column][vc_column width=\u00bb1\/6&#8243;][\/vc_column][\/vc_row][vc_row][vc_column width=\u00bb2\/3&#8243;][vc_column_text]La Escuela B\u00e1sica:\u00a0 15069 Priv. Subv. \u201cVirgen de Luj\u00e1n de Fe y Alegr\u00eda \u201d denominada as\u00ed desde el a\u00f1o 1998, cuenta con rubros de profesores de aula de todos los grados del Inicial y E.E.B. 1\u00b0, 2\u00b0,3\u00ba ciclos.( Algunas \u00e1reas de tercer ciclo vacantes ) Asisten al local escolar 283 ni\u00f1os en","og_url":"https:\/\/www.feyalegria.org\/paraguay\/escuela-virgen-de-lujan-banado-sur-asuncion\/","og_site_name":"#SomosFeyAlegria en Paraguay","article_modified_time":"2023-02-07T22:47:19+00:00","twitter_card":"summary_large_image","twitter_misc":{"Tiempo de lectura":"3 minutos"},"schema":{"@context":"https:\/\/schema.org","@graph":[{"@type":"WebPage","@id":"https:\/\/www.feyalegria.org\/paraguay\/escuela-virgen-de-lujan-banado-sur-asuncion\/","url":"https:\/\/www.feyalegria.org\/paraguay\/escuela-virgen-de-lujan-banado-sur-asuncion\/","name":"Escuela Virgen de Luj\u00e1n - Ba\u00f1ado Sur, Asunci\u00f3n - #SomosFeyAlegria en Paraguay","isPartOf":{"@id":"https:\/\/www.feyalegria.org\/paraguay\/#website"},"datePublished":"2022-10-29T15:43:08+00:00","dateModified":"2023-02-07T22:47:19+00:00","breadcrumb":{"@id":"https:\/\/www.feyalegria.org\/paraguay\/escuela-virgen-de-lujan-banado-sur-asuncion\/#breadcrumb"},"inLanguage":"es","potentialAction":[{"@type":"ReadAction","target":["https:\/\/www.feyalegria.org\/paraguay\/escuela-virgen-de-lujan-banado-sur-asuncion\/"]}]},{"@type":"BreadcrumbList","@id":"https:\/\/www.feyalegria.org\/paraguay\/escuela-virgen-de-lujan-banado-sur-asuncion\/#breadcrumb","itemListElement":[{"@type":"ListItem","position":1,"name":"Home","item":"https:\/\/www.feyalegria.org\/paraguay\/"},{"@type":"ListItem","position":2,"name":"Escuela Virgen de Luj\u00e1n &#8211; Ba\u00f1ado Sur, Asunci\u00f3n"}]},{"@type":"WebSite","@id":"https:\/\/www.feyalegria.org\/paraguay\/#website","url":"https:\/\/www.feyalegria.org\/paraguay\/","name":"#SomosFeyAlegria en Paraguay","description":"Movimiento de Educaci\u00f3n Popular y Promoci\u00f3n Social","potentialAction":[{"@type":"SearchAction","target":{"@type":"EntryPoint","urlTemplate":"https:\/\/www.feyalegria.org\/paraguay\/?s={search_term_string}"},"query-input":{"@type":"PropertyValueSpecification","valueRequired":true,"valueName":"search_term_string"}}],"inLanguage":"es"}]}},"_links":{"self":[{"href":"https:\/\/www.feyalegria.org\/paraguay\/wp-json\/wp\/v2\/pages\/2610","targetHints":{"allow":["GET"]}}],"collection":[{"href":"https:\/\/www.feyalegria.org\/paraguay\/wp-json\/wp\/v2\/pages"}],"about":[{"href":"https:\/\/www.feyalegria.org\/paraguay\/wp-json\/wp\/v2\/types\/page"}],"author":[{"embeddable":true,"href":"https:\/\/www.feyalegria.org\/paraguay\/wp-json\/wp\/v2\/users\/2"}],"replies":[{"embeddable":true,"href":"https:\/\/www.feyalegria.org\/paraguay\/wp-json\/wp\/v2\/comments?post=2610"}],"version-history":[{"count":0,"href":"https:\/\/www.feyalegria.org\/paraguay\/wp-json\/wp\/v2\/pages\/2610\/revisions"}],"wp:attachment":[{"href":"https:\/\/www.feyalegria.org\/paraguay\/wp-json\/wp\/v2\/media?parent=2610"}],"wp:term":[{"taxonomy":"folder","embeddable":true,"href":"https:\/\/www.feyalegria.org\/paraguay\/wp-json\/wp\/v2\/folder?post=2610"}],"curies":[{"name":"wp","href":"https:\/\/api.w.org\/{rel}","templated":true}]}}