 {"id":2770,"date":"2022-11-01T07:06:17","date_gmt":"2022-11-01T12:06:17","guid":{"rendered":"https:\/\/www.feyalegria.org\/paraguay\/?page_id=2770"},"modified":"2026-04-06T11:21:16","modified_gmt":"2026-04-06T16:21:16","slug":"oficina-nacional","status":"publish","type":"page","link":"https:\/\/www.feyalegria.org\/paraguay\/oficina-nacional\/","title":{"rendered":"Equipo de Coordinaci\u00f3n"},"content":{"rendered":"<div class=\"wpb-content-wrapper\"><p>[vc_row][vc_column][vc_empty_space height=\u00bb50px\u00bb][\/vc_column][\/vc_row][vc_row][vc_column width=\u00bb1\/3&#8243;][vc_single_image image=\u00bb12248&#8243; alignment=\u00bbcenter\u00bb style=\u00bbvc_box_circle_2&#8243; css=\u00bb\u00bb][vc_column_text css=\u00bb.vc_custom_1775492355435{border-bottom-width: 0px !important;padding-top: -10px !important;}\u00bb]<\/p>\n<h4 style=\"text-align: center;\"><span style=\"color: #aa0f16;\"><strong>Directora General<\/strong><\/span><\/h4>\n<h4><\/h4>\n<h4 style=\"text-align: center;\"><span style=\"color: #3a3a3a;\"><strong>Dra. Nicolasa Ortiz Maldonado<\/strong><\/span><\/h4>\n<p>[\/vc_column_text][\/vc_column][vc_column width=\u00bb1\/3&#8243;][vc_single_image image=\u00bb12251&#8243; alignment=\u00bbcenter\u00bb style=\u00bbvc_box_circle_2&#8243; css=\u00bb\u00bb][vc_column_text css=\u00bb.vc_custom_1709744194096{border-bottom-width: 0px !important;padding-top: -10px !important;}\u00bb]<\/p>\n<h4 style=\"text-align: center;\"><span style=\"color: #aa0f16;\"><strong>Coordinador Sostenibilidad<\/strong><\/span><\/h4>\n<h4 style=\"text-align: center;\"><span style=\"color: #3a3a3a;\"><strong>Adri\u00e1n Dehnike Olmedo<\/strong><\/span><\/h4>\n<p>[\/vc_column_text][\/vc_column][vc_column width=\u00bb1\/3&#8243;][vc_single_image image=\u00bb8930&#8243; alignment=\u00bbcenter\u00bb style=\u00bbvc_box_circle_2&#8243;][vc_column_text css=\u00bb.vc_custom_1775492372661{border-bottom-width: 0px !important;padding-top: -10px !important;}\u00bb]<\/p>\n<h4 style=\"text-align: center;\"><span style=\"color: #aa0f16;\"><strong>Coordinadora Educaci\u00f3n y Promoci\u00f3n Social<\/strong><\/span><\/h4>\n<h4><\/h4>\n<h4 style=\"text-align: center;\"><span style=\"color: #3a3a3a;\"><strong>Noelia Rodr\u00edguez<\/strong><\/span><\/h4>\n<p>[\/vc_column_text][\/vc_column][\/vc_row][vc_row][vc_column width=\u00bb1\/2&#8243;][vc_single_image image=\u00bb12250&#8243; alignment=\u00bbcenter\u00bb style=\u00bbvc_box_circle_2&#8243; css=\u00bb\u00bb][vc_column_text css=\u00bb.vc_custom_1709745221241{border-bottom-width: 0px !important;padding-top: -10px !important;}\u00bb]<\/p>\n<h4 style=\"text-align: center;\"><span style=\"color: #aa0f16;\"><strong>Coordinador de Radio<\/strong><\/span><\/h4>\n<h4 style=\"text-align: center;\"><span style=\"color: #3a3a3a;\"><strong>Galo Bogar\u00edn<\/strong><\/span><\/h4>\n<p>[\/vc_column_text][\/vc_column][\/vc_row][vc_row][vc_column width=\u00bb1\/3&#8243;][\/vc_column][vc_column width=\u00bb1\/3&#8243;][\/vc_column][vc_column width=\u00bb1\/3&#8243;][\/vc_column][\/vc_row]<\/p>\n<\/div>","protected":false},"excerpt":{"rendered":"<p>[vc_row][vc_column][vc_empty_space height=\u00bb50px\u00bb][\/vc_column][\/vc_row][vc_row][vc_column width=\u00bb1\/3&#8243;][vc_single_image image=\u00bb12248&#8243; alignment=\u00bbcenter\u00bb style=\u00bbvc_box_circle_2&#8243; css=\u00bb\u00bb][vc_column_text css=\u00bb.vc_custom_1775492355435{border-bottom-width: 0px !important;padding-top: -10px !important;}\u00bb] Directora General Dra. Nicolasa Ortiz Maldonado [\/vc_column_text][\/vc_column][vc_column width=\u00bb1\/3&#8243;][vc_single_image image=\u00bb12251&#8243; alignment=\u00bbcenter\u00bb style=\u00bbvc_box_circle_2&#8243; css=\u00bb\u00bb][vc_column_text css=\u00bb.vc_custom_1709744194096{border-bottom-width: 0px !important;padding-top: -10px !important;}\u00bb] Coordinador Sostenibilidad Adri\u00e1n Dehnike Olmedo [\/vc_column_text][\/vc_column][vc_column width=\u00bb1\/3&#8243;][vc_single_image image=\u00bb8930&#8243; alignment=\u00bbcenter\u00bb style=\u00bbvc_box_circle_2&#8243;][vc_column_text css=\u00bb.vc_custom_1775492372661{border-bottom-width: 0px !important;padding-top: -10px !important;}\u00bb] Coordinadora Educaci\u00f3n y Promoci\u00f3n Social Noelia Rodr\u00edguez [\/vc_column_text][\/vc_column][\/vc_row][vc_row][vc_column width=\u00bb1\/2&#8243;][vc_single_image image=\u00bb12250&#8243; alignment=\u00bbcenter\u00bb<\/p>\n","protected":false},"author":2,"featured_media":0,"parent":0,"menu_order":0,"comment_status":"closed","ping_status":"closed","template":"","meta":{"_acf_changed":false,"footnotes":""},"folder":[],"class_list":["post-2770","page","type-page","status-publish","hentry"],"acf":[],"yoast_head":"<!-- This site is optimized with the Yoast SEO plugin v27.2 - https:\/\/yoast.com\/product\/yoast-seo-wordpress\/ -->\n<title>Equipo de Coordinaci\u00f3n - #SomosFeyAlegria en Paraguay<\/title>\n<meta name=\"robots\" content=\"index, follow, max-snippet:-1, max-image-preview:large, max-video-preview:-1\" \/>\n<link rel=\"canonical\" href=\"https:\/\/www.feyalegria.org\/paraguay\/oficina-nacional\/\" \/>\n<meta property=\"og:locale\" content=\"es_ES\" \/>\n<meta property=\"og:type\" content=\"article\" \/>\n<meta property=\"og:title\" content=\"Equipo de Coordinaci\u00f3n - #SomosFeyAlegria en Paraguay\" \/>\n<meta property=\"og:description\" content=\"[vc_row][vc_column][vc_empty_space height=\u00bb50px\u00bb][\/vc_column][\/vc_row][vc_row][vc_column width=\u00bb1\/3&#8243;][vc_single_image image=\u00bb12248&#8243; alignment=\u00bbcenter\u00bb style=\u00bbvc_box_circle_2&#8243; css=\u00bb\u00bb][vc_column_text css=\u00bb.vc_custom_1775492355435{border-bottom-width: 0px !important;padding-top: -10px !important;}\u00bb] Directora General Dra. Nicolasa Ortiz Maldonado [\/vc_column_text][\/vc_column][vc_column width=\u00bb1\/3&#8243;][vc_single_image image=\u00bb12251&#8243; alignment=\u00bbcenter\u00bb style=\u00bbvc_box_circle_2&#8243; css=\u00bb\u00bb][vc_column_text css=\u00bb.vc_custom_1709744194096{border-bottom-width: 0px !important;padding-top: -10px !important;}\u00bb] Coordinador Sostenibilidad Adri\u00e1n Dehnike Olmedo [\/vc_column_text][\/vc_column][vc_column width=\u00bb1\/3&#8243;][vc_single_image image=\u00bb8930&#8243; alignment=\u00bbcenter\u00bb style=\u00bbvc_box_circle_2&#8243;][vc_column_text css=\u00bb.vc_custom_1775492372661{border-bottom-width: 0px !important;padding-top: -10px !important;}\u00bb] Coordinadora Educaci\u00f3n y Promoci\u00f3n Social Noelia Rodr\u00edguez [\/vc_column_text][\/vc_column][\/vc_row][vc_row][vc_column width=\u00bb1\/2&#8243;][vc_single_image image=\u00bb12250&#8243; alignment=\u00bbcenter\u00bb\" \/>\n<meta property=\"og:url\" content=\"https:\/\/www.feyalegria.org\/paraguay\/oficina-nacional\/\" \/>\n<meta property=\"og:site_name\" content=\"#SomosFeyAlegria en Paraguay\" \/>\n<meta property=\"article:modified_time\" content=\"2026-04-06T16:21:16+00:00\" \/>\n<meta name=\"twitter:card\" content=\"summary_large_image\" \/>\n<meta name=\"twitter:label1\" content=\"Tiempo de lectura\" \/>\n\t<meta name=\"twitter:data1\" content=\"2 minutos\" \/>\n<script type=\"application\/ld+json\" class=\"yoast-schema-graph\">{\"@context\":\"https:\/\/schema.org\",\"@graph\":[{\"@type\":\"WebPage\",\"@id\":\"https:\/\/www.feyalegria.org\/paraguay\/oficina-nacional\/\",\"url\":\"https:\/\/www.feyalegria.org\/paraguay\/oficina-nacional\/\",\"name\":\"Equipo de Coordinaci\u00f3n - #SomosFeyAlegria en Paraguay\",\"isPartOf\":{\"@id\":\"https:\/\/www.feyalegria.org\/paraguay\/#website\"},\"datePublished\":\"2022-11-01T12:06:17+00:00\",\"dateModified\":\"2026-04-06T16:21:16+00:00\",\"breadcrumb\":{\"@id\":\"https:\/\/www.feyalegria.org\/paraguay\/oficina-nacional\/#breadcrumb\"},\"inLanguage\":\"es\",\"potentialAction\":[{\"@type\":\"ReadAction\",\"target\":[\"https:\/\/www.feyalegria.org\/paraguay\/oficina-nacional\/\"]}]},{\"@type\":\"BreadcrumbList\",\"@id\":\"https:\/\/www.feyalegria.org\/paraguay\/oficina-nacional\/#breadcrumb\",\"itemListElement\":[{\"@type\":\"ListItem\",\"position\":1,\"name\":\"Home\",\"item\":\"https:\/\/www.feyalegria.org\/paraguay\/\"},{\"@type\":\"ListItem\",\"position\":2,\"name\":\"Equipo de Coordinaci\u00f3n\"}]},{\"@type\":\"WebSite\",\"@id\":\"https:\/\/www.feyalegria.org\/paraguay\/#website\",\"url\":\"https:\/\/www.feyalegria.org\/paraguay\/\",\"name\":\"#SomosFeyAlegria en Paraguay\",\"description\":\"Movimiento de Educaci\u00f3n Popular y Promoci\u00f3n Social\",\"potentialAction\":[{\"@type\":\"SearchAction\",\"target\":{\"@type\":\"EntryPoint\",\"urlTemplate\":\"https:\/\/www.feyalegria.org\/paraguay\/?s={search_term_string}\"},\"query-input\":{\"@type\":\"PropertyValueSpecification\",\"valueRequired\":true,\"valueName\":\"search_term_string\"}}],\"inLanguage\":\"es\"}]}<\/script>\n<!-- \/ Yoast SEO plugin. -->","yoast_head_json":{"title":"Equipo de Coordinaci\u00f3n - #SomosFeyAlegria en Paraguay","robots":{"index":"index","follow":"follow","max-snippet":"max-snippet:-1","max-image-preview":"max-image-preview:large","max-video-preview":"max-video-preview:-1"},"canonical":"https:\/\/www.feyalegria.org\/paraguay\/oficina-nacional\/","og_locale":"es_ES","og_type":"article","og_title":"Equipo de Coordinaci\u00f3n - #SomosFeyAlegria en Paraguay","og_description":"[vc_row][vc_column][vc_empty_space height=\u00bb50px\u00bb][\/vc_column][\/vc_row][vc_row][vc_column width=\u00bb1\/3&#8243;][vc_single_image image=\u00bb12248&#8243; alignment=\u00bbcenter\u00bb style=\u00bbvc_box_circle_2&#8243; css=\u00bb\u00bb][vc_column_text css=\u00bb.vc_custom_1775492355435{border-bottom-width: 0px !important;padding-top: -10px !important;}\u00bb] Directora General Dra. Nicolasa Ortiz Maldonado [\/vc_column_text][\/vc_column][vc_column width=\u00bb1\/3&#8243;][vc_single_image image=\u00bb12251&#8243; alignment=\u00bbcenter\u00bb style=\u00bbvc_box_circle_2&#8243; css=\u00bb\u00bb][vc_column_text css=\u00bb.vc_custom_1709744194096{border-bottom-width: 0px !important;padding-top: -10px !important;}\u00bb] Coordinador Sostenibilidad Adri\u00e1n Dehnike Olmedo [\/vc_column_text][\/vc_column][vc_column width=\u00bb1\/3&#8243;][vc_single_image image=\u00bb8930&#8243; alignment=\u00bbcenter\u00bb style=\u00bbvc_box_circle_2&#8243;][vc_column_text css=\u00bb.vc_custom_1775492372661{border-bottom-width: 0px !important;padding-top: -10px !important;}\u00bb] Coordinadora Educaci\u00f3n y Promoci\u00f3n Social Noelia Rodr\u00edguez [\/vc_column_text][\/vc_column][\/vc_row][vc_row][vc_column width=\u00bb1\/2&#8243;][vc_single_image image=\u00bb12250&#8243; alignment=\u00bbcenter\u00bb","og_url":"https:\/\/www.feyalegria.org\/paraguay\/oficina-nacional\/","og_site_name":"#SomosFeyAlegria en Paraguay","article_modified_time":"2026-04-06T16:21:16+00:00","twitter_card":"summary_large_image","twitter_misc":{"Tiempo de lectura":"2 minutos"},"schema":{"@context":"https:\/\/schema.org","@graph":[{"@type":"WebPage","@id":"https:\/\/www.feyalegria.org\/paraguay\/oficina-nacional\/","url":"https:\/\/www.feyalegria.org\/paraguay\/oficina-nacional\/","name":"Equipo de Coordinaci\u00f3n - #SomosFeyAlegria en Paraguay","isPartOf":{"@id":"https:\/\/www.feyalegria.org\/paraguay\/#website"},"datePublished":"2022-11-01T12:06:17+00:00","dateModified":"2026-04-06T16:21:16+00:00","breadcrumb":{"@id":"https:\/\/www.feyalegria.org\/paraguay\/oficina-nacional\/#breadcrumb"},"inLanguage":"es","potentialAction":[{"@type":"ReadAction","target":["https:\/\/www.feyalegria.org\/paraguay\/oficina-nacional\/"]}]},{"@type":"BreadcrumbList","@id":"https:\/\/www.feyalegria.org\/paraguay\/oficina-nacional\/#breadcrumb","itemListElement":[{"@type":"ListItem","position":1,"name":"Home","item":"https:\/\/www.feyalegria.org\/paraguay\/"},{"@type":"ListItem","position":2,"name":"Equipo de Coordinaci\u00f3n"}]},{"@type":"WebSite","@id":"https:\/\/www.feyalegria.org\/paraguay\/#website","url":"https:\/\/www.feyalegria.org\/paraguay\/","name":"#SomosFeyAlegria en Paraguay","description":"Movimiento de Educaci\u00f3n Popular y Promoci\u00f3n Social","potentialAction":[{"@type":"SearchAction","target":{"@type":"EntryPoint","urlTemplate":"https:\/\/www.feyalegria.org\/paraguay\/?s={search_term_string}"},"query-input":{"@type":"PropertyValueSpecification","valueRequired":true,"valueName":"search_term_string"}}],"inLanguage":"es"}]}},"_links":{"self":[{"href":"https:\/\/www.feyalegria.org\/paraguay\/wp-json\/wp\/v2\/pages\/2770","targetHints":{"allow":["GET"]}}],"collection":[{"href":"https:\/\/www.feyalegria.org\/paraguay\/wp-json\/wp\/v2\/pages"}],"about":[{"href":"https:\/\/www.feyalegria.org\/paraguay\/wp-json\/wp\/v2\/types\/page"}],"author":[{"embeddable":true,"href":"https:\/\/www.feyalegria.org\/paraguay\/wp-json\/wp\/v2\/users\/2"}],"replies":[{"embeddable":true,"href":"https:\/\/www.feyalegria.org\/paraguay\/wp-json\/wp\/v2\/comments?post=2770"}],"version-history":[{"count":2,"href":"https:\/\/www.feyalegria.org\/paraguay\/wp-json\/wp\/v2\/pages\/2770\/revisions"}],"predecessor-version":[{"id":12252,"href":"https:\/\/www.feyalegria.org\/paraguay\/wp-json\/wp\/v2\/pages\/2770\/revisions\/12252"}],"wp:attachment":[{"href":"https:\/\/www.feyalegria.org\/paraguay\/wp-json\/wp\/v2\/media?parent=2770"}],"wp:term":[{"taxonomy":"folder","embeddable":true,"href":"https:\/\/www.feyalegria.org\/paraguay\/wp-json\/wp\/v2\/folder?post=2770"}],"curies":[{"name":"wp","href":"https:\/\/api.w.org\/{rel}","templated":true}]}}