 {"id":299,"date":"2020-06-30T15:50:24","date_gmt":"2020-06-30T20:50:24","guid":{"rendered":"https:\/\/www.feyalegria.org\/paraguay\/?page_id=299"},"modified":"2023-02-16T10:03:08","modified_gmt":"2023-02-16T15:03:08","slug":"nuestra-historia","status":"publish","type":"page","link":"https:\/\/www.feyalegria.org\/paraguay\/nuestra-historia\/","title":{"rendered":"Nuestra Historia"},"content":{"rendered":"<div class=\"wpb-content-wrapper\"><p>[vc_row][vc_column][vc_separator color=\u00bbcustom\u00bb style=\u00bbshadow\u00bb accent_color=\u00bb#cc0000&#8243;]<div style=\"background-color:;height: 30px\" class=\"nicdark_section  \"><\/div>[vc_column_text]<\/p>\n<h3 style=\"text-align: lefth;\"><span style=\"color: #aa0f16;\"><strong>Inicios de un gran sue\u00f1o<\/strong><\/span><\/h3>\n<p>[\/vc_column_text]<div style=\"background-color:;height: 30px\" class=\"nicdark_section  \"><\/div>[\/vc_column][\/vc_row][vc_row][vc_column width=\u00bb1\/3&#8243;][vc_single_image image=\u00bb9033&#8243; img_size=\u00bbfull\u00bb alignment=\u00bbright\u00bb][\/vc_column][vc_column width=\u00bb2\/3&#8243;][vc_column_text css=\u00bb.vc_custom_1666205354284{padding-right: 10px !important;padding-left: 10px !important;background-color: #ededed !important;border-radius: 10px !important;}\u00bb]<br \/>\n<span style=\"font-weight: 400;\">El sue\u00f1o de contar con Fe y Alegr\u00eda en Paraguay se gest\u00f3 en el a\u00f1o 1979. Pero, en ese entonces no estaban dadas las condiciones para su fundaci\u00f3n, por la dictadura. En 1989, al finalizar la misma, se dieron las posibilidades de realizar las gestiones para concretar el inicio de las instituciones educativas y con ellas un proceso educativo contextualizado.<\/span><br \/>\n<span style=\"font-weight: 400;\">En el a\u00f1o 1991, el P. Ram\u00f3n Juste (entonces provincial de los jesuitas) encarg\u00f3 al P. Jos\u00e9 Mar\u00eda Blanch la tarea de gestionar los inicios de Fe y Alegr\u00eda en nuestro pa\u00eds.<\/span><br \/>\n[\/vc_column_text][\/vc_column][\/vc_row][vc_row][vc_column]<div style=\"background-color:;height: 30px\" class=\"nicdark_section  \"><\/div>[vc_column_text]<\/p>\n<h3 style=\"text-align: left;\"><span style=\"color: #aa0f16;\"><strong>Construimos juntos<\/strong><\/span><\/h3>\n<p>[\/vc_column_text]<div style=\"background-color:;height: 30px\" class=\"nicdark_section  \"><\/div>[\/vc_column][\/vc_row][vc_row][vc_column width=\u00bb2\/3&#8243;][vc_column_text css=\u00bb.vc_custom_1666202883017{padding-right: 10px !important;padding-left: 10px !important;background-color: #ededed !important;border-radius: 10px !important;}\u00bb]<br \/>\n<span style=\"font-weight: 400;\">De esta manera en junio de dicho a\u00f1o surgi\u00f3 Fe y Alegr\u00eda como una propuesta educativa en coherencia con el Ideario internacional; para aquel evento, vino al pa\u00eds el P. Luis Gim\u00e9nez Lombar, SJ, quien junto con el P. Ram\u00f3n Juste, entonces provincial de la Compa\u00f1\u00eda de Jes\u00fas en Paraguay, y un grupo de personas apostaron por una propuesta educativa que enriquecer\u00eda el proceso de reflexi\u00f3n en el quehacer educativo.<\/span><br \/>\n<span style=\"font-weight: 400;\">En julio de 1991, fue nombrado el P. Jos\u00e9 Mar\u00eda Blanch SJ como primer Director Nacional de la instituci\u00f3n y se realizaron varias gestiones ministeriales para la aprobaci\u00f3n de la instituci\u00f3n y otras de car\u00e1cter organizativo.<\/span>[\/vc_column_text][\/vc_column][vc_column width=\u00bb1\/3&#8243;][vc_single_image image=\u00bb8695&#8243; img_size=\u00bbfull\u00bb alignment=\u00bbright\u00bb][\/vc_column][\/vc_row][vc_row][vc_column]<div style=\"background-color:;height: 30px\" class=\"nicdark_section  \"><\/div>[vc_column_text]<\/p>\n<h3 style=\"text-align: left;\"><span style=\"color: #aa0f16;\"><strong>Nos fortalecemos con mucha fe y alegr\u00eda<\/strong><\/span><\/h3>\n<p>[\/vc_column_text]<div style=\"background-color:;height: 30px\" class=\"nicdark_section  \"><\/div>[\/vc_column][\/vc_row][vc_row][vc_column width=\u00bb1\/3&#8243;][vc_single_image image=\u00bb8681&#8243; img_size=\u00bbfull\u00bb alignment=\u00bbright\u00bb][\/vc_column][vc_column width=\u00bb2\/3&#8243;][vc_column_text css=\u00bb.vc_custom_1666203070845{padding-right: 10px !important;padding-left: 10px !important;background-color: #ededed !important;border-radius: 10px !important;}\u00bb]<br \/>\n<span style=\"font-weight: 400;\">En diciembre del mismo a\u00f1o se constituy\u00f3 la primera Junta Directiva de Fe y Alegr\u00eda Paraguay, con la presidencia del Sr. Jos\u00e9 Bergues y la direcci\u00f3n del P. Jos\u00e9 Mar\u00eda Blanch, y unos meses m\u00e1s tarde se inicia la construcci\u00f3n de las primeras escuelas rurales y periurbanas, y la constituci\u00f3n de las primeras comunidades educativas del PREBIR.\u00a0<\/span><br \/>\n<span style=\"font-weight: 400;\">En 1992, se realizaron las gestiones y dise\u00f1o de los distintos programas educativos que ofrecer\u00eda Fe y Alegr\u00eda y el 19 febrero del mismo a\u00f1o el Ministerio de Educaci\u00f3n y Ciencias firm\u00f3 la resoluci\u00f3n N\u00b0 179, con la que acept\u00f3 y recibi\u00f3 a Fe y Alegr\u00eda con especial expectativa en el Paraguay.<\/span><br \/>\n<span style=\"font-weight: 400;\">Estos fueron los inicios de los treinta a\u00f1os de incansable labor educativa y socio-comunitarias en b\u00fasqueda de una vida digna de los sectores m\u00e1s excluidos de nuestra sociedad. <\/span>[\/vc_column_text][\/vc_column][\/vc_row][vc_row][vc_column]<div style=\"background-color:;height: 30px\" class=\"nicdark_section  \"><\/div>[vc_column_text]<\/p>\n<h3 style=\"text-align: left;\"><span style=\"color: #aa0f16;\"><strong>Comprometidos con la construcci\u00f3n de una sociedad m\u00e1s justa.<\/strong><\/span><\/h3>\n<p>[\/vc_column_text]<div style=\"background-color:;height: 30px\" class=\"nicdark_section  \"><\/div>[\/vc_column][\/vc_row][vc_row][vc_column width=\u00bb2\/3&#8243;][vc_column_text css=\u00bb.vc_custom_1666205899825{padding-right: 10px !important;padding-left: 10px !important;background-color: #ededed !important;border-radius: 10px !important;}\u00bb]<br \/>\n<span style=\"font-weight: 400;\">Desde aquella fecha de su inicio hasta el presente a\u00f1o se viene trabajando desde los centros educativos con estudiantes, docentes, familias y comunidad, dado que Fe y Alegr\u00eda es un Movimiento Internacional de Educaci\u00f3n Popular y de Promoci\u00f3n Social que impulsa con las comunidades procesos educativos contextualizados, integrales, inclusivos y de calidad, comprometi\u00e9ndose en la construcci\u00f3n de sistemas sociales justos y democr\u00e1ticos. As\u00ed como la promoci\u00f3n y cuidado de un medio ambiente ecol\u00f3gico, en todos los \u00e1mbitos.<\/span>[\/vc_column_text][\/vc_column][vc_column width=\u00bb1\/3&#8243;][vc_single_image image=\u00bb8682&#8243; img_size=\u00bbfull\u00bb alignment=\u00bbright\u00bb][\/vc_column][\/vc_row][vc_row][vc_column]<div style=\"background-color:;height: 30px\" class=\"nicdark_section  \"><\/div>[vc_column_text]<\/p>\n<h3 style=\"text-align: left;\"><span style=\"color: #aa0f16;\"><strong>30 a\u00f1os educando para transformar vidas<\/strong><\/span><\/h3>\n<p>[\/vc_column_text]<div style=\"background-color:;height: 30px\" class=\"nicdark_section  \"><\/div>[\/vc_column][\/vc_row][vc_row][vc_column width=\u00bb1\/3&#8243;][vc_single_image image=\u00bb8496&#8243; img_size=\u00bbfull\u00bb alignment=\u00bbright\u00bb][\/vc_column][vc_column width=\u00bb2\/3&#8243;][vc_column_text css=\u00bb.vc_custom_1666206079835{padding-right: 10px !important;padding-left: 10px !important;background-color: #ededed !important;border-radius: 10px !important;}\u00bb]<br \/>\n<span style=\"font-weight: 400;\">Fe y Alegr\u00eda Paraguay, pidi\u00f3 oficialmente su reconocimiento como integrante de la Federaci\u00f3n Internacional de Fe y Alegr\u00eda en Am\u00e9rica Latina, en el XXII Congreso Internacional.<\/span><br \/>\n<span style=\"font-weight: 400;\">De este modo, en los sucesivos a\u00f1os posteriores de su fundaci\u00f3n\u00a0 se iniciaron escuelas, colegios, centro de educaci\u00f3n inicial, centros de educaci\u00f3n de adulto, centros culturales como Vy\u2019a Renda, voluntariado, becas y microemprendimientos en distintos lugares del pa\u00eds, donde realmente se necesita promover oportunidades de proceso educativo integral, as\u00ed tambi\u00e9n cuenta con la Radio Fe y Alegr\u00eda para difundir las voces de los actores educativos que anuncian justicia social, expresan esperanza y fortalecen solidaridad.<\/span>[\/vc_column_text][\/vc_column][\/vc_row][vc_row][vc_column]<div style=\"background-color:;height: 30px\" class=\"nicdark_section  \"><\/div>[vc_column_text]<\/p>\n<h3 style=\"text-align: center;\">Como dice el fundador de la obra, el P. V\u00e9laz :<br \/>\n\u201cDonde termina el asfalto, comienza Fe y Alegr\u00eda\u201d &#8211; \u201cOpa h\u00e1pe tape h\u0169 at\u00e3, o\u00f1epyr\u0169 Fe y Alegr\u00eda.\u201d<\/h3>\n<p>[\/vc_column_text]<div style=\"background-color:;height: 30px\" class=\"nicdark_section  \"><\/div>[\/vc_column][\/vc_row][vc_row][vc_column][vc_single_image image=\u00bb8962&#8243; img_size=\u00bbfull\u00bb alignment=\u00bbright\u00bb][\/vc_column][\/vc_row]<\/p>\n<\/div>","protected":false},"excerpt":{"rendered":"<p>[vc_row][vc_column][vc_separator color=\u00bbcustom\u00bb style=\u00bbshadow\u00bb accent_color=\u00bb#cc0000&#8243;][vc_column_text] Inicios de un gran sue\u00f1o [\/vc_column_text][\/vc_column][\/vc_row][vc_row][vc_column width=\u00bb1\/3&#8243;][vc_single_image image=\u00bb9033&#8243; img_size=\u00bbfull\u00bb alignment=\u00bbright\u00bb][\/vc_column][vc_column width=\u00bb2\/3&#8243;][vc_column_text css=\u00bb.vc_custom_1666205354284{padding-right: 10px !important;padding-left: 10px !important;background-color: #ededed !important;border-radius: 10px !important;}\u00bb] El sue\u00f1o de contar con Fe y Alegr\u00eda en Paraguay se gest\u00f3 en el a\u00f1o 1979. Pero, en ese entonces no estaban dadas las condiciones para su fundaci\u00f3n, por la dictadura.<\/p>\n","protected":false},"author":2,"featured_media":0,"parent":0,"menu_order":0,"comment_status":"closed","ping_status":"closed","template":"","meta":{"_acf_changed":false,"footnotes":""},"folder":[],"class_list":["post-299","page","type-page","status-publish","hentry"],"acf":[],"yoast_head":"<!-- This site is optimized with the Yoast SEO plugin v27.2 - https:\/\/yoast.com\/product\/yoast-seo-wordpress\/ -->\n<title>Nuestra Historia - #SomosFeyAlegria en Paraguay<\/title>\n<meta name=\"robots\" content=\"index, follow, max-snippet:-1, max-image-preview:large, max-video-preview:-1\" \/>\n<link rel=\"canonical\" href=\"https:\/\/www.feyalegria.org\/paraguay\/nuestra-historia\/\" \/>\n<meta property=\"og:locale\" content=\"es_ES\" \/>\n<meta property=\"og:type\" content=\"article\" \/>\n<meta property=\"og:title\" content=\"Nuestra Historia - #SomosFeyAlegria en Paraguay\" \/>\n<meta property=\"og:description\" content=\"[vc_row][vc_column][vc_separator color=\u00bbcustom\u00bb style=\u00bbshadow\u00bb accent_color=\u00bb#cc0000&#8243;][vc_column_text] Inicios de un gran sue\u00f1o [\/vc_column_text][\/vc_column][\/vc_row][vc_row][vc_column width=\u00bb1\/3&#8243;][vc_single_image image=\u00bb9033&#8243; img_size=\u00bbfull\u00bb alignment=\u00bbright\u00bb][\/vc_column][vc_column width=\u00bb2\/3&#8243;][vc_column_text css=\u00bb.vc_custom_1666205354284{padding-right: 10px !important;padding-left: 10px !important;background-color: #ededed !important;border-radius: 10px !important;}\u00bb] El sue\u00f1o de contar con Fe y Alegr\u00eda en Paraguay se gest\u00f3 en el a\u00f1o 1979. Pero, en ese entonces no estaban dadas las condiciones para su fundaci\u00f3n, por la dictadura.\" \/>\n<meta property=\"og:url\" content=\"https:\/\/www.feyalegria.org\/paraguay\/nuestra-historia\/\" \/>\n<meta property=\"og:site_name\" content=\"#SomosFeyAlegria en Paraguay\" \/>\n<meta property=\"article:modified_time\" content=\"2023-02-16T15:03:08+00:00\" \/>\n<meta name=\"twitter:card\" content=\"summary_large_image\" \/>\n<meta name=\"twitter:label1\" content=\"Tiempo de lectura\" \/>\n\t<meta name=\"twitter:data1\" content=\"5 minutos\" \/>\n<script type=\"application\/ld+json\" class=\"yoast-schema-graph\">{\"@context\":\"https:\/\/schema.org\",\"@graph\":[{\"@type\":\"WebPage\",\"@id\":\"https:\/\/www.feyalegria.org\/paraguay\/nuestra-historia\/\",\"url\":\"https:\/\/www.feyalegria.org\/paraguay\/nuestra-historia\/\",\"name\":\"Nuestra Historia - #SomosFeyAlegria en Paraguay\",\"isPartOf\":{\"@id\":\"https:\/\/www.feyalegria.org\/paraguay\/#website\"},\"datePublished\":\"2020-06-30T20:50:24+00:00\",\"dateModified\":\"2023-02-16T15:03:08+00:00\",\"breadcrumb\":{\"@id\":\"https:\/\/www.feyalegria.org\/paraguay\/nuestra-historia\/#breadcrumb\"},\"inLanguage\":\"es\",\"potentialAction\":[{\"@type\":\"ReadAction\",\"target\":[\"https:\/\/www.feyalegria.org\/paraguay\/nuestra-historia\/\"]}]},{\"@type\":\"BreadcrumbList\",\"@id\":\"https:\/\/www.feyalegria.org\/paraguay\/nuestra-historia\/#breadcrumb\",\"itemListElement\":[{\"@type\":\"ListItem\",\"position\":1,\"name\":\"Home\",\"item\":\"https:\/\/www.feyalegria.org\/paraguay\/\"},{\"@type\":\"ListItem\",\"position\":2,\"name\":\"Nuestra Historia\"}]},{\"@type\":\"WebSite\",\"@id\":\"https:\/\/www.feyalegria.org\/paraguay\/#website\",\"url\":\"https:\/\/www.feyalegria.org\/paraguay\/\",\"name\":\"#SomosFeyAlegria en Paraguay\",\"description\":\"Movimiento de Educaci\u00f3n Popular y Promoci\u00f3n Social\",\"potentialAction\":[{\"@type\":\"SearchAction\",\"target\":{\"@type\":\"EntryPoint\",\"urlTemplate\":\"https:\/\/www.feyalegria.org\/paraguay\/?s={search_term_string}\"},\"query-input\":{\"@type\":\"PropertyValueSpecification\",\"valueRequired\":true,\"valueName\":\"search_term_string\"}}],\"inLanguage\":\"es\"}]}<\/script>\n<!-- \/ Yoast SEO plugin. -->","yoast_head_json":{"title":"Nuestra Historia - #SomosFeyAlegria en Paraguay","robots":{"index":"index","follow":"follow","max-snippet":"max-snippet:-1","max-image-preview":"max-image-preview:large","max-video-preview":"max-video-preview:-1"},"canonical":"https:\/\/www.feyalegria.org\/paraguay\/nuestra-historia\/","og_locale":"es_ES","og_type":"article","og_title":"Nuestra Historia - #SomosFeyAlegria en Paraguay","og_description":"[vc_row][vc_column][vc_separator color=\u00bbcustom\u00bb style=\u00bbshadow\u00bb accent_color=\u00bb#cc0000&#8243;][vc_column_text] Inicios de un gran sue\u00f1o [\/vc_column_text][\/vc_column][\/vc_row][vc_row][vc_column width=\u00bb1\/3&#8243;][vc_single_image image=\u00bb9033&#8243; img_size=\u00bbfull\u00bb alignment=\u00bbright\u00bb][\/vc_column][vc_column width=\u00bb2\/3&#8243;][vc_column_text css=\u00bb.vc_custom_1666205354284{padding-right: 10px !important;padding-left: 10px !important;background-color: #ededed !important;border-radius: 10px !important;}\u00bb] El sue\u00f1o de contar con Fe y Alegr\u00eda en Paraguay se gest\u00f3 en el a\u00f1o 1979. Pero, en ese entonces no estaban dadas las condiciones para su fundaci\u00f3n, por la dictadura.","og_url":"https:\/\/www.feyalegria.org\/paraguay\/nuestra-historia\/","og_site_name":"#SomosFeyAlegria en Paraguay","article_modified_time":"2023-02-16T15:03:08+00:00","twitter_card":"summary_large_image","twitter_misc":{"Tiempo de lectura":"5 minutos"},"schema":{"@context":"https:\/\/schema.org","@graph":[{"@type":"WebPage","@id":"https:\/\/www.feyalegria.org\/paraguay\/nuestra-historia\/","url":"https:\/\/www.feyalegria.org\/paraguay\/nuestra-historia\/","name":"Nuestra Historia - #SomosFeyAlegria en Paraguay","isPartOf":{"@id":"https:\/\/www.feyalegria.org\/paraguay\/#website"},"datePublished":"2020-06-30T20:50:24+00:00","dateModified":"2023-02-16T15:03:08+00:00","breadcrumb":{"@id":"https:\/\/www.feyalegria.org\/paraguay\/nuestra-historia\/#breadcrumb"},"inLanguage":"es","potentialAction":[{"@type":"ReadAction","target":["https:\/\/www.feyalegria.org\/paraguay\/nuestra-historia\/"]}]},{"@type":"BreadcrumbList","@id":"https:\/\/www.feyalegria.org\/paraguay\/nuestra-historia\/#breadcrumb","itemListElement":[{"@type":"ListItem","position":1,"name":"Home","item":"https:\/\/www.feyalegria.org\/paraguay\/"},{"@type":"ListItem","position":2,"name":"Nuestra Historia"}]},{"@type":"WebSite","@id":"https:\/\/www.feyalegria.org\/paraguay\/#website","url":"https:\/\/www.feyalegria.org\/paraguay\/","name":"#SomosFeyAlegria en Paraguay","description":"Movimiento de Educaci\u00f3n Popular y Promoci\u00f3n Social","potentialAction":[{"@type":"SearchAction","target":{"@type":"EntryPoint","urlTemplate":"https:\/\/www.feyalegria.org\/paraguay\/?s={search_term_string}"},"query-input":{"@type":"PropertyValueSpecification","valueRequired":true,"valueName":"search_term_string"}}],"inLanguage":"es"}]}},"_links":{"self":[{"href":"https:\/\/www.feyalegria.org\/paraguay\/wp-json\/wp\/v2\/pages\/299","targetHints":{"allow":["GET"]}}],"collection":[{"href":"https:\/\/www.feyalegria.org\/paraguay\/wp-json\/wp\/v2\/pages"}],"about":[{"href":"https:\/\/www.feyalegria.org\/paraguay\/wp-json\/wp\/v2\/types\/page"}],"author":[{"embeddable":true,"href":"https:\/\/www.feyalegria.org\/paraguay\/wp-json\/wp\/v2\/users\/2"}],"replies":[{"embeddable":true,"href":"https:\/\/www.feyalegria.org\/paraguay\/wp-json\/wp\/v2\/comments?post=299"}],"version-history":[{"count":0,"href":"https:\/\/www.feyalegria.org\/paraguay\/wp-json\/wp\/v2\/pages\/299\/revisions"}],"wp:attachment":[{"href":"https:\/\/www.feyalegria.org\/paraguay\/wp-json\/wp\/v2\/media?parent=299"}],"wp:term":[{"taxonomy":"folder","embeddable":true,"href":"https:\/\/www.feyalegria.org\/paraguay\/wp-json\/wp\/v2\/folder?post=299"}],"curies":[{"name":"wp","href":"https:\/\/api.w.org\/{rel}","templated":true}]}}