 {"id":8388,"date":"2022-10-20T16:17:49","date_gmt":"2022-10-20T21:17:49","guid":{"rendered":"https:\/\/www.feyalegria.org\/paraguay\/?page_id=2172"},"modified":"2023-02-07T14:58:05","modified_gmt":"2023-02-07T19:58:05","slug":"centro-educativo-individual","status":"publish","type":"page","link":"https:\/\/www.feyalegria.org\/paraguay\/centro-educativo-individual\/","title":{"rendered":"Escuela San Miguel de Fe y Alegr\u00eda &#8211; San Pedro"},"content":{"rendered":"<div class=\"wpb-content-wrapper\"><p>[vc_row][vc_column width=\u00bb5\/6&#8243;]<div style=\"background-color:;height: 50px\" class=\"nicdark_section  \"><\/div>[\/vc_column][vc_column width=\u00bb1\/6&#8243;]<a href=\"https:\/\/www.feyalegria.org\/paraguay\/centros-educativos\/\" title=\"Centros educativos\"  data-id=\"mpc_button-7569d6a9c3e6e88\" class=\"mpc-button mpc-init mpc-transition mpc-typography--default \" ><div class=\"mpc-button__content mpc-effect-type--stay mpc-effect-side--left\"><i class=\"mpc-button__icon mpc-transition  mi mi-pin_drop\"><\/i><span class=\"mpc-button__title mpc-transition\">Volver al mapa<\/span><\/div><div class=\"mpc-button__background mpc-transition mpc-effect-type--fade mpc-effect-side--in\"><\/div><\/a>[\/vc_column][\/vc_row][vc_row][vc_column width=\u00bb2\/3&#8243;][vc_column_text]En 1993 a trav\u00e9s del Proyecto de Fe y Alegr\u00eda se consigui\u00f3 la apertura de la\u00a0 Esc. B\u00e1s N\u00ba 4491 San Miguel del 1\u00ba al 9\u00ba grado.<br \/>\nLa Escuela B\u00e1sica N\u00b0 4.491 Privada Subvencionada \u201cSan Miguel\u201d se halla asentada en el Barrio San Miguel, Colonia Naranjito, Distrito de Gral. Resqu\u00edn, departamento de San Pedro en un predio de cuatro hect\u00e1reas. En la Instituci\u00f3n, en la actualidad desciende paulatinamente la cantidad de alumnos por diferentes motivos; permanecen actualmente unos\u00a0 56 alumnos\/as como m\u00ednimo, distribuidos en 9 grados, desde preescolar hasta el 9\u00ba grado cuyo promedio en cantidad es de 6 alumnos por cada grado.<br \/>\nLa instituci\u00f3n siempre cuenta con la elaboraci\u00f3n de Proyecto Educativo Institucional (P.E.I) y las actividades se desarrollan en base a\u00a0 ella, los resultados son positivos tanto en el desarrollo de la clase como en el aprendizaje de los alumnos. Los docentes participan en los talleres. Las actividades se realizan en forma cooperativa en la instituci\u00f3n.<\/p>\n<h5 style=\"text-align: left;\"><strong><span style=\"color: #aa0f16;\">Contactos<\/span><\/strong><\/h5>\n<p><strong>Directora<\/strong>: Prof. Nelli Acu\u00f1a<br \/>\n<strong>Tel\u00e9fono<\/strong>: +595982960073[\/vc_column_text][\/vc_column][vc_column width=\u00bb1\/3&#8243;][vc_gmaps link=\u00bb#E-8_JTNDaWZyYW1lJTIwc3JjJTNEJTIyaHR0cHMlM0ElMkYlMkZ3d3cuZ29vZ2xlLmNvbSUyRm1hcHMlMkZlbWJlZCUzRnBiJTNEJTIxMW0xOCUyMTFtMTIlMjExbTMlMjExZDM2NDUuNzQ3OTAzMTI4NjU1MyUyMTJkLTU2LjI5MDgxNzElMjEzZC0yMy45NjkzNTMxMDAwMDAwMDMlMjEybTMlMjExZjAlMjEyZjAlMjEzZjAlMjEzbTIlMjExaTEwMjQlMjEyaTc2OCUyMTRmMTMuMSUyMTNtMyUyMTFtMiUyMTFzMHg5NDYwZjdiZWUyNDIzZmJmJTI1M0EweDViOTUzYWE5ODQxYWQxMzAlMjEyc0VzY3VlbGElMjUyMEIlMjVDMyUyNUExc2ljYSUyNTIwTiUyNUMyJTI1QkElMjUyMDQ0OTElMjUyMFNhbiUyNTIwTWlndWVsJTI1MjBkZSUyNTIwRmUlMjUyMHklMjUyMEFsZWdyJTI1QzMlMjVBRGElMjE1ZTAlMjEzbTIlMjExc2VzLTQxOSUyMTJzcHklMjE0djE2NjYzNjA3MjgyMzYlMjE1bTIlMjExc2VzLTQxOSUyMTJzcHklMjIlMjAlMjB3aWR0aCUzRCUyMjYwMCUyMiUyMGhlaWdodCUzRCUyMjQ1MCUyMiUyMGZyYW1lYm9yZGVyJTNEJTIyMCUyMiUyMHN0eWxlJTNEJTIyYm9yZGVyJTNBMCUzQiUyMiUyMGFsbG93ZnVsbHNjcmVlbiUzRCUyMiUyMiUyMGFyaWEtaGlkZGVuJTNEJTIyZmFsc2UlMjIlMjB0YWJpbmRleCUzRCUyMjAlMjIlM0UlM0MlMkZpZnJhbWUlM0U=\u00bb][\/vc_column][\/vc_row][vc_row][vc_column width=\u00bb1\/3&#8243;][vc_single_image image=\u00bb8999&#8243; img_size=\u00bbmedium\u00bb alignment=\u00bbcenter\u00bb onclick=\u00bbimg_link_large\u00bb][\/vc_column][vc_column width=\u00bb1\/3&#8243;][vc_single_image image=\u00bb9000&#8243; img_size=\u00bbmedium\u00bb alignment=\u00bbcenter\u00bb onclick=\u00bbimg_link_large\u00bb][\/vc_column][vc_column width=\u00bb1\/3&#8243;][vc_single_image image=\u00bb9001&#8243; img_size=\u00bbmedium\u00bb alignment=\u00bbcenter\u00bb onclick=\u00bbimg_link_large\u00bb][\/vc_column][\/vc_row]<\/p>\n<\/div>","protected":false},"excerpt":{"rendered":"<p>[vc_row][vc_column width=\u00bb5\/6&#8243;][\/vc_column][vc_column width=\u00bb1\/6&#8243;][\/vc_column][\/vc_row][vc_row][vc_column width=\u00bb2\/3&#8243;][vc_column_text]En 1993 a trav\u00e9s del Proyecto de Fe y Alegr\u00eda se consigui\u00f3 la apertura de la\u00a0 Esc. B\u00e1s N\u00ba 4491 San Miguel del 1\u00ba al 9\u00ba grado. La Escuela B\u00e1sica N\u00b0 4.491 Privada Subvencionada \u201cSan Miguel\u201d se halla asentada en el Barrio San Miguel, Colonia Naranjito, Distrito de Gral. Resqu\u00edn, departamento de<\/p>\n","protected":false},"author":2,"featured_media":0,"parent":0,"menu_order":0,"comment_status":"closed","ping_status":"closed","template":"","meta":{"_acf_changed":false,"footnotes":""},"folder":[],"class_list":["post-8388","page","type-page","status-publish","hentry"],"acf":[],"yoast_head":"<!-- This site is optimized with the Yoast SEO plugin v27.2 - https:\/\/yoast.com\/product\/yoast-seo-wordpress\/ -->\n<title>Escuela San Miguel de Fe y Alegr\u00eda - San Pedro - #SomosFeyAlegria en Paraguay<\/title>\n<meta name=\"robots\" content=\"index, follow, max-snippet:-1, max-image-preview:large, max-video-preview:-1\" \/>\n<link rel=\"canonical\" href=\"https:\/\/www.feyalegria.org\/paraguay\/centro-educativo-individual\/\" \/>\n<meta property=\"og:locale\" content=\"es_ES\" \/>\n<meta property=\"og:type\" content=\"article\" \/>\n<meta property=\"og:title\" content=\"Escuela San Miguel de Fe y Alegr\u00eda - San Pedro - #SomosFeyAlegria en Paraguay\" \/>\n<meta property=\"og:description\" content=\"[vc_row][vc_column width=\u00bb5\/6&#8243;][\/vc_column][vc_column width=\u00bb1\/6&#8243;][\/vc_column][\/vc_row][vc_row][vc_column width=\u00bb2\/3&#8243;][vc_column_text]En 1993 a trav\u00e9s del Proyecto de Fe y Alegr\u00eda se consigui\u00f3 la apertura de la\u00a0 Esc. B\u00e1s N\u00ba 4491 San Miguel del 1\u00ba al 9\u00ba grado. La Escuela B\u00e1sica N\u00b0 4.491 Privada Subvencionada \u201cSan Miguel\u201d se halla asentada en el Barrio San Miguel, Colonia Naranjito, Distrito de Gral. Resqu\u00edn, departamento de\" \/>\n<meta property=\"og:url\" content=\"https:\/\/www.feyalegria.org\/paraguay\/centro-educativo-individual\/\" \/>\n<meta property=\"og:site_name\" content=\"#SomosFeyAlegria en Paraguay\" \/>\n<meta property=\"article:modified_time\" content=\"2023-02-07T19:58:05+00:00\" \/>\n<meta name=\"twitter:card\" content=\"summary_large_image\" \/>\n<meta name=\"twitter:label1\" content=\"Tiempo de lectura\" \/>\n\t<meta name=\"twitter:data1\" content=\"2 minutos\" \/>\n<script type=\"application\/ld+json\" class=\"yoast-schema-graph\">{\"@context\":\"https:\/\/schema.org\",\"@graph\":[{\"@type\":\"WebPage\",\"@id\":\"https:\/\/www.feyalegria.org\/paraguay\/centro-educativo-individual\/\",\"url\":\"https:\/\/www.feyalegria.org\/paraguay\/centro-educativo-individual\/\",\"name\":\"Escuela San Miguel de Fe y Alegr\u00eda - San Pedro - #SomosFeyAlegria en Paraguay\",\"isPartOf\":{\"@id\":\"https:\/\/www.feyalegria.org\/paraguay\/#website\"},\"datePublished\":\"2022-10-20T21:17:49+00:00\",\"dateModified\":\"2023-02-07T19:58:05+00:00\",\"breadcrumb\":{\"@id\":\"https:\/\/www.feyalegria.org\/paraguay\/centro-educativo-individual\/#breadcrumb\"},\"inLanguage\":\"es\",\"potentialAction\":[{\"@type\":\"ReadAction\",\"target\":[\"https:\/\/www.feyalegria.org\/paraguay\/centro-educativo-individual\/\"]}]},{\"@type\":\"BreadcrumbList\",\"@id\":\"https:\/\/www.feyalegria.org\/paraguay\/centro-educativo-individual\/#breadcrumb\",\"itemListElement\":[{\"@type\":\"ListItem\",\"position\":1,\"name\":\"Home\",\"item\":\"https:\/\/www.feyalegria.org\/paraguay\/\"},{\"@type\":\"ListItem\",\"position\":2,\"name\":\"Escuela San Miguel de Fe y Alegr\u00eda &#8211; San Pedro\"}]},{\"@type\":\"WebSite\",\"@id\":\"https:\/\/www.feyalegria.org\/paraguay\/#website\",\"url\":\"https:\/\/www.feyalegria.org\/paraguay\/\",\"name\":\"#SomosFeyAlegria en Paraguay\",\"description\":\"Movimiento de Educaci\u00f3n Popular y Promoci\u00f3n Social\",\"potentialAction\":[{\"@type\":\"SearchAction\",\"target\":{\"@type\":\"EntryPoint\",\"urlTemplate\":\"https:\/\/www.feyalegria.org\/paraguay\/?s={search_term_string}\"},\"query-input\":{\"@type\":\"PropertyValueSpecification\",\"valueRequired\":true,\"valueName\":\"search_term_string\"}}],\"inLanguage\":\"es\"}]}<\/script>\n<!-- \/ Yoast SEO plugin. -->","yoast_head_json":{"title":"Escuela San Miguel de Fe y Alegr\u00eda - San Pedro - #SomosFeyAlegria en Paraguay","robots":{"index":"index","follow":"follow","max-snippet":"max-snippet:-1","max-image-preview":"max-image-preview:large","max-video-preview":"max-video-preview:-1"},"canonical":"https:\/\/www.feyalegria.org\/paraguay\/centro-educativo-individual\/","og_locale":"es_ES","og_type":"article","og_title":"Escuela San Miguel de Fe y Alegr\u00eda - San Pedro - #SomosFeyAlegria en Paraguay","og_description":"[vc_row][vc_column width=\u00bb5\/6&#8243;][\/vc_column][vc_column width=\u00bb1\/6&#8243;][\/vc_column][\/vc_row][vc_row][vc_column width=\u00bb2\/3&#8243;][vc_column_text]En 1993 a trav\u00e9s del Proyecto de Fe y Alegr\u00eda se consigui\u00f3 la apertura de la\u00a0 Esc. B\u00e1s N\u00ba 4491 San Miguel del 1\u00ba al 9\u00ba grado. La Escuela B\u00e1sica N\u00b0 4.491 Privada Subvencionada \u201cSan Miguel\u201d se halla asentada en el Barrio San Miguel, Colonia Naranjito, Distrito de Gral. Resqu\u00edn, departamento de","og_url":"https:\/\/www.feyalegria.org\/paraguay\/centro-educativo-individual\/","og_site_name":"#SomosFeyAlegria en Paraguay","article_modified_time":"2023-02-07T19:58:05+00:00","twitter_card":"summary_large_image","twitter_misc":{"Tiempo de lectura":"2 minutos"},"schema":{"@context":"https:\/\/schema.org","@graph":[{"@type":"WebPage","@id":"https:\/\/www.feyalegria.org\/paraguay\/centro-educativo-individual\/","url":"https:\/\/www.feyalegria.org\/paraguay\/centro-educativo-individual\/","name":"Escuela San Miguel de Fe y Alegr\u00eda - San Pedro - #SomosFeyAlegria en Paraguay","isPartOf":{"@id":"https:\/\/www.feyalegria.org\/paraguay\/#website"},"datePublished":"2022-10-20T21:17:49+00:00","dateModified":"2023-02-07T19:58:05+00:00","breadcrumb":{"@id":"https:\/\/www.feyalegria.org\/paraguay\/centro-educativo-individual\/#breadcrumb"},"inLanguage":"es","potentialAction":[{"@type":"ReadAction","target":["https:\/\/www.feyalegria.org\/paraguay\/centro-educativo-individual\/"]}]},{"@type":"BreadcrumbList","@id":"https:\/\/www.feyalegria.org\/paraguay\/centro-educativo-individual\/#breadcrumb","itemListElement":[{"@type":"ListItem","position":1,"name":"Home","item":"https:\/\/www.feyalegria.org\/paraguay\/"},{"@type":"ListItem","position":2,"name":"Escuela San Miguel de Fe y Alegr\u00eda &#8211; San Pedro"}]},{"@type":"WebSite","@id":"https:\/\/www.feyalegria.org\/paraguay\/#website","url":"https:\/\/www.feyalegria.org\/paraguay\/","name":"#SomosFeyAlegria en Paraguay","description":"Movimiento de Educaci\u00f3n Popular y Promoci\u00f3n Social","potentialAction":[{"@type":"SearchAction","target":{"@type":"EntryPoint","urlTemplate":"https:\/\/www.feyalegria.org\/paraguay\/?s={search_term_string}"},"query-input":{"@type":"PropertyValueSpecification","valueRequired":true,"valueName":"search_term_string"}}],"inLanguage":"es"}]}},"_links":{"self":[{"href":"https:\/\/www.feyalegria.org\/paraguay\/wp-json\/wp\/v2\/pages\/8388","targetHints":{"allow":["GET"]}}],"collection":[{"href":"https:\/\/www.feyalegria.org\/paraguay\/wp-json\/wp\/v2\/pages"}],"about":[{"href":"https:\/\/www.feyalegria.org\/paraguay\/wp-json\/wp\/v2\/types\/page"}],"author":[{"embeddable":true,"href":"https:\/\/www.feyalegria.org\/paraguay\/wp-json\/wp\/v2\/users\/2"}],"replies":[{"embeddable":true,"href":"https:\/\/www.feyalegria.org\/paraguay\/wp-json\/wp\/v2\/comments?post=8388"}],"version-history":[{"count":0,"href":"https:\/\/www.feyalegria.org\/paraguay\/wp-json\/wp\/v2\/pages\/8388\/revisions"}],"wp:attachment":[{"href":"https:\/\/www.feyalegria.org\/paraguay\/wp-json\/wp\/v2\/media?parent=8388"}],"wp:term":[{"taxonomy":"folder","embeddable":true,"href":"https:\/\/www.feyalegria.org\/paraguay\/wp-json\/wp\/v2\/folder?post=8388"}],"curies":[{"name":"wp","href":"https:\/\/api.w.org\/{rel}","templated":true}]}}