 {"id":8395,"date":"2022-10-21T14:57:43","date_gmt":"2022-10-21T19:57:43","guid":{"rendered":"https:\/\/www.feyalegria.org\/paraguay\/?page_id=2288"},"modified":"2023-02-02T23:26:05","modified_gmt":"2023-02-03T04:26:05","slug":"sostenibilidad-institucional","status":"publish","type":"page","link":"https:\/\/www.feyalegria.org\/paraguay\/sostenibilidad-institucional\/","title":{"rendered":"Sostenibilidad Institucional"},"content":{"rendered":"<div class=\"wpb-content-wrapper\"><p>[vc_row][vc_column][vc_column_text]<\/p>\n<section class=\"elementor-section elementor-inner-section elementor-element elementor-element-33d4b120 elementor-section-boxed elementor-section-height-default elementor-section-height-default\" data-id=\"33d4b120\">\n<div class=\"elementor-container elementor-column-gap-default\">\n<div class=\"elementor-row\">\n<div class=\"elementor-column elementor-col-100 elementor-inner-column elementor-element elementor-element-63345202\" data-id=\"63345202\">\n<div class=\"elementor-column-wrap elementor-element-populated\">\n<div class=\"elementor-widget-wrap\">\n<div class=\"elementor-element elementor-element-700b250f elementor-widget elementor-widget-heading\" data-id=\"700b250f\">\n<div class=\"elementor-widget-container\">\n<h3><strong>Sostenibilidad Institucional<\/strong><\/h3>\n<\/div>\n<\/div>\n<\/div>\n<\/div>\n<\/div>\n<\/div>\n<\/div>\n<\/section>\n<p>[\/vc_column_text][vc_column_text]El programa de Sostenibilidad Institucional busca potenciar la diversificaci\u00f3n de fuentes de financiamiento a trav\u00e9s de un plan estrat\u00e9gico 2021-2025 que propicie conseguir fondos de libre disponibilidad para la sostenibilidad financiera operativa de Fe y Alegr\u00eda Paraguay. Desde su implementaci\u00f3n en el 2016, la ejecuci\u00f3n del Plan de Sostenibilidad Institucional ha arrojado logros significativos:<br \/>\nMejor\u00f3 el Sistema Organizacional, se cuenta con un Plan de Prioridades donde se establecen las principales l\u00edneas de acci\u00f3n de la instituci\u00f3n y el modo de proceder para alcanzar las metas establecidas.<br \/>\nDisminuy\u00f3 sustancialmente el d\u00e9ficit econ\u00f3mico, gracias a la focalizaci\u00f3n de la intervenci\u00f3n en algunos programas y centros educativos, que permiti\u00f3 disminuir el pago de salarios docentes y de educadores del PREBIR, manteniendo s\u00f3lo a aquellos que poseen rubros del MEC (Ministerio de Educaci\u00f3n y Ciencias).<br \/>\nEl saneamiento del sistema administrativo. Se ha implementado el uso de un sistema inform\u00e1tico para el seguimiento econ\u00f3mico de los proyectos, la separaci\u00f3n de cuentas bancarias de los proyectos.<br \/>\nSe estableci\u00f3 un mecanismo de racionalizaci\u00f3n de los recursos humanos que ha posibilitado la disminuci\u00f3n de los gastos y equilibrar el presupuesto en el rubro salarial.<br \/>\nedro (San Vicente Pancholo)[\/vc_column_text][vc_column_text]<\/p>\n<div class=\"elementor-element elementor-element-39892042 elementor-widget elementor-widget-heading\" data-id=\"39892042\">\n<div class=\"elementor-widget-container\">\n<h3 class=\"elementor-heading-title elementor-size-default\">Financiadora<\/h3>\n<\/div>\n<\/div>\n<p>[\/vc_column_text][vc_single_image image=\u00bb8655&#8243; img_size=\u00bbmedium\u00bb alignment=\u00bbcenter\u00bb][vc_column_text]<\/p>\n<div class=\"elementor-element elementor-element-39892042 elementor-widget elementor-widget-heading\" data-id=\"39892042\">\n<div class=\"elementor-widget-container\">\n<h3 class=\"elementor-heading-title elementor-size-default\">Fotos del Proyecto<\/h3>\n<\/div>\n<\/div>\n<p>[\/vc_column_text][\/vc_column][\/vc_row][vc_row][vc_column alignment=\u00bbcenter\u00bb]<div class=\"mpc-carousel__wrapper mpc-waypoint\"><div id=\"mpc_carousel_image-10069e27ae492598\" class=\"mpc-carousel-image mpc-init mpc-layout--classic mpc-effect--none \"  data-mpcslick='{\"infinite\":true,\"autoplay\":true,\"slidesToShow\":4,\"slidesToScroll\":1,\"centerMode\":false,\"initialSlide\":0,\"autoplaySpeed\":3500,\"speed\":500}' data-slick-cols=\"4\"><div target=\"\"class=\"mpc-carousel__item-wrapper\" data-height=\"300\"><div onclick=\"\" class=\"mpc-item mpc-transition\"><div class=\"mpc-border\"><\/div><img loading=\"lazy\" decoding=\"async\" width=\"300\" height=\"300\" src=\"https:\/\/d3pugrm67vf9n7.cloudfront.net\/wp-content\/uploads\/sites\/33\/2023\/02\/02100044\/27-9-300x300.png\" class=\"mpc-transition attachment-medium\" alt=\"\" title=\"27-9\" srcset=\"https:\/\/d3pugrm67vf9n7.cloudfront.net\/wp-content\/uploads\/sites\/33\/2023\/02\/02100044\/27-9.png 300w, https:\/\/d3pugrm67vf9n7.cloudfront.net\/wp-content\/uploads\/sites\/33\/2023\/02\/02100044\/27-9-150x150.png 150w\" sizes=\"auto, (max-width: 300px) 100vw, 300px\" \/><\/div><\/div><div target=\"\"class=\"mpc-carousel__item-wrapper\" data-height=\"300\"><div onclick=\"\" class=\"mpc-item mpc-transition\"><div class=\"mpc-border\"><\/div><img loading=\"lazy\" decoding=\"async\" width=\"300\" height=\"300\" src=\"https:\/\/d3pugrm67vf9n7.cloudfront.net\/wp-content\/uploads\/sites\/33\/2023\/02\/02100254\/35-9-300x300.png\" class=\"mpc-transition attachment-medium\" alt=\"\" title=\"35-9\" srcset=\"https:\/\/d3pugrm67vf9n7.cloudfront.net\/wp-content\/uploads\/sites\/33\/2023\/02\/02100254\/35-9.png 300w, https:\/\/d3pugrm67vf9n7.cloudfront.net\/wp-content\/uploads\/sites\/33\/2023\/02\/02100254\/35-9-150x150.png 150w\" sizes=\"auto, (max-width: 300px) 100vw, 300px\" \/><\/div><\/div><div target=\"\"class=\"mpc-carousel__item-wrapper\" data-height=\"300\"><div onclick=\"\" class=\"mpc-item mpc-transition\"><div class=\"mpc-border\"><\/div><img loading=\"lazy\" decoding=\"async\" width=\"300\" height=\"300\" src=\"https:\/\/d3pugrm67vf9n7.cloudfront.net\/wp-content\/uploads\/sites\/33\/2023\/02\/02100449\/45-8-300x300.png\" class=\"mpc-transition attachment-medium\" alt=\"\" title=\"45-8\" srcset=\"https:\/\/d3pugrm67vf9n7.cloudfront.net\/wp-content\/uploads\/sites\/33\/2023\/02\/02100449\/45-8.png 300w, https:\/\/d3pugrm67vf9n7.cloudfront.net\/wp-content\/uploads\/sites\/33\/2023\/02\/02100449\/45-8-150x150.png 150w\" sizes=\"auto, (max-width: 300px) 100vw, 300px\" \/><\/div><\/div><div target=\"\"class=\"mpc-carousel__item-wrapper\" data-height=\"191\"><div onclick=\"\" class=\"mpc-item mpc-transition\"><div class=\"mpc-border\"><\/div><img loading=\"lazy\" decoding=\"async\" width=\"300\" height=\"56\" src=\"https:\/\/d3pugrm67vf9n7.cloudfront.net\/wp-content\/uploads\/sites\/33\/2023\/02\/02103430\/sostenibilidad-1-300x56.png\" class=\"mpc-transition attachment-medium\" alt=\"\" title=\"sostenibilidad-1\" srcset=\"https:\/\/d3pugrm67vf9n7.cloudfront.net\/wp-content\/uploads\/sites\/33\/2023\/02\/02103430\/sostenibilidad-1-300x56.png 300w, https:\/\/d3pugrm67vf9n7.cloudfront.net\/wp-content\/uploads\/sites\/33\/2023\/02\/02103430\/sostenibilidad-1-1024x191.png 1024w, https:\/\/d3pugrm67vf9n7.cloudfront.net\/wp-content\/uploads\/sites\/33\/2023\/02\/02103430\/sostenibilidad-1-768x143.png 768w, https:\/\/d3pugrm67vf9n7.cloudfront.net\/wp-content\/uploads\/sites\/33\/2023\/02\/02103430\/sostenibilidad-1.png 1072w\" sizes=\"auto, (max-width: 300px) 100vw, 300px\" \/><\/div><\/div><div target=\"\"class=\"mpc-carousel__item-wrapper\" data-height=\"300\"><div onclick=\"\" class=\"mpc-item mpc-transition\"><div class=\"mpc-border\"><\/div><img loading=\"lazy\" decoding=\"async\" width=\"300\" height=\"300\" src=\"https:\/\/d3pugrm67vf9n7.cloudfront.net\/wp-content\/uploads\/sites\/33\/2023\/02\/02095851\/17-9-300x300.png\" class=\"mpc-transition attachment-medium\" alt=\"\" title=\"17-9\" srcset=\"https:\/\/d3pugrm67vf9n7.cloudfront.net\/wp-content\/uploads\/sites\/33\/2023\/02\/02095851\/17-9.png 300w, https:\/\/d3pugrm67vf9n7.cloudfront.net\/wp-content\/uploads\/sites\/33\/2023\/02\/02095851\/17-9-150x150.png 150w\" sizes=\"auto, (max-width: 300px) 100vw, 300px\" \/><\/div><\/div><\/div><div class=\"mpc-navigation mpc-init mpc-align--center mpc-navigation--style_5  mpc-nav-preset--default\" data-mpcslider=\"mpc_carousel_image-10069e27ae492598\"><div class=\"mpc-nav__arrow mpcslick-prev\"><div class=\"mpc-nav__icon mpc-transition\"><i class=\" eti eti_arrow_carrot-left\"><div class=\"mpc-nav__background mpc-transition mpc-effect-type--slide mpc-effect-side--top\"><\/div><\/i><\/div><\/div><\/div><div class=\"mpc-navigation mpc-init mpc-align--center mpc-navigation--style_5  mpc-nav-preset--default\" data-mpcslider=\"mpc_carousel_image-10069e27ae492598\"><div class=\"mpc-nav__arrow mpcslick-next\"><div class=\"mpc-nav__icon mpc-transition\"><i class=\" eti eti_arrow_carrot-right\"><div class=\"mpc-nav__background mpc-transition mpc-effect-type--slide mpc-effect-side--top\"><\/div><\/i><\/div><\/div><\/div><\/div>[\/vc_column][\/vc_row]<\/p>\n<\/div>","protected":false},"excerpt":{"rendered":"<p>[vc_row][vc_column][vc_column_text] Sostenibilidad Institucional [\/vc_column_text][vc_column_text]El programa de Sostenibilidad Institucional busca potenciar la diversificaci\u00f3n de fuentes de financiamiento a trav\u00e9s de un plan estrat\u00e9gico 2021-2025 que propicie conseguir fondos de libre disponibilidad para la sostenibilidad financiera operativa de Fe y Alegr\u00eda Paraguay. Desde su implementaci\u00f3n en el 2016, la ejecuci\u00f3n del Plan de Sostenibilidad Institucional ha arrojado<\/p>\n","protected":false},"author":2,"featured_media":0,"parent":0,"menu_order":0,"comment_status":"closed","ping_status":"closed","template":"","meta":{"_acf_changed":false,"footnotes":""},"folder":[],"class_list":["post-8395","page","type-page","status-publish","hentry"],"acf":[],"yoast_head":"<!-- This site is optimized with the Yoast SEO plugin v27.2 - https:\/\/yoast.com\/product\/yoast-seo-wordpress\/ -->\n<title>Sostenibilidad Institucional - #SomosFeyAlegria en Paraguay<\/title>\n<meta name=\"robots\" content=\"index, follow, max-snippet:-1, max-image-preview:large, max-video-preview:-1\" \/>\n<link rel=\"canonical\" href=\"https:\/\/www.feyalegria.org\/paraguay\/sostenibilidad-institucional\/\" \/>\n<meta property=\"og:locale\" content=\"es_ES\" \/>\n<meta property=\"og:type\" content=\"article\" \/>\n<meta property=\"og:title\" content=\"Sostenibilidad Institucional - #SomosFeyAlegria en Paraguay\" \/>\n<meta property=\"og:description\" content=\"[vc_row][vc_column][vc_column_text] Sostenibilidad Institucional [\/vc_column_text][vc_column_text]El programa de Sostenibilidad Institucional busca potenciar la diversificaci\u00f3n de fuentes de financiamiento a trav\u00e9s de un plan estrat\u00e9gico 2021-2025 que propicie conseguir fondos de libre disponibilidad para la sostenibilidad financiera operativa de Fe y Alegr\u00eda Paraguay. Desde su implementaci\u00f3n en el 2016, la ejecuci\u00f3n del Plan de Sostenibilidad Institucional ha arrojado\" \/>\n<meta property=\"og:url\" content=\"https:\/\/www.feyalegria.org\/paraguay\/sostenibilidad-institucional\/\" \/>\n<meta property=\"og:site_name\" content=\"#SomosFeyAlegria en Paraguay\" \/>\n<meta property=\"article:modified_time\" content=\"2023-02-03T04:26:05+00:00\" \/>\n<meta name=\"twitter:card\" content=\"summary_large_image\" \/>\n<meta name=\"twitter:label1\" content=\"Tiempo de lectura\" \/>\n\t<meta name=\"twitter:data1\" content=\"1 minuto\" \/>\n<script type=\"application\/ld+json\" class=\"yoast-schema-graph\">{\"@context\":\"https:\/\/schema.org\",\"@graph\":[{\"@type\":\"WebPage\",\"@id\":\"https:\/\/www.feyalegria.org\/paraguay\/sostenibilidad-institucional\/\",\"url\":\"https:\/\/www.feyalegria.org\/paraguay\/sostenibilidad-institucional\/\",\"name\":\"Sostenibilidad Institucional - #SomosFeyAlegria en Paraguay\",\"isPartOf\":{\"@id\":\"https:\/\/www.feyalegria.org\/paraguay\/#website\"},\"datePublished\":\"2022-10-21T19:57:43+00:00\",\"dateModified\":\"2023-02-03T04:26:05+00:00\",\"breadcrumb\":{\"@id\":\"https:\/\/www.feyalegria.org\/paraguay\/sostenibilidad-institucional\/#breadcrumb\"},\"inLanguage\":\"es\",\"potentialAction\":[{\"@type\":\"ReadAction\",\"target\":[\"https:\/\/www.feyalegria.org\/paraguay\/sostenibilidad-institucional\/\"]}]},{\"@type\":\"BreadcrumbList\",\"@id\":\"https:\/\/www.feyalegria.org\/paraguay\/sostenibilidad-institucional\/#breadcrumb\",\"itemListElement\":[{\"@type\":\"ListItem\",\"position\":1,\"name\":\"Home\",\"item\":\"https:\/\/www.feyalegria.org\/paraguay\/\"},{\"@type\":\"ListItem\",\"position\":2,\"name\":\"Sostenibilidad Institucional\"}]},{\"@type\":\"WebSite\",\"@id\":\"https:\/\/www.feyalegria.org\/paraguay\/#website\",\"url\":\"https:\/\/www.feyalegria.org\/paraguay\/\",\"name\":\"#SomosFeyAlegria en Paraguay\",\"description\":\"Movimiento de Educaci\u00f3n Popular y Promoci\u00f3n Social\",\"potentialAction\":[{\"@type\":\"SearchAction\",\"target\":{\"@type\":\"EntryPoint\",\"urlTemplate\":\"https:\/\/www.feyalegria.org\/paraguay\/?s={search_term_string}\"},\"query-input\":{\"@type\":\"PropertyValueSpecification\",\"valueRequired\":true,\"valueName\":\"search_term_string\"}}],\"inLanguage\":\"es\"}]}<\/script>\n<!-- \/ Yoast SEO plugin. -->","yoast_head_json":{"title":"Sostenibilidad Institucional - #SomosFeyAlegria en Paraguay","robots":{"index":"index","follow":"follow","max-snippet":"max-snippet:-1","max-image-preview":"max-image-preview:large","max-video-preview":"max-video-preview:-1"},"canonical":"https:\/\/www.feyalegria.org\/paraguay\/sostenibilidad-institucional\/","og_locale":"es_ES","og_type":"article","og_title":"Sostenibilidad Institucional - #SomosFeyAlegria en Paraguay","og_description":"[vc_row][vc_column][vc_column_text] Sostenibilidad Institucional [\/vc_column_text][vc_column_text]El programa de Sostenibilidad Institucional busca potenciar la diversificaci\u00f3n de fuentes de financiamiento a trav\u00e9s de un plan estrat\u00e9gico 2021-2025 que propicie conseguir fondos de libre disponibilidad para la sostenibilidad financiera operativa de Fe y Alegr\u00eda Paraguay. Desde su implementaci\u00f3n en el 2016, la ejecuci\u00f3n del Plan de Sostenibilidad Institucional ha arrojado","og_url":"https:\/\/www.feyalegria.org\/paraguay\/sostenibilidad-institucional\/","og_site_name":"#SomosFeyAlegria en Paraguay","article_modified_time":"2023-02-03T04:26:05+00:00","twitter_card":"summary_large_image","twitter_misc":{"Tiempo de lectura":"1 minuto"},"schema":{"@context":"https:\/\/schema.org","@graph":[{"@type":"WebPage","@id":"https:\/\/www.feyalegria.org\/paraguay\/sostenibilidad-institucional\/","url":"https:\/\/www.feyalegria.org\/paraguay\/sostenibilidad-institucional\/","name":"Sostenibilidad Institucional - #SomosFeyAlegria en Paraguay","isPartOf":{"@id":"https:\/\/www.feyalegria.org\/paraguay\/#website"},"datePublished":"2022-10-21T19:57:43+00:00","dateModified":"2023-02-03T04:26:05+00:00","breadcrumb":{"@id":"https:\/\/www.feyalegria.org\/paraguay\/sostenibilidad-institucional\/#breadcrumb"},"inLanguage":"es","potentialAction":[{"@type":"ReadAction","target":["https:\/\/www.feyalegria.org\/paraguay\/sostenibilidad-institucional\/"]}]},{"@type":"BreadcrumbList","@id":"https:\/\/www.feyalegria.org\/paraguay\/sostenibilidad-institucional\/#breadcrumb","itemListElement":[{"@type":"ListItem","position":1,"name":"Home","item":"https:\/\/www.feyalegria.org\/paraguay\/"},{"@type":"ListItem","position":2,"name":"Sostenibilidad Institucional"}]},{"@type":"WebSite","@id":"https:\/\/www.feyalegria.org\/paraguay\/#website","url":"https:\/\/www.feyalegria.org\/paraguay\/","name":"#SomosFeyAlegria en Paraguay","description":"Movimiento de Educaci\u00f3n Popular y Promoci\u00f3n Social","potentialAction":[{"@type":"SearchAction","target":{"@type":"EntryPoint","urlTemplate":"https:\/\/www.feyalegria.org\/paraguay\/?s={search_term_string}"},"query-input":{"@type":"PropertyValueSpecification","valueRequired":true,"valueName":"search_term_string"}}],"inLanguage":"es"}]}},"_links":{"self":[{"href":"https:\/\/www.feyalegria.org\/paraguay\/wp-json\/wp\/v2\/pages\/8395","targetHints":{"allow":["GET"]}}],"collection":[{"href":"https:\/\/www.feyalegria.org\/paraguay\/wp-json\/wp\/v2\/pages"}],"about":[{"href":"https:\/\/www.feyalegria.org\/paraguay\/wp-json\/wp\/v2\/types\/page"}],"author":[{"embeddable":true,"href":"https:\/\/www.feyalegria.org\/paraguay\/wp-json\/wp\/v2\/users\/2"}],"replies":[{"embeddable":true,"href":"https:\/\/www.feyalegria.org\/paraguay\/wp-json\/wp\/v2\/comments?post=8395"}],"version-history":[{"count":0,"href":"https:\/\/www.feyalegria.org\/paraguay\/wp-json\/wp\/v2\/pages\/8395\/revisions"}],"wp:attachment":[{"href":"https:\/\/www.feyalegria.org\/paraguay\/wp-json\/wp\/v2\/media?parent=8395"}],"wp:term":[{"taxonomy":"folder","embeddable":true,"href":"https:\/\/www.feyalegria.org\/paraguay\/wp-json\/wp\/v2\/folder?post=8395"}],"curies":[{"name":"wp","href":"https:\/\/api.w.org\/{rel}","templated":true}]}}