 {"id":8397,"date":"2022-10-24T13:06:29","date_gmt":"2022-10-24T18:06:29","guid":{"rendered":"https:\/\/www.feyalegria.org\/paraguay\/?page_id=2333"},"modified":"2023-02-07T14:47:46","modified_gmt":"2023-02-07T19:47:46","slug":"escuela-virgen-de-caacupe","status":"publish","type":"page","link":"https:\/\/www.feyalegria.org\/paraguay\/escuela-virgen-de-caacupe\/","title":{"rendered":"Escuela Virgen de Caacup\u00e9"},"content":{"rendered":"<div class=\"wpb-content-wrapper\"><p>[vc_row][vc_column width=\u00bb5\/6&#8243;]<div style=\"background-color:;height: 50px\" class=\"nicdark_section  \"><\/div>[\/vc_column][vc_column width=\u00bb1\/6&#8243;]<a href=\"https:\/\/www.feyalegria.org\/paraguay\/centros-educativos\/\" title=\"Centros educativos\"  data-id=\"mpc_button-6369d6a7e117970\" class=\"mpc-button mpc-init mpc-transition mpc-typography--default \" ><div class=\"mpc-button__content mpc-effect-type--stay mpc-effect-side--left\"><i class=\"mpc-button__icon mpc-transition  mi mi-pin_drop\"><\/i><span class=\"mpc-button__title mpc-transition\">Volver al mapa<\/span><\/div><div class=\"mpc-button__background mpc-transition mpc-effect-type--fade mpc-effect-side--in\"><\/div><\/a>[\/vc_column][\/vc_row][vc_row][vc_column width=\u00bb2\/3&#8243;][vc_column_text]Escuela B\u00e1sica N\u00ba 4.947 \u00abVirgen Caacup\u00e9\u00bb, ubicada en el Departamento de Concepci\u00f3n, Distrito de Horqueta, km 59 de la Ruta V Gral. Bernardino Caballero, Zona Sur a 11 km de la ruta mencionada, en la comunidad denominada \u00abCalle 9 Alem\u00e1n Cu\u00e9\u00bb, del Barrio Caacup\u00e9.<br \/>\nLa Escuela comenz\u00f3 a funcionar desde el mes de marzo del a\u00f1o 1996 como escuela dependiente de la Escuela Graduada N\u00b04.352 \u201cSanta Catalina\u201d del Asentamiento Arroyito N\u00facleo 4, con el 1\u00b0 grado.<br \/>\nEn el mes de Octubre del a\u00f1o 1997 obtuvo la apertura con la resoluci\u00f3n n\u00famero 140\/10\/97\u00a0 con el N\u00b014.825. Al a\u00f1o siguiente funciona con todos los grados.<br \/>\nEn el a\u00f1o 2003, a pedido de la comunidad educativa y por disposici\u00f3n del MEC, fue nominada como Escuela B\u00e1sica N\u00ba 4.947 Virgen de Caacup\u00e9.<br \/>\n<strong>Caracter\u00edsticas socioculturales de los alumnos.<\/strong><br \/>\nLos ni\u00f1os que acuden a esta escuela son ni\u00f1os de escasos recursos econ\u00f3micos, que no acceden a los servicios b\u00e1sicos adecuados como corresponde. (Salud, alimentaci\u00f3n). La gran mayor\u00eda provienen de hogares con parejas estables con numerosos miembros, constituyendo en un gran porcentaje, una poblaci\u00f3n activa menores de cincuenta a\u00f1os de edad.<br \/>\nLa lengua materna de los ni\u00f1os y ni\u00f1as de la escuela y\u00a0 la comunidad en general es el guaran\u00ed; seg\u00fan diagn\u00f3stico realizado por los docentes. El avance de los medios masivos de comunicaci\u00f3n ejerce una influencia muy fuerte en la familia y la comunidad educativa en este sentido, introduciendo paulatinamente las lenguas como el castellano.<br \/>\nLa mayor\u00eda de los docentes son de la comunidad, perciben rubros oficiales. Todos realizan permanentemente capacitaciones, con el apoyo de Fe y Alegr\u00eda, MEC y otras instituciones oficiales y privadas.<br \/>\nLos grados funcionan en los turnos: ma\u00f1ana y tarde, distribuidos en once grados desde el nivel inicial hasta el noveno grado.<br \/>\nTodas las acciones a ser ejecutadas son consensuadas entre docentes, padres y los alumnos\\as.<br \/>\nPara la implementaci\u00f3n de la IPA se prev\u00e9 la asistencia de los estudiantes del 7\u00b0 y 8\u00b0\/9\u00b0 dos veces a la semana en el turno ma\u00f1ana.<br \/>\n<strong>Realidad Administrativa:<\/strong><br \/>\nLa instituci\u00f3n no cuenta con ning\u00fan rubro administrativo, la direcci\u00f3n es asumida en el turno ma\u00f1ana con un rubro de grado y en forma ad-honorem a la tarde por un docente que trabaja como Catedr\u00e1tico en este turno.<br \/>\nRegularmente los docentes se re\u00fanen entre s\u00ed y con los padres de familia constituidos en Asociaci\u00f3n Cooperativa Escolar (ACE) con el fin de monitorear las actividades, plantear soluciones a los problemas y perfilar la proyecci\u00f3n de la escuela.<br \/>\n<strong>Realidad Comunitaria<\/strong><br \/>\nLa actividad econ\u00f3mica de los padres es la agricultura que muchas veces es debilitada por el factor clim\u00e1tico, la falta de asistencia t\u00e9cnica, un modelo de mercado ineficaz. El modelo de producci\u00f3n que la mayor\u00eda de los productores implementan es el cultivo de consumo y renta. El nivel de estudio de muchos de ellos no llega al 6\u00ba grado de la E.E.B.<br \/>\nLa asistencia del estado es m\u00ednima, muchas veces no llega en el momento oportuno y\u00a0 las cantidades necesarias. Ejemplo: el aporte de la SAS, que le beneficia a la mayor\u00eda de los ni\u00f1os y ni\u00f1as de la escuela, situaci\u00f3n que en parte se ve reflejada por la asistencia regular\u00a0 a clase y vestimenta adecuada.<br \/>\nTambi\u00e9n la comunidad recurre a la Unidad de Salud de Calle 11 Alem\u00e1n Cu\u00e9 para realizar cualquier tipo de consultas m\u00e9dicas, cuando se necesita auxiliar a un enfermo grave, accidentados, es el primer lugar donde se llega para luego derivar a otros hospitales.<br \/>\nLa poblaci\u00f3n total de la comunidad es de 60 familias, una poblaci\u00f3n de 320 habitantes aproximadamente, que ocupan un terreno de 900 hect\u00e1reas, quienes se sustentan con la producci\u00f3n agr\u00edcola y la cr\u00eda de animales menores.<br \/>\nLa comunidad cuenta con servicios b\u00e1sicos de agua potable, energ\u00eda el\u00e9ctrica, instituciones como la iglesia y\u00a0 escuela.<\/p>\n<h5 style=\"text-align: left;\"><strong><span style=\"color: #aa0f16;\">Contactos<\/span><\/strong><\/h5>\n<p><strong>Director<\/strong>: Agust\u00edn Ruiz Santacruz<br \/>\n<strong>Tel\u00e9fono<\/strong>: +5959982981336[\/vc_column_text][\/vc_column][vc_column width=\u00bb1\/3&#8243;][vc_gmaps link=\u00bb#E-8_JTNDaWZyYW1lJTIwc3JjJTNEJTIyaHR0cHMlM0ElMkYlMkZ3d3cuZ29vZ2xlLmNvbSUyRm1hcHMlMkZlbWJlZCUzRnBiJTNEJTIxMW0xOCUyMTFtMTIlMjExbTMlMjExZDM2NjMuNzE5NTYzMzc2MjU2NyUyMTJkLTU2LjgzNDA4MDMlMjEzZC0yMy4zMjU5MzE2MDAwMDAwMDQlMjEybTMlMjExZjAlMjEyZjAlMjEzZjAlMjEzbTIlMjExaTEwMjQlMjEyaTc2OCUyMTRmMTMuMSUyMTNtMyUyMTFtMiUyMTFzMHgwJTI1M0EweGYzNzJmNTAyMDcxODBjYjIlMjEyc0VzY3VlbGElMjUyMEIlMjVDMyUyNUExcy4lMjUyME4lMjVDMiUyNUIwNC45NDclMjUyMFZpcmdlbiUyNTIwZGUlMjUyMENhYWN1cCUyNUMzJTI1QTklMjUyMGRlJTI1MjBGZSUyNTIweSUyNTIwQWxlZ3IlMjVDMyUyNUFEYSUyMTVlMCUyMTNtMiUyMTFzZXMtNDE5JTIxMnNweSUyMTR2MTY2NjYzNDQxMzAwNCUyMTVtMiUyMTFzZXMtNDE5JTIxMnNweSUyMiUyMCUyMHdpZHRoJTNEJTIyNjAwJTIyJTIwaGVpZ2h0JTNEJTIyNDUwJTIyJTIwZnJhbWVib3JkZXIlM0QlMjIwJTIyJTIwc3R5bGUlM0QlMjJib3JkZXIlM0EwJTNCJTIyJTIwYWxsb3dmdWxsc2NyZWVuJTNEJTIyJTIyJTIwYXJpYS1oaWRkZW4lM0QlMjJmYWxzZSUyMiUyMHRhYmluZGV4JTNEJTIyMCUyMiUzRSUzQyUyRmlmcmFtZSUzRQ==\u00bb][\/vc_column][\/vc_row][vc_row][vc_column width=\u00bb1\/4&#8243;][vc_single_image image=\u00bb8546&#8243; img_size=\u00bbmedium\u00bb alignment=\u00bbcenter\u00bb onclick=\u00bbimg_link_large\u00bb][\/vc_column][vc_column width=\u00bb1\/4&#8243;][vc_single_image image=\u00bb8455&#8243; img_size=\u00bbmedium\u00bb alignment=\u00bbcenter\u00bb onclick=\u00bbimg_link_large\u00bb][\/vc_column][vc_column width=\u00bb1\/4&#8243;][vc_single_image image=\u00bb8501&#8243; img_size=\u00bbmedium\u00bb][\/vc_column][vc_column width=\u00bb1\/4&#8243;][vc_single_image image=\u00bb8412&#8243; img_size=\u00bbmedium\u00bb][\/vc_column][\/vc_row]<\/p>\n<\/div>","protected":false},"excerpt":{"rendered":"<p>[vc_row][vc_column width=\u00bb5\/6&#8243;][\/vc_column][vc_column width=\u00bb1\/6&#8243;][\/vc_column][\/vc_row][vc_row][vc_column width=\u00bb2\/3&#8243;][vc_column_text]Escuela B\u00e1sica N\u00ba 4.947 \u00abVirgen Caacup\u00e9\u00bb, ubicada en el Departamento de Concepci\u00f3n, Distrito de Horqueta, km 59 de la Ruta V Gral. Bernardino Caballero, Zona Sur a 11 km de la ruta mencionada, en la comunidad denominada \u00abCalle 9 Alem\u00e1n Cu\u00e9\u00bb, del Barrio Caacup\u00e9. La Escuela comenz\u00f3 a funcionar desde el mes<\/p>\n","protected":false},"author":2,"featured_media":0,"parent":0,"menu_order":0,"comment_status":"closed","ping_status":"closed","template":"","meta":{"_acf_changed":false,"footnotes":""},"folder":[],"class_list":["post-8397","page","type-page","status-publish","hentry"],"acf":[],"yoast_head":"<!-- This site is optimized with the Yoast SEO plugin v27.2 - https:\/\/yoast.com\/product\/yoast-seo-wordpress\/ -->\n<title>Escuela Virgen de Caacup\u00e9 - #SomosFeyAlegria en Paraguay<\/title>\n<meta name=\"robots\" content=\"index, follow, max-snippet:-1, max-image-preview:large, max-video-preview:-1\" \/>\n<link rel=\"canonical\" href=\"https:\/\/www.feyalegria.org\/paraguay\/escuela-virgen-de-caacupe\/\" \/>\n<meta property=\"og:locale\" content=\"es_ES\" \/>\n<meta property=\"og:type\" content=\"article\" \/>\n<meta property=\"og:title\" content=\"Escuela Virgen de Caacup\u00e9 - #SomosFeyAlegria en Paraguay\" \/>\n<meta property=\"og:description\" content=\"[vc_row][vc_column width=\u00bb5\/6&#8243;][\/vc_column][vc_column width=\u00bb1\/6&#8243;][\/vc_column][\/vc_row][vc_row][vc_column width=\u00bb2\/3&#8243;][vc_column_text]Escuela B\u00e1sica N\u00ba 4.947 \u00abVirgen Caacup\u00e9\u00bb, ubicada en el Departamento de Concepci\u00f3n, Distrito de Horqueta, km 59 de la Ruta V Gral. Bernardino Caballero, Zona Sur a 11 km de la ruta mencionada, en la comunidad denominada \u00abCalle 9 Alem\u00e1n Cu\u00e9\u00bb, del Barrio Caacup\u00e9. La Escuela comenz\u00f3 a funcionar desde el mes\" \/>\n<meta property=\"og:url\" content=\"https:\/\/www.feyalegria.org\/paraguay\/escuela-virgen-de-caacupe\/\" \/>\n<meta property=\"og:site_name\" content=\"#SomosFeyAlegria en Paraguay\" \/>\n<meta property=\"article:modified_time\" content=\"2023-02-07T19:47:46+00:00\" \/>\n<meta name=\"twitter:card\" content=\"summary_large_image\" \/>\n<meta name=\"twitter:label1\" content=\"Tiempo de lectura\" \/>\n\t<meta name=\"twitter:data1\" content=\"5 minutos\" \/>\n<script type=\"application\/ld+json\" class=\"yoast-schema-graph\">{\"@context\":\"https:\/\/schema.org\",\"@graph\":[{\"@type\":\"WebPage\",\"@id\":\"https:\/\/www.feyalegria.org\/paraguay\/escuela-virgen-de-caacupe\/\",\"url\":\"https:\/\/www.feyalegria.org\/paraguay\/escuela-virgen-de-caacupe\/\",\"name\":\"Escuela Virgen de Caacup\u00e9 - #SomosFeyAlegria en Paraguay\",\"isPartOf\":{\"@id\":\"https:\/\/www.feyalegria.org\/paraguay\/#website\"},\"datePublished\":\"2022-10-24T18:06:29+00:00\",\"dateModified\":\"2023-02-07T19:47:46+00:00\",\"breadcrumb\":{\"@id\":\"https:\/\/www.feyalegria.org\/paraguay\/escuela-virgen-de-caacupe\/#breadcrumb\"},\"inLanguage\":\"es\",\"potentialAction\":[{\"@type\":\"ReadAction\",\"target\":[\"https:\/\/www.feyalegria.org\/paraguay\/escuela-virgen-de-caacupe\/\"]}]},{\"@type\":\"BreadcrumbList\",\"@id\":\"https:\/\/www.feyalegria.org\/paraguay\/escuela-virgen-de-caacupe\/#breadcrumb\",\"itemListElement\":[{\"@type\":\"ListItem\",\"position\":1,\"name\":\"Home\",\"item\":\"https:\/\/www.feyalegria.org\/paraguay\/\"},{\"@type\":\"ListItem\",\"position\":2,\"name\":\"Escuela Virgen de Caacup\u00e9\"}]},{\"@type\":\"WebSite\",\"@id\":\"https:\/\/www.feyalegria.org\/paraguay\/#website\",\"url\":\"https:\/\/www.feyalegria.org\/paraguay\/\",\"name\":\"#SomosFeyAlegria en Paraguay\",\"description\":\"Movimiento de Educaci\u00f3n Popular y Promoci\u00f3n Social\",\"potentialAction\":[{\"@type\":\"SearchAction\",\"target\":{\"@type\":\"EntryPoint\",\"urlTemplate\":\"https:\/\/www.feyalegria.org\/paraguay\/?s={search_term_string}\"},\"query-input\":{\"@type\":\"PropertyValueSpecification\",\"valueRequired\":true,\"valueName\":\"search_term_string\"}}],\"inLanguage\":\"es\"}]}<\/script>\n<!-- \/ Yoast SEO plugin. -->","yoast_head_json":{"title":"Escuela Virgen de Caacup\u00e9 - #SomosFeyAlegria en Paraguay","robots":{"index":"index","follow":"follow","max-snippet":"max-snippet:-1","max-image-preview":"max-image-preview:large","max-video-preview":"max-video-preview:-1"},"canonical":"https:\/\/www.feyalegria.org\/paraguay\/escuela-virgen-de-caacupe\/","og_locale":"es_ES","og_type":"article","og_title":"Escuela Virgen de Caacup\u00e9 - #SomosFeyAlegria en Paraguay","og_description":"[vc_row][vc_column width=\u00bb5\/6&#8243;][\/vc_column][vc_column width=\u00bb1\/6&#8243;][\/vc_column][\/vc_row][vc_row][vc_column width=\u00bb2\/3&#8243;][vc_column_text]Escuela B\u00e1sica N\u00ba 4.947 \u00abVirgen Caacup\u00e9\u00bb, ubicada en el Departamento de Concepci\u00f3n, Distrito de Horqueta, km 59 de la Ruta V Gral. Bernardino Caballero, Zona Sur a 11 km de la ruta mencionada, en la comunidad denominada \u00abCalle 9 Alem\u00e1n Cu\u00e9\u00bb, del Barrio Caacup\u00e9. La Escuela comenz\u00f3 a funcionar desde el mes","og_url":"https:\/\/www.feyalegria.org\/paraguay\/escuela-virgen-de-caacupe\/","og_site_name":"#SomosFeyAlegria en Paraguay","article_modified_time":"2023-02-07T19:47:46+00:00","twitter_card":"summary_large_image","twitter_misc":{"Tiempo de lectura":"5 minutos"},"schema":{"@context":"https:\/\/schema.org","@graph":[{"@type":"WebPage","@id":"https:\/\/www.feyalegria.org\/paraguay\/escuela-virgen-de-caacupe\/","url":"https:\/\/www.feyalegria.org\/paraguay\/escuela-virgen-de-caacupe\/","name":"Escuela Virgen de Caacup\u00e9 - #SomosFeyAlegria en Paraguay","isPartOf":{"@id":"https:\/\/www.feyalegria.org\/paraguay\/#website"},"datePublished":"2022-10-24T18:06:29+00:00","dateModified":"2023-02-07T19:47:46+00:00","breadcrumb":{"@id":"https:\/\/www.feyalegria.org\/paraguay\/escuela-virgen-de-caacupe\/#breadcrumb"},"inLanguage":"es","potentialAction":[{"@type":"ReadAction","target":["https:\/\/www.feyalegria.org\/paraguay\/escuela-virgen-de-caacupe\/"]}]},{"@type":"BreadcrumbList","@id":"https:\/\/www.feyalegria.org\/paraguay\/escuela-virgen-de-caacupe\/#breadcrumb","itemListElement":[{"@type":"ListItem","position":1,"name":"Home","item":"https:\/\/www.feyalegria.org\/paraguay\/"},{"@type":"ListItem","position":2,"name":"Escuela Virgen de Caacup\u00e9"}]},{"@type":"WebSite","@id":"https:\/\/www.feyalegria.org\/paraguay\/#website","url":"https:\/\/www.feyalegria.org\/paraguay\/","name":"#SomosFeyAlegria en Paraguay","description":"Movimiento de Educaci\u00f3n Popular y Promoci\u00f3n Social","potentialAction":[{"@type":"SearchAction","target":{"@type":"EntryPoint","urlTemplate":"https:\/\/www.feyalegria.org\/paraguay\/?s={search_term_string}"},"query-input":{"@type":"PropertyValueSpecification","valueRequired":true,"valueName":"search_term_string"}}],"inLanguage":"es"}]}},"_links":{"self":[{"href":"https:\/\/www.feyalegria.org\/paraguay\/wp-json\/wp\/v2\/pages\/8397","targetHints":{"allow":["GET"]}}],"collection":[{"href":"https:\/\/www.feyalegria.org\/paraguay\/wp-json\/wp\/v2\/pages"}],"about":[{"href":"https:\/\/www.feyalegria.org\/paraguay\/wp-json\/wp\/v2\/types\/page"}],"author":[{"embeddable":true,"href":"https:\/\/www.feyalegria.org\/paraguay\/wp-json\/wp\/v2\/users\/2"}],"replies":[{"embeddable":true,"href":"https:\/\/www.feyalegria.org\/paraguay\/wp-json\/wp\/v2\/comments?post=8397"}],"version-history":[{"count":0,"href":"https:\/\/www.feyalegria.org\/paraguay\/wp-json\/wp\/v2\/pages\/8397\/revisions"}],"wp:attachment":[{"href":"https:\/\/www.feyalegria.org\/paraguay\/wp-json\/wp\/v2\/media?parent=8397"}],"wp:term":[{"taxonomy":"folder","embeddable":true,"href":"https:\/\/www.feyalegria.org\/paraguay\/wp-json\/wp\/v2\/folder?post=8397"}],"curies":[{"name":"wp","href":"https:\/\/api.w.org\/{rel}","templated":true}]}}