 {"id":8398,"date":"2022-10-24T14:05:09","date_gmt":"2022-10-24T19:05:09","guid":{"rendered":"https:\/\/www.feyalegria.org\/paraguay\/?page_id=2354"},"modified":"2023-02-07T15:00:18","modified_gmt":"2023-02-07T20:00:18","slug":"escuela-santa-librada-de-fe-y-alegria","status":"publish","type":"page","link":"https:\/\/www.feyalegria.org\/paraguay\/escuela-santa-librada-de-fe-y-alegria\/","title":{"rendered":"Escuela Santa Librada de Fe y Alegr\u00eda"},"content":{"rendered":"<div class=\"wpb-content-wrapper\"><p>[vc_row][vc_column width=\u00bb5\/6&#8243;]<div style=\"background-color:;height: 50px\" class=\"nicdark_section  \"><\/div>[\/vc_column][vc_column width=\u00bb1\/6&#8243;]<a href=\"https:\/\/www.feyalegria.org\/paraguay\/centros-educativos\/\" title=\"Centros educativos\"  data-id=\"mpc_button-7769d6aa10aeb04\" class=\"mpc-button mpc-init mpc-transition mpc-typography--default \" ><div class=\"mpc-button__content mpc-effect-type--stay mpc-effect-side--left\"><i class=\"mpc-button__icon mpc-transition  mi mi-pin_drop\"><\/i><span class=\"mpc-button__title mpc-transition\">Volver al mapa<\/span><\/div><div class=\"mpc-button__background mpc-transition mpc-effect-type--fade mpc-effect-side--in\"><\/div><\/a>[\/vc_column][\/vc_row][vc_row][vc_column width=\u00bb2\/3&#8243;][vc_column_text]La Escuela B\u00e1sica N\u00b0 4.999 Priv. Subv. \u201cSanta Librada\u201d de Fe y Alegr\u00eda, perteneciente a la SATPA 02 \u2013 38 San Vicente Pancholo, se encuentra ubicada en el centro mismo del barrio Santa Librada de San Jos\u00e9 del Norte del distrito San Vicente Pancholo\u00a0 que fue fundada en el a\u00f1o 1998 por iniciativa de las familias lugare\u00f1as. La apertura de la misma se dio desde el pre-escolar hasta el tercer grado en los turnos ma\u00f1ana y tarde con dos docentes.<br \/>\nEn la actualidad, en el barrio, existen m\u00e1s de 69 casas con 320 habitantes aproximadamente, en ellas existen una cantidad importante de j\u00f3venes, ni\u00f1os\/as, adolescentes, adultos y adultos mayores, las casas se encuentran aproximadamente a 100 metros de distancia una de otra, la superficie total es de 4 km cuadrados , un promedio de 80 habitantes por km<sup>2<\/sup>. A esto se suma 20 casas del asentamiento 26 de abril que queda a 1 km, al norte de esta localidad. La mayor\u00eda de los pobladores, tanto de Santa Librada como de 26 de abril, se encuentran con escasos recursos econ\u00f3micos que limita la proyecci\u00f3n y el desarrollo de la sociedad. Por la falta de oportunidades, pocos son los que participan en las diferentes actividades sociales.<br \/>\nHay una buena relaci\u00f3n entre los miembros de la comunidad, comparten las situaciones buenas y dif\u00edciles en todo momento.<br \/>\nLa mayor\u00eda son de familias numerosas. Los\/as hijos\/as en edad escolar son escolarizadas en su totalidad. En cuanto a tasa de crecimiento poblacional, la mayor\u00eda se encuentran asentadas en la localidad.<br \/>\nActualmente est\u00e1 bajo la direcci\u00f3n del Lic. Hugo C\u00e9sar Duarte Garcete.<br \/>\nEn el\u00a0 centro educativo\u00a0 se ense\u00f1a desde el jard\u00edn de Infantes de la\u00a0 E.I., hasta el 6\u00ba grado de la\u00a0 E.E.B.<br \/>\nEn el nivel inicial se tienen 23 alumnos, en el 1\u00ba ciclo 36 alumnos y en el 2\u00ba ciclo 20 alumnos totalizando 79 alumnos con 5 docentes, 3 de ellos trabajan en ambos turnos y 2 en un solo turno totalizando 8 rubros de la categor\u00eda LCE presupuestado y pagado por el MEC.<br \/>\nEn el turno tarde se ense\u00f1a los grados siguientes: 1\u00ba,2\u00ba,3\u00ba,4\u00ba y 5\u00ba; en el turno tarde Jard\u00edn de infantes, Preescolar y 6\u00ba. Tambi\u00e9n cuenta con un turno de direcci\u00f3n liberado.<br \/>\nLa instituci\u00f3n educativa cuenta con ACE&#8217;s, con 48 padres asociados a la misma.<\/p>\n<h5 style=\"text-align: left;\"><strong><span style=\"color: #aa0f16;\">Contactos<\/span><\/strong><\/h5>\n<p><strong>Directora<\/strong>: Hugo C\u00e9sar Duarte.<br \/>\n<strong>Tel\u00e9fono<\/strong>: +595982883433[\/vc_column_text][\/vc_column][vc_column width=\u00bb1\/3&#8243;][vc_gmaps link=\u00bb#E-8_JTNDaWZyYW1lJTIwc3JjJTNEJTIyaHR0cHMlM0ElMkYlMkZ3d3cuZ29vZ2xlLmNvbSUyRm1hcHMlMkZlbWJlZCUzRnBiJTNEJTIxMW0xNCUyMTFtOCUyMTFtMyUyMTFkMTQzMDcuNDE1MzQxNzQ0ODAzJTIxMmQtNTYuMTgxOTA4OCUyMTNkLTI0LjA1Njg4MDQlMjEzbTIlMjExaTEwMjQlMjEyaTc2OCUyMTRmMTMuMSUyMTNtMyUyMTFtMiUyMTFzMHg5NDYwNWYwOTMzZWNlNDM3JTI1M0EweDdmMmIzODc2NDBlNTI4OGQlMjEyc0VzY3VlbGElMjUyMEIlMjVDMyUyNUExc2ljYSUyNTIwTiUyNUMyJTI1QkElMjUyMDQ5OTklMjUyMFNhbnRhJTI1MjBMaWJyYWRhJTI1MjBkZSUyNTIwRmUlMjUyMHklMjUyMEFsZWdyJTI1QzMlMjVBRGElMjE1ZTElMjEzbTIlMjExc2VzLTQxOSUyMTJzcHklMjE0djE2NjY2MzYzOTE4MzclMjE1bTIlMjExc2VzLTQxOSUyMTJzcHklMjIlMjAlMjB3aWR0aCUzRCUyMjYwMCUyMiUyMGhlaWdodCUzRCUyMjQ1MCUyMiUyMGZyYW1lYm9yZGVyJTNEJTIyMCUyMiUyMHN0eWxlJTNEJTIyYm9yZGVyJTNBMCUzQiUyMiUyMGFsbG93ZnVsbHNjcmVlbiUzRCUyMiUyMiUyMGFyaWEtaGlkZGVuJTNEJTIyZmFsc2UlMjIlMjB0YWJpbmRleCUzRCUyMjAlMjIlM0UlM0MlMkZpZnJhbWUlM0U=\u00bb][\/vc_column][\/vc_row][vc_row][vc_column width=\u00bb1\/4&#8243;][vc_single_image image=\u00bb8549&#8243; img_size=\u00bbmedium\u00bb alignment=\u00bbcenter\u00bb onclick=\u00bbimg_link_large\u00bb][\/vc_column][vc_column width=\u00bb1\/4&#8243;][vc_single_image image=\u00bb8504&#8243; img_size=\u00bbmedium\u00bb alignment=\u00bbcenter\u00bb onclick=\u00bbimg_link_large\u00bb][\/vc_column][vc_column width=\u00bb1\/4&#8243;][vc_single_image image=\u00bb8458&#8243; img_size=\u00bbmedium\u00bb][\/vc_column][vc_column width=\u00bb1\/4&#8243;][vc_single_image image=\u00bb8415&#8243; img_size=\u00bbmedium\u00bb][\/vc_column][\/vc_row]<\/p>\n<\/div>","protected":false},"excerpt":{"rendered":"<p>[vc_row][vc_column width=\u00bb5\/6&#8243;][\/vc_column][vc_column width=\u00bb1\/6&#8243;][\/vc_column][\/vc_row][vc_row][vc_column width=\u00bb2\/3&#8243;][vc_column_text]La Escuela B\u00e1sica N\u00b0 4.999 Priv. Subv. \u201cSanta Librada\u201d de Fe y Alegr\u00eda, perteneciente a la SATPA 02 \u2013 38 San Vicente Pancholo, se encuentra ubicada en el centro mismo del barrio Santa Librada de San Jos\u00e9 del Norte del distrito San Vicente Pancholo\u00a0 que fue fundada en el a\u00f1o 1998 por<\/p>\n","protected":false},"author":2,"featured_media":0,"parent":0,"menu_order":0,"comment_status":"closed","ping_status":"closed","template":"","meta":{"_acf_changed":false,"footnotes":""},"folder":[],"class_list":["post-8398","page","type-page","status-publish","hentry"],"acf":[],"yoast_head":"<!-- This site is optimized with the Yoast SEO plugin v27.2 - https:\/\/yoast.com\/product\/yoast-seo-wordpress\/ -->\n<title>Escuela Santa Librada de Fe y Alegr\u00eda - #SomosFeyAlegria en Paraguay<\/title>\n<meta name=\"robots\" content=\"index, follow, max-snippet:-1, max-image-preview:large, max-video-preview:-1\" \/>\n<link rel=\"canonical\" href=\"https:\/\/www.feyalegria.org\/paraguay\/escuela-santa-librada-de-fe-y-alegria\/\" \/>\n<meta property=\"og:locale\" content=\"es_ES\" \/>\n<meta property=\"og:type\" content=\"article\" \/>\n<meta property=\"og:title\" content=\"Escuela Santa Librada de Fe y Alegr\u00eda - #SomosFeyAlegria en Paraguay\" \/>\n<meta property=\"og:description\" content=\"[vc_row][vc_column width=\u00bb5\/6&#8243;][\/vc_column][vc_column width=\u00bb1\/6&#8243;][\/vc_column][\/vc_row][vc_row][vc_column width=\u00bb2\/3&#8243;][vc_column_text]La Escuela B\u00e1sica N\u00b0 4.999 Priv. Subv. \u201cSanta Librada\u201d de Fe y Alegr\u00eda, perteneciente a la SATPA 02 \u2013 38 San Vicente Pancholo, se encuentra ubicada en el centro mismo del barrio Santa Librada de San Jos\u00e9 del Norte del distrito San Vicente Pancholo\u00a0 que fue fundada en el a\u00f1o 1998 por\" \/>\n<meta property=\"og:url\" content=\"https:\/\/www.feyalegria.org\/paraguay\/escuela-santa-librada-de-fe-y-alegria\/\" \/>\n<meta property=\"og:site_name\" content=\"#SomosFeyAlegria en Paraguay\" \/>\n<meta property=\"article:modified_time\" content=\"2023-02-07T20:00:18+00:00\" \/>\n<meta name=\"twitter:card\" content=\"summary_large_image\" \/>\n<meta name=\"twitter:label1\" content=\"Tiempo de lectura\" \/>\n\t<meta name=\"twitter:data1\" content=\"3 minutos\" \/>\n<script type=\"application\/ld+json\" class=\"yoast-schema-graph\">{\"@context\":\"https:\/\/schema.org\",\"@graph\":[{\"@type\":\"WebPage\",\"@id\":\"https:\/\/www.feyalegria.org\/paraguay\/escuela-santa-librada-de-fe-y-alegria\/\",\"url\":\"https:\/\/www.feyalegria.org\/paraguay\/escuela-santa-librada-de-fe-y-alegria\/\",\"name\":\"Escuela Santa Librada de Fe y Alegr\u00eda - #SomosFeyAlegria en Paraguay\",\"isPartOf\":{\"@id\":\"https:\/\/www.feyalegria.org\/paraguay\/#website\"},\"datePublished\":\"2022-10-24T19:05:09+00:00\",\"dateModified\":\"2023-02-07T20:00:18+00:00\",\"breadcrumb\":{\"@id\":\"https:\/\/www.feyalegria.org\/paraguay\/escuela-santa-librada-de-fe-y-alegria\/#breadcrumb\"},\"inLanguage\":\"es\",\"potentialAction\":[{\"@type\":\"ReadAction\",\"target\":[\"https:\/\/www.feyalegria.org\/paraguay\/escuela-santa-librada-de-fe-y-alegria\/\"]}]},{\"@type\":\"BreadcrumbList\",\"@id\":\"https:\/\/www.feyalegria.org\/paraguay\/escuela-santa-librada-de-fe-y-alegria\/#breadcrumb\",\"itemListElement\":[{\"@type\":\"ListItem\",\"position\":1,\"name\":\"Home\",\"item\":\"https:\/\/www.feyalegria.org\/paraguay\/\"},{\"@type\":\"ListItem\",\"position\":2,\"name\":\"Escuela Santa Librada de Fe y Alegr\u00eda\"}]},{\"@type\":\"WebSite\",\"@id\":\"https:\/\/www.feyalegria.org\/paraguay\/#website\",\"url\":\"https:\/\/www.feyalegria.org\/paraguay\/\",\"name\":\"#SomosFeyAlegria en Paraguay\",\"description\":\"Movimiento de Educaci\u00f3n Popular y Promoci\u00f3n Social\",\"potentialAction\":[{\"@type\":\"SearchAction\",\"target\":{\"@type\":\"EntryPoint\",\"urlTemplate\":\"https:\/\/www.feyalegria.org\/paraguay\/?s={search_term_string}\"},\"query-input\":{\"@type\":\"PropertyValueSpecification\",\"valueRequired\":true,\"valueName\":\"search_term_string\"}}],\"inLanguage\":\"es\"}]}<\/script>\n<!-- \/ Yoast SEO plugin. -->","yoast_head_json":{"title":"Escuela Santa Librada de Fe y Alegr\u00eda - #SomosFeyAlegria en Paraguay","robots":{"index":"index","follow":"follow","max-snippet":"max-snippet:-1","max-image-preview":"max-image-preview:large","max-video-preview":"max-video-preview:-1"},"canonical":"https:\/\/www.feyalegria.org\/paraguay\/escuela-santa-librada-de-fe-y-alegria\/","og_locale":"es_ES","og_type":"article","og_title":"Escuela Santa Librada de Fe y Alegr\u00eda - #SomosFeyAlegria en Paraguay","og_description":"[vc_row][vc_column width=\u00bb5\/6&#8243;][\/vc_column][vc_column width=\u00bb1\/6&#8243;][\/vc_column][\/vc_row][vc_row][vc_column width=\u00bb2\/3&#8243;][vc_column_text]La Escuela B\u00e1sica N\u00b0 4.999 Priv. Subv. \u201cSanta Librada\u201d de Fe y Alegr\u00eda, perteneciente a la SATPA 02 \u2013 38 San Vicente Pancholo, se encuentra ubicada en el centro mismo del barrio Santa Librada de San Jos\u00e9 del Norte del distrito San Vicente Pancholo\u00a0 que fue fundada en el a\u00f1o 1998 por","og_url":"https:\/\/www.feyalegria.org\/paraguay\/escuela-santa-librada-de-fe-y-alegria\/","og_site_name":"#SomosFeyAlegria en Paraguay","article_modified_time":"2023-02-07T20:00:18+00:00","twitter_card":"summary_large_image","twitter_misc":{"Tiempo de lectura":"3 minutos"},"schema":{"@context":"https:\/\/schema.org","@graph":[{"@type":"WebPage","@id":"https:\/\/www.feyalegria.org\/paraguay\/escuela-santa-librada-de-fe-y-alegria\/","url":"https:\/\/www.feyalegria.org\/paraguay\/escuela-santa-librada-de-fe-y-alegria\/","name":"Escuela Santa Librada de Fe y Alegr\u00eda - #SomosFeyAlegria en Paraguay","isPartOf":{"@id":"https:\/\/www.feyalegria.org\/paraguay\/#website"},"datePublished":"2022-10-24T19:05:09+00:00","dateModified":"2023-02-07T20:00:18+00:00","breadcrumb":{"@id":"https:\/\/www.feyalegria.org\/paraguay\/escuela-santa-librada-de-fe-y-alegria\/#breadcrumb"},"inLanguage":"es","potentialAction":[{"@type":"ReadAction","target":["https:\/\/www.feyalegria.org\/paraguay\/escuela-santa-librada-de-fe-y-alegria\/"]}]},{"@type":"BreadcrumbList","@id":"https:\/\/www.feyalegria.org\/paraguay\/escuela-santa-librada-de-fe-y-alegria\/#breadcrumb","itemListElement":[{"@type":"ListItem","position":1,"name":"Home","item":"https:\/\/www.feyalegria.org\/paraguay\/"},{"@type":"ListItem","position":2,"name":"Escuela Santa Librada de Fe y Alegr\u00eda"}]},{"@type":"WebSite","@id":"https:\/\/www.feyalegria.org\/paraguay\/#website","url":"https:\/\/www.feyalegria.org\/paraguay\/","name":"#SomosFeyAlegria en Paraguay","description":"Movimiento de Educaci\u00f3n Popular y Promoci\u00f3n Social","potentialAction":[{"@type":"SearchAction","target":{"@type":"EntryPoint","urlTemplate":"https:\/\/www.feyalegria.org\/paraguay\/?s={search_term_string}"},"query-input":{"@type":"PropertyValueSpecification","valueRequired":true,"valueName":"search_term_string"}}],"inLanguage":"es"}]}},"_links":{"self":[{"href":"https:\/\/www.feyalegria.org\/paraguay\/wp-json\/wp\/v2\/pages\/8398","targetHints":{"allow":["GET"]}}],"collection":[{"href":"https:\/\/www.feyalegria.org\/paraguay\/wp-json\/wp\/v2\/pages"}],"about":[{"href":"https:\/\/www.feyalegria.org\/paraguay\/wp-json\/wp\/v2\/types\/page"}],"author":[{"embeddable":true,"href":"https:\/\/www.feyalegria.org\/paraguay\/wp-json\/wp\/v2\/users\/2"}],"replies":[{"embeddable":true,"href":"https:\/\/www.feyalegria.org\/paraguay\/wp-json\/wp\/v2\/comments?post=8398"}],"version-history":[{"count":0,"href":"https:\/\/www.feyalegria.org\/paraguay\/wp-json\/wp\/v2\/pages\/8398\/revisions"}],"wp:attachment":[{"href":"https:\/\/www.feyalegria.org\/paraguay\/wp-json\/wp\/v2\/media?parent=8398"}],"wp:term":[{"taxonomy":"folder","embeddable":true,"href":"https:\/\/www.feyalegria.org\/paraguay\/wp-json\/wp\/v2\/folder?post=8398"}],"curies":[{"name":"wp","href":"https:\/\/api.w.org\/{rel}","templated":true}]}}