 {"id":8402,"date":"2022-10-26T15:01:02","date_gmt":"2022-10-26T20:01:02","guid":{"rendered":"https:\/\/www.feyalegria.org\/paraguay\/?page_id=2524"},"modified":"2023-02-03T08:50:58","modified_gmt":"2023-02-03T13:50:58","slug":"programa-de-becas-adelaida","status":"publish","type":"page","link":"https:\/\/www.feyalegria.org\/paraguay\/programa-de-becas-adelaida\/","title":{"rendered":"Programa de Becas Adelaida"},"content":{"rendered":"<div class=\"wpb-content-wrapper\"><p>[vc_row][vc_column][vc_column_text]<\/p>\n<section class=\"elementor-section elementor-inner-section elementor-element elementor-element-33d4b120 elementor-section-boxed elementor-section-height-default elementor-section-height-default\" data-id=\"33d4b120\">\n<div class=\"elementor-container elementor-column-gap-default\">\n<div class=\"elementor-row\">\n<div class=\"elementor-column elementor-col-100 elementor-inner-column elementor-element elementor-element-63345202\" data-id=\"63345202\">\n<div class=\"elementor-column-wrap elementor-element-populated\">\n<div class=\"elementor-widget-wrap\">\n<div class=\"elementor-element elementor-element-700b250f elementor-widget elementor-widget-heading\" data-id=\"700b250f\">\n<div class=\"elementor-widget-container\">\n<h2><span style=\"font-size: 18pt; color: #b00b0b;\"><strong>Programa de Becas Adelaida<\/strong><\/span><\/h2>\n<\/div>\n<\/div>\n<\/div>\n<\/div>\n<\/div>\n<\/div>\n<\/div>\n<\/section>\n<p>[\/vc_column_text][vc_column_text]El programa de becas Adelaida tiene como objetivo contribuir al bienestar social e igualdad de oportunidades de estudio, mejorando la calidad de vida de j\u00f3venes estudiantes egresados de los centros educativos de Fe y Alegr\u00eda a trav\u00e9s de la dotaci\u00f3n de recursos econ\u00f3micos para la cobertura de gastos universitarios, sean estos aranceles acad\u00e9micos, materiales, insumos, gastos de movilidad, alojamiento, alimentaci\u00f3n, entre otros, a fin de asegurar la permanencia y culminaci\u00f3n de su carrera universitaria.<br \/>\nEl proceso de selecci\u00f3n de beneficiarios es realizado a trav\u00e9s de un equipo t\u00e9cnico que eval\u00faa el desempe\u00f1o acad\u00e9mico de los egresados, adem\u00e1s de otros factores que hacen al acceso a una educaci\u00f3n superior. Los beneficiarios, adem\u00e1s, retribuyen este aporte a trav\u00e9s de un programa de voluntariado que busca promover en los j\u00f3venes el esp\u00edritu de servicio a trav\u00e9s de acciones concretas dentro de su comunidad.<br \/>\n<strong>Beneficiarios:<\/strong> 10 estudiantes egresados (por a\u00f1o) de la Educaci\u00f3n Media de los Centros de Fe y Alegr\u00eda que hayan sido seleccionados en base a su rendimiento acad\u00e9mico.[\/vc_column_text][vc_column_text]<\/p>\n<div class=\"elementor-element elementor-element-39892042 elementor-widget elementor-widget-heading\" data-id=\"39892042\">\n<div class=\"elementor-widget-container\">\n<h3 class=\"elementor-heading-title elementor-size-default\">Financiadora<\/h3>\n<\/div>\n<\/div>\n<p>[\/vc_column_text][vc_single_image image=\u00bb8793&#8243; img_size=\u00bbmedium\u00bb alignment=\u00bbcenter\u00bb][vc_column_text]<\/p>\n<div class=\"elementor-element elementor-element-39892042 elementor-widget elementor-widget-heading\" data-id=\"39892042\">\n<div class=\"elementor-widget-container\">\n<h3 class=\"elementor-heading-title elementor-size-default\">Fotos del Proyecto<\/h3>\n<\/div>\n<\/div>\n<p>[\/vc_column_text][\/vc_column][\/vc_row][vc_row][vc_column alignment=\u00bbcenter\u00bb]<div class=\"mpc-carousel__wrapper mpc-waypoint\"><div id=\"mpc_carousel_image-569e27b17d3ba2\" class=\"mpc-carousel-image mpc-init mpc-layout--classic mpc-effect--none \"  data-mpcslick='{\"infinite\":true,\"autoplay\":true,\"slidesToShow\":4,\"slidesToScroll\":1,\"centerMode\":false,\"initialSlide\":0,\"autoplaySpeed\":3500,\"speed\":500}' data-slick-cols=\"4\"><div target=\"\"class=\"mpc-carousel__item-wrapper\" data-height=\"300\"><div onclick=\"\" class=\"mpc-item mpc-transition\"><div class=\"mpc-border\"><\/div><img loading=\"lazy\" decoding=\"async\" width=\"300\" height=\"300\" src=\"https:\/\/d3pugrm67vf9n7.cloudfront.net\/wp-content\/uploads\/sites\/33\/2023\/02\/02100932\/ba1-300x300.png\" class=\"mpc-transition attachment-medium\" alt=\"\" title=\"ba1\" srcset=\"https:\/\/d3pugrm67vf9n7.cloudfront.net\/wp-content\/uploads\/sites\/33\/2023\/02\/02100932\/ba1.png 300w, https:\/\/d3pugrm67vf9n7.cloudfront.net\/wp-content\/uploads\/sites\/33\/2023\/02\/02100932\/ba1-150x150.png 150w\" sizes=\"auto, (max-width: 300px) 100vw, 300px\" \/><\/div><\/div><div target=\"\"class=\"mpc-carousel__item-wrapper\" data-height=\"300\"><div onclick=\"\" class=\"mpc-item mpc-transition\"><div class=\"mpc-border\"><\/div><img loading=\"lazy\" decoding=\"async\" width=\"300\" height=\"300\" src=\"https:\/\/d3pugrm67vf9n7.cloudfront.net\/wp-content\/uploads\/sites\/33\/2023\/02\/02100935\/ba2-300x300.png\" class=\"mpc-transition attachment-medium\" alt=\"\" title=\"ba2\" srcset=\"https:\/\/d3pugrm67vf9n7.cloudfront.net\/wp-content\/uploads\/sites\/33\/2023\/02\/02100935\/ba2.png 300w, https:\/\/d3pugrm67vf9n7.cloudfront.net\/wp-content\/uploads\/sites\/33\/2023\/02\/02100935\/ba2-150x150.png 150w\" sizes=\"auto, (max-width: 300px) 100vw, 300px\" \/><\/div><\/div><div target=\"\"class=\"mpc-carousel__item-wrapper\" data-height=\"300\"><div onclick=\"\" class=\"mpc-item mpc-transition\"><div class=\"mpc-border\"><\/div><img loading=\"lazy\" decoding=\"async\" width=\"300\" height=\"300\" src=\"https:\/\/d3pugrm67vf9n7.cloudfront.net\/wp-content\/uploads\/sites\/33\/2023\/02\/02100958\/becas1-300x300.png\" class=\"mpc-transition attachment-medium\" alt=\"\" title=\"becas1\" srcset=\"https:\/\/d3pugrm67vf9n7.cloudfront.net\/wp-content\/uploads\/sites\/33\/2023\/02\/02100958\/becas1.png 300w, https:\/\/d3pugrm67vf9n7.cloudfront.net\/wp-content\/uploads\/sites\/33\/2023\/02\/02100958\/becas1-150x150.png 150w\" sizes=\"auto, (max-width: 300px) 100vw, 300px\" \/><\/div><\/div><div target=\"\"class=\"mpc-carousel__item-wrapper\" data-height=\"300\"><div onclick=\"\" class=\"mpc-item mpc-transition\"><div class=\"mpc-border\"><\/div><img loading=\"lazy\" decoding=\"async\" width=\"300\" height=\"300\" src=\"https:\/\/d3pugrm67vf9n7.cloudfront.net\/wp-content\/uploads\/sites\/33\/2023\/02\/02101004\/becas3-300x300.png\" class=\"mpc-transition attachment-medium\" alt=\"\" title=\"becas3\" srcset=\"https:\/\/d3pugrm67vf9n7.cloudfront.net\/wp-content\/uploads\/sites\/33\/2023\/02\/02101004\/becas3.png 300w, https:\/\/d3pugrm67vf9n7.cloudfront.net\/wp-content\/uploads\/sites\/33\/2023\/02\/02101004\/becas3-150x150.png 150w\" sizes=\"auto, (max-width: 300px) 100vw, 300px\" \/><\/div><\/div><div target=\"\"class=\"mpc-carousel__item-wrapper\" data-height=\"300\"><div onclick=\"\" class=\"mpc-item mpc-transition\"><div class=\"mpc-border\"><\/div><img loading=\"lazy\" decoding=\"async\" width=\"300\" height=\"300\" src=\"https:\/\/d3pugrm67vf9n7.cloudfront.net\/wp-content\/uploads\/sites\/33\/2023\/02\/02101001\/becas2-300x300.png\" class=\"mpc-transition attachment-medium\" alt=\"\" title=\"becas2\" srcset=\"https:\/\/d3pugrm67vf9n7.cloudfront.net\/wp-content\/uploads\/sites\/33\/2023\/02\/02101001\/becas2.png 300w, https:\/\/d3pugrm67vf9n7.cloudfront.net\/wp-content\/uploads\/sites\/33\/2023\/02\/02101001\/becas2-150x150.png 150w\" sizes=\"auto, (max-width: 300px) 100vw, 300px\" \/><\/div><\/div><\/div><div class=\"mpc-navigation mpc-init mpc-align--center mpc-navigation--style_5  mpc-nav-preset--default\" data-mpcslider=\"mpc_carousel_image-569e27b17d3ba2\"><div class=\"mpc-nav__arrow mpcslick-prev\"><div class=\"mpc-nav__icon mpc-transition\"><i class=\" eti eti_arrow_carrot-left\"><div class=\"mpc-nav__background mpc-transition mpc-effect-type--slide mpc-effect-side--top\"><\/div><\/i><\/div><\/div><\/div><div class=\"mpc-navigation mpc-init mpc-align--center mpc-navigation--style_5  mpc-nav-preset--default\" data-mpcslider=\"mpc_carousel_image-569e27b17d3ba2\"><div class=\"mpc-nav__arrow mpcslick-next\"><div class=\"mpc-nav__icon mpc-transition\"><i class=\" eti eti_arrow_carrot-right\"><div class=\"mpc-nav__background mpc-transition mpc-effect-type--slide mpc-effect-side--top\"><\/div><\/i><\/div><\/div><\/div><\/div>[\/vc_column][\/vc_row]<\/p>\n<\/div>","protected":false},"excerpt":{"rendered":"<p>[vc_row][vc_column][vc_column_text] Programa de Becas Adelaida [\/vc_column_text][vc_column_text]El programa de becas Adelaida tiene como objetivo contribuir al bienestar social e igualdad de oportunidades de estudio, mejorando la calidad de vida de j\u00f3venes estudiantes egresados de los centros educativos de Fe y Alegr\u00eda a trav\u00e9s de la dotaci\u00f3n de recursos econ\u00f3micos para la cobertura de gastos universitarios, sean<\/p>\n","protected":false},"author":2,"featured_media":0,"parent":0,"menu_order":0,"comment_status":"closed","ping_status":"closed","template":"","meta":{"_acf_changed":false,"footnotes":""},"folder":[],"class_list":["post-8402","page","type-page","status-publish","hentry"],"acf":[],"yoast_head":"<!-- This site is optimized with the Yoast SEO plugin v27.2 - https:\/\/yoast.com\/product\/yoast-seo-wordpress\/ -->\n<title>Programa de Becas Adelaida - #SomosFeyAlegria en Paraguay<\/title>\n<meta name=\"robots\" content=\"index, follow, max-snippet:-1, max-image-preview:large, max-video-preview:-1\" \/>\n<link rel=\"canonical\" href=\"https:\/\/www.feyalegria.org\/paraguay\/programa-de-becas-adelaida\/\" \/>\n<meta property=\"og:locale\" content=\"es_ES\" \/>\n<meta property=\"og:type\" content=\"article\" \/>\n<meta property=\"og:title\" content=\"Programa de Becas Adelaida - #SomosFeyAlegria en Paraguay\" \/>\n<meta property=\"og:description\" content=\"[vc_row][vc_column][vc_column_text] Programa de Becas Adelaida [\/vc_column_text][vc_column_text]El programa de becas Adelaida tiene como objetivo contribuir al bienestar social e igualdad de oportunidades de estudio, mejorando la calidad de vida de j\u00f3venes estudiantes egresados de los centros educativos de Fe y Alegr\u00eda a trav\u00e9s de la dotaci\u00f3n de recursos econ\u00f3micos para la cobertura de gastos universitarios, sean\" \/>\n<meta property=\"og:url\" content=\"https:\/\/www.feyalegria.org\/paraguay\/programa-de-becas-adelaida\/\" \/>\n<meta property=\"og:site_name\" content=\"#SomosFeyAlegria en Paraguay\" \/>\n<meta property=\"article:modified_time\" content=\"2023-02-03T13:50:58+00:00\" \/>\n<meta name=\"twitter:card\" content=\"summary_large_image\" \/>\n<meta name=\"twitter:label1\" content=\"Tiempo de lectura\" \/>\n\t<meta name=\"twitter:data1\" content=\"1 minuto\" \/>\n<script type=\"application\/ld+json\" class=\"yoast-schema-graph\">{\"@context\":\"https:\/\/schema.org\",\"@graph\":[{\"@type\":\"WebPage\",\"@id\":\"https:\/\/www.feyalegria.org\/paraguay\/programa-de-becas-adelaida\/\",\"url\":\"https:\/\/www.feyalegria.org\/paraguay\/programa-de-becas-adelaida\/\",\"name\":\"Programa de Becas Adelaida - #SomosFeyAlegria en Paraguay\",\"isPartOf\":{\"@id\":\"https:\/\/www.feyalegria.org\/paraguay\/#website\"},\"datePublished\":\"2022-10-26T20:01:02+00:00\",\"dateModified\":\"2023-02-03T13:50:58+00:00\",\"breadcrumb\":{\"@id\":\"https:\/\/www.feyalegria.org\/paraguay\/programa-de-becas-adelaida\/#breadcrumb\"},\"inLanguage\":\"es\",\"potentialAction\":[{\"@type\":\"ReadAction\",\"target\":[\"https:\/\/www.feyalegria.org\/paraguay\/programa-de-becas-adelaida\/\"]}]},{\"@type\":\"BreadcrumbList\",\"@id\":\"https:\/\/www.feyalegria.org\/paraguay\/programa-de-becas-adelaida\/#breadcrumb\",\"itemListElement\":[{\"@type\":\"ListItem\",\"position\":1,\"name\":\"Home\",\"item\":\"https:\/\/www.feyalegria.org\/paraguay\/\"},{\"@type\":\"ListItem\",\"position\":2,\"name\":\"Programa de Becas Adelaida\"}]},{\"@type\":\"WebSite\",\"@id\":\"https:\/\/www.feyalegria.org\/paraguay\/#website\",\"url\":\"https:\/\/www.feyalegria.org\/paraguay\/\",\"name\":\"#SomosFeyAlegria en Paraguay\",\"description\":\"Movimiento de Educaci\u00f3n Popular y Promoci\u00f3n Social\",\"potentialAction\":[{\"@type\":\"SearchAction\",\"target\":{\"@type\":\"EntryPoint\",\"urlTemplate\":\"https:\/\/www.feyalegria.org\/paraguay\/?s={search_term_string}\"},\"query-input\":{\"@type\":\"PropertyValueSpecification\",\"valueRequired\":true,\"valueName\":\"search_term_string\"}}],\"inLanguage\":\"es\"}]}<\/script>\n<!-- \/ Yoast SEO plugin. -->","yoast_head_json":{"title":"Programa de Becas Adelaida - #SomosFeyAlegria en Paraguay","robots":{"index":"index","follow":"follow","max-snippet":"max-snippet:-1","max-image-preview":"max-image-preview:large","max-video-preview":"max-video-preview:-1"},"canonical":"https:\/\/www.feyalegria.org\/paraguay\/programa-de-becas-adelaida\/","og_locale":"es_ES","og_type":"article","og_title":"Programa de Becas Adelaida - #SomosFeyAlegria en Paraguay","og_description":"[vc_row][vc_column][vc_column_text] Programa de Becas Adelaida [\/vc_column_text][vc_column_text]El programa de becas Adelaida tiene como objetivo contribuir al bienestar social e igualdad de oportunidades de estudio, mejorando la calidad de vida de j\u00f3venes estudiantes egresados de los centros educativos de Fe y Alegr\u00eda a trav\u00e9s de la dotaci\u00f3n de recursos econ\u00f3micos para la cobertura de gastos universitarios, sean","og_url":"https:\/\/www.feyalegria.org\/paraguay\/programa-de-becas-adelaida\/","og_site_name":"#SomosFeyAlegria en Paraguay","article_modified_time":"2023-02-03T13:50:58+00:00","twitter_card":"summary_large_image","twitter_misc":{"Tiempo de lectura":"1 minuto"},"schema":{"@context":"https:\/\/schema.org","@graph":[{"@type":"WebPage","@id":"https:\/\/www.feyalegria.org\/paraguay\/programa-de-becas-adelaida\/","url":"https:\/\/www.feyalegria.org\/paraguay\/programa-de-becas-adelaida\/","name":"Programa de Becas Adelaida - #SomosFeyAlegria en Paraguay","isPartOf":{"@id":"https:\/\/www.feyalegria.org\/paraguay\/#website"},"datePublished":"2022-10-26T20:01:02+00:00","dateModified":"2023-02-03T13:50:58+00:00","breadcrumb":{"@id":"https:\/\/www.feyalegria.org\/paraguay\/programa-de-becas-adelaida\/#breadcrumb"},"inLanguage":"es","potentialAction":[{"@type":"ReadAction","target":["https:\/\/www.feyalegria.org\/paraguay\/programa-de-becas-adelaida\/"]}]},{"@type":"BreadcrumbList","@id":"https:\/\/www.feyalegria.org\/paraguay\/programa-de-becas-adelaida\/#breadcrumb","itemListElement":[{"@type":"ListItem","position":1,"name":"Home","item":"https:\/\/www.feyalegria.org\/paraguay\/"},{"@type":"ListItem","position":2,"name":"Programa de Becas Adelaida"}]},{"@type":"WebSite","@id":"https:\/\/www.feyalegria.org\/paraguay\/#website","url":"https:\/\/www.feyalegria.org\/paraguay\/","name":"#SomosFeyAlegria en Paraguay","description":"Movimiento de Educaci\u00f3n Popular y Promoci\u00f3n Social","potentialAction":[{"@type":"SearchAction","target":{"@type":"EntryPoint","urlTemplate":"https:\/\/www.feyalegria.org\/paraguay\/?s={search_term_string}"},"query-input":{"@type":"PropertyValueSpecification","valueRequired":true,"valueName":"search_term_string"}}],"inLanguage":"es"}]}},"_links":{"self":[{"href":"https:\/\/www.feyalegria.org\/paraguay\/wp-json\/wp\/v2\/pages\/8402","targetHints":{"allow":["GET"]}}],"collection":[{"href":"https:\/\/www.feyalegria.org\/paraguay\/wp-json\/wp\/v2\/pages"}],"about":[{"href":"https:\/\/www.feyalegria.org\/paraguay\/wp-json\/wp\/v2\/types\/page"}],"author":[{"embeddable":true,"href":"https:\/\/www.feyalegria.org\/paraguay\/wp-json\/wp\/v2\/users\/2"}],"replies":[{"embeddable":true,"href":"https:\/\/www.feyalegria.org\/paraguay\/wp-json\/wp\/v2\/comments?post=8402"}],"version-history":[{"count":0,"href":"https:\/\/www.feyalegria.org\/paraguay\/wp-json\/wp\/v2\/pages\/8402\/revisions"}],"wp:attachment":[{"href":"https:\/\/www.feyalegria.org\/paraguay\/wp-json\/wp\/v2\/media?parent=8402"}],"wp:term":[{"taxonomy":"folder","embeddable":true,"href":"https:\/\/www.feyalegria.org\/paraguay\/wp-json\/wp\/v2\/folder?post=8402"}],"curies":[{"name":"wp","href":"https:\/\/api.w.org\/{rel}","templated":true}]}}