 {"id":8404,"date":"2022-10-27T07:57:51","date_gmt":"2022-10-27T12:57:51","guid":{"rendered":"https:\/\/www.feyalegria.org\/paraguay\/?page_id=2534"},"modified":"2023-02-07T18:03:33","modified_gmt":"2023-02-07T23:03:33","slug":"colegio-tecnico-san-francisco","status":"publish","type":"page","link":"https:\/\/www.feyalegria.org\/paraguay\/colegio-tecnico-san-francisco\/","title":{"rendered":"Colegio T\u00e9cnico San Francisco"},"content":{"rendered":"<div class=\"wpb-content-wrapper\"><p>[vc_row][vc_column width=\u00bb5\/6&#8243;]<div style=\"background-color:;height: 50px\" class=\"nicdark_section  \"><\/div>[\/vc_column][vc_column width=\u00bb1\/6&#8243;]<a href=\"https:\/\/www.feyalegria.org\/paraguay\/centros-educativos\/\" title=\"Centros educativos\"  data-id=\"mpc_button-8269d0cab05450f\" class=\"mpc-button mpc-init mpc-transition mpc-typography--default \" ><div class=\"mpc-button__content mpc-effect-type--stay mpc-effect-side--left\"><i class=\"mpc-button__icon mpc-transition  mi mi-pin_drop\"><\/i><span class=\"mpc-button__title mpc-transition\">Volver al mapa<\/span><\/div><div class=\"mpc-button__background mpc-transition mpc-effect-type--fade mpc-effect-side--in\"><\/div><\/a>[\/vc_column][\/vc_row][vc_row][vc_column width=\u00bb2\/3&#8243;][vc_column_text]El Ministerio de Educaci\u00f3n y Ciencias ha confiado la gesti\u00f3n administrativa y pedag\u00f3gica del Proyecto Educativo a la Asociaci\u00f3n Fe y Alegr\u00eda a partir del a\u00f1o 2019. Desde sus inicios, el Convenio N\u00ba 4500052593\/2019 entre la Entidad Binacional Itaip\u00fa y la Asociaci\u00f3n Fe y Alegr\u00eda Paraguay, permite la implementaci\u00f3n del \u201cProyecto Educativo del Colegio T\u00e9cnico del Barrio San Francisco\u201d.<br \/>\nEl Proyecto educativo contempla las siguientes ofertas de formaci\u00f3n:<\/p>\n<ul>\n<li>El Colegio T\u00e9cnico San Francisco cuenta con las siguientes especialidades: Inform\u00e1tica con \u00e9nfasis en Rob\u00f3tica; Electricidad con \u00e9nfasis en dom\u00f3tica y Confecci\u00f3n Industrial. Habilitado el 1\u00ba, 2\u00ba y 3\u00ba curso de las tres especialidades.<\/li>\n<li>El Centro N\u00ba 224 San Francisco de Educaci\u00f3n Media para Personas J\u00f3venes y Adultas, EMPJA. Habilitado el 1\u00ba, 2\u00ba, 3\u00ba y 4\u00ba nivel.<\/li>\n<li>El Instituto T\u00e9cnico Superior San Francisco cuenta con las siguientes carreras: T\u00e9cnico Superior en Inform\u00e1tica; T\u00e9cnico Superior en Electricidad; y T\u00e9cnico Superior en Confecci\u00f3n Industrial. Habilitada la Cohorte 2021-2023.<\/li>\n<\/ul>\n<h5 style=\"text-align: left;\"><strong><span style=\"color: #aa0f16;\">Contactos<\/span><\/strong><\/h5>\n<p><strong>Director<\/strong>: Prof. Claudio Arguello<br \/>\n<strong>Tel\u00e9fono<\/strong>: +595986263531[\/vc_column_text][\/vc_column][vc_column width=\u00bb1\/3&#8243;][vc_gmaps link=\u00bb#E-8_JTNDaWZyYW1lJTIwc3JjJTNEJTIyaHR0cHMlM0ElMkYlMkZ3d3cuZ29vZ2xlLmNvbSUyRm1hcHMlMkZlbWJlZCUzRnBiJTNEJTIxMW0xOCUyMTFtMTIlMjExbTMlMjExZDM2MDguOTg3OTAzNDE4OTM2JTIxMmQtNTcuNTY1NjA0MSUyMTNkLTI1LjIzNzMzMjQlMjEybTMlMjExZjAlMjEyZjAlMjEzZjAlMjEzbTIlMjExaTEwMjQlMjEyaTc2OCUyMTRmMTMuMSUyMTNtMyUyMTFtMiUyMTFzMHg5NDVkYTdhOWMyNTZlMzQ3JTI1M0EweDU4MzQyNzE5YWIwMWE0ZTQlMjEyc0NvbGVnaW8lMjUyMFQlMjVDMyUyNUE5Y25pY28lMjUyMFNhbiUyNTIwRnJhbmNpc2NvJTI1MjBkZSUyNTIwRmUlMjUyMHklMjUyMEFsZWdyJTI1QzMlMjVBRGElMjE1ZTAlMjEzbTIlMjExc2VzJTIxMnNweSUyMTR2MTY2Njg3Mzc0Mzk2NCUyMTVtMiUyMTFzZXMlMjEyc3B5JTIyJTIwd2lkdGglM0QlMjI2MDAlMjIlMjBoZWlnaHQlM0QlMjI0NTAlMjIlMjBmcmFtZWJvcmRlciUzRCUyMjAlMjIlMjBzdHlsZSUzRCUyMmJvcmRlciUzQTAlM0IlMjIlMjBhbGxvd2Z1bGxzY3JlZW4lM0QlMjIlMjIlMjBhcmlhLWhpZGRlbiUzRCUyMmZhbHNlJTIyJTIwdGFiaW5kZXglM0QlMjIwJTIyJTNFJTNDJTJGaWZyYW1lJTNF\u00bb][\/vc_column][\/vc_row][vc_row][vc_column width=\u00bb1\/4&#8243;][vc_single_image image=\u00bb9016&#8243; img_size=\u00bbmedium\u00bb alignment=\u00bbcenter\u00bb onclick=\u00bbimg_link_large\u00bb][\/vc_column][vc_column width=\u00bb1\/4&#8243;][vc_single_image image=\u00bb9017&#8243; img_size=\u00bbmedium\u00bb alignment=\u00bbcenter\u00bb onclick=\u00bbimg_link_large\u00bb][\/vc_column][vc_column width=\u00bb1\/4&#8243;][vc_single_image image=\u00bb8728&#8243; img_size=\u00bbmedium\u00bb alignment=\u00bbcenter\u00bb onclick=\u00bbimg_link_large\u00bb][\/vc_column][vc_column width=\u00bb1\/4&#8243;][vc_single_image image=\u00bb9014&#8243; img_size=\u00bbmedium\u00bb alignment=\u00bbcenter\u00bb onclick=\u00bbimg_link_large\u00bb][\/vc_column][\/vc_row]<\/p>\n<\/div>","protected":false},"excerpt":{"rendered":"<p>[vc_row][vc_column width=\u00bb5\/6&#8243;][\/vc_column][vc_column width=\u00bb1\/6&#8243;][\/vc_column][\/vc_row][vc_row][vc_column width=\u00bb2\/3&#8243;][vc_column_text]El Ministerio de Educaci\u00f3n y Ciencias ha confiado la gesti\u00f3n administrativa y pedag\u00f3gica del Proyecto Educativo a la Asociaci\u00f3n Fe y Alegr\u00eda a partir del a\u00f1o 2019. Desde sus inicios, el Convenio N\u00ba 4500052593\/2019 entre la Entidad Binacional Itaip\u00fa y la Asociaci\u00f3n Fe y Alegr\u00eda Paraguay, permite la implementaci\u00f3n del \u201cProyecto Educativo<\/p>\n","protected":false},"author":2,"featured_media":0,"parent":0,"menu_order":0,"comment_status":"closed","ping_status":"closed","template":"","meta":{"_acf_changed":false,"footnotes":""},"folder":[],"class_list":["post-8404","page","type-page","status-publish","hentry"],"acf":[],"yoast_head":"<!-- This site is optimized with the Yoast SEO plugin v27.2 - https:\/\/yoast.com\/product\/yoast-seo-wordpress\/ -->\n<title>Colegio T\u00e9cnico San Francisco - #SomosFeyAlegria en Paraguay<\/title>\n<meta name=\"robots\" content=\"index, follow, max-snippet:-1, max-image-preview:large, max-video-preview:-1\" \/>\n<link rel=\"canonical\" href=\"https:\/\/www.feyalegria.org\/paraguay\/colegio-tecnico-san-francisco\/\" \/>\n<meta property=\"og:locale\" content=\"es_ES\" \/>\n<meta property=\"og:type\" content=\"article\" \/>\n<meta property=\"og:title\" content=\"Colegio T\u00e9cnico San Francisco - #SomosFeyAlegria en Paraguay\" \/>\n<meta property=\"og:description\" content=\"[vc_row][vc_column width=\u00bb5\/6&#8243;][\/vc_column][vc_column width=\u00bb1\/6&#8243;][\/vc_column][\/vc_row][vc_row][vc_column width=\u00bb2\/3&#8243;][vc_column_text]El Ministerio de Educaci\u00f3n y Ciencias ha confiado la gesti\u00f3n administrativa y pedag\u00f3gica del Proyecto Educativo a la Asociaci\u00f3n Fe y Alegr\u00eda a partir del a\u00f1o 2019. Desde sus inicios, el Convenio N\u00ba 4500052593\/2019 entre la Entidad Binacional Itaip\u00fa y la Asociaci\u00f3n Fe y Alegr\u00eda Paraguay, permite la implementaci\u00f3n del \u201cProyecto Educativo\" \/>\n<meta property=\"og:url\" content=\"https:\/\/www.feyalegria.org\/paraguay\/colegio-tecnico-san-francisco\/\" \/>\n<meta property=\"og:site_name\" content=\"#SomosFeyAlegria en Paraguay\" \/>\n<meta property=\"article:modified_time\" content=\"2023-02-07T23:03:33+00:00\" \/>\n<meta name=\"twitter:card\" content=\"summary_large_image\" \/>\n<meta name=\"twitter:label1\" content=\"Tiempo de lectura\" \/>\n\t<meta name=\"twitter:data1\" content=\"2 minutos\" \/>\n<script type=\"application\/ld+json\" class=\"yoast-schema-graph\">{\"@context\":\"https:\/\/schema.org\",\"@graph\":[{\"@type\":\"WebPage\",\"@id\":\"https:\/\/www.feyalegria.org\/paraguay\/colegio-tecnico-san-francisco\/\",\"url\":\"https:\/\/www.feyalegria.org\/paraguay\/colegio-tecnico-san-francisco\/\",\"name\":\"Colegio T\u00e9cnico San Francisco - #SomosFeyAlegria en Paraguay\",\"isPartOf\":{\"@id\":\"https:\/\/www.feyalegria.org\/paraguay\/#website\"},\"datePublished\":\"2022-10-27T12:57:51+00:00\",\"dateModified\":\"2023-02-07T23:03:33+00:00\",\"breadcrumb\":{\"@id\":\"https:\/\/www.feyalegria.org\/paraguay\/colegio-tecnico-san-francisco\/#breadcrumb\"},\"inLanguage\":\"es\",\"potentialAction\":[{\"@type\":\"ReadAction\",\"target\":[\"https:\/\/www.feyalegria.org\/paraguay\/colegio-tecnico-san-francisco\/\"]}]},{\"@type\":\"BreadcrumbList\",\"@id\":\"https:\/\/www.feyalegria.org\/paraguay\/colegio-tecnico-san-francisco\/#breadcrumb\",\"itemListElement\":[{\"@type\":\"ListItem\",\"position\":1,\"name\":\"Home\",\"item\":\"https:\/\/www.feyalegria.org\/paraguay\/\"},{\"@type\":\"ListItem\",\"position\":2,\"name\":\"Colegio T\u00e9cnico San Francisco\"}]},{\"@type\":\"WebSite\",\"@id\":\"https:\/\/www.feyalegria.org\/paraguay\/#website\",\"url\":\"https:\/\/www.feyalegria.org\/paraguay\/\",\"name\":\"#SomosFeyAlegria en Paraguay\",\"description\":\"Movimiento de Educaci\u00f3n Popular y Promoci\u00f3n Social\",\"potentialAction\":[{\"@type\":\"SearchAction\",\"target\":{\"@type\":\"EntryPoint\",\"urlTemplate\":\"https:\/\/www.feyalegria.org\/paraguay\/?s={search_term_string}\"},\"query-input\":{\"@type\":\"PropertyValueSpecification\",\"valueRequired\":true,\"valueName\":\"search_term_string\"}}],\"inLanguage\":\"es\"}]}<\/script>\n<!-- \/ Yoast SEO plugin. -->","yoast_head_json":{"title":"Colegio T\u00e9cnico San Francisco - #SomosFeyAlegria en Paraguay","robots":{"index":"index","follow":"follow","max-snippet":"max-snippet:-1","max-image-preview":"max-image-preview:large","max-video-preview":"max-video-preview:-1"},"canonical":"https:\/\/www.feyalegria.org\/paraguay\/colegio-tecnico-san-francisco\/","og_locale":"es_ES","og_type":"article","og_title":"Colegio T\u00e9cnico San Francisco - #SomosFeyAlegria en Paraguay","og_description":"[vc_row][vc_column width=\u00bb5\/6&#8243;][\/vc_column][vc_column width=\u00bb1\/6&#8243;][\/vc_column][\/vc_row][vc_row][vc_column width=\u00bb2\/3&#8243;][vc_column_text]El Ministerio de Educaci\u00f3n y Ciencias ha confiado la gesti\u00f3n administrativa y pedag\u00f3gica del Proyecto Educativo a la Asociaci\u00f3n Fe y Alegr\u00eda a partir del a\u00f1o 2019. Desde sus inicios, el Convenio N\u00ba 4500052593\/2019 entre la Entidad Binacional Itaip\u00fa y la Asociaci\u00f3n Fe y Alegr\u00eda Paraguay, permite la implementaci\u00f3n del \u201cProyecto Educativo","og_url":"https:\/\/www.feyalegria.org\/paraguay\/colegio-tecnico-san-francisco\/","og_site_name":"#SomosFeyAlegria en Paraguay","article_modified_time":"2023-02-07T23:03:33+00:00","twitter_card":"summary_large_image","twitter_misc":{"Tiempo de lectura":"2 minutos"},"schema":{"@context":"https:\/\/schema.org","@graph":[{"@type":"WebPage","@id":"https:\/\/www.feyalegria.org\/paraguay\/colegio-tecnico-san-francisco\/","url":"https:\/\/www.feyalegria.org\/paraguay\/colegio-tecnico-san-francisco\/","name":"Colegio T\u00e9cnico San Francisco - #SomosFeyAlegria en Paraguay","isPartOf":{"@id":"https:\/\/www.feyalegria.org\/paraguay\/#website"},"datePublished":"2022-10-27T12:57:51+00:00","dateModified":"2023-02-07T23:03:33+00:00","breadcrumb":{"@id":"https:\/\/www.feyalegria.org\/paraguay\/colegio-tecnico-san-francisco\/#breadcrumb"},"inLanguage":"es","potentialAction":[{"@type":"ReadAction","target":["https:\/\/www.feyalegria.org\/paraguay\/colegio-tecnico-san-francisco\/"]}]},{"@type":"BreadcrumbList","@id":"https:\/\/www.feyalegria.org\/paraguay\/colegio-tecnico-san-francisco\/#breadcrumb","itemListElement":[{"@type":"ListItem","position":1,"name":"Home","item":"https:\/\/www.feyalegria.org\/paraguay\/"},{"@type":"ListItem","position":2,"name":"Colegio T\u00e9cnico San Francisco"}]},{"@type":"WebSite","@id":"https:\/\/www.feyalegria.org\/paraguay\/#website","url":"https:\/\/www.feyalegria.org\/paraguay\/","name":"#SomosFeyAlegria en Paraguay","description":"Movimiento de Educaci\u00f3n Popular y Promoci\u00f3n Social","potentialAction":[{"@type":"SearchAction","target":{"@type":"EntryPoint","urlTemplate":"https:\/\/www.feyalegria.org\/paraguay\/?s={search_term_string}"},"query-input":{"@type":"PropertyValueSpecification","valueRequired":true,"valueName":"search_term_string"}}],"inLanguage":"es"}]}},"_links":{"self":[{"href":"https:\/\/www.feyalegria.org\/paraguay\/wp-json\/wp\/v2\/pages\/8404","targetHints":{"allow":["GET"]}}],"collection":[{"href":"https:\/\/www.feyalegria.org\/paraguay\/wp-json\/wp\/v2\/pages"}],"about":[{"href":"https:\/\/www.feyalegria.org\/paraguay\/wp-json\/wp\/v2\/types\/page"}],"author":[{"embeddable":true,"href":"https:\/\/www.feyalegria.org\/paraguay\/wp-json\/wp\/v2\/users\/2"}],"replies":[{"embeddable":true,"href":"https:\/\/www.feyalegria.org\/paraguay\/wp-json\/wp\/v2\/comments?post=8404"}],"version-history":[{"count":0,"href":"https:\/\/www.feyalegria.org\/paraguay\/wp-json\/wp\/v2\/pages\/8404\/revisions"}],"wp:attachment":[{"href":"https:\/\/www.feyalegria.org\/paraguay\/wp-json\/wp\/v2\/media?parent=8404"}],"wp:term":[{"taxonomy":"folder","embeddable":true,"href":"https:\/\/www.feyalegria.org\/paraguay\/wp-json\/wp\/v2\/folder?post=8404"}],"curies":[{"name":"wp","href":"https:\/\/api.w.org\/{rel}","templated":true}]}}