 {"id":8405,"date":"2022-10-27T14:20:27","date_gmt":"2022-10-27T19:20:27","guid":{"rendered":"https:\/\/www.feyalegria.org\/paraguay\/?page_id=2560"},"modified":"2023-02-07T17:50:16","modified_gmt":"2023-02-07T22:50:16","slug":"escuela-caacupemi","status":"publish","type":"page","link":"https:\/\/www.feyalegria.org\/paraguay\/escuela-caacupemi\/","title":{"rendered":"Escuela Caacupem\u00ed"},"content":{"rendered":"<div class=\"wpb-content-wrapper\"><p>[vc_row][vc_column width=\u00bb5\/6&#8243;]<div style=\"background-color:;height: 50px\" class=\"nicdark_section  \"><\/div>[\/vc_column][vc_column width=\u00bb1\/6&#8243;]<a href=\"https:\/\/www.feyalegria.org\/paraguay\/centros-educativos\/\" title=\"Centros educativos\"  data-id=\"mpc_button-1469d6c1e0ef6de\" class=\"mpc-button mpc-init mpc-transition mpc-typography--default \" ><div class=\"mpc-button__content mpc-effect-type--stay mpc-effect-side--left\"><i class=\"mpc-button__icon mpc-transition  mi mi-pin_drop\"><\/i><span class=\"mpc-button__title mpc-transition\">Volver al mapa<\/span><\/div><div class=\"mpc-button__background mpc-transition mpc-effect-type--fade mpc-effect-side--in\"><\/div><\/a>[\/vc_column][\/vc_row][vc_row][vc_column width=\u00bb2\/3&#8243;][vc_column_text]En el a\u00f1o 2001 un grupo de pobladores antiguos deseaban acortar la brecha de exclusi\u00f3n en la cual se encontraba la comunidad con respecto al acceso de la educaci\u00f3n. Motivados por la ayuda del due\u00f1o de una caler\u00eda, Dr. Hern\u00e1n Franco, donde trabajan pobladores de escasos recursos cuyos hijos no asistian a la escuela, contactan con el p\u00e1rroco de la Iglesia Sagrada Familia, P. Jos\u00e9 Luis Caravias, SJ, quien se contacta con Fe y Alegr\u00eda para que a trav\u00e9s de la instituci\u00f3n y en compromiso con los pobladores puedan matricular a 100 ni\u00f1os para iniciar los primeros grados.<br \/>\nAs\u00ed, fueron los propios pobladores los primeros docentes y constructores de la escuela. Cabe resaltar que los j\u00f3venes tambi\u00e9n fueron elementos importantes de garantizar la construcci\u00f3n del local y de la sostenibilidad del mismo.<br \/>\nEl centro educativo ha pasado por diferentes etapas y desaf\u00edos como: falta de agua potable, inundaciones, incendios, \u00a0reconstrucciones, pandemia, \u00a0postpandemia y, actualmente, una lucha constante de por los derechos comunitarios de permanecer en el territorio respetando el medio ambiente, pero tambi\u00e9n los derechos de los pobladores.<br \/>\nActualmente se cuenta con:<br \/>\n<strong> Nivel Inicial:<\/strong> Jard\u00edn y Pre-Escolar &#8211; 50 estudiantes.<br \/>\n<strong>Primer ciclo:<\/strong> 98 estudiantes.<br \/>\n<strong>Segundo ciclo:<\/strong> 60 estudiantes.<br \/>\n<strong>Tercer ciclo:<\/strong> 48 estudiantes.<br \/>\n<strong>Total estudiantes:<\/strong> 256.<br \/>\nAdem\u00e1s, se cuenta con microemprendimientos de productos para limpieza y huertas m\u00f3viles o convencionales, conformados por grupos de madres l\u00edderes y j\u00f3venes.<\/p>\n<h5 style=\"text-align: left;\"><strong><span style=\"color: #aa0f16;\">Contactos<\/span><\/strong><\/h5>\n<p><strong>Directora<\/strong>: Prof. Selva Soledad Miranda<br \/>\n<strong>Tel\u00e9fono<\/strong>: +595982781464[\/vc_column_text][\/vc_column][vc_column width=\u00bb1\/3&#8243;][vc_gmaps link=\u00bb#E-8_JTNDaWZyYW1lJTIwc3JjJTNEJTIyaHR0cHMlM0ElMkYlMkZ3d3cuZ29vZ2xlLmNvbSUyRm1hcHMlMkZlbWJlZCUzRnBiJTNEJTIxMW0xOCUyMTFtMTIlMjExbTMlMjExZDM2MDguNDMxODI2NTI1MTA2OCUyMTJkLTU3LjYxMzAyNzElMjEzZC0yNS4yNTYwNTUwOTk5OTk5OTQlMjEybTMlMjExZjAlMjEyZjAlMjEzZjAlMjEzbTIlMjExaTEwMjQlMjEyaTc2OCUyMTRmMTMuMSUyMTNtMyUyMTFtMiUyMTFzMHgwJTI1M0EweGFmMTYyMTNhMzg4Yzc1ZGUlMjEyc0VzY3VlbGElMjUyMEIlMjVDMyUyNUExc2ljYSUyNTIwTiUyNUMyJTI1QjAlMjUyMDYwMzglMjUyMENhYWN1cGVtJTI1QzMlMjVBRCUyNTIwZGUlMjUyMEZlJTI1MjB5JTI1MjBBbGVnciUyNUMzJTI1QURhJTIxNWUwJTIxM20yJTIxMXNlcyUyMTJzcHklMjE0djE2NjY4OTgxMTAzNjYlMjE1bTIlMjExc2VzJTIxMnNweSUyMiUyMHdpZHRoJTNEJTIyNjAwJTIyJTIwaGVpZ2h0JTNEJTIyNDUwJTIyJTIwZnJhbWVib3JkZXIlM0QlMjIwJTIyJTIwc3R5bGUlM0QlMjJib3JkZXIlM0EwJTNCJTIyJTIwYWxsb3dmdWxsc2NyZWVuJTNEJTIyJTIyJTIwYXJpYS1oaWRkZW4lM0QlMjJmYWxzZSUyMiUyMHRhYmluZGV4JTNEJTIyMCUyMiUzRSUzQyUyRmlmcmFtZSUzRQ==\u00bb][\/vc_column][\/vc_row][vc_row][vc_column width=\u00bb1\/4&#8243;][vc_single_image image=\u00bb8844&#8243; img_size=\u00bbmedium\u00bb alignment=\u00bbcenter\u00bb onclick=\u00bbimg_link_large\u00bb][\/vc_column][vc_column width=\u00bb1\/4&#8243;][vc_single_image image=\u00bb8845&#8243; img_size=\u00bbmedium\u00bb alignment=\u00bbcenter\u00bb onclick=\u00bbimg_link_large\u00bb][\/vc_column][vc_column width=\u00bb1\/4&#8243;][vc_single_image image=\u00bb8842&#8243; img_size=\u00bbmedium\u00bb alignment=\u00bbcenter\u00bb onclick=\u00bbimg_link_large\u00bb][\/vc_column][vc_column width=\u00bb1\/4&#8243;][vc_single_image image=\u00bb8843&#8243; img_size=\u00bbmedium\u00bb alignment=\u00bbcenter\u00bb onclick=\u00bbimg_link_large\u00bb][\/vc_column][\/vc_row]<\/p>\n<\/div>","protected":false},"excerpt":{"rendered":"<p>[vc_row][vc_column width=\u00bb5\/6&#8243;][\/vc_column][vc_column width=\u00bb1\/6&#8243;][\/vc_column][\/vc_row][vc_row][vc_column width=\u00bb2\/3&#8243;][vc_column_text]En el a\u00f1o 2001 un grupo de pobladores antiguos deseaban acortar la brecha de exclusi\u00f3n en la cual se encontraba la comunidad con respecto al acceso de la educaci\u00f3n. Motivados por la ayuda del due\u00f1o de una caler\u00eda, Dr. Hern\u00e1n Franco, donde trabajan pobladores de escasos recursos cuyos hijos no asistian a<\/p>\n","protected":false},"author":2,"featured_media":0,"parent":0,"menu_order":0,"comment_status":"closed","ping_status":"closed","template":"","meta":{"_acf_changed":false,"footnotes":""},"folder":[],"class_list":["post-8405","page","type-page","status-publish","hentry"],"acf":[],"yoast_head":"<!-- This site is optimized with the Yoast SEO plugin v27.2 - https:\/\/yoast.com\/product\/yoast-seo-wordpress\/ -->\n<title>Escuela Caacupem\u00ed - #SomosFeyAlegria en Paraguay<\/title>\n<meta name=\"robots\" content=\"index, follow, max-snippet:-1, max-image-preview:large, max-video-preview:-1\" \/>\n<link rel=\"canonical\" href=\"https:\/\/www.feyalegria.org\/paraguay\/escuela-caacupemi\/\" \/>\n<meta property=\"og:locale\" content=\"es_ES\" \/>\n<meta property=\"og:type\" content=\"article\" \/>\n<meta property=\"og:title\" content=\"Escuela Caacupem\u00ed - #SomosFeyAlegria en Paraguay\" \/>\n<meta property=\"og:description\" content=\"[vc_row][vc_column width=\u00bb5\/6&#8243;][\/vc_column][vc_column width=\u00bb1\/6&#8243;][\/vc_column][\/vc_row][vc_row][vc_column width=\u00bb2\/3&#8243;][vc_column_text]En el a\u00f1o 2001 un grupo de pobladores antiguos deseaban acortar la brecha de exclusi\u00f3n en la cual se encontraba la comunidad con respecto al acceso de la educaci\u00f3n. Motivados por la ayuda del due\u00f1o de una caler\u00eda, Dr. Hern\u00e1n Franco, donde trabajan pobladores de escasos recursos cuyos hijos no asistian a\" \/>\n<meta property=\"og:url\" content=\"https:\/\/www.feyalegria.org\/paraguay\/escuela-caacupemi\/\" \/>\n<meta property=\"og:site_name\" content=\"#SomosFeyAlegria en Paraguay\" \/>\n<meta property=\"article:modified_time\" content=\"2023-02-07T22:50:16+00:00\" \/>\n<meta name=\"twitter:card\" content=\"summary_large_image\" \/>\n<meta name=\"twitter:label1\" content=\"Tiempo de lectura\" \/>\n\t<meta name=\"twitter:data1\" content=\"2 minutos\" \/>\n<script type=\"application\/ld+json\" class=\"yoast-schema-graph\">{\"@context\":\"https:\/\/schema.org\",\"@graph\":[{\"@type\":\"WebPage\",\"@id\":\"https:\/\/www.feyalegria.org\/paraguay\/escuela-caacupemi\/\",\"url\":\"https:\/\/www.feyalegria.org\/paraguay\/escuela-caacupemi\/\",\"name\":\"Escuela Caacupem\u00ed - #SomosFeyAlegria en Paraguay\",\"isPartOf\":{\"@id\":\"https:\/\/www.feyalegria.org\/paraguay\/#website\"},\"datePublished\":\"2022-10-27T19:20:27+00:00\",\"dateModified\":\"2023-02-07T22:50:16+00:00\",\"breadcrumb\":{\"@id\":\"https:\/\/www.feyalegria.org\/paraguay\/escuela-caacupemi\/#breadcrumb\"},\"inLanguage\":\"es\",\"potentialAction\":[{\"@type\":\"ReadAction\",\"target\":[\"https:\/\/www.feyalegria.org\/paraguay\/escuela-caacupemi\/\"]}]},{\"@type\":\"BreadcrumbList\",\"@id\":\"https:\/\/www.feyalegria.org\/paraguay\/escuela-caacupemi\/#breadcrumb\",\"itemListElement\":[{\"@type\":\"ListItem\",\"position\":1,\"name\":\"Home\",\"item\":\"https:\/\/www.feyalegria.org\/paraguay\/\"},{\"@type\":\"ListItem\",\"position\":2,\"name\":\"Escuela Caacupem\u00ed\"}]},{\"@type\":\"WebSite\",\"@id\":\"https:\/\/www.feyalegria.org\/paraguay\/#website\",\"url\":\"https:\/\/www.feyalegria.org\/paraguay\/\",\"name\":\"#SomosFeyAlegria en Paraguay\",\"description\":\"Movimiento de Educaci\u00f3n Popular y Promoci\u00f3n Social\",\"potentialAction\":[{\"@type\":\"SearchAction\",\"target\":{\"@type\":\"EntryPoint\",\"urlTemplate\":\"https:\/\/www.feyalegria.org\/paraguay\/?s={search_term_string}\"},\"query-input\":{\"@type\":\"PropertyValueSpecification\",\"valueRequired\":true,\"valueName\":\"search_term_string\"}}],\"inLanguage\":\"es\"}]}<\/script>\n<!-- \/ Yoast SEO plugin. -->","yoast_head_json":{"title":"Escuela Caacupem\u00ed - #SomosFeyAlegria en Paraguay","robots":{"index":"index","follow":"follow","max-snippet":"max-snippet:-1","max-image-preview":"max-image-preview:large","max-video-preview":"max-video-preview:-1"},"canonical":"https:\/\/www.feyalegria.org\/paraguay\/escuela-caacupemi\/","og_locale":"es_ES","og_type":"article","og_title":"Escuela Caacupem\u00ed - #SomosFeyAlegria en Paraguay","og_description":"[vc_row][vc_column width=\u00bb5\/6&#8243;][\/vc_column][vc_column width=\u00bb1\/6&#8243;][\/vc_column][\/vc_row][vc_row][vc_column width=\u00bb2\/3&#8243;][vc_column_text]En el a\u00f1o 2001 un grupo de pobladores antiguos deseaban acortar la brecha de exclusi\u00f3n en la cual se encontraba la comunidad con respecto al acceso de la educaci\u00f3n. Motivados por la ayuda del due\u00f1o de una caler\u00eda, Dr. Hern\u00e1n Franco, donde trabajan pobladores de escasos recursos cuyos hijos no asistian a","og_url":"https:\/\/www.feyalegria.org\/paraguay\/escuela-caacupemi\/","og_site_name":"#SomosFeyAlegria en Paraguay","article_modified_time":"2023-02-07T22:50:16+00:00","twitter_card":"summary_large_image","twitter_misc":{"Tiempo de lectura":"2 minutos"},"schema":{"@context":"https:\/\/schema.org","@graph":[{"@type":"WebPage","@id":"https:\/\/www.feyalegria.org\/paraguay\/escuela-caacupemi\/","url":"https:\/\/www.feyalegria.org\/paraguay\/escuela-caacupemi\/","name":"Escuela Caacupem\u00ed - #SomosFeyAlegria en Paraguay","isPartOf":{"@id":"https:\/\/www.feyalegria.org\/paraguay\/#website"},"datePublished":"2022-10-27T19:20:27+00:00","dateModified":"2023-02-07T22:50:16+00:00","breadcrumb":{"@id":"https:\/\/www.feyalegria.org\/paraguay\/escuela-caacupemi\/#breadcrumb"},"inLanguage":"es","potentialAction":[{"@type":"ReadAction","target":["https:\/\/www.feyalegria.org\/paraguay\/escuela-caacupemi\/"]}]},{"@type":"BreadcrumbList","@id":"https:\/\/www.feyalegria.org\/paraguay\/escuela-caacupemi\/#breadcrumb","itemListElement":[{"@type":"ListItem","position":1,"name":"Home","item":"https:\/\/www.feyalegria.org\/paraguay\/"},{"@type":"ListItem","position":2,"name":"Escuela Caacupem\u00ed"}]},{"@type":"WebSite","@id":"https:\/\/www.feyalegria.org\/paraguay\/#website","url":"https:\/\/www.feyalegria.org\/paraguay\/","name":"#SomosFeyAlegria en Paraguay","description":"Movimiento de Educaci\u00f3n Popular y Promoci\u00f3n Social","potentialAction":[{"@type":"SearchAction","target":{"@type":"EntryPoint","urlTemplate":"https:\/\/www.feyalegria.org\/paraguay\/?s={search_term_string}"},"query-input":{"@type":"PropertyValueSpecification","valueRequired":true,"valueName":"search_term_string"}}],"inLanguage":"es"}]}},"_links":{"self":[{"href":"https:\/\/www.feyalegria.org\/paraguay\/wp-json\/wp\/v2\/pages\/8405","targetHints":{"allow":["GET"]}}],"collection":[{"href":"https:\/\/www.feyalegria.org\/paraguay\/wp-json\/wp\/v2\/pages"}],"about":[{"href":"https:\/\/www.feyalegria.org\/paraguay\/wp-json\/wp\/v2\/types\/page"}],"author":[{"embeddable":true,"href":"https:\/\/www.feyalegria.org\/paraguay\/wp-json\/wp\/v2\/users\/2"}],"replies":[{"embeddable":true,"href":"https:\/\/www.feyalegria.org\/paraguay\/wp-json\/wp\/v2\/comments?post=8405"}],"version-history":[{"count":0,"href":"https:\/\/www.feyalegria.org\/paraguay\/wp-json\/wp\/v2\/pages\/8405\/revisions"}],"wp:attachment":[{"href":"https:\/\/www.feyalegria.org\/paraguay\/wp-json\/wp\/v2\/media?parent=8405"}],"wp:term":[{"taxonomy":"folder","embeddable":true,"href":"https:\/\/www.feyalegria.org\/paraguay\/wp-json\/wp\/v2\/folder?post=8405"}],"curies":[{"name":"wp","href":"https:\/\/api.w.org\/{rel}","templated":true}]}}