 {"id":1901,"date":"2020-09-15T12:09:27","date_gmt":"2020-09-15T17:09:27","guid":{"rendered":"https:\/\/www.feyalegria.org\/peru\/?page_id=1901"},"modified":"2020-10-19T12:06:01","modified_gmt":"2020-10-19T17:06:01","slug":"about-us","status":"publish","type":"page","link":"https:\/\/www.feyalegria.org\/peru\/en\/about-us\/","title":{"rendered":"About us"},"content":{"rendered":"<div class=\"wpb-content-wrapper\"><p>[vc_row][vc_column][vc_separator color=\u00bbcustom\u00bb style=\u00bbshadow\u00bb border_width=\u00bb4&#8243; accent_color=\u00bb#0473aa\u00bb][vc_column_text]<\/p>\n<h2 style=\"text-align:center\">Fe y Alegr\u00eda in Peru<\/h2>\n<p>[\/vc_column_text][vc_column_text]<\/p>\n<p align=\"justify\">Is a non-profit association that manages public educational institutions with the commitment to provide quality education to the excluded and most vulnerable sectors of society. We are part of the International Federation of Fe y Alegr\u00eda, which is present in 22 countries in Latin America, Africa and Europe<\/p>\n<p>[\/vc_column_text][\/vc_column][\/vc_row][vc_row content_placement=\u00bbtop\u00bb][vc_column width=\u00bb1\/2&#8243; css=\u00bb.vc_custom_1589950287433{margin-top: 10px !important;margin-bottom: 10px !important;padding-top: 7px !important;padding-right: 40px !important;}\u00bb][vc_column_text el_class=\u00bbnd_options_text_align_center_responsive\u00bb]<\/p>\n<h3 style=\"text-align:justify\">Mission<\/h3>\n<p>&nbsp;<\/p>\n<p style=\"text-align: justify\">Fe y Alegr\u00eda is an education-based movement committed to building a more just and supportive society based on evangelical values.<br \/>\nIt manages a public, transformative and diversified educational proposal as a benchmark for national education.<\/p>\n<p>[\/vc_column_text][vc_single_image image=\u00bb2467&#8243; img_size=\u00bbfull\u00bb alignment=\u00bbcenter\u00bb css=\u00bb.vc_custom_1601696110861{padding-right: 40px !important;padding-left: 20px !important;}\u00bb][\/vc_column][vc_column width=\u00bb1\/2&#8243; css=\u00bb.vc_custom_1589950257944{padding-top: 15px !important;padding-left: 40px !important;}\u00bb][vc_column_text el_class=\u00bbnd_options_text_align_center_responsive\u00bb]<\/p>\n<h3 style=\"text-align:justify\">Vision<\/h3>\n<p>&nbsp;<\/p>\n<p style=\"text-align: justify\">By 2021 we will provide quality education with equity so that all people are able to build a more just and supportive Peru.<\/p>\n<p>[\/vc_column_text][vc_empty_space height=\u00bb55&#8243;][vc_single_image image=\u00bb1885&#8243; img_size=\u00bblarge\u00bb alignment=\u00bbcenter\u00bb css=\u00bb.vc_custom_1601696072782{padding-right: 20px !important;padding-left: 20px !important;}\u00bb][\/vc_column][\/vc_row][vc_row][vc_column][vc_separator color=\u00bbcustom\u00bb style=\u00bbshadow\u00bb border_width=\u00bb4&#8243; accent_color=\u00bb#0473aa\u00bb][vc_column_text]<\/p>\n<h3 style=\"text-align: center\">We transform lives<\/h3>\n<p>[\/vc_column_text]<div style=\"background-color:;height: 10px\" class=\"nicdark_section  \"><\/div>[vc_video link=\u00bbhttps:\/\/youtu.be\/6-U0S2vmjok\u00bb el_width=\u00bb70&#8243; align=\u00bbcenter\u00bb]<div style=\"background-color:;height: 10px\" class=\"nicdark_section  \"><\/div>[\/vc_column][\/vc_row][vc_row][vc_column][vc_separator color=\u00bbcustom\u00bb style=\u00bbshadow\u00bb border_width=\u00bb4&#8243; accent_color=\u00bb#0473aa\u00bb]<div style=\"background-color:;height: 30px\" class=\"nicdark_section  \"><\/div>[\/vc_column][\/vc_row][vc_row][vc_column][vc_column_text]<\/p>\n<h4 style=\"text-align:center\">Where the asphalt ends &#8230; our story begins<\/h4>\n<p>[\/vc_column_text][vc_creativelink style=\u00bbcl-effect-2&#8243; align=\u00bbcenter\u00bb text=\u00bb\u00abClick\u00ab Here\u00bb url=\u00bburl:https%3A%2F%2Fwww.feyalegria.org%2Fperu%2Fen%2Four-history%2F|title:Nuestra%20Historia..|target:_blank\u00bb clr=\u00bb#ffffff\u00bb bgclr=\u00bb#cc3535&#8243; hoverclr=\u00bb#ffffff\u00bb hoverbg=\u00bb#cc0000&#8243; weight=\u00bb200&#8243;]<div style=\"background-color:;height: 20px\" class=\"nicdark_section  \"><\/div>[vc_separator color=\u00bbcustom\u00bb style=\u00bbshadow\u00bb border_width=\u00bb4&#8243; accent_color=\u00bb#0473aa\u00bb][\/vc_column][\/vc_row]<\/p>\n<\/div>","protected":false},"excerpt":{"rendered":"<p>[vc_row][vc_column][vc_separator color=\u00bbcustom\u00bb style=\u00bbshadow\u00bb border_width=\u00bb4&#8243; accent_color=\u00bb#0473aa\u00bb][vc_column_text] Fe y Alegr\u00eda in Peru [\/vc_column_text][vc_column_text] Is a non-profit association that manages public educational institutions with the commitment to provide quality education to the excluded and most vulnerable sectors of society. We are part of the International Federation of Fe y Alegr\u00eda, which is present in 22 countries in Latin<\/p>\n","protected":false},"author":19,"featured_media":0,"parent":0,"menu_order":0,"comment_status":"closed","ping_status":"closed","template":"","meta":{"_acf_changed":false,"footnotes":""},"folder":[],"class_list":["post-1901","page","type-page","status-publish","hentry"],"acf":[],"yoast_head":"<!-- This site is optimized with the Yoast SEO plugin v27.2 - https:\/\/yoast.com\/product\/yoast-seo-wordpress\/ -->\n<title>About us - #SomosFeyAlegria en Per\u00fa<\/title>\n<meta name=\"robots\" content=\"noindex, follow, max-snippet:-1, max-image-preview:large, max-video-preview:-1\" \/>\n<meta property=\"og:locale\" content=\"es_ES\" \/>\n<meta property=\"og:type\" content=\"article\" \/>\n<meta property=\"og:title\" content=\"About us - #SomosFeyAlegria en Per\u00fa\" \/>\n<meta property=\"og:description\" content=\"[vc_row][vc_column][vc_separator color=\u00bbcustom\u00bb style=\u00bbshadow\u00bb border_width=\u00bb4&#8243; accent_color=\u00bb#0473aa\u00bb][vc_column_text] Fe y Alegr\u00eda in Peru [\/vc_column_text][vc_column_text] Is a non-profit association that manages public educational institutions with the commitment to provide quality education to the excluded and most vulnerable sectors of society. We are part of the International Federation of Fe y Alegr\u00eda, which is present in 22 countries in Latin\" \/>\n<meta property=\"og:url\" content=\"https:\/\/www.feyalegria.org\/peru\/en\/about-us\/\" \/>\n<meta property=\"og:site_name\" content=\"#SomosFeyAlegria en Per\u00fa\" \/>\n<meta property=\"article:modified_time\" content=\"2020-10-19T17:06:01+00:00\" \/>\n<meta name=\"twitter:card\" content=\"summary_large_image\" \/>\n<meta name=\"twitter:label1\" content=\"Tiempo de lectura\" \/>\n\t<meta name=\"twitter:data1\" content=\"2 minutos\" \/>\n<script type=\"application\/ld+json\" class=\"yoast-schema-graph\">{\"@context\":\"https:\/\/schema.org\",\"@graph\":[{\"@type\":\"WebPage\",\"@id\":\"https:\/\/www.feyalegria.org\/peru\/en\/about-us\/\",\"url\":\"https:\/\/www.feyalegria.org\/peru\/en\/about-us\/\",\"name\":\"About us - #SomosFeyAlegria en Per\u00fa\",\"isPartOf\":{\"@id\":\"https:\/\/www.feyalegria.org\/peru\/#website\"},\"datePublished\":\"2020-09-15T17:09:27+00:00\",\"dateModified\":\"2020-10-19T17:06:01+00:00\",\"breadcrumb\":{\"@id\":\"https:\/\/www.feyalegria.org\/peru\/en\/about-us\/#breadcrumb\"},\"inLanguage\":\"es\",\"potentialAction\":[{\"@type\":\"ReadAction\",\"target\":[\"https:\/\/www.feyalegria.org\/peru\/en\/about-us\/\"]}]},{\"@type\":\"BreadcrumbList\",\"@id\":\"https:\/\/www.feyalegria.org\/peru\/en\/about-us\/#breadcrumb\",\"itemListElement\":[{\"@type\":\"ListItem\",\"position\":1,\"name\":\"Home\",\"item\":\"https:\/\/www.feyalegria.org\/peru\/\"},{\"@type\":\"ListItem\",\"position\":2,\"name\":\"About us\"}]},{\"@type\":\"WebSite\",\"@id\":\"https:\/\/www.feyalegria.org\/peru\/#website\",\"url\":\"https:\/\/www.feyalegria.org\/peru\/\",\"name\":\"#SomosFeyAlegria en Per\u00fa\",\"description\":\"Movimiento de Educaci\u00f3n Popular y Promoci\u00f3n Social\",\"potentialAction\":[{\"@type\":\"SearchAction\",\"target\":{\"@type\":\"EntryPoint\",\"urlTemplate\":\"https:\/\/www.feyalegria.org\/peru\/?s={search_term_string}\"},\"query-input\":{\"@type\":\"PropertyValueSpecification\",\"valueRequired\":true,\"valueName\":\"search_term_string\"}}],\"inLanguage\":\"es\"}]}<\/script>\n<!-- \/ Yoast SEO plugin. -->","yoast_head_json":{"title":"About us - #SomosFeyAlegria en Per\u00fa","robots":{"index":"noindex","follow":"follow","max-snippet":"max-snippet:-1","max-image-preview":"max-image-preview:large","max-video-preview":"max-video-preview:-1"},"og_locale":"es_ES","og_type":"article","og_title":"About us - #SomosFeyAlegria en Per\u00fa","og_description":"[vc_row][vc_column][vc_separator color=\u00bbcustom\u00bb style=\u00bbshadow\u00bb border_width=\u00bb4&#8243; accent_color=\u00bb#0473aa\u00bb][vc_column_text] Fe y Alegr\u00eda in Peru [\/vc_column_text][vc_column_text] Is a non-profit association that manages public educational institutions with the commitment to provide quality education to the excluded and most vulnerable sectors of society. We are part of the International Federation of Fe y Alegr\u00eda, which is present in 22 countries in Latin","og_url":"https:\/\/www.feyalegria.org\/peru\/en\/about-us\/","og_site_name":"#SomosFeyAlegria en Per\u00fa","article_modified_time":"2020-10-19T17:06:01+00:00","twitter_card":"summary_large_image","twitter_misc":{"Tiempo de lectura":"2 minutos"},"schema":{"@context":"https:\/\/schema.org","@graph":[{"@type":"WebPage","@id":"https:\/\/www.feyalegria.org\/peru\/en\/about-us\/","url":"https:\/\/www.feyalegria.org\/peru\/en\/about-us\/","name":"About us - #SomosFeyAlegria en Per\u00fa","isPartOf":{"@id":"https:\/\/www.feyalegria.org\/peru\/#website"},"datePublished":"2020-09-15T17:09:27+00:00","dateModified":"2020-10-19T17:06:01+00:00","breadcrumb":{"@id":"https:\/\/www.feyalegria.org\/peru\/en\/about-us\/#breadcrumb"},"inLanguage":"es","potentialAction":[{"@type":"ReadAction","target":["https:\/\/www.feyalegria.org\/peru\/en\/about-us\/"]}]},{"@type":"BreadcrumbList","@id":"https:\/\/www.feyalegria.org\/peru\/en\/about-us\/#breadcrumb","itemListElement":[{"@type":"ListItem","position":1,"name":"Home","item":"https:\/\/www.feyalegria.org\/peru\/"},{"@type":"ListItem","position":2,"name":"About us"}]},{"@type":"WebSite","@id":"https:\/\/www.feyalegria.org\/peru\/#website","url":"https:\/\/www.feyalegria.org\/peru\/","name":"#SomosFeyAlegria en Per\u00fa","description":"Movimiento de Educaci\u00f3n Popular y Promoci\u00f3n Social","potentialAction":[{"@type":"SearchAction","target":{"@type":"EntryPoint","urlTemplate":"https:\/\/www.feyalegria.org\/peru\/?s={search_term_string}"},"query-input":{"@type":"PropertyValueSpecification","valueRequired":true,"valueName":"search_term_string"}}],"inLanguage":"es"}]}},"_links":{"self":[{"href":"https:\/\/www.feyalegria.org\/peru\/wp-json\/wp\/v2\/pages\/1901","targetHints":{"allow":["GET"]}}],"collection":[{"href":"https:\/\/www.feyalegria.org\/peru\/wp-json\/wp\/v2\/pages"}],"about":[{"href":"https:\/\/www.feyalegria.org\/peru\/wp-json\/wp\/v2\/types\/page"}],"author":[{"embeddable":true,"href":"https:\/\/www.feyalegria.org\/peru\/wp-json\/wp\/v2\/users\/19"}],"replies":[{"embeddable":true,"href":"https:\/\/www.feyalegria.org\/peru\/wp-json\/wp\/v2\/comments?post=1901"}],"version-history":[{"count":0,"href":"https:\/\/www.feyalegria.org\/peru\/wp-json\/wp\/v2\/pages\/1901\/revisions"}],"wp:attachment":[{"href":"https:\/\/www.feyalegria.org\/peru\/wp-json\/wp\/v2\/media?parent=1901"}],"wp:term":[{"taxonomy":"folder","embeddable":true,"href":"https:\/\/www.feyalegria.org\/peru\/wp-json\/wp\/v2\/folder?post=1901"}],"curies":[{"name":"wp","href":"https:\/\/api.w.org\/{rel}","templated":true}]}}