 {"id":2003,"date":"2020-09-25T11:01:59","date_gmt":"2020-09-25T16:01:59","guid":{"rendered":"https:\/\/www.feyalegria.org\/peru\/?page_id=2003"},"modified":"2020-11-03T09:15:52","modified_gmt":"2020-11-03T14:15:52","slug":"what-we-do","status":"publish","type":"page","link":"https:\/\/www.feyalegria.org\/peru\/en\/what-we-do\/","title":{"rendered":"What We Do"},"content":{"rendered":"<div class=\"wpb-content-wrapper\"><p>[vc_row][vc_column][vc_separator color=\u00bbcustom\u00bb style=\u00bbshadow\u00bb accent_color=\u00bb#cc0000&#8243;][\/vc_column][\/vc_row][vc_row][vc_column width=\u00bb1\/2&#8243; css=\u00bb.vc_custom_1598726864427{margin-top: 30px !important;}\u00bb][vc_column_text]<\/p>\n<h3 style=\"text-align: center\"><strong><span style=\"color: #cc0000\">INTEGRAL FORMATION<\/span><\/strong><\/h3>\n<p>[\/vc_column_text][vc_hoverbox image=\u00bb2109&#8243; primary_title=\u00bb\u00bb hover_title=\u00bb\u00bb shape=\u00bbround\u00bb css=\u00bb.vc_custom_1601164879177{padding-top: 20px !important;}\u00bb]<\/p>\n<p>Fe y Alegr\u00eda seeks the integral development of its members, thinking about their personal development and what they can contribute to society.<br \/>\nOur popular education proposal incorporates cross-cutting themes on citizen rights and duties, personal and community identity, gender, ethics and a culture of peace, faith and justice. In addition, it includes technical education as a first link with the world of work.<\/p>\n<p>[\/vc_hoverbox][\/vc_column][vc_column width=\u00bb1\/2&#8243; css=\u00bb.vc_custom_1598726871447{margin-top: 30px !important;}\u00bb][vc_column_text]<\/p>\n<h3 style=\"text-align: center\"><strong><span style=\"color: #cc0000\">QUALITY EDUCATION FOR THE MOST VULNERABLE<\/span><\/strong><\/h3>\n<p>[\/vc_column_text][vc_hoverbox image=\u00bb2110&#8243; primary_title=\u00bb\u00bb hover_title=\u00bb\u00bb shape=\u00bbround\u00bb]<\/p>\n<p>Each Fe y Alegr\u00eda educational institution is born from the aspirations of a community that finds itself in the midst of a reality of inequity in which opportunities do not reach the most needy and vulnerable.<br \/>\nFe y Alegr\u00eda arrives with a message of hope and with an educational proposal that starts from reality and offers opportunities for improvement which can only be achieved with everyone&#8217;s effort.<\/p>\n<p>[\/vc_hoverbox][\/vc_column][\/vc_row][vc_row][vc_column]<div style=\"background-color:;height: 60px\" class=\"nicdark_section  \"><\/div>[\/vc_column][\/vc_row][vc_row][vc_column][vc_tta_tabs style=\u00bbmodern\u00bb color=\u00bbturquoise\u00bb active_section=\u00bb1&#8243;][vc_tta_section title=\u00bbREGULAR BASIC EDUCATION\u00bb tab_id=\u00bb1593211855423-4bc2268b-cdb5&#8243;][vc_row_inner][vc_column_inner width=\u00bb1\/3&#8243;][vc_single_image image=\u00bb432&#8243; img_size=\u00bblarge\u00bb][\/vc_column_inner][vc_column_inner width=\u00bb2\/3&#8243;][vc_column_text]<\/p>\n<p>Training is provided to all citizens taking into account the fundamental right of the person and society to receive a quality education. The essential objective is the comprehensive training of ethical citizens, capable of taking responsibility for themselves and living in solidarity with others. Citizens who can unfold their potentialities and development of their abilities and fundamental values \u200b\u200bthat the person must possess allow them to learn throughout their lives. It is about developing the seed of oneself, of helping to be born the man or woman that each one carries inside.<br \/>\nAs Regular Basic Education we attend the three modalities:<\/p>\n<p>[\/vc_column_text][\/vc_column_inner][\/vc_row_inner][vc_row_inner equal_height=\u00bbyes\u00bb][vc_column_inner width=\u00bb1\/2&#8243; css=\u00bb.vc_custom_1593216236446{padding-top: 20px !important;}\u00bb][accordion_father active=\u00bb0&#8243;][accordion_son height=\u00bb10&#8243; borderwidth=\u00bb\u00bb borderwidth2=\u00bb\u00bb titlemargin=\u00bb10&#8243; title=\u00bbBasic Regular Urban Education\u00bb clr=\u00bb#cc0000&#8243; bodybg=\u00bb#ffffff\u00bb borderclr2=\u00bb#ffffff\u00bb]<\/p>\n<p>Fe y Alegr\u00eda provides education to children and adolescents who pass through the educational system in a timely manner, respecting all dimensions of their development: motor, socio-affective, cognitive and spiritual. It covers educational institutions polyteaching at the levels of Early Childhood, Primary and Secondary Education.<br \/>\nIt is present in 21 regions of the country, with 67 educational institutions and 6 rural networks with 188 schools in total.<\/p>\n<p>[\/accordion_son][accordion_son height=\u00bb10&#8243; borderwidth=\u00bb\u00bb borderwidth2=\u00bb\u00bb titlemargin=\u00bb10&#8243; title=\u00bbBasic Special Education\u00bb clr=\u00bb#cc0000&#8243; bodybg=\u00bb#ffffff\u00bb borderclr2=\u00bb#ffffff\u00bb]<\/p>\n<p>Fe y Alegr\u00eda provides educational service at the Initial and Primary Education levels to boys, girls and young people between three and twenty years of age with special educational needs associated with severe disability and multi-disability in order to achieve an autonomous life with a view to their family, social and labor inclusion.<br \/>\nThe Special Basic Education Centers (CEBE) included in their organic structure The Support and Counseling Services for Students with Special Educational Needs (SAANEE) associated with disability and autism spectrum disorder as well as talent and giftedness.<br \/>\nThe main objective of the SAANEE in Fe y Alegr\u00eda is to ensure educational inclusi\u00f3n, for which they provide advice and support to the directors, teachers, students mothers and fathers of the Educational Institutions in their jurisdiction. Fe y Alegr\u00eda has two SAANEE, one in Chimbote, in CEBE FYA 42, and another in San Juan de Lurigancho (Lima), in FYA 25. Additionally, it has special education classrooms in San Juan de Luruigancho (Lima), in FYA 37, and in Bagua Chica (Amazonas), in FYA 31.<\/p>\n<p>[\/accordion_son][accordion_son height=\u00bb10&#8243; borderwidth=\u00bb\u00bb borderwidth2=\u00bb\u00bb titlemargin=\u00bb10&#8243; title=\u00bbAlternative Basic Education\u00bb clr=\u00bb#cc0000&#8243; bodybg=\u00bb#ffffff\u00bb borderclr2=\u00bb#ffffff\u00bb]<\/p>\n<p>Fe y Alegr\u00eda offers official education to young people and adults who for various reasons could not access education or complete their primary and\/or secondary studies in a timely manner. In addition, it is available to the population that needs to reconcile studies with work, completing their education in less time, with flexible hours, in a place close to their home and work and with quality.<br \/>\nIn this modality, it strives to provide a humanistic, scientific and technical training that responds to the needs of these Young people and adults.<br \/>\nCurrently, Fe y Alegr\u00eda provides Alternative Basic Education in Comas and San Juan de Lurigancho (Lima), Tambogrande (Piura), Arequipa and Ica.<\/p>\n<p>[\/accordion_son][\/accordion_father][\/vc_column_inner][vc_column_inner width=\u00bb1\/2&#8243;][vc_gallery type=\u00bbflexslider_slide\u00bb interval=\u00bb3&#8243; images=\u00bb433&#8243; img_size=\u00bblarge\u00bb css=\u00bb.vc_custom_1601164902212{padding-top: 20px !important;}\u00bb][\/vc_column_inner][\/vc_row_inner][\/vc_tta_section][vc_tta_section title=\u00bbRURAL NETWORKS\u00bb tab_id=\u00bb1593216388459-56dbb409-c0ef\u00bb][vc_row_inner][vc_column_inner width=\u00bb1\/3&#8243;][vc_single_image image=\u00bb2111&#8243; img_size=\u00bblarge\u00bb][\/vc_column_inner][vc_column_inner width=\u00bb2\/3&#8243;][vc_column_text]<\/p>\n<p>In the creation of Rural Educational Networks (RER), Fe y Alegr\u00eda has found a space for meeting and articulation between various actors in the territory to promote and ensure quality education for the life of children and adolescents in rural areas, and thus shorten educational gaps and inequality of opportunities and access to services.<br \/>\nThe RERs are sustained by the interest, commitment and active participation of the people of each of the local communities, directors and teachers of the public educational institutions, who adopt and decide to share the values \u200b\u200band foundations that inspire the work of Fe y Alegr\u00eda.<br \/>\nThe RERs are conceived as learning communities and units of reflection, in-service training, pedagogical exchange, articulation, cohesion and social and cultural integration.<\/p>\n<p>[\/vc_column_text][\/vc_column_inner][\/vc_row_inner][vc_row_inner equal_height=\u00bbyes\u00bb][vc_column_inner width=\u00bb1\/2&#8243; css=\u00bb.vc_custom_1593216236446{padding-top: 20px !important;}\u00bb][accordion_father active=\u00bb0&#8243;][accordion_son height=\u00bb10&#8243; borderwidth=\u00bb\u00bb borderwidth2=\u00bb\u00bb titlemargin=\u00bb10&#8243; title=\u00bbRural Andean Network\u00bb clr=\u00bb#00a32e\u00bb bodybg=\u00bb#ffffff\u00bb borderclr2=\u00bb#ffffff\u00bb]<\/p>\n<p>The RERs work is located in the provinces of Quispicanchis (Cuzco), Moro (\u00c1ncash) and Acobamba (Huancavelica) and serves a set of monolingual and bilingual schools in the Quechua language, of a single-teacher, multi-grade and multi-teacher at kindergarten, primary and secondary levels.<\/p>\n<p>[\/accordion_son][accordion_son height=\u00bb10&#8243; borderwidth=\u00bb\u00bb borderwidth2=\u00bb\u00bb titlemargin=\u00bb10&#8243; title=\u00bbRural Amazon Network\u00bb clr=\u00bb#00a32e\u00bb bodybg=\u00bb#ffffff\u00bb borderclr2=\u00bb#ffffff\u00bb]<\/p>\n<p>In Pucallpa-Ucayali, we serve a set of monolingual and bilingual schools in the shipibo language of the single-teacher and multigrade type at the initial and primary levels.<br \/>\nIn the Lagunas (Loreto) area we serve all three levels.<br \/>\nIn Iquitos (Loreto) we accompany multigrade, single-teacher, and multi-grade schools at the kindergarten, primary and secondary level, as well as a secondary student residence that receives male and female students from forty villages and indigenous communities.<\/p>\n<p>In the Amazon Region, we have residential secondary schools that receive students from 104 awaj\u00fan communities.<\/p>\n<p>[\/accordion_son][accordion_son height=\u00bb10&#8243; borderwidth=\u00bb\u00bb borderwidth2=\u00bb\u00bb titlemargin=\u00bb10&#8243; title=\u00bbRural Coast Network\u00bb clr=\u00bb#00a32e\u00bb bodybg=\u00bb#ffffff\u00bb borderclr2=\u00bb#ffffff\u00bb]<\/p>\n<p>We are in the town center of Malingas in the Piura Region where we attend a set of monolingual single-teacher, multi-grade and multi-teacher schools from the various villages in the area.<\/p>\n<p>[\/accordion_son][\/accordion_father][\/vc_column_inner][vc_column_inner width=\u00bb1\/2&#8243;][vc_gallery type=\u00bbflexslider_slide\u00bb interval=\u00bb3&#8243; images=\u00bb2112&#8243; img_size=\u00bbfull\u00bb css=\u00bb.vc_custom_1601164980872{padding-top: 20px !important;}\u00bb][\/vc_column_inner][\/vc_row_inner][\/vc_tta_section][vc_tta_section title=\u00bbTECHNOLOGICAL AND TECHNICAL PROFESSIONAL EDUCATION\u00bb tab_id=\u00bb1593216445548-6a6c5363-e918&#8243;][vc_row_inner][vc_column_inner width=\u00bb1\/3&#8243;][vc_single_image image=\u00bb439&#8243; img_size=\u00bblarge\u00bb][\/vc_column_inner][vc_column_inner width=\u00bb2\/3&#8243;][vc_column_text]<\/p>\n<p>Fe y Alegr\u00eda offers comprehensive training that allows its students to perform adequately in the professional and labor field as professional-citizens committed to the development of their territory and in dialogue with the local culture.<\/p>\n<p>[\/vc_column_text][\/vc_column_inner][\/vc_row_inner][vc_row_inner equal_height=\u00bbyes\u00bb][vc_column_inner width=\u00bb1\/2&#8243; css=\u00bb.vc_custom_1593216236446{padding-top: 20px !important;}\u00bb][accordion_father active=\u00bb0&#8243;][accordion_son height=\u00bb10&#8243; borderwidth=\u00bb\u00bb borderwidth2=\u00bb\u00bb titlemargin=\u00bb10&#8243; title=\u00bbInstitute of Higher Public Technological Education (IESTP)\u00bb clr=\u00bb#00a7ba\u00bb bodybg=\u00bb#ffffff\u00bb borderclr2=\u00bb#ffffff\u00bb]<\/p>\n<p>We offer higher technological education through experimentation and investigation of local potentialities and the search for technological answers to the needs and problems of the territory.<br \/>\nCurrently, Fe y Alegr\u00eda has 7 public IESTs nationwide: Cajamarca (1), Trujillo (1), Lima (2), Amazonas (1), Ayacucho (1) and Loreto (1).<\/p>\n<p>[\/accordion_son][accordion_son height=\u00bb10&#8243; borderwidth=\u00bb\u00bb borderwidth2=\u00bb\u00bb titlemargin=\u00bb10&#8243; title=\u00bbProductive Technical Education Centers (CETPRO)\u00bb clr=\u00bb#00a7ba\u00bb bodybg=\u00bb#ffffff\u00bb borderclr2=\u00bb#ffffff\u00bb]<\/p>\n<p>Fe y Alegr\u00eda provides diverse and accessible technical training opportunities aimed at enhancing the employability of youth and adults. We have a flexible training offer that is attentive to the changes and demands of the territories.<br \/>\nFe y Alegr\u00eda has 13 CETPROs nationwide: Cajamarca (2), La Libertad (1), Lima (5), Cusco (1), Piura (1), Loreto (2) and Puno (1).<\/p>\n<p>[\/accordion_son][accordion_son height=\u00bb10&#8243; borderwidth=\u00bb\u00bb borderwidth2=\u00bb\u00bb titlemargin=\u00bb10&#8243; title=\u00bbCompetence Certification Center (CCC)\u00bb clr=\u00bb#00a7ba\u00bb bodybg=\u00bb#ffffff\u00bb borderclr2=\u00bb#ffffff\u00bb]<\/p>\n<p>Fe y Alegr\u00eda certifies the skills acquired by young people and adults in their work experience. In this way, it promotes the formal educational system\u2019s response to the needs and expectations of the population.<\/p>\n<p>There is 1 CCC: with the capacity to serve the 21 regions of the country.<\/p>\n<p>[\/accordion_son][\/accordion_father][\/vc_column_inner][vc_column_inner width=\u00bb1\/2&#8243;][vc_gallery type=\u00bbflexslider_slide\u00bb interval=\u00bb3&#8243; images=\u00bb438,437&#8243; img_size=\u00bbfull\u00bb css=\u00bb.vc_custom_1593711980894{padding-top: 20px !important;}\u00bb][\/vc_column_inner][\/vc_row_inner][\/vc_tta_section][vc_tta_section title=\u00bbFYA DIGITAL\u00bb tab_id=\u00bb1593216279435-602d2d3e-a627&#8243;][vc_row_inner][vc_column_inner width=\u00bb1\/3&#8243;][vc_single_image image=\u00bb2113&#8243; img_size=\u00bblarge\u00bb][\/vc_column_inner][vc_column_inner width=\u00bb2\/3&#8243;][vc_column_text]<\/p>\n<p>Fe y Alegr\u00eda takes on the challenge of incorporating information and communication technologies (ICT) into its pedagogical and management processes. To do this, it created FyA Digital with a work team in charge of strengthening and promoting the use of ICT in inter-learning, reflection and continuous collaboration in the network, knowledge management, teaching and learning. Through various training programs that it develops in coordination with the pedagogical teams, Fe y Alegr\u00eda has been reinforcing digital skills in directors and teachers, who in turn do so with students.<\/p>\n<p>We are committed to continuously expanding opportunities for our students because we want them to be able to function in this new digital culture for new forms of communication, learning, work and exercise citizenship.<\/p>\n<p>[\/vc_column_text][\/vc_column_inner][\/vc_row_inner][vc_row_inner equal_height=\u00bbyes\u00bb][vc_column_inner width=\u00bb1\/2&#8243; css=\u00bb.vc_custom_1593216236446{padding-top: 20px !important;}\u00bb][accordion_father active=\u00bb0&#8243;][accordion_son height=\u00bb10&#8243; borderwidth=\u00bb\u00bb borderwidth2=\u00bb\u00bb titlemargin=\u00bb10&#8243; title=\u00bbCourses for Teachers\u00bb clr=\u00bb#f7ce28&#8243; bodybg=\u00bb#ffffff\u00bb borderclr2=\u00bb#ffffff\u00bb]<\/p>\n<p>Fe y Alegr\u00eda teachers are our great strength. They respond every day to the challenge of achieving a comprehensive and quality education which requires them to be permanently updated.<\/p>\n<p>Fe y Alegr\u00eda offers them various training options, from small courses of personal development and profesional competencias and general courses in their field of knowledge, to specialization programs, in alliance with universities and partner institutions.<\/p>\n<p>[\/accordion_son][accordion_son height=\u00bb10&#8243; borderwidth=\u00bb\u00bb borderwidth2=\u00bb\u00bb titlemargin=\u00bb10&#8243; title=\u00bbCourses for Executives\u00bb clr=\u00bb#f7ce28&#8243; bodybg=\u00bb#ffffff\u00bb borderclr2=\u00bb#ffffff\u00bb]<\/p>\n<p>The management of educational institutions is one of our pillars to achieve the educational quality that we offer, that is why we take care of their ongoing training through various training programs. FyA Digital offers courses aimed at developing management skills, with an emphasis on pedagogical leadership.<\/p>\n<p>[\/accordion_son][\/accordion_father][\/vc_column_inner][vc_column_inner width=\u00bb1\/2&#8243;][vc_gallery type=\u00bbflexslider_slide\u00bb interval=\u00bb3&#8243; images=\u00bb463&#8243; img_size=\u00bbfull\u00bb css=\u00bb.vc_custom_1601165026872{padding-top: 20px !important;}\u00bb][\/vc_column_inner][\/vc_row_inner][\/vc_tta_section][\/vc_tta_tabs][\/vc_column][\/vc_row][vc_row][vc_column]<div style=\"background-color:;height: 50px\" class=\"nicdark_section  \"><\/div>[\/vc_column][\/vc_row]<\/p>\n<\/div>","protected":false},"excerpt":{"rendered":"<p>[vc_row][vc_column][vc_separator color=\u00bbcustom\u00bb style=\u00bbshadow\u00bb accent_color=\u00bb#cc0000&#8243;][\/vc_column][\/vc_row][vc_row][vc_column width=\u00bb1\/2&#8243; css=\u00bb.vc_custom_1598726864427{margin-top: 30px !important;}\u00bb][vc_column_text] INTEGRAL FORMATION [\/vc_column_text][vc_hoverbox image=\u00bb2109&#8243; primary_title=\u00bb\u00bb hover_title=\u00bb\u00bb shape=\u00bbround\u00bb css=\u00bb.vc_custom_1601164879177{padding-top: 20px !important;}\u00bb] Fe y Alegr\u00eda seeks the integral development of its members, thinking about their personal development and what they can contribute to society. Our popular education proposal incorporates cross-cutting themes on citizen rights and duties, personal and community<\/p>\n","protected":false},"author":11,"featured_media":0,"parent":0,"menu_order":0,"comment_status":"closed","ping_status":"closed","template":"","meta":{"_acf_changed":false,"footnotes":""},"folder":[],"class_list":["post-2003","page","type-page","status-publish","hentry"],"acf":[],"yoast_head":"<!-- This site is optimized with the Yoast SEO plugin v27.2 - https:\/\/yoast.com\/product\/yoast-seo-wordpress\/ -->\n<title>What We Do - #SomosFeyAlegria en Per\u00fa<\/title>\n<meta name=\"robots\" content=\"noindex, follow, max-snippet:-1, max-image-preview:large, max-video-preview:-1\" \/>\n<meta property=\"og:locale\" content=\"es_ES\" \/>\n<meta property=\"og:type\" content=\"article\" \/>\n<meta property=\"og:title\" content=\"What We Do - #SomosFeyAlegria en Per\u00fa\" \/>\n<meta property=\"og:description\" content=\"[vc_row][vc_column][vc_separator color=\u00bbcustom\u00bb style=\u00bbshadow\u00bb accent_color=\u00bb#cc0000&#8243;][\/vc_column][\/vc_row][vc_row][vc_column width=\u00bb1\/2&#8243; css=\u00bb.vc_custom_1598726864427{margin-top: 30px !important;}\u00bb][vc_column_text] INTEGRAL FORMATION [\/vc_column_text][vc_hoverbox image=\u00bb2109&#8243; primary_title=\u00bb\u00bb hover_title=\u00bb\u00bb shape=\u00bbround\u00bb css=\u00bb.vc_custom_1601164879177{padding-top: 20px !important;}\u00bb] Fe y Alegr\u00eda seeks the integral development of its members, thinking about their personal development and what they can contribute to society. Our popular education proposal incorporates cross-cutting themes on citizen rights and duties, personal and community\" \/>\n<meta property=\"og:url\" content=\"https:\/\/www.feyalegria.org\/peru\/en\/what-we-do\/\" \/>\n<meta property=\"og:site_name\" content=\"#SomosFeyAlegria en Per\u00fa\" \/>\n<meta property=\"article:modified_time\" content=\"2020-11-03T14:15:52+00:00\" \/>\n<meta name=\"twitter:card\" content=\"summary_large_image\" \/>\n<meta name=\"twitter:label1\" content=\"Tiempo de lectura\" \/>\n\t<meta name=\"twitter:data1\" content=\"10 minutos\" \/>\n<script type=\"application\/ld+json\" class=\"yoast-schema-graph\">{\"@context\":\"https:\/\/schema.org\",\"@graph\":[{\"@type\":\"WebPage\",\"@id\":\"https:\/\/www.feyalegria.org\/peru\/en\/what-we-do\/\",\"url\":\"https:\/\/www.feyalegria.org\/peru\/en\/what-we-do\/\",\"name\":\"What We Do - #SomosFeyAlegria en Per\u00fa\",\"isPartOf\":{\"@id\":\"https:\/\/www.feyalegria.org\/peru\/#website\"},\"datePublished\":\"2020-09-25T16:01:59+00:00\",\"dateModified\":\"2020-11-03T14:15:52+00:00\",\"breadcrumb\":{\"@id\":\"https:\/\/www.feyalegria.org\/peru\/en\/what-we-do\/#breadcrumb\"},\"inLanguage\":\"es\",\"potentialAction\":[{\"@type\":\"ReadAction\",\"target\":[\"https:\/\/www.feyalegria.org\/peru\/en\/what-we-do\/\"]}]},{\"@type\":\"BreadcrumbList\",\"@id\":\"https:\/\/www.feyalegria.org\/peru\/en\/what-we-do\/#breadcrumb\",\"itemListElement\":[{\"@type\":\"ListItem\",\"position\":1,\"name\":\"Home\",\"item\":\"https:\/\/www.feyalegria.org\/peru\/\"},{\"@type\":\"ListItem\",\"position\":2,\"name\":\"What We Do\"}]},{\"@type\":\"WebSite\",\"@id\":\"https:\/\/www.feyalegria.org\/peru\/#website\",\"url\":\"https:\/\/www.feyalegria.org\/peru\/\",\"name\":\"#SomosFeyAlegria en Per\u00fa\",\"description\":\"Movimiento de Educaci\u00f3n Popular y Promoci\u00f3n Social\",\"potentialAction\":[{\"@type\":\"SearchAction\",\"target\":{\"@type\":\"EntryPoint\",\"urlTemplate\":\"https:\/\/www.feyalegria.org\/peru\/?s={search_term_string}\"},\"query-input\":{\"@type\":\"PropertyValueSpecification\",\"valueRequired\":true,\"valueName\":\"search_term_string\"}}],\"inLanguage\":\"es\"}]}<\/script>\n<!-- \/ Yoast SEO plugin. -->","yoast_head_json":{"title":"What We Do - #SomosFeyAlegria en Per\u00fa","robots":{"index":"noindex","follow":"follow","max-snippet":"max-snippet:-1","max-image-preview":"max-image-preview:large","max-video-preview":"max-video-preview:-1"},"og_locale":"es_ES","og_type":"article","og_title":"What We Do - #SomosFeyAlegria en Per\u00fa","og_description":"[vc_row][vc_column][vc_separator color=\u00bbcustom\u00bb style=\u00bbshadow\u00bb accent_color=\u00bb#cc0000&#8243;][\/vc_column][\/vc_row][vc_row][vc_column width=\u00bb1\/2&#8243; css=\u00bb.vc_custom_1598726864427{margin-top: 30px !important;}\u00bb][vc_column_text] INTEGRAL FORMATION [\/vc_column_text][vc_hoverbox image=\u00bb2109&#8243; primary_title=\u00bb\u00bb hover_title=\u00bb\u00bb shape=\u00bbround\u00bb css=\u00bb.vc_custom_1601164879177{padding-top: 20px !important;}\u00bb] Fe y Alegr\u00eda seeks the integral development of its members, thinking about their personal development and what they can contribute to society. Our popular education proposal incorporates cross-cutting themes on citizen rights and duties, personal and community","og_url":"https:\/\/www.feyalegria.org\/peru\/en\/what-we-do\/","og_site_name":"#SomosFeyAlegria en Per\u00fa","article_modified_time":"2020-11-03T14:15:52+00:00","twitter_card":"summary_large_image","twitter_misc":{"Tiempo de lectura":"10 minutos"},"schema":{"@context":"https:\/\/schema.org","@graph":[{"@type":"WebPage","@id":"https:\/\/www.feyalegria.org\/peru\/en\/what-we-do\/","url":"https:\/\/www.feyalegria.org\/peru\/en\/what-we-do\/","name":"What We Do - #SomosFeyAlegria en Per\u00fa","isPartOf":{"@id":"https:\/\/www.feyalegria.org\/peru\/#website"},"datePublished":"2020-09-25T16:01:59+00:00","dateModified":"2020-11-03T14:15:52+00:00","breadcrumb":{"@id":"https:\/\/www.feyalegria.org\/peru\/en\/what-we-do\/#breadcrumb"},"inLanguage":"es","potentialAction":[{"@type":"ReadAction","target":["https:\/\/www.feyalegria.org\/peru\/en\/what-we-do\/"]}]},{"@type":"BreadcrumbList","@id":"https:\/\/www.feyalegria.org\/peru\/en\/what-we-do\/#breadcrumb","itemListElement":[{"@type":"ListItem","position":1,"name":"Home","item":"https:\/\/www.feyalegria.org\/peru\/"},{"@type":"ListItem","position":2,"name":"What We Do"}]},{"@type":"WebSite","@id":"https:\/\/www.feyalegria.org\/peru\/#website","url":"https:\/\/www.feyalegria.org\/peru\/","name":"#SomosFeyAlegria en Per\u00fa","description":"Movimiento de Educaci\u00f3n Popular y Promoci\u00f3n Social","potentialAction":[{"@type":"SearchAction","target":{"@type":"EntryPoint","urlTemplate":"https:\/\/www.feyalegria.org\/peru\/?s={search_term_string}"},"query-input":{"@type":"PropertyValueSpecification","valueRequired":true,"valueName":"search_term_string"}}],"inLanguage":"es"}]}},"_links":{"self":[{"href":"https:\/\/www.feyalegria.org\/peru\/wp-json\/wp\/v2\/pages\/2003","targetHints":{"allow":["GET"]}}],"collection":[{"href":"https:\/\/www.feyalegria.org\/peru\/wp-json\/wp\/v2\/pages"}],"about":[{"href":"https:\/\/www.feyalegria.org\/peru\/wp-json\/wp\/v2\/types\/page"}],"author":[{"embeddable":true,"href":"https:\/\/www.feyalegria.org\/peru\/wp-json\/wp\/v2\/users\/11"}],"replies":[{"embeddable":true,"href":"https:\/\/www.feyalegria.org\/peru\/wp-json\/wp\/v2\/comments?post=2003"}],"version-history":[{"count":0,"href":"https:\/\/www.feyalegria.org\/peru\/wp-json\/wp\/v2\/pages\/2003\/revisions"}],"wp:attachment":[{"href":"https:\/\/www.feyalegria.org\/peru\/wp-json\/wp\/v2\/media?parent=2003"}],"wp:term":[{"taxonomy":"folder","embeddable":true,"href":"https:\/\/www.feyalegria.org\/peru\/wp-json\/wp\/v2\/folder?post=2003"}],"curies":[{"name":"wp","href":"https:\/\/api.w.org\/{rel}","templated":true}]}}