 {"id":2021,"date":"2020-09-25T11:51:13","date_gmt":"2020-09-25T16:51:13","guid":{"rendered":"https:\/\/www.feyalegria.org\/peru\/?page_id=2021"},"modified":"2020-12-13T06:51:29","modified_gmt":"2020-12-13T11:51:29","slug":"library-and-resources","status":"publish","type":"page","link":"https:\/\/www.feyalegria.org\/peru\/en\/library-and-resources\/","title":{"rendered":"Library and Resources"},"content":{"rendered":"<div class=\"wpb-content-wrapper\"><p>[vc_row][vc_column][vc_separator color=\u00bbcustom\u00bb style=\u00bbshadow\u00bb accent_color=\u00bb#cc0000&#8243;][\/vc_column][\/vc_row][vc_row enable_first_overlay=\u00bbtrue\u00bb first_overlay_opacity=\u00bb15&#8243;][vc_column][vc_tta_tabs style=\u00bbmodern\u00bb color=\u00bbsky\u00bb spacing=\u00bb15&#8243; active_section=\u00bb1&#8243; css=\u00bb.vc_custom_1598479508029{padding-top: 15px !important;padding-right: 15px !important;padding-bottom: 15px !important;padding-left: 15px !important;background-color: #cc0000 !important;border-radius: 15px !important;}\u00bb][vc_tta_section title=\u00bbPublications\u00bb tab_id=\u00bb1594345325825-7a43547e-f033&#8243;][vc_row_inner css=\u00bb.vc_custom_1594345546539{padding-top: 15px !important;}\u00bb][vc_column_inner width=\u00bb1\/2&#8243;][vc_column_text]<\/p>\n<h3 style=\"text-align: center\"><span style=\"color: #cc0000\">Gu\u00eda B\u00e1sica para Grabar Video con Celular<\/span><\/h3>\n<p>[\/vc_column_text][vc_empty_space height=\u00bb20&#8243;][vc_single_image image=\u00bb2890&#8243; img_size=\u00bbmedium\u00bb alignment=\u00bbcenter\u00bb onclick=\u00bbcustom_link\u00bb img_link_target=\u00bb_blank\u00bb link=\u00bbhttps:\/\/drive.google.com\/file\/d\/1lxYw6KnkM9Fgbk-04AWsp2ZhvJPBlwaX\/view?usp=sharing\u00bb][\/vc_column_inner][vc_column_inner width=\u00bb1\/2&#8243;][vc_column_text]<\/p>\n<h3 style=\"text-align: center\"><span style=\"color: #cc0000\">Educaci\u00f3n P\u00fablica, Responsabilidad de Todos y Todas en la Formaci\u00f3n Ciudadana<\/span><\/h3>\n<p>[\/vc_column_text][vc_single_image image=\u00bb2611&#8243; img_size=\u00bbmedium\u00bb alignment=\u00bbcenter\u00bb onclick=\u00bbcustom_link\u00bb img_link_target=\u00bb_blank\u00bb link=\u00bbhttps:\/\/drive.google.com\/file\/d\/1JKtj2Ri0eJOw1vRict4-y7SCyOCxMJla\/view?usp=sharing\u00bb][\/vc_column_inner][\/vc_row_inner][vc_separator color=\u00bbmulled_wine\u00bb style=\u00bbshadow\u00bb][vc_row_inner css=\u00bb.vc_custom_1594345546539{padding-top: 15px !important;}\u00bb][vc_column_inner width=\u00bb1\/4&#8243;][vc_column_text]<\/p>\n<h3 style=\"text-align: center\"><span style=\"color: #cc0000\">Manual de Orientaci\u00f3n Vocacional para Estudiantes de Secundaria<\/span><\/h3>\n<p>[\/vc_column_text][vc_single_image image=\u00bb2802&#8243; img_size=\u00bbmedium\u00bb alignment=\u00bbcenter\u00bb onclick=\u00bbcustom_link\u00bb img_link_target=\u00bb_blank\u00bb link=\u00bbhttps:\/\/drive.google.com\/file\/d\/142OKS_1h6wxq6QlCkxf2sqniDio97Qc6\/view?usp=sharing\u00bb][\/vc_column_inner][vc_column_inner width=\u00bb1\/4&#8243;]<div style=\"background-color:;height: 20px\" class=\"nicdark_section  \"><\/div>[vc_column_text]<\/p>\n<h3 style=\"text-align: center\"><span style=\"color: #cc0000\">Gu\u00eda para el uso del Manual de Orientaci\u00f3n Vocacional<\/span><\/h3>\n<p>[\/vc_column_text][vc_single_image image=\u00bb2803&#8243; img_size=\u00bbmedium\u00bb alignment=\u00bbcenter\u00bb onclick=\u00bbcustom_link\u00bb img_link_target=\u00bb_blank\u00bb link=\u00bbhttps:\/\/drive.google.com\/file\/d\/1W0AnMAjDs_KfodWglwghc9ruqq7OPr7i\/view?usp=sharing\u00bb][\/vc_column_inner][vc_column_inner width=\u00bb1\/4&#8243;]<div style=\"background-color:;height: 20px\" class=\"nicdark_section  \"><\/div>[vc_column_text]<\/p>\n<h3 style=\"text-align: center\"><span style=\"color: #cc0000\">Me gusta leer<\/span><\/h3>\n<p>[\/vc_column_text][vc_empty_space height=\u00bb70&#8243;][vc_single_image image=\u00bb768&#8243; img_size=\u00bbmedium\u00bb alignment=\u00bbcenter\u00bb onclick=\u00bbcustom_link\u00bb img_link_target=\u00bb_blank\u00bb link=\u00bbhttps:\/\/drive.google.com\/file\/d\/1mvCM_ZVrudhYOpO9GbvMthaBanuZXAmr\/view?usp=sharing\u00bb][\/vc_column_inner][vc_column_inner width=\u00bb1\/4&#8243;]<div style=\"background-color:;height: 20px\" class=\"nicdark_section  \"><\/div>[vc_column_text]<\/p>\n<h3 style=\"text-align: center\"><span style=\"color: #cc0000\">Ser escuela es ser comunidad<\/span><\/h3>\n<p>[\/vc_column_text][vc_empty_space height=\u00bb45&#8243;][vc_single_image image=\u00bb769&#8243; img_size=\u00bbmedium\u00bb alignment=\u00bbcenter\u00bb style=\u00bbvc_box_shadow\u00bb onclick=\u00bbcustom_link\u00bb img_link_target=\u00bb_blank\u00bb link=\u00bbhttps:\/\/drive.google.com\/file\/d\/1N4EIdTjbsLlPbW7v2ciglqZpxLS3gMYv\/view?usp=sharing\u00bb][\/vc_column_inner][\/vc_row_inner]<div style=\"background-color:;height: 20px\" class=\"nicdark_section  \"><\/div>[vc_separator color=\u00bbmulled_wine\u00bb style=\u00bbshadow\u00bb][vc_row_inner css=\u00bb.vc_custom_1594345546539{padding-top: 15px !important;}\u00bb][vc_column_inner width=\u00bb1\/4&#8243;]<div style=\"background-color:;height: 20px\" class=\"nicdark_section  \"><\/div>[vc_column_text]<\/p>\n<h3 style=\"text-align: center\"><span style=\"color: #cc0000\">Lo que el Per\u00fa rural nos ofrece<\/span><\/h3>\n<p>[\/vc_column_text][vc_empty_space height=\u00bb25&#8243;][vc_single_image image=\u00bb767&#8243; img_size=\u00bbmedium\u00bb alignment=\u00bbcenter\u00bb style=\u00bbvc_box_shadow\u00bb onclick=\u00bbcustom_link\u00bb img_link_target=\u00bb_blank\u00bb link=\u00bbhttps:\/\/drive.google.com\/file\/d\/1c4irgk4QItKbeJAjPpn2gnDY-tCfU00g\/view?usp=sharing\u00bb][\/vc_column_inner][vc_column_inner width=\u00bb1\/4&#8243;]<div style=\"background-color:;height: 20px\" class=\"nicdark_section  \"><\/div>[vc_column_text]<\/p>\n<h3 style=\"text-align: center\"><span style=\"color: #cc0000\">El Maestro un actor fundamental<\/span><\/h3>\n<p>[\/vc_column_text][vc_empty_space height=\u00bb25&#8243;][vc_single_image image=\u00bb765&#8243; img_size=\u00bbmedium\u00bb alignment=\u00bbcenter\u00bb style=\u00bbvc_box_shadow\u00bb onclick=\u00bbcustom_link\u00bb img_link_target=\u00bb_blank\u00bb link=\u00bbhttps:\/\/drive.google.com\/file\/d\/1OJ8_qXFqoWYFQFBlqillfX3PBLqYEyJR\/view?usp=sharing\u00bb][\/vc_column_inner][vc_column_inner width=\u00bb1\/4&#8243;]<div style=\"background-color:;height: 20px\" class=\"nicdark_section  \"><\/div>[vc_column_text]<\/p>\n<h3 style=\"text-align: center\"><span style=\"color: #cc0000\">\u00c9tica y Educaci\u00f3n en Fe y Alegr\u00eda<\/span><\/h3>\n<p>[\/vc_column_text][vc_empty_space height=\u00bb25&#8243;][vc_single_image image=\u00bb766&#8243; img_size=\u00bbmedium\u00bb alignment=\u00bbcenter\u00bb style=\u00bbvc_box_shadow\u00bb onclick=\u00bbcustom_link\u00bb img_link_target=\u00bb_blank\u00bb link=\u00bbhttps:\/\/drive.google.com\/file\/d\/1GR-17NrDyedyt-EkWGPulzRgfluG4gcc\/view?usp=sharing\u00bb][\/vc_column_inner][vc_column_inner width=\u00bb1\/4&#8243;]<div style=\"background-color:;height: 20px\" class=\"nicdark_section  \"><\/div>[vc_column_text]<\/p>\n<h3 style=\"text-align: center\"><span style=\"color: #cc0000\">El caminar de la propuesta educativa<\/span><\/h3>\n<p>[\/vc_column_text][vc_single_image image=\u00bb764&#8243; img_size=\u00bbmedium\u00bb alignment=\u00bbcenter\u00bb style=\u00bbvc_box_shadow\u00bb onclick=\u00bbcustom_link\u00bb img_link_target=\u00bb_blank\u00bb link=\u00bbhttps:\/\/drive.google.com\/file\/d\/1DT5RTKD-EnjicwpiEneUHhh2HDRksiuW\/view?usp=sharing\u00bb][\/vc_column_inner][\/vc_row_inner][\/vc_tta_section][vc_tta_section title=\u00bbVideos Iniciativas\u00bb tab_id=\u00bb1595393510495-36dd3945-e7ea\u00bb][vc_column_text]<\/p>\n<h3 style=\"text-align: center\"><strong><span style=\"color: #cc0000\">Videos Iniciativas<\/span><\/strong><\/h3>\n<p>[\/vc_column_text][vc_row_inner][vc_column_inner width=\u00bb1\/2&#8243;][vc_video link=\u00bbhttps:\/\/youtu.be\/X5xznNgj4WU\u00bb][\/vc_column_inner][vc_column_inner width=\u00bb1\/2&#8243;][vc_video link=\u00bbhttps:\/\/youtu.be\/r6Q2nNqWHtw\u00bb][\/vc_column_inner][\/vc_row_inner][vc_separator][vc_row_inner disable_element=\u00bbyes\u00bb][vc_column_inner width=\u00bb1\/6&#8243;][vc_column_text]<\/p>\n<p>&nbsp;<\/p>\n<p>&nbsp;<\/p>\n<p>&nbsp;<\/p>\n<h4 align=\"right\"><strong>2017<\/strong><\/h4>\n<h5 align=\"right\">Love is share<\/h5>\n<p>[\/vc_column_text][\/vc_column_inner][vc_column_inner width=\u00bb1\/3&#8243;][vc_video link=\u00bbhttps:\/\/www.youtube.com\/watch?v=ZxZFjU8wJXM\u00bb][\/vc_column_inner][vc_column_inner width=\u00bb1\/6&#8243;][vc_column_text]<\/p>\n<p>&nbsp;<\/p>\n<p>&nbsp;<\/p>\n<p>&nbsp;<\/p>\n<h4 align=\"right\"><strong>2016<\/strong><\/h4>\n<h5 align=\"right\">Good news<\/h5>\n<p>[\/vc_column_text][\/vc_column_inner][vc_column_inner width=\u00bb1\/3&#8243;][vc_video link=\u00bbhttps:\/\/www.youtube.com\/watch?v=HRgTxP0f4Gs\u00bb][\/vc_column_inner][\/vc_row_inner][vc_separator][vc_row_inner][vc_column_inner width=\u00bb1\/6&#8243;][\/vc_column_inner][vc_column_inner width=\u00bb1\/3&#8243;][\/vc_column_inner][vc_column_inner width=\u00bb1\/6&#8243;][\/vc_column_inner][vc_column_inner width=\u00bb1\/3&#8243;][\/vc_column_inner][\/vc_row_inner][\/vc_tta_section][vc_tta_section title=\u00bbInstitutional Videos\u00bb tab_id=\u00bb1602878169648-66ae10be-8fdb\u00bb][vc_column_text]<\/p>\n<h3 style=\"text-align: center\"><strong><span style=\"color: #cc0000\">Institutional Videos<\/span><\/strong><\/h3>\n<p>[\/vc_column_text][vc_row_inner][vc_column_inner width=\u00bb1\/6&#8243;][vc_column_text]<\/p>\n<p>&nbsp;<\/p>\n<p>&nbsp;<\/p>\n<p>&nbsp;<\/p>\n<h4 align=\"right\"><strong>2019<\/strong><\/h4>\n<h5 align=\"right\">We transform lives<\/h5>\n<p>[\/vc_column_text][\/vc_column_inner][vc_column_inner width=\u00bb1\/3&#8243;][vc_video link=\u00bbhttps:\/\/www.youtube.com\/watch?v=6-U0S2vmjok\u00bb][\/vc_column_inner][vc_column_inner width=\u00bb1\/6&#8243;][vc_column_text]<\/p>\n<p>&nbsp;<\/p>\n<p>&nbsp;<\/p>\n<p>&nbsp;<\/p>\n<h4 align=\"right\"><strong>2018<\/strong><\/h4>\n<h5 align=\"right\">More education with values<\/h5>\n<p>[\/vc_column_text][\/vc_column_inner][vc_column_inner width=\u00bb1\/3&#8243;][vc_video link=\u00bbhttps:\/\/www.youtube.com\/watch?v=vxaShcdd3_s\u00bb][\/vc_column_inner][\/vc_row_inner][vc_separator][vc_row_inner][vc_column_inner width=\u00bb1\/6&#8243;][vc_column_text]<\/p>\n<p>&nbsp;<\/p>\n<p>&nbsp;<\/p>\n<p>&nbsp;<\/p>\n<h4 align=\"right\"><strong>2017<\/strong><\/h4>\n<h5 align=\"right\">Love is share<\/h5>\n<p>[\/vc_column_text][\/vc_column_inner][vc_column_inner width=\u00bb1\/3&#8243;][vc_video link=\u00bbhttps:\/\/www.youtube.com\/watch?v=ZxZFjU8wJXM\u00bb][\/vc_column_inner][vc_column_inner width=\u00bb1\/6&#8243;][vc_column_text]<\/p>\n<p>&nbsp;<\/p>\n<p>&nbsp;<\/p>\n<p>&nbsp;<\/p>\n<h4 align=\"right\"><strong>2016<\/strong><\/h4>\n<h5 align=\"right\">Good news<\/h5>\n<p>[\/vc_column_text][\/vc_column_inner][vc_column_inner width=\u00bb1\/3&#8243;][vc_video link=\u00bbhttps:\/\/www.youtube.com\/watch?v=HRgTxP0f4Gs\u00bb][\/vc_column_inner][\/vc_row_inner][vc_separator][vc_row_inner][vc_column_inner width=\u00bb1\/6&#8243;][\/vc_column_inner][vc_column_inner width=\u00bb1\/3&#8243;][\/vc_column_inner][vc_column_inner width=\u00bb1\/6&#8243;][\/vc_column_inner][vc_column_inner width=\u00bb1\/3&#8243;][\/vc_column_inner][\/vc_row_inner][\/vc_tta_section][vc_tta_section title=\u00bbVideos raffle Fe y Alegr\u00eda of Peru\u00bb tab_id=\u00bb1595395174376-e1593170-aa38&#8243;][vc_empty_space][vc_column_text]<\/p>\n<h3 style=\"text-align: center\"><strong><span style=\"color: #cc0000\">Videos raffle Fe y Alegr\u00eda of Peru<\/span><\/strong><\/h3>\n<p>[\/vc_column_text][vc_separator][vc_row_inner][vc_column_inner width=\u00bb1\/6&#8243;][vc_column_text]<\/p>\n<p>\n&nbsp;<\/p>\n<p>&nbsp;<\/p>\n<p>&nbsp;<\/p>\n<h4 align=\"right\"><strong>Raffle 2020<\/strong><\/h4>\n<p>[\/vc_column_text][\/vc_column_inner][vc_column_inner width=\u00bb1\/3&#8243;][vc_video link=\u00bbhttps:\/\/youtu.be\/H8khNhca__k\u00bb][\/vc_column_inner][vc_column_inner width=\u00bb1\/6&#8243;][vc_column_text]<\/p>\n<p>&nbsp;<\/p>\n<p>&nbsp;<\/p>\n<p>&nbsp;<\/p>\n<h4 align=\"right\"><strong>Raffle 2019<\/strong><\/h4>\n<p>[\/vc_column_text][\/vc_column_inner][vc_column_inner width=\u00bb1\/3&#8243;][vc_video link=\u00bbhttps:\/\/www.youtube.com\/watch?v=rIl5y0HnNcs\u00bb][\/vc_column_inner][\/vc_row_inner][vc_separator][vc_row_inner][vc_column_inner width=\u00bb1\/6&#8243;][vc_column_text]<\/p>\n<p>&nbsp;<\/p>\n<p>&nbsp;<\/p>\n<p>&nbsp;<\/p>\n<h4 align=\"right\"><strong>Raffle 2018<\/strong><\/h4>\n<p>[\/vc_column_text][\/vc_column_inner][vc_column_inner width=\u00bb1\/3&#8243;][vc_video link=\u00bbhttps:\/\/www.youtube.com\/watch?v=8z8OnZ6GrbA\u00bb][\/vc_column_inner][vc_column_inner width=\u00bb1\/6&#8243;][vc_column_text]<\/p>\n<p>&nbsp;<\/p>\n<p>&nbsp;<\/p>\n<p>&nbsp;<\/p>\n<h4 align=\"right\"><strong>Raffle 2017<\/strong><\/h4>\n<p>[\/vc_column_text][\/vc_column_inner][vc_column_inner width=\u00bb1\/3&#8243;][vc_video link=\u00bbhttps:\/\/www.youtube.com\/watch?v=tn7H-GvGF1Y\u00bb][\/vc_column_inner][\/vc_row_inner][vc_separator][vc_row_inner][vc_column_inner width=\u00bb1\/6&#8243;][vc_column_text]<\/p>\n<p>&nbsp;<\/p>\n<p>&nbsp;<\/p>\n<p>&nbsp;<\/p>\n<h4 align=\"right\"><strong>Raffle 2016<\/strong><\/h4>\n<p>[\/vc_column_text][\/vc_column_inner][vc_column_inner width=\u00bb1\/3&#8243;][vc_video link=\u00bbhttps:\/\/www.youtube.com\/watch?v=kNOmuz7a_TM\u00bb][\/vc_column_inner][vc_column_inner width=\u00bb1\/6&#8243;][vc_column_text]<\/p>\n<p>&nbsp;<\/p>\n<p>&nbsp;<\/p>\n<p>&nbsp;<\/p>\n<h4 align=\"right\"><strong>Raffle 2015<\/strong><\/h4>\n<p>[\/vc_column_text][\/vc_column_inner][vc_column_inner width=\u00bb1\/3&#8243;][vc_video link=\u00bbhttps:\/\/www.youtube.com\/watch?v=FUouB-BVXyI\u00bb][\/vc_column_inner][\/vc_row_inner][vc_separator color=\u00bbcustom\u00bb style=\u00bbshadow\u00bb accent_color=\u00bb#cc0000&#8243;][vc_column_text]<\/p>\n<h3 style=\"text-align: center\"><strong><span style=\"color: #cc0000\">Spot TV Raffle<\/span><\/strong><\/h3>\n<p>[\/vc_column_text][vc_separator][vc_row_inner][vc_column_inner width=\u00bb1\/3&#8243;][vc_column_text]<\/p>\n<p>&nbsp;<\/p>\n<p>&nbsp;<\/p>\n<p>&nbsp;<\/p>\n<h4 align=\"right\"><strong>Spot TV Raffle 2020<\/strong><\/h4>\n<p>[\/vc_column_text][\/vc_column_inner][vc_column_inner width=\u00bb1\/3&#8243;][vc_video link=\u00bbhttps:\/\/www.youtube.com\/watch?v=kywY78-2wHo\u00bb][\/vc_column_inner][vc_column_inner width=\u00bb1\/3&#8243;][\/vc_column_inner][\/vc_row_inner][vc_row_inner][vc_column_inner width=\u00bb1\/6&#8243;][vc_column_text]<\/p>\n<p>&nbsp;<\/p>\n<p>&nbsp;<\/p>\n<p>&nbsp;<\/p>\n<h4 align=\"right\"><strong>Spot TV Raffle 2020<\/strong><\/h4>\n<p>[\/vc_column_text][\/vc_column_inner][vc_column_inner width=\u00bb1\/3&#8243;][vc_video link=\u00bbhttps:\/\/www.youtube.com\/watch?v=C733fuvvfN8&#8243;][\/vc_column_inner][vc_column_inner width=\u00bb1\/6&#8243;][vc_column_text]<\/p>\n<p>&nbsp;<\/p>\n<p>&nbsp;<\/p>\n<p>&nbsp;<\/p>\n<h4 align=\"right\"><strong>Spot TV Raffle 2019<\/strong><\/h4>\n<p>[\/vc_column_text][\/vc_column_inner][vc_column_inner width=\u00bb1\/3&#8243;][vc_single_image image=\u00bb2794&#8243; img_size=\u00bbfull\u00bb onclick=\u00bbcustom_link\u00bb link=\u00bbhttps:\/\/drive.google.com\/file\/d\/1AfAXHIi9N4aZ5Ok2M8p7IRjaJOGZ6vYc\/view?usp=sharing\u00bb][\/vc_column_inner][\/vc_row_inner][vc_row_inner][vc_column_inner width=\u00bb1\/6&#8243;][vc_column_text]<\/p>\n<p>&nbsp;<\/p>\n<p>&nbsp;<\/p>\n<p>&nbsp;<\/p>\n<h4 align=\"right\"><strong>Spot TV Raffle 2018<\/strong><\/h4>\n<p>[\/vc_column_text][\/vc_column_inner][vc_column_inner width=\u00bb1\/3&#8243;][vc_video link=\u00bbhttps:\/\/www.youtube.com\/watch?v=eVb0lF7Dqxw\u00bb][\/vc_column_inner][vc_column_inner width=\u00bb1\/6&#8243;][vc_column_text]<\/p>\n<p>&nbsp;<\/p>\n<p>&nbsp;<\/p>\n<p>&nbsp;<\/p>\n<h4 align=\"right\"><strong>Spot TV Raffle 2017<\/strong><\/h4>\n<p>[\/vc_column_text][\/vc_column_inner][vc_column_inner width=\u00bb1\/3&#8243;][vc_video link=\u00bbhttps:\/\/www.youtube.com\/watch?v=TQVYCRM4YsM\u00bb][\/vc_column_inner][\/vc_row_inner][vc_separator][vc_row_inner][vc_column_inner width=\u00bb1\/6&#8243;][vc_column_text]<\/p>\n<p>&nbsp;<\/p>\n<p>&nbsp;<\/p>\n<p>&nbsp;<\/p>\n<h4 align=\"right\"><strong>Spot TV Raffle 2016<\/strong><\/h4>\n<p>[\/vc_column_text][\/vc_column_inner][vc_column_inner width=\u00bb1\/3&#8243;][vc_video link=\u00bbhttps:\/\/www.youtube.com\/watch?v=ZDkVtCU3n_4&#8243;][\/vc_column_inner][vc_column_inner width=\u00bb1\/6&#8243;][vc_column_text]<\/p>\n<p>&nbsp;<\/p>\n<p>&nbsp;<\/p>\n<p>&nbsp;<\/p>\n<h4 align=\"right\"><strong>Spot TV Raffle 2015<\/strong><\/h4>\n<p>[\/vc_column_text][\/vc_column_inner][vc_column_inner width=\u00bb1\/3&#8243;][vc_video link=\u00bbhttps:\/\/www.youtube.com\/watch?v=yTr5PMCOzTg\u00bb][\/vc_column_inner][\/vc_row_inner][\/vc_tta_section][\/vc_tta_tabs][\/vc_column][\/vc_row]<\/p>\n<\/div>","protected":false},"excerpt":{"rendered":"<p>[vc_row][vc_column][vc_separator color=\u00bbcustom\u00bb style=\u00bbshadow\u00bb accent_color=\u00bb#cc0000&#8243;][\/vc_column][\/vc_row][vc_row enable_first_overlay=\u00bbtrue\u00bb first_overlay_opacity=\u00bb15&#8243;][vc_column][vc_tta_tabs style=\u00bbmodern\u00bb color=\u00bbsky\u00bb spacing=\u00bb15&#8243; active_section=\u00bb1&#8243; css=\u00bb.vc_custom_1598479508029{padding-top: 15px !important;padding-right: 15px !important;padding-bottom: 15px !important;padding-left: 15px !important;background-color: #cc0000 !important;border-radius: 15px !important;}\u00bb][vc_tta_section title=\u00bbPublications\u00bb tab_id=\u00bb1594345325825-7a43547e-f033&#8243;][vc_row_inner css=\u00bb.vc_custom_1594345546539{padding-top: 15px !important;}\u00bb][vc_column_inner width=\u00bb1\/2&#8243;][vc_column_text] Gu\u00eda B\u00e1sica para Grabar Video con Celular [\/vc_column_text][vc_empty_space height=\u00bb20&#8243;][vc_single_image image=\u00bb2890&#8243; img_size=\u00bbmedium\u00bb alignment=\u00bbcenter\u00bb onclick=\u00bbcustom_link\u00bb img_link_target=\u00bb_blank\u00bb link=\u00bbhttps:\/\/drive.google.com\/file\/d\/1lxYw6KnkM9Fgbk-04AWsp2ZhvJPBlwaX\/view?usp=sharing\u00bb][\/vc_column_inner][vc_column_inner width=\u00bb1\/2&#8243;][vc_column_text] Educaci\u00f3n P\u00fablica, Responsabilidad de Todos y Todas en la Formaci\u00f3n<\/p>\n","protected":false},"author":11,"featured_media":0,"parent":0,"menu_order":0,"comment_status":"closed","ping_status":"closed","template":"","meta":{"_acf_changed":false,"footnotes":""},"folder":[],"class_list":["post-2021","page","type-page","status-publish","hentry"],"acf":[],"yoast_head":"<!-- This site is optimized with the Yoast SEO plugin v27.4 - https:\/\/yoast.com\/product\/yoast-seo-wordpress\/ -->\n<title>Library and Resources - #SomosFeyAlegria en Per\u00fa<\/title>\n<meta name=\"robots\" content=\"noindex, follow, max-snippet:-1, max-image-preview:large, max-video-preview:-1\" \/>\n<meta property=\"og:locale\" content=\"es_ES\" \/>\n<meta property=\"og:type\" content=\"article\" \/>\n<meta property=\"og:title\" content=\"Library and Resources - #SomosFeyAlegria en Per\u00fa\" \/>\n<meta property=\"og:description\" content=\"[vc_row][vc_column][vc_separator color=\u00bbcustom\u00bb style=\u00bbshadow\u00bb accent_color=\u00bb#cc0000&#8243;][\/vc_column][\/vc_row][vc_row enable_first_overlay=\u00bbtrue\u00bb first_overlay_opacity=\u00bb15&#8243;][vc_column][vc_tta_tabs style=\u00bbmodern\u00bb color=\u00bbsky\u00bb spacing=\u00bb15&#8243; active_section=\u00bb1&#8243; css=\u00bb.vc_custom_1598479508029{padding-top: 15px !important;padding-right: 15px !important;padding-bottom: 15px !important;padding-left: 15px !important;background-color: #cc0000 !important;border-radius: 15px !important;}\u00bb][vc_tta_section title=\u00bbPublications\u00bb tab_id=\u00bb1594345325825-7a43547e-f033&#8243;][vc_row_inner css=\u00bb.vc_custom_1594345546539{padding-top: 15px !important;}\u00bb][vc_column_inner width=\u00bb1\/2&#8243;][vc_column_text] Gu\u00eda B\u00e1sica para Grabar Video con Celular [\/vc_column_text][vc_empty_space height=\u00bb20&#8243;][vc_single_image image=\u00bb2890&#8243; img_size=\u00bbmedium\u00bb alignment=\u00bbcenter\u00bb onclick=\u00bbcustom_link\u00bb img_link_target=\u00bb_blank\u00bb link=\u00bbhttps:\/\/drive.google.com\/file\/d\/1lxYw6KnkM9Fgbk-04AWsp2ZhvJPBlwaX\/view?usp=sharing\u00bb][\/vc_column_inner][vc_column_inner width=\u00bb1\/2&#8243;][vc_column_text] Educaci\u00f3n P\u00fablica, Responsabilidad de Todos y Todas en la Formaci\u00f3n\" \/>\n<meta property=\"og:url\" content=\"https:\/\/www.feyalegria.org\/peru\/en\/library-and-resources\/\" \/>\n<meta property=\"og:site_name\" content=\"#SomosFeyAlegria en Per\u00fa\" \/>\n<meta property=\"article:modified_time\" content=\"2020-12-13T11:51:29+00:00\" \/>\n<meta name=\"twitter:card\" content=\"summary_large_image\" \/>\n<meta name=\"twitter:label1\" content=\"Tiempo de lectura\" \/>\n\t<meta name=\"twitter:data1\" content=\"9 minutos\" \/>\n<script type=\"application\/ld+json\" class=\"yoast-schema-graph\">{\"@context\":\"https:\\\/\\\/schema.org\",\"@graph\":[{\"@type\":\"WebPage\",\"@id\":\"https:\\\/\\\/www.feyalegria.org\\\/peru\\\/en\\\/library-and-resources\\\/\",\"url\":\"https:\\\/\\\/www.feyalegria.org\\\/peru\\\/en\\\/library-and-resources\\\/\",\"name\":\"Library and Resources - #SomosFeyAlegria en Per\u00fa\",\"isPartOf\":{\"@id\":\"https:\\\/\\\/www.feyalegria.org\\\/peru\\\/#website\"},\"datePublished\":\"2020-09-25T16:51:13+00:00\",\"dateModified\":\"2020-12-13T11:51:29+00:00\",\"breadcrumb\":{\"@id\":\"https:\\\/\\\/www.feyalegria.org\\\/peru\\\/en\\\/library-and-resources\\\/#breadcrumb\"},\"inLanguage\":\"es\",\"potentialAction\":[{\"@type\":\"ReadAction\",\"target\":[\"https:\\\/\\\/www.feyalegria.org\\\/peru\\\/en\\\/library-and-resources\\\/\"]}]},{\"@type\":\"BreadcrumbList\",\"@id\":\"https:\\\/\\\/www.feyalegria.org\\\/peru\\\/en\\\/library-and-resources\\\/#breadcrumb\",\"itemListElement\":[{\"@type\":\"ListItem\",\"position\":1,\"name\":\"Home\",\"item\":\"https:\\\/\\\/www.feyalegria.org\\\/peru\\\/\"},{\"@type\":\"ListItem\",\"position\":2,\"name\":\"Library and Resources\"}]},{\"@type\":\"WebSite\",\"@id\":\"https:\\\/\\\/www.feyalegria.org\\\/peru\\\/#website\",\"url\":\"https:\\\/\\\/www.feyalegria.org\\\/peru\\\/\",\"name\":\"#SomosFeyAlegria en Per\u00fa\",\"description\":\"Movimiento de Educaci\u00f3n Popular y Promoci\u00f3n Social\",\"potentialAction\":[{\"@type\":\"SearchAction\",\"target\":{\"@type\":\"EntryPoint\",\"urlTemplate\":\"https:\\\/\\\/www.feyalegria.org\\\/peru\\\/?s={search_term_string}\"},\"query-input\":{\"@type\":\"PropertyValueSpecification\",\"valueRequired\":true,\"valueName\":\"search_term_string\"}}],\"inLanguage\":\"es\"}]}<\/script>\n<!-- \/ Yoast SEO plugin. -->","yoast_head_json":{"title":"Library and Resources - #SomosFeyAlegria en Per\u00fa","robots":{"index":"noindex","follow":"follow","max-snippet":"max-snippet:-1","max-image-preview":"max-image-preview:large","max-video-preview":"max-video-preview:-1"},"og_locale":"es_ES","og_type":"article","og_title":"Library and Resources - #SomosFeyAlegria en Per\u00fa","og_description":"[vc_row][vc_column][vc_separator color=\u00bbcustom\u00bb style=\u00bbshadow\u00bb accent_color=\u00bb#cc0000&#8243;][\/vc_column][\/vc_row][vc_row enable_first_overlay=\u00bbtrue\u00bb first_overlay_opacity=\u00bb15&#8243;][vc_column][vc_tta_tabs style=\u00bbmodern\u00bb color=\u00bbsky\u00bb spacing=\u00bb15&#8243; active_section=\u00bb1&#8243; css=\u00bb.vc_custom_1598479508029{padding-top: 15px !important;padding-right: 15px !important;padding-bottom: 15px !important;padding-left: 15px !important;background-color: #cc0000 !important;border-radius: 15px !important;}\u00bb][vc_tta_section title=\u00bbPublications\u00bb tab_id=\u00bb1594345325825-7a43547e-f033&#8243;][vc_row_inner css=\u00bb.vc_custom_1594345546539{padding-top: 15px !important;}\u00bb][vc_column_inner width=\u00bb1\/2&#8243;][vc_column_text] Gu\u00eda B\u00e1sica para Grabar Video con Celular [\/vc_column_text][vc_empty_space height=\u00bb20&#8243;][vc_single_image image=\u00bb2890&#8243; img_size=\u00bbmedium\u00bb alignment=\u00bbcenter\u00bb onclick=\u00bbcustom_link\u00bb img_link_target=\u00bb_blank\u00bb link=\u00bbhttps:\/\/drive.google.com\/file\/d\/1lxYw6KnkM9Fgbk-04AWsp2ZhvJPBlwaX\/view?usp=sharing\u00bb][\/vc_column_inner][vc_column_inner width=\u00bb1\/2&#8243;][vc_column_text] Educaci\u00f3n P\u00fablica, Responsabilidad de Todos y Todas en la Formaci\u00f3n","og_url":"https:\/\/www.feyalegria.org\/peru\/en\/library-and-resources\/","og_site_name":"#SomosFeyAlegria en Per\u00fa","article_modified_time":"2020-12-13T11:51:29+00:00","twitter_card":"summary_large_image","twitter_misc":{"Tiempo de lectura":"9 minutos"},"schema":{"@context":"https:\/\/schema.org","@graph":[{"@type":"WebPage","@id":"https:\/\/www.feyalegria.org\/peru\/en\/library-and-resources\/","url":"https:\/\/www.feyalegria.org\/peru\/en\/library-and-resources\/","name":"Library and Resources - #SomosFeyAlegria en Per\u00fa","isPartOf":{"@id":"https:\/\/www.feyalegria.org\/peru\/#website"},"datePublished":"2020-09-25T16:51:13+00:00","dateModified":"2020-12-13T11:51:29+00:00","breadcrumb":{"@id":"https:\/\/www.feyalegria.org\/peru\/en\/library-and-resources\/#breadcrumb"},"inLanguage":"es","potentialAction":[{"@type":"ReadAction","target":["https:\/\/www.feyalegria.org\/peru\/en\/library-and-resources\/"]}]},{"@type":"BreadcrumbList","@id":"https:\/\/www.feyalegria.org\/peru\/en\/library-and-resources\/#breadcrumb","itemListElement":[{"@type":"ListItem","position":1,"name":"Home","item":"https:\/\/www.feyalegria.org\/peru\/"},{"@type":"ListItem","position":2,"name":"Library and Resources"}]},{"@type":"WebSite","@id":"https:\/\/www.feyalegria.org\/peru\/#website","url":"https:\/\/www.feyalegria.org\/peru\/","name":"#SomosFeyAlegria en Per\u00fa","description":"Movimiento de Educaci\u00f3n Popular y Promoci\u00f3n Social","potentialAction":[{"@type":"SearchAction","target":{"@type":"EntryPoint","urlTemplate":"https:\/\/www.feyalegria.org\/peru\/?s={search_term_string}"},"query-input":{"@type":"PropertyValueSpecification","valueRequired":true,"valueName":"search_term_string"}}],"inLanguage":"es"}]}},"_links":{"self":[{"href":"https:\/\/www.feyalegria.org\/peru\/wp-json\/wp\/v2\/pages\/2021","targetHints":{"allow":["GET"]}}],"collection":[{"href":"https:\/\/www.feyalegria.org\/peru\/wp-json\/wp\/v2\/pages"}],"about":[{"href":"https:\/\/www.feyalegria.org\/peru\/wp-json\/wp\/v2\/types\/page"}],"author":[{"embeddable":true,"href":"https:\/\/www.feyalegria.org\/peru\/wp-json\/wp\/v2\/users\/11"}],"replies":[{"embeddable":true,"href":"https:\/\/www.feyalegria.org\/peru\/wp-json\/wp\/v2\/comments?post=2021"}],"version-history":[{"count":0,"href":"https:\/\/www.feyalegria.org\/peru\/wp-json\/wp\/v2\/pages\/2021\/revisions"}],"wp:attachment":[{"href":"https:\/\/www.feyalegria.org\/peru\/wp-json\/wp\/v2\/media?parent=2021"}],"wp:term":[{"taxonomy":"folder","embeddable":true,"href":"https:\/\/www.feyalegria.org\/peru\/wp-json\/wp\/v2\/folder?post=2021"}],"curies":[{"name":"wp","href":"https:\/\/api.w.org\/{rel}","templated":true}]}}