 {"id":2154,"date":"2020-09-27T07:57:21","date_gmt":"2020-09-27T12:57:21","guid":{"rendered":"https:\/\/www.feyalegria.org\/peru\/?page_id=2154"},"modified":"2020-11-20T00:03:02","modified_gmt":"2020-11-20T05:03:02","slug":"educational-institutions-in-cajamarca","status":"publish","type":"page","link":"https:\/\/www.feyalegria.org\/peru\/en\/educational-institutions-in-cajamarca\/","title":{"rendered":"Educational Institutions in Cajamarca"},"content":{"rendered":"<div class=\"wpb-content-wrapper\"><p>[vc_row][vc_column]<div style=\"background-color:;height: 40px\" class=\"nicdark_section  \"><\/div>[\/vc_column][\/vc_row][vc_row][vc_column width=\u00bb1\/4&#8243;]<div style=\"background-color:;height: 300px\" class=\"nicdark_section  \"><\/div>[vc_single_image image=\u00bb1010&#8243; img_size=\u00bbfull\u00bb][\/vc_column][vc_column width=\u00bb3\/4&#8243;][vc_btn title=\u00bbBack to map\u00bb align=\u00bbright\u00bb i_icon_fontawesome=\u00bbfas fa-map-marked\u00bb add_icon=\u00bbtrue\u00bb link=\u00bburl:https%3A%2F%2Fwww.feyalegria.org%2Fperu%2Fen%2Fthe-heart-set-in-peru%2F|title:The%20Heart%20Set%20in%20Peru\u00bb css=\u00bb.vc_custom_1601583698702{padding-right: 30px !important;}\u00bb]<div id=\"mpc_tabs-9769f07f1b652cd\" class=\"mpc-tabs mpc-init mpc-transition mpc-tabs--left mpc-tabs--decor-line \"  data-active=\"1\"><div class=\"mpc-tabs__nav mpc-align--top\"><ul><li class=\"mpc-tabs__nav-item mpc-parent-hover mpc-active\" data-tab_id=\"1596062932459-0\"><div data-id=\"mpc_button-5469f07f1b65465\" class=\"mpc-button mpc-init mpc-transition \" ><div class=\"mpc-button__content mpc-effect-type--none mpc-effect-side--none\"><span class=\"mpc-button__title mpc-transition\">Fe y Alegr\u00eda N\u00ba 22<\/span><\/div><div class=\"mpc-button__background mpc-transition mpc-effect-type--fade mpc-effect-side--in\"><\/div><\/div><\/li><li class=\"mpc-tabs__nav-item mpc-parent-hover\" data-tab_id=\"1595430909850-9\"><div data-id=\"mpc_button-1269f07f1b65537\" class=\"mpc-button mpc-init mpc-transition \" ><div class=\"mpc-button__content mpc-effect-type--none mpc-effect-side--none\"><span class=\"mpc-button__title mpc-transition\">Fe y Alegr\u00eda N\u00ba 57<\/span><\/div><div class=\"mpc-button__background mpc-transition mpc-effect-type--fade mpc-effect-side--in\"><\/div><\/div><\/li><li class=\"mpc-tabs__nav-item mpc-parent-hover\" data-tab_id=\"AcordionItem46\"><div data-id=\"mpc_button-9669f07f1b655e4\" class=\"mpc-button mpc-init mpc-transition \" ><div class=\"mpc-button__content mpc-effect-type--none mpc-effect-side--none\"><span class=\"mpc-button__title mpc-transition\">Fe y Alegr\u00eda N\u00ba 69<\/span><\/div><div class=\"mpc-button__background mpc-transition mpc-effect-type--fade mpc-effect-side--in\"><\/div><\/div><\/li><li class=\"mpc-tabs__nav-item mpc-parent-hover\" data-tab_id=\"1596063927213-5\"><div data-id=\"mpc_button-3369f07f1b656aa\" class=\"mpc-button mpc-init mpc-transition \" ><div class=\"mpc-button__content mpc-effect-type--none mpc-effect-side--none\"><span class=\"mpc-button__title mpc-transition\">Fe y Alegr\u00eda N\u00ba 78<\/span><\/div><div class=\"mpc-button__background mpc-transition mpc-effect-type--fade mpc-effect-side--in\"><\/div><\/div><\/li><\/ul><\/div><div class=\"mpc-tabs__content mpc-transition\"><div class=\"mpc-tab mpc-container mpc-transition \" id=\"1596062932459-0\" data-active=\"true\"><div class=\"mpc-tab__content\">[vc_row_inner css=\u00bb.vc_custom_1595280593655{padding-top: 15px !important;padding-right: 30px !important;padding-left: 30px !important;}\u00bb][vc_column_inner width=\u00bb3\/5&#8243; css=\u00bb.vc_custom_1595280569251{padding-left: 15px !important;}\u00bb][vc_custom_heading text=\u00bbBasic Regular Education\u00bb font_container=\u00bbtag:h2|font_size:20|text_align:left|color:%23cc0000|line_height:1.6&#8243; use_theme_fonts=\u00bbyes\u00bb][vc_column_text]<\/p>\n<p>\n<strong>Director:<\/strong> Prof. Nelson Campos Cusma<br \/><strong>Promoter:<\/strong> P. Marvin Quispe Ochoa, SJ<br \/><strong>Congregation:<\/strong> Society of Jesus<br \/><strong>Address:<\/strong> Av. San Luis Gonzaga s\/n &#8211; Morro Solar-Ja\u00e9n-Ja\u00e9n<br \/><strong> E-mail:<\/strong> fya_jaen@yahoo.es<br \/><strong>Telephone:<\/strong> 076 43-1926<\/p>\n<p>[\/vc_column_text][\/vc_column_inner][vc_column_inner width=\u00bb2\/5&#8243;][vc_gmaps link=\u00bb#E-8_JTNDaWZyYW1lJTIwc3JjJTNEJTIyaHR0cHMlM0ElMkYlMkZ3d3cuZ29vZ2xlLmNvbSUyRm1hcHMlMkZlbWJlZCUzRnBiJTNEJTIxMW0xOCUyMTFtMTIlMjExbTMlMjExZDE5ODQuOTk0MTU4ODc0NjAzMyUyMTJkLTc4LjgxMDE4NjY1MTg4OTk0JTIxM2QtNS43MTQ4MTkyMDU1NDkxMzIlMjEybTMlMjExZjAlMjEyZjAlMjEzZjAlMjEzbTIlMjExaTEwMjQlMjEyaTc2OCUyMTRmMTMuMSUyMTNtMyUyMTFtMiUyMTFzMHg5MWI0ZmI2ZjU3MGYyYzVkJTI1M0EweDRhZDViOWI1NTEzOGFlMDElMjEyc1NhbiUyNTIwTHVpcyUyNTIwR29uemFnYSUyNTIwJTI1MjJGZSUyNTIweSUyNTIwQWxlZ3JpYSUyNTIwMjIlMjUyMiUyMTVlMCUyMTNtMiUyMTFzZXMlMjEyc3BlJTIxNHYxNTk5Njg1NzA0MzU2JTIxNW0yJTIxMXNlcyUyMTJzcGUlMjIlMjB3aWR0aCUzRCUyMjQwMCUyMiUyMGhlaWdodCUzRCUyMjMwMCUyMiUyMGZyYW1lYm9yZGVyJTNEJTIyMCUyMiUyMHN0eWxlJTNEJTIyYm9yZGVyJTNBMCUzQiUyMiUyMGFsbG93ZnVsbHNjcmVlbiUzRCUyMiUyMiUyMGFyaWEtaGlkZGVuJTNEJTIyZmFsc2UlMjIlMjB0YWJpbmRleCUzRCUyMjAlMjIlM0UlM0MlMkZpZnJhbWUlM0U=\u00bb][\/vc_column_inner][\/vc_row_inner][vc_row_inner css=\u00bb.vc_custom_1595185141259{padding-top: 30px !important;padding-right: 30px !important;padding-bottom: 15px !important;padding-left: 30px !important;}\u00bb][vc_column_inner][vc_single_image image=\u00bb1122&#8243; img_size=\u00bbmedium\u00bb onclick=\u00bblink_image\u00bb][\/vc_column_inner][\/vc_row_inner]<\/div><\/div><div class=\"mpc-tab mpc-container mpc-transition \" id=\"1595430909850-9\" data-active=\"false\"><div class=\"mpc-tab__content\">[vc_row_inner css=\u00bb.vc_custom_1595280593655{padding-top: 15px !important;padding-right: 30px !important;padding-left: 30px !important;}\u00bb][vc_column_inner width=\u00bb3\/5&#8243; css=\u00bb.vc_custom_1595280569251{padding-left: 15px !important;}\u00bb][vc_custom_heading text=\u00bbCETPRO CEFOP\u00bb font_container=\u00bbtag:h2|font_size:20|text_align:left|color:%23cc0000|line_height:1.6&#8243; use_theme_fonts=\u00bbyes\u00bb][vc_column_text]<\/p>\n<p>\n<strong>Director:<\/strong> Luis Humberto Alor Ventocilla<br \/><strong>Coordinator:<\/strong> Viviana Rojas G\u00e1lvez<br \/><strong>Address:<\/strong> -Cajamarca-Cajamarca<br \/><strong> E-mail:<\/strong> <br \/><strong>Telephone:<\/strong> <\/p>\n<p>[\/vc_column_text][vc_custom_heading text=\u00bbIESTP CEFOP\u00bb font_container=\u00bbtag:h2|font_size:20|text_align:left|color:%23cc0000|line_height:1.6&#8243; use_theme_fonts=\u00bbyes\u00bb][vc_column_text]<\/p>\n<p>\n<strong>Director:<\/strong> Luis Humberto Alor Ventocilla<br \/><strong>Coordinator:<\/strong> Miguel Angel Chuquiruna Chuquimango<br \/><strong>Address:<\/strong> Carretera Ba\u00f1os del Inca km 3.5-Cajamarca-Cajamarca<br \/><strong> E-mail:<\/strong> feyalegria57@fya57cefop.edu.pe; cajamarca1@fya57cefop.edu.pe<br \/><strong>Telephone:<\/strong> 066 &#8211; 365485 \/ 976 136 025<\/p>\n<p>[\/vc_column_text][\/vc_column_inner][vc_column_inner width=\u00bb2\/5&#8243;][vc_gmaps link=\u00bb#E-8_JTNDaWZyYW1lJTIwc3JjJTNEJTIyaHR0cHMlM0ElMkYlMkZ3d3cuZ29vZ2xlLmNvbSUyRm1hcHMlMkZlbWJlZCUzRnBiJTNEJTIxMW0xOCUyMTFtMTIlMjExbTMlMjExZDM5NTguNjUxMjc3MjUzMzglMjEyZC03OC40OTEyMDI4ODQ2MjI2NyUyMTNkLTcuMTY2MjUwNTcyMzA3NjU5JTIxMm0zJTIxMWYwJTIxMmYwJTIxM2YwJTIxM20yJTIxMWkxMDI0JTIxMmk3NjglMjE0ZjEzLjElMjEzbTMlMjExbTIlMjExczB4OTFiMjViMjcwM2Y0ODBlOSUyNTNBMHhkZTM4ZThjYWYwNjYxOTZjJTIxMnNDRUZPUCUyNTIwQ0FKQU1BUkNBJTIxNWUwJTIxM20yJTIxMXNlcyUyMTJzcGUlMjE0djE1OTYwNjM0OTk3NTglMjE1bTIlMjExc2VzJTIxMnNwZSUyMiUyMHdpZHRoJTNEJTIyNDAwJTIyJTIwaGVpZ2h0JTNEJTIyMzAwJTIyJTIwZnJhbWVib3JkZXIlM0QlMjIwJTIyJTIwc3R5bGUlM0QlMjJib3JkZXIlM0EwJTNCJTIyJTIwYWxsb3dmdWxsc2NyZWVuJTNEJTIyJTIyJTIwYXJpYS1oaWRkZW4lM0QlMjJmYWxzZSUyMiUyMHRhYmluZGV4JTNEJTIyMCUyMiUzRSUzQyUyRmlmcmFtZSUzRQ==\u00bb][\/vc_column_inner][\/vc_row_inner][vc_row_inner css=\u00bb.vc_custom_1595185141259{padding-top: 30px !important;padding-right: 30px !important;padding-bottom: 15px !important;padding-left: 30px !important;}\u00bb][vc_column_inner][vc_single_image image=\u00bb2565&#8243; img_size=\u00bbmedium\u00bb onclick=\u00bblink_image\u00bb][\/vc_column_inner][\/vc_row_inner]<\/div><\/div><div class=\"mpc-tab mpc-container mpc-transition \" id=\"AcordionItem46\" data-active=\"false\"><div class=\"mpc-tab__content\">[vc_row_inner css=\u00bb.vc_custom_1595280593655{padding-top: 15px !important;padding-right: 30px !important;padding-left: 30px !important;}\u00bb][vc_column_inner width=\u00bb3\/5&#8243; css=\u00bb.vc_custom_1595280569251{padding-left: 15px !important;}\u00bb][vc_custom_heading text=\u00bbCETPRO\u00bb font_container=\u00bbtag:h2|font_size:20|text_align:left|color:%23cc0000|line_height:1.6&#8243; use_theme_fonts=\u00bbyes\u00bb][vc_column_text]<\/p>\n<p>\n<strong>Director:<\/strong> Hno. Barth\u00e9lemy Kouassi<br \/><strong>Congregation:<\/strong> Congregation of the Clerics of St. Viator<br \/><strong>Address:<\/strong> Jr. Jardines C 1 (costado de Cancha deportiva San Lorenzo)-S\u00f3cota-Cutervo<br \/><strong> E-mail:<\/strong> cetprosocota@hotmail.com<br \/><strong>Telephone:<\/strong> 931026128<\/p>\n<p>[\/vc_column_text][vc_custom_heading text=\u00bbBasic Regular Education\u00bb font_container=\u00bbtag:h2|font_size:20|text_align:left|color:%23cc0000|line_height:1.6&#8243; use_theme_fonts=\u00bbyes\u00bb][vc_column_text]<\/p>\n<p>\n<strong>Director:<\/strong> Prof. Lidio Mu\u00f1oz V\u00e1squez<br \/><strong>Promoter:<\/strong> Hno. David Cuenca Chamorro<br \/><strong>Congregation:<\/strong> Congregation of the Clerics of St. Viator<br \/><strong>Address:<\/strong> Jos\u00e9 G\u00e1lvez s\/n Nuevo Oriente-Cutervo-Cutervo<br \/><strong> E-mail:<\/strong> feyalegria69@gmail.com<br \/><strong>Telephone:<\/strong> 076 79-5109<\/p>\n<p>[\/vc_column_text][\/vc_column_inner][vc_column_inner width=\u00bb2\/5&#8243;][vc_gmaps link=\u00bb#E-8_JTNDaWZyYW1lJTIwc3JjJTNEJTIyaHR0cHMlM0ElMkYlMkZ3d3cuZ29vZ2xlLmNvbSUyRm1hcHMlMkZlbWJlZCUzRnBiJTNEJTIxMW0xOCUyMTFtMTIlMjExbTMlMjExZDM5NjUuMTUyOTczOTk2NDQyNiUyMTJkLTc4LjgwODg5MDc4NTIzMDAyJTIxM2QtNi4zNzQyNDM3OTUzODc1NzUlMjEybTMlMjExZjAlMjEyZjAlMjEzZjAlMjEzbTIlMjExaTEwMjQlMjEyaTc2OCUyMTRmMTMuMSUyMTNtMyUyMTFtMiUyMTFzMHg5MWIzN2I2MzBjNjMwNzRiJTI1M0EweDY5OTdiY2IxNDNlYzkxNGElMjEyc0NvbGVnaW8lMjUyMCUyNTIyZmUlMjUyMHklMjUyMEFsZWdyaWElMjUyMDY5JTI1MjIlMjUyMEN1dGVydm8lMjE1ZTAlMjEzbTIlMjExc2VzJTIxMnNwZSUyMTR2MTU5OTY4NjcwMTM5OSUyMTVtMiUyMTFzZXMlMjEyc3BlJTIyJTIwd2lkdGglM0QlMjI0MDAlMjIlMjBoZWlnaHQlM0QlMjIzMDAlMjIlMjBmcmFtZWJvcmRlciUzRCUyMjAlMjIlMjBzdHlsZSUzRCUyMmJvcmRlciUzQTAlM0IlMjIlMjBhbGxvd2Z1bGxzY3JlZW4lM0QlMjIlMjIlMjBhcmlhLWhpZGRlbiUzRCUyMmZhbHNlJTIyJTIwdGFiaW5kZXglM0QlMjIwJTIyJTNFJTNDJTJGaWZyYW1lJTNF\u00bb][\/vc_column_inner][\/vc_row_inner][vc_row_inner css=\u00bb.vc_custom_1595185141259{padding-top: 30px !important;padding-right: 30px !important;padding-bottom: 15px !important;padding-left: 30px !important;}\u00bb][vc_column_inner][vc_single_image image=\u00bb1109&#8243; img_size=\u00bbmedium\u00bb onclick=\u00bblink_image\u00bb][\/vc_column_inner][\/vc_row_inner]<\/div><\/div><div class=\"mpc-tab mpc-container mpc-transition \" id=\"1596063927213-5\" data-active=\"false\"><div class=\"mpc-tab__content\">[vc_row_inner css=\u00bb.vc_custom_1595280593655{padding-top: 15px !important;padding-right: 30px !important;padding-left: 30px !important;}\u00bb][vc_column_inner width=\u00bb3\/5&#8243; css=\u00bb.vc_custom_1595280569251{padding-left: 15px !important;}\u00bb][vc_custom_heading text=\u00bbBasic Regular Education\u00bb font_container=\u00bbtag:h2|font_size:20|text_align:left|color:%23cc0000|line_height:1.6&#8243; use_theme_fonts=\u00bbyes\u00bb][vc_column_text]<\/p>\n<p>\n<strong>Director:<\/strong> Prof. Blanca Imelda Veliz Barandiar\u00e1n<br \/><strong>Address:<\/strong> Calle San Mart\u00edn 647-Pucar\u00e1-Ja\u00e9n<br \/><strong> E-mail:<\/strong> iemifya78@yahoo.com<br \/><strong>Telephone:<\/strong> 969-623-800<\/p>\n<p>[\/vc_column_text][\/vc_column_inner][vc_column_inner width=\u00bb2\/5&#8243;][vc_gmaps link=\u00bb#E-8_JTNDaWZyYW1lJTIwc3JjJTNEJTIyaHR0cHMlM0ElMkYlMkZ3d3cuZ29vZ2xlLmNvbSUyRm1hcHMlMkZlbWJlZCUzRnBiJTNEJTIxMW0xOCUyMTFtMTIlMjExbTMlMjExZDI1MzkyOS44ODc2ODc4MDMlMjEyZC03OS4xMjk4NDcwMDUyOTU2JTIxM2QtNi4wNDIwNTUwNjg5Njg2NzglMjEybTMlMjExZjAlMjEyZjAlMjEzZjAlMjEzbTIlMjExaTEwMjQlMjEyaTc2OCUyMTRmMTMuMSUyMTNtMyUyMTFtMiUyMTFzMHg5MWI0Yjk1Zjk5N2UxMGEzJTI1M0EweDhiNWZhNzYxMzFmMmIwMDglMjEyc0kuRSUyNTIwTWFyaWElMjUyMElubWFjdWxhZGElMjUyMCUyNTIyRmUlMjUyMFklMjUyMEFsZWdyJTI1QzMlMjVBRGElMjUyMDc4JTI1MjIlMjE1ZTAlMjEzbTIlMjExc2VzJTIxMnNwZSUyMTR2MTU5OTY4Njc2MjY3MiUyMTVtMiUyMTFzZXMlMjEyc3BlJTIyJTIwd2lkdGglM0QlMjI0MDAlMjIlMjBoZWlnaHQlM0QlMjIzMDAlMjIlMjBmcmFtZWJvcmRlciUzRCUyMjAlMjIlMjBzdHlsZSUzRCUyMmJvcmRlciUzQTAlM0IlMjIlMjBhbGxvd2Z1bGxzY3JlZW4lM0QlMjIlMjIlMjBhcmlhLWhpZGRlbiUzRCUyMmZhbHNlJTIyJTIwdGFiaW5kZXglM0QlMjIwJTIyJTNFJTNDJTJGaWZyYW1lJTNFJTBB\u00bb][\/vc_column_inner][\/vc_row_inner][vc_row_inner css=\u00bb.vc_custom_1595185141259{padding-top: 30px !important;padding-right: 30px !important;padding-bottom: 15px !important;padding-left: 30px !important;}\u00bb][vc_column_inner][vc_single_image image=\u00bb1125&#8243; img_size=\u00bbmedium\u00bb onclick=\u00bblink_image\u00bb][\/vc_column_inner][\/vc_row_inner]<\/div><\/div><\/div><\/div>[\/vc_column][\/vc_row]<\/p>\n<\/div>","protected":false},"excerpt":{"rendered":"<p>[vc_row][vc_column][\/vc_column][\/vc_row][vc_row][vc_column width=\u00bb1\/4&#8243;][vc_single_image image=\u00bb1010&#8243; img_size=\u00bbfull\u00bb][\/vc_column][vc_column width=\u00bb3\/4&#8243;][vc_btn title=\u00bbBack to map\u00bb align=\u00bbright\u00bb i_icon_fontawesome=\u00bbfas fa-map-marked\u00bb add_icon=\u00bbtrue\u00bb link=\u00bburl:https%3A%2F%2Fwww.feyalegria.org%2Fperu%2Fen%2Fthe-heart-set-in-peru%2F|title:The%20Heart%20Set%20in%20Peru\u00bb css=\u00bb.vc_custom_1601583698702{padding-right: 30px !important;}\u00bb][\/vc_column][\/vc_row]<\/p>\n","protected":false},"author":11,"featured_media":0,"parent":0,"menu_order":0,"comment_status":"closed","ping_status":"closed","template":"","meta":{"_acf_changed":false,"footnotes":""},"folder":[],"class_list":["post-2154","page","type-page","status-publish","hentry"],"acf":[],"yoast_head":"<!-- This site is optimized with the Yoast SEO plugin v27.4 - https:\/\/yoast.com\/product\/yoast-seo-wordpress\/ -->\n<title>Educational Institutions in Cajamarca - #SomosFeyAlegria en Per\u00fa<\/title>\n<meta name=\"robots\" content=\"noindex, follow, max-snippet:-1, max-image-preview:large, max-video-preview:-1\" \/>\n<meta property=\"og:locale\" content=\"es_ES\" \/>\n<meta property=\"og:type\" content=\"article\" \/>\n<meta property=\"og:title\" content=\"Educational Institutions in Cajamarca - #SomosFeyAlegria en Per\u00fa\" \/>\n<meta property=\"og:description\" content=\"[vc_row][vc_column][\/vc_column][\/vc_row][vc_row][vc_column width=\u00bb1\/4&#8243;][vc_single_image image=\u00bb1010&#8243; img_size=\u00bbfull\u00bb][\/vc_column][vc_column width=\u00bb3\/4&#8243;][vc_btn title=\u00bbBack to map\u00bb align=\u00bbright\u00bb i_icon_fontawesome=\u00bbfas fa-map-marked\u00bb add_icon=\u00bbtrue\u00bb link=\u00bburl:https%3A%2F%2Fwww.feyalegria.org%2Fperu%2Fen%2Fthe-heart-set-in-peru%2F|title:The%20Heart%20Set%20in%20Peru\u00bb css=\u00bb.vc_custom_1601583698702{padding-right: 30px !important;}\u00bb][\/vc_column][\/vc_row]\" \/>\n<meta property=\"og:url\" content=\"https:\/\/www.feyalegria.org\/peru\/en\/educational-institutions-in-cajamarca\/\" \/>\n<meta property=\"og:site_name\" content=\"#SomosFeyAlegria en Per\u00fa\" \/>\n<meta property=\"article:modified_time\" content=\"2020-11-20T05:03:02+00:00\" \/>\n<meta name=\"twitter:card\" content=\"summary_large_image\" \/>\n<meta name=\"twitter:label1\" content=\"Tiempo de lectura\" \/>\n\t<meta name=\"twitter:data1\" content=\"6 minutos\" \/>\n<script type=\"application\/ld+json\" class=\"yoast-schema-graph\">{\"@context\":\"https:\\\/\\\/schema.org\",\"@graph\":[{\"@type\":\"WebPage\",\"@id\":\"https:\\\/\\\/www.feyalegria.org\\\/peru\\\/en\\\/educational-institutions-in-cajamarca\\\/\",\"url\":\"https:\\\/\\\/www.feyalegria.org\\\/peru\\\/en\\\/educational-institutions-in-cajamarca\\\/\",\"name\":\"Educational Institutions in Cajamarca - #SomosFeyAlegria en Per\u00fa\",\"isPartOf\":{\"@id\":\"https:\\\/\\\/www.feyalegria.org\\\/peru\\\/#website\"},\"datePublished\":\"2020-09-27T12:57:21+00:00\",\"dateModified\":\"2020-11-20T05:03:02+00:00\",\"breadcrumb\":{\"@id\":\"https:\\\/\\\/www.feyalegria.org\\\/peru\\\/en\\\/educational-institutions-in-cajamarca\\\/#breadcrumb\"},\"inLanguage\":\"es\",\"potentialAction\":[{\"@type\":\"ReadAction\",\"target\":[\"https:\\\/\\\/www.feyalegria.org\\\/peru\\\/en\\\/educational-institutions-in-cajamarca\\\/\"]}]},{\"@type\":\"BreadcrumbList\",\"@id\":\"https:\\\/\\\/www.feyalegria.org\\\/peru\\\/en\\\/educational-institutions-in-cajamarca\\\/#breadcrumb\",\"itemListElement\":[{\"@type\":\"ListItem\",\"position\":1,\"name\":\"Home\",\"item\":\"https:\\\/\\\/www.feyalegria.org\\\/peru\\\/\"},{\"@type\":\"ListItem\",\"position\":2,\"name\":\"Educational Institutions in Cajamarca\"}]},{\"@type\":\"WebSite\",\"@id\":\"https:\\\/\\\/www.feyalegria.org\\\/peru\\\/#website\",\"url\":\"https:\\\/\\\/www.feyalegria.org\\\/peru\\\/\",\"name\":\"#SomosFeyAlegria en Per\u00fa\",\"description\":\"Movimiento de Educaci\u00f3n Popular y Promoci\u00f3n Social\",\"potentialAction\":[{\"@type\":\"SearchAction\",\"target\":{\"@type\":\"EntryPoint\",\"urlTemplate\":\"https:\\\/\\\/www.feyalegria.org\\\/peru\\\/?s={search_term_string}\"},\"query-input\":{\"@type\":\"PropertyValueSpecification\",\"valueRequired\":true,\"valueName\":\"search_term_string\"}}],\"inLanguage\":\"es\"}]}<\/script>\n<!-- \/ Yoast SEO plugin. -->","yoast_head_json":{"title":"Educational Institutions in Cajamarca - #SomosFeyAlegria en Per\u00fa","robots":{"index":"noindex","follow":"follow","max-snippet":"max-snippet:-1","max-image-preview":"max-image-preview:large","max-video-preview":"max-video-preview:-1"},"og_locale":"es_ES","og_type":"article","og_title":"Educational Institutions in Cajamarca - #SomosFeyAlegria en Per\u00fa","og_description":"[vc_row][vc_column][\/vc_column][\/vc_row][vc_row][vc_column width=\u00bb1\/4&#8243;][vc_single_image image=\u00bb1010&#8243; img_size=\u00bbfull\u00bb][\/vc_column][vc_column width=\u00bb3\/4&#8243;][vc_btn title=\u00bbBack to map\u00bb align=\u00bbright\u00bb i_icon_fontawesome=\u00bbfas fa-map-marked\u00bb add_icon=\u00bbtrue\u00bb link=\u00bburl:https%3A%2F%2Fwww.feyalegria.org%2Fperu%2Fen%2Fthe-heart-set-in-peru%2F|title:The%20Heart%20Set%20in%20Peru\u00bb css=\u00bb.vc_custom_1601583698702{padding-right: 30px !important;}\u00bb][\/vc_column][\/vc_row]","og_url":"https:\/\/www.feyalegria.org\/peru\/en\/educational-institutions-in-cajamarca\/","og_site_name":"#SomosFeyAlegria en Per\u00fa","article_modified_time":"2020-11-20T05:03:02+00:00","twitter_card":"summary_large_image","twitter_misc":{"Tiempo de lectura":"6 minutos"},"schema":{"@context":"https:\/\/schema.org","@graph":[{"@type":"WebPage","@id":"https:\/\/www.feyalegria.org\/peru\/en\/educational-institutions-in-cajamarca\/","url":"https:\/\/www.feyalegria.org\/peru\/en\/educational-institutions-in-cajamarca\/","name":"Educational Institutions in Cajamarca - #SomosFeyAlegria en Per\u00fa","isPartOf":{"@id":"https:\/\/www.feyalegria.org\/peru\/#website"},"datePublished":"2020-09-27T12:57:21+00:00","dateModified":"2020-11-20T05:03:02+00:00","breadcrumb":{"@id":"https:\/\/www.feyalegria.org\/peru\/en\/educational-institutions-in-cajamarca\/#breadcrumb"},"inLanguage":"es","potentialAction":[{"@type":"ReadAction","target":["https:\/\/www.feyalegria.org\/peru\/en\/educational-institutions-in-cajamarca\/"]}]},{"@type":"BreadcrumbList","@id":"https:\/\/www.feyalegria.org\/peru\/en\/educational-institutions-in-cajamarca\/#breadcrumb","itemListElement":[{"@type":"ListItem","position":1,"name":"Home","item":"https:\/\/www.feyalegria.org\/peru\/"},{"@type":"ListItem","position":2,"name":"Educational Institutions in Cajamarca"}]},{"@type":"WebSite","@id":"https:\/\/www.feyalegria.org\/peru\/#website","url":"https:\/\/www.feyalegria.org\/peru\/","name":"#SomosFeyAlegria en Per\u00fa","description":"Movimiento de Educaci\u00f3n Popular y Promoci\u00f3n Social","potentialAction":[{"@type":"SearchAction","target":{"@type":"EntryPoint","urlTemplate":"https:\/\/www.feyalegria.org\/peru\/?s={search_term_string}"},"query-input":{"@type":"PropertyValueSpecification","valueRequired":true,"valueName":"search_term_string"}}],"inLanguage":"es"}]}},"_links":{"self":[{"href":"https:\/\/www.feyalegria.org\/peru\/wp-json\/wp\/v2\/pages\/2154","targetHints":{"allow":["GET"]}}],"collection":[{"href":"https:\/\/www.feyalegria.org\/peru\/wp-json\/wp\/v2\/pages"}],"about":[{"href":"https:\/\/www.feyalegria.org\/peru\/wp-json\/wp\/v2\/types\/page"}],"author":[{"embeddable":true,"href":"https:\/\/www.feyalegria.org\/peru\/wp-json\/wp\/v2\/users\/11"}],"replies":[{"embeddable":true,"href":"https:\/\/www.feyalegria.org\/peru\/wp-json\/wp\/v2\/comments?post=2154"}],"version-history":[{"count":0,"href":"https:\/\/www.feyalegria.org\/peru\/wp-json\/wp\/v2\/pages\/2154\/revisions"}],"wp:attachment":[{"href":"https:\/\/www.feyalegria.org\/peru\/wp-json\/wp\/v2\/media?parent=2154"}],"wp:term":[{"taxonomy":"folder","embeddable":true,"href":"https:\/\/www.feyalegria.org\/peru\/wp-json\/wp\/v2\/folder?post=2154"}],"curies":[{"name":"wp","href":"https:\/\/api.w.org\/{rel}","templated":true}]}}