 {"id":2173,"date":"2020-09-27T08:30:37","date_gmt":"2020-09-27T13:30:37","guid":{"rendered":"https:\/\/www.feyalegria.org\/peru\/?page_id=2173"},"modified":"2020-11-20T16:16:54","modified_gmt":"2020-11-20T21:16:54","slug":"educational-institutions-in-ica","status":"publish","type":"page","link":"https:\/\/www.feyalegria.org\/peru\/en\/educational-institutions-in-ica\/","title":{"rendered":"Educational Institutions in Ica"},"content":{"rendered":"<div class=\"wpb-content-wrapper\"><p>[vc_row][vc_column]<div style=\"background-color:;height: 40px\" class=\"nicdark_section  \"><\/div>[\/vc_column][\/vc_row][vc_row][vc_column width=\u00bb1\/4&#8243;]<div style=\"background-color:;height: 300px\" class=\"nicdark_section  \"><\/div>[vc_single_image image=\u00bb1015&#8243; img_size=\u00bbfull\u00bb][\/vc_column][vc_column width=\u00bb3\/4&#8243;][vc_btn title=\u00bbBack to map\u00bb align=\u00bbright\u00bb i_icon_fontawesome=\u00bbfas fa-map-marked\u00bb add_icon=\u00bbtrue\u00bb link=\u00bburl:https%3A%2F%2Fwww.feyalegria.org%2Fperu%2Fen%2Fthe-heart-set-in-peru%2F|title:The%20Heart%20Set%20in%20Peru\u00bb css=\u00bb.vc_custom_1601584015187{padding-right: 30px !important;}\u00bb]<div id=\"mpc_tabs-6269e4888bbb05b\" class=\"mpc-tabs mpc-init mpc-transition mpc-tabs--left mpc-tabs--decor-line \"  data-active=\"1\"><div class=\"mpc-tabs__nav mpc-align--top\"><ul><li class=\"mpc-tabs__nav-item mpc-parent-hover mpc-active\" data-tab_id=\"1595430909850-9\"><div data-id=\"mpc_button-4969e4888bbb1ea\" class=\"mpc-button mpc-init mpc-transition \" ><div class=\"mpc-button__content mpc-effect-type--none mpc-effect-side--none\"><span class=\"mpc-button__title mpc-transition\">Fe y Alegr\u00eda N\u00ba 30<\/span><\/div><div class=\"mpc-button__background mpc-transition mpc-effect-type--fade mpc-effect-side--in\"><\/div><\/div><\/li><li class=\"mpc-tabs__nav-item mpc-parent-hover\" data-tab_id=\"1596130521774-6\"><div data-id=\"mpc_button-1269e4888bbb2c5\" class=\"mpc-button mpc-init mpc-transition \" ><div class=\"mpc-button__content mpc-effect-type--none mpc-effect-side--none\"><span class=\"mpc-button__title mpc-transition\">Fe y Alegr\u00eda N\u00ba 68<\/span><\/div><div class=\"mpc-button__background mpc-transition mpc-effect-type--fade mpc-effect-side--in\"><\/div><\/div><\/li><li class=\"mpc-tabs__nav-item mpc-parent-hover\" data-tab_id=\"1596137044747-10\"><div data-id=\"mpc_button-3269e4888bbb384\" class=\"mpc-button mpc-init mpc-transition \" ><div class=\"mpc-button__content mpc-effect-type--none mpc-effect-side--none\"><span class=\"mpc-button__title mpc-transition\">Fe y Alegr\u00eda N\u00ba 70<\/span><\/div><div class=\"mpc-button__background mpc-transition mpc-effect-type--fade mpc-effect-side--in\"><\/div><\/div><\/li><li class=\"mpc-tabs__nav-item mpc-parent-hover\" data-tab_id=\"1596137591059-7\"><div data-id=\"mpc_button-8169e4888bbb42a\" class=\"mpc-button mpc-init mpc-transition \" ><div class=\"mpc-button__content mpc-effect-type--none mpc-effect-side--none\"><span class=\"mpc-button__title mpc-transition\">Fe y Alegr\u00eda N\u00ba 77<\/span><\/div><div class=\"mpc-button__background mpc-transition mpc-effect-type--fade mpc-effect-side--in\"><\/div><\/div><\/li><li class=\"mpc-tabs__nav-item mpc-parent-hover\" data-tab_id=\"AcordionItem46\"><div data-id=\"mpc_button-9969e4888bbb4d4\" class=\"mpc-button mpc-init mpc-transition \" ><div class=\"mpc-button__content mpc-effect-type--none mpc-effect-side--none\"><span class=\"mpc-button__title mpc-transition\">Fe y Alegr\u00eda N\u00ba 82<\/span><\/div><div class=\"mpc-button__background mpc-transition mpc-effect-type--fade mpc-effect-side--in\"><\/div><\/div><\/li><\/ul><\/div><div class=\"mpc-tabs__content mpc-transition\"><div class=\"mpc-tab mpc-container mpc-transition \" id=\"1595430909850-9\" data-active=\"true\"><div class=\"mpc-tab__content\">[vc_row_inner css=\u00bb.vc_custom_1595280593655{padding-top: 15px !important;padding-right: 30px !important;padding-left: 30px !important;}\u00bb][vc_column_inner width=\u00bb3\/5&#8243; css=\u00bb.vc_custom_1595280569251{padding-left: 15px !important;}\u00bb][vc_custom_heading text=\u00bbBasic Regular Education\u00bb font_container=\u00bbtag:h2|font_size:20|text_align:left|color:%23cc0000|line_height:1.6&#8243; use_theme_fonts=\u00bbyes\u00bb][vc_column_text]<\/p>\n<p>\n<strong>Director:<\/strong> Prof. Cecilia Beatriz Hilario Yalle<br \/><strong>Promoter:<\/strong> Hna. Soledad Ortiz Trebejo<br \/><strong>Congregation:<\/strong> Sisters of Saint Paul of Chartres<br \/><strong>Address:<\/strong> Av. Arica Esq. Sucre &#8211; S. Isidro-Pueblo Nuevo-Chincha<br \/><strong> E-mail:<\/strong> iefeyalegria30@gmail.com<br \/><strong>Telephone:<\/strong> 056 31-8007<br \/><strong>Facebook:<\/strong> https:\/\/www.facebook.com\/110739637389810?referrer=whatsapp<\/p>\n<p>[\/vc_column_text][\/vc_column_inner][vc_column_inner width=\u00bb2\/5&#8243;][vc_gmaps link=\u00bb#E-8_JTNDaWZyYW1lJTIwc3JjJTNEJTIyaHR0cHMlM0ElMkYlMkZ3d3cuZ29vZ2xlLmNvbSUyRm1hcHMlMkZlbWJlZCUzRnBiJTNEJTIxMW0xOCUyMTFtMTIlMjExbTMlMjExZDEwNTguMTM4NDAxNDMwMjI0JTIxMmQtNzYuMTM5ODU3ODA1MDMxMzElMjEzZC0xMy4zOTU2ODIyMTI4MDE5ODglMjEybTMlMjExZjAlMjEyZjAlMjEzZjAlMjEzbTIlMjExaTEwMjQlMjEyaTc2OCUyMTRmMTMuMSUyMTNtMyUyMTFtMiUyMTFzMHg5MTEwMTZmYjliYTJlNWU3JTI1M0EweDdmZWI3MTM1Yjk2MWIwMDQlMjEyelJtVWdlU0JCYkdWbmNzT3RZU0JPd3Jvek1BJTIxNWUwJTIxM20yJTIxMXNlcyUyMTJzcGUlMjE0djE1OTk3NTczMDY0ODAlMjE1bTIlMjExc2VzJTIxMnNwZSUyMiUyMHdpZHRoJTNEJTIyNDAwJTIyJTIwaGVpZ2h0JTNEJTIyMzAwJTIyJTIwZnJhbWVib3JkZXIlM0QlMjIwJTIyJTIwc3R5bGUlM0QlMjJib3JkZXIlM0EwJTNCJTIyJTIwYWxsb3dmdWxsc2NyZWVuJTNEJTIyJTIyJTIwYXJpYS1oaWRkZW4lM0QlMjJmYWxzZSUyMiUyMHRhYmluZGV4JTNEJTIyMCUyMiUzRSUzQyUyRmlmcmFtZSUzRSUwQQ==\u00bb][\/vc_column_inner][\/vc_row_inner][vc_row_inner css=\u00bb.vc_custom_1595185141259{padding-top: 30px !important;padding-right: 30px !important;padding-bottom: 15px !important;padding-left: 30px !important;}\u00bb][vc_column_inner][vc_single_image image=\u00bb1162&#8243; img_size=\u00bbmedium\u00bb onclick=\u00bblink_image\u00bb][\/vc_column_inner][\/vc_row_inner]<\/div><\/div><div class=\"mpc-tab mpc-container mpc-transition \" id=\"1596130521774-6\" data-active=\"false\"><div class=\"mpc-tab__content\">[vc_row_inner css=\u00bb.vc_custom_1595280593655{padding-top: 15px !important;padding-right: 30px !important;padding-left: 30px !important;}\u00bb][vc_column_inner width=\u00bb3\/5&#8243; css=\u00bb.vc_custom_1595280569251{padding-left: 15px !important;}\u00bb][vc_custom_heading text=\u00bbBasic Regular Education\u00bb font_container=\u00bbtag:h2|font_size:20|text_align:left|color:%23cc0000|line_height:1.6&#8243; use_theme_fonts=\u00bbyes\u00bb][vc_column_text]<\/p>\n<p>\n<strong>Director:<\/strong> Prof. Jorge Luis Almeyda Saravia<br \/><strong>Promoter:<\/strong> Hna. Ayda Yanccay Ortiz<br \/><strong>Congregation:<\/strong> Missionary Dominican Sisters of the Rosary<br \/><strong>Address:<\/strong> Calle Ex Cementerio s\/n  Mz. 309-San Clemente-Pisco<br \/><strong> E-mail:<\/strong> feyalegria68cs@gmail.com<br \/><strong>Telephone:<\/strong> 995-464-923<\/p>\n<p>[\/vc_column_text][\/vc_column_inner][vc_column_inner width=\u00bb2\/5&#8243;][vc_gmaps link=\u00bb#E-8_JTNDaWZyYW1lJTIwc3JjJTNEJTIyaHR0cHMlM0ElMkYlMkZ3d3cuZ29vZ2xlLmNvbSUyRm1hcHMlMkZlbWJlZCUzRnBiJTNEJTIxMW0xOCUyMTFtMTIlMjExbTMlMjExZDM4NzYuNjgwODE1NjQ3NTglMjEyZC03Ni4xNTEyMTU0ODUxNzAzOCUyMTNkLTEzLjY3NzE2MjM5MDM5NTc1MiUyMTJtMyUyMTFmMCUyMTJmMCUyMTNmMCUyMTNtMiUyMTFpMTAyNCUyMTJpNzY4JTIxNGYxMy4xJTIxM20zJTIxMW0yJTIxMXMweDkxMTA2OGViZjc2MDgxN2IlMjUzQTB4ZTMyYzhkOGE4YjMxODk2YyUyMTJzRmUlMjUyMHklMjUyMEFsZWdyaWElMjUyME4lMjVDMiUyNUIwJTI1MjA2OCUyMTVlMCUyMTNtMiUyMTFzZXMlMjEyc3BlJTIxNHYxNTk5NzU4MTE2OTgxJTIxNW0yJTIxMXNlcyUyMTJzcGUlMjIlMjB3aWR0aCUzRCUyMjQwMCUyMiUyMGhlaWdodCUzRCUyMjMwMCUyMiUyMGZyYW1lYm9yZGVyJTNEJTIyMCUyMiUyMHN0eWxlJTNEJTIyYm9yZGVyJTNBMCUzQiUyMiUyMGFsbG93ZnVsbHNjcmVlbiUzRCUyMiUyMiUyMGFyaWEtaGlkZGVuJTNEJTIyZmFsc2UlMjIlMjB0YWJpbmRleCUzRCUyMjAlMjIlM0UlM0MlMkZpZnJhbWUlM0U=\u00bb][\/vc_column_inner][\/vc_row_inner][vc_row_inner css=\u00bb.vc_custom_1595185141259{padding-top: 30px !important;padding-right: 30px !important;padding-bottom: 15px !important;padding-left: 30px !important;}\u00bb][vc_column_inner][vc_single_image image=\u00bb1163&#8243; img_size=\u00bbmedium\u00bb onclick=\u00bblink_image\u00bb][\/vc_column_inner][\/vc_row_inner]<\/div><\/div><div class=\"mpc-tab mpc-container mpc-transition \" id=\"1596137044747-10\" data-active=\"false\"><div class=\"mpc-tab__content\">[vc_row_inner css=\u00bb.vc_custom_1595280593655{padding-top: 15px !important;padding-right: 30px !important;padding-left: 30px !important;}\u00bb][vc_column_inner width=\u00bb3\/5&#8243; css=\u00bb.vc_custom_1595280569251{padding-left: 15px !important;}\u00bb][vc_custom_heading text=\u00bbBasic Regular Education\u00bb font_container=\u00bbtag:h2|font_size:20|text_align:left|color:%23cc0000|line_height:1.6&#8243; use_theme_fonts=\u00bbyes\u00bb][vc_column_text]<\/p>\n<p>\n<strong>Director:<\/strong> Prof. Karina Julieta Vargas Astoquilca<br \/><strong>Promoter:<\/strong> Hna. Sandra de los Milagros Salazar Gonz\u00e1les<br \/><strong>Congregation:<\/strong> Institute of Religious Daughters of Mary Mother of The Church<br \/><strong>Address:<\/strong> C.P. Villa Rotary Nueva Esperanza Mz. B-L-4 Salas Guadalupe-Nueva Esperanza-Ica<br \/><strong> E-mail:<\/strong> feyalegria70@gmail.com<br \/><strong>Telephone:<\/strong> 956-073-434<\/p>\n<p>[\/vc_column_text][\/vc_column_inner][vc_column_inner width=\u00bb2\/5&#8243;][vc_gmaps link=\u00bb#E-8_JTNDaWZyYW1lJTIwc3JjJTNEJTIyaHR0cHMlM0ElMkYlMkZ3d3cuZ29vZ2xlLmNvbSUyRm1hcHMlMkZlbWJlZCUzRnBiJTNEJTIxMW0xOCUyMTFtMTIlMjExbTMlMjExZDI1ODQuMDg5MjExMTgzMjIzJTIxMmQtNzUuNzgzMzU3NjIxNzEyMzglMjEzZC0xMy45NzI5Mzk3NjYwODMxNDYlMjEybTMlMjExZjAlMjEyZjAlMjEzZjAlMjEzbTIlMjExaTEwMjQlMjEyaTc2OCUyMTRmMTMuMSUyMTNtMyUyMTFtMiUyMTFzMHg5MTEwZmMzZGMzNTRjYTQzJTI1M0EweDk3Yjc0YTA3MDQwZWYwMDElMjEyc0ZlJTI1MjB5JTI1MjBBbGVnciUyNUMzJTI1QURhJTI1MjA3MCUyMTVlMCUyMTNtMiUyMTFzZXMlMjEyc3BlJTIxNHYxNTk5NzU3OTMwMTg4JTIxNW0yJTIxMXNlcyUyMTJzcGUlMjIlMjB3aWR0aCUzRCUyMjQwMCUyMiUyMGhlaWdodCUzRCUyMjMwMCUyMiUyMGZyYW1lYm9yZGVyJTNEJTIyMCUyMiUyMHN0eWxlJTNEJTIyYm9yZGVyJTNBMCUzQiUyMiUyMGFsbG93ZnVsbHNjcmVlbiUzRCUyMiUyMiUyMGFyaWEtaGlkZGVuJTNEJTIyZmFsc2UlMjIlMjB0YWJpbmRleCUzRCUyMjAlMjIlM0UlM0MlMkZpZnJhbWUlM0U=\u00bb][\/vc_column_inner][\/vc_row_inner][vc_row_inner css=\u00bb.vc_custom_1595185141259{padding-top: 30px !important;padding-right: 30px !important;padding-bottom: 15px !important;padding-left: 30px !important;}\u00bb][vc_column_inner][vc_single_image image=\u00bb1164&#8243; img_size=\u00bbmedium\u00bb onclick=\u00bblink_image\u00bb][\/vc_column_inner][\/vc_row_inner]<\/div><\/div><div class=\"mpc-tab mpc-container mpc-transition \" id=\"1596137591059-7\" data-active=\"false\"><div class=\"mpc-tab__content\">[vc_row_inner css=\u00bb.vc_custom_1595280593655{padding-top: 15px !important;padding-right: 30px !important;padding-left: 30px !important;}\u00bb][vc_column_inner width=\u00bb3\/5&#8243; css=\u00bb.vc_custom_1595280569251{padding-left: 15px !important;}\u00bb][vc_custom_heading text=\u00bbBasic Regular Education\u00bb font_container=\u00bbtag:h2|font_size:20|text_align:left|color:%23cc0000|line_height:1.6&#8243; use_theme_fonts=\u00bbyes\u00bb][vc_column_text]<\/p>\n<p>\n<strong>Director:<\/strong> Prof. Erika Isabel Cabezudo Chacaliaza<br \/><strong>Promoter:<\/strong> Hna. Karina Valencia Huam\u00e1n<br \/><strong>Congregation:<\/strong> Institute de La Salle Sisters of Guadalupe<br \/><strong>Address:<\/strong> A.H. Nuevo Amanecer-Tupac Amaru Inca-Pisco<br \/><strong> E-mail:<\/strong> feyalegria77pisco@hotmail.com<br \/><strong>Telephone:<\/strong> 981518659\/ 989119629<\/p>\n<p>[\/vc_column_text][\/vc_column_inner][vc_column_inner width=\u00bb2\/5&#8243;][vc_gmaps link=\u00bb#E-8_JTNDaWZyYW1lJTIwc3JjJTNEJTIyaHR0cHMlM0ElMkYlMkZ3d3cuZ29vZ2xlLmNvbSUyRm1hcHMlMkZlbWJlZCUzRnBiJTNEJTIxMW0xOCUyMTFtMTIlMjExbTMlMjExZDE0MTAuNTQyMzAwNTAyODk1NCUyMTJkLTc2LjE0NDM1MDQzNTI2Njc5JTIxM2QtMTMuNzE2MDU3MjY3NDE0MzY0JTIxMm0zJTIxMWYwJTIxMmYwJTIxM2YwJTIxM20yJTIxMWkxMDI0JTIxMmk3NjglMjE0ZjEzLjElMjEzbTMlMjExbTIlMjExczB4OTExMDY2MjU1MGI3ZTA0MyUyNTNBMHhhOWU4NmZlZDBkMWY3Mzg4JTIxMnNJLiUyNTIwRS4lMjUyMEZlJTI1MjB5JTI1MjBBbGVncmlhJTI1MjA3NyUyMTVlMCUyMTNtMiUyMTFzZXMlMjEyc3BlJTIxNHYxNTk5NzU4MzM4Nzk2JTIxNW0yJTIxMXNlcyUyMTJzcGUlMjIlMjB3aWR0aCUzRCUyMjQwMCUyMiUyMGhlaWdodCUzRCUyMjMwMCUyMiUyMGZyYW1lYm9yZGVyJTNEJTIyMCUyMiUyMHN0eWxlJTNEJTIyYm9yZGVyJTNBMCUzQiUyMiUyMGFsbG93ZnVsbHNjcmVlbiUzRCUyMiUyMiUyMGFyaWEtaGlkZGVuJTNEJTIyZmFsc2UlMjIlMjB0YWJpbmRleCUzRCUyMjAlMjIlM0UlM0MlMkZpZnJhbWUlM0U=\u00bb][\/vc_column_inner][\/vc_row_inner][vc_row_inner css=\u00bb.vc_custom_1595185141259{padding-top: 30px !important;padding-right: 30px !important;padding-bottom: 15px !important;padding-left: 30px !important;}\u00bb][vc_column_inner][vc_single_image image=\u00bb1165&#8243; img_size=\u00bbmedium\u00bb onclick=\u00bblink_image\u00bb][\/vc_column_inner][\/vc_row_inner]<\/div><\/div><div class=\"mpc-tab mpc-container mpc-transition \" id=\"AcordionItem46\" data-active=\"false\"><div class=\"mpc-tab__content\">[vc_row_inner css=\u00bb.vc_custom_1595280593655{padding-top: 15px !important;padding-right: 30px !important;padding-left: 30px !important;}\u00bb][vc_column_inner width=\u00bb3\/5&#8243; css=\u00bb.vc_custom_1595280569251{padding-left: 15px !important;}\u00bb][vc_custom_heading text=\u00bbCEBA\u00bb font_container=\u00bbtag:h2|font_size:20|text_align:left|color:%23cc0000|line_height:1.6&#8243; use_theme_fonts=\u00bbyes\u00bb][vc_column_text]<\/p>\n<p>\n<strong>Director:<\/strong> Carlos Anicama Bernaola<br \/><strong>Address:<\/strong> Calle Callao 424-Ica-Ica<\/p>\n<p>[\/vc_column_text][\/vc_column_inner][vc_column_inner width=\u00bb2\/5&#8243;][vc_gmaps link=\u00bb#E-8_JTNDaWZyYW1lJTIwc3JjJTNEJTIyaHR0cHMlM0ElMkYlMkZ3d3cuZ29vZ2xlLmNvbSUyRm1hcHMlMkZlbWJlZCUzRnBiJTNEJTIxMW0xOCUyMTFtMTIlMjExbTMlMjExZDM4NzAuMjk2MjU5OTMzOTMxNyUyMTJkLTc1LjczMTk3MDA4NDU1MTcyJTIxM2QtMTQuMDU5Njc0OTg2NDI2NjE4JTIxMm0zJTIxMWYwJTIxMmYwJTIxM2YwJTIxM20yJTIxMWkxMDI0JTIxMmk3NjglMjE0ZjEzLjElMjEzbTMlMjExbTIlMjExczB4OTExMGUyYmI5MzY3YzVlMSUyNTNBMHhjNWVmMzUxMmRmMTU1ZjNjJTIxMnNDYWxsZSUyNTIwQ2FsbGFvJTI1MjA0MjQlMjUyQyUyNTIwSWNhJTI1MjAxMTAwMiUyMTVlMCUyMTNtMiUyMTFzZXMtNDE5JTIxMnNwZSUyMTR2MTU5NjEyNDQ4NTExMSUyMTVtMiUyMTFzZXMtNDE5JTIxMnNwZSUyMiUyMHdpZHRoJTNEJTIyNDAwJTIyJTIwaGVpZ2h0JTNEJTIyMzAwJTIyJTIwZnJhbWVib3JkZXIlM0QlMjIwJTIyJTIwc3R5bGUlM0QlMjJib3JkZXIlM0EwJTNCJTIyJTIwYWxsb3dmdWxsc2NyZWVuJTNEJTIyJTIyJTIwYXJpYS1oaWRkZW4lM0QlMjJmYWxzZSUyMiUyMHRhYmluZGV4JTNEJTIyMCUyMiUzRSUzQyUyRmlmcmFtZSUzRQ==\u00bb][\/vc_column_inner][\/vc_row_inner][vc_row_inner css=\u00bb.vc_custom_1595185141259{padding-top: 30px !important;padding-right: 30px !important;padding-bottom: 15px !important;padding-left: 30px !important;}\u00bb][vc_column_inner][vc_single_image image=\u00bb1161&#8243; img_size=\u00bbmedium\u00bb onclick=\u00bblink_image\u00bb][\/vc_column_inner][\/vc_row_inner]<\/div><\/div><\/div><\/div>[\/vc_column][\/vc_row]<\/p>\n<\/div>","protected":false},"excerpt":{"rendered":"<p>[vc_row][vc_column][\/vc_column][\/vc_row][vc_row][vc_column width=\u00bb1\/4&#8243;][vc_single_image image=\u00bb1015&#8243; img_size=\u00bbfull\u00bb][\/vc_column][vc_column width=\u00bb3\/4&#8243;][vc_btn title=\u00bbBack to map\u00bb align=\u00bbright\u00bb i_icon_fontawesome=\u00bbfas fa-map-marked\u00bb add_icon=\u00bbtrue\u00bb link=\u00bburl:https%3A%2F%2Fwww.feyalegria.org%2Fperu%2Fen%2Fthe-heart-set-in-peru%2F|title:The%20Heart%20Set%20in%20Peru\u00bb css=\u00bb.vc_custom_1601584015187{padding-right: 30px !important;}\u00bb][\/vc_column][\/vc_row]<\/p>\n","protected":false},"author":11,"featured_media":0,"parent":0,"menu_order":0,"comment_status":"closed","ping_status":"closed","template":"","meta":{"_acf_changed":false,"footnotes":""},"folder":[],"class_list":["post-2173","page","type-page","status-publish","hentry"],"acf":[],"yoast_head":"<!-- This site is optimized with the Yoast SEO plugin v27.2 - https:\/\/yoast.com\/product\/yoast-seo-wordpress\/ -->\n<title>Educational Institutions in Ica - #SomosFeyAlegria en Per\u00fa<\/title>\n<meta name=\"robots\" content=\"noindex, follow, max-snippet:-1, max-image-preview:large, max-video-preview:-1\" \/>\n<meta property=\"og:locale\" content=\"es_ES\" \/>\n<meta property=\"og:type\" content=\"article\" \/>\n<meta property=\"og:title\" content=\"Educational Institutions in Ica - #SomosFeyAlegria en Per\u00fa\" \/>\n<meta property=\"og:description\" content=\"[vc_row][vc_column][\/vc_column][\/vc_row][vc_row][vc_column width=\u00bb1\/4&#8243;][vc_single_image image=\u00bb1015&#8243; img_size=\u00bbfull\u00bb][\/vc_column][vc_column width=\u00bb3\/4&#8243;][vc_btn title=\u00bbBack to map\u00bb align=\u00bbright\u00bb i_icon_fontawesome=\u00bbfas fa-map-marked\u00bb add_icon=\u00bbtrue\u00bb link=\u00bburl:https%3A%2F%2Fwww.feyalegria.org%2Fperu%2Fen%2Fthe-heart-set-in-peru%2F|title:The%20Heart%20Set%20in%20Peru\u00bb css=\u00bb.vc_custom_1601584015187{padding-right: 30px !important;}\u00bb][\/vc_column][\/vc_row]\" \/>\n<meta property=\"og:url\" content=\"https:\/\/www.feyalegria.org\/peru\/en\/educational-institutions-in-ica\/\" \/>\n<meta property=\"og:site_name\" content=\"#SomosFeyAlegria en Per\u00fa\" \/>\n<meta property=\"article:modified_time\" content=\"2020-11-20T21:16:54+00:00\" \/>\n<meta name=\"twitter:card\" content=\"summary_large_image\" \/>\n<meta name=\"twitter:label1\" content=\"Tiempo de lectura\" \/>\n\t<meta name=\"twitter:data1\" content=\"6 minutos\" \/>\n<script type=\"application\/ld+json\" class=\"yoast-schema-graph\">{\"@context\":\"https:\/\/schema.org\",\"@graph\":[{\"@type\":\"WebPage\",\"@id\":\"https:\/\/www.feyalegria.org\/peru\/en\/educational-institutions-in-ica\/\",\"url\":\"https:\/\/www.feyalegria.org\/peru\/en\/educational-institutions-in-ica\/\",\"name\":\"Educational Institutions in Ica - #SomosFeyAlegria en Per\u00fa\",\"isPartOf\":{\"@id\":\"https:\/\/www.feyalegria.org\/peru\/#website\"},\"datePublished\":\"2020-09-27T13:30:37+00:00\",\"dateModified\":\"2020-11-20T21:16:54+00:00\",\"breadcrumb\":{\"@id\":\"https:\/\/www.feyalegria.org\/peru\/en\/educational-institutions-in-ica\/#breadcrumb\"},\"inLanguage\":\"es\",\"potentialAction\":[{\"@type\":\"ReadAction\",\"target\":[\"https:\/\/www.feyalegria.org\/peru\/en\/educational-institutions-in-ica\/\"]}]},{\"@type\":\"BreadcrumbList\",\"@id\":\"https:\/\/www.feyalegria.org\/peru\/en\/educational-institutions-in-ica\/#breadcrumb\",\"itemListElement\":[{\"@type\":\"ListItem\",\"position\":1,\"name\":\"Home\",\"item\":\"https:\/\/www.feyalegria.org\/peru\/\"},{\"@type\":\"ListItem\",\"position\":2,\"name\":\"Educational Institutions in Ica\"}]},{\"@type\":\"WebSite\",\"@id\":\"https:\/\/www.feyalegria.org\/peru\/#website\",\"url\":\"https:\/\/www.feyalegria.org\/peru\/\",\"name\":\"#SomosFeyAlegria en Per\u00fa\",\"description\":\"Movimiento de Educaci\u00f3n Popular y Promoci\u00f3n Social\",\"potentialAction\":[{\"@type\":\"SearchAction\",\"target\":{\"@type\":\"EntryPoint\",\"urlTemplate\":\"https:\/\/www.feyalegria.org\/peru\/?s={search_term_string}\"},\"query-input\":{\"@type\":\"PropertyValueSpecification\",\"valueRequired\":true,\"valueName\":\"search_term_string\"}}],\"inLanguage\":\"es\"}]}<\/script>\n<!-- \/ Yoast SEO plugin. -->","yoast_head_json":{"title":"Educational Institutions in Ica - #SomosFeyAlegria en Per\u00fa","robots":{"index":"noindex","follow":"follow","max-snippet":"max-snippet:-1","max-image-preview":"max-image-preview:large","max-video-preview":"max-video-preview:-1"},"og_locale":"es_ES","og_type":"article","og_title":"Educational Institutions in Ica - #SomosFeyAlegria en Per\u00fa","og_description":"[vc_row][vc_column][\/vc_column][\/vc_row][vc_row][vc_column width=\u00bb1\/4&#8243;][vc_single_image image=\u00bb1015&#8243; img_size=\u00bbfull\u00bb][\/vc_column][vc_column width=\u00bb3\/4&#8243;][vc_btn title=\u00bbBack to map\u00bb align=\u00bbright\u00bb i_icon_fontawesome=\u00bbfas fa-map-marked\u00bb add_icon=\u00bbtrue\u00bb link=\u00bburl:https%3A%2F%2Fwww.feyalegria.org%2Fperu%2Fen%2Fthe-heart-set-in-peru%2F|title:The%20Heart%20Set%20in%20Peru\u00bb css=\u00bb.vc_custom_1601584015187{padding-right: 30px !important;}\u00bb][\/vc_column][\/vc_row]","og_url":"https:\/\/www.feyalegria.org\/peru\/en\/educational-institutions-in-ica\/","og_site_name":"#SomosFeyAlegria en Per\u00fa","article_modified_time":"2020-11-20T21:16:54+00:00","twitter_card":"summary_large_image","twitter_misc":{"Tiempo de lectura":"6 minutos"},"schema":{"@context":"https:\/\/schema.org","@graph":[{"@type":"WebPage","@id":"https:\/\/www.feyalegria.org\/peru\/en\/educational-institutions-in-ica\/","url":"https:\/\/www.feyalegria.org\/peru\/en\/educational-institutions-in-ica\/","name":"Educational Institutions in Ica - #SomosFeyAlegria en Per\u00fa","isPartOf":{"@id":"https:\/\/www.feyalegria.org\/peru\/#website"},"datePublished":"2020-09-27T13:30:37+00:00","dateModified":"2020-11-20T21:16:54+00:00","breadcrumb":{"@id":"https:\/\/www.feyalegria.org\/peru\/en\/educational-institutions-in-ica\/#breadcrumb"},"inLanguage":"es","potentialAction":[{"@type":"ReadAction","target":["https:\/\/www.feyalegria.org\/peru\/en\/educational-institutions-in-ica\/"]}]},{"@type":"BreadcrumbList","@id":"https:\/\/www.feyalegria.org\/peru\/en\/educational-institutions-in-ica\/#breadcrumb","itemListElement":[{"@type":"ListItem","position":1,"name":"Home","item":"https:\/\/www.feyalegria.org\/peru\/"},{"@type":"ListItem","position":2,"name":"Educational Institutions in Ica"}]},{"@type":"WebSite","@id":"https:\/\/www.feyalegria.org\/peru\/#website","url":"https:\/\/www.feyalegria.org\/peru\/","name":"#SomosFeyAlegria en Per\u00fa","description":"Movimiento de Educaci\u00f3n Popular y Promoci\u00f3n Social","potentialAction":[{"@type":"SearchAction","target":{"@type":"EntryPoint","urlTemplate":"https:\/\/www.feyalegria.org\/peru\/?s={search_term_string}"},"query-input":{"@type":"PropertyValueSpecification","valueRequired":true,"valueName":"search_term_string"}}],"inLanguage":"es"}]}},"_links":{"self":[{"href":"https:\/\/www.feyalegria.org\/peru\/wp-json\/wp\/v2\/pages\/2173","targetHints":{"allow":["GET"]}}],"collection":[{"href":"https:\/\/www.feyalegria.org\/peru\/wp-json\/wp\/v2\/pages"}],"about":[{"href":"https:\/\/www.feyalegria.org\/peru\/wp-json\/wp\/v2\/types\/page"}],"author":[{"embeddable":true,"href":"https:\/\/www.feyalegria.org\/peru\/wp-json\/wp\/v2\/users\/11"}],"replies":[{"embeddable":true,"href":"https:\/\/www.feyalegria.org\/peru\/wp-json\/wp\/v2\/comments?post=2173"}],"version-history":[{"count":0,"href":"https:\/\/www.feyalegria.org\/peru\/wp-json\/wp\/v2\/pages\/2173\/revisions"}],"wp:attachment":[{"href":"https:\/\/www.feyalegria.org\/peru\/wp-json\/wp\/v2\/media?parent=2173"}],"wp:term":[{"taxonomy":"folder","embeddable":true,"href":"https:\/\/www.feyalegria.org\/peru\/wp-json\/wp\/v2\/folder?post=2173"}],"curies":[{"name":"wp","href":"https:\/\/api.w.org\/{rel}","templated":true}]}}