 {"id":2205,"date":"2020-09-27T09:39:30","date_gmt":"2020-09-27T14:39:30","guid":{"rendered":"https:\/\/www.feyalegria.org\/peru\/?page_id=2205"},"modified":"2020-11-20T17:03:56","modified_gmt":"2020-11-20T22:03:56","slug":"educational-institutions-in-lima-region","status":"publish","type":"page","link":"https:\/\/www.feyalegria.org\/peru\/en\/educational-institutions-in-lima-region\/","title":{"rendered":"Educational Institutions in Lima Regi\u00f3n"},"content":{"rendered":"<div class=\"wpb-content-wrapper\"><p>[vc_row][vc_column]<div style=\"background-color:;height: 40px\" class=\"nicdark_section  \"><\/div>[\/vc_column][\/vc_row][vc_row][vc_column width=\u00bb1\/4&#8243;]<div style=\"background-color:;height: 300px\" class=\"nicdark_section  \"><\/div>[vc_single_image image=\u00bb1020&#8243; img_size=\u00bbfull\u00bb][\/vc_column][vc_column width=\u00bb3\/4&#8243;][vc_btn title=\u00bbBack to map\u00bb align=\u00bbright\u00bb i_icon_fontawesome=\u00bbfas fa-map-marked\u00bb add_icon=\u00bbtrue\u00bb link=\u00bburl:https%3A%2F%2Fwww.feyalegria.org%2Fperu%2Fen%2Fthe-heart-set-in-peru%2F|title:The%20Heart%20Set%20in%20Peru\u00bb css=\u00bb.vc_custom_1601589291343{padding-right: 30px !important;}\u00bb]<div id=\"mpc_tabs-4969f07fa749a56\" class=\"mpc-tabs mpc-init mpc-transition mpc-tabs--left mpc-tabs--decor-line \"  data-active=\"1\"><div class=\"mpc-tabs__nav mpc-align--top\"><ul><li class=\"mpc-tabs__nav-item mpc-parent-hover mpc-active\" data-tab_id=\"AcordionItem46\"><div data-id=\"mpc_button-4669f07fa749b2e\" class=\"mpc-button mpc-init mpc-transition \" ><div class=\"mpc-button__content mpc-effect-type--none mpc-effect-side--none\"><span class=\"mpc-button__title mpc-transition\">Fe y Alegr\u00eda N\u00ba 35<\/span><\/div><div class=\"mpc-button__background mpc-transition mpc-effect-type--fade mpc-effect-side--in\"><\/div><\/div><\/li><\/ul><\/div><div class=\"mpc-tabs__content mpc-transition\"><div class=\"mpc-tab mpc-container mpc-transition \" id=\"AcordionItem46\" data-active=\"true\"><div class=\"mpc-tab__content\">[vc_row_inner css=\u00bb.vc_custom_1595280593655{padding-top: 15px !important;padding-right: 30px !important;padding-left: 30px !important;}\u00bb][vc_column_inner width=\u00bb3\/5&#8243; css=\u00bb.vc_custom_1595280569251{padding-left: 15px !important;}\u00bb][vc_custom_heading text=\u00bbBasic Regular Education\u00bb font_container=\u00bbtag:h2|font_size:20|text_align:left|color:%23cc0000|line_height:1.6&#8243; use_theme_fonts=\u00bbyes\u00bb][vc_column_text]<\/p>\n<p>\n<strong>Director:<\/strong> Prof. Luis Alfredo Castillo Flores<br \/><strong>Promoter:<\/strong> Hna. Edna Quixabeira Leite<br \/><strong>Congregation:<\/strong> Institute of the Blessed Virgin Mary<br \/><strong>Address:<\/strong> Las Acacias s\/n Urb. Las Gardenias-Barranca-Barranca<br \/><strong> E-mail:<\/strong> fya35_barranca@yahoo.com<br \/><strong>Telephone:<\/strong> 589-4750<\/p>\n<p>[\/vc_column_text][\/vc_column_inner][vc_column_inner width=\u00bb2\/5&#8243;][vc_gmaps link=\u00bb#E-8_JTNDaWZyYW1lJTIwc3JjJTNEJTIyaHR0cHMlM0ElMkYlMkZ3d3cuZ29vZ2xlLmNvbSUyRm1hcHMlMkZlbWJlZCUzRnBiJTNEJTIxMW0xNyUyMTFtOCUyMTFtMyUyMTFkMzkxOS44NTM1MjcxNDIzMzYlMjEyZC03Ny43NTIyNzklMjEzZC0xMC43NDU3NyUyMTNtMiUyMTFpMTAyNCUyMTJpNzY4JTIxNGYxMy4xJTIxNG02JTIxM2U2JTIxNG0wJTIxNG0zJTIxM20yJTIxMWQtMTAuNzQ1NzY5ODk5OTk5OTk5JTIxMmQtNzcuNzUyMjc5Mzk5OTk5OTklMjE1ZTAlMjEzbTIlMjExc2VzLTQxOSUyMTJzcGUlMjE0djE1OTYyNjY4NjAxNTElMjE1bTIlMjExc2VzLTQxOSUyMTJzcGUlMjIlMjB3aWR0aCUzRCUyMjQwMCUyMiUyMGhlaWdodCUzRCUyMjMwMCUyMiUyMGZyYW1lYm9yZGVyJTNEJTIyMCUyMiUyMHN0eWxlJTNEJTIyYm9yZGVyJTNBMCUzQiUyMiUyMGFsbG93ZnVsbHNjcmVlbiUzRCUyMiUyMiUyMGFyaWEtaGlkZGVuJTNEJTIyZmFsc2UlMjIlMjB0YWJpbmRleCUzRCUyMjAlMjIlM0UlM0MlMkZpZnJhbWUlM0U=\u00bb][\/vc_column_inner][\/vc_row_inner][vc_row_inner css=\u00bb.vc_custom_1595185141259{padding-top: 30px !important;padding-right: 30px !important;padding-bottom: 15px !important;padding-left: 30px !important;}\u00bb][vc_column_inner][vc_single_image image=\u00bb1354&#8243; img_size=\u00bbmedium\u00bb onclick=\u00bblink_image\u00bb][\/vc_column_inner][\/vc_row_inner]<\/div><\/div><\/div><\/div>[\/vc_column][\/vc_row]<\/p>\n<\/div>","protected":false},"excerpt":{"rendered":"<p>[vc_row][vc_column][\/vc_column][\/vc_row][vc_row][vc_column width=\u00bb1\/4&#8243;][vc_single_image image=\u00bb1020&#8243; img_size=\u00bbfull\u00bb][\/vc_column][vc_column width=\u00bb3\/4&#8243;][vc_btn title=\u00bbBack to map\u00bb align=\u00bbright\u00bb i_icon_fontawesome=\u00bbfas fa-map-marked\u00bb add_icon=\u00bbtrue\u00bb link=\u00bburl:https%3A%2F%2Fwww.feyalegria.org%2Fperu%2Fen%2Fthe-heart-set-in-peru%2F|title:The%20Heart%20Set%20in%20Peru\u00bb css=\u00bb.vc_custom_1601589291343{padding-right: 30px !important;}\u00bb][\/vc_column][\/vc_row]<\/p>\n","protected":false},"author":11,"featured_media":0,"parent":0,"menu_order":0,"comment_status":"closed","ping_status":"closed","template":"","meta":{"_acf_changed":false,"footnotes":""},"folder":[],"class_list":["post-2205","page","type-page","status-publish","hentry"],"acf":[],"yoast_head":"<!-- This site is optimized with the Yoast SEO plugin v27.4 - https:\/\/yoast.com\/product\/yoast-seo-wordpress\/ -->\n<title>Educational Institutions in Lima Regi\u00f3n - #SomosFeyAlegria en Per\u00fa<\/title>\n<meta name=\"robots\" content=\"noindex, follow, max-snippet:-1, max-image-preview:large, max-video-preview:-1\" \/>\n<meta property=\"og:locale\" content=\"es_ES\" \/>\n<meta property=\"og:type\" content=\"article\" \/>\n<meta property=\"og:title\" content=\"Educational Institutions in Lima Regi\u00f3n - #SomosFeyAlegria en Per\u00fa\" \/>\n<meta property=\"og:description\" content=\"[vc_row][vc_column][\/vc_column][\/vc_row][vc_row][vc_column width=\u00bb1\/4&#8243;][vc_single_image image=\u00bb1020&#8243; img_size=\u00bbfull\u00bb][\/vc_column][vc_column width=\u00bb3\/4&#8243;][vc_btn title=\u00bbBack to map\u00bb align=\u00bbright\u00bb i_icon_fontawesome=\u00bbfas fa-map-marked\u00bb add_icon=\u00bbtrue\u00bb link=\u00bburl:https%3A%2F%2Fwww.feyalegria.org%2Fperu%2Fen%2Fthe-heart-set-in-peru%2F|title:The%20Heart%20Set%20in%20Peru\u00bb css=\u00bb.vc_custom_1601589291343{padding-right: 30px !important;}\u00bb][\/vc_column][\/vc_row]\" \/>\n<meta property=\"og:url\" content=\"https:\/\/www.feyalegria.org\/peru\/en\/educational-institutions-in-lima-region\/\" \/>\n<meta property=\"og:site_name\" content=\"#SomosFeyAlegria en Per\u00fa\" \/>\n<meta property=\"article:modified_time\" content=\"2020-11-20T22:03:56+00:00\" \/>\n<meta name=\"twitter:card\" content=\"summary_large_image\" \/>\n<meta name=\"twitter:label1\" content=\"Tiempo de lectura\" \/>\n\t<meta name=\"twitter:data1\" content=\"2 minutos\" \/>\n<script type=\"application\/ld+json\" class=\"yoast-schema-graph\">{\"@context\":\"https:\\\/\\\/schema.org\",\"@graph\":[{\"@type\":\"WebPage\",\"@id\":\"https:\\\/\\\/www.feyalegria.org\\\/peru\\\/en\\\/educational-institutions-in-lima-region\\\/\",\"url\":\"https:\\\/\\\/www.feyalegria.org\\\/peru\\\/en\\\/educational-institutions-in-lima-region\\\/\",\"name\":\"Educational Institutions in Lima Regi\u00f3n - #SomosFeyAlegria en Per\u00fa\",\"isPartOf\":{\"@id\":\"https:\\\/\\\/www.feyalegria.org\\\/peru\\\/#website\"},\"datePublished\":\"2020-09-27T14:39:30+00:00\",\"dateModified\":\"2020-11-20T22:03:56+00:00\",\"breadcrumb\":{\"@id\":\"https:\\\/\\\/www.feyalegria.org\\\/peru\\\/en\\\/educational-institutions-in-lima-region\\\/#breadcrumb\"},\"inLanguage\":\"es\",\"potentialAction\":[{\"@type\":\"ReadAction\",\"target\":[\"https:\\\/\\\/www.feyalegria.org\\\/peru\\\/en\\\/educational-institutions-in-lima-region\\\/\"]}]},{\"@type\":\"BreadcrumbList\",\"@id\":\"https:\\\/\\\/www.feyalegria.org\\\/peru\\\/en\\\/educational-institutions-in-lima-region\\\/#breadcrumb\",\"itemListElement\":[{\"@type\":\"ListItem\",\"position\":1,\"name\":\"Home\",\"item\":\"https:\\\/\\\/www.feyalegria.org\\\/peru\\\/\"},{\"@type\":\"ListItem\",\"position\":2,\"name\":\"Educational Institutions in Lima Regi\u00f3n\"}]},{\"@type\":\"WebSite\",\"@id\":\"https:\\\/\\\/www.feyalegria.org\\\/peru\\\/#website\",\"url\":\"https:\\\/\\\/www.feyalegria.org\\\/peru\\\/\",\"name\":\"#SomosFeyAlegria en Per\u00fa\",\"description\":\"Movimiento de Educaci\u00f3n Popular y Promoci\u00f3n Social\",\"potentialAction\":[{\"@type\":\"SearchAction\",\"target\":{\"@type\":\"EntryPoint\",\"urlTemplate\":\"https:\\\/\\\/www.feyalegria.org\\\/peru\\\/?s={search_term_string}\"},\"query-input\":{\"@type\":\"PropertyValueSpecification\",\"valueRequired\":true,\"valueName\":\"search_term_string\"}}],\"inLanguage\":\"es\"}]}<\/script>\n<!-- \/ Yoast SEO plugin. -->","yoast_head_json":{"title":"Educational Institutions in Lima Regi\u00f3n - #SomosFeyAlegria en Per\u00fa","robots":{"index":"noindex","follow":"follow","max-snippet":"max-snippet:-1","max-image-preview":"max-image-preview:large","max-video-preview":"max-video-preview:-1"},"og_locale":"es_ES","og_type":"article","og_title":"Educational Institutions in Lima Regi\u00f3n - #SomosFeyAlegria en Per\u00fa","og_description":"[vc_row][vc_column][\/vc_column][\/vc_row][vc_row][vc_column width=\u00bb1\/4&#8243;][vc_single_image image=\u00bb1020&#8243; img_size=\u00bbfull\u00bb][\/vc_column][vc_column width=\u00bb3\/4&#8243;][vc_btn title=\u00bbBack to map\u00bb align=\u00bbright\u00bb i_icon_fontawesome=\u00bbfas fa-map-marked\u00bb add_icon=\u00bbtrue\u00bb link=\u00bburl:https%3A%2F%2Fwww.feyalegria.org%2Fperu%2Fen%2Fthe-heart-set-in-peru%2F|title:The%20Heart%20Set%20in%20Peru\u00bb css=\u00bb.vc_custom_1601589291343{padding-right: 30px !important;}\u00bb][\/vc_column][\/vc_row]","og_url":"https:\/\/www.feyalegria.org\/peru\/en\/educational-institutions-in-lima-region\/","og_site_name":"#SomosFeyAlegria en Per\u00fa","article_modified_time":"2020-11-20T22:03:56+00:00","twitter_card":"summary_large_image","twitter_misc":{"Tiempo de lectura":"2 minutos"},"schema":{"@context":"https:\/\/schema.org","@graph":[{"@type":"WebPage","@id":"https:\/\/www.feyalegria.org\/peru\/en\/educational-institutions-in-lima-region\/","url":"https:\/\/www.feyalegria.org\/peru\/en\/educational-institutions-in-lima-region\/","name":"Educational Institutions in Lima Regi\u00f3n - #SomosFeyAlegria en Per\u00fa","isPartOf":{"@id":"https:\/\/www.feyalegria.org\/peru\/#website"},"datePublished":"2020-09-27T14:39:30+00:00","dateModified":"2020-11-20T22:03:56+00:00","breadcrumb":{"@id":"https:\/\/www.feyalegria.org\/peru\/en\/educational-institutions-in-lima-region\/#breadcrumb"},"inLanguage":"es","potentialAction":[{"@type":"ReadAction","target":["https:\/\/www.feyalegria.org\/peru\/en\/educational-institutions-in-lima-region\/"]}]},{"@type":"BreadcrumbList","@id":"https:\/\/www.feyalegria.org\/peru\/en\/educational-institutions-in-lima-region\/#breadcrumb","itemListElement":[{"@type":"ListItem","position":1,"name":"Home","item":"https:\/\/www.feyalegria.org\/peru\/"},{"@type":"ListItem","position":2,"name":"Educational Institutions in Lima Regi\u00f3n"}]},{"@type":"WebSite","@id":"https:\/\/www.feyalegria.org\/peru\/#website","url":"https:\/\/www.feyalegria.org\/peru\/","name":"#SomosFeyAlegria en Per\u00fa","description":"Movimiento de Educaci\u00f3n Popular y Promoci\u00f3n Social","potentialAction":[{"@type":"SearchAction","target":{"@type":"EntryPoint","urlTemplate":"https:\/\/www.feyalegria.org\/peru\/?s={search_term_string}"},"query-input":{"@type":"PropertyValueSpecification","valueRequired":true,"valueName":"search_term_string"}}],"inLanguage":"es"}]}},"_links":{"self":[{"href":"https:\/\/www.feyalegria.org\/peru\/wp-json\/wp\/v2\/pages\/2205","targetHints":{"allow":["GET"]}}],"collection":[{"href":"https:\/\/www.feyalegria.org\/peru\/wp-json\/wp\/v2\/pages"}],"about":[{"href":"https:\/\/www.feyalegria.org\/peru\/wp-json\/wp\/v2\/types\/page"}],"author":[{"embeddable":true,"href":"https:\/\/www.feyalegria.org\/peru\/wp-json\/wp\/v2\/users\/11"}],"replies":[{"embeddable":true,"href":"https:\/\/www.feyalegria.org\/peru\/wp-json\/wp\/v2\/comments?post=2205"}],"version-history":[{"count":0,"href":"https:\/\/www.feyalegria.org\/peru\/wp-json\/wp\/v2\/pages\/2205\/revisions"}],"wp:attachment":[{"href":"https:\/\/www.feyalegria.org\/peru\/wp-json\/wp\/v2\/media?parent=2205"}],"wp:term":[{"taxonomy":"folder","embeddable":true,"href":"https:\/\/www.feyalegria.org\/peru\/wp-json\/wp\/v2\/folder?post=2205"}],"curies":[{"name":"wp","href":"https:\/\/api.w.org\/{rel}","templated":true}]}}