 {"id":237,"date":"2020-06-26T18:31:45","date_gmt":"2020-06-26T23:31:45","guid":{"rendered":"https:\/\/www.feyalegria.org\/peru\/?page_id=237"},"modified":"2020-11-03T09:13:32","modified_gmt":"2020-11-03T14:13:32","slug":"que-hacemos","status":"publish","type":"page","link":"https:\/\/www.feyalegria.org\/peru\/que-hacemos\/","title":{"rendered":"Qu\u00e9 hacemos"},"content":{"rendered":"<div class=\"wpb-content-wrapper\"><p>[vc_row][vc_column][vc_separator color=\u00bbcustom\u00bb style=\u00bbshadow\u00bb accent_color=\u00bb#cc0000&#8243;][\/vc_column][\/vc_row][vc_row][vc_column width=\u00bb1\/2&#8243; css=\u00bb.vc_custom_1598726864427{margin-top: 30px !important;}\u00bb][vc_column_text]<\/p>\n<h3 style=\"text-align: center\">Formaci\u00f3n Integral<\/h3>\n<p>[\/vc_column_text][vc_hoverbox image=\u00bb2098&#8243; primary_title=\u00bb\u00bb hover_title=\u00bb\u00bb shape=\u00bbround\u00bb css=\u00bb.vc_custom_1603303762675{padding-top: 20px !important;}\u00bb]<\/p>\n<p>Fe y Alegr\u00eda busca el desarrollo integral de sus miembros, pensando en su desarrollo personal y lo que pueden aportar a la sociedad.<br \/>\nNuestra propuesta de educaci\u00f3n popular incorpora temas transversales sobre derechos y deberes ciudadanos, identidad personal y comunitaria, g\u00e9nero, \u00e9tica y cultura de paz, fe y justicia. Adem\u00e1s, incluye la educaci\u00f3n t\u00e9cnica como una primera vinculaci\u00f3n con el mundo del trabajo.<\/p>\n<p>[\/vc_hoverbox][\/vc_column][vc_column width=\u00bb1\/2&#8243; css=\u00bb.vc_custom_1601161116693{margin-top: 30px !important;}\u00bb][vc_column_text]<\/p>\n<h3 style=\"text-align: center\">Educaci\u00f3n de Calidad para los m\u00e1s Vulnerables<\/h3>\n<p>[\/vc_column_text][vc_hoverbox image=\u00bb2099&#8243; primary_title=\u00bb\u00bb hover_title=\u00bb\u00bb shape=\u00bbround\u00bb]<\/p>\n<p>Cada instituci\u00f3n educativa de Fe y Alegr\u00eda nace de las aspiraciones de una comunidad que se encuentra en medio de una realidad de inequidad en la cual las oportunidades no llegan a los m\u00e1s necesitados y vulnerables.<br \/>\nFe y Alegr\u00eda llega con un mensaje de esperanza y con una propuesta educativa que parte de la realidad y ofrece oportunidades de mejora que solo se pueden lograr con el esfuerzo de todos.<\/p>\n<p>[\/vc_hoverbox][\/vc_column][\/vc_row][vc_row][vc_column]<div style=\"background-color:;height: 60px\" class=\"nicdark_section  \"><\/div>[\/vc_column][\/vc_row][vc_row][vc_column][vc_tta_tabs style=\u00bbmodern\u00bb active_section=\u00bb1&#8243;][vc_tta_section title=\u00bbEDUCACI\u00d3N B\u00c1SICA REGULAR\u00bb tab_id=\u00bb1593211855423-4bc2268b-cdb5&#8243;][vc_row_inner][vc_column_inner width=\u00bb1\/3&#8243;][vc_single_image image=\u00bb432&#8243; img_size=\u00bblarge\u00bb][\/vc_column_inner][vc_column_inner width=\u00bb2\/3&#8243;][vc_column_text]<\/p>\n<p>Se brinda formaci\u00f3n a todas y todos los ciudadanos atendiendo al derecho fundamental de la persona y la sociedad de recibir una educaci\u00f3n de calidad.<br \/>\nEl objetivo esencial es la formaci\u00f3n integral de ciudadanas y ciudadanos \u00e9ticos, capaces de responsabilizarse de s\u00ed mismos y de convivir solidariamente con los dem\u00e1s. Ciudadanos que puedan desplegar sus potencialidades y desarrollar sus capacidades y los valores fundamentales que la persona debe poseer y que les permitan aprender a lo largo de toda su vida. Se trata de desarrollar la semilla de uno mismo, de ayudar a nacer al hombre o la mujer que cada quien lleva dentro.<br \/>\nComo Educaci\u00f3n B\u00e1sica Regular atendemos las tres modalidades:<\/p>\n<p>[\/vc_column_text][\/vc_column_inner][\/vc_row_inner][vc_row_inner equal_height=\u00bbyes\u00bb][vc_column_inner width=\u00bb1\/2&#8243; css=\u00bb.vc_custom_1593216236446{padding-top: 20px !important;}\u00bb][accordion_father active=\u00bb0&#8243;][accordion_son height=\u00bb\u00bb gradientbg=\u00bb\u00bb borderwidth=\u00bb1px 0px 0px 0px\u00bb titlemargin=\u00bb10&#8243; title=\u00bbEducaci\u00f3n B\u00e1sica Regular Urbana\u00bb clr=\u00bb#aa0f16&#8243; bodybg=\u00bb#ffffff\u00bb bgclr=\u00bb#f3f3f3&#8243; borderclr=\u00bb#aa0f16&#8243;]<\/p>\n<p>Fe y Alegr\u00eda brinda educaci\u00f3n a ni\u00f1os, ni\u00f1as y adolescentes que pasan oportunamente por el sistema educativo respetando todas las dimensiones de su desarrollo: motriz, socioafectivo, cognitivo y espiritual. Abarca instituciones educativas polidocentes de los niveles de Educaci\u00f3n Inicial, Primaria y Secundaria.<br \/>\nEst\u00e1 presente en 21 regiones del pa\u00eds, con 67 instituciones educativas y 6 redes rurales con 188 escuelas en total.<\/p>\n<p>[\/accordion_son][accordion_son height=\u00bb\u00bb gradientbg=\u00bb\u00bb borderwidth=\u00bb1px 0px 0px 0px\u00bb titlemargin=\u00bb10&#8243; title=\u00bbEducaci\u00f3n B\u00e1sica Especial\u00bb clr=\u00bb#aa0f16&#8243; bodybg=\u00bb#ffffff\u00bb borderclr2=\u00bb#aa0f16&#8243; bgclr=\u00bb#f3f3f3&#8243; borderclr=\u00bb#aa0f16&#8243;]<\/p>\n<p>Fe y Alegr\u00eda brinda servicio educativo en los niveles de Educaci\u00f3n Inicial y Primaria a ni\u00f1os, ni\u00f1as y j\u00f3venes entre los tres y los veinte a\u00f1os de edad con necesidades educativas especiales asociadas a discapacidad severa y multidiscapacidad con el prop\u00f3sito de que alcancen una vida aut\u00f3noma con miras a su inclusi\u00f3n familiar, social y laboral.<br \/>\nLos Centros de Educaci\u00f3n B\u00e1sica Especial (CEBE) incluyen en su estructura org\u00e1nica los Servicios de Apoyo y Asesoramiento a estudiantes con Necesidades Educativas Especiales (SAANEE) asociados tanto a discapacidad y trastorno del espectro autista como al talento y la superdotaci\u00f3n.<br \/>\nEl objetivo principal de los SAANEE en Fe y Alegr\u00eda es asegurar la inclusi\u00f3n educativa, para lo cual se brinda asesoramiento y acompa\u00f1amiento a directivos, maestros, estudiantes, madres y padres de familia de instituciones educativas de su jurisdicci\u00f3n. Fe y Alegr\u00eda cuenta con dos SAANEE, uno en Chimbote, en el CEBE FYA 42, y otro en San Juan de Lurigancho (Lima), en el FYA 25. Adicionalmente, tiene aulas de educaci\u00f3n especial en San Juan de Lurigancho (Lima), en el FYA 37, y en Bagua Chica (Amazonas), en el FYA 31.<\/p>\n<p>[\/accordion_son][accordion_son height=\u00bb\u00bb gradientbg=\u00bb\u00bb borderwidth=\u00bb1px 0px 0px 0px\u00bb borderwidth2=\u00bb0px 0px 1px 0px\u00bb titlemargin=\u00bb10&#8243; title=\u00bbEducaci\u00f3n B\u00e1sica Alternativa\u00bb clr=\u00bb#aa0f16&#8243; bodybg=\u00bb#ffffff\u00bb borderclr2=\u00bb#aa0f16&#8243; bgclr=\u00bb#f3f3f3&#8243; borderclr=\u00bb#aa0f16&#8243;]<\/p>\n<p>Fe y Alegr\u00eda ofrece educaci\u00f3n oficial a j\u00f3venes y adultos que por diversos motivos no pudieron acceder a educaci\u00f3n o culminar oportunamente sus estudios primarios y\/o secundarios. Adem\u00e1s, est\u00e1 al alcance de la poblaci\u00f3n que necesita compatibilizar los estudios con el trabajo, realizando su educaci\u00f3n en menor tiempo, con horarios flexibles, en lugar cercano a su domicilio y su trabajo y con calidad.<br \/>\nEn esta modalidad, se esfuerza por brindar una formaci\u00f3n humanista, cient\u00edfica y t\u00e9cnica que responda a las necesidades de dichos j\u00f3venes y adultos.<br \/>\nActualmente, Fe y Alegr\u00eda brinda Educaci\u00f3n B\u00e1sica Alternativa en Comas y San Juan de Lurigancho (Lima), Tambogrande (Piura) Arequipa e Ica.<\/p>\n<p>[\/accordion_son][\/accordion_father][\/vc_column_inner][vc_column_inner width=\u00bb1\/2&#8243;][vc_gallery type=\u00bbflexslider_slide\u00bb interval=\u00bb3&#8243; images=\u00bb433&#8243; img_size=\u00bblarge\u00bb css=\u00bb.vc_custom_1601160752679{padding-top: 20px !important;}\u00bb][\/vc_column_inner][\/vc_row_inner][\/vc_tta_section][vc_tta_section title=\u00bbREDES RURALES\u00bb tab_id=\u00bb1593216388459-56dbb409-c0ef\u00bb][vc_row_inner][vc_column_inner width=\u00bb1\/3&#8243;][vc_single_image image=\u00bb2100&#8243; img_size=\u00bblarge\u00bb][\/vc_column_inner][vc_column_inner width=\u00bb2\/3&#8243;][vc_column_text]<\/p>\n<p>En la creaci\u00f3n de Redes Educativas Rurales (RER), Fe y Alegr\u00eda ha encontrado un espacio de encuentro y articulaci\u00f3n entre diversos actores del territorio para promover y asegurar una educaci\u00f3n de calidad para la vida de ni\u00f1os, ni\u00f1as y adolescentes de zonas rurales, y para acortar as\u00ed las brechas educativas y la inequidad de oportunidades y de acceso a los servicios.<br \/>\nLas RER se sostienen en el inter\u00e9s, compromiso y participaci\u00f3n activa de las personas de cada una de las comunidades locales, directores y docentes de las instituciones educativas p\u00fablicas, quienes adoptan y deciden compartir los valores y fundamentos que inspiran la obra de Fe y Alegr\u00eda.<br \/>\nLas RER se conciben como comunidades de aprendizaje y unidades de reflexi\u00f3n, formaci\u00f3n en servicio, intercambio pedag\u00f3gico, articulaci\u00f3n, cohesi\u00f3n e integraci\u00f3n social y cultural.<\/p>\n<p>[\/vc_column_text][\/vc_column_inner][\/vc_row_inner][vc_row_inner equal_height=\u00bbyes\u00bb][vc_column_inner width=\u00bb1\/2&#8243; css=\u00bb.vc_custom_1593216236446{padding-top: 20px !important;}\u00bb][accordion_father active=\u00bb0&#8243;][accordion_son height=\u00bb\u00bb gradientbg=\u00bb\u00bb borderwidth=\u00bb1px 0px 1px 0px\u00bb titlemargin=\u00bb10&#8243; title=\u00bbRed Rural Andina\u00bb clr=\u00bb#749c39&#8243; bodybg=\u00bb#ffffff\u00bb bgclr=\u00bb#f3f3f3&#8243; borderclr=\u00bb#749c39&#8243;]<\/p>\n<p>El trabajo de las RER se ubica en las provincias de Quispicanchis (Cusco), Moro (\u00c1ncash) y Acobamba (Huancavelica) y atiende a un conjunto de escuelas monoling\u00fces y biling\u00fces en lengua quechua, de tipo unidocente, multigrado y polidocentes en los niveles de inicial, primaria y secundaria.<\/p>\n<p>[\/accordion_son][accordion_son height=\u00bb\u00bb gradientbg=\u00bb\u00bb borderwidth=\u00bb1px 0px 0px 0px\u00bb borderwidth2=\u00bb0px 0px 1px 0px\u00bb titlemargin=\u00bb10&#8243; title=\u00bbRed Rural Amazon\u00eda\u00bb clr=\u00bb#749c39&#8243; bodybg=\u00bb#ffffff\u00bb bgclr=\u00bb#f3f3f3&#8243; borderclr=\u00bb#749c39&#8243;]<\/p>\n<p>En Pucallpa (Ucayali) atendemos a un conjunto de escuelas monoling\u00fces y biling\u00fces en lengua shipibo de tipo unidocente y multigrado en los niveles de inicial y primaria.<br \/>\nEn la zona de Lagunas (Loreto), atendemos los tres niveles.<br \/>\nEn Iquitos (Loreto), acompa\u00f1amos a escuelas multigrado, unidocentes y polidocentes del nivel de inicial, primaria y secundaria, as\u00ed como una residencia estudiantil secundaria que recibe estudiantes hombres y mujeres de cuarenta caser\u00edos y comunidades ind\u00edgenas.<br \/>\nEn la Regi\u00f3n Amazonas, contamos con escuelas secundarias con residencia que reciben a estudiantes de 104 comunidades awaj\u00fan.<\/p>\n<p>[\/accordion_son][accordion_son height=\u00bb\u00bb gradientbg=\u00bb\u00bb borderwidth=\u00bb1px 0px 0px 0px\u00bb borderwidth2=\u00bb0px 0px 1px 0px\u00bb titlemargin=\u00bb10&#8243; title=\u00bbRed Rural Costa\u00bb clr=\u00bb#749c39&#8243; bodybg=\u00bb#ffffff\u00bb borderclr2=\u00bb#749c39&#8243; bgclr=\u00bb#f3f3f3&#8243; borderclr=\u00bb#749c39&#8243;]<\/p>\n<p>Estamos en el centro poblado de Malingas en la Regi\u00f3n Piura donde atendemos a un conjunto de escuelas monoling\u00fces de tipo unidocente, multigrado y polidocentes de los diversos caser\u00edos de la zona.<\/p>\n<p>[\/accordion_son][\/accordion_father][\/vc_column_inner][vc_column_inner width=\u00bb1\/2&#8243;][vc_gallery type=\u00bbflexslider_slide\u00bb interval=\u00bb3&#8243; images=\u00bb2101&#8243; img_size=\u00bbfull\u00bb css=\u00bb.vc_custom_1601160910098{padding-top: 20px !important;}\u00bb][\/vc_column_inner][\/vc_row_inner][\/vc_tta_section][vc_tta_section title=\u00bbEDUCACI\u00d3N PROFESIONAL TECNOL\u00d3GICA Y T\u00c9CNICA\u00bb tab_id=\u00bb1593216445548-6a6c5363-e918&#8243;][vc_row_inner][vc_column_inner width=\u00bb1\/3&#8243;][vc_single_image image=\u00bb439&#8243; img_size=\u00bblarge\u00bb][\/vc_column_inner][vc_column_inner width=\u00bb2\/3&#8243;][vc_column_text]<\/p>\n<p>Fe y Alegr\u00eda ofrece una formaci\u00f3n integral que permite a sus estudiantes desempe\u00f1arse adecuadamente en el campo profesional y laboral como profesionales-ciudadanos comprometidos con el desarrollo de su territorio y en di\u00e1logo con la cultura local.<\/p>\n<p>[\/vc_column_text][\/vc_column_inner][\/vc_row_inner][vc_row_inner equal_height=\u00bbyes\u00bb][vc_column_inner width=\u00bb1\/2&#8243; css=\u00bb.vc_custom_1593216236446{padding-top: 20px !important;}\u00bb][accordion_father active=\u00bb0&#8243;][accordion_son height=\u00bb\u00bb gradientbg=\u00bb\u00bb borderwidth=\u00bb1px 0px 0px 0px\u00bb titlemargin=\u00bb10&#8243; title=\u00bbInstituto de Educaci\u00f3n Superior Tecnol\u00f3gica P\u00fablica (IESTP)\u00bb clr=\u00bb#5583bf\u00bb bodybg=\u00bb#ffffff\u00bb borderclr2=\u00bb#5583bf\u00bb borderclr=\u00bb#5583bf\u00bb bgclr=\u00bb#f3f3f3&#8243;]<\/p>\n<p>Ofrecemos educaci\u00f3n superior tecnol\u00f3gica a trav\u00e9s de la experimentaci\u00f3n e investigaci\u00f3n de las potencialidades locales y la b\u00fasqueda de respuestas tecnol\u00f3gicas a las necesidades y problemas del territorio.<br \/>\nActualmente, Fe y Alegr\u00eda cuenta con 7 IEST p\u00fablicas a nivel nacional: Cajamarca (1), Trujillo (1), Lima (2), Amazonas (1), Ayacucho (1) y Loreto (1).<\/p>\n<p>[\/accordion_son][accordion_son height=\u00bb10&#8243; gradientbg=\u00bb\u00bb borderwidth=\u00bb1px 0px 0px 0px\u00bb titlemargin=\u00bb10&#8243; title=\u00bbCentros de Educaci\u00f3n T\u00e9cnico-Productiva (CETPRO)\u00bb clr=\u00bb#5583bf\u00bb bodybg=\u00bb#ffffff\u00bb borderclr=\u00bb#5583bf\u00bb]<\/p>\n<p>\nFe y Alegr\u00eda brinda oportunidades diversas y accesibles de formaci\u00f3n t\u00e9cnica dirigida a potenciar la empleabilidad de j\u00f3venes y adultos. Contamos con una oferta formativa flexible y atenta a los cambios y exigencias de los territorios..<br \/>Fe y Alegr\u00eda dispone de 13 CETPRO a nivel nacional: Cajamarca (2), La Libertad (1), Lima (5), Cusco (1), Piura (1), Loreto (2) y Puno (1).<\/p>\n<p>[\/accordion_son][accordion_son height=\u00bb\u00bb gradientbg=\u00bb\u00bb borderwidth=\u00bb1px 0px 0px 0px\u00bb borderwidth2=\u00bb0px 0px 1px 0px\u00bb titlemargin=\u00bb10&#8243; title=\u00bbCentro de Certificaci\u00f3n de Competencias (CCC)\u00bb clr=\u00bb#5583bf\u00bb bodybg=\u00bb#ffffff\u00bb borderclr2=\u00bb#5583bf\u00bb borderclr=\u00bb#5583bf\u00bb]<\/p>\n<p>Fe y Alegr\u00eda certifica las competencias adquiridas por j\u00f3venes y adultos en su experiencia de trabajo. De esta forma promueve que el sistema educativo formal responda a las necesidades y expectativas de la poblaci\u00f3n.<br \/>\nSe cuenta con 1 CCC con capacidad para atender 21 regiones del pa\u00eds.<\/p>\n<p>[\/accordion_son][\/accordion_father][\/vc_column_inner][vc_column_inner width=\u00bb1\/2&#8243;][vc_gallery type=\u00bbflexslider_slide\u00bb interval=\u00bb3&#8243; images=\u00bb438,437&#8243; img_size=\u00bbfull\u00bb css=\u00bb.vc_custom_1593711980894{padding-top: 20px !important;}\u00bb][\/vc_column_inner][\/vc_row_inner][\/vc_tta_section][vc_tta_section title=\u00bbFYA DIGITAL\u00bb tab_id=\u00bb1593216279435-602d2d3e-a627&#8243;][vc_row_inner][vc_column_inner width=\u00bb1\/3&#8243;][vc_single_image image=\u00bb2102&#8243; img_size=\u00bblarge\u00bb][\/vc_column_inner][vc_column_inner width=\u00bb2\/3&#8243;][vc_column_text]<\/p>\n<p>Fe y Alegr\u00eda asume el desaf\u00edo de incorporar tecnolog\u00edas de la informaci\u00f3n y la comunicaci\u00f3n (TIC) en sus procesos pedag\u00f3gicos y de gesti\u00f3n. Para ello cre\u00f3 FYA Digital con un equipo de trabajo encargado de fortalecer y dinamizar el uso de TIC en el interaprendizaje, la reflexi\u00f3n y la colaboraci\u00f3n continua en red, la gesti\u00f3n del conocimiento, la ense\u00f1anza y el aprendizaje. A trav\u00e9s de diversos programas formativos que desarrolla en coordinaci\u00f3n con los equipos pedag\u00f3gicos, Fe y Alegr\u00eda viene reforzando las competencias digitales en directivos y docentes, los que a su vez lo hacen con los y las estudiantes.<br \/>\nEstamos comprometidos con ampliar continuamente las oportunidades para nuestros estudiantes porque queremos que sean capaces de desenvolverse en esta nueva cultura digital para las nuevas formas de comunicaci\u00f3n, aprendizaje, trabajo y ejercicio de ciudadan\u00eda.<\/p>\n<p>[\/vc_column_text][\/vc_column_inner][\/vc_row_inner][vc_row_inner equal_height=\u00bbyes\u00bb][vc_column_inner width=\u00bb1\/2&#8243; css=\u00bb.vc_custom_1593216236446{padding-top: 20px !important;}\u00bb][accordion_father active=\u00bb0&#8243;][accordion_son height=\u00bb\u00bb gradientbg=\u00bb\u00bb borderwidth=\u00bb1px 0px 0px 0px\u00bb titlemargin=\u00bb10&#8243; title=\u00bbCursos para Docentes\u00bb clr=\u00bb#f7ac13&#8243; bodybg=\u00bb#ffffff\u00bb borderclr=\u00bb#f7ac13&#8243; bgclr=\u00bb#f3f3f3&#8243;]<\/p>\n<p>Los y las docentes de Fe y Alegr\u00eda son nuestra gran fortaleza. Ellos responden d\u00eda a d\u00eda al desaf\u00edo de lograr una educaci\u00f3n integral y de calidad, lo que les exige estar actualizados permanentemente.<br \/>\nFe y Alegr\u00eda les ofrece diversas opciones formativas, desde peque\u00f1os cursos de desarrollo personal y de competencias profesionales y cursos generales en su campo de conocimiento, hasta programas de especializaci\u00f3n, en alianza con universidades e instituciones amigas.<\/p>\n<p>[\/accordion_son][accordion_son height=\u00bb\u00bb borderwidth=\u00bb1px 0px 0px 0px\u00bb borderwidth2=\u00bb0px 0px 1px 0px\u00bb titlemargin=\u00bb10&#8243; title=\u00bbCursos para Directivos\u00bb clr=\u00bb#f7ac13&#8243; bodybg=\u00bb#ffffff\u00bb borderclr2=\u00bb#f7ac13&#8243; bgclr=\u00bb#f3f3f3&#8243; borderclr=\u00bb#f7ac13&#8243;]<\/p>\n<p>La gesti\u00f3n de las instituciones educativas es uno de nuestros pilares para lograr la calidad educativa que ofrecemos. Por eso cuidamos la formaci\u00f3n permanente de los directivos a trav\u00e9s de diversos programas. FYA Digital ofrece cursos orientados al desarrollo de las capacidades de gesti\u00f3n, con \u00e9nfasis en liderazgo pedag\u00f3gico.<\/p>\n<p>[\/accordion_son][\/accordion_father][\/vc_column_inner][vc_column_inner width=\u00bb1\/2&#8243;][vc_gallery type=\u00bbflexslider_slide\u00bb interval=\u00bb3&#8243; images=\u00bb463&#8243; img_size=\u00bbfull\u00bb css=\u00bb.vc_custom_1601160999487{padding-top: 20px !important;}\u00bb][\/vc_column_inner][\/vc_row_inner][\/vc_tta_section][\/vc_tta_tabs][\/vc_column][\/vc_row][vc_row][vc_column]<div style=\"background-color:;height: 50px\" class=\"nicdark_section  \"><\/div>[\/vc_column][\/vc_row]<\/p>\n<\/div>","protected":false},"excerpt":{"rendered":"<p>[vc_row][vc_column][vc_separator color=\u00bbcustom\u00bb style=\u00bbshadow\u00bb accent_color=\u00bb#cc0000&#8243;][\/vc_column][\/vc_row][vc_row][vc_column width=\u00bb1\/2&#8243; css=\u00bb.vc_custom_1598726864427{margin-top: 30px !important;}\u00bb][vc_column_text] Formaci\u00f3n Integral [\/vc_column_text][vc_hoverbox image=\u00bb2098&#8243; primary_title=\u00bb\u00bb hover_title=\u00bb\u00bb shape=\u00bbround\u00bb css=\u00bb.vc_custom_1603303762675{padding-top: 20px !important;}\u00bb] Fe y Alegr\u00eda busca el desarrollo integral de sus miembros, pensando en su desarrollo personal y lo que pueden aportar a la sociedad. Nuestra propuesta de educaci\u00f3n popular incorpora temas transversales sobre derechos y deberes ciudadanos, identidad<\/p>\n","protected":false},"author":19,"featured_media":0,"parent":0,"menu_order":0,"comment_status":"closed","ping_status":"closed","template":"","meta":{"_acf_changed":false,"footnotes":""},"folder":[],"class_list":["post-237","page","type-page","status-publish","hentry"],"acf":[],"yoast_head":"<!-- This site is optimized with the Yoast SEO plugin v27.2 - https:\/\/yoast.com\/product\/yoast-seo-wordpress\/ -->\n<title>Qu\u00e9 hacemos - #SomosFeyAlegria en Per\u00fa<\/title>\n<meta name=\"robots\" content=\"noindex, follow, max-snippet:-1, max-image-preview:large, max-video-preview:-1\" \/>\n<meta property=\"og:locale\" content=\"es_ES\" \/>\n<meta property=\"og:type\" content=\"article\" \/>\n<meta property=\"og:title\" content=\"Qu\u00e9 hacemos - #SomosFeyAlegria en Per\u00fa\" \/>\n<meta property=\"og:description\" content=\"[vc_row][vc_column][vc_separator color=\u00bbcustom\u00bb style=\u00bbshadow\u00bb accent_color=\u00bb#cc0000&#8243;][\/vc_column][\/vc_row][vc_row][vc_column width=\u00bb1\/2&#8243; css=\u00bb.vc_custom_1598726864427{margin-top: 30px !important;}\u00bb][vc_column_text] Formaci\u00f3n Integral [\/vc_column_text][vc_hoverbox image=\u00bb2098&#8243; primary_title=\u00bb\u00bb hover_title=\u00bb\u00bb shape=\u00bbround\u00bb css=\u00bb.vc_custom_1603303762675{padding-top: 20px !important;}\u00bb] Fe y Alegr\u00eda busca el desarrollo integral de sus miembros, pensando en su desarrollo personal y lo que pueden aportar a la sociedad. Nuestra propuesta de educaci\u00f3n popular incorpora temas transversales sobre derechos y deberes ciudadanos, identidad\" \/>\n<meta property=\"og:url\" content=\"https:\/\/www.feyalegria.org\/peru\/que-hacemos\/\" \/>\n<meta property=\"og:site_name\" content=\"#SomosFeyAlegria en Per\u00fa\" \/>\n<meta property=\"article:modified_time\" content=\"2020-11-03T14:13:32+00:00\" \/>\n<meta name=\"twitter:card\" content=\"summary_large_image\" \/>\n<meta name=\"twitter:label1\" content=\"Tiempo de lectura\" \/>\n\t<meta name=\"twitter:data1\" content=\"12 minutos\" \/>\n<script type=\"application\/ld+json\" class=\"yoast-schema-graph\">{\"@context\":\"https:\/\/schema.org\",\"@graph\":[{\"@type\":\"WebPage\",\"@id\":\"https:\/\/www.feyalegria.org\/peru\/que-hacemos\/\",\"url\":\"https:\/\/www.feyalegria.org\/peru\/que-hacemos\/\",\"name\":\"Qu\u00e9 hacemos - #SomosFeyAlegria en Per\u00fa\",\"isPartOf\":{\"@id\":\"https:\/\/www.feyalegria.org\/peru\/#website\"},\"datePublished\":\"2020-06-26T23:31:45+00:00\",\"dateModified\":\"2020-11-03T14:13:32+00:00\",\"breadcrumb\":{\"@id\":\"https:\/\/www.feyalegria.org\/peru\/que-hacemos\/#breadcrumb\"},\"inLanguage\":\"es\",\"potentialAction\":[{\"@type\":\"ReadAction\",\"target\":[\"https:\/\/www.feyalegria.org\/peru\/que-hacemos\/\"]}]},{\"@type\":\"BreadcrumbList\",\"@id\":\"https:\/\/www.feyalegria.org\/peru\/que-hacemos\/#breadcrumb\",\"itemListElement\":[{\"@type\":\"ListItem\",\"position\":1,\"name\":\"Home\",\"item\":\"https:\/\/www.feyalegria.org\/peru\/\"},{\"@type\":\"ListItem\",\"position\":2,\"name\":\"Qu\u00e9 hacemos\"}]},{\"@type\":\"WebSite\",\"@id\":\"https:\/\/www.feyalegria.org\/peru\/#website\",\"url\":\"https:\/\/www.feyalegria.org\/peru\/\",\"name\":\"#SomosFeyAlegria en Per\u00fa\",\"description\":\"Movimiento de Educaci\u00f3n Popular y Promoci\u00f3n Social\",\"potentialAction\":[{\"@type\":\"SearchAction\",\"target\":{\"@type\":\"EntryPoint\",\"urlTemplate\":\"https:\/\/www.feyalegria.org\/peru\/?s={search_term_string}\"},\"query-input\":{\"@type\":\"PropertyValueSpecification\",\"valueRequired\":true,\"valueName\":\"search_term_string\"}}],\"inLanguage\":\"es\"}]}<\/script>\n<!-- \/ Yoast SEO plugin. -->","yoast_head_json":{"title":"Qu\u00e9 hacemos - #SomosFeyAlegria en Per\u00fa","robots":{"index":"noindex","follow":"follow","max-snippet":"max-snippet:-1","max-image-preview":"max-image-preview:large","max-video-preview":"max-video-preview:-1"},"og_locale":"es_ES","og_type":"article","og_title":"Qu\u00e9 hacemos - #SomosFeyAlegria en Per\u00fa","og_description":"[vc_row][vc_column][vc_separator color=\u00bbcustom\u00bb style=\u00bbshadow\u00bb accent_color=\u00bb#cc0000&#8243;][\/vc_column][\/vc_row][vc_row][vc_column width=\u00bb1\/2&#8243; css=\u00bb.vc_custom_1598726864427{margin-top: 30px !important;}\u00bb][vc_column_text] Formaci\u00f3n Integral [\/vc_column_text][vc_hoverbox image=\u00bb2098&#8243; primary_title=\u00bb\u00bb hover_title=\u00bb\u00bb shape=\u00bbround\u00bb css=\u00bb.vc_custom_1603303762675{padding-top: 20px !important;}\u00bb] Fe y Alegr\u00eda busca el desarrollo integral de sus miembros, pensando en su desarrollo personal y lo que pueden aportar a la sociedad. Nuestra propuesta de educaci\u00f3n popular incorpora temas transversales sobre derechos y deberes ciudadanos, identidad","og_url":"https:\/\/www.feyalegria.org\/peru\/que-hacemos\/","og_site_name":"#SomosFeyAlegria en Per\u00fa","article_modified_time":"2020-11-03T14:13:32+00:00","twitter_card":"summary_large_image","twitter_misc":{"Tiempo de lectura":"12 minutos"},"schema":{"@context":"https:\/\/schema.org","@graph":[{"@type":"WebPage","@id":"https:\/\/www.feyalegria.org\/peru\/que-hacemos\/","url":"https:\/\/www.feyalegria.org\/peru\/que-hacemos\/","name":"Qu\u00e9 hacemos - #SomosFeyAlegria en Per\u00fa","isPartOf":{"@id":"https:\/\/www.feyalegria.org\/peru\/#website"},"datePublished":"2020-06-26T23:31:45+00:00","dateModified":"2020-11-03T14:13:32+00:00","breadcrumb":{"@id":"https:\/\/www.feyalegria.org\/peru\/que-hacemos\/#breadcrumb"},"inLanguage":"es","potentialAction":[{"@type":"ReadAction","target":["https:\/\/www.feyalegria.org\/peru\/que-hacemos\/"]}]},{"@type":"BreadcrumbList","@id":"https:\/\/www.feyalegria.org\/peru\/que-hacemos\/#breadcrumb","itemListElement":[{"@type":"ListItem","position":1,"name":"Home","item":"https:\/\/www.feyalegria.org\/peru\/"},{"@type":"ListItem","position":2,"name":"Qu\u00e9 hacemos"}]},{"@type":"WebSite","@id":"https:\/\/www.feyalegria.org\/peru\/#website","url":"https:\/\/www.feyalegria.org\/peru\/","name":"#SomosFeyAlegria en Per\u00fa","description":"Movimiento de Educaci\u00f3n Popular y Promoci\u00f3n Social","potentialAction":[{"@type":"SearchAction","target":{"@type":"EntryPoint","urlTemplate":"https:\/\/www.feyalegria.org\/peru\/?s={search_term_string}"},"query-input":{"@type":"PropertyValueSpecification","valueRequired":true,"valueName":"search_term_string"}}],"inLanguage":"es"}]}},"_links":{"self":[{"href":"https:\/\/www.feyalegria.org\/peru\/wp-json\/wp\/v2\/pages\/237","targetHints":{"allow":["GET"]}}],"collection":[{"href":"https:\/\/www.feyalegria.org\/peru\/wp-json\/wp\/v2\/pages"}],"about":[{"href":"https:\/\/www.feyalegria.org\/peru\/wp-json\/wp\/v2\/types\/page"}],"author":[{"embeddable":true,"href":"https:\/\/www.feyalegria.org\/peru\/wp-json\/wp\/v2\/users\/19"}],"replies":[{"embeddable":true,"href":"https:\/\/www.feyalegria.org\/peru\/wp-json\/wp\/v2\/comments?post=237"}],"version-history":[{"count":0,"href":"https:\/\/www.feyalegria.org\/peru\/wp-json\/wp\/v2\/pages\/237\/revisions"}],"wp:attachment":[{"href":"https:\/\/www.feyalegria.org\/peru\/wp-json\/wp\/v2\/media?parent=237"}],"wp:term":[{"taxonomy":"folder","embeddable":true,"href":"https:\/\/www.feyalegria.org\/peru\/wp-json\/wp\/v2\/folder?post=237"}],"curies":[{"name":"wp","href":"https:\/\/api.w.org\/{rel}","templated":true}]}}