 {"id":2488,"date":"2020-10-07T10:43:56","date_gmt":"2020-10-07T15:43:56","guid":{"rendered":"https:\/\/www.feyalegria.org\/peru\/?page_id=2488"},"modified":"2020-10-11T22:16:37","modified_gmt":"2020-10-12T03:16:37","slug":"i-want-to-collaborate","status":"publish","type":"page","link":"https:\/\/www.feyalegria.org\/peru\/en\/i-want-to-collaborate\/","title":{"rendered":"I WANT TO COLLABORATE"},"content":{"rendered":"<div class=\"wpb-content-wrapper\"><p>[vc_row][vc_column]\n\t\t\t<!-- START Quiero Colaborar REVOLUTION SLIDER 6.7.40 --><p class=\"rs-p-wp-fix\"><\/p>\n\t\t\t<rs-module-wrap id=\"rev_slider_11_1_wrapper\" data-source=\"gallery\" style=\"visibility:hidden;background:transparent;padding:0;margin:0px auto;margin-top:0;margin-bottom:0;\">\n\t\t\t\t<rs-module id=\"rev_slider_11_1\" style=\"\" data-version=\"6.7.40\">\n\t\t\t\t\t<rs-slides style=\"overflow: hidden; position: absolute;\">\n\t\t\t\t\t\t<rs-slide style=\"position: absolute;\" data-key=\"rs-65\" data-title=\"Slide\" data-anim=\"ms:1000;r:0;\" data-in=\"o:0;\" data-out=\"a:false;\">\n\t\t\t\t\t\t\t<img decoding=\"async\" src=\"\/\/www.feyalegria.org\/peru\/wp-content\/plugins\/revslider\/sr6\/assets\/assets\/dummy.png\" alt=\"\" title=\"Banner Colabora\" width=\"1240\" height=\"300\" class=\"rev-slidebg tp-rs-img rs-lazyload\" data-lazyload=\"\/\/d3pugrm67vf9n7.cloudfront.net\/wp-content\/uploads\/sites\/7\/2020\/10\/14150027\/Banner-Colabora.jpg\" data-no-retina>\n<!---->\t\t\t\t\t<\/rs-slide>\n\t\t\t\t\t<\/rs-slides>\n\t\t\t\t\t<rs-static-layers><!--\n\t\t\t\t\t--><\/rs-static-layers>\n\t\t\t\t<\/rs-module>\n\t\t\t\t<script>\n\t\t\t\t\tsetREVStartSize({c: 'rev_slider_11_1',rl:[1240,1024,778,480],el:[350,768,400,400],gw:[1240,1024,778,480],gh:[350,350,400,400],type:'standard',justify:'',layout:'fullwidth',mh:\"0\"});if (window.RS_MODULES!==undefined && window.RS_MODULES.modules!==undefined && window.RS_MODULES.modules[\"revslider111\"]!==undefined) {window.RS_MODULES.modules[\"revslider111\"].once = false;window.revapi11 = undefined;if (window.RS_MODULES.checkMinimal!==undefined) window.RS_MODULES.checkMinimal()}\n\t\t\t\t<\/script>\n\t\t\t<\/rs-module-wrap>\n\t\t\t<!-- END REVOLUTION SLIDER -->\n<div style=\"background-color:;height: 40px\" class=\"nicdark_section  \"><\/div>[\/vc_column][\/vc_row][vc_row][vc_column width=\u00bb1\/6&#8243;][\/vc_column][vc_column width=\u00bb4\/6&#8243;][vc_column_text]<\/p>\n<p style=\"font-size: 1.5em;line-height: 1.6em;text-align: center\">You can help more girls and boys receive a quality public education. <span class=\"fa_brand_color\">Collaborate with Fe y Alegr\u00eda and help us to continue forming good citizens for a better Peru.<\/p>\n<p>[\/vc_column_text][\/vc_column][vc_column width=\u00bb1\/6&#8243;][\/vc_column][\/vc_row][vc_row][vc_column][vc_wp_text]<br \/>\n[fa_donaciones_home][\/vc_wp_text]<div style=\"background-color:;height: 50px\" class=\"nicdark_section  \"><\/div>[\/vc_column][\/vc_row][vc_row css=\u00bb.vc_custom_1601564205031{background-color: #f3f3f3 !important;}\u00bb][vc_column][vc_column_text]<\/p>\n<h3 style=\"text-align: left\">JOIN US FROM YOUR BANK<\/h3>\n<p>[\/vc_column_text][\/vc_column][\/vc_row][vc_row css=\u00bb.vc_custom_1601916532202{margin-top: 0px !important;margin-bottom: 0px !important;border-bottom-width: 0px !important;padding-top: 0px !important;padding-right: 0px !important;padding-bottom: 0px !important;padding-left: 0px !important;background-color: #f9f9f9 !important;}\u00bb][vc_column width=\u00bb1\/6&#8243; css=\u00bb.vc_custom_1596820351255{padding-top: 0px !important;padding-right: 0px !important;padding-bottom: 0px !important;padding-left: 0px !important;}\u00bb][\/vc_column][vc_column width=\u00bb4\/6&#8243;][vc_tta_tabs active_section=\u00bb1&#8243;][vc_tta_section title=\u00bbCREDIT BANK OF PERU\u00bb tab_id=\u00bb1601563084794-923ae63b-f32f\u00bb][vc_empty_space height=\u00bb15px\u00bb][vc_column_text]<\/p>\n<p>\n<strong>SOLES CURRENT ACCOUNT<\/strong><br \/>ACCOUNT NUMBER 191-0222222-0-66<br \/>CCI 00219100022222206653<\/p>\n<p>[\/vc_column_text][vc_empty_space height=\u00bb15px\u00bb][vc_column_text]<\/p>\n<p>\n<strong>DOLARES CURRENT ACCOUNT<\/strong><br \/>ACCOUNT NUMBER 193-09629067-1-28<br \/>CCI 00219310962906712815<\/p>\n<p>[\/vc_column_text][\/vc_tta_section][vc_tta_section title=\u00bbCONTINENTAL BANK\u00bb tab_id=\u00bb1601563084814-67b4dc98-6149&#8243;][vc_empty_space height=\u00bb15px\u00bb][vc_column_text]<\/p>\n<p>\n<strong>SOLES CURRENT ACCOUNT<\/strong><br \/>ACCOUNT NUMBER 0011-0661-0100000541-61<br \/>CCI 011 661 000100000541 61<\/p>\n<p>[\/vc_column_text][vc_empty_space height=\u00bb15px\u00bb][vc_column_text]<\/p>\n<p>\n<strong>DOLARES CURRENT ACCOUNT<\/strong><br \/>ACCOUNT NUMBER 0011-0661-0100023401-61<br \/>CCI 011 661 000100023401 61<\/p>\n<p>[\/vc_column_text][\/vc_tta_section][vc_tta_section title=\u00bbSCOTIABANK\u00bb tab_id=\u00bb1601563115891-e8516b68-3b8c\u00bb][vc_empty_space height=\u00bb15px\u00bb][vc_column_text]<\/p>\n<p>\n<strong>SOLES CURRENT ACCOUNT<\/strong><br \/>ACCOUNT NUMBER 000-3585123<br \/>CCI 009-010-000003585123-07<\/p>\n<p>[\/vc_column_text][vc_empty_space height=\u00bb15px\u00bb][vc_column_text]<\/p>\n<p>\n<strong>DOLARES CURRENT ACCOUNT<\/strong><br \/>ACCOUNT NUMBER 000-2474311<br \/>CCI 009-170-000002474311-24<\/p>\n<p>[\/vc_column_text][\/vc_tta_section][vc_tta_section title=\u00bbINTERBANK\u00bb tab_id=\u00bb1601563130153-1b45e622-9f47&#8243;][vc_empty_space height=\u00bb15px\u00bb][vc_column_text]<\/p>\n<p>\n<strong>SOLES CURRENT ACCOUNT<\/strong><br \/>ACCOUNT NUMBER 200-3000211778<br \/>CCI 003-200-003000211778-33<\/p>\n<p>[\/vc_column_text][\/vc_tta_section][\/vc_tta_tabs][vc_row_inner][vc_column_inner][vc_empty_space height=\u00bb50px\u00bb][\/vc_column_inner][\/vc_row_inner][\/vc_column][vc_column width=\u00bb1\/6&#8243;][\/vc_column][\/vc_row][vc_row][vc_column][vc_empty_space height=\u00bb30px\u00bb][\/vc_column][\/vc_row][vc_row full_width=\u00bbstretch_row_content\u00bb css=\u00bb.vc_custom_1601754245046{padding-top: 30px !important;padding-right: 20px !important;padding-bottom: 30px !important;padding-left: 20px !important;background-color: #898989 !important;}\u00bb][vc_column][vc_column_text]<\/p>\n<p style=\"color: white;text-align: center\">Your donation is deductible according to current law. SUNAT Administration Resolution 0230050216330 \/ RUC 20145915326<\/p>\n<p style=\"color: white;text-align: center\">If you want to receive a donation certificate, write to peru@feyalegria.org<\/p>\n<p>[\/vc_column_text][\/vc_column][\/vc_row][vc_row][vc_column][vc_empty_space height=\u00bb30px\u00bb][\/vc_column][\/vc_row]<\/p>\n<\/div>","protected":false},"excerpt":{"rendered":"<p>[vc_row][vc_column][\/vc_column][\/vc_row][vc_row][vc_column width=\u00bb1\/6&#8243;][\/vc_column][vc_column width=\u00bb4\/6&#8243;][vc_column_text] You can help more girls and boys receive a quality public education. Collaborate with Fe y Alegr\u00eda and help us to continue forming good citizens for a better Peru. [\/vc_column_text][\/vc_column][vc_column width=\u00bb1\/6&#8243;][\/vc_column][\/vc_row][vc_row][vc_column][vc_wp_text] [fa_donaciones_home][\/vc_wp_text][\/vc_column][\/vc_row][vc_row css=\u00bb.vc_custom_1601564205031{background-color: #f3f3f3 !important;}\u00bb][vc_column][vc_column_text] JOIN US FROM YOUR BANK [\/vc_column_text][\/vc_column][\/vc_row][vc_row css=\u00bb.vc_custom_1601916532202{margin-top: 0px !important;margin-bottom: 0px !important;border-bottom-width: 0px !important;padding-top: 0px !important;padding-right: 0px !important;padding-bottom:<\/p>\n","protected":false},"author":11,"featured_media":0,"parent":0,"menu_order":0,"comment_status":"closed","ping_status":"closed","template":"","meta":{"_acf_changed":false,"footnotes":""},"folder":[],"class_list":["post-2488","page","type-page","status-publish","hentry"],"acf":[],"yoast_head":"<!-- This site is optimized with the Yoast SEO plugin v27.2 - https:\/\/yoast.com\/product\/yoast-seo-wordpress\/ -->\n<title>I WANT TO COLLABORATE - #SomosFeyAlegria en Per\u00fa<\/title>\n<meta name=\"robots\" content=\"noindex, follow, max-snippet:-1, max-image-preview:large, max-video-preview:-1\" \/>\n<meta property=\"og:locale\" content=\"es_ES\" \/>\n<meta property=\"og:type\" content=\"article\" \/>\n<meta property=\"og:title\" content=\"I WANT TO COLLABORATE - #SomosFeyAlegria en Per\u00fa\" \/>\n<meta property=\"og:description\" content=\"[vc_row][vc_column][\/vc_column][\/vc_row][vc_row][vc_column width=\u00bb1\/6&#8243;][\/vc_column][vc_column width=\u00bb4\/6&#8243;][vc_column_text] You can help more girls and boys receive a quality public education. Collaborate with Fe y Alegr\u00eda and help us to continue forming good citizens for a better Peru. [\/vc_column_text][\/vc_column][vc_column width=\u00bb1\/6&#8243;][\/vc_column][\/vc_row][vc_row][vc_column][vc_wp_text] [fa_donaciones_home][\/vc_wp_text][\/vc_column][\/vc_row][vc_row css=\u00bb.vc_custom_1601564205031{background-color: #f3f3f3 !important;}\u00bb][vc_column][vc_column_text] JOIN US FROM YOUR BANK [\/vc_column_text][\/vc_column][\/vc_row][vc_row css=\u00bb.vc_custom_1601916532202{margin-top: 0px !important;margin-bottom: 0px !important;border-bottom-width: 0px !important;padding-top: 0px !important;padding-right: 0px !important;padding-bottom:\" \/>\n<meta property=\"og:url\" content=\"https:\/\/www.feyalegria.org\/peru\/en\/i-want-to-collaborate\/\" \/>\n<meta property=\"og:site_name\" content=\"#SomosFeyAlegria en Per\u00fa\" \/>\n<meta property=\"article:modified_time\" content=\"2020-10-12T03:16:37+00:00\" \/>\n<meta name=\"twitter:card\" content=\"summary_large_image\" \/>\n<meta name=\"twitter:label1\" content=\"Tiempo de lectura\" \/>\n\t<meta name=\"twitter:data1\" content=\"2 minutos\" \/>\n<script type=\"application\/ld+json\" class=\"yoast-schema-graph\">{\"@context\":\"https:\/\/schema.org\",\"@graph\":[{\"@type\":\"WebPage\",\"@id\":\"https:\/\/www.feyalegria.org\/peru\/en\/i-want-to-collaborate\/\",\"url\":\"https:\/\/www.feyalegria.org\/peru\/en\/i-want-to-collaborate\/\",\"name\":\"I WANT TO COLLABORATE - #SomosFeyAlegria en Per\u00fa\",\"isPartOf\":{\"@id\":\"https:\/\/www.feyalegria.org\/peru\/#website\"},\"datePublished\":\"2020-10-07T15:43:56+00:00\",\"dateModified\":\"2020-10-12T03:16:37+00:00\",\"breadcrumb\":{\"@id\":\"https:\/\/www.feyalegria.org\/peru\/en\/i-want-to-collaborate\/#breadcrumb\"},\"inLanguage\":\"es\",\"potentialAction\":[{\"@type\":\"ReadAction\",\"target\":[\"https:\/\/www.feyalegria.org\/peru\/en\/i-want-to-collaborate\/\"]}]},{\"@type\":\"BreadcrumbList\",\"@id\":\"https:\/\/www.feyalegria.org\/peru\/en\/i-want-to-collaborate\/#breadcrumb\",\"itemListElement\":[{\"@type\":\"ListItem\",\"position\":1,\"name\":\"Home\",\"item\":\"https:\/\/www.feyalegria.org\/peru\/\"},{\"@type\":\"ListItem\",\"position\":2,\"name\":\"I WANT TO COLLABORATE\"}]},{\"@type\":\"WebSite\",\"@id\":\"https:\/\/www.feyalegria.org\/peru\/#website\",\"url\":\"https:\/\/www.feyalegria.org\/peru\/\",\"name\":\"#SomosFeyAlegria en Per\u00fa\",\"description\":\"Movimiento de Educaci\u00f3n Popular y Promoci\u00f3n Social\",\"potentialAction\":[{\"@type\":\"SearchAction\",\"target\":{\"@type\":\"EntryPoint\",\"urlTemplate\":\"https:\/\/www.feyalegria.org\/peru\/?s={search_term_string}\"},\"query-input\":{\"@type\":\"PropertyValueSpecification\",\"valueRequired\":true,\"valueName\":\"search_term_string\"}}],\"inLanguage\":\"es\"}]}<\/script>\n<!-- \/ Yoast SEO plugin. -->","yoast_head_json":{"title":"I WANT TO COLLABORATE - #SomosFeyAlegria en Per\u00fa","robots":{"index":"noindex","follow":"follow","max-snippet":"max-snippet:-1","max-image-preview":"max-image-preview:large","max-video-preview":"max-video-preview:-1"},"og_locale":"es_ES","og_type":"article","og_title":"I WANT TO COLLABORATE - #SomosFeyAlegria en Per\u00fa","og_description":"[vc_row][vc_column][\/vc_column][\/vc_row][vc_row][vc_column width=\u00bb1\/6&#8243;][\/vc_column][vc_column width=\u00bb4\/6&#8243;][vc_column_text] You can help more girls and boys receive a quality public education. Collaborate with Fe y Alegr\u00eda and help us to continue forming good citizens for a better Peru. [\/vc_column_text][\/vc_column][vc_column width=\u00bb1\/6&#8243;][\/vc_column][\/vc_row][vc_row][vc_column][vc_wp_text] [fa_donaciones_home][\/vc_wp_text][\/vc_column][\/vc_row][vc_row css=\u00bb.vc_custom_1601564205031{background-color: #f3f3f3 !important;}\u00bb][vc_column][vc_column_text] JOIN US FROM YOUR BANK [\/vc_column_text][\/vc_column][\/vc_row][vc_row css=\u00bb.vc_custom_1601916532202{margin-top: 0px !important;margin-bottom: 0px !important;border-bottom-width: 0px !important;padding-top: 0px !important;padding-right: 0px !important;padding-bottom:","og_url":"https:\/\/www.feyalegria.org\/peru\/en\/i-want-to-collaborate\/","og_site_name":"#SomosFeyAlegria en Per\u00fa","article_modified_time":"2020-10-12T03:16:37+00:00","twitter_card":"summary_large_image","twitter_misc":{"Tiempo de lectura":"2 minutos"},"schema":{"@context":"https:\/\/schema.org","@graph":[{"@type":"WebPage","@id":"https:\/\/www.feyalegria.org\/peru\/en\/i-want-to-collaborate\/","url":"https:\/\/www.feyalegria.org\/peru\/en\/i-want-to-collaborate\/","name":"I WANT TO COLLABORATE - #SomosFeyAlegria en Per\u00fa","isPartOf":{"@id":"https:\/\/www.feyalegria.org\/peru\/#website"},"datePublished":"2020-10-07T15:43:56+00:00","dateModified":"2020-10-12T03:16:37+00:00","breadcrumb":{"@id":"https:\/\/www.feyalegria.org\/peru\/en\/i-want-to-collaborate\/#breadcrumb"},"inLanguage":"es","potentialAction":[{"@type":"ReadAction","target":["https:\/\/www.feyalegria.org\/peru\/en\/i-want-to-collaborate\/"]}]},{"@type":"BreadcrumbList","@id":"https:\/\/www.feyalegria.org\/peru\/en\/i-want-to-collaborate\/#breadcrumb","itemListElement":[{"@type":"ListItem","position":1,"name":"Home","item":"https:\/\/www.feyalegria.org\/peru\/"},{"@type":"ListItem","position":2,"name":"I WANT TO COLLABORATE"}]},{"@type":"WebSite","@id":"https:\/\/www.feyalegria.org\/peru\/#website","url":"https:\/\/www.feyalegria.org\/peru\/","name":"#SomosFeyAlegria en Per\u00fa","description":"Movimiento de Educaci\u00f3n Popular y Promoci\u00f3n Social","potentialAction":[{"@type":"SearchAction","target":{"@type":"EntryPoint","urlTemplate":"https:\/\/www.feyalegria.org\/peru\/?s={search_term_string}"},"query-input":{"@type":"PropertyValueSpecification","valueRequired":true,"valueName":"search_term_string"}}],"inLanguage":"es"}]}},"_links":{"self":[{"href":"https:\/\/www.feyalegria.org\/peru\/wp-json\/wp\/v2\/pages\/2488","targetHints":{"allow":["GET"]}}],"collection":[{"href":"https:\/\/www.feyalegria.org\/peru\/wp-json\/wp\/v2\/pages"}],"about":[{"href":"https:\/\/www.feyalegria.org\/peru\/wp-json\/wp\/v2\/types\/page"}],"author":[{"embeddable":true,"href":"https:\/\/www.feyalegria.org\/peru\/wp-json\/wp\/v2\/users\/11"}],"replies":[{"embeddable":true,"href":"https:\/\/www.feyalegria.org\/peru\/wp-json\/wp\/v2\/comments?post=2488"}],"version-history":[{"count":0,"href":"https:\/\/www.feyalegria.org\/peru\/wp-json\/wp\/v2\/pages\/2488\/revisions"}],"wp:attachment":[{"href":"https:\/\/www.feyalegria.org\/peru\/wp-json\/wp\/v2\/media?parent=2488"}],"wp:term":[{"taxonomy":"folder","embeddable":true,"href":"https:\/\/www.feyalegria.org\/peru\/wp-json\/wp\/v2\/folder?post=2488"}],"curies":[{"name":"wp","href":"https:\/\/api.w.org\/{rel}","templated":true}]}}