 {"id":619,"date":"2020-07-10T11:46:05","date_gmt":"2020-07-10T16:46:05","guid":{"rendered":"https:\/\/www.feyalegria.org\/peru\/?page_id=619"},"modified":"2020-12-18T09:57:08","modified_gmt":"2020-12-18T14:57:08","slug":"boletin-nacional","status":"publish","type":"page","link":"https:\/\/www.feyalegria.org\/peru\/boletin-nacional\/","title":{"rendered":"Bolet\u00edn Institucional El Chasqui"},"content":{"rendered":"<div class=\"wpb-content-wrapper\"><p>[vc_row][vc_column][vc_separator color=\u00bbcustom\u00bb style=\u00bbshadow\u00bb accent_color=\u00bb#cc0000&#8243;][\/vc_column][\/vc_row][vc_row enable_first_overlay=\u00bbtrue\u00bb first_overlay_opacity=\u00bb15&#8243;][vc_column][vc_tta_accordion style=\u00bbmodern\u00bb color=\u00bbsky\u00bb active_section=\u00bb1&#8243; css=\u00bb.vc_custom_1594398833216{background-color: #ebebeb !important;}\u00bb][vc_tta_section title=\u00bb\u00daLTIMAS EDICIONES\u00bb tab_id=\u00bb1594399079222-27eda408-9314&#8243;][vc_row_inner css=\u00bb.vc_custom_1594399461565{border-top-width: 15px !important;}\u00bb][vc_column_inner width=\u00bb1\/3&#8243;][vc_column_text]<\/p>\n<h3 style=\"text-align: center\"><strong><span style=\"color: #cc0000\">DICIEMBRE 2020<\/span><\/strong><\/h3>\n<p>[\/vc_column_text][vc_single_image image=\u00bb2944&#8243; img_size=\u00bb200 X 200&#8243; alignment=\u00bbcenter\u00bb style=\u00bbvc_box_shadow\u00bb onclick=\u00bbcustom_link\u00bb img_link_target=\u00bb_blank\u00bb link=\u00bbhttps:\/\/drive.google.com\/file\/d\/14qyX5yPpujf5OyStWs3QkzS4soosjlTM\/view?usp=sharing\u00bb][\/vc_column_inner][vc_column_inner width=\u00bb1\/3&#8243;][vc_column_text]<\/p>\n<h3 style=\"text-align: center\"><strong><span style=\"color: #cc0000\">NOVIEMBRE 2020<\/span><\/strong><\/h3>\n<p>[\/vc_column_text][vc_single_image image=\u00bb2775&#8243; img_size=\u00bb200 X 200&#8243; alignment=\u00bbcenter\u00bb style=\u00bbvc_box_shadow\u00bb onclick=\u00bbcustom_link\u00bb img_link_target=\u00bb_blank\u00bb link=\u00bbhttps:\/\/drive.google.com\/file\/d\/1RBpyse7MdnqrK5L-VW8Jwaedt2oTrlRB\/view?usp=sharing\u00bb][\/vc_column_inner][vc_column_inner width=\u00bb1\/3&#8243;][vc_column_text]<\/p>\n<h3 style=\"text-align: center\"><strong><span style=\"color: #cc0000\">OCTUBRE 2020<\/span><\/strong><\/h3>\n<p>[\/vc_column_text][vc_single_image image=\u00bb2552&#8243; img_size=\u00bb200 X 200&#8243; alignment=\u00bbcenter\u00bb style=\u00bbvc_box_shadow\u00bb onclick=\u00bbcustom_link\u00bb img_link_target=\u00bb_blank\u00bb link=\u00bbhttps:\/\/drive.google.com\/file\/d\/1hs1IV_kvQJXb1n3TcM9ZuGkQB9Y2PYlN\/view?usp=sharing\u00bb][\/vc_column_inner][\/vc_row_inner][vc_row_inner css=\u00bb.vc_custom_1594399414482{border-top-width: 15px !important;}\u00bb][vc_column_inner]<div style=\"background-color:;height: 20px\" class=\"nicdark_section  \"><\/div>[vc_separator color=\u00bbmulled_wine\u00bb style=\u00bbshadow\u00bb]<div style=\"background-color:;height: 20px\" class=\"nicdark_section  \"><\/div>[\/vc_column_inner][\/vc_row_inner][vc_row_inner css=\u00bb.vc_custom_1594399461565{border-top-width: 15px !important;}\u00bb][vc_column_inner width=\u00bb1\/4&#8243;][vc_column_text]<\/p>\n<h3 style=\"text-align: center\"><strong><span style=\"color: #cc0000\">SEPTIEMBRE 2020<\/span><\/strong><\/h3>\n<p>[\/vc_column_text][vc_single_image image=\u00bb1882&#8243; img_size=\u00bb200 X 200&#8243; alignment=\u00bbcenter\u00bb style=\u00bbvc_box_shadow\u00bb onclick=\u00bbcustom_link\u00bb img_link_target=\u00bb_blank\u00bb link=\u00bbhttps:\/\/drive.google.com\/file\/d\/1cuQ43bx-pX6hDofHu1-Jr0mYc3V7k6Vs\/view?usp=sharing\u00bb][\/vc_column_inner][vc_column_inner width=\u00bb1\/4&#8243;][vc_column_text]<\/p>\n<h3 style=\"text-align: center\"><strong><span style=\"color: #cc0000\">AGOSTO 2020<\/span><\/strong><\/h3>\n<p>[\/vc_column_text][vc_single_image image=\u00bb1877&#8243; img_size=\u00bb200 X 200&#8243; alignment=\u00bbcenter\u00bb style=\u00bbvc_box_shadow\u00bb onclick=\u00bbcustom_link\u00bb img_link_target=\u00bb_blank\u00bb link=\u00bbhttps:\/\/drive.google.com\/file\/d\/1G619N8ukrgVW_DCRATI8TH6jF3X2rztg\/view?usp=sharing\u00bb][\/vc_column_inner][vc_column_inner width=\u00bb1\/4&#8243;][vc_column_text]<\/p>\n<h3 style=\"text-align: center\"><strong><span style=\"color: #cc0000\">JULIO 2020<\/span><\/strong><\/h3>\n<p>[\/vc_column_text][vc_single_image image=\u00bb883&#8243; img_size=\u00bb200 X 200&#8243; alignment=\u00bbcenter\u00bb style=\u00bbvc_box_shadow\u00bb onclick=\u00bbcustom_link\u00bb img_link_target=\u00bb_blank\u00bb link=\u00bbhttps:\/\/drive.google.com\/file\/d\/1rPRaZLxmTrrgi-xLQu2k5JwXdR92-Ikj\/view?usp=sharing\u00bb][\/vc_column_inner][vc_column_inner width=\u00bb1\/4&#8243;][vc_column_text]<\/p>\n<h3 style=\"text-align: center\"><strong><span style=\"color: #cc0000\">DICIEMBRE 2019<\/span><\/strong><\/h3>\n<p>[\/vc_column_text][vc_single_image image=\u00bb875&#8243; img_size=\u00bb200 X 200&#8243; alignment=\u00bbcenter\u00bb style=\u00bbvc_box_shadow\u00bb onclick=\u00bbcustom_link\u00bb img_link_target=\u00bb_blank\u00bb link=\u00bbhttps:\/\/drive.google.com\/file\/d\/1DndpRqN-TyPjjLV2gxpshd2erwV4orG4\/view?usp=sharing\u00bb][\/vc_column_inner][\/vc_row_inner][vc_row_inner css=\u00bb.vc_custom_1594399414482{border-top-width: 15px !important;}\u00bb][vc_column_inner]<div style=\"background-color:;height: 20px\" class=\"nicdark_section  \"><\/div>[vc_separator color=\u00bbmulled_wine\u00bb style=\u00bbshadow\u00bb]<div style=\"background-color:;height: 20px\" class=\"nicdark_section  \"><\/div>[\/vc_column_inner][\/vc_row_inner][vc_row_inner css=\u00bb.vc_custom_1594399461565{border-top-width: 15px !important;}\u00bb][vc_column_inner width=\u00bb1\/4&#8243;][vc_column_text]<\/p>\n<h3 style=\"text-align: center\"><strong><span style=\"color: #cc0000\">NOVIEMBRE 2019<\/span><\/strong><\/h3>\n<p>[\/vc_column_text][vc_single_image image=\u00bb879&#8243; img_size=\u00bb200 X 200&#8243; alignment=\u00bbcenter\u00bb style=\u00bbvc_box_shadow\u00bb onclick=\u00bbcustom_link\u00bb img_link_target=\u00bb_blank\u00bb link=\u00bbhttps:\/\/drive.google.com\/file\/d\/1hgvfmP8q6Axs-7t36x_YuL0p8dL-xbyR\/view?usp=sharing\u00bb][\/vc_column_inner][vc_column_inner width=\u00bb1\/4&#8243;][vc_column_text]<\/p>\n<h3 style=\"text-align: center\"><strong><span style=\"color: #cc0000\">OCTUBRE 2019<\/span><\/strong><\/h3>\n<p>[\/vc_column_text][vc_single_image image=\u00bb880&#8243; img_size=\u00bb200 X 200&#8243; alignment=\u00bbcenter\u00bb style=\u00bbvc_box_shadow\u00bb onclick=\u00bbcustom_link\u00bb img_link_target=\u00bb_blank\u00bb link=\u00bbhttps:\/\/drive.google.com\/file\/d\/1hvUMEFvQ-kf8EytBqVSKtLIqiKnzaI6b\/view?usp=sharing\u00bb][\/vc_column_inner][vc_column_inner width=\u00bb1\/4&#8243;][vc_column_text]<\/p>\n<h3 style=\"text-align: center\"><strong><span style=\"color: #cc0000\">SEPTIEMBRE 2019<\/span><\/strong><\/h3>\n<p>[\/vc_column_text][vc_single_image image=\u00bb881&#8243; img_size=\u00bb200 X 200&#8243; alignment=\u00bbcenter\u00bb style=\u00bbvc_box_shadow\u00bb onclick=\u00bbcustom_link\u00bb img_link_target=\u00bb_blank\u00bb link=\u00bbhttps:\/\/drive.google.com\/file\/d\/1UyIkCipiCjmCxcyBMGxutVOhIqY6wQRT\/view?usp=sharing\u00bb][\/vc_column_inner][vc_column_inner width=\u00bb1\/4&#8243;][vc_column_text]<\/p>\n<h3 style=\"text-align: center\"><strong><span style=\"color: #cc0000\">AGOSTO 2019<\/span><\/strong><\/h3>\n<p>[\/vc_column_text][vc_single_image image=\u00bb874&#8243; img_size=\u00bb200 X 200&#8243; alignment=\u00bbcenter\u00bb style=\u00bbvc_box_shadow\u00bb onclick=\u00bbcustom_link\u00bb img_link_target=\u00bb_blank\u00bb link=\u00bbhttps:\/\/drive.google.com\/file\/d\/1aG8_sTTKZuy1znsjNFrBDd9LatGGJNG9\/view?usp=sharing\u00bb][\/vc_column_inner][\/vc_row_inner][vc_row_inner css=\u00bb.vc_custom_1594399414482{border-top-width: 15px !important;}\u00bb][vc_column_inner]<div style=\"background-color:;height: 20px\" class=\"nicdark_section  \"><\/div>[vc_separator color=\u00bbmulled_wine\u00bb style=\u00bbshadow\u00bb]<div style=\"background-color:;height: 20px\" class=\"nicdark_section  \"><\/div>[\/vc_column_inner][\/vc_row_inner][vc_row_inner][vc_column_inner width=\u00bb1\/4&#8243;][vc_column_text]<\/p>\n<h3 style=\"text-align: center\"><strong><span style=\"color: #cc0000\">JULIO 2019<\/span><\/strong><\/h3>\n<p>[\/vc_column_text][vc_single_image image=\u00bb876&#8243; img_size=\u00bb200 X 200&#8243; alignment=\u00bbcenter\u00bb style=\u00bbvc_box_shadow\u00bb onclick=\u00bbcustom_link\u00bb img_link_target=\u00bb_blank\u00bb link=\u00bbhttps:\/\/drive.google.com\/file\/d\/1o0j0cWhLi93UUnMJXDu76revVcRY95nm\/view?usp=sharing\u00bb][\/vc_column_inner][vc_column_inner width=\u00bb1\/4&#8243;][vc_column_text]<\/p>\n<h3 style=\"text-align: center\"><strong><span style=\"color: #cc0000\">JUNIO 2019<\/span><\/strong><\/h3>\n<p>[\/vc_column_text][vc_single_image image=\u00bb877&#8243; img_size=\u00bb200 X 200&#8243; alignment=\u00bbcenter\u00bb style=\u00bbvc_box_shadow\u00bb onclick=\u00bbcustom_link\u00bb img_link_target=\u00bb_blank\u00bb link=\u00bbhttps:\/\/drive.google.com\/file\/d\/1ydq_O8KMoOM9J3acq5j71h0_a7Awn-Hl\/view?usp=sharing\u00bb][\/vc_column_inner][vc_column_inner width=\u00bb1\/4&#8243;][vc_column_text]<\/p>\n<h3 style=\"text-align: center\"><strong><span style=\"color: #cc0000\">MAYO 2019<\/span><\/strong><\/h3>\n<p>[\/vc_column_text][vc_single_image image=\u00bb878&#8243; img_size=\u00bb200 X 200&#8243; alignment=\u00bbcenter\u00bb style=\u00bbvc_box_shadow\u00bb onclick=\u00bbcustom_link\u00bb img_link_target=\u00bb_blank\u00bb link=\u00bbhttps:\/\/drive.google.com\/file\/d\/1eN4BNczE1juyQwPdx__MrvwTq7S-PMeu\/view?usp=sharing\u00bb][\/vc_column_inner][vc_column_inner width=\u00bb1\/4&#8243;][vc_column_text]<\/p>\n<h3 style=\"text-align: center\"><strong><span style=\"color: #cc0000\">ABRIL 2019<\/span><\/strong><\/h3>\n<p>[\/vc_column_text][vc_single_image image=\u00bb873&#8243; img_size=\u00bb200 X 200&#8243; alignment=\u00bbcenter\u00bb style=\u00bbvc_box_shadow\u00bb onclick=\u00bbcustom_link\u00bb img_link_target=\u00bb_blank\u00bb link=\u00bbhttps:\/\/drive.google.com\/file\/d\/1RrWLnNr7FO9eI1ODlEFOUjKrTJy95E7u\/view?usp=sharing\u00bb][\/vc_column_inner][\/vc_row_inner][\/vc_tta_section][\/vc_tta_accordion][\/vc_column][\/vc_row]<\/p>\n<\/div>","protected":false},"excerpt":{"rendered":"<p>[vc_row][vc_column][vc_separator color=\u00bbcustom\u00bb style=\u00bbshadow\u00bb accent_color=\u00bb#cc0000&#8243;][\/vc_column][\/vc_row][vc_row enable_first_overlay=\u00bbtrue\u00bb first_overlay_opacity=\u00bb15&#8243;][vc_column][vc_tta_accordion style=\u00bbmodern\u00bb color=\u00bbsky\u00bb active_section=\u00bb1&#8243; css=\u00bb.vc_custom_1594398833216{background-color: #ebebeb !important;}\u00bb][vc_tta_section title=\u00bb\u00daLTIMAS EDICIONES\u00bb tab_id=\u00bb1594399079222-27eda408-9314&#8243;][vc_row_inner css=\u00bb.vc_custom_1594399461565{border-top-width: 15px !important;}\u00bb][vc_column_inner width=\u00bb1\/3&#8243;][vc_column_text] DICIEMBRE 2020 [\/vc_column_text][vc_single_image image=\u00bb2944&#8243; img_size=\u00bb200 X 200&#8243; alignment=\u00bbcenter\u00bb style=\u00bbvc_box_shadow\u00bb onclick=\u00bbcustom_link\u00bb img_link_target=\u00bb_blank\u00bb link=\u00bbhttps:\/\/drive.google.com\/file\/d\/14qyX5yPpujf5OyStWs3QkzS4soosjlTM\/view?usp=sharing\u00bb][\/vc_column_inner][vc_column_inner width=\u00bb1\/3&#8243;][vc_column_text] NOVIEMBRE 2020 [\/vc_column_text][vc_single_image image=\u00bb2775&#8243; img_size=\u00bb200 X 200&#8243; alignment=\u00bbcenter\u00bb style=\u00bbvc_box_shadow\u00bb onclick=\u00bbcustom_link\u00bb img_link_target=\u00bb_blank\u00bb link=\u00bbhttps:\/\/drive.google.com\/file\/d\/1RBpyse7MdnqrK5L-VW8Jwaedt2oTrlRB\/view?usp=sharing\u00bb][\/vc_column_inner][vc_column_inner width=\u00bb1\/3&#8243;][vc_column_text] OCTUBRE 2020 [\/vc_column_text][vc_single_image image=\u00bb2552&#8243; img_size=\u00bb200 X 200&#8243; alignment=\u00bbcenter\u00bb style=\u00bbvc_box_shadow\u00bb onclick=\u00bbcustom_link\u00bb<\/p>\n","protected":false},"author":19,"featured_media":0,"parent":0,"menu_order":0,"comment_status":"closed","ping_status":"closed","template":"","meta":{"_acf_changed":false,"footnotes":""},"folder":[],"class_list":["post-619","page","type-page","status-publish","hentry"],"acf":[],"yoast_head":"<!-- This site is optimized with the Yoast SEO plugin v27.2 - https:\/\/yoast.com\/product\/yoast-seo-wordpress\/ -->\n<title>Bolet\u00edn Institucional El Chasqui - #SomosFeyAlegria en Per\u00fa<\/title>\n<meta name=\"robots\" content=\"noindex, follow, max-snippet:-1, max-image-preview:large, max-video-preview:-1\" \/>\n<meta property=\"og:locale\" content=\"es_ES\" \/>\n<meta property=\"og:type\" content=\"article\" \/>\n<meta property=\"og:title\" content=\"Bolet\u00edn Institucional El Chasqui - #SomosFeyAlegria en Per\u00fa\" \/>\n<meta property=\"og:description\" content=\"[vc_row][vc_column][vc_separator color=\u00bbcustom\u00bb style=\u00bbshadow\u00bb accent_color=\u00bb#cc0000&#8243;][\/vc_column][\/vc_row][vc_row enable_first_overlay=\u00bbtrue\u00bb first_overlay_opacity=\u00bb15&#8243;][vc_column][vc_tta_accordion style=\u00bbmodern\u00bb color=\u00bbsky\u00bb active_section=\u00bb1&#8243; css=\u00bb.vc_custom_1594398833216{background-color: #ebebeb !important;}\u00bb][vc_tta_section title=\u00bb\u00daLTIMAS EDICIONES\u00bb tab_id=\u00bb1594399079222-27eda408-9314&#8243;][vc_row_inner css=\u00bb.vc_custom_1594399461565{border-top-width: 15px !important;}\u00bb][vc_column_inner width=\u00bb1\/3&#8243;][vc_column_text] DICIEMBRE 2020 [\/vc_column_text][vc_single_image image=\u00bb2944&#8243; img_size=\u00bb200 X 200&#8243; alignment=\u00bbcenter\u00bb style=\u00bbvc_box_shadow\u00bb onclick=\u00bbcustom_link\u00bb img_link_target=\u00bb_blank\u00bb link=\u00bbhttps:\/\/drive.google.com\/file\/d\/14qyX5yPpujf5OyStWs3QkzS4soosjlTM\/view?usp=sharing\u00bb][\/vc_column_inner][vc_column_inner width=\u00bb1\/3&#8243;][vc_column_text] NOVIEMBRE 2020 [\/vc_column_text][vc_single_image image=\u00bb2775&#8243; img_size=\u00bb200 X 200&#8243; alignment=\u00bbcenter\u00bb style=\u00bbvc_box_shadow\u00bb onclick=\u00bbcustom_link\u00bb img_link_target=\u00bb_blank\u00bb link=\u00bbhttps:\/\/drive.google.com\/file\/d\/1RBpyse7MdnqrK5L-VW8Jwaedt2oTrlRB\/view?usp=sharing\u00bb][\/vc_column_inner][vc_column_inner width=\u00bb1\/3&#8243;][vc_column_text] OCTUBRE 2020 [\/vc_column_text][vc_single_image image=\u00bb2552&#8243; img_size=\u00bb200 X 200&#8243; alignment=\u00bbcenter\u00bb style=\u00bbvc_box_shadow\u00bb onclick=\u00bbcustom_link\u00bb\" \/>\n<meta property=\"og:url\" content=\"https:\/\/www.feyalegria.org\/peru\/boletin-nacional\/\" \/>\n<meta property=\"og:site_name\" content=\"#SomosFeyAlegria en Per\u00fa\" \/>\n<meta property=\"article:modified_time\" content=\"2020-12-18T14:57:08+00:00\" \/>\n<meta name=\"twitter:card\" content=\"summary_large_image\" \/>\n<meta name=\"twitter:label1\" content=\"Tiempo de lectura\" \/>\n\t<meta name=\"twitter:data1\" content=\"5 minutos\" \/>\n<script type=\"application\/ld+json\" class=\"yoast-schema-graph\">{\"@context\":\"https:\/\/schema.org\",\"@graph\":[{\"@type\":\"WebPage\",\"@id\":\"https:\/\/www.feyalegria.org\/peru\/boletin-nacional\/\",\"url\":\"https:\/\/www.feyalegria.org\/peru\/boletin-nacional\/\",\"name\":\"Bolet\u00edn Institucional El Chasqui - #SomosFeyAlegria en Per\u00fa\",\"isPartOf\":{\"@id\":\"https:\/\/www.feyalegria.org\/peru\/#website\"},\"datePublished\":\"2020-07-10T16:46:05+00:00\",\"dateModified\":\"2020-12-18T14:57:08+00:00\",\"breadcrumb\":{\"@id\":\"https:\/\/www.feyalegria.org\/peru\/boletin-nacional\/#breadcrumb\"},\"inLanguage\":\"es\",\"potentialAction\":[{\"@type\":\"ReadAction\",\"target\":[\"https:\/\/www.feyalegria.org\/peru\/boletin-nacional\/\"]}]},{\"@type\":\"BreadcrumbList\",\"@id\":\"https:\/\/www.feyalegria.org\/peru\/boletin-nacional\/#breadcrumb\",\"itemListElement\":[{\"@type\":\"ListItem\",\"position\":1,\"name\":\"Home\",\"item\":\"https:\/\/www.feyalegria.org\/peru\/\"},{\"@type\":\"ListItem\",\"position\":2,\"name\":\"Bolet\u00edn Institucional El Chasqui\"}]},{\"@type\":\"WebSite\",\"@id\":\"https:\/\/www.feyalegria.org\/peru\/#website\",\"url\":\"https:\/\/www.feyalegria.org\/peru\/\",\"name\":\"#SomosFeyAlegria en Per\u00fa\",\"description\":\"Movimiento de Educaci\u00f3n Popular y Promoci\u00f3n Social\",\"potentialAction\":[{\"@type\":\"SearchAction\",\"target\":{\"@type\":\"EntryPoint\",\"urlTemplate\":\"https:\/\/www.feyalegria.org\/peru\/?s={search_term_string}\"},\"query-input\":{\"@type\":\"PropertyValueSpecification\",\"valueRequired\":true,\"valueName\":\"search_term_string\"}}],\"inLanguage\":\"es\"}]}<\/script>\n<!-- \/ Yoast SEO plugin. -->","yoast_head_json":{"title":"Bolet\u00edn Institucional El Chasqui - #SomosFeyAlegria en Per\u00fa","robots":{"index":"noindex","follow":"follow","max-snippet":"max-snippet:-1","max-image-preview":"max-image-preview:large","max-video-preview":"max-video-preview:-1"},"og_locale":"es_ES","og_type":"article","og_title":"Bolet\u00edn Institucional El Chasqui - #SomosFeyAlegria en Per\u00fa","og_description":"[vc_row][vc_column][vc_separator color=\u00bbcustom\u00bb style=\u00bbshadow\u00bb accent_color=\u00bb#cc0000&#8243;][\/vc_column][\/vc_row][vc_row enable_first_overlay=\u00bbtrue\u00bb first_overlay_opacity=\u00bb15&#8243;][vc_column][vc_tta_accordion style=\u00bbmodern\u00bb color=\u00bbsky\u00bb active_section=\u00bb1&#8243; css=\u00bb.vc_custom_1594398833216{background-color: #ebebeb !important;}\u00bb][vc_tta_section title=\u00bb\u00daLTIMAS EDICIONES\u00bb tab_id=\u00bb1594399079222-27eda408-9314&#8243;][vc_row_inner css=\u00bb.vc_custom_1594399461565{border-top-width: 15px !important;}\u00bb][vc_column_inner width=\u00bb1\/3&#8243;][vc_column_text] DICIEMBRE 2020 [\/vc_column_text][vc_single_image image=\u00bb2944&#8243; img_size=\u00bb200 X 200&#8243; alignment=\u00bbcenter\u00bb style=\u00bbvc_box_shadow\u00bb onclick=\u00bbcustom_link\u00bb img_link_target=\u00bb_blank\u00bb link=\u00bbhttps:\/\/drive.google.com\/file\/d\/14qyX5yPpujf5OyStWs3QkzS4soosjlTM\/view?usp=sharing\u00bb][\/vc_column_inner][vc_column_inner width=\u00bb1\/3&#8243;][vc_column_text] NOVIEMBRE 2020 [\/vc_column_text][vc_single_image image=\u00bb2775&#8243; img_size=\u00bb200 X 200&#8243; alignment=\u00bbcenter\u00bb style=\u00bbvc_box_shadow\u00bb onclick=\u00bbcustom_link\u00bb img_link_target=\u00bb_blank\u00bb link=\u00bbhttps:\/\/drive.google.com\/file\/d\/1RBpyse7MdnqrK5L-VW8Jwaedt2oTrlRB\/view?usp=sharing\u00bb][\/vc_column_inner][vc_column_inner width=\u00bb1\/3&#8243;][vc_column_text] OCTUBRE 2020 [\/vc_column_text][vc_single_image image=\u00bb2552&#8243; img_size=\u00bb200 X 200&#8243; alignment=\u00bbcenter\u00bb style=\u00bbvc_box_shadow\u00bb onclick=\u00bbcustom_link\u00bb","og_url":"https:\/\/www.feyalegria.org\/peru\/boletin-nacional\/","og_site_name":"#SomosFeyAlegria en Per\u00fa","article_modified_time":"2020-12-18T14:57:08+00:00","twitter_card":"summary_large_image","twitter_misc":{"Tiempo de lectura":"5 minutos"},"schema":{"@context":"https:\/\/schema.org","@graph":[{"@type":"WebPage","@id":"https:\/\/www.feyalegria.org\/peru\/boletin-nacional\/","url":"https:\/\/www.feyalegria.org\/peru\/boletin-nacional\/","name":"Bolet\u00edn Institucional El Chasqui - #SomosFeyAlegria en Per\u00fa","isPartOf":{"@id":"https:\/\/www.feyalegria.org\/peru\/#website"},"datePublished":"2020-07-10T16:46:05+00:00","dateModified":"2020-12-18T14:57:08+00:00","breadcrumb":{"@id":"https:\/\/www.feyalegria.org\/peru\/boletin-nacional\/#breadcrumb"},"inLanguage":"es","potentialAction":[{"@type":"ReadAction","target":["https:\/\/www.feyalegria.org\/peru\/boletin-nacional\/"]}]},{"@type":"BreadcrumbList","@id":"https:\/\/www.feyalegria.org\/peru\/boletin-nacional\/#breadcrumb","itemListElement":[{"@type":"ListItem","position":1,"name":"Home","item":"https:\/\/www.feyalegria.org\/peru\/"},{"@type":"ListItem","position":2,"name":"Bolet\u00edn Institucional El Chasqui"}]},{"@type":"WebSite","@id":"https:\/\/www.feyalegria.org\/peru\/#website","url":"https:\/\/www.feyalegria.org\/peru\/","name":"#SomosFeyAlegria en Per\u00fa","description":"Movimiento de Educaci\u00f3n Popular y Promoci\u00f3n Social","potentialAction":[{"@type":"SearchAction","target":{"@type":"EntryPoint","urlTemplate":"https:\/\/www.feyalegria.org\/peru\/?s={search_term_string}"},"query-input":{"@type":"PropertyValueSpecification","valueRequired":true,"valueName":"search_term_string"}}],"inLanguage":"es"}]}},"_links":{"self":[{"href":"https:\/\/www.feyalegria.org\/peru\/wp-json\/wp\/v2\/pages\/619","targetHints":{"allow":["GET"]}}],"collection":[{"href":"https:\/\/www.feyalegria.org\/peru\/wp-json\/wp\/v2\/pages"}],"about":[{"href":"https:\/\/www.feyalegria.org\/peru\/wp-json\/wp\/v2\/types\/page"}],"author":[{"embeddable":true,"href":"https:\/\/www.feyalegria.org\/peru\/wp-json\/wp\/v2\/users\/19"}],"replies":[{"embeddable":true,"href":"https:\/\/www.feyalegria.org\/peru\/wp-json\/wp\/v2\/comments?post=619"}],"version-history":[{"count":0,"href":"https:\/\/www.feyalegria.org\/peru\/wp-json\/wp\/v2\/pages\/619\/revisions"}],"wp:attachment":[{"href":"https:\/\/www.feyalegria.org\/peru\/wp-json\/wp\/v2\/media?parent=619"}],"wp:term":[{"taxonomy":"folder","embeddable":true,"href":"https:\/\/www.feyalegria.org\/peru\/wp-json\/wp\/v2\/folder?post=619"}],"curies":[{"name":"wp","href":"https:\/\/api.w.org\/{rel}","templated":true}]}}