 {"id":633,"date":"2020-07-09T21:48:32","date_gmt":"2020-07-10T02:48:32","guid":{"rendered":"https:\/\/www.feyalegria.org\/peru\/?page_id=633"},"modified":"2020-12-04T10:15:24","modified_gmt":"2020-12-04T15:15:24","slug":"novedades","status":"publish","type":"page","link":"https:\/\/www.feyalegria.org\/peru\/novedades\/","title":{"rendered":"Novedades"},"content":{"rendered":"<div class=\"wpb-content-wrapper\"><p>[vc_row][vc_column][vc_separator color=\u00bbcustom\u00bb style=\u00bbshadow\u00bb accent_color=\u00bb#cc0000&#8243;][\/vc_column][\/vc_row][vc_row enable_first_overlay=\u00bbtrue\u00bb first_overlay_opacity=\u00bb15&#8243;][vc_column][vc_basic_grid post_type=\u00bbpost\u00bb max_items=\u00bb50&#8243; style=\u00bbpagination\u00bb items_per_page=\u00bb8&#8243; element_width=\u00bb3&#8243; gap=\u00bb35&#8243; arrows_design=\u00bbvc_arrow-icon-arrow_08_left\u00bb paging_design=\u00bbpagination_rounded\u00bb paging_color=\u00bbjuicy_pink\u00bb item=\u00bbmasonryGrid_Default\u00bb grid_id=\u00bbvc_gid:1607094871205-aa51a45c-d350-9&#8243; css=\u00bb.vc_custom_1607094897333{padding-top: 15px !important;}\u00bb][\/vc_column][\/vc_row]<\/p>\n<\/div>","protected":false},"excerpt":{"rendered":"<p>[vc_row][vc_column][vc_separator color=\u00bbcustom\u00bb style=\u00bbshadow\u00bb accent_color=\u00bb#cc0000&#8243;][\/vc_column][\/vc_row][vc_row enable_first_overlay=\u00bbtrue\u00bb first_overlay_opacity=\u00bb15&#8243;][vc_column][vc_basic_grid post_type=\u00bbpost\u00bb max_items=\u00bb50&#8243; style=\u00bbpagination\u00bb items_per_page=\u00bb8&#8243; element_width=\u00bb3&#8243; gap=\u00bb35&#8243; arrows_design=\u00bbvc_arrow-icon-arrow_08_left\u00bb paging_design=\u00bbpagination_rounded\u00bb paging_color=\u00bbjuicy_pink\u00bb item=\u00bbmasonryGrid_Default\u00bb grid_id=\u00bbvc_gid:1607094871205-aa51a45c-d350-9&#8243; css=\u00bb.vc_custom_1607094897333{padding-top: 15px !important;}\u00bb][\/vc_column][\/vc_row]<\/p>\n","protected":false},"author":19,"featured_media":0,"parent":0,"menu_order":0,"comment_status":"closed","ping_status":"closed","template":"","meta":{"_acf_changed":false,"footnotes":""},"folder":[],"class_list":["post-633","page","type-page","status-publish","hentry"],"acf":[],"yoast_head":"<!-- This site is optimized with the Yoast SEO plugin v27.2 - https:\/\/yoast.com\/product\/yoast-seo-wordpress\/ -->\n<title>Novedades - #SomosFeyAlegria en Per\u00fa<\/title>\n<meta name=\"robots\" content=\"noindex, follow, max-snippet:-1, max-image-preview:large, max-video-preview:-1\" \/>\n<meta property=\"og:locale\" content=\"es_ES\" \/>\n<meta property=\"og:type\" content=\"article\" \/>\n<meta property=\"og:title\" content=\"Novedades - #SomosFeyAlegria en Per\u00fa\" \/>\n<meta property=\"og:description\" content=\"[vc_row][vc_column][vc_separator color=\u00bbcustom\u00bb style=\u00bbshadow\u00bb accent_color=\u00bb#cc0000&#8243;][\/vc_column][\/vc_row][vc_row enable_first_overlay=\u00bbtrue\u00bb first_overlay_opacity=\u00bb15&#8243;][vc_column][vc_basic_grid post_type=\u00bbpost\u00bb max_items=\u00bb50&#8243; style=\u00bbpagination\u00bb items_per_page=\u00bb8&#8243; element_width=\u00bb3&#8243; gap=\u00bb35&#8243; arrows_design=\u00bbvc_arrow-icon-arrow_08_left\u00bb paging_design=\u00bbpagination_rounded\u00bb paging_color=\u00bbjuicy_pink\u00bb item=\u00bbmasonryGrid_Default\u00bb grid_id=\u00bbvc_gid:1607094871205-aa51a45c-d350-9&#8243; css=\u00bb.vc_custom_1607094897333{padding-top: 15px !important;}\u00bb][\/vc_column][\/vc_row]\" \/>\n<meta property=\"og:url\" content=\"https:\/\/www.feyalegria.org\/peru\/novedades\/\" \/>\n<meta property=\"og:site_name\" content=\"#SomosFeyAlegria en Per\u00fa\" \/>\n<meta property=\"article:modified_time\" content=\"2020-12-04T15:15:24+00:00\" \/>\n<meta name=\"twitter:card\" content=\"summary_large_image\" \/>\n<script type=\"application\/ld+json\" class=\"yoast-schema-graph\">{\"@context\":\"https:\/\/schema.org\",\"@graph\":[{\"@type\":\"WebPage\",\"@id\":\"https:\/\/www.feyalegria.org\/peru\/novedades\/\",\"url\":\"https:\/\/www.feyalegria.org\/peru\/novedades\/\",\"name\":\"Novedades - #SomosFeyAlegria en Per\u00fa\",\"isPartOf\":{\"@id\":\"https:\/\/www.feyalegria.org\/peru\/#website\"},\"datePublished\":\"2020-07-10T02:48:32+00:00\",\"dateModified\":\"2020-12-04T15:15:24+00:00\",\"breadcrumb\":{\"@id\":\"https:\/\/www.feyalegria.org\/peru\/novedades\/#breadcrumb\"},\"inLanguage\":\"es\",\"potentialAction\":[{\"@type\":\"ReadAction\",\"target\":[\"https:\/\/www.feyalegria.org\/peru\/novedades\/\"]}]},{\"@type\":\"BreadcrumbList\",\"@id\":\"https:\/\/www.feyalegria.org\/peru\/novedades\/#breadcrumb\",\"itemListElement\":[{\"@type\":\"ListItem\",\"position\":1,\"name\":\"Home\",\"item\":\"https:\/\/www.feyalegria.org\/peru\/\"},{\"@type\":\"ListItem\",\"position\":2,\"name\":\"Novedades\"}]},{\"@type\":\"WebSite\",\"@id\":\"https:\/\/www.feyalegria.org\/peru\/#website\",\"url\":\"https:\/\/www.feyalegria.org\/peru\/\",\"name\":\"#SomosFeyAlegria en Per\u00fa\",\"description\":\"Movimiento de Educaci\u00f3n Popular y Promoci\u00f3n Social\",\"potentialAction\":[{\"@type\":\"SearchAction\",\"target\":{\"@type\":\"EntryPoint\",\"urlTemplate\":\"https:\/\/www.feyalegria.org\/peru\/?s={search_term_string}\"},\"query-input\":{\"@type\":\"PropertyValueSpecification\",\"valueRequired\":true,\"valueName\":\"search_term_string\"}}],\"inLanguage\":\"es\"}]}<\/script>\n<!-- \/ Yoast SEO plugin. -->","yoast_head_json":{"title":"Novedades - #SomosFeyAlegria en Per\u00fa","robots":{"index":"noindex","follow":"follow","max-snippet":"max-snippet:-1","max-image-preview":"max-image-preview:large","max-video-preview":"max-video-preview:-1"},"og_locale":"es_ES","og_type":"article","og_title":"Novedades - #SomosFeyAlegria en Per\u00fa","og_description":"[vc_row][vc_column][vc_separator color=\u00bbcustom\u00bb style=\u00bbshadow\u00bb accent_color=\u00bb#cc0000&#8243;][\/vc_column][\/vc_row][vc_row enable_first_overlay=\u00bbtrue\u00bb first_overlay_opacity=\u00bb15&#8243;][vc_column][vc_basic_grid post_type=\u00bbpost\u00bb max_items=\u00bb50&#8243; style=\u00bbpagination\u00bb items_per_page=\u00bb8&#8243; element_width=\u00bb3&#8243; gap=\u00bb35&#8243; arrows_design=\u00bbvc_arrow-icon-arrow_08_left\u00bb paging_design=\u00bbpagination_rounded\u00bb paging_color=\u00bbjuicy_pink\u00bb item=\u00bbmasonryGrid_Default\u00bb grid_id=\u00bbvc_gid:1607094871205-aa51a45c-d350-9&#8243; css=\u00bb.vc_custom_1607094897333{padding-top: 15px !important;}\u00bb][\/vc_column][\/vc_row]","og_url":"https:\/\/www.feyalegria.org\/peru\/novedades\/","og_site_name":"#SomosFeyAlegria en Per\u00fa","article_modified_time":"2020-12-04T15:15:24+00:00","twitter_card":"summary_large_image","schema":{"@context":"https:\/\/schema.org","@graph":[{"@type":"WebPage","@id":"https:\/\/www.feyalegria.org\/peru\/novedades\/","url":"https:\/\/www.feyalegria.org\/peru\/novedades\/","name":"Novedades - #SomosFeyAlegria en Per\u00fa","isPartOf":{"@id":"https:\/\/www.feyalegria.org\/peru\/#website"},"datePublished":"2020-07-10T02:48:32+00:00","dateModified":"2020-12-04T15:15:24+00:00","breadcrumb":{"@id":"https:\/\/www.feyalegria.org\/peru\/novedades\/#breadcrumb"},"inLanguage":"es","potentialAction":[{"@type":"ReadAction","target":["https:\/\/www.feyalegria.org\/peru\/novedades\/"]}]},{"@type":"BreadcrumbList","@id":"https:\/\/www.feyalegria.org\/peru\/novedades\/#breadcrumb","itemListElement":[{"@type":"ListItem","position":1,"name":"Home","item":"https:\/\/www.feyalegria.org\/peru\/"},{"@type":"ListItem","position":2,"name":"Novedades"}]},{"@type":"WebSite","@id":"https:\/\/www.feyalegria.org\/peru\/#website","url":"https:\/\/www.feyalegria.org\/peru\/","name":"#SomosFeyAlegria en Per\u00fa","description":"Movimiento de Educaci\u00f3n Popular y Promoci\u00f3n Social","potentialAction":[{"@type":"SearchAction","target":{"@type":"EntryPoint","urlTemplate":"https:\/\/www.feyalegria.org\/peru\/?s={search_term_string}"},"query-input":{"@type":"PropertyValueSpecification","valueRequired":true,"valueName":"search_term_string"}}],"inLanguage":"es"}]}},"_links":{"self":[{"href":"https:\/\/www.feyalegria.org\/peru\/wp-json\/wp\/v2\/pages\/633","targetHints":{"allow":["GET"]}}],"collection":[{"href":"https:\/\/www.feyalegria.org\/peru\/wp-json\/wp\/v2\/pages"}],"about":[{"href":"https:\/\/www.feyalegria.org\/peru\/wp-json\/wp\/v2\/types\/page"}],"author":[{"embeddable":true,"href":"https:\/\/www.feyalegria.org\/peru\/wp-json\/wp\/v2\/users\/19"}],"replies":[{"embeddable":true,"href":"https:\/\/www.feyalegria.org\/peru\/wp-json\/wp\/v2\/comments?post=633"}],"version-history":[{"count":0,"href":"https:\/\/www.feyalegria.org\/peru\/wp-json\/wp\/v2\/pages\/633\/revisions"}],"wp:attachment":[{"href":"https:\/\/www.feyalegria.org\/peru\/wp-json\/wp\/v2\/media?parent=633"}],"wp:term":[{"taxonomy":"folder","embeddable":true,"href":"https:\/\/www.feyalegria.org\/peru\/wp-json\/wp\/v2\/folder?post=633"}],"curies":[{"name":"wp","href":"https:\/\/api.w.org\/{rel}","templated":true}]}}