 {"id":671,"date":"2020-07-10T12:05:24","date_gmt":"2020-07-10T17:05:24","guid":{"rendered":"https:\/\/www.feyalegria.org\/peru\/?page_id=671"},"modified":"2020-08-13T21:16:56","modified_gmt":"2020-08-14T02:16:56","slug":"testimonios","status":"publish","type":"page","link":"https:\/\/www.feyalegria.org\/peru\/testimonios\/","title":{"rendered":"Testimonios"},"content":{"rendered":"<div class=\"wpb-content-wrapper\"><p>[vc_row][vc_column][vc_separator color=\u00bbcustom\u00bb style=\u00bbshadow\u00bb accent_color=\u00bb#cc0000&#8243;][\/vc_column][\/vc_row][vc_row][vc_column][vc_tta_tabs style=\u00bbmodern\u00bb spacing=\u00bb5&#8243; gap=\u00bb3&#8243; active_section=\u00bb1&#8243;][vc_tta_section i_icon_fontawesome=\u00bbfas fa-video\u00bb add_icon=\u00bbtrue\u00bb title=\u00bbEntrevistas (Videos)\u00bb tab_id=\u00bb1594400747111-fde803d6-2dca\u00bb][vc_column_text css=\u00bb.vc_custom_1594401155106{padding-top: 30px !important;}\u00bb]<\/p>\n<h3 style=\"text-align: center\"><strong><span style=\"color: #cc0000\">Transformamos VIDAS a trav\u00e9s de la educaci\u00f3n.<\/span><\/strong><\/h3>\n<p align=\"center\">Conoce aqu\u00ed las historias de estudiantes, docentes, directores y m\u00e1s integrantes de nuestras comunidades educativas<\/p>\n<p>[\/vc_column_text][vc_row_inner][vc_column_inner width=\u00bb1\/4&#8243;][vc_column_text]<\/p>\n<h4 align=\"right\"><strong>Juan<\/strong><\/h4>\n<p align=\"right\">Estudiante<\/p>\n<p align=\"right\">Fe y Alegr\u00eda 58<\/p>\n<p align=\"right\"> Jicamarca, Lima<\/p>\n<p>[\/vc_column_text][\/vc_column_inner][vc_column_inner width=\u00bb1\/4&#8243;][vc_video link=\u00bbhttps:\/\/www.youtube.com\/watch?v=an9ViN4AKmY\u00bb][\/vc_column_inner][vc_column_inner width=\u00bb1\/4&#8243;][vc_column_text]<\/p>\n<h4 align=\"right\"><strong>Lizbeth<\/strong><\/h4>\n<p align=\"right\">Estudiante<\/p>\n<p align=\"right\">Fe y Alegr\u00eda 62<\/p>\n<p align=\"right\">Chiriaco, Amazonas<\/p>\n<p>[\/vc_column_text][\/vc_column_inner][vc_column_inner width=\u00bb1\/4&#8243;][vc_video link=\u00bbhttps:\/\/www.youtube.com\/watch?v=VysShYBO2nI\u00bb][\/vc_column_inner][\/vc_row_inner][vc_separator color=\u00bbmulled_wine\u00bb][vc_row_inner][vc_column_inner width=\u00bb1\/4&#8243;][vc_column_text]<\/p>\n<h4 align=\"right\"><strong>Carmen<\/strong><\/h4>\n<p align=\"right\">Madre de familia<\/p>\n<p align=\"right\">Fe y Alegr\u00eda 58<\/p>\n<p align=\"right\"> Jicamarca, Lima<\/p>\n<p>[\/vc_column_text][\/vc_column_inner][vc_column_inner width=\u00bb1\/4&#8243;][vc_video link=\u00bbhttps:\/\/www.youtube.com\/watch?v=sq3XdssxKwc\u00bb][\/vc_column_inner][vc_column_inner width=\u00bb1\/4&#8243;][vc_column_text]<\/p>\n<h4 align=\"right\"><strong>Salvador<\/strong><\/h4>\n<p align=\"right\">Profesor<\/p>\n<p align=\"right\">Fe y Alegr\u00eda 26<\/p>\n<p align=\"right\">San Juan de Lurigancho, Lima<\/p>\n<p>[\/vc_column_text][\/vc_column_inner][vc_column_inner width=\u00bb1\/4&#8243;][vc_video link=\u00bbhttps:\/\/www.youtube.com\/watch?v=KuIe7Vtn6KE\u00bb][\/vc_column_inner][\/vc_row_inner][\/vc_tta_section][\/vc_tta_tabs][\/vc_column][\/vc_row][vc_row][vc_column][\/vc_column][\/vc_row]<\/p>\n<\/div>","protected":false},"excerpt":{"rendered":"<p>[vc_row][vc_column][vc_separator color=\u00bbcustom\u00bb style=\u00bbshadow\u00bb accent_color=\u00bb#cc0000&#8243;][\/vc_column][\/vc_row][vc_row][vc_column][vc_tta_tabs style=\u00bbmodern\u00bb spacing=\u00bb5&#8243; gap=\u00bb3&#8243; active_section=\u00bb1&#8243;][vc_tta_section i_icon_fontawesome=\u00bbfas fa-video\u00bb add_icon=\u00bbtrue\u00bb title=\u00bbEntrevistas (Videos)\u00bb tab_id=\u00bb1594400747111-fde803d6-2dca\u00bb][vc_column_text css=\u00bb.vc_custom_1594401155106{padding-top: 30px !important;}\u00bb] Transformamos VIDAS a trav\u00e9s de la educaci\u00f3n. Conoce aqu\u00ed las historias de estudiantes, docentes, directores y m\u00e1s integrantes de nuestras comunidades educativas [\/vc_column_text][vc_row_inner][vc_column_inner width=\u00bb1\/4&#8243;][vc_column_text] Juan Estudiante Fe y Alegr\u00eda 58 Jicamarca, Lima [\/vc_column_text][\/vc_column_inner][vc_column_inner width=\u00bb1\/4&#8243;][vc_video link=\u00bbhttps:\/\/www.youtube.com\/watch?v=an9ViN4AKmY\u00bb][\/vc_column_inner][vc_column_inner width=\u00bb1\/4&#8243;][vc_column_text] Lizbeth Estudiante<\/p>\n","protected":false},"author":19,"featured_media":0,"parent":0,"menu_order":0,"comment_status":"closed","ping_status":"closed","template":"","meta":{"_acf_changed":false,"footnotes":""},"folder":[],"class_list":["post-671","page","type-page","status-publish","hentry"],"acf":[],"yoast_head":"<!-- This site is optimized with the Yoast SEO plugin v27.2 - https:\/\/yoast.com\/product\/yoast-seo-wordpress\/ -->\n<title>Testimonios - #SomosFeyAlegria en Per\u00fa<\/title>\n<meta name=\"robots\" content=\"noindex, follow, max-snippet:-1, max-image-preview:large, max-video-preview:-1\" \/>\n<meta property=\"og:locale\" content=\"es_ES\" \/>\n<meta property=\"og:type\" content=\"article\" \/>\n<meta property=\"og:title\" content=\"Testimonios - #SomosFeyAlegria en Per\u00fa\" \/>\n<meta property=\"og:description\" content=\"[vc_row][vc_column][vc_separator color=\u00bbcustom\u00bb style=\u00bbshadow\u00bb accent_color=\u00bb#cc0000&#8243;][\/vc_column][\/vc_row][vc_row][vc_column][vc_tta_tabs style=\u00bbmodern\u00bb spacing=\u00bb5&#8243; gap=\u00bb3&#8243; active_section=\u00bb1&#8243;][vc_tta_section i_icon_fontawesome=\u00bbfas fa-video\u00bb add_icon=\u00bbtrue\u00bb title=\u00bbEntrevistas (Videos)\u00bb tab_id=\u00bb1594400747111-fde803d6-2dca\u00bb][vc_column_text css=\u00bb.vc_custom_1594401155106{padding-top: 30px !important;}\u00bb] Transformamos VIDAS a trav\u00e9s de la educaci\u00f3n. Conoce aqu\u00ed las historias de estudiantes, docentes, directores y m\u00e1s integrantes de nuestras comunidades educativas [\/vc_column_text][vc_row_inner][vc_column_inner width=\u00bb1\/4&#8243;][vc_column_text] Juan Estudiante Fe y Alegr\u00eda 58 Jicamarca, Lima [\/vc_column_text][\/vc_column_inner][vc_column_inner width=\u00bb1\/4&#8243;][vc_video link=\u00bbhttps:\/\/www.youtube.com\/watch?v=an9ViN4AKmY\u00bb][\/vc_column_inner][vc_column_inner width=\u00bb1\/4&#8243;][vc_column_text] Lizbeth Estudiante\" \/>\n<meta property=\"og:url\" content=\"https:\/\/www.feyalegria.org\/peru\/testimonios\/\" \/>\n<meta property=\"og:site_name\" content=\"#SomosFeyAlegria en Per\u00fa\" \/>\n<meta property=\"article:modified_time\" content=\"2020-08-14T02:16:56+00:00\" \/>\n<meta name=\"twitter:card\" content=\"summary_large_image\" \/>\n<meta name=\"twitter:label1\" content=\"Tiempo de lectura\" \/>\n\t<meta name=\"twitter:data1\" content=\"1 minuto\" \/>\n<script type=\"application\/ld+json\" class=\"yoast-schema-graph\">{\"@context\":\"https:\/\/schema.org\",\"@graph\":[{\"@type\":\"WebPage\",\"@id\":\"https:\/\/www.feyalegria.org\/peru\/testimonios\/\",\"url\":\"https:\/\/www.feyalegria.org\/peru\/testimonios\/\",\"name\":\"Testimonios - #SomosFeyAlegria en Per\u00fa\",\"isPartOf\":{\"@id\":\"https:\/\/www.feyalegria.org\/peru\/#website\"},\"datePublished\":\"2020-07-10T17:05:24+00:00\",\"dateModified\":\"2020-08-14T02:16:56+00:00\",\"breadcrumb\":{\"@id\":\"https:\/\/www.feyalegria.org\/peru\/testimonios\/#breadcrumb\"},\"inLanguage\":\"es\",\"potentialAction\":[{\"@type\":\"ReadAction\",\"target\":[\"https:\/\/www.feyalegria.org\/peru\/testimonios\/\"]}]},{\"@type\":\"BreadcrumbList\",\"@id\":\"https:\/\/www.feyalegria.org\/peru\/testimonios\/#breadcrumb\",\"itemListElement\":[{\"@type\":\"ListItem\",\"position\":1,\"name\":\"Home\",\"item\":\"https:\/\/www.feyalegria.org\/peru\/\"},{\"@type\":\"ListItem\",\"position\":2,\"name\":\"Testimonios\"}]},{\"@type\":\"WebSite\",\"@id\":\"https:\/\/www.feyalegria.org\/peru\/#website\",\"url\":\"https:\/\/www.feyalegria.org\/peru\/\",\"name\":\"#SomosFeyAlegria en Per\u00fa\",\"description\":\"Movimiento de Educaci\u00f3n Popular y Promoci\u00f3n Social\",\"potentialAction\":[{\"@type\":\"SearchAction\",\"target\":{\"@type\":\"EntryPoint\",\"urlTemplate\":\"https:\/\/www.feyalegria.org\/peru\/?s={search_term_string}\"},\"query-input\":{\"@type\":\"PropertyValueSpecification\",\"valueRequired\":true,\"valueName\":\"search_term_string\"}}],\"inLanguage\":\"es\"}]}<\/script>\n<!-- \/ Yoast SEO plugin. -->","yoast_head_json":{"title":"Testimonios - #SomosFeyAlegria en Per\u00fa","robots":{"index":"noindex","follow":"follow","max-snippet":"max-snippet:-1","max-image-preview":"max-image-preview:large","max-video-preview":"max-video-preview:-1"},"og_locale":"es_ES","og_type":"article","og_title":"Testimonios - #SomosFeyAlegria en Per\u00fa","og_description":"[vc_row][vc_column][vc_separator color=\u00bbcustom\u00bb style=\u00bbshadow\u00bb accent_color=\u00bb#cc0000&#8243;][\/vc_column][\/vc_row][vc_row][vc_column][vc_tta_tabs style=\u00bbmodern\u00bb spacing=\u00bb5&#8243; gap=\u00bb3&#8243; active_section=\u00bb1&#8243;][vc_tta_section i_icon_fontawesome=\u00bbfas fa-video\u00bb add_icon=\u00bbtrue\u00bb title=\u00bbEntrevistas (Videos)\u00bb tab_id=\u00bb1594400747111-fde803d6-2dca\u00bb][vc_column_text css=\u00bb.vc_custom_1594401155106{padding-top: 30px !important;}\u00bb] Transformamos VIDAS a trav\u00e9s de la educaci\u00f3n. Conoce aqu\u00ed las historias de estudiantes, docentes, directores y m\u00e1s integrantes de nuestras comunidades educativas [\/vc_column_text][vc_row_inner][vc_column_inner width=\u00bb1\/4&#8243;][vc_column_text] Juan Estudiante Fe y Alegr\u00eda 58 Jicamarca, Lima [\/vc_column_text][\/vc_column_inner][vc_column_inner width=\u00bb1\/4&#8243;][vc_video link=\u00bbhttps:\/\/www.youtube.com\/watch?v=an9ViN4AKmY\u00bb][\/vc_column_inner][vc_column_inner width=\u00bb1\/4&#8243;][vc_column_text] Lizbeth Estudiante","og_url":"https:\/\/www.feyalegria.org\/peru\/testimonios\/","og_site_name":"#SomosFeyAlegria en Per\u00fa","article_modified_time":"2020-08-14T02:16:56+00:00","twitter_card":"summary_large_image","twitter_misc":{"Tiempo de lectura":"1 minuto"},"schema":{"@context":"https:\/\/schema.org","@graph":[{"@type":"WebPage","@id":"https:\/\/www.feyalegria.org\/peru\/testimonios\/","url":"https:\/\/www.feyalegria.org\/peru\/testimonios\/","name":"Testimonios - #SomosFeyAlegria en Per\u00fa","isPartOf":{"@id":"https:\/\/www.feyalegria.org\/peru\/#website"},"datePublished":"2020-07-10T17:05:24+00:00","dateModified":"2020-08-14T02:16:56+00:00","breadcrumb":{"@id":"https:\/\/www.feyalegria.org\/peru\/testimonios\/#breadcrumb"},"inLanguage":"es","potentialAction":[{"@type":"ReadAction","target":["https:\/\/www.feyalegria.org\/peru\/testimonios\/"]}]},{"@type":"BreadcrumbList","@id":"https:\/\/www.feyalegria.org\/peru\/testimonios\/#breadcrumb","itemListElement":[{"@type":"ListItem","position":1,"name":"Home","item":"https:\/\/www.feyalegria.org\/peru\/"},{"@type":"ListItem","position":2,"name":"Testimonios"}]},{"@type":"WebSite","@id":"https:\/\/www.feyalegria.org\/peru\/#website","url":"https:\/\/www.feyalegria.org\/peru\/","name":"#SomosFeyAlegria en Per\u00fa","description":"Movimiento de Educaci\u00f3n Popular y Promoci\u00f3n Social","potentialAction":[{"@type":"SearchAction","target":{"@type":"EntryPoint","urlTemplate":"https:\/\/www.feyalegria.org\/peru\/?s={search_term_string}"},"query-input":{"@type":"PropertyValueSpecification","valueRequired":true,"valueName":"search_term_string"}}],"inLanguage":"es"}]}},"_links":{"self":[{"href":"https:\/\/www.feyalegria.org\/peru\/wp-json\/wp\/v2\/pages\/671","targetHints":{"allow":["GET"]}}],"collection":[{"href":"https:\/\/www.feyalegria.org\/peru\/wp-json\/wp\/v2\/pages"}],"about":[{"href":"https:\/\/www.feyalegria.org\/peru\/wp-json\/wp\/v2\/types\/page"}],"author":[{"embeddable":true,"href":"https:\/\/www.feyalegria.org\/peru\/wp-json\/wp\/v2\/users\/19"}],"replies":[{"embeddable":true,"href":"https:\/\/www.feyalegria.org\/peru\/wp-json\/wp\/v2\/comments?post=671"}],"version-history":[{"count":0,"href":"https:\/\/www.feyalegria.org\/peru\/wp-json\/wp\/v2\/pages\/671\/revisions"}],"wp:attachment":[{"href":"https:\/\/www.feyalegria.org\/peru\/wp-json\/wp\/v2\/media?parent=671"}],"wp:term":[{"taxonomy":"folder","embeddable":true,"href":"https:\/\/www.feyalegria.org\/peru\/wp-json\/wp\/v2\/folder?post=671"}],"curies":[{"name":"wp","href":"https:\/\/api.w.org\/{rel}","templated":true}]}}