 {"id":994,"date":"2020-07-22T18:08:01","date_gmt":"2020-07-22T23:08:01","guid":{"rendered":"https:\/\/www.feyalegria.org\/peru\/?page_id=994"},"modified":"2020-11-24T00:16:22","modified_gmt":"2020-11-24T05:16:22","slug":"instituciones-educativas-en-tacna","status":"publish","type":"page","link":"https:\/\/www.feyalegria.org\/peru\/donde-estamos\/instituciones-educativas-en-tacna\/","title":{"rendered":"Instituciones Educativas en Tacna"},"content":{"rendered":"<div class=\"wpb-content-wrapper\"><p>[vc_row][vc_column]<div style=\"background-color:;height: 40px\" class=\"nicdark_section  \"><\/div>[\/vc_column][\/vc_row][vc_row][vc_column width=\u00bb1\/4&#8243;]<div style=\"background-color:;height: 300px\" class=\"nicdark_section  \"><\/div>[vc_single_image image=\u00bb1024&#8243; img_size=\u00bbfull\u00bb][\/vc_column][vc_column width=\u00bb3\/4&#8243;][vc_btn title=\u00bbVolver al mapa\u00bb align=\u00bbright\u00bb i_icon_fontawesome=\u00bbfas fa-map-marked\u00bb add_icon=\u00bbtrue\u00bb link=\u00bburl:https%3A%2F%2Fwww.feyalegria.org%2Fperu%2Fdonde-estamos%2F|title:El%20Coraz%C3%B3n%20puesto%20en%20Per%C3%BA||\u00bb css=\u00bb.vc_custom_1595280386834{padding-right: 30px !important;}\u00bb]<div id=\"mpc_tabs-8369d5f5444b72a\" class=\"mpc-tabs mpc-init mpc-transition mpc-tabs--left mpc-tabs--decor-line \"  data-active=\"1\"><div class=\"mpc-tabs__nav mpc-align--top\"><ul><li class=\"mpc-tabs__nav-item mpc-parent-hover mpc-active\" data-tab_id=\"AcordionItem46\"><div data-id=\"mpc_button-2169d5f5444b836\" class=\"mpc-button mpc-init mpc-transition \" ><div class=\"mpc-button__content mpc-effect-type--none mpc-effect-side--none\"><span class=\"mpc-button__title mpc-transition\">Fe y Alegr\u00eda N\u00ba 40<\/span><\/div><div class=\"mpc-button__background mpc-transition mpc-effect-type--fade mpc-effect-side--in\"><\/div><\/div><\/li><\/ul><\/div><div class=\"mpc-tabs__content mpc-transition\"><div class=\"mpc-tab mpc-container mpc-transition \" id=\"AcordionItem46\" data-active=\"true\"><div class=\"mpc-tab__content\">[vc_row_inner css=\u00bb.vc_custom_1595280593655{padding-top: 15px !important;padding-right: 30px !important;padding-left: 30px !important;}\u00bb][vc_column_inner width=\u00bb3\/5&#8243; css=\u00bb.vc_custom_1595280569251{padding-left: 15px !important;}\u00bb][vc_custom_heading text=\u00bbEducaci\u00f3n B\u00e1sica Regular\u00bb font_container=\u00bbtag:h2|font_size:20|text_align:left|color:%23cc0000|line_height:1.6&#8243; use_theme_fonts=\u00bbyes\u00bb][vc_column_text]<\/p>\n<p>\n<strong>Director:<\/strong> Prof. Hern\u00e1n Chiri P\u00e9rez<br \/><strong>Promotora:<\/strong> Hna. Zaida Tomasita P\u00e9rez Peralta<br \/><strong>Congregaci\u00f3n:<\/strong> Congregaci\u00f3n de Hermanas de San Jos\u00e9 de Carondolet<br \/><strong>Direcci\u00f3n:<\/strong> Arias Arag\u00fcez 1310 Cercado-Tacna<br \/><strong> E-mail:<\/strong> feyalegriatacna40@gmail.com<br \/><strong>Tel\u00e9fono:<\/strong> 052 24-2301<\/p>\n<p>[\/vc_column_text][\/vc_column_inner][vc_column_inner width=\u00bb2\/5&#8243;][vc_gmaps link=\u00bb#E-8_JTNDaWZyYW1lJTIwc3JjJTNEJTIyaHR0cHMlM0ElMkYlMkZ3d3cuZ29vZ2xlLmNvbSUyRm1hcHMlMkZlbWJlZCUzRnBiJTNEJTIxMW0xNyUyMTFtOCUyMTFtMyUyMTFkMzc5NC40NjgwNzkxMzk5MzU1JTIxMmQtNzAuMjU3Njg2JTIxM2QtMTguMDAzNDY4JTIxM20yJTIxMWkxMDI0JTIxMmk3NjglMjE0ZjEzLjElMjE0bTYlMjEzZTYlMjE0bTAlMjE0bTMlMjEzbTIlMjExZC0xOC4wMDM0NjgyJTIxMmQtNzAuMjU3Njg2NCUyMTVlMCUyMTNtMiUyMTFzZXMtNDE5JTIxMnNwZSUyMTR2MTU5NjIyOTMwMTUxNiUyMTVtMiUyMTFzZXMtNDE5JTIxMnNwZSUyMiUyMHdpZHRoJTNEJTIyNDAwJTIyJTIwaGVpZ2h0JTNEJTIyMzAwJTIyJTIwZnJhbWVib3JkZXIlM0QlMjIwJTIyJTIwc3R5bGUlM0QlMjJib3JkZXIlM0EwJTNCJTIyJTIwYWxsb3dmdWxsc2NyZWVuJTNEJTIyJTIyJTIwYXJpYS1oaWRkZW4lM0QlMjJmYWxzZSUyMiUyMHRhYmluZGV4JTNEJTIyMCUyMiUzRSUzQyUyRmlmcmFtZSUzRQ==\u00bb][\/vc_column_inner][\/vc_row_inner][vc_row_inner css=\u00bb.vc_custom_1595185141259{padding-top: 30px !important;padding-right: 30px !important;padding-bottom: 15px !important;padding-left: 30px !important;}\u00bb][vc_column_inner][vc_single_image image=\u00bb1285&#8243; img_size=\u00bbmedium\u00bb onclick=\u00bblink_image\u00bb][\/vc_column_inner][\/vc_row_inner]<\/div><\/div><\/div><\/div>[\/vc_column][\/vc_row]<\/p>\n<\/div>","protected":false},"excerpt":{"rendered":"<p>[vc_row][vc_column][\/vc_column][\/vc_row][vc_row][vc_column width=\u00bb1\/4&#8243;][vc_single_image image=\u00bb1024&#8243; img_size=\u00bbfull\u00bb][\/vc_column][vc_column width=\u00bb3\/4&#8243;][vc_btn title=\u00bbVolver al mapa\u00bb align=\u00bbright\u00bb i_icon_fontawesome=\u00bbfas fa-map-marked\u00bb add_icon=\u00bbtrue\u00bb link=\u00bburl:https%3A%2F%2Fwww.feyalegria.org%2Fperu%2Fdonde-estamos%2F|title:El%20Coraz%C3%B3n%20puesto%20en%20Per%C3%BA||\u00bb css=\u00bb.vc_custom_1595280386834{padding-right: 30px !important;}\u00bb][\/vc_column][\/vc_row]<\/p>\n","protected":false},"author":19,"featured_media":0,"parent":824,"menu_order":0,"comment_status":"closed","ping_status":"closed","template":"","meta":{"_acf_changed":false,"footnotes":""},"folder":[],"class_list":["post-994","page","type-page","status-publish","hentry"],"acf":[],"yoast_head":"<!-- This site is optimized with the Yoast SEO plugin v27.2 - https:\/\/yoast.com\/product\/yoast-seo-wordpress\/ -->\n<title>Instituciones Educativas en Tacna - #SomosFeyAlegria en Per\u00fa<\/title>\n<meta name=\"robots\" content=\"noindex, follow, max-snippet:-1, max-image-preview:large, max-video-preview:-1\" \/>\n<meta property=\"og:locale\" content=\"es_ES\" \/>\n<meta property=\"og:type\" content=\"article\" \/>\n<meta property=\"og:title\" content=\"Instituciones Educativas en Tacna - #SomosFeyAlegria en Per\u00fa\" \/>\n<meta property=\"og:description\" content=\"[vc_row][vc_column][\/vc_column][\/vc_row][vc_row][vc_column width=\u00bb1\/4&#8243;][vc_single_image image=\u00bb1024&#8243; img_size=\u00bbfull\u00bb][\/vc_column][vc_column width=\u00bb3\/4&#8243;][vc_btn title=\u00bbVolver al mapa\u00bb align=\u00bbright\u00bb i_icon_fontawesome=\u00bbfas fa-map-marked\u00bb add_icon=\u00bbtrue\u00bb link=\u00bburl:https%3A%2F%2Fwww.feyalegria.org%2Fperu%2Fdonde-estamos%2F|title:El%20Coraz%C3%B3n%20puesto%20en%20Per%C3%BA||\u00bb css=\u00bb.vc_custom_1595280386834{padding-right: 30px !important;}\u00bb][\/vc_column][\/vc_row]\" \/>\n<meta property=\"og:url\" content=\"https:\/\/www.feyalegria.org\/peru\/donde-estamos\/instituciones-educativas-en-tacna\/\" \/>\n<meta property=\"og:site_name\" content=\"#SomosFeyAlegria en Per\u00fa\" \/>\n<meta property=\"article:modified_time\" content=\"2020-11-24T05:16:22+00:00\" \/>\n<meta name=\"twitter:card\" content=\"summary_large_image\" \/>\n<meta name=\"twitter:label1\" content=\"Tiempo de lectura\" \/>\n\t<meta name=\"twitter:data1\" content=\"2 minutos\" \/>\n<script type=\"application\/ld+json\" class=\"yoast-schema-graph\">{\"@context\":\"https:\/\/schema.org\",\"@graph\":[{\"@type\":\"WebPage\",\"@id\":\"https:\/\/www.feyalegria.org\/peru\/donde-estamos\/instituciones-educativas-en-tacna\/\",\"url\":\"https:\/\/www.feyalegria.org\/peru\/donde-estamos\/instituciones-educativas-en-tacna\/\",\"name\":\"Instituciones Educativas en Tacna - #SomosFeyAlegria en Per\u00fa\",\"isPartOf\":{\"@id\":\"https:\/\/www.feyalegria.org\/peru\/#website\"},\"datePublished\":\"2020-07-22T23:08:01+00:00\",\"dateModified\":\"2020-11-24T05:16:22+00:00\",\"breadcrumb\":{\"@id\":\"https:\/\/www.feyalegria.org\/peru\/donde-estamos\/instituciones-educativas-en-tacna\/#breadcrumb\"},\"inLanguage\":\"es\",\"potentialAction\":[{\"@type\":\"ReadAction\",\"target\":[\"https:\/\/www.feyalegria.org\/peru\/donde-estamos\/instituciones-educativas-en-tacna\/\"]}]},{\"@type\":\"BreadcrumbList\",\"@id\":\"https:\/\/www.feyalegria.org\/peru\/donde-estamos\/instituciones-educativas-en-tacna\/#breadcrumb\",\"itemListElement\":[{\"@type\":\"ListItem\",\"position\":1,\"name\":\"Home\",\"item\":\"https:\/\/www.feyalegria.org\/peru\/\"},{\"@type\":\"ListItem\",\"position\":2,\"name\":\"El Coraz\u00f3n puesto en el Per\u00fa\",\"item\":\"https:\/\/www.feyalegria.org\/peru\/donde-estamos\/\"},{\"@type\":\"ListItem\",\"position\":3,\"name\":\"Instituciones Educativas en Tacna\"}]},{\"@type\":\"WebSite\",\"@id\":\"https:\/\/www.feyalegria.org\/peru\/#website\",\"url\":\"https:\/\/www.feyalegria.org\/peru\/\",\"name\":\"#SomosFeyAlegria en Per\u00fa\",\"description\":\"Movimiento de Educaci\u00f3n Popular y Promoci\u00f3n Social\",\"potentialAction\":[{\"@type\":\"SearchAction\",\"target\":{\"@type\":\"EntryPoint\",\"urlTemplate\":\"https:\/\/www.feyalegria.org\/peru\/?s={search_term_string}\"},\"query-input\":{\"@type\":\"PropertyValueSpecification\",\"valueRequired\":true,\"valueName\":\"search_term_string\"}}],\"inLanguage\":\"es\"}]}<\/script>\n<!-- \/ Yoast SEO plugin. -->","yoast_head_json":{"title":"Instituciones Educativas en Tacna - #SomosFeyAlegria en Per\u00fa","robots":{"index":"noindex","follow":"follow","max-snippet":"max-snippet:-1","max-image-preview":"max-image-preview:large","max-video-preview":"max-video-preview:-1"},"og_locale":"es_ES","og_type":"article","og_title":"Instituciones Educativas en Tacna - #SomosFeyAlegria en Per\u00fa","og_description":"[vc_row][vc_column][\/vc_column][\/vc_row][vc_row][vc_column width=\u00bb1\/4&#8243;][vc_single_image image=\u00bb1024&#8243; img_size=\u00bbfull\u00bb][\/vc_column][vc_column width=\u00bb3\/4&#8243;][vc_btn title=\u00bbVolver al mapa\u00bb align=\u00bbright\u00bb i_icon_fontawesome=\u00bbfas fa-map-marked\u00bb add_icon=\u00bbtrue\u00bb link=\u00bburl:https%3A%2F%2Fwww.feyalegria.org%2Fperu%2Fdonde-estamos%2F|title:El%20Coraz%C3%B3n%20puesto%20en%20Per%C3%BA||\u00bb css=\u00bb.vc_custom_1595280386834{padding-right: 30px !important;}\u00bb][\/vc_column][\/vc_row]","og_url":"https:\/\/www.feyalegria.org\/peru\/donde-estamos\/instituciones-educativas-en-tacna\/","og_site_name":"#SomosFeyAlegria en Per\u00fa","article_modified_time":"2020-11-24T05:16:22+00:00","twitter_card":"summary_large_image","twitter_misc":{"Tiempo de lectura":"2 minutos"},"schema":{"@context":"https:\/\/schema.org","@graph":[{"@type":"WebPage","@id":"https:\/\/www.feyalegria.org\/peru\/donde-estamos\/instituciones-educativas-en-tacna\/","url":"https:\/\/www.feyalegria.org\/peru\/donde-estamos\/instituciones-educativas-en-tacna\/","name":"Instituciones Educativas en Tacna - #SomosFeyAlegria en Per\u00fa","isPartOf":{"@id":"https:\/\/www.feyalegria.org\/peru\/#website"},"datePublished":"2020-07-22T23:08:01+00:00","dateModified":"2020-11-24T05:16:22+00:00","breadcrumb":{"@id":"https:\/\/www.feyalegria.org\/peru\/donde-estamos\/instituciones-educativas-en-tacna\/#breadcrumb"},"inLanguage":"es","potentialAction":[{"@type":"ReadAction","target":["https:\/\/www.feyalegria.org\/peru\/donde-estamos\/instituciones-educativas-en-tacna\/"]}]},{"@type":"BreadcrumbList","@id":"https:\/\/www.feyalegria.org\/peru\/donde-estamos\/instituciones-educativas-en-tacna\/#breadcrumb","itemListElement":[{"@type":"ListItem","position":1,"name":"Home","item":"https:\/\/www.feyalegria.org\/peru\/"},{"@type":"ListItem","position":2,"name":"El Coraz\u00f3n puesto en el Per\u00fa","item":"https:\/\/www.feyalegria.org\/peru\/donde-estamos\/"},{"@type":"ListItem","position":3,"name":"Instituciones Educativas en Tacna"}]},{"@type":"WebSite","@id":"https:\/\/www.feyalegria.org\/peru\/#website","url":"https:\/\/www.feyalegria.org\/peru\/","name":"#SomosFeyAlegria en Per\u00fa","description":"Movimiento de Educaci\u00f3n Popular y Promoci\u00f3n Social","potentialAction":[{"@type":"SearchAction","target":{"@type":"EntryPoint","urlTemplate":"https:\/\/www.feyalegria.org\/peru\/?s={search_term_string}"},"query-input":{"@type":"PropertyValueSpecification","valueRequired":true,"valueName":"search_term_string"}}],"inLanguage":"es"}]}},"_links":{"self":[{"href":"https:\/\/www.feyalegria.org\/peru\/wp-json\/wp\/v2\/pages\/994","targetHints":{"allow":["GET"]}}],"collection":[{"href":"https:\/\/www.feyalegria.org\/peru\/wp-json\/wp\/v2\/pages"}],"about":[{"href":"https:\/\/www.feyalegria.org\/peru\/wp-json\/wp\/v2\/types\/page"}],"author":[{"embeddable":true,"href":"https:\/\/www.feyalegria.org\/peru\/wp-json\/wp\/v2\/users\/19"}],"replies":[{"embeddable":true,"href":"https:\/\/www.feyalegria.org\/peru\/wp-json\/wp\/v2\/comments?post=994"}],"version-history":[{"count":0,"href":"https:\/\/www.feyalegria.org\/peru\/wp-json\/wp\/v2\/pages\/994\/revisions"}],"up":[{"embeddable":true,"href":"https:\/\/www.feyalegria.org\/peru\/wp-json\/wp\/v2\/pages\/824"}],"wp:attachment":[{"href":"https:\/\/www.feyalegria.org\/peru\/wp-json\/wp\/v2\/media?parent=994"}],"wp:term":[{"taxonomy":"folder","embeddable":true,"href":"https:\/\/www.feyalegria.org\/peru\/wp-json\/wp\/v2\/folder?post=994"}],"curies":[{"name":"wp","href":"https:\/\/api.w.org\/{rel}","templated":true}]}}