 {"id":433,"date":"2017-04-18T14:51:56","date_gmt":"2017-04-18T14:51:56","guid":{"rendered":"http:\/\/www.nicdarkthemes.com\/themes\/charity\/wp\/demo\/charity-foundation\/?page_id=433"},"modified":"2021-12-03T08:30:20","modified_gmt":"2021-12-03T13:30:20","slug":"contacto","status":"publish","type":"page","link":"https:\/\/www.feyalegria.org\/rdcongo\/contacto\/","title":{"rendered":"Contacto"},"content":{"rendered":"<div class=\"wpb-content-wrapper\"><p>[vc_row css=\u00bb.vc_custom_1606416909052{margin-top: 30px !important;}\u00bb][vc_column width=\u00bb1\/2&#8243;][vc_gmaps link=\u00bb#E-8_JTNDaWZyYW1lJTIwc3JjJTNEJTIyaHR0cHMlM0ElMkYlMkZ3d3cuZ29vZ2xlLmNvbSUyRm1hcHMlMkZlbWJlZCUzRnBiJTNEJTIxMW0xOCUyMTFtMTIlMjExbTMlMjExZDM5NzguNTQ3Mzg5Mjg0OTMlMjEyZDE1LjI4MzgzODUxNTMxNTA2MSUyMTNkLTQuMzA3Njc4MjQ3NTk5NzQlMjEybTMlMjExZjAlMjEyZjAlMjEzZjAlMjEzbTIlMjExaTEwMjQlMjEyaTc2OCUyMTRmMTMuMSUyMTNtMyUyMTFtMiUyMTFzMHgxYTZhMzNjM2RhODM2ZTg5JTI1M0EweDhhM2JiMjczNTE3Yzk5NDIlMjEyc0NlbnRyZSUyNTIwQ3VsdHVyZWwlMjUyMEJvYm90byUyMTVlMCUyMTNtMiUyMTFzZXMtNDE5JTIxMnNhciUyMTR2MTYzNzM0MDM4MDMwOSUyMTVtMiUyMTFzZXMtNDE5JTIxMnNhciUyMiUyMHdpZHRoJTNEJTIyNjAwJTIyJTIwaGVpZ2h0JTNEJTIyNDUwJTIyJTIwc3R5bGUlM0QlMjJib3JkZXIlM0EwJTNCJTIyJTIwYWxsb3dmdWxsc2NyZWVuJTNEJTIyJTIyJTIwbG9hZGluZyUzRCUyMmxhenklMjIlM0UlM0MlMkZpZnJhbWUlM0U=\u00bb][\/vc_column][vc_column width=\u00bb1\/2&#8243; css=\u00bb.vc_custom_1595887433252{padding-top: 40px !important;}\u00bb][vc_column_text]<\/p>\n<h3 style=\"text-align: LEFT;\">Fe y Alegr\u00eda en Rep\u00fablica Democr\u00e1tica del Congo<\/h3>\n<p>[\/vc_column_text][vc_column_text]<\/p>\n<p align=\"LEFT\">Communaut\u00e9 du Coll\u00e8ge<\/p>\n<p align=\"LEFT\">Boboto 7, Avenue P\u00e8re Boka. B.P. 7245, Kinshasa I.<\/p>\n<p align=\"LEFT\"><strong>Email:<\/strong> talk.be08@yahoo.fr<\/p>\n<p>[\/vc_column_text][\/vc_column][\/vc_row]<\/p>\n<\/div>","protected":false},"excerpt":{"rendered":"<p>[vc_row css=\u00bb.vc_custom_1606416909052{margin-top: 30px !important;}\u00bb][vc_column width=\u00bb1\/2&#8243;][vc_gmaps link=\u00bb#E-8_JTNDaWZyYW1lJTIwc3JjJTNEJTIyaHR0cHMlM0ElMkYlMkZ3d3cuZ29vZ2xlLmNvbSUyRm1hcHMlMkZlbWJlZCUzRnBiJTNEJTIxMW0xOCUyMTFtMTIlMjExbTMlMjExZDM5NzguNTQ3Mzg5Mjg0OTMlMjEyZDE1LjI4MzgzODUxNTMxNTA2MSUyMTNkLTQuMzA3Njc4MjQ3NTk5NzQlMjEybTMlMjExZjAlMjEyZjAlMjEzZjAlMjEzbTIlMjExaTEwMjQlMjEyaTc2OCUyMTRmMTMuMSUyMTNtMyUyMTFtMiUyMTFzMHgxYTZhMzNjM2RhODM2ZTg5JTI1M0EweDhhM2JiMjczNTE3Yzk5NDIlMjEyc0NlbnRyZSUyNTIwQ3VsdHVyZWwlMjUyMEJvYm90byUyMTVlMCUyMTNtMiUyMTFzZXMtNDE5JTIxMnNhciUyMTR2MTYzNzM0MDM4MDMwOSUyMTVtMiUyMTFzZXMtNDE5JTIxMnNhciUyMiUyMHdpZHRoJTNEJTIyNjAwJTIyJTIwaGVpZ2h0JTNEJTIyNDUwJTIyJTIwc3R5bGUlM0QlMjJib3JkZXIlM0EwJTNCJTIyJTIwYWxsb3dmdWxsc2NyZWVuJTNEJTIyJTIyJTIwbG9hZGluZyUzRCUyMmxhenklMjIlM0UlM0MlMkZpZnJhbWUlM0U=\u00bb][\/vc_column][vc_column width=\u00bb1\/2&#8243; css=\u00bb.vc_custom_1595887433252{padding-top: 40px !important;}\u00bb][vc_column_text] Fe y Alegr\u00eda en Rep\u00fablica Democr\u00e1tica del Congo [\/vc_column_text][vc_column_text] Communaut\u00e9 du Coll\u00e8ge Boboto 7, Avenue P\u00e8re Boka. B.P. 7245, Kinshasa I. Email: talk.be08@yahoo.fr [\/vc_column_text][\/vc_column][\/vc_row]<\/p>\n","protected":false},"author":2,"featured_media":0,"parent":0,"menu_order":0,"comment_status":"closed","ping_status":"closed","template":"","meta":{"_acf_changed":false,"footnotes":""},"folder":[],"class_list":["post-433","page","type-page","status-publish","hentry"],"acf":[],"yoast_head":"<!-- This site is optimized with the Yoast SEO plugin v27.4 - https:\/\/yoast.com\/product\/yoast-seo-wordpress\/ -->\n<title>Contacto - #SomosFeyAlegria en la Rep\u00fablica Democr\u00e1tica del Congo<\/title>\n<meta name=\"robots\" content=\"index, follow, max-snippet:-1, max-image-preview:large, max-video-preview:-1\" \/>\n<link rel=\"canonical\" href=\"https:\/\/www.feyalegria.org\/rdcongo\/contacto\/\" \/>\n<meta property=\"og:locale\" content=\"es_ES\" \/>\n<meta property=\"og:type\" content=\"article\" \/>\n<meta property=\"og:title\" content=\"Contacto - #SomosFeyAlegria en la Rep\u00fablica Democr\u00e1tica del Congo\" \/>\n<meta property=\"og:description\" content=\"[vc_row css=\u00bb.vc_custom_1606416909052{margin-top: 30px !important;}\u00bb][vc_column width=\u00bb1\/2&#8243;][vc_gmaps link=\u00bb#E-8_JTNDaWZyYW1lJTIwc3JjJTNEJTIyaHR0cHMlM0ElMkYlMkZ3d3cuZ29vZ2xlLmNvbSUyRm1hcHMlMkZlbWJlZCUzRnBiJTNEJTIxMW0xOCUyMTFtMTIlMjExbTMlMjExZDM5NzguNTQ3Mzg5Mjg0OTMlMjEyZDE1LjI4MzgzODUxNTMxNTA2MSUyMTNkLTQuMzA3Njc4MjQ3NTk5NzQlMjEybTMlMjExZjAlMjEyZjAlMjEzZjAlMjEzbTIlMjExaTEwMjQlMjEyaTc2OCUyMTRmMTMuMSUyMTNtMyUyMTFtMiUyMTFzMHgxYTZhMzNjM2RhODM2ZTg5JTI1M0EweDhhM2JiMjczNTE3Yzk5NDIlMjEyc0NlbnRyZSUyNTIwQ3VsdHVyZWwlMjUyMEJvYm90byUyMTVlMCUyMTNtMiUyMTFzZXMtNDE5JTIxMnNhciUyMTR2MTYzNzM0MDM4MDMwOSUyMTVtMiUyMTFzZXMtNDE5JTIxMnNhciUyMiUyMHdpZHRoJTNEJTIyNjAwJTIyJTIwaGVpZ2h0JTNEJTIyNDUwJTIyJTIwc3R5bGUlM0QlMjJib3JkZXIlM0EwJTNCJTIyJTIwYWxsb3dmdWxsc2NyZWVuJTNEJTIyJTIyJTIwbG9hZGluZyUzRCUyMmxhenklMjIlM0UlM0MlMkZpZnJhbWUlM0U=\u00bb][\/vc_column][vc_column width=\u00bb1\/2&#8243; css=\u00bb.vc_custom_1595887433252{padding-top: 40px !important;}\u00bb][vc_column_text] Fe y Alegr\u00eda en Rep\u00fablica Democr\u00e1tica del Congo [\/vc_column_text][vc_column_text] Communaut\u00e9 du Coll\u00e8ge Boboto 7, Avenue P\u00e8re Boka. B.P. 7245, Kinshasa I. Email: talk.be08@yahoo.fr [\/vc_column_text][\/vc_column][\/vc_row]\" \/>\n<meta property=\"og:url\" content=\"https:\/\/www.feyalegria.org\/rdcongo\/contacto\/\" \/>\n<meta property=\"og:site_name\" content=\"#SomosFeyAlegria en la Rep\u00fablica Democr\u00e1tica del Congo\" \/>\n<meta property=\"article:modified_time\" content=\"2021-12-03T13:30:20+00:00\" \/>\n<meta name=\"twitter:card\" content=\"summary_large_image\" \/>\n<meta name=\"twitter:label1\" content=\"Tiempo de lectura\" \/>\n\t<meta name=\"twitter:data1\" content=\"1 minuto\" \/>\n<script type=\"application\/ld+json\" class=\"yoast-schema-graph\">{\"@context\":\"https:\\\/\\\/schema.org\",\"@graph\":[{\"@type\":\"WebPage\",\"@id\":\"https:\\\/\\\/www.feyalegria.org\\\/rdcongo\\\/contacto\\\/\",\"url\":\"https:\\\/\\\/www.feyalegria.org\\\/rdcongo\\\/contacto\\\/\",\"name\":\"Contacto - #SomosFeyAlegria en la Rep\u00fablica Democr\u00e1tica del Congo\",\"isPartOf\":{\"@id\":\"https:\\\/\\\/www.feyalegria.org\\\/rdcongo\\\/#website\"},\"datePublished\":\"2017-04-18T14:51:56+00:00\",\"dateModified\":\"2021-12-03T13:30:20+00:00\",\"breadcrumb\":{\"@id\":\"https:\\\/\\\/www.feyalegria.org\\\/rdcongo\\\/contacto\\\/#breadcrumb\"},\"inLanguage\":\"es\",\"potentialAction\":[{\"@type\":\"ReadAction\",\"target\":[\"https:\\\/\\\/www.feyalegria.org\\\/rdcongo\\\/contacto\\\/\"]}]},{\"@type\":\"BreadcrumbList\",\"@id\":\"https:\\\/\\\/www.feyalegria.org\\\/rdcongo\\\/contacto\\\/#breadcrumb\",\"itemListElement\":[{\"@type\":\"ListItem\",\"position\":1,\"name\":\"Home\",\"item\":\"https:\\\/\\\/www.feyalegria.org\\\/rdcongo\\\/\"},{\"@type\":\"ListItem\",\"position\":2,\"name\":\"Contacto\"}]},{\"@type\":\"WebSite\",\"@id\":\"https:\\\/\\\/www.feyalegria.org\\\/rdcongo\\\/#website\",\"url\":\"https:\\\/\\\/www.feyalegria.org\\\/rdcongo\\\/\",\"name\":\"#SomosFeyAlegria en la Rep\u00fablica Democr\u00e1tica del Congo\",\"description\":\"Movimiento de Educaci\u00f3n Popular y Promoci\u00f3n Social\",\"potentialAction\":[{\"@type\":\"SearchAction\",\"target\":{\"@type\":\"EntryPoint\",\"urlTemplate\":\"https:\\\/\\\/www.feyalegria.org\\\/rdcongo\\\/?s={search_term_string}\"},\"query-input\":{\"@type\":\"PropertyValueSpecification\",\"valueRequired\":true,\"valueName\":\"search_term_string\"}}],\"inLanguage\":\"es\"}]}<\/script>\n<!-- \/ Yoast SEO plugin. -->","yoast_head_json":{"title":"Contacto - #SomosFeyAlegria en la Rep\u00fablica Democr\u00e1tica del Congo","robots":{"index":"index","follow":"follow","max-snippet":"max-snippet:-1","max-image-preview":"max-image-preview:large","max-video-preview":"max-video-preview:-1"},"canonical":"https:\/\/www.feyalegria.org\/rdcongo\/contacto\/","og_locale":"es_ES","og_type":"article","og_title":"Contacto - #SomosFeyAlegria en la Rep\u00fablica Democr\u00e1tica del Congo","og_description":"[vc_row css=\u00bb.vc_custom_1606416909052{margin-top: 30px !important;}\u00bb][vc_column width=\u00bb1\/2&#8243;][vc_gmaps link=\u00bb#E-8_JTNDaWZyYW1lJTIwc3JjJTNEJTIyaHR0cHMlM0ElMkYlMkZ3d3cuZ29vZ2xlLmNvbSUyRm1hcHMlMkZlbWJlZCUzRnBiJTNEJTIxMW0xOCUyMTFtMTIlMjExbTMlMjExZDM5NzguNTQ3Mzg5Mjg0OTMlMjEyZDE1LjI4MzgzODUxNTMxNTA2MSUyMTNkLTQuMzA3Njc4MjQ3NTk5NzQlMjEybTMlMjExZjAlMjEyZjAlMjEzZjAlMjEzbTIlMjExaTEwMjQlMjEyaTc2OCUyMTRmMTMuMSUyMTNtMyUyMTFtMiUyMTFzMHgxYTZhMzNjM2RhODM2ZTg5JTI1M0EweDhhM2JiMjczNTE3Yzk5NDIlMjEyc0NlbnRyZSUyNTIwQ3VsdHVyZWwlMjUyMEJvYm90byUyMTVlMCUyMTNtMiUyMTFzZXMtNDE5JTIxMnNhciUyMTR2MTYzNzM0MDM4MDMwOSUyMTVtMiUyMTFzZXMtNDE5JTIxMnNhciUyMiUyMHdpZHRoJTNEJTIyNjAwJTIyJTIwaGVpZ2h0JTNEJTIyNDUwJTIyJTIwc3R5bGUlM0QlMjJib3JkZXIlM0EwJTNCJTIyJTIwYWxsb3dmdWxsc2NyZWVuJTNEJTIyJTIyJTIwbG9hZGluZyUzRCUyMmxhenklMjIlM0UlM0MlMkZpZnJhbWUlM0U=\u00bb][\/vc_column][vc_column width=\u00bb1\/2&#8243; css=\u00bb.vc_custom_1595887433252{padding-top: 40px !important;}\u00bb][vc_column_text] Fe y Alegr\u00eda en Rep\u00fablica Democr\u00e1tica del Congo [\/vc_column_text][vc_column_text] Communaut\u00e9 du Coll\u00e8ge Boboto 7, Avenue P\u00e8re Boka. B.P. 7245, Kinshasa I. Email: talk.be08@yahoo.fr [\/vc_column_text][\/vc_column][\/vc_row]","og_url":"https:\/\/www.feyalegria.org\/rdcongo\/contacto\/","og_site_name":"#SomosFeyAlegria en la Rep\u00fablica Democr\u00e1tica del Congo","article_modified_time":"2021-12-03T13:30:20+00:00","twitter_card":"summary_large_image","twitter_misc":{"Tiempo de lectura":"1 minuto"},"schema":{"@context":"https:\/\/schema.org","@graph":[{"@type":"WebPage","@id":"https:\/\/www.feyalegria.org\/rdcongo\/contacto\/","url":"https:\/\/www.feyalegria.org\/rdcongo\/contacto\/","name":"Contacto - #SomosFeyAlegria en la Rep\u00fablica Democr\u00e1tica del Congo","isPartOf":{"@id":"https:\/\/www.feyalegria.org\/rdcongo\/#website"},"datePublished":"2017-04-18T14:51:56+00:00","dateModified":"2021-12-03T13:30:20+00:00","breadcrumb":{"@id":"https:\/\/www.feyalegria.org\/rdcongo\/contacto\/#breadcrumb"},"inLanguage":"es","potentialAction":[{"@type":"ReadAction","target":["https:\/\/www.feyalegria.org\/rdcongo\/contacto\/"]}]},{"@type":"BreadcrumbList","@id":"https:\/\/www.feyalegria.org\/rdcongo\/contacto\/#breadcrumb","itemListElement":[{"@type":"ListItem","position":1,"name":"Home","item":"https:\/\/www.feyalegria.org\/rdcongo\/"},{"@type":"ListItem","position":2,"name":"Contacto"}]},{"@type":"WebSite","@id":"https:\/\/www.feyalegria.org\/rdcongo\/#website","url":"https:\/\/www.feyalegria.org\/rdcongo\/","name":"#SomosFeyAlegria en la Rep\u00fablica Democr\u00e1tica del Congo","description":"Movimiento de Educaci\u00f3n Popular y Promoci\u00f3n Social","potentialAction":[{"@type":"SearchAction","target":{"@type":"EntryPoint","urlTemplate":"https:\/\/www.feyalegria.org\/rdcongo\/?s={search_term_string}"},"query-input":{"@type":"PropertyValueSpecification","valueRequired":true,"valueName":"search_term_string"}}],"inLanguage":"es"}]}},"_links":{"self":[{"href":"https:\/\/www.feyalegria.org\/rdcongo\/wp-json\/wp\/v2\/pages\/433","targetHints":{"allow":["GET"]}}],"collection":[{"href":"https:\/\/www.feyalegria.org\/rdcongo\/wp-json\/wp\/v2\/pages"}],"about":[{"href":"https:\/\/www.feyalegria.org\/rdcongo\/wp-json\/wp\/v2\/types\/page"}],"author":[{"embeddable":true,"href":"https:\/\/www.feyalegria.org\/rdcongo\/wp-json\/wp\/v2\/users\/2"}],"replies":[{"embeddable":true,"href":"https:\/\/www.feyalegria.org\/rdcongo\/wp-json\/wp\/v2\/comments?post=433"}],"version-history":[{"count":0,"href":"https:\/\/www.feyalegria.org\/rdcongo\/wp-json\/wp\/v2\/pages\/433\/revisions"}],"wp:attachment":[{"href":"https:\/\/www.feyalegria.org\/rdcongo\/wp-json\/wp\/v2\/media?parent=433"}],"wp:term":[{"taxonomy":"folder","embeddable":true,"href":"https:\/\/www.feyalegria.org\/rdcongo\/wp-json\/wp\/v2\/folder?post=433"}],"curies":[{"name":"wp","href":"https:\/\/api.w.org\/{rel}","templated":true}]}}