 {"id":4560,"date":"2020-06-04T10:43:14","date_gmt":"2020-06-04T15:43:14","guid":{"rendered":"https:\/\/www.feyalegria.org\/chad\/inicio-fya-en-italia-francais\/"},"modified":"2020-06-04T22:03:44","modified_gmt":"2020-06-05T03:03:44","slug":"storia-fe-y-alegria-in-italia","status":"publish","type":"page","link":"https:\/\/www.feyalegria.org\/rdcongo\/it\/storia-fe-y-alegria-in-italia\/","title":{"rendered":"STORIA FE Y ALEGR\u00cdA IN ITALIA"},"content":{"rendered":"<div class=\"wpb-content-wrapper\"><p>[vc_row][vc_column][vc_column_text]<\/p>\n<p style=\"text-align:rigth\"><strong class=\"tt_map\">STORIA FE Y ALEGR\u00cdA IN ITALIA<\/strong><\/p>\n<p>[\/vc_column_text][vc_column_text]<\/p>\n<p><strong> Date importanti nella storia di Fe y Alegria in Italia, tocca le immagini<\/strong><\/p>\n<p>[\/vc_column_text][\/vc_column][\/vc_row][vc_row][vc_column width=\u00bb1\/3&#8243;][vc_hoverbox image=\u00bb4606&#8243; primary_title=\u00bb\u00bb hover_title=\u00bb1955&#8243;]<\/p>\n<p style=\"text-align:center\"> Creazione della prima rete di scuole del gesuita Jos\u00e9 Mar\u00eda Velaz a Caracas (Venezuela). <\/p>\n<p>[\/vc_hoverbox][\/vc_column][vc_column width=\u00bb1\/3&#8243;][vc_hoverbox image=\u00bb4607&#8243; primary_title=\u00bb\u00bb hover_title=\u00bb1964&#8243;]<\/p>\n<p style=\"text-align:center\"> Il movimento Fe y Alegr\u00eda nasce in Ecuador per l&#8217;educazione presenziale per bambini e giovani. <\/p>\n<p>[\/vc_hoverbox][\/vc_column][vc_column width=\u00bb1\/3&#8243;][vc_hoverbox image=\u00bb4608&#8243; primary_title=\u00bb\u00bb hover_title=\u00bb1974&#8243;]<\/p>\n<p style=\"text-align:center\"> Creazione del Istituto Radiofonico \u00abFe y Alegr\u00eda IRFEYAL\u00bb per la formazione a distanza degli adulti.<br \/>\n[\/vc_hoverbox][\/vc_column][\/vc_row][vc_row][vc_column]<div style=\"background-color:;height: 100px\" class=\"nicdark_section  \"><\/div>[\/vc_column][\/vc_row][vc_row][vc_column width=\u00bb1\/3&#8243;][vc_hoverbox image=\u00bb4610&#8243; primary_title=\u00bb\u00bb hover_title=\u00bb2001&#8243;]<\/p>\n<p style=\"text-align:center\">Inaugurazione della prima scuola a Roma di Fe y Alegr\u00eda.<\/p>\n<p>[\/vc_hoverbox][\/vc_column][vc_column width=\u00bb1\/3&#8243;][vc_hoverbox image=\u00bb4611&#8243; primary_title=\u00bb\u00bb hover_title=\u00bb2002&#8243;]<\/p>\n<p style=\"text-align:center\">Apertura della scuola a Milano \u00e8 Genova.<\/p>\n<p>[\/vc_hoverbox][\/vc_column][vc_column width=\u00bb1\/3&#8243;][vc_hoverbox image=\u00bb4613&#8243; primary_title=\u00bb\u00bb hover_title=\u00bb2014&#8243;]<\/p>\n<p style=\"text-align:center\">Costituzione delle scuole in cooperative sociali e creazione della Rete Fe y Alegr\u00eda Italia, costituita dalle cooperative sociali.<\/p>\n<p>[\/vc_hoverbox][\/vc_column][\/vc_row]<\/p>\n<\/div>","protected":false},"excerpt":{"rendered":"<p>[vc_row][vc_column][vc_column_text] STORIA FE Y ALEGR\u00cdA IN ITALIA [\/vc_column_text][vc_column_text] Date importanti nella storia di Fe y Alegria in Italia, tocca le immagini [\/vc_column_text][\/vc_column][\/vc_row][vc_row][vc_column width=\u00bb1\/3&#8243;][vc_hoverbox image=\u00bb4606&#8243; primary_title=\u00bb\u00bb hover_title=\u00bb1955&#8243;] Creazione della prima rete di scuole del gesuita Jos\u00e9 Mar\u00eda Velaz a Caracas (Venezuela). [\/vc_hoverbox][\/vc_column][vc_column width=\u00bb1\/3&#8243;][vc_hoverbox image=\u00bb4607&#8243; primary_title=\u00bb\u00bb hover_title=\u00bb1964&#8243;] Il movimento Fe y Alegr\u00eda nasce in Ecuador per l&#8217;educazione<\/p>\n","protected":false},"author":2,"featured_media":0,"parent":0,"menu_order":0,"comment_status":"closed","ping_status":"closed","template":"","meta":{"_acf_changed":false,"footnotes":""},"folder":[],"class_list":["post-4560","page","type-page","status-publish","hentry"],"acf":[],"yoast_head":"<!-- This site is optimized with the Yoast SEO plugin v27.2 - https:\/\/yoast.com\/product\/yoast-seo-wordpress\/ -->\n<title>STORIA FE Y ALEGR\u00cdA IN ITALIA - #SomosFeyAlegria en la Rep\u00fablica Democr\u00e1tica del Congo<\/title>\n<meta name=\"robots\" content=\"index, follow, max-snippet:-1, max-image-preview:large, max-video-preview:-1\" \/>\n<link rel=\"canonical\" href=\"https:\/\/www.feyalegria.org\/rdcongo\/it\/storia-fe-y-alegria-in-italia\/\" \/>\n<meta property=\"og:locale\" content=\"es_ES\" \/>\n<meta property=\"og:type\" content=\"article\" \/>\n<meta property=\"og:title\" content=\"STORIA FE Y ALEGR\u00cdA IN ITALIA - #SomosFeyAlegria en la Rep\u00fablica Democr\u00e1tica del Congo\" \/>\n<meta property=\"og:description\" content=\"[vc_row][vc_column][vc_column_text] STORIA FE Y ALEGR\u00cdA IN ITALIA [\/vc_column_text][vc_column_text] Date importanti nella storia di Fe y Alegria in Italia, tocca le immagini [\/vc_column_text][\/vc_column][\/vc_row][vc_row][vc_column width=\u00bb1\/3&#8243;][vc_hoverbox image=\u00bb4606&#8243; primary_title=\u00bb\u00bb hover_title=\u00bb1955&#8243;] Creazione della prima rete di scuole del gesuita Jos\u00e9 Mar\u00eda Velaz a Caracas (Venezuela). [\/vc_hoverbox][\/vc_column][vc_column width=\u00bb1\/3&#8243;][vc_hoverbox image=\u00bb4607&#8243; primary_title=\u00bb\u00bb hover_title=\u00bb1964&#8243;] Il movimento Fe y Alegr\u00eda nasce in Ecuador per l&#8217;educazione\" \/>\n<meta property=\"og:url\" content=\"https:\/\/www.feyalegria.org\/rdcongo\/it\/storia-fe-y-alegria-in-italia\/\" \/>\n<meta property=\"og:site_name\" content=\"#SomosFeyAlegria en la Rep\u00fablica Democr\u00e1tica del Congo\" \/>\n<meta property=\"article:modified_time\" content=\"2020-06-05T03:03:44+00:00\" \/>\n<meta name=\"twitter:card\" content=\"summary_large_image\" \/>\n<meta name=\"twitter:label1\" content=\"Tiempo de lectura\" \/>\n\t<meta name=\"twitter:data1\" content=\"1 minuto\" \/>\n<script type=\"application\/ld+json\" class=\"yoast-schema-graph\">{\"@context\":\"https:\/\/schema.org\",\"@graph\":[{\"@type\":\"WebPage\",\"@id\":\"https:\/\/www.feyalegria.org\/rdcongo\/it\/storia-fe-y-alegria-in-italia\/\",\"url\":\"https:\/\/www.feyalegria.org\/rdcongo\/it\/storia-fe-y-alegria-in-italia\/\",\"name\":\"STORIA FE Y ALEGR\u00cdA IN ITALIA - #SomosFeyAlegria en la Rep\u00fablica Democr\u00e1tica del Congo\",\"isPartOf\":{\"@id\":\"https:\/\/www.feyalegria.org\/rdcongo\/#website\"},\"datePublished\":\"2020-06-04T15:43:14+00:00\",\"dateModified\":\"2020-06-05T03:03:44+00:00\",\"breadcrumb\":{\"@id\":\"https:\/\/www.feyalegria.org\/rdcongo\/it\/storia-fe-y-alegria-in-italia\/#breadcrumb\"},\"inLanguage\":\"es\",\"potentialAction\":[{\"@type\":\"ReadAction\",\"target\":[\"https:\/\/www.feyalegria.org\/rdcongo\/it\/storia-fe-y-alegria-in-italia\/\"]}]},{\"@type\":\"BreadcrumbList\",\"@id\":\"https:\/\/www.feyalegria.org\/rdcongo\/it\/storia-fe-y-alegria-in-italia\/#breadcrumb\",\"itemListElement\":[{\"@type\":\"ListItem\",\"position\":1,\"name\":\"Home\",\"item\":\"https:\/\/www.feyalegria.org\/rdcongo\/\"},{\"@type\":\"ListItem\",\"position\":2,\"name\":\"STORIA FE Y ALEGR\u00cdA IN ITALIA\"}]},{\"@type\":\"WebSite\",\"@id\":\"https:\/\/www.feyalegria.org\/rdcongo\/#website\",\"url\":\"https:\/\/www.feyalegria.org\/rdcongo\/\",\"name\":\"#SomosFeyAlegria en la Rep\u00fablica Democr\u00e1tica del Congo\",\"description\":\"Movimiento de Educaci\u00f3n Popular y Promoci\u00f3n Social\",\"potentialAction\":[{\"@type\":\"SearchAction\",\"target\":{\"@type\":\"EntryPoint\",\"urlTemplate\":\"https:\/\/www.feyalegria.org\/rdcongo\/?s={search_term_string}\"},\"query-input\":{\"@type\":\"PropertyValueSpecification\",\"valueRequired\":true,\"valueName\":\"search_term_string\"}}],\"inLanguage\":\"es\"}]}<\/script>\n<!-- \/ Yoast SEO plugin. -->","yoast_head_json":{"title":"STORIA FE Y ALEGR\u00cdA IN ITALIA - #SomosFeyAlegria en la Rep\u00fablica Democr\u00e1tica del Congo","robots":{"index":"index","follow":"follow","max-snippet":"max-snippet:-1","max-image-preview":"max-image-preview:large","max-video-preview":"max-video-preview:-1"},"canonical":"https:\/\/www.feyalegria.org\/rdcongo\/it\/storia-fe-y-alegria-in-italia\/","og_locale":"es_ES","og_type":"article","og_title":"STORIA FE Y ALEGR\u00cdA IN ITALIA - #SomosFeyAlegria en la Rep\u00fablica Democr\u00e1tica del Congo","og_description":"[vc_row][vc_column][vc_column_text] STORIA FE Y ALEGR\u00cdA IN ITALIA [\/vc_column_text][vc_column_text] Date importanti nella storia di Fe y Alegria in Italia, tocca le immagini [\/vc_column_text][\/vc_column][\/vc_row][vc_row][vc_column width=\u00bb1\/3&#8243;][vc_hoverbox image=\u00bb4606&#8243; primary_title=\u00bb\u00bb hover_title=\u00bb1955&#8243;] Creazione della prima rete di scuole del gesuita Jos\u00e9 Mar\u00eda Velaz a Caracas (Venezuela). [\/vc_hoverbox][\/vc_column][vc_column width=\u00bb1\/3&#8243;][vc_hoverbox image=\u00bb4607&#8243; primary_title=\u00bb\u00bb hover_title=\u00bb1964&#8243;] Il movimento Fe y Alegr\u00eda nasce in Ecuador per l&#8217;educazione","og_url":"https:\/\/www.feyalegria.org\/rdcongo\/it\/storia-fe-y-alegria-in-italia\/","og_site_name":"#SomosFeyAlegria en la Rep\u00fablica Democr\u00e1tica del Congo","article_modified_time":"2020-06-05T03:03:44+00:00","twitter_card":"summary_large_image","twitter_misc":{"Tiempo de lectura":"1 minuto"},"schema":{"@context":"https:\/\/schema.org","@graph":[{"@type":"WebPage","@id":"https:\/\/www.feyalegria.org\/rdcongo\/it\/storia-fe-y-alegria-in-italia\/","url":"https:\/\/www.feyalegria.org\/rdcongo\/it\/storia-fe-y-alegria-in-italia\/","name":"STORIA FE Y ALEGR\u00cdA IN ITALIA - #SomosFeyAlegria en la Rep\u00fablica Democr\u00e1tica del Congo","isPartOf":{"@id":"https:\/\/www.feyalegria.org\/rdcongo\/#website"},"datePublished":"2020-06-04T15:43:14+00:00","dateModified":"2020-06-05T03:03:44+00:00","breadcrumb":{"@id":"https:\/\/www.feyalegria.org\/rdcongo\/it\/storia-fe-y-alegria-in-italia\/#breadcrumb"},"inLanguage":"es","potentialAction":[{"@type":"ReadAction","target":["https:\/\/www.feyalegria.org\/rdcongo\/it\/storia-fe-y-alegria-in-italia\/"]}]},{"@type":"BreadcrumbList","@id":"https:\/\/www.feyalegria.org\/rdcongo\/it\/storia-fe-y-alegria-in-italia\/#breadcrumb","itemListElement":[{"@type":"ListItem","position":1,"name":"Home","item":"https:\/\/www.feyalegria.org\/rdcongo\/"},{"@type":"ListItem","position":2,"name":"STORIA FE Y ALEGR\u00cdA IN ITALIA"}]},{"@type":"WebSite","@id":"https:\/\/www.feyalegria.org\/rdcongo\/#website","url":"https:\/\/www.feyalegria.org\/rdcongo\/","name":"#SomosFeyAlegria en la Rep\u00fablica Democr\u00e1tica del Congo","description":"Movimiento de Educaci\u00f3n Popular y Promoci\u00f3n Social","potentialAction":[{"@type":"SearchAction","target":{"@type":"EntryPoint","urlTemplate":"https:\/\/www.feyalegria.org\/rdcongo\/?s={search_term_string}"},"query-input":{"@type":"PropertyValueSpecification","valueRequired":true,"valueName":"search_term_string"}}],"inLanguage":"es"}]}},"_links":{"self":[{"href":"https:\/\/www.feyalegria.org\/rdcongo\/wp-json\/wp\/v2\/pages\/4560","targetHints":{"allow":["GET"]}}],"collection":[{"href":"https:\/\/www.feyalegria.org\/rdcongo\/wp-json\/wp\/v2\/pages"}],"about":[{"href":"https:\/\/www.feyalegria.org\/rdcongo\/wp-json\/wp\/v2\/types\/page"}],"author":[{"embeddable":true,"href":"https:\/\/www.feyalegria.org\/rdcongo\/wp-json\/wp\/v2\/users\/2"}],"replies":[{"embeddable":true,"href":"https:\/\/www.feyalegria.org\/rdcongo\/wp-json\/wp\/v2\/comments?post=4560"}],"version-history":[{"count":0,"href":"https:\/\/www.feyalegria.org\/rdcongo\/wp-json\/wp\/v2\/pages\/4560\/revisions"}],"wp:attachment":[{"href":"https:\/\/www.feyalegria.org\/rdcongo\/wp-json\/wp\/v2\/media?parent=4560"}],"wp:term":[{"taxonomy":"folder","embeddable":true,"href":"https:\/\/www.feyalegria.org\/rdcongo\/wp-json\/wp\/v2\/folder?post=4560"}],"curies":[{"name":"wp","href":"https:\/\/api.w.org\/{rel}","templated":true}]}}