 {"id":4760,"date":"2020-08-17T17:56:02","date_gmt":"2020-08-17T22:56:02","guid":{"rendered":"https:\/\/www.feyalegria.org\/chad\/?page_id=4760"},"modified":"2021-11-19T11:07:43","modified_gmt":"2021-11-19T16:07:43","slug":"donde-estamos","status":"publish","type":"page","link":"https:\/\/www.feyalegria.org\/rdcongo\/donde-estamos\/","title":{"rendered":"D\u00f3nde estamos"},"content":{"rendered":"<div class=\"wpb-content-wrapper\"><p>[vc_row][vc_column]<div style=\"background-color:;height: 30px\" class=\"nicdark_section  \"><\/div>[\/vc_column][\/vc_row][vc_row][vc_column][vc_raw_html]JTNDaWZyYW1lJTIwc3JjJTNEJTIyaHR0cHMlM0ElMkYlMkZ1cGxvYWRzLmtuaWdodGxhYi5jb20lMkZzdG9yeW1hcGpzJTJGZDBkMTU4MjQ1YTVjYWE4MjZhNjI0MTJhNDgyMzI1YzklMkZmaWZ5YS1jb25ncmVzb3MlMkZpbmRleC5odG1sJTIyJTIwZnJhbWVib3JkZXIlM0QlMjIwJTIyJTIwd2lkdGglM0QlMjIxMDAlMjUlMjIlMjBoZWlnaHQlM0QlMjI4MDAlMjIlM0UlM0MlMkZpZnJhbWUlM0U=[\/vc_raw_html][vc_column_text]<br \/>\n[\/vc_column_text][\/vc_column][\/vc_row][vc_row][vc_column][vc_column_text][\/vc_column_text][\/vc_column][\/vc_row]<\/p>\n<\/div>","protected":false},"excerpt":{"rendered":"<p>[vc_row][vc_column][\/vc_column][\/vc_row][vc_row][vc_column][vc_raw_html]JTNDaWZyYW1lJTIwc3JjJTNEJTIyaHR0cHMlM0ElMkYlMkZ1cGxvYWRzLmtuaWdodGxhYi5jb20lMkZzdG9yeW1hcGpzJTJGZDBkMTU4MjQ1YTVjYWE4MjZhNjI0MTJhNDgyMzI1YzklMkZmaWZ5YS1jb25ncmVzb3MlMkZpbmRleC5odG1sJTIyJTIwZnJhbWVib3JkZXIlM0QlMjIwJTIyJTIwd2lkdGglM0QlMjIxMDAlMjUlMjIlMjBoZWlnaHQlM0QlMjI4MDAlMjIlM0UlM0MlMkZpZnJhbWUlM0U=[\/vc_raw_html][vc_column_text] [\/vc_column_text][\/vc_column][\/vc_row][vc_row][vc_column][vc_column_text][\/vc_column_text][\/vc_column][\/vc_row]<\/p>\n","protected":false},"author":10,"featured_media":0,"parent":0,"menu_order":0,"comment_status":"closed","ping_status":"closed","template":"","meta":{"_acf_changed":false,"footnotes":""},"folder":[],"class_list":["post-4760","page","type-page","status-publish","hentry"],"acf":[],"yoast_head":"<!-- This site is optimized with the Yoast SEO plugin v27.2 - https:\/\/yoast.com\/product\/yoast-seo-wordpress\/ -->\n<title>D\u00f3nde estamos - #SomosFeyAlegria en la Rep\u00fablica Democr\u00e1tica del Congo<\/title>\n<meta name=\"robots\" content=\"index, follow, max-snippet:-1, max-image-preview:large, max-video-preview:-1\" \/>\n<link rel=\"canonical\" href=\"https:\/\/www.feyalegria.org\/rdcongo\/donde-estamos\/\" \/>\n<meta property=\"og:locale\" content=\"es_ES\" \/>\n<meta property=\"og:type\" content=\"article\" \/>\n<meta property=\"og:title\" content=\"D\u00f3nde estamos - #SomosFeyAlegria en la Rep\u00fablica Democr\u00e1tica del Congo\" \/>\n<meta property=\"og:description\" content=\"[vc_row][vc_column][\/vc_column][\/vc_row][vc_row][vc_column][vc_raw_html]JTNDaWZyYW1lJTIwc3JjJTNEJTIyaHR0cHMlM0ElMkYlMkZ1cGxvYWRzLmtuaWdodGxhYi5jb20lMkZzdG9yeW1hcGpzJTJGZDBkMTU4MjQ1YTVjYWE4MjZhNjI0MTJhNDgyMzI1YzklMkZmaWZ5YS1jb25ncmVzb3MlMkZpbmRleC5odG1sJTIyJTIwZnJhbWVib3JkZXIlM0QlMjIwJTIyJTIwd2lkdGglM0QlMjIxMDAlMjUlMjIlMjBoZWlnaHQlM0QlMjI4MDAlMjIlM0UlM0MlMkZpZnJhbWUlM0U=[\/vc_raw_html][vc_column_text] [\/vc_column_text][\/vc_column][\/vc_row][vc_row][vc_column][vc_column_text][\/vc_column_text][\/vc_column][\/vc_row]\" \/>\n<meta property=\"og:url\" content=\"https:\/\/www.feyalegria.org\/rdcongo\/donde-estamos\/\" \/>\n<meta property=\"og:site_name\" content=\"#SomosFeyAlegria en la Rep\u00fablica Democr\u00e1tica del Congo\" \/>\n<meta property=\"article:modified_time\" content=\"2021-11-19T16:07:43+00:00\" \/>\n<meta name=\"twitter:card\" content=\"summary_large_image\" \/>\n<script type=\"application\/ld+json\" class=\"yoast-schema-graph\">{\"@context\":\"https:\/\/schema.org\",\"@graph\":[{\"@type\":\"WebPage\",\"@id\":\"https:\/\/www.feyalegria.org\/rdcongo\/donde-estamos\/\",\"url\":\"https:\/\/www.feyalegria.org\/rdcongo\/donde-estamos\/\",\"name\":\"D\u00f3nde estamos - #SomosFeyAlegria en la Rep\u00fablica Democr\u00e1tica del Congo\",\"isPartOf\":{\"@id\":\"https:\/\/www.feyalegria.org\/rdcongo\/#website\"},\"datePublished\":\"2020-08-17T22:56:02+00:00\",\"dateModified\":\"2021-11-19T16:07:43+00:00\",\"breadcrumb\":{\"@id\":\"https:\/\/www.feyalegria.org\/rdcongo\/donde-estamos\/#breadcrumb\"},\"inLanguage\":\"es\",\"potentialAction\":[{\"@type\":\"ReadAction\",\"target\":[\"https:\/\/www.feyalegria.org\/rdcongo\/donde-estamos\/\"]}]},{\"@type\":\"BreadcrumbList\",\"@id\":\"https:\/\/www.feyalegria.org\/rdcongo\/donde-estamos\/#breadcrumb\",\"itemListElement\":[{\"@type\":\"ListItem\",\"position\":1,\"name\":\"Home\",\"item\":\"https:\/\/www.feyalegria.org\/rdcongo\/\"},{\"@type\":\"ListItem\",\"position\":2,\"name\":\"D\u00f3nde estamos\"}]},{\"@type\":\"WebSite\",\"@id\":\"https:\/\/www.feyalegria.org\/rdcongo\/#website\",\"url\":\"https:\/\/www.feyalegria.org\/rdcongo\/\",\"name\":\"#SomosFeyAlegria en la Rep\u00fablica Democr\u00e1tica del Congo\",\"description\":\"Movimiento de Educaci\u00f3n Popular y Promoci\u00f3n Social\",\"potentialAction\":[{\"@type\":\"SearchAction\",\"target\":{\"@type\":\"EntryPoint\",\"urlTemplate\":\"https:\/\/www.feyalegria.org\/rdcongo\/?s={search_term_string}\"},\"query-input\":{\"@type\":\"PropertyValueSpecification\",\"valueRequired\":true,\"valueName\":\"search_term_string\"}}],\"inLanguage\":\"es\"}]}<\/script>\n<!-- \/ Yoast SEO plugin. -->","yoast_head_json":{"title":"D\u00f3nde estamos - #SomosFeyAlegria en la Rep\u00fablica Democr\u00e1tica del Congo","robots":{"index":"index","follow":"follow","max-snippet":"max-snippet:-1","max-image-preview":"max-image-preview:large","max-video-preview":"max-video-preview:-1"},"canonical":"https:\/\/www.feyalegria.org\/rdcongo\/donde-estamos\/","og_locale":"es_ES","og_type":"article","og_title":"D\u00f3nde estamos - #SomosFeyAlegria en la Rep\u00fablica Democr\u00e1tica del Congo","og_description":"[vc_row][vc_column][\/vc_column][\/vc_row][vc_row][vc_column][vc_raw_html]JTNDaWZyYW1lJTIwc3JjJTNEJTIyaHR0cHMlM0ElMkYlMkZ1cGxvYWRzLmtuaWdodGxhYi5jb20lMkZzdG9yeW1hcGpzJTJGZDBkMTU4MjQ1YTVjYWE4MjZhNjI0MTJhNDgyMzI1YzklMkZmaWZ5YS1jb25ncmVzb3MlMkZpbmRleC5odG1sJTIyJTIwZnJhbWVib3JkZXIlM0QlMjIwJTIyJTIwd2lkdGglM0QlMjIxMDAlMjUlMjIlMjBoZWlnaHQlM0QlMjI4MDAlMjIlM0UlM0MlMkZpZnJhbWUlM0U=[\/vc_raw_html][vc_column_text] [\/vc_column_text][\/vc_column][\/vc_row][vc_row][vc_column][vc_column_text][\/vc_column_text][\/vc_column][\/vc_row]","og_url":"https:\/\/www.feyalegria.org\/rdcongo\/donde-estamos\/","og_site_name":"#SomosFeyAlegria en la Rep\u00fablica Democr\u00e1tica del Congo","article_modified_time":"2021-11-19T16:07:43+00:00","twitter_card":"summary_large_image","schema":{"@context":"https:\/\/schema.org","@graph":[{"@type":"WebPage","@id":"https:\/\/www.feyalegria.org\/rdcongo\/donde-estamos\/","url":"https:\/\/www.feyalegria.org\/rdcongo\/donde-estamos\/","name":"D\u00f3nde estamos - #SomosFeyAlegria en la Rep\u00fablica Democr\u00e1tica del Congo","isPartOf":{"@id":"https:\/\/www.feyalegria.org\/rdcongo\/#website"},"datePublished":"2020-08-17T22:56:02+00:00","dateModified":"2021-11-19T16:07:43+00:00","breadcrumb":{"@id":"https:\/\/www.feyalegria.org\/rdcongo\/donde-estamos\/#breadcrumb"},"inLanguage":"es","potentialAction":[{"@type":"ReadAction","target":["https:\/\/www.feyalegria.org\/rdcongo\/donde-estamos\/"]}]},{"@type":"BreadcrumbList","@id":"https:\/\/www.feyalegria.org\/rdcongo\/donde-estamos\/#breadcrumb","itemListElement":[{"@type":"ListItem","position":1,"name":"Home","item":"https:\/\/www.feyalegria.org\/rdcongo\/"},{"@type":"ListItem","position":2,"name":"D\u00f3nde estamos"}]},{"@type":"WebSite","@id":"https:\/\/www.feyalegria.org\/rdcongo\/#website","url":"https:\/\/www.feyalegria.org\/rdcongo\/","name":"#SomosFeyAlegria en la Rep\u00fablica Democr\u00e1tica del Congo","description":"Movimiento de Educaci\u00f3n Popular y Promoci\u00f3n Social","potentialAction":[{"@type":"SearchAction","target":{"@type":"EntryPoint","urlTemplate":"https:\/\/www.feyalegria.org\/rdcongo\/?s={search_term_string}"},"query-input":{"@type":"PropertyValueSpecification","valueRequired":true,"valueName":"search_term_string"}}],"inLanguage":"es"}]}},"_links":{"self":[{"href":"https:\/\/www.feyalegria.org\/rdcongo\/wp-json\/wp\/v2\/pages\/4760","targetHints":{"allow":["GET"]}}],"collection":[{"href":"https:\/\/www.feyalegria.org\/rdcongo\/wp-json\/wp\/v2\/pages"}],"about":[{"href":"https:\/\/www.feyalegria.org\/rdcongo\/wp-json\/wp\/v2\/types\/page"}],"author":[{"embeddable":true,"href":"https:\/\/www.feyalegria.org\/rdcongo\/wp-json\/wp\/v2\/users\/10"}],"replies":[{"embeddable":true,"href":"https:\/\/www.feyalegria.org\/rdcongo\/wp-json\/wp\/v2\/comments?post=4760"}],"version-history":[{"count":0,"href":"https:\/\/www.feyalegria.org\/rdcongo\/wp-json\/wp\/v2\/pages\/4760\/revisions"}],"wp:attachment":[{"href":"https:\/\/www.feyalegria.org\/rdcongo\/wp-json\/wp\/v2\/media?parent=4760"}],"wp:term":[{"taxonomy":"folder","embeddable":true,"href":"https:\/\/www.feyalegria.org\/rdcongo\/wp-json\/wp\/v2\/folder?post=4760"}],"curies":[{"name":"wp","href":"https:\/\/api.w.org\/{rel}","templated":true}]}}