 {"id":4898,"date":"2020-08-26T14:28:21","date_gmt":"2020-08-26T19:28:21","guid":{"rendered":"https:\/\/www.feyalegria.org\/chad\/?page_id=4898"},"modified":"2020-08-26T14:28:21","modified_gmt":"2020-08-26T19:28:21","slug":"inicio-fya-en-italia-it","status":"publish","type":"page","link":"https:\/\/www.feyalegria.org\/rdcongo\/it\/inicio-fya-en-italia-it\/","title":{"rendered":"Inicio FyA en Italia Italiano"},"content":{"rendered":"<div class=\"wpb-content-wrapper\"><p>[vc_row][vc_column css=\u00bb.vc_custom_1580842281334{margin-top: -60px !important;}\u00bb]\n\t\t\t\t<p class=\"rs-p-wp-fix\"><\/p>\n\t\t\t\t<sr7-module data-alias=\"homefifya-sp-1\" data-id=\"6\" id=\"SR7_6_1\" data-version=\"6.7.54\">\n\t\t\t\t\t<sr7-adjuster><\/sr7-adjuster>\n\t\t\t\t\t<sr7-content>\n\t\t\t\t\t\t<sr7-slide id=\"SR7_6_1-7\" data-key=\"7\">\n\t\t\t\t\t\t\t<sr7-bg id=\"SR7_6_1-7-slidebg\" class=\"sr7-layer\"><noscript><img decoding=\"async\" src=\"https:\/\/d3pugrm67vf9n7.cloudfront.net\/wp-content\/uploads\/sites\/6\/2020\/06\/29112659\/Img_3Italia.jpg\" alt=\"\" title=\"Img_3Italia\"><\/noscript><\/sr7-bg>\n\t\t\t\t\t\t\t<sr7-txt id=\"SR7_6_1-7-4\" class=\"sr7-layer\">Educaci\u00f3n Inclusiva <\/sr7-txt>\n\t\t\t\t\t\t\t<sr7-txt id=\"SR7_6_1-7-9\" class=\"sr7-layer\">Somos<\/sr7-txt>\n\t\t\t\t\t\t<\/sr7-slide>\n\t\t\t\t\t\t<sr7-slide id=\"SR7_6_1-8\" data-key=\"8\">\n\t\t\t\t\t\t\t<sr7-bg id=\"SR7_6_1-8-slidebg\" class=\"sr7-layer\"><noscript><img decoding=\"async\" src=\"https:\/\/d3pugrm67vf9n7.cloudfront.net\/wp-content\/uploads\/sites\/6\/2020\/06\/29112524\/Image-10-06-19-at-00.31-2.jpg\" alt=\"\" title=\"Image 10-06-19 at 00.31 (2)\"><\/noscript><\/sr7-bg>\n\t\t\t\t\t\t\t<sr7-txt id=\"SR7_6_1-8-5\" class=\"sr7-layer\">Promoci\u00f3n Social<\/sr7-txt>\n\t\t\t\t\t\t\t<sr7-txt id=\"SR7_6_1-8-8\" class=\"sr7-layer\">Hacemos<\/sr7-txt>\n\t\t\t\t\t\t<\/sr7-slide>\n\t\t\t\t\t\t<sr7-slide id=\"SR7_6_1-18\" data-key=\"18\">\n\t\t\t\t\t\t<\/sr7-slide>\n\t\t\t\t\t<\/sr7-content>\n\t\t\t\t<\/sr7-module>\n\t\t\t\t<script>\n\t\t\t\t\twindow.SR7 ??={};SR7.PMH ??={}; SR7.PMH[\"SR7_6_1\"] = {cn:100,state:false,fn: function() { if (window._tpt!==undefined && window._tpt.prepareModuleHeight !== undefined) {  _tpt.prepareModuleHeight({id:\"SR7_6_1\",el:[980,768,960,720],type:'standard',shdw:'0',gh:[980,768,960,720],gw:[1380,1024,778,480],vpt:['-200px'],size:{fullWidth:true, fullHeight:true},offsetContainer:'',offset:'60px',mh:'980px',onh:0,onw:0,bg:{color:'transparent'},plType:'9',plColor:'#cc0000'});   SR7.PMH[\"SR7_6_1\"].state=true;} else if(SR7.PMH[\"SR7_6_1\"].cn-->0)\tsetTimeout( SR7.PMH[\"SR7_6_1\"].fn,19);}};SR7.PMH[\"SR7_6_1\" ].fn();\n\t\t\t\t<\/script>\n[\/vc_column][\/vc_row][vc_row content_placement=\u00bbtop\u00bb css_animation=\u00bbnone\u00bb][vc_column]<div style=\"background-color:;height: 50px\" class=\"nicdark_section  \"><\/div>[vc_column_text]<\/p>\n<p style=\"text-align:center\"><strong class=\"tt_map\">#SomosFeyAlegria en Italia<\/strong><\/p>\n<p>[\/vc_column_text][vc_separator color=\u00bbcustom\u00bb style=\u00bbshadow\u00bb border_width=\u00bb4&#8243; accent_color=\u00bb#cc0000&#8243;][\/vc_column][\/vc_row][vc_row][vc_column width=\u00bb2\/3&#8243;][vc_video link=\u00bbhttps:\/\/youtu.be\/NvuLh-fTdGc\u00bb align=\u00bbright\u00bb][\/vc_column][vc_column width=\u00bb1\/3&#8243; css=\u00bb.vc_custom_1596665362761{padding-left: -20px !important;}\u00bb][vc_single_image image=\u00bb4710&#8243; img_size=\u00bbfull\u00bb css=\u00bb.vc_custom_1596665442145{margin-left: -15px !important;}\u00bb][\/vc_column][\/vc_row][vc_row][vc_column]<div style=\"background-color:;height: 50px\" class=\"nicdark_section  \"><\/div>[vc_column_text]<\/p>\n<p style=\"text-align:center\"><strong class=\"tt_map\">Red de Cooperativas Sociales<\/strong><\/p>\n<p>[\/vc_column_text][vc_separator color=\u00bbcustom\u00bb style=\u00bbshadow\u00bb border_width=\u00bb4&#8243; accent_color=\u00bb#cc0000&#8243;][\/vc_column][\/vc_row][vc_row][vc_column width=\u00bb1\/5&#8243;][\/vc_column][vc_column width=\u00bb1\/5&#8243;][vc_single_image image=\u00bb4718&#8243; img_size=\u00bb200&#215;200&#8243; alignment=\u00bbcenter\u00bb style=\u00bbvc_box_border_circle\u00bb border_color=\u00bbmulled_wine\u00bb onclick=\u00bbcustom_link\u00bb img_link_target=\u00bb_blank\u00bb css_animation=\u00bbappear\u00bb link=\u00bbhttps:\/\/www.feyalegria.org\/chad\/fe-y-alegria-milano\/\u00bb][vc_column_text]<\/p>\n<h2 style=\"text-align: center\"><strong><span style=\"color: #cc0000\">Fe y Alegr\u00eda Milano<\/span><\/strong><\/h2>\n<p>[\/vc_column_text][\/vc_column][vc_column width=\u00bb1\/5&#8243;][vc_single_image image=\u00bb4724&#8243; img_size=\u00bb200&#215;200&#8243; alignment=\u00bbcenter\u00bb style=\u00bbvc_box_circle_2&#8243; css_animation=\u00bbnone\u00bb][\/vc_column][vc_column css_animation=\u00bbappear\u00bb width=\u00bb1\/5&#8243;][vc_single_image image=\u00bb4719&#8243; img_size=\u00bb200&#215;200&#8243; alignment=\u00bbcenter\u00bb style=\u00bbvc_box_border_circle\u00bb border_color=\u00bbmulled_wine\u00bb onclick=\u00bbcustom_link\u00bb img_link_target=\u00bb_blank\u00bb css_animation=\u00bbnone\u00bb link=\u00bbhttp:\/\/www.feyalegria.org\/chad\/fe-y-alegria-roma\/\u00bb][vc_column_text]<\/p>\n<h2 style=\"text-align: center\"><strong><span style=\"color: #cc0000\">Fe y Alegr\u00eda Roma<\/span><\/strong><\/h2>\n<p>[\/vc_column_text][\/vc_column][vc_column width=\u00bb1\/5&#8243;][\/vc_column][\/vc_row][vc_row][vc_column]<div style=\"background-color:;height: 30px\" class=\"nicdark_section  \"><\/div>[\/vc_column][\/vc_row][vc_row content_placement=\u00bbtop\u00bb css_animation=\u00bbnone\u00bb enable_first_overlay=\u00bbtrue\u00bb first_overlay_opacity=\u00bb84&#8243; first_background_color=\u00bb#cc0000&#8243; enable_second_overlay=\u00bbtrue\u00bb second_overlay_opacity=\u00bb25&#8243; enable_parallax=\u00bbtrue\u00bb parallax_background=\u00bb4717&#8243; parallax=\u00bbcontent-moving\u00bb parallax_image=\u00bb4526&#8243; el_class=\u00bbnd_options_vc_parallax_filter_2_2&#8243; css=\u00bb.vc_custom_1596661222142{border-radius: 20px !important;}\u00bb][vc_column][vc_column_text]<\/p>\n<p style=\"text-align:center\"><strong class=\"tt_map_white\">Somos parte de un Movimiento Global<\/strong><\/p>\n<p>[\/vc_column_text][vc_row_inner css=\u00bb.vc_custom_1596660772243{background-image: url(https:\/\/www.feyalegria.org\/chad\/wp-content\/uploads\/sites\/20\/2020\/08\/Portada-Eventos-WebFIFyA-3.png?id=4716) !important;}\u00bb][vc_column_inner width=\u00bb1\/4&#8243;][vc_icon icon_fontawesome=\u00bbfa fa-heart\u00bb color=\u00bbwhite\u00bb size=\u00bbxl\u00bb align=\u00bbcenter\u00bb] <h1 style=\"color:#ffffff;padding:px;text-align:center;font-size:50px;line-height:30px;letter-spacing: px;font-weight:bold\" class=\"   nd_options_first_font \">+1,3 MM<\/h1> <div style=\"background-color:;height: 30px\" class=\"nicdark_section  \"><\/div> <p style=\"color:#ffffff;padding:px;text-align:center;font-size:20px;line-height:30px;letter-spacing: 2px;font-weight:bold\" class=\"   nd_options_second_font \">PARTICIPANTES<\/p> <div style=\"background-color:;height: 30px\" class=\"nicdark_section  \"><\/div> <p style=\"color:#ffffff;padding:px;text-align:center;font-size:14px;line-height:15px;letter-spacing: 1px;font-weight:lighter\" class=\"   nd_options_third_font \">Quienes son las protagonistas de su propia transformaci\u00f3n<\/p> <div style=\"background-color:;height: 30px\" class=\"nicdark_section  \"><\/div>[\/vc_column_inner][vc_column_inner width=\u00bb1\/4&#8243;][vc_icon type=\u00bbentypo\u00bb icon_entypo=\u00bbentypo-icon entypo-icon-users\u00bb color=\u00bbwhite\u00bb size=\u00bbxl\u00bb align=\u00bbcenter\u00bb] <h1 style=\"color:#ffffff;padding:px;text-align:center;font-size:50px;line-height:30px;letter-spacing: px;font-weight:bold\" class=\"   nd_options_first_font \">+41 mil<\/h1> <div style=\"background-color:;height: 15px\" class=\"nicdark_section  \"><\/div> <p style=\"color:#ffffff;padding:px;text-align:center;font-size:20px;line-height:30px;letter-spacing: 2px;font-weight:bold\" class=\"   nd_options_second_font \">PERSONAS COLABORADORAS<\/p> <div style=\"background-color:;height: 15px\" class=\"nicdark_section  \"><\/div> <p style=\"color:#ffffff;padding:px;text-align:center;font-size:14px;line-height:15px;letter-spacing: 1px;font-weight:lighter\" class=\"   nd_options_third_font \">Que est\u00e1n comprometidos con nuestra misi\u00f3n.<\/p> <div style=\"background-color:;height: 30px\" class=\"nicdark_section  \"><\/div>[\/vc_column_inner][vc_column_inner width=\u00bb1\/4&#8243;][vc_icon type=\u00bbopeniconic\u00bb icon_openiconic=\u00bbvc-oi vc-oi-location-inv\u00bb color=\u00bbwhite\u00bb size=\u00bbxl\u00bb align=\u00bbcenter\u00bb] <h1 style=\"color:#ffffff;padding:px;text-align:center;font-size:50px;line-height:30px;letter-spacing: px;font-weight:bold\" class=\"   nd_options_first_font \">+1.6 mil<\/h1> <div style=\"background-color:;height: 15px\" class=\"nicdark_section  \"><\/div> <p style=\"color:#ffffff;padding:px;text-align:center;font-size:20px;line-height:30px;letter-spacing: 2px;font-weight:bold\" class=\"   nd_options_second_font \">PUNTOS GEOGR\u00c1FICOS<\/p> <div style=\"background-color:;height: 15px\" class=\"nicdark_section  \"><\/div> <p style=\"color:#ffffff;padding:px;text-align:center;font-size:14px;line-height:15px;letter-spacing: 1px;font-weight:lighter\" class=\"   nd_options_third_font \">D\u00f3nde se transforman vidas<\/p> <div style=\"background-color:;height: 30px\" class=\"nicdark_section  \"><\/div>[\/vc_column_inner][vc_column_inner width=\u00bb1\/4&#8243;][vc_icon type=\u00bbtypicons\u00bb icon_typicons=\u00bbtypcn typcn-map\u00bb color=\u00bbwhite\u00bb size=\u00bbxl\u00bb align=\u00bbcenter\u00bb] <h1 style=\"color:#ffffff;padding:px;text-align:center;font-size:50px;line-height:30px;letter-spacing: px;font-weight:bold\" class=\"   nd_options_first_font \">+22<\/h1> <div style=\"background-color:;height: 30px\" class=\"nicdark_section  \"><\/div> <p style=\"color:#ffffff;padding:px;text-align:center;font-size:20px;line-height:30px;letter-spacing: 2px;font-weight:bold\" class=\"   nd_options_second_font \">PA\u00cdSES<\/p> <div style=\"background-color:;height: 30px\" class=\"nicdark_section  \"><\/div> <p style=\"color:#ffffff;padding:px;text-align:center;font-size:14px;line-height:15px;letter-spacing: 1px;font-weight:lighter\" class=\"   nd_options_third_font \">En tres continentes: Am\u00e9rica, \u00c1frica y Europa<\/p> <div style=\"background-color:;height: 30px\" class=\"nicdark_section  \"><\/div>[\/vc_column_inner][\/vc_row_inner][\/vc_column][\/vc_row][vc_row content_placement=\u00bbtop\u00bb css_animation=\u00bbnone\u00bb][vc_column] <h1 style=\"color:#cc0000;padding:px;text-align:;font-size:40px;line-height:px;letter-spacing: px;font-weight:bold\" class=\"   nd_options_first_font \">Novedades<\/h1> [vc_separator color=\u00bbmulled_wine\u00bb style=\u00bbshadow\u00bb css=\u00bb.vc_custom_1597029071552{padding-top: 15px !important;}\u00bb][vc_row_inner][vc_column_inner width=\u00bb1\/3&#8243;][\/vc_column_inner][vc_column_inner width=\u00bb1\/3&#8243;][\/vc_column_inner][vc_column_inner width=\u00bb1\/3&#8243;][\/vc_column_inner][\/vc_row_inner][\/vc_column][\/vc_row][vc_row][vc_column]<div style=\"background-color:;height: 50px\" class=\"nicdark_section  \"><\/div> <h2 style=\"color:#cc0000;padding:px;text-align:;font-size:40px;line-height:px;letter-spacing: px;font-weight:bold\" class=\"   nd_options_first_font \">Redes Sociales<\/h2> [vc_separator color=\u00bbmulled_wine\u00bb style=\u00bbshadow\u00bb css=\u00bb.vc_custom_1597029071552{padding-top: 15px !important;}\u00bb][vc_row_inner][vc_column_inner width=\u00bb1\/3&#8243;][vc_column_text]<\/p>\n<h4>Facebook<\/h4>\n<p>[fts_facebook type=page id=1451194198283258 posts=6 height=350px posts_displayed=page_only description=no ]<\/p>\n<p>[\/vc_column_text][\/vc_column_inner][vc_column_inner width=\u00bb1\/3&#8243;][vc_column_text]<\/p>\n<h4>Twitter<\/h4>\n<p>[fts_twitter twitter_name=@fe_italia tweets_count=6  twitter_height=270px cover_photo=yes stats_bar=yes show_retweets=yes show_replies=yes]<\/p>\n<p>[\/vc_column_text][\/vc_column_inner][vc_column_inner width=\u00bb1\/3&#8243;][vc_column_text]<\/p>\n<h4>Instagram<\/h4>\n<p><b>@feyalegriaitalia<\/b><\/p>\n<p>[fts_instagram instagram_id=17841409875610262 access_token=IGQVJYUU5KaWxVRTY5MHR1OXg3NHoyZAXgtbi1lZAlpZAUGdpcjdwcXF3cjVHRnhhd2w4WGxUS3hYYkpfSEg2SFJjUGg1S1JPcmxFX3d1emxaTmo2aUR3d2tMc2Mwd2FWU29tZA0ZAQbjNn pics_count=6 type=basic height=410px super_gallery=yes columns=2 force_columns=yes space_between_photos=1px icon_size=65px hide_date_likes_comments=no]<\/p>\n<p>[\/vc_column_text][\/vc_column_inner][\/vc_row_inner][\/vc_column][\/vc_row][vc_row content_placement=\u00bbtop\u00bb css_animation=\u00bbnone\u00bb][vc_column]<div style=\"background-color:;height: 50px\" class=\"nicdark_section  \"><\/div>[vc_column_text]<\/p>\n<p style=\"text-align:center\"><strong class=\"tt_map\">Somos parte de Redes Estrat\u00e9gias<\/strong><\/p>\n<p>[\/vc_column_text][vc_separator color=\u00bbmulled_wine\u00bb style=\u00bbshadow\u00bb][\/vc_column][\/vc_row][vc_row content_placement=\u00bbtop\u00bb][vc_column width=\u00bb1\/3&#8243; css=\u00bb.vc_custom_1580859005664{padding-left: 40px !important;}\u00bb][vc_single_image image=\u00bb4715&#8243; img_size=\u00bbfull\u00bb alignment=\u00bbcenter\u00bb][\/vc_column][vc_column width=\u00bb1\/3&#8243;][vc_single_image image=\u00bb4714&#8243; img_size=\u00bbfull\u00bb alignment=\u00bbcenter\u00bb][\/vc_column][vc_column width=\u00bb1\/3&#8243;][vc_single_image image=\u00bb4713&#8243; img_size=\u00bb200&#215;200&#8243; alignment=\u00bbcenter\u00bb onclick=\u00bbcustom_link\u00bb img_link_target=\u00bb_blank\u00bb link=\u00bbhttp:\/\/www.feyalegria.org\/\u00bb css=\u00bb.vc_custom_1596666919013{padding-top: 40px !important;}\u00bb][\/vc_column][\/vc_row]<\/p>\n<\/div>","protected":false},"excerpt":{"rendered":"<p>[vc_row][vc_column css=\u00bb.vc_custom_1580842281334{margin-top: -60px !important;}\u00bb][\/vc_column][\/vc_row][vc_row content_placement=\u00bbtop\u00bb css_animation=\u00bbnone\u00bb][vc_column][vc_column_text] #SomosFeyAlegria en Italia [\/vc_column_text][vc_separator color=\u00bbcustom\u00bb style=\u00bbshadow\u00bb border_width=\u00bb4&#8243; accent_color=\u00bb#cc0000&#8243;][\/vc_column][\/vc_row][vc_row][vc_column width=\u00bb2\/3&#8243;][vc_video link=\u00bbhttps:\/\/youtu.be\/NvuLh-fTdGc\u00bb align=\u00bbright\u00bb][\/vc_column][vc_column width=\u00bb1\/3&#8243; css=\u00bb.vc_custom_1596665362761{padding-left: -20px !important;}\u00bb][vc_single_image image=\u00bb4710&#8243; img_size=\u00bbfull\u00bb css=\u00bb.vc_custom_1596665442145{margin-left: -15px !important;}\u00bb][\/vc_column][\/vc_row][vc_row][vc_column][vc_column_text] Red de Cooperativas Sociales [\/vc_column_text][vc_separator color=\u00bbcustom\u00bb style=\u00bbshadow\u00bb border_width=\u00bb4&#8243; accent_color=\u00bb#cc0000&#8243;][\/vc_column][\/vc_row][vc_row][vc_column width=\u00bb1\/5&#8243;][\/vc_column][vc_column width=\u00bb1\/5&#8243;][vc_single_image image=\u00bb4718&#8243; img_size=\u00bb200&#215;200&#8243; alignment=\u00bbcenter\u00bb style=\u00bbvc_box_border_circle\u00bb border_color=\u00bbmulled_wine\u00bb onclick=\u00bbcustom_link\u00bb img_link_target=\u00bb_blank\u00bb css_animation=\u00bbappear\u00bb link=\u00bbhttps:\/\/www.feyalegria.org\/chad\/fe-y-alegria-milano\/\u00bb][vc_column_text] Fe y Alegr\u00eda Milano [\/vc_column_text][\/vc_column][vc_column width=\u00bb1\/5&#8243;][vc_single_image image=\u00bb4724&#8243; img_size=\u00bb200&#215;200&#8243; alignment=\u00bbcenter\u00bb<\/p>\n","protected":false},"author":2,"featured_media":0,"parent":0,"menu_order":0,"comment_status":"closed","ping_status":"closed","template":"","meta":{"_acf_changed":false,"footnotes":""},"folder":[],"class_list":["post-4898","page","type-page","status-publish","hentry"],"acf":[],"yoast_head":"<!-- This site is optimized with the Yoast SEO plugin v27.4 - https:\/\/yoast.com\/product\/yoast-seo-wordpress\/ -->\n<title>Inicio FyA en Italia Italiano - #SomosFeyAlegria en la Rep\u00fablica Democr\u00e1tica del Congo<\/title>\n<meta name=\"robots\" content=\"index, follow, max-snippet:-1, max-image-preview:large, max-video-preview:-1\" \/>\n<link rel=\"canonical\" href=\"https:\/\/www.feyalegria.org\/rdcongo\/it\/inicio-fya-en-italia-it\/\" \/>\n<meta property=\"og:locale\" content=\"es_ES\" \/>\n<meta property=\"og:type\" content=\"article\" \/>\n<meta property=\"og:title\" content=\"Inicio FyA en Italia Italiano - #SomosFeyAlegria en la Rep\u00fablica Democr\u00e1tica del Congo\" \/>\n<meta property=\"og:description\" content=\"[vc_row][vc_column css=\u00bb.vc_custom_1580842281334{margin-top: -60px !important;}\u00bb][\/vc_column][\/vc_row][vc_row content_placement=\u00bbtop\u00bb css_animation=\u00bbnone\u00bb][vc_column][vc_column_text] #SomosFeyAlegria en Italia [\/vc_column_text][vc_separator color=\u00bbcustom\u00bb style=\u00bbshadow\u00bb border_width=\u00bb4&#8243; accent_color=\u00bb#cc0000&#8243;][\/vc_column][\/vc_row][vc_row][vc_column width=\u00bb2\/3&#8243;][vc_video link=\u00bbhttps:\/\/youtu.be\/NvuLh-fTdGc\u00bb align=\u00bbright\u00bb][\/vc_column][vc_column width=\u00bb1\/3&#8243; css=\u00bb.vc_custom_1596665362761{padding-left: -20px !important;}\u00bb][vc_single_image image=\u00bb4710&#8243; img_size=\u00bbfull\u00bb css=\u00bb.vc_custom_1596665442145{margin-left: -15px !important;}\u00bb][\/vc_column][\/vc_row][vc_row][vc_column][vc_column_text] Red de Cooperativas Sociales [\/vc_column_text][vc_separator color=\u00bbcustom\u00bb style=\u00bbshadow\u00bb border_width=\u00bb4&#8243; accent_color=\u00bb#cc0000&#8243;][\/vc_column][\/vc_row][vc_row][vc_column width=\u00bb1\/5&#8243;][\/vc_column][vc_column width=\u00bb1\/5&#8243;][vc_single_image image=\u00bb4718&#8243; img_size=\u00bb200&#215;200&#8243; alignment=\u00bbcenter\u00bb style=\u00bbvc_box_border_circle\u00bb border_color=\u00bbmulled_wine\u00bb onclick=\u00bbcustom_link\u00bb img_link_target=\u00bb_blank\u00bb css_animation=\u00bbappear\u00bb link=\u00bbhttps:\/\/www.feyalegria.org\/chad\/fe-y-alegria-milano\/\u00bb][vc_column_text] Fe y Alegr\u00eda Milano [\/vc_column_text][\/vc_column][vc_column width=\u00bb1\/5&#8243;][vc_single_image image=\u00bb4724&#8243; img_size=\u00bb200&#215;200&#8243; alignment=\u00bbcenter\u00bb\" \/>\n<meta property=\"og:url\" content=\"https:\/\/www.feyalegria.org\/rdcongo\/it\/inicio-fya-en-italia-it\/\" \/>\n<meta property=\"og:site_name\" content=\"#SomosFeyAlegria en la Rep\u00fablica Democr\u00e1tica del Congo\" \/>\n<meta name=\"twitter:card\" content=\"summary_large_image\" \/>\n<meta name=\"twitter:label1\" content=\"Tiempo de lectura\" \/>\n\t<meta name=\"twitter:data1\" content=\"12 minutos\" \/>\n<script type=\"application\/ld+json\" class=\"yoast-schema-graph\">{\"@context\":\"https:\\\/\\\/schema.org\",\"@graph\":[{\"@type\":\"WebPage\",\"@id\":\"https:\\\/\\\/www.feyalegria.org\\\/rdcongo\\\/it\\\/inicio-fya-en-italia-it\\\/\",\"url\":\"https:\\\/\\\/www.feyalegria.org\\\/rdcongo\\\/it\\\/inicio-fya-en-italia-it\\\/\",\"name\":\"Inicio FyA en Italia Italiano - #SomosFeyAlegria en la Rep\u00fablica Democr\u00e1tica del Congo\",\"isPartOf\":{\"@id\":\"https:\\\/\\\/www.feyalegria.org\\\/rdcongo\\\/#website\"},\"datePublished\":\"2020-08-26T19:28:21+00:00\",\"breadcrumb\":{\"@id\":\"https:\\\/\\\/www.feyalegria.org\\\/rdcongo\\\/it\\\/inicio-fya-en-italia-it\\\/#breadcrumb\"},\"inLanguage\":\"es\",\"potentialAction\":[{\"@type\":\"ReadAction\",\"target\":[\"https:\\\/\\\/www.feyalegria.org\\\/rdcongo\\\/it\\\/inicio-fya-en-italia-it\\\/\"]}]},{\"@type\":\"BreadcrumbList\",\"@id\":\"https:\\\/\\\/www.feyalegria.org\\\/rdcongo\\\/it\\\/inicio-fya-en-italia-it\\\/#breadcrumb\",\"itemListElement\":[{\"@type\":\"ListItem\",\"position\":1,\"name\":\"Home\",\"item\":\"https:\\\/\\\/www.feyalegria.org\\\/rdcongo\\\/\"},{\"@type\":\"ListItem\",\"position\":2,\"name\":\"Inicio FyA en Italia Italiano\"}]},{\"@type\":\"WebSite\",\"@id\":\"https:\\\/\\\/www.feyalegria.org\\\/rdcongo\\\/#website\",\"url\":\"https:\\\/\\\/www.feyalegria.org\\\/rdcongo\\\/\",\"name\":\"#SomosFeyAlegria en la Rep\u00fablica Democr\u00e1tica del Congo\",\"description\":\"Movimiento de Educaci\u00f3n Popular y Promoci\u00f3n Social\",\"potentialAction\":[{\"@type\":\"SearchAction\",\"target\":{\"@type\":\"EntryPoint\",\"urlTemplate\":\"https:\\\/\\\/www.feyalegria.org\\\/rdcongo\\\/?s={search_term_string}\"},\"query-input\":{\"@type\":\"PropertyValueSpecification\",\"valueRequired\":true,\"valueName\":\"search_term_string\"}}],\"inLanguage\":\"es\"}]}<\/script>\n<!-- \/ Yoast SEO plugin. -->","yoast_head_json":{"title":"Inicio FyA en Italia Italiano - #SomosFeyAlegria en la Rep\u00fablica Democr\u00e1tica del Congo","robots":{"index":"index","follow":"follow","max-snippet":"max-snippet:-1","max-image-preview":"max-image-preview:large","max-video-preview":"max-video-preview:-1"},"canonical":"https:\/\/www.feyalegria.org\/rdcongo\/it\/inicio-fya-en-italia-it\/","og_locale":"es_ES","og_type":"article","og_title":"Inicio FyA en Italia Italiano - #SomosFeyAlegria en la Rep\u00fablica Democr\u00e1tica del Congo","og_description":"[vc_row][vc_column css=\u00bb.vc_custom_1580842281334{margin-top: -60px !important;}\u00bb][\/vc_column][\/vc_row][vc_row content_placement=\u00bbtop\u00bb css_animation=\u00bbnone\u00bb][vc_column][vc_column_text] #SomosFeyAlegria en Italia [\/vc_column_text][vc_separator color=\u00bbcustom\u00bb style=\u00bbshadow\u00bb border_width=\u00bb4&#8243; accent_color=\u00bb#cc0000&#8243;][\/vc_column][\/vc_row][vc_row][vc_column width=\u00bb2\/3&#8243;][vc_video link=\u00bbhttps:\/\/youtu.be\/NvuLh-fTdGc\u00bb align=\u00bbright\u00bb][\/vc_column][vc_column width=\u00bb1\/3&#8243; css=\u00bb.vc_custom_1596665362761{padding-left: -20px !important;}\u00bb][vc_single_image image=\u00bb4710&#8243; img_size=\u00bbfull\u00bb css=\u00bb.vc_custom_1596665442145{margin-left: -15px !important;}\u00bb][\/vc_column][\/vc_row][vc_row][vc_column][vc_column_text] Red de Cooperativas Sociales [\/vc_column_text][vc_separator color=\u00bbcustom\u00bb style=\u00bbshadow\u00bb border_width=\u00bb4&#8243; accent_color=\u00bb#cc0000&#8243;][\/vc_column][\/vc_row][vc_row][vc_column width=\u00bb1\/5&#8243;][\/vc_column][vc_column width=\u00bb1\/5&#8243;][vc_single_image image=\u00bb4718&#8243; img_size=\u00bb200&#215;200&#8243; alignment=\u00bbcenter\u00bb style=\u00bbvc_box_border_circle\u00bb border_color=\u00bbmulled_wine\u00bb onclick=\u00bbcustom_link\u00bb img_link_target=\u00bb_blank\u00bb css_animation=\u00bbappear\u00bb link=\u00bbhttps:\/\/www.feyalegria.org\/chad\/fe-y-alegria-milano\/\u00bb][vc_column_text] Fe y Alegr\u00eda Milano [\/vc_column_text][\/vc_column][vc_column width=\u00bb1\/5&#8243;][vc_single_image image=\u00bb4724&#8243; img_size=\u00bb200&#215;200&#8243; alignment=\u00bbcenter\u00bb","og_url":"https:\/\/www.feyalegria.org\/rdcongo\/it\/inicio-fya-en-italia-it\/","og_site_name":"#SomosFeyAlegria en la Rep\u00fablica Democr\u00e1tica del Congo","twitter_card":"summary_large_image","twitter_misc":{"Tiempo de lectura":"12 minutos"},"schema":{"@context":"https:\/\/schema.org","@graph":[{"@type":"WebPage","@id":"https:\/\/www.feyalegria.org\/rdcongo\/it\/inicio-fya-en-italia-it\/","url":"https:\/\/www.feyalegria.org\/rdcongo\/it\/inicio-fya-en-italia-it\/","name":"Inicio FyA en Italia Italiano - #SomosFeyAlegria en la Rep\u00fablica Democr\u00e1tica del Congo","isPartOf":{"@id":"https:\/\/www.feyalegria.org\/rdcongo\/#website"},"datePublished":"2020-08-26T19:28:21+00:00","breadcrumb":{"@id":"https:\/\/www.feyalegria.org\/rdcongo\/it\/inicio-fya-en-italia-it\/#breadcrumb"},"inLanguage":"es","potentialAction":[{"@type":"ReadAction","target":["https:\/\/www.feyalegria.org\/rdcongo\/it\/inicio-fya-en-italia-it\/"]}]},{"@type":"BreadcrumbList","@id":"https:\/\/www.feyalegria.org\/rdcongo\/it\/inicio-fya-en-italia-it\/#breadcrumb","itemListElement":[{"@type":"ListItem","position":1,"name":"Home","item":"https:\/\/www.feyalegria.org\/rdcongo\/"},{"@type":"ListItem","position":2,"name":"Inicio FyA en Italia Italiano"}]},{"@type":"WebSite","@id":"https:\/\/www.feyalegria.org\/rdcongo\/#website","url":"https:\/\/www.feyalegria.org\/rdcongo\/","name":"#SomosFeyAlegria en la Rep\u00fablica Democr\u00e1tica del Congo","description":"Movimiento de Educaci\u00f3n Popular y Promoci\u00f3n Social","potentialAction":[{"@type":"SearchAction","target":{"@type":"EntryPoint","urlTemplate":"https:\/\/www.feyalegria.org\/rdcongo\/?s={search_term_string}"},"query-input":{"@type":"PropertyValueSpecification","valueRequired":true,"valueName":"search_term_string"}}],"inLanguage":"es"}]}},"_links":{"self":[{"href":"https:\/\/www.feyalegria.org\/rdcongo\/wp-json\/wp\/v2\/pages\/4898","targetHints":{"allow":["GET"]}}],"collection":[{"href":"https:\/\/www.feyalegria.org\/rdcongo\/wp-json\/wp\/v2\/pages"}],"about":[{"href":"https:\/\/www.feyalegria.org\/rdcongo\/wp-json\/wp\/v2\/types\/page"}],"author":[{"embeddable":true,"href":"https:\/\/www.feyalegria.org\/rdcongo\/wp-json\/wp\/v2\/users\/2"}],"replies":[{"embeddable":true,"href":"https:\/\/www.feyalegria.org\/rdcongo\/wp-json\/wp\/v2\/comments?post=4898"}],"version-history":[{"count":0,"href":"https:\/\/www.feyalegria.org\/rdcongo\/wp-json\/wp\/v2\/pages\/4898\/revisions"}],"wp:attachment":[{"href":"https:\/\/www.feyalegria.org\/rdcongo\/wp-json\/wp\/v2\/media?parent=4898"}],"wp:term":[{"taxonomy":"folder","embeddable":true,"href":"https:\/\/www.feyalegria.org\/rdcongo\/wp-json\/wp\/v2\/folder?post=4898"}],"curies":[{"name":"wp","href":"https:\/\/api.w.org\/{rel}","templated":true}]}}