 {"id":1964,"date":"2020-10-16T20:29:42","date_gmt":"2020-10-17T01:29:42","guid":{"rendered":"https:\/\/www.feyalegria.org\/uruguay\/?page_id=1964"},"modified":"2025-08-26T14:56:32","modified_gmt":"2025-08-26T19:56:32","slug":"club-de-ninos-taity","status":"publish","type":"page","link":"https:\/\/www.feyalegria.org\/uruguay\/club-de-ninos-taity\/","title":{"rendered":"Club de Ni\u00f1os Taity"},"content":{"rendered":"<div class=\"wpb-content-wrapper\"><p>[vc_row][vc_column width=\u00bb5\/6&#8243;]<div style=\"background-color:;height: 50px\" class=\"nicdark_section  \"><\/div>[\/vc_column][vc_column width=\u00bb1\/6&#8243;]<a href=\"https:\/\/www.feyalegria.org\/uruguay\/centros-educativos\/\" title=\"Centros educativos\"  data-id=\"mpc_button-3869d0ca530e3d4\" class=\"mpc-button mpc-init mpc-transition mpc-typography--default \" ><div class=\"mpc-button__content mpc-effect-type--stay mpc-effect-side--left\"><i class=\"mpc-button__icon mpc-transition  mi mi-pin_drop\"><\/i><span class=\"mpc-button__title mpc-transition\">Volver al mapa<\/span><\/div><div class=\"mpc-button__background mpc-transition mpc-effect-type--fade mpc-effect-side--in\"><\/div><\/a>[\/vc_column][\/vc_row][vc_row][vc_column width=\u00bb2\/3&#8243;][vc_column_text css=\u00bb\u00bb]<\/p>\n<p align=\"justify\">Ubicado en el Barrio Aires Puros de Montevideo, el Club de Ni\u00f1os Taity recibe diariarmente a 65 ni\u00f1os y ni\u00f1as del barrio. En dos turnos ofrece acompa\u00f1amiento escolar y diversos talleres que apuntan al desarrollo integral de los participantes. Cuenta con un equipo t\u00e9cnico muy comprometido con la propuesta que trabaja en estrecho v\u00ednculo con las familias y con otras instituciones de la zona.<\/p>\n<p align=\"justify\">Es uno de los centros fundadores de la red de Fe y Alegr\u00eda Uruguay. En la b\u00fasqueda permanente por dar una respuesta ajustada a los ni\u00f1os y ni\u00f1as que se integran a su propuesta, participa permanente de programas que buscan potenciar sus capacidades de aprendizaje con un \u00e9nfasis especial en el juego y la educaci\u00f3n emocional.<\/p>\n<h5 style=\"text-align: left;\"><strong><span style=\"color: #aa0f16;\">Contactos<\/span><\/strong><\/h5>\n<p><strong>Tel\u00e9fono<\/strong>: 2203 68 24<\/p>\n<p><strong>Correo electr\u00f3nico<\/strong>: taity@feyalegria.org.uy[\/vc_column_text][\/vc_column][vc_column width=\u00bb1\/3&#8243;][vc_gmaps link=\u00bb#E-8_JTNDaWZyYW1lJTIwc3JjJTNEJTIyaHR0cHMlM0ElMkYlMkZ3d3cuZ29vZ2xlLmNvbSUyRm1hcHMlMkZlbWJlZCUzRnBiJTNEJTIxMW0xOCUyMTFtMTIlMjExbTMlMjExZDExMTE4LjAyNTQzMDE2NzM4MyUyMTJkLTU2LjE5NjIxNDY5NTI1MDg4JTIxM2QtMzQuODYyNzUyNDc4Njc4ODYlMjEybTMlMjExZjAlMjEyZjAlMjEzZjAlMjEzbTIlMjExaTEwMjQlMjEyaTc2OCUyMTRmMTMuMSUyMTNtMyUyMTFtMiUyMTFzMHg5NWEwMmJlZGY2N2EwYzNkJTI1M0EweGRkNTNmZjc0NTNiYmM3ZGIlMjEyc0NsdWIlMjUyMGRlJTI1MjBOaSUyNUMzJTI1QjFvcyUyNTIwVEFJVFklMjUyMC0lMjUyMCUyNTIyQ29tbyUyNTIwbGElMjUyMFNlbWlsbGElMjUyMGRlJTI1MjBNb3N0YXphJTI1MjIlMjE1ZTAlMjEzbTIlMjExc2VzJTIxMnN2ZSUyMTR2MTYwMzA2MzA1NDkyMSUyMTVtMiUyMTFzZXMlMjEyc3ZlJTIyJTIwd2lkdGglM0QlMjI2MDAlMjIlMjBoZWlnaHQlM0QlMjI0NTAlMjIlMjBmcmFtZWJvcmRlciUzRCUyMjAlMjIlMjBzdHlsZSUzRCUyMmJvcmRlciUzQTAlM0IlMjIlMjBhbGxvd2Z1bGxzY3JlZW4lM0QlMjIlMjIlMjBhcmlhLWhpZGRlbiUzRCUyMmZhbHNlJTIyJTIwdGFiaW5kZXglM0QlMjIwJTIyJTNFJTNDJTJGaWZyYW1lJTNF\u00bb][\/vc_column][\/vc_row][vc_row][vc_column width=\u00bb1\/3&#8243;][vc_single_image image=\u00bb2147&#8243; img_size=\u00bbmedium\u00bb alignment=\u00bbcenter\u00bb onclick=\u00bbimg_link_large\u00bb][\/vc_column][vc_column width=\u00bb1\/3&#8243;][vc_single_image image=\u00bb2148&#8243; img_size=\u00bbmedium\u00bb alignment=\u00bbcenter\u00bb onclick=\u00bbimg_link_large\u00bb][\/vc_column][vc_column width=\u00bb1\/3&#8243;][vc_single_image image=\u00bb2146&#8243; img_size=\u00bbmedium\u00bb alignment=\u00bbcenter\u00bb onclick=\u00bbimg_link_large\u00bb][\/vc_column][\/vc_row]<\/p>\n<\/div>","protected":false},"excerpt":{"rendered":"<p>[vc_row][vc_column width=\u00bb5\/6&#8243;][\/vc_column][vc_column width=\u00bb1\/6&#8243;][\/vc_column][\/vc_row][vc_row][vc_column width=\u00bb2\/3&#8243;][vc_column_text css=\u00bb\u00bb] Ubicado en el Barrio Aires Puros de Montevideo, el Club de Ni\u00f1os Taity recibe diariarmente a 65 ni\u00f1os y ni\u00f1as del barrio. En dos turnos ofrece acompa\u00f1amiento escolar y diversos talleres que apuntan al desarrollo integral de los participantes. Cuenta con un equipo t\u00e9cnico muy comprometido con la propuesta que<\/p>\n","protected":false},"author":6,"featured_media":0,"parent":0,"menu_order":0,"comment_status":"closed","ping_status":"closed","template":"","meta":{"_acf_changed":false,"footnotes":""},"folder":[],"class_list":["post-1964","page","type-page","status-publish","hentry"],"acf":[],"yoast_head":"<!-- This site is optimized with the Yoast SEO plugin v27.2 - https:\/\/yoast.com\/product\/yoast-seo-wordpress\/ -->\n<title>Club de Ni\u00f1os Taity - #SomosFeyAlegria en Uruguay<\/title>\n<meta name=\"robots\" content=\"index, follow, max-snippet:-1, max-image-preview:large, max-video-preview:-1\" \/>\n<link rel=\"canonical\" href=\"https:\/\/www.feyalegria.org\/uruguay\/club-de-ninos-taity\/\" \/>\n<meta property=\"og:locale\" content=\"es_ES\" \/>\n<meta property=\"og:type\" content=\"article\" \/>\n<meta property=\"og:title\" content=\"Club de Ni\u00f1os Taity - #SomosFeyAlegria en Uruguay\" \/>\n<meta property=\"og:description\" content=\"[vc_row][vc_column width=\u00bb5\/6&#8243;][\/vc_column][vc_column width=\u00bb1\/6&#8243;][\/vc_column][\/vc_row][vc_row][vc_column width=\u00bb2\/3&#8243;][vc_column_text css=\u00bb\u00bb] Ubicado en el Barrio Aires Puros de Montevideo, el Club de Ni\u00f1os Taity recibe diariarmente a 65 ni\u00f1os y ni\u00f1as del barrio. En dos turnos ofrece acompa\u00f1amiento escolar y diversos talleres que apuntan al desarrollo integral de los participantes. Cuenta con un equipo t\u00e9cnico muy comprometido con la propuesta que\" \/>\n<meta property=\"og:url\" content=\"https:\/\/www.feyalegria.org\/uruguay\/club-de-ninos-taity\/\" \/>\n<meta property=\"og:site_name\" content=\"#SomosFeyAlegria en Uruguay\" \/>\n<meta property=\"article:modified_time\" content=\"2025-08-26T19:56:32+00:00\" \/>\n<meta name=\"twitter:card\" content=\"summary_large_image\" \/>\n<meta name=\"twitter:label1\" content=\"Tiempo de lectura\" \/>\n\t<meta name=\"twitter:data1\" content=\"2 minutos\" \/>\n<script type=\"application\/ld+json\" class=\"yoast-schema-graph\">{\"@context\":\"https:\/\/schema.org\",\"@graph\":[{\"@type\":\"WebPage\",\"@id\":\"https:\/\/www.feyalegria.org\/uruguay\/club-de-ninos-taity\/\",\"url\":\"https:\/\/www.feyalegria.org\/uruguay\/club-de-ninos-taity\/\",\"name\":\"Club de Ni\u00f1os Taity - #SomosFeyAlegria en Uruguay\",\"isPartOf\":{\"@id\":\"https:\/\/www.feyalegria.org\/uruguay\/#website\"},\"datePublished\":\"2020-10-17T01:29:42+00:00\",\"dateModified\":\"2025-08-26T19:56:32+00:00\",\"breadcrumb\":{\"@id\":\"https:\/\/www.feyalegria.org\/uruguay\/club-de-ninos-taity\/#breadcrumb\"},\"inLanguage\":\"es\",\"potentialAction\":[{\"@type\":\"ReadAction\",\"target\":[\"https:\/\/www.feyalegria.org\/uruguay\/club-de-ninos-taity\/\"]}]},{\"@type\":\"BreadcrumbList\",\"@id\":\"https:\/\/www.feyalegria.org\/uruguay\/club-de-ninos-taity\/#breadcrumb\",\"itemListElement\":[{\"@type\":\"ListItem\",\"position\":1,\"name\":\"Home\",\"item\":\"https:\/\/www.feyalegria.org\/uruguay\/\"},{\"@type\":\"ListItem\",\"position\":2,\"name\":\"Club de Ni\u00f1os Taity\"}]},{\"@type\":\"WebSite\",\"@id\":\"https:\/\/www.feyalegria.org\/uruguay\/#website\",\"url\":\"https:\/\/www.feyalegria.org\/uruguay\/\",\"name\":\"#SomosFeyAlegria en Uruguay\",\"description\":\"Movimiento de Educaci\u00f3n Popular y Promoci\u00f3n Social\",\"potentialAction\":[{\"@type\":\"SearchAction\",\"target\":{\"@type\":\"EntryPoint\",\"urlTemplate\":\"https:\/\/www.feyalegria.org\/uruguay\/?s={search_term_string}\"},\"query-input\":{\"@type\":\"PropertyValueSpecification\",\"valueRequired\":true,\"valueName\":\"search_term_string\"}}],\"inLanguage\":\"es\"}]}<\/script>\n<!-- \/ Yoast SEO plugin. -->","yoast_head_json":{"title":"Club de Ni\u00f1os Taity - #SomosFeyAlegria en Uruguay","robots":{"index":"index","follow":"follow","max-snippet":"max-snippet:-1","max-image-preview":"max-image-preview:large","max-video-preview":"max-video-preview:-1"},"canonical":"https:\/\/www.feyalegria.org\/uruguay\/club-de-ninos-taity\/","og_locale":"es_ES","og_type":"article","og_title":"Club de Ni\u00f1os Taity - #SomosFeyAlegria en Uruguay","og_description":"[vc_row][vc_column width=\u00bb5\/6&#8243;][\/vc_column][vc_column width=\u00bb1\/6&#8243;][\/vc_column][\/vc_row][vc_row][vc_column width=\u00bb2\/3&#8243;][vc_column_text css=\u00bb\u00bb] Ubicado en el Barrio Aires Puros de Montevideo, el Club de Ni\u00f1os Taity recibe diariarmente a 65 ni\u00f1os y ni\u00f1as del barrio. En dos turnos ofrece acompa\u00f1amiento escolar y diversos talleres que apuntan al desarrollo integral de los participantes. Cuenta con un equipo t\u00e9cnico muy comprometido con la propuesta que","og_url":"https:\/\/www.feyalegria.org\/uruguay\/club-de-ninos-taity\/","og_site_name":"#SomosFeyAlegria en Uruguay","article_modified_time":"2025-08-26T19:56:32+00:00","twitter_card":"summary_large_image","twitter_misc":{"Tiempo de lectura":"2 minutos"},"schema":{"@context":"https:\/\/schema.org","@graph":[{"@type":"WebPage","@id":"https:\/\/www.feyalegria.org\/uruguay\/club-de-ninos-taity\/","url":"https:\/\/www.feyalegria.org\/uruguay\/club-de-ninos-taity\/","name":"Club de Ni\u00f1os Taity - #SomosFeyAlegria en Uruguay","isPartOf":{"@id":"https:\/\/www.feyalegria.org\/uruguay\/#website"},"datePublished":"2020-10-17T01:29:42+00:00","dateModified":"2025-08-26T19:56:32+00:00","breadcrumb":{"@id":"https:\/\/www.feyalegria.org\/uruguay\/club-de-ninos-taity\/#breadcrumb"},"inLanguage":"es","potentialAction":[{"@type":"ReadAction","target":["https:\/\/www.feyalegria.org\/uruguay\/club-de-ninos-taity\/"]}]},{"@type":"BreadcrumbList","@id":"https:\/\/www.feyalegria.org\/uruguay\/club-de-ninos-taity\/#breadcrumb","itemListElement":[{"@type":"ListItem","position":1,"name":"Home","item":"https:\/\/www.feyalegria.org\/uruguay\/"},{"@type":"ListItem","position":2,"name":"Club de Ni\u00f1os Taity"}]},{"@type":"WebSite","@id":"https:\/\/www.feyalegria.org\/uruguay\/#website","url":"https:\/\/www.feyalegria.org\/uruguay\/","name":"#SomosFeyAlegria en Uruguay","description":"Movimiento de Educaci\u00f3n Popular y Promoci\u00f3n Social","potentialAction":[{"@type":"SearchAction","target":{"@type":"EntryPoint","urlTemplate":"https:\/\/www.feyalegria.org\/uruguay\/?s={search_term_string}"},"query-input":{"@type":"PropertyValueSpecification","valueRequired":true,"valueName":"search_term_string"}}],"inLanguage":"es"}]}},"_links":{"self":[{"href":"https:\/\/www.feyalegria.org\/uruguay\/wp-json\/wp\/v2\/pages\/1964","targetHints":{"allow":["GET"]}}],"collection":[{"href":"https:\/\/www.feyalegria.org\/uruguay\/wp-json\/wp\/v2\/pages"}],"about":[{"href":"https:\/\/www.feyalegria.org\/uruguay\/wp-json\/wp\/v2\/types\/page"}],"author":[{"embeddable":true,"href":"https:\/\/www.feyalegria.org\/uruguay\/wp-json\/wp\/v2\/users\/6"}],"replies":[{"embeddable":true,"href":"https:\/\/www.feyalegria.org\/uruguay\/wp-json\/wp\/v2\/comments?post=1964"}],"version-history":[{"count":2,"href":"https:\/\/www.feyalegria.org\/uruguay\/wp-json\/wp\/v2\/pages\/1964\/revisions"}],"predecessor-version":[{"id":4092,"href":"https:\/\/www.feyalegria.org\/uruguay\/wp-json\/wp\/v2\/pages\/1964\/revisions\/4092"}],"wp:attachment":[{"href":"https:\/\/www.feyalegria.org\/uruguay\/wp-json\/wp\/v2\/media?parent=1964"}],"wp:term":[{"taxonomy":"folder","embeddable":true,"href":"https:\/\/www.feyalegria.org\/uruguay\/wp-json\/wp\/v2\/folder?post=1964"}],"curies":[{"name":"wp","href":"https:\/\/api.w.org\/{rel}","templated":true}]}}