 {"id":1968,"date":"2020-10-16T20:37:32","date_gmt":"2020-10-17T01:37:32","guid":{"rendered":"https:\/\/www.feyalegria.org\/uruguay\/?page_id=1968"},"modified":"2020-12-10T11:33:15","modified_gmt":"2020-12-10T16:33:15","slug":"club-de-ninos-rincon-de-todos","status":"publish","type":"page","link":"https:\/\/www.feyalegria.org\/uruguay\/club-de-ninos-rincon-de-todos\/","title":{"rendered":"Club de Ni\u00f1os Rinc\u00f3n de Todos"},"content":{"rendered":"<div class=\"wpb-content-wrapper\"><p>[vc_row][vc_column width=\u00bb5\/6&#8243;]<div style=\"background-color:;height: 50px\" class=\"nicdark_section  \"><\/div>[\/vc_column][vc_column width=\u00bb1\/6&#8243;]<a href=\"https:\/\/www.feyalegria.org\/uruguay\/centros-educativos\/\" title=\"Centros educativos\"  data-id=\"mpc_button-6869e7ac72210a2\" class=\"mpc-button mpc-init mpc-transition mpc-typography--default \" ><div class=\"mpc-button__content mpc-effect-type--stay mpc-effect-side--left\"><i class=\"mpc-button__icon mpc-transition  mi mi-pin_drop\"><\/i><span class=\"mpc-button__title mpc-transition\">Volver al mapa<\/span><\/div><div class=\"mpc-button__background mpc-transition mpc-effect-type--fade mpc-effect-side--in\"><\/div><\/a>[\/vc_column][\/vc_row][vc_row][vc_column width=\u00bb2\/3&#8243;][vc_column_text]<\/p>\n<p align=\"justify\">Ubicado en el barrio Villa Espa\u00f1ola en Montevideo, Rinc\u00f3n de Todos es una propuesta educativa no formal de la CVX (Comunidad de Vida Cristiana) . Ofrece apoyo escolar, recreaci\u00f3n, talleres de huerta, cocina y fotograf\u00eda entre otros, as\u00ed como salidas did\u00e1cticas y campamentos para  30 ni\u00f1os y ni\u00f1as del barrio.<\/p>\n<p>&nbsp;<\/p>\n<p align=\"justify\">Su equipo t\u00e9cnico est\u00e1 integrado por maestras, educadores y un asistente social que trabajan en estrecha colaboraci\u00f3n con un grupo de voluntarios y en articulaci\u00f3n con las escuelas y otras organizaciones del barrio.<\/p>\n<p>&nbsp;<\/p>\n<p align=\"justify\">Rinc\u00f3n de Todos es parte de Fe y Alegr\u00eda Uruguay desde el a\u00f1o 2009. Para conocer m\u00e1s visit\u00e1:<\/p>\n<p>&nbsp;<\/p>\n<p>&nbsp;<\/p>\n<h5 style=\"text-align: left\"><strong><span style=\"color: #aa0f16\">Contactos<\/span><\/strong><\/h5>\n<p>&nbsp;<\/p>\n<p><strong>Web<\/strong>: www.rincondetodos.org.uy<\/p>\n<p>[\/vc_column_text][\/vc_column][vc_column width=\u00bb1\/3&#8243;][vc_gmaps link=\u00bb#E-8_JTNDaWZyYW1lJTIwc3JjJTNEJTIyaHR0cHMlM0ElMkYlMkZ3d3cuZ29vZ2xlLmNvbSUyRm1hcHMlMkZlbWJlZCUzRnBiJTNEJTIxMW0xOCUyMTFtMTIlMjExbTMlMjExZDcxMjgzOS42NDI4MzE1MSUyMTJkLTU2LjI5NDgxODEwMjgzODYxJTIxM2QtMzQuNzEzODE1NzczNjM0OCUyMTJtMyUyMTFmMCUyMTJmMCUyMTNmMCUyMTNtMiUyMTFpMTAyNCUyMTJpNzY4JTIxNGYxMy4xJTIxM20zJTIxMW0yJTIxMXMweDAlMjUzQTB4ZTBiOGUwNzE4ODBhN2ZhMCUyMTJzQXNvY2lhY2klMjVDMyUyNUIzbiUyNTIwQ2l2aWwlMjUyME1hZHJlcyUyNTIwZGUlMjUyMExhJTI1MjBDcnV6JTIxNWUwJTIxM20yJTIxMXNlcyUyMTJzdmUlMjE0djE2MDMxNTE3NzkyNTElMjE1bTIlMjExc2VzJTIxMnN2ZSUyMiUyMHdpZHRoJTNEJTIyNjAwJTIyJTIwaGVpZ2h0JTNEJTIyNDUwJTIyJTIwZnJhbWVib3JkZXIlM0QlMjIwJTIyJTIwc3R5bGUlM0QlMjJib3JkZXIlM0EwJTNCJTIyJTIwYWxsb3dmdWxsc2NyZWVuJTNEJTIyJTIyJTIwYXJpYS1oaWRkZW4lM0QlMjJmYWxzZSUyMiUyMHRhYmluZGV4JTNEJTIyMCUyMiUzRSUzQyUyRmlmcmFtZSUzRQ==\u00bb][\/vc_column][\/vc_row][vc_row][vc_column width=\u00bb1\/4&#8243;][vc_single_image image=\u00bb2154&#8243; img_size=\u00bbmedium\u00bb alignment=\u00bbcenter\u00bb onclick=\u00bbimg_link_large\u00bb][\/vc_column][vc_column width=\u00bb1\/4&#8243;][vc_single_image image=\u00bb2578&#8243; img_size=\u00bbmedium\u00bb alignment=\u00bbcenter\u00bb onclick=\u00bbimg_link_large\u00bb][\/vc_column][vc_column width=\u00bb1\/4&#8243;][vc_single_image image=\u00bb2397&#8243; img_size=\u00bbmedium\u00bb alignment=\u00bbcenter\u00bb onclick=\u00bbimg_link_large\u00bb][\/vc_column][vc_column width=\u00bb1\/4&#8243;][vc_single_image image=\u00bb2398&#8243; img_size=\u00bbmedium\u00bb alignment=\u00bbcenter\u00bb onclick=\u00bbimg_link_large\u00bb][\/vc_column][\/vc_row]<\/p>\n<\/div>","protected":false},"excerpt":{"rendered":"<p>[vc_row][vc_column width=\u00bb5\/6&#8243;][\/vc_column][vc_column width=\u00bb1\/6&#8243;][\/vc_column][\/vc_row][vc_row][vc_column width=\u00bb2\/3&#8243;][vc_column_text] Ubicado en el barrio Villa Espa\u00f1ola en Montevideo, Rinc\u00f3n de Todos es una propuesta educativa no formal de la CVX (Comunidad de Vida Cristiana) . Ofrece apoyo escolar, recreaci\u00f3n, talleres de huerta, cocina y fotograf\u00eda entre otros, as\u00ed como salidas did\u00e1cticas y campamentos para 30 ni\u00f1os y ni\u00f1as del barrio. &nbsp;<\/p>\n","protected":false},"author":6,"featured_media":0,"parent":0,"menu_order":0,"comment_status":"closed","ping_status":"closed","template":"","meta":{"_acf_changed":false,"footnotes":""},"folder":[],"class_list":["post-1968","page","type-page","status-publish","hentry"],"acf":[],"yoast_head":"<!-- This site is optimized with the Yoast SEO plugin v27.2 - https:\/\/yoast.com\/product\/yoast-seo-wordpress\/ -->\n<title>Club de Ni\u00f1os Rinc\u00f3n de Todos - #SomosFeyAlegria en Uruguay<\/title>\n<meta name=\"robots\" content=\"index, follow, max-snippet:-1, max-image-preview:large, max-video-preview:-1\" \/>\n<link rel=\"canonical\" href=\"https:\/\/www.feyalegria.org\/uruguay\/club-de-ninos-rincon-de-todos\/\" \/>\n<meta property=\"og:locale\" content=\"es_ES\" \/>\n<meta property=\"og:type\" content=\"article\" \/>\n<meta property=\"og:title\" content=\"Club de Ni\u00f1os Rinc\u00f3n de Todos - #SomosFeyAlegria en Uruguay\" \/>\n<meta property=\"og:description\" content=\"[vc_row][vc_column width=\u00bb5\/6&#8243;][\/vc_column][vc_column width=\u00bb1\/6&#8243;][\/vc_column][\/vc_row][vc_row][vc_column width=\u00bb2\/3&#8243;][vc_column_text] Ubicado en el barrio Villa Espa\u00f1ola en Montevideo, Rinc\u00f3n de Todos es una propuesta educativa no formal de la CVX (Comunidad de Vida Cristiana) . Ofrece apoyo escolar, recreaci\u00f3n, talleres de huerta, cocina y fotograf\u00eda entre otros, as\u00ed como salidas did\u00e1cticas y campamentos para 30 ni\u00f1os y ni\u00f1as del barrio. &nbsp;\" \/>\n<meta property=\"og:url\" content=\"https:\/\/www.feyalegria.org\/uruguay\/club-de-ninos-rincon-de-todos\/\" \/>\n<meta property=\"og:site_name\" content=\"#SomosFeyAlegria en Uruguay\" \/>\n<meta property=\"article:modified_time\" content=\"2020-12-10T16:33:15+00:00\" \/>\n<meta name=\"twitter:card\" content=\"summary_large_image\" \/>\n<meta name=\"twitter:label1\" content=\"Tiempo de lectura\" \/>\n\t<meta name=\"twitter:data1\" content=\"2 minutos\" \/>\n<script type=\"application\/ld+json\" class=\"yoast-schema-graph\">{\"@context\":\"https:\/\/schema.org\",\"@graph\":[{\"@type\":\"WebPage\",\"@id\":\"https:\/\/www.feyalegria.org\/uruguay\/club-de-ninos-rincon-de-todos\/\",\"url\":\"https:\/\/www.feyalegria.org\/uruguay\/club-de-ninos-rincon-de-todos\/\",\"name\":\"Club de Ni\u00f1os Rinc\u00f3n de Todos - #SomosFeyAlegria en Uruguay\",\"isPartOf\":{\"@id\":\"https:\/\/www.feyalegria.org\/uruguay\/#website\"},\"datePublished\":\"2020-10-17T01:37:32+00:00\",\"dateModified\":\"2020-12-10T16:33:15+00:00\",\"breadcrumb\":{\"@id\":\"https:\/\/www.feyalegria.org\/uruguay\/club-de-ninos-rincon-de-todos\/#breadcrumb\"},\"inLanguage\":\"es\",\"potentialAction\":[{\"@type\":\"ReadAction\",\"target\":[\"https:\/\/www.feyalegria.org\/uruguay\/club-de-ninos-rincon-de-todos\/\"]}]},{\"@type\":\"BreadcrumbList\",\"@id\":\"https:\/\/www.feyalegria.org\/uruguay\/club-de-ninos-rincon-de-todos\/#breadcrumb\",\"itemListElement\":[{\"@type\":\"ListItem\",\"position\":1,\"name\":\"Home\",\"item\":\"https:\/\/www.feyalegria.org\/uruguay\/\"},{\"@type\":\"ListItem\",\"position\":2,\"name\":\"Club de Ni\u00f1os Rinc\u00f3n de Todos\"}]},{\"@type\":\"WebSite\",\"@id\":\"https:\/\/www.feyalegria.org\/uruguay\/#website\",\"url\":\"https:\/\/www.feyalegria.org\/uruguay\/\",\"name\":\"#SomosFeyAlegria en Uruguay\",\"description\":\"Movimiento de Educaci\u00f3n Popular y Promoci\u00f3n Social\",\"potentialAction\":[{\"@type\":\"SearchAction\",\"target\":{\"@type\":\"EntryPoint\",\"urlTemplate\":\"https:\/\/www.feyalegria.org\/uruguay\/?s={search_term_string}\"},\"query-input\":{\"@type\":\"PropertyValueSpecification\",\"valueRequired\":true,\"valueName\":\"search_term_string\"}}],\"inLanguage\":\"es\"}]}<\/script>\n<!-- \/ Yoast SEO plugin. -->","yoast_head_json":{"title":"Club de Ni\u00f1os Rinc\u00f3n de Todos - #SomosFeyAlegria en Uruguay","robots":{"index":"index","follow":"follow","max-snippet":"max-snippet:-1","max-image-preview":"max-image-preview:large","max-video-preview":"max-video-preview:-1"},"canonical":"https:\/\/www.feyalegria.org\/uruguay\/club-de-ninos-rincon-de-todos\/","og_locale":"es_ES","og_type":"article","og_title":"Club de Ni\u00f1os Rinc\u00f3n de Todos - #SomosFeyAlegria en Uruguay","og_description":"[vc_row][vc_column width=\u00bb5\/6&#8243;][\/vc_column][vc_column width=\u00bb1\/6&#8243;][\/vc_column][\/vc_row][vc_row][vc_column width=\u00bb2\/3&#8243;][vc_column_text] Ubicado en el barrio Villa Espa\u00f1ola en Montevideo, Rinc\u00f3n de Todos es una propuesta educativa no formal de la CVX (Comunidad de Vida Cristiana) . Ofrece apoyo escolar, recreaci\u00f3n, talleres de huerta, cocina y fotograf\u00eda entre otros, as\u00ed como salidas did\u00e1cticas y campamentos para 30 ni\u00f1os y ni\u00f1as del barrio. &nbsp;","og_url":"https:\/\/www.feyalegria.org\/uruguay\/club-de-ninos-rincon-de-todos\/","og_site_name":"#SomosFeyAlegria en Uruguay","article_modified_time":"2020-12-10T16:33:15+00:00","twitter_card":"summary_large_image","twitter_misc":{"Tiempo de lectura":"2 minutos"},"schema":{"@context":"https:\/\/schema.org","@graph":[{"@type":"WebPage","@id":"https:\/\/www.feyalegria.org\/uruguay\/club-de-ninos-rincon-de-todos\/","url":"https:\/\/www.feyalegria.org\/uruguay\/club-de-ninos-rincon-de-todos\/","name":"Club de Ni\u00f1os Rinc\u00f3n de Todos - #SomosFeyAlegria en Uruguay","isPartOf":{"@id":"https:\/\/www.feyalegria.org\/uruguay\/#website"},"datePublished":"2020-10-17T01:37:32+00:00","dateModified":"2020-12-10T16:33:15+00:00","breadcrumb":{"@id":"https:\/\/www.feyalegria.org\/uruguay\/club-de-ninos-rincon-de-todos\/#breadcrumb"},"inLanguage":"es","potentialAction":[{"@type":"ReadAction","target":["https:\/\/www.feyalegria.org\/uruguay\/club-de-ninos-rincon-de-todos\/"]}]},{"@type":"BreadcrumbList","@id":"https:\/\/www.feyalegria.org\/uruguay\/club-de-ninos-rincon-de-todos\/#breadcrumb","itemListElement":[{"@type":"ListItem","position":1,"name":"Home","item":"https:\/\/www.feyalegria.org\/uruguay\/"},{"@type":"ListItem","position":2,"name":"Club de Ni\u00f1os Rinc\u00f3n de Todos"}]},{"@type":"WebSite","@id":"https:\/\/www.feyalegria.org\/uruguay\/#website","url":"https:\/\/www.feyalegria.org\/uruguay\/","name":"#SomosFeyAlegria en Uruguay","description":"Movimiento de Educaci\u00f3n Popular y Promoci\u00f3n Social","potentialAction":[{"@type":"SearchAction","target":{"@type":"EntryPoint","urlTemplate":"https:\/\/www.feyalegria.org\/uruguay\/?s={search_term_string}"},"query-input":{"@type":"PropertyValueSpecification","valueRequired":true,"valueName":"search_term_string"}}],"inLanguage":"es"}]}},"_links":{"self":[{"href":"https:\/\/www.feyalegria.org\/uruguay\/wp-json\/wp\/v2\/pages\/1968","targetHints":{"allow":["GET"]}}],"collection":[{"href":"https:\/\/www.feyalegria.org\/uruguay\/wp-json\/wp\/v2\/pages"}],"about":[{"href":"https:\/\/www.feyalegria.org\/uruguay\/wp-json\/wp\/v2\/types\/page"}],"author":[{"embeddable":true,"href":"https:\/\/www.feyalegria.org\/uruguay\/wp-json\/wp\/v2\/users\/6"}],"replies":[{"embeddable":true,"href":"https:\/\/www.feyalegria.org\/uruguay\/wp-json\/wp\/v2\/comments?post=1968"}],"version-history":[{"count":0,"href":"https:\/\/www.feyalegria.org\/uruguay\/wp-json\/wp\/v2\/pages\/1968\/revisions"}],"wp:attachment":[{"href":"https:\/\/www.feyalegria.org\/uruguay\/wp-json\/wp\/v2\/media?parent=1968"}],"wp:term":[{"taxonomy":"folder","embeddable":true,"href":"https:\/\/www.feyalegria.org\/uruguay\/wp-json\/wp\/v2\/folder?post=1968"}],"curies":[{"name":"wp","href":"https:\/\/api.w.org\/{rel}","templated":true}]}}