 {"id":1973,"date":"2020-10-16T20:47:17","date_gmt":"2020-10-17T01:47:17","guid":{"rendered":"https:\/\/www.feyalegria.org\/uruguay\/?page_id=1973"},"modified":"2020-11-03T21:47:48","modified_gmt":"2020-11-04T02:47:48","slug":"club-de-ninos-nuestro-lugar","status":"publish","type":"page","link":"https:\/\/www.feyalegria.org\/uruguay\/club-de-ninos-nuestro-lugar\/","title":{"rendered":"Club de Ni\u00f1os Nuestro Lugar"},"content":{"rendered":"<div class=\"wpb-content-wrapper\"><p>[vc_row][vc_column width=\u00bb5\/6&#8243;]<div style=\"background-color:;height: 50px\" class=\"nicdark_section  \"><\/div>[\/vc_column][vc_column width=\u00bb1\/6&#8243;]<a href=\"https:\/\/www.feyalegria.org\/uruguay\/centros-educativos\/\" title=\"Centros educativos\"  data-id=\"mpc_button-3469f17d056563c\" class=\"mpc-button mpc-init mpc-transition mpc-typography--default \" ><div class=\"mpc-button__content mpc-effect-type--stay mpc-effect-side--left\"><i class=\"mpc-button__icon mpc-transition  mi mi-pin_drop\"><\/i><span class=\"mpc-button__title mpc-transition\">Volver al mapa<\/span><\/div><div class=\"mpc-button__background mpc-transition mpc-effect-type--fade mpc-effect-side--in\"><\/div><\/a>[\/vc_column][\/vc_row][vc_row][vc_column width=\u00bb2\/3&#8243;][vc_column_text]<\/p>\n<p align=\"justify\">Nuestro Lugar es un centro de Fe y Alegr\u00eda en convenio con INAU y est\u00e1 ubicado en el barrio San Lorenzo, pr\u00f3ximo al Cerrito de la Victoria en Montevideo. Diariamente asisten al Club 45 ni\u00f1os y ni\u00f1as de entre 5 y 12 a\u00f1os en el horario de la tarde.  Su equipo multidisciplinario hace especial \u00e9nfasis en los aspectos creativos y art\u00edsticos de la propuesta que permiten, a trav\u00e9s de programas de fortalecimiento de los aprendizajes, la expresi\u00f3n pl\u00e1stica,  la m\u00fasica, la recreaci\u00f3n y el deporte; estimular los procesos cognitivos de ni\u00f1os y ni\u00f1as y desarrollar plenamente su potencial.<\/p>\n<p>&nbsp;<\/p>\n<p>&nbsp;<\/p>\n<h5 style=\"text-align: left\"><strong><span style=\"color: #aa0f16\">Contactos<\/span><\/strong><\/h5>\n<p>&nbsp;<\/p>\n<p><strong>Tel\u00e9fono<\/strong>: 2216 03 85<\/p>\n<p><strong>Correo electr\u00f3nico<\/strong>: nuestrolugar@feyalegria.org.uy<\/p>\n<p>[\/vc_column_text][\/vc_column][vc_column width=\u00bb1\/3&#8243;][vc_gmaps link=\u00bb#E-8_JTNDaWZyYW1lJTIwc3JjJTNEJTIyaHR0cHMlM0ElMkYlMkZ3d3cuZ29vZ2xlLmNvbSUyRm1hcHMlMkZlbWJlZCUzRnBiJTNEJTIxMW0xOCUyMTFtMTIlMjExbTMlMjExZDkyNjEuMTY0MzQwNTY3OTM3JTIxMmQtNTYuMTc4NTgwMjc0OTk5MjklMjEzZC0zNC44NDgyNzk5OTY0Nzk0NSUyMTJtMyUyMTFmMCUyMTJmMCUyMTNmMCUyMTNtMiUyMTFpMTAyNCUyMTJpNzY4JTIxNGYxMy4xJTIxM20zJTIxMW0yJTIxMXMweDk1YTAyYTkyMWVlMjAyYTklMjUzQTB4NTE0NjM3MzYwMDFhYjc3ZiUyMTJzQ2x1YiUyNTIwZGUlMjUyME5pJTI1QzMlMjVCMW9zJTI1MjBOdWVzdHJvJTI1MjBMdWdhciUyMTVlMCUyMTNtMiUyMTFzZXMlMjEyc3ZlJTIxNHYxNjAzMDYzNTUwMjA0JTIxNW0yJTIxMXNlcyUyMTJzdmUlMjIlMjB3aWR0aCUzRCUyMjYwMCUyMiUyMGhlaWdodCUzRCUyMjQ1MCUyMiUyMGZyYW1lYm9yZGVyJTNEJTIyMCUyMiUyMHN0eWxlJTNEJTIyYm9yZGVyJTNBMCUzQiUyMiUyMGFsbG93ZnVsbHNjcmVlbiUzRCUyMiUyMiUyMGFyaWEtaGlkZGVuJTNEJTIyZmFsc2UlMjIlMjB0YWJpbmRleCUzRCUyMjAlMjIlM0UlM0MlMkZpZnJhbWUlM0U=\u00bb][\/vc_column][\/vc_row][vc_row][vc_column width=\u00bb1\/4&#8243;][vc_single_image image=\u00bb2150&#8243; img_size=\u00bbmedium\u00bb alignment=\u00bbcenter\u00bb onclick=\u00bbimg_link_large\u00bb][\/vc_column][vc_column width=\u00bb1\/4&#8243;][vc_single_image image=\u00bb2151&#8243; img_size=\u00bbmedium\u00bb alignment=\u00bbcenter\u00bb onclick=\u00bbimg_link_large\u00bb][\/vc_column][vc_column width=\u00bb1\/4&#8243;][vc_single_image image=\u00bb2152&#8243; img_size=\u00bbmedium\u00bb alignment=\u00bbcenter\u00bb onclick=\u00bbimg_link_large\u00bb][\/vc_column][vc_column width=\u00bb1\/4&#8243;][vc_single_image image=\u00bb2340&#8243; img_size=\u00bbmedium\u00bb alignment=\u00bbcenter\u00bb onclick=\u00bbimg_link_large\u00bb][\/vc_column][\/vc_row]<\/p>\n<\/div>","protected":false},"excerpt":{"rendered":"<p>[vc_row][vc_column width=\u00bb5\/6&#8243;][\/vc_column][vc_column width=\u00bb1\/6&#8243;][\/vc_column][\/vc_row][vc_row][vc_column width=\u00bb2\/3&#8243;][vc_column_text] Nuestro Lugar es un centro de Fe y Alegr\u00eda en convenio con INAU y est\u00e1 ubicado en el barrio San Lorenzo, pr\u00f3ximo al Cerrito de la Victoria en Montevideo. Diariamente asisten al Club 45 ni\u00f1os y ni\u00f1as de entre 5 y 12 a\u00f1os en el horario de la tarde. Su equipo<\/p>\n","protected":false},"author":6,"featured_media":0,"parent":0,"menu_order":0,"comment_status":"closed","ping_status":"closed","template":"","meta":{"_acf_changed":false,"footnotes":""},"folder":[],"class_list":["post-1973","page","type-page","status-publish","hentry"],"acf":[],"yoast_head":"<!-- This site is optimized with the Yoast SEO plugin v27.5 - https:\/\/yoast.com\/product\/yoast-seo-wordpress\/ -->\n<title>Club de Ni\u00f1os Nuestro Lugar - #SomosFeyAlegria en Uruguay<\/title>\n<meta name=\"robots\" content=\"index, follow, max-snippet:-1, max-image-preview:large, max-video-preview:-1\" \/>\n<link rel=\"canonical\" href=\"https:\/\/www.feyalegria.org\/uruguay\/club-de-ninos-nuestro-lugar\/\" \/>\n<meta property=\"og:locale\" content=\"es_ES\" \/>\n<meta property=\"og:type\" content=\"article\" \/>\n<meta property=\"og:title\" content=\"Club de Ni\u00f1os Nuestro Lugar - #SomosFeyAlegria en Uruguay\" \/>\n<meta property=\"og:description\" content=\"[vc_row][vc_column width=\u00bb5\/6&#8243;][\/vc_column][vc_column width=\u00bb1\/6&#8243;][\/vc_column][\/vc_row][vc_row][vc_column width=\u00bb2\/3&#8243;][vc_column_text] Nuestro Lugar es un centro de Fe y Alegr\u00eda en convenio con INAU y est\u00e1 ubicado en el barrio San Lorenzo, pr\u00f3ximo al Cerrito de la Victoria en Montevideo. Diariamente asisten al Club 45 ni\u00f1os y ni\u00f1as de entre 5 y 12 a\u00f1os en el horario de la tarde. Su equipo\" \/>\n<meta property=\"og:url\" content=\"https:\/\/www.feyalegria.org\/uruguay\/club-de-ninos-nuestro-lugar\/\" \/>\n<meta property=\"og:site_name\" content=\"#SomosFeyAlegria en Uruguay\" \/>\n<meta property=\"article:modified_time\" content=\"2020-11-04T02:47:48+00:00\" \/>\n<meta name=\"twitter:card\" content=\"summary_large_image\" \/>\n<meta name=\"twitter:label1\" content=\"Tiempo de lectura\" \/>\n\t<meta name=\"twitter:data1\" content=\"2 minutos\" \/>\n<script type=\"application\/ld+json\" class=\"yoast-schema-graph\">{\"@context\":\"https:\\\/\\\/schema.org\",\"@graph\":[{\"@type\":\"WebPage\",\"@id\":\"https:\\\/\\\/www.feyalegria.org\\\/uruguay\\\/club-de-ninos-nuestro-lugar\\\/\",\"url\":\"https:\\\/\\\/www.feyalegria.org\\\/uruguay\\\/club-de-ninos-nuestro-lugar\\\/\",\"name\":\"Club de Ni\u00f1os Nuestro Lugar - #SomosFeyAlegria en Uruguay\",\"isPartOf\":{\"@id\":\"https:\\\/\\\/www.feyalegria.org\\\/uruguay\\\/#website\"},\"datePublished\":\"2020-10-17T01:47:17+00:00\",\"dateModified\":\"2020-11-04T02:47:48+00:00\",\"breadcrumb\":{\"@id\":\"https:\\\/\\\/www.feyalegria.org\\\/uruguay\\\/club-de-ninos-nuestro-lugar\\\/#breadcrumb\"},\"inLanguage\":\"es\",\"potentialAction\":[{\"@type\":\"ReadAction\",\"target\":[\"https:\\\/\\\/www.feyalegria.org\\\/uruguay\\\/club-de-ninos-nuestro-lugar\\\/\"]}]},{\"@type\":\"BreadcrumbList\",\"@id\":\"https:\\\/\\\/www.feyalegria.org\\\/uruguay\\\/club-de-ninos-nuestro-lugar\\\/#breadcrumb\",\"itemListElement\":[{\"@type\":\"ListItem\",\"position\":1,\"name\":\"Home\",\"item\":\"https:\\\/\\\/www.feyalegria.org\\\/uruguay\\\/\"},{\"@type\":\"ListItem\",\"position\":2,\"name\":\"Club de Ni\u00f1os Nuestro Lugar\"}]},{\"@type\":\"WebSite\",\"@id\":\"https:\\\/\\\/www.feyalegria.org\\\/uruguay\\\/#website\",\"url\":\"https:\\\/\\\/www.feyalegria.org\\\/uruguay\\\/\",\"name\":\"#SomosFeyAlegria en Uruguay\",\"description\":\"Movimiento de Educaci\u00f3n Popular y Promoci\u00f3n Social\",\"potentialAction\":[{\"@type\":\"SearchAction\",\"target\":{\"@type\":\"EntryPoint\",\"urlTemplate\":\"https:\\\/\\\/www.feyalegria.org\\\/uruguay\\\/?s={search_term_string}\"},\"query-input\":{\"@type\":\"PropertyValueSpecification\",\"valueRequired\":true,\"valueName\":\"search_term_string\"}}],\"inLanguage\":\"es\"}]}<\/script>\n<!-- \/ Yoast SEO plugin. -->","yoast_head_json":{"title":"Club de Ni\u00f1os Nuestro Lugar - #SomosFeyAlegria en Uruguay","robots":{"index":"index","follow":"follow","max-snippet":"max-snippet:-1","max-image-preview":"max-image-preview:large","max-video-preview":"max-video-preview:-1"},"canonical":"https:\/\/www.feyalegria.org\/uruguay\/club-de-ninos-nuestro-lugar\/","og_locale":"es_ES","og_type":"article","og_title":"Club de Ni\u00f1os Nuestro Lugar - #SomosFeyAlegria en Uruguay","og_description":"[vc_row][vc_column width=\u00bb5\/6&#8243;][\/vc_column][vc_column width=\u00bb1\/6&#8243;][\/vc_column][\/vc_row][vc_row][vc_column width=\u00bb2\/3&#8243;][vc_column_text] Nuestro Lugar es un centro de Fe y Alegr\u00eda en convenio con INAU y est\u00e1 ubicado en el barrio San Lorenzo, pr\u00f3ximo al Cerrito de la Victoria en Montevideo. Diariamente asisten al Club 45 ni\u00f1os y ni\u00f1as de entre 5 y 12 a\u00f1os en el horario de la tarde. Su equipo","og_url":"https:\/\/www.feyalegria.org\/uruguay\/club-de-ninos-nuestro-lugar\/","og_site_name":"#SomosFeyAlegria en Uruguay","article_modified_time":"2020-11-04T02:47:48+00:00","twitter_card":"summary_large_image","twitter_misc":{"Tiempo de lectura":"2 minutos"},"schema":{"@context":"https:\/\/schema.org","@graph":[{"@type":"WebPage","@id":"https:\/\/www.feyalegria.org\/uruguay\/club-de-ninos-nuestro-lugar\/","url":"https:\/\/www.feyalegria.org\/uruguay\/club-de-ninos-nuestro-lugar\/","name":"Club de Ni\u00f1os Nuestro Lugar - #SomosFeyAlegria en Uruguay","isPartOf":{"@id":"https:\/\/www.feyalegria.org\/uruguay\/#website"},"datePublished":"2020-10-17T01:47:17+00:00","dateModified":"2020-11-04T02:47:48+00:00","breadcrumb":{"@id":"https:\/\/www.feyalegria.org\/uruguay\/club-de-ninos-nuestro-lugar\/#breadcrumb"},"inLanguage":"es","potentialAction":[{"@type":"ReadAction","target":["https:\/\/www.feyalegria.org\/uruguay\/club-de-ninos-nuestro-lugar\/"]}]},{"@type":"BreadcrumbList","@id":"https:\/\/www.feyalegria.org\/uruguay\/club-de-ninos-nuestro-lugar\/#breadcrumb","itemListElement":[{"@type":"ListItem","position":1,"name":"Home","item":"https:\/\/www.feyalegria.org\/uruguay\/"},{"@type":"ListItem","position":2,"name":"Club de Ni\u00f1os Nuestro Lugar"}]},{"@type":"WebSite","@id":"https:\/\/www.feyalegria.org\/uruguay\/#website","url":"https:\/\/www.feyalegria.org\/uruguay\/","name":"#SomosFeyAlegria en Uruguay","description":"Movimiento de Educaci\u00f3n Popular y Promoci\u00f3n Social","potentialAction":[{"@type":"SearchAction","target":{"@type":"EntryPoint","urlTemplate":"https:\/\/www.feyalegria.org\/uruguay\/?s={search_term_string}"},"query-input":{"@type":"PropertyValueSpecification","valueRequired":true,"valueName":"search_term_string"}}],"inLanguage":"es"}]}},"_links":{"self":[{"href":"https:\/\/www.feyalegria.org\/uruguay\/wp-json\/wp\/v2\/pages\/1973","targetHints":{"allow":["GET"]}}],"collection":[{"href":"https:\/\/www.feyalegria.org\/uruguay\/wp-json\/wp\/v2\/pages"}],"about":[{"href":"https:\/\/www.feyalegria.org\/uruguay\/wp-json\/wp\/v2\/types\/page"}],"author":[{"embeddable":true,"href":"https:\/\/www.feyalegria.org\/uruguay\/wp-json\/wp\/v2\/users\/6"}],"replies":[{"embeddable":true,"href":"https:\/\/www.feyalegria.org\/uruguay\/wp-json\/wp\/v2\/comments?post=1973"}],"version-history":[{"count":0,"href":"https:\/\/www.feyalegria.org\/uruguay\/wp-json\/wp\/v2\/pages\/1973\/revisions"}],"wp:attachment":[{"href":"https:\/\/www.feyalegria.org\/uruguay\/wp-json\/wp\/v2\/media?parent=1973"}],"wp:term":[{"taxonomy":"folder","embeddable":true,"href":"https:\/\/www.feyalegria.org\/uruguay\/wp-json\/wp\/v2\/folder?post=1973"}],"curies":[{"name":"wp","href":"https:\/\/api.w.org\/{rel}","templated":true}]}}