 {"id":1975,"date":"2020-10-16T20:51:38","date_gmt":"2020-10-17T01:51:38","guid":{"rendered":"https:\/\/www.feyalegria.org\/uruguay\/?page_id=1975"},"modified":"2020-11-07T11:33:53","modified_gmt":"2020-11-07T16:33:53","slug":"colegio-san-adolfo","status":"publish","type":"page","link":"https:\/\/www.feyalegria.org\/uruguay\/colegio-san-adolfo\/","title":{"rendered":"Colegio San Adolfo"},"content":{"rendered":"<div class=\"wpb-content-wrapper\"><p>[vc_row][vc_column width=\u00bb5\/6&#8243;]<div style=\"background-color:;height: 50px\" class=\"nicdark_section  \"><\/div>[\/vc_column][vc_column width=\u00bb1\/6&#8243;]<a href=\"https:\/\/www.feyalegria.org\/uruguay\/centros-educativos\/\" title=\"Centros educativos\"  data-id=\"mpc_button-5369e7f4f38c6e4\" class=\"mpc-button mpc-init mpc-transition mpc-typography--default \" ><div class=\"mpc-button__content mpc-effect-type--stay mpc-effect-side--left\"><i class=\"mpc-button__icon mpc-transition  mi mi-pin_drop\"><\/i><span class=\"mpc-button__title mpc-transition\">Volver al mapa<\/span><\/div><div class=\"mpc-button__background mpc-transition mpc-effect-type--fade mpc-effect-side--in\"><\/div><\/a>[\/vc_column][\/vc_row][vc_row][vc_column width=\u00bb2\/3&#8243;][vc_column_text]<\/p>\n<p align=\"justify\">Ubicado en la localidad de El Dorado, una zona suburbana en el departamento de Canelones, el colegio San Adolfo ofrece educaci\u00f3n inicial y primaria  para 200 alumnos de la zona. En el San Adolfo se promueve el desarrollo integral de los alumnos y alumnas, tanto de sus capacidades intelectuales, como de sus habilidades sociales, buscando que sean cristianos comprometidos con el bien de los dem\u00e1s.<\/p>\n<p>&nbsp;<\/p>\n<p>Como resultado de un proceso de innovaci\u00f3n educativa que se implementa desde 2016, se trabaja por proyectos de comprensi\u00f3n basados en la teor\u00eda de las Inteligencias m\u00faltiples, la educaci\u00f3n emocional y priorizando el trabajo cooperativo con el objetivo de que los alumnos logren desarrollarse plenamente y de acuerdo a su potencial.<\/p>\n<p>&nbsp;<\/p>\n<p>&nbsp;<\/p>\n<h5 style=\"text-align: left\"><strong><span style=\"color: #aa0f16\">Contactos<\/span><\/strong><\/h5>\n<p>&nbsp;<\/p>\n<p><strong>Tel\u00e9fonos<\/strong>: 2364 01 51 | 2365 67 34<\/p>\n<p>&nbsp;<\/p>\n<p><strong>Web<\/strong>: www.colegiosanadolfo.edu.uy<\/p>\n<p>[\/vc_column_text][\/vc_column][vc_column width=\u00bb1\/3&#8243;][vc_gmaps link=\u00bb#E-8_JTNDaWZyYW1lJTIwc3JjJTNEJTIyaHR0cHMlM0ElMkYlMkZ3d3cuZ29vZ2xlLmNvbSUyRm1hcHMlMkZlbWJlZCUzRnBiJTNEJTIxMW0xOCUyMTFtMTIlMjExbTMlMjExZDExNjg4Ljc4NjM3MTQ2NDk2NyUyMTJkLTU2LjIyNzcxNDYzNTk4MzgxNiUyMTNkLTM0LjcwMzc5MjEzNjUwMDgyJTIxMm0zJTIxMWYwJTIxMmYwJTIxM2YwJTIxM20yJTIxMWkxMDI0JTIxMmk3NjglMjE0ZjEzLjElMjEzbTMlMjExbTIlMjExczB4OTVhMWNkNDcyOWU2ZWMzMyUyNTNBMHhjMTFhMTY2OGMxYjcyZWNlJTIxMnNDb2xlZ2lvJTI1MjBTYW4lMjUyMEFkb2xmbyUyNTJDJTI1MjBGZSUyNTIweSUyNTIwQWxlZ3IlMjVDMyUyNUFEYSUyMTVlMCUyMTNtMiUyMTFzZXMlMjEyc3ZlJTIxNHYxNjAzMDYyNjkzMDg4JTIxNW0yJTIxMXNlcyUyMTJzdmUlMjIlMjB3aWR0aCUzRCUyMjYwMCUyMiUyMGhlaWdodCUzRCUyMjQ1MCUyMiUyMGZyYW1lYm9yZGVyJTNEJTIyMCUyMiUyMHN0eWxlJTNEJTIyYm9yZGVyJTNBMCUzQiUyMiUyMGFsbG93ZnVsbHNjcmVlbiUzRCUyMiUyMiUyMGFyaWEtaGlkZGVuJTNEJTIyZmFsc2UlMjIlMjB0YWJpbmRleCUzRCUyMjAlMjIlM0UlM0MlMkZpZnJhbWUlM0U=\u00bb][\/vc_column][\/vc_row][vc_row][vc_column width=\u00bb1\/4&#8243;][vc_single_image image=\u00bb2068&#8243; img_size=\u00bbmedium\u00bb alignment=\u00bbcenter\u00bb onclick=\u00bbimg_link_large\u00bb][\/vc_column][vc_column width=\u00bb1\/4&#8243;][vc_single_image image=\u00bb2157&#8243; img_size=\u00bbmedium\u00bb alignment=\u00bbcenter\u00bb onclick=\u00bbimg_link_large\u00bb][\/vc_column][vc_column width=\u00bb1\/4&#8243;][vc_single_image image=\u00bb2070&#8243; img_size=\u00bbmedium\u00bb alignment=\u00bbcenter\u00bb onclick=\u00bbimg_link_large\u00bb][\/vc_column][vc_column width=\u00bb1\/4&#8243;][vc_single_image image=\u00bb2067&#8243; img_size=\u00bbmedium\u00bb alignment=\u00bbcenter\u00bb onclick=\u00bbimg_link_large\u00bb][\/vc_column][\/vc_row]<\/p>\n<\/div>","protected":false},"excerpt":{"rendered":"<p>[vc_row][vc_column width=\u00bb5\/6&#8243;][\/vc_column][vc_column width=\u00bb1\/6&#8243;][\/vc_column][\/vc_row][vc_row][vc_column width=\u00bb2\/3&#8243;][vc_column_text] Ubicado en la localidad de El Dorado, una zona suburbana en el departamento de Canelones, el colegio San Adolfo ofrece educaci\u00f3n inicial y primaria para 200 alumnos de la zona. En el San Adolfo se promueve el desarrollo integral de los alumnos y alumnas, tanto de sus capacidades intelectuales, como de<\/p>\n","protected":false},"author":6,"featured_media":0,"parent":0,"menu_order":0,"comment_status":"closed","ping_status":"closed","template":"","meta":{"_acf_changed":false,"footnotes":""},"folder":[],"class_list":["post-1975","page","type-page","status-publish","hentry"],"acf":[],"yoast_head":"<!-- This site is optimized with the Yoast SEO plugin v27.2 - https:\/\/yoast.com\/product\/yoast-seo-wordpress\/ -->\n<title>Colegio San Adolfo - #SomosFeyAlegria en Uruguay<\/title>\n<meta name=\"robots\" content=\"index, follow, max-snippet:-1, max-image-preview:large, max-video-preview:-1\" \/>\n<link rel=\"canonical\" href=\"https:\/\/www.feyalegria.org\/uruguay\/colegio-san-adolfo\/\" \/>\n<meta property=\"og:locale\" content=\"es_ES\" \/>\n<meta property=\"og:type\" content=\"article\" \/>\n<meta property=\"og:title\" content=\"Colegio San Adolfo - #SomosFeyAlegria en Uruguay\" \/>\n<meta property=\"og:description\" content=\"[vc_row][vc_column width=\u00bb5\/6&#8243;][\/vc_column][vc_column width=\u00bb1\/6&#8243;][\/vc_column][\/vc_row][vc_row][vc_column width=\u00bb2\/3&#8243;][vc_column_text] Ubicado en la localidad de El Dorado, una zona suburbana en el departamento de Canelones, el colegio San Adolfo ofrece educaci\u00f3n inicial y primaria para 200 alumnos de la zona. En el San Adolfo se promueve el desarrollo integral de los alumnos y alumnas, tanto de sus capacidades intelectuales, como de\" \/>\n<meta property=\"og:url\" content=\"https:\/\/www.feyalegria.org\/uruguay\/colegio-san-adolfo\/\" \/>\n<meta property=\"og:site_name\" content=\"#SomosFeyAlegria en Uruguay\" \/>\n<meta property=\"article:modified_time\" content=\"2020-11-07T16:33:53+00:00\" \/>\n<meta name=\"twitter:card\" content=\"summary_large_image\" \/>\n<meta name=\"twitter:label1\" content=\"Tiempo de lectura\" \/>\n\t<meta name=\"twitter:data1\" content=\"2 minutos\" \/>\n<script type=\"application\/ld+json\" class=\"yoast-schema-graph\">{\"@context\":\"https:\/\/schema.org\",\"@graph\":[{\"@type\":\"WebPage\",\"@id\":\"https:\/\/www.feyalegria.org\/uruguay\/colegio-san-adolfo\/\",\"url\":\"https:\/\/www.feyalegria.org\/uruguay\/colegio-san-adolfo\/\",\"name\":\"Colegio San Adolfo - #SomosFeyAlegria en Uruguay\",\"isPartOf\":{\"@id\":\"https:\/\/www.feyalegria.org\/uruguay\/#website\"},\"datePublished\":\"2020-10-17T01:51:38+00:00\",\"dateModified\":\"2020-11-07T16:33:53+00:00\",\"breadcrumb\":{\"@id\":\"https:\/\/www.feyalegria.org\/uruguay\/colegio-san-adolfo\/#breadcrumb\"},\"inLanguage\":\"es\",\"potentialAction\":[{\"@type\":\"ReadAction\",\"target\":[\"https:\/\/www.feyalegria.org\/uruguay\/colegio-san-adolfo\/\"]}]},{\"@type\":\"BreadcrumbList\",\"@id\":\"https:\/\/www.feyalegria.org\/uruguay\/colegio-san-adolfo\/#breadcrumb\",\"itemListElement\":[{\"@type\":\"ListItem\",\"position\":1,\"name\":\"Home\",\"item\":\"https:\/\/www.feyalegria.org\/uruguay\/\"},{\"@type\":\"ListItem\",\"position\":2,\"name\":\"Colegio San Adolfo\"}]},{\"@type\":\"WebSite\",\"@id\":\"https:\/\/www.feyalegria.org\/uruguay\/#website\",\"url\":\"https:\/\/www.feyalegria.org\/uruguay\/\",\"name\":\"#SomosFeyAlegria en Uruguay\",\"description\":\"Movimiento de Educaci\u00f3n Popular y Promoci\u00f3n Social\",\"potentialAction\":[{\"@type\":\"SearchAction\",\"target\":{\"@type\":\"EntryPoint\",\"urlTemplate\":\"https:\/\/www.feyalegria.org\/uruguay\/?s={search_term_string}\"},\"query-input\":{\"@type\":\"PropertyValueSpecification\",\"valueRequired\":true,\"valueName\":\"search_term_string\"}}],\"inLanguage\":\"es\"}]}<\/script>\n<!-- \/ Yoast SEO plugin. -->","yoast_head_json":{"title":"Colegio San Adolfo - #SomosFeyAlegria en Uruguay","robots":{"index":"index","follow":"follow","max-snippet":"max-snippet:-1","max-image-preview":"max-image-preview:large","max-video-preview":"max-video-preview:-1"},"canonical":"https:\/\/www.feyalegria.org\/uruguay\/colegio-san-adolfo\/","og_locale":"es_ES","og_type":"article","og_title":"Colegio San Adolfo - #SomosFeyAlegria en Uruguay","og_description":"[vc_row][vc_column width=\u00bb5\/6&#8243;][\/vc_column][vc_column width=\u00bb1\/6&#8243;][\/vc_column][\/vc_row][vc_row][vc_column width=\u00bb2\/3&#8243;][vc_column_text] Ubicado en la localidad de El Dorado, una zona suburbana en el departamento de Canelones, el colegio San Adolfo ofrece educaci\u00f3n inicial y primaria para 200 alumnos de la zona. En el San Adolfo se promueve el desarrollo integral de los alumnos y alumnas, tanto de sus capacidades intelectuales, como de","og_url":"https:\/\/www.feyalegria.org\/uruguay\/colegio-san-adolfo\/","og_site_name":"#SomosFeyAlegria en Uruguay","article_modified_time":"2020-11-07T16:33:53+00:00","twitter_card":"summary_large_image","twitter_misc":{"Tiempo de lectura":"2 minutos"},"schema":{"@context":"https:\/\/schema.org","@graph":[{"@type":"WebPage","@id":"https:\/\/www.feyalegria.org\/uruguay\/colegio-san-adolfo\/","url":"https:\/\/www.feyalegria.org\/uruguay\/colegio-san-adolfo\/","name":"Colegio San Adolfo - #SomosFeyAlegria en Uruguay","isPartOf":{"@id":"https:\/\/www.feyalegria.org\/uruguay\/#website"},"datePublished":"2020-10-17T01:51:38+00:00","dateModified":"2020-11-07T16:33:53+00:00","breadcrumb":{"@id":"https:\/\/www.feyalegria.org\/uruguay\/colegio-san-adolfo\/#breadcrumb"},"inLanguage":"es","potentialAction":[{"@type":"ReadAction","target":["https:\/\/www.feyalegria.org\/uruguay\/colegio-san-adolfo\/"]}]},{"@type":"BreadcrumbList","@id":"https:\/\/www.feyalegria.org\/uruguay\/colegio-san-adolfo\/#breadcrumb","itemListElement":[{"@type":"ListItem","position":1,"name":"Home","item":"https:\/\/www.feyalegria.org\/uruguay\/"},{"@type":"ListItem","position":2,"name":"Colegio San Adolfo"}]},{"@type":"WebSite","@id":"https:\/\/www.feyalegria.org\/uruguay\/#website","url":"https:\/\/www.feyalegria.org\/uruguay\/","name":"#SomosFeyAlegria en Uruguay","description":"Movimiento de Educaci\u00f3n Popular y Promoci\u00f3n Social","potentialAction":[{"@type":"SearchAction","target":{"@type":"EntryPoint","urlTemplate":"https:\/\/www.feyalegria.org\/uruguay\/?s={search_term_string}"},"query-input":{"@type":"PropertyValueSpecification","valueRequired":true,"valueName":"search_term_string"}}],"inLanguage":"es"}]}},"_links":{"self":[{"href":"https:\/\/www.feyalegria.org\/uruguay\/wp-json\/wp\/v2\/pages\/1975","targetHints":{"allow":["GET"]}}],"collection":[{"href":"https:\/\/www.feyalegria.org\/uruguay\/wp-json\/wp\/v2\/pages"}],"about":[{"href":"https:\/\/www.feyalegria.org\/uruguay\/wp-json\/wp\/v2\/types\/page"}],"author":[{"embeddable":true,"href":"https:\/\/www.feyalegria.org\/uruguay\/wp-json\/wp\/v2\/users\/6"}],"replies":[{"embeddable":true,"href":"https:\/\/www.feyalegria.org\/uruguay\/wp-json\/wp\/v2\/comments?post=1975"}],"version-history":[{"count":0,"href":"https:\/\/www.feyalegria.org\/uruguay\/wp-json\/wp\/v2\/pages\/1975\/revisions"}],"wp:attachment":[{"href":"https:\/\/www.feyalegria.org\/uruguay\/wp-json\/wp\/v2\/media?parent=1975"}],"wp:term":[{"taxonomy":"folder","embeddable":true,"href":"https:\/\/www.feyalegria.org\/uruguay\/wp-json\/wp\/v2\/folder?post=1975"}],"curies":[{"name":"wp","href":"https:\/\/api.w.org\/{rel}","templated":true}]}}