 {"id":1977,"date":"2020-10-16T20:57:11","date_gmt":"2020-10-17T01:57:11","guid":{"rendered":"https:\/\/www.feyalegria.org\/uruguay\/?page_id=1977"},"modified":"2020-10-25T19:54:46","modified_gmt":"2020-10-26T00:54:46","slug":"parque-educativo-padre-novoa","status":"publish","type":"page","link":"https:\/\/www.feyalegria.org\/uruguay\/parque-educativo-padre-novoa\/","title":{"rendered":"Parque Educativo Padre Novoa"},"content":{"rendered":"<div class=\"wpb-content-wrapper\"><p>[vc_row][vc_column width=\u00bb5\/6&#8243;]<div style=\"background-color:;height: 50px\" class=\"nicdark_section  \"><\/div>[\/vc_column][vc_column width=\u00bb1\/6&#8243;]<a href=\"https:\/\/www.feyalegria.org\/uruguay\/centros-educativos\/\" title=\"Centros educativos\"  data-id=\"mpc_button-1869e7e0dfc00c9\" class=\"mpc-button mpc-init mpc-transition mpc-typography--default \" ><div class=\"mpc-button__content mpc-effect-type--stay mpc-effect-side--left\"><i class=\"mpc-button__icon mpc-transition  mi mi-pin_drop\"><\/i><span class=\"mpc-button__title mpc-transition\">Volver al mapa<\/span><\/div><div class=\"mpc-button__background mpc-transition mpc-effect-type--fade mpc-effect-side--in\"><\/div><\/a>[\/vc_column][\/vc_row][vc_row][vc_column width=\u00bb2\/3&#8243;][vc_column_text]<\/p>\n<p align=\"justify\">El Parque Educativo Padre Novoa es el complejo integrado por 3 centros educativos de Fe y Alegr\u00eda de El Dorado. En ellos participan en total 400 ni\u00f1os y ni\u00f1as desde la primera infancia hasta los 18 a\u00f1os:<\/p>\n<p>&nbsp;<\/p>\n<p>[\/vc_column_text][vc_row_inner][vc_column_inner width=\u00bb1\/3&#8243;][vc_btn title=\u00bbCAIF Mburucuy\u00e1\u00bb link=\u00bburl:https%3A%2F%2Fwww.feyalegria.org%2Furuguay%2Fcaif-mburucuya%2F|title:CAIF%20Mburucuy%C3%A1|target:_blank\u00bb][\/vc_column_inner][vc_column_inner width=\u00bb1\/3&#8243;][vc_btn title=\u00bbColegio San Adolfo\u00bb link=\u00bburl:https%3A%2F%2Fwww.feyalegria.org%2Furuguay%2Fcolegio-san-adolfo%2F|title:Colegio%20San%20Adolfo|target:_blank\u00bb][\/vc_column_inner][vc_column_inner width=\u00bb1\/3&#8243;][vc_btn title=\u00bbCentro Juvenil Juntos\u00bb link=\u00bburl:https%3A%2F%2Fwww.feyalegria.org%2Furuguay%2Fcentro-juvenil-juntos%2F|title:Centro%20Juvenil%20Juntos|target:_blank\u00bb][\/vc_column_inner][\/vc_row_inner][vc_column_text]<\/p>\n<p>&nbsp;<\/p>\n<p align=\"justify\">El Dorado es una localidad del Municipio 18 de mayo, en el departamento de Canelones, donde desde hace m\u00e1s de 60 a\u00f1os el Colegio San Adolfo es un centro de referencia. Fe y Alegr\u00eda est\u00e1 all\u00ed desde el 2013 y a trav\u00e9s de la creaci\u00f3n del centro juvenil juntos y el CAIF Mburucuy\u00e1 se propone acompa\u00f1ar las trayectorias educativas de ni\u00f1os, ni\u00f1as y adolescentes de la zona trabajando junto a otras organizaciones de la comunidad como la escuela p\u00fablica, la policl\u00ednica, la parroquia y los vecinos.<\/p>\n<p>&nbsp;<\/p>\n<p>[\/vc_column_text][\/vc_column][vc_column width=\u00bb1\/3&#8243;][vc_gmaps link=\u00bb#E-8_JTNDaWZyYW1lJTIwc3JjJTNEJTIyaHR0cHMlM0ElMkYlMkZ3d3cuZ29vZ2xlLmNvbSUyRm1hcHMlMkZlbWJlZCUzRnBiJTNEJTIxMW0xOCUyMTFtMTIlMjExbTMlMjExZDE4NTU1Ljc1MTY5ODM2NjQxNCUyMTJkLTU2LjIyMjI5NzU5NDAzODkzJTIxM2QtMzQuNjk5NTI2NTUyNTcwNjglMjEybTMlMjExZjAlMjEyZjAlMjEzZjAlMjEzbTIlMjExaTEwMjQlMjEyaTc2OCUyMTRmMTMuMSUyMTNtMyUyMTFtMiUyMTFzMHgwJTI1M0EweDE1OGMyNGRlZDA3MjY4NGUlMjEyc1BhcnF1ZSUyNTIwRWR1Y2F0aXZvJTI1MjBQYWRyZSUyNTIwTm92b2ElMjE1ZTAlMjEzbTIlMjExc2VzJTIxMnN2ZSUyMTR2MTYwMzA3MTUxMTY1MyUyMTVtMiUyMTFzZXMlMjEyc3ZlJTIyJTIwd2lkdGglM0QlMjI2MDAlMjIlMjBoZWlnaHQlM0QlMjI0NTAlMjIlMjBmcmFtZWJvcmRlciUzRCUyMjAlMjIlMjBzdHlsZSUzRCUyMmJvcmRlciUzQTAlM0IlMjIlMjBhbGxvd2Z1bGxzY3JlZW4lM0QlMjIlMjIlMjBhcmlhLWhpZGRlbiUzRCUyMmZhbHNlJTIyJTIwdGFiaW5kZXglM0QlMjIwJTIyJTNFJTNDJTJGaWZyYW1lJTNF\u00bb][\/vc_column][\/vc_row][vc_row][vc_column width=\u00bb1\/4&#8243;][vc_single_image image=\u00bb2097&#8243; img_size=\u00bbmedium\u00bb alignment=\u00bbcenter\u00bb onclick=\u00bbimg_link_large\u00bb][\/vc_column][vc_column width=\u00bb1\/4&#8243;][vc_single_image image=\u00bb2067&#8243; img_size=\u00bbmedium\u00bb alignment=\u00bbcenter\u00bb onclick=\u00bbimg_link_large\u00bb][\/vc_column][vc_column width=\u00bb1\/4&#8243;][vc_single_image image=\u00bb2103&#8243; img_size=\u00bbmedium\u00bb alignment=\u00bbcenter\u00bb onclick=\u00bbimg_link_large\u00bb][\/vc_column][vc_column width=\u00bb1\/4&#8243;][vc_single_image image=\u00bb2140&#8243; img_size=\u00bbmedium\u00bb alignment=\u00bbcenter\u00bb onclick=\u00bbimg_link_large\u00bb][\/vc_column][\/vc_row]<\/p>\n<\/div>","protected":false},"excerpt":{"rendered":"<p>[vc_row][vc_column width=\u00bb5\/6&#8243;][\/vc_column][vc_column width=\u00bb1\/6&#8243;][\/vc_column][\/vc_row][vc_row][vc_column width=\u00bb2\/3&#8243;][vc_column_text] El Parque Educativo Padre Novoa es el complejo integrado por 3 centros educativos de Fe y Alegr\u00eda de El Dorado. En ellos participan en total 400 ni\u00f1os y ni\u00f1as desde la primera infancia hasta los 18 a\u00f1os: &nbsp; [\/vc_column_text][vc_row_inner][vc_column_inner width=\u00bb1\/3&#8243;][vc_btn title=\u00bbCAIF Mburucuy\u00e1\u00bb link=\u00bburl:https%3A%2F%2Fwww.feyalegria.org%2Furuguay%2Fcaif-mburucuya%2F|title:CAIF%20Mburucuy%C3%A1|target:_blank\u00bb][\/vc_column_inner][vc_column_inner width=\u00bb1\/3&#8243;][vc_btn title=\u00bbColegio San Adolfo\u00bb link=\u00bburl:https%3A%2F%2Fwww.feyalegria.org%2Furuguay%2Fcolegio-san-adolfo%2F|title:Colegio%20San%20Adolfo|target:_blank\u00bb][\/vc_column_inner][vc_column_inner width=\u00bb1\/3&#8243;][vc_btn title=\u00bbCentro Juvenil<\/p>\n","protected":false},"author":6,"featured_media":0,"parent":0,"menu_order":0,"comment_status":"closed","ping_status":"closed","template":"","meta":{"_acf_changed":false,"footnotes":""},"folder":[],"class_list":["post-1977","page","type-page","status-publish","hentry"],"acf":[],"yoast_head":"<!-- This site is optimized with the Yoast SEO plugin v27.2 - https:\/\/yoast.com\/product\/yoast-seo-wordpress\/ -->\n<title>Parque Educativo Padre Novoa - #SomosFeyAlegria en Uruguay<\/title>\n<meta name=\"robots\" content=\"index, follow, max-snippet:-1, max-image-preview:large, max-video-preview:-1\" \/>\n<link rel=\"canonical\" href=\"https:\/\/www.feyalegria.org\/uruguay\/parque-educativo-padre-novoa\/\" \/>\n<meta property=\"og:locale\" content=\"es_ES\" \/>\n<meta property=\"og:type\" content=\"article\" \/>\n<meta property=\"og:title\" content=\"Parque Educativo Padre Novoa - #SomosFeyAlegria en Uruguay\" \/>\n<meta property=\"og:description\" content=\"[vc_row][vc_column width=\u00bb5\/6&#8243;][\/vc_column][vc_column width=\u00bb1\/6&#8243;][\/vc_column][\/vc_row][vc_row][vc_column width=\u00bb2\/3&#8243;][vc_column_text] El Parque Educativo Padre Novoa es el complejo integrado por 3 centros educativos de Fe y Alegr\u00eda de El Dorado. En ellos participan en total 400 ni\u00f1os y ni\u00f1as desde la primera infancia hasta los 18 a\u00f1os: &nbsp; [\/vc_column_text][vc_row_inner][vc_column_inner width=\u00bb1\/3&#8243;][vc_btn title=\u00bbCAIF Mburucuy\u00e1\u00bb link=\u00bburl:https%3A%2F%2Fwww.feyalegria.org%2Furuguay%2Fcaif-mburucuya%2F|title:CAIF%20Mburucuy%C3%A1|target:_blank\u00bb][\/vc_column_inner][vc_column_inner width=\u00bb1\/3&#8243;][vc_btn title=\u00bbColegio San Adolfo\u00bb link=\u00bburl:https%3A%2F%2Fwww.feyalegria.org%2Furuguay%2Fcolegio-san-adolfo%2F|title:Colegio%20San%20Adolfo|target:_blank\u00bb][\/vc_column_inner][vc_column_inner width=\u00bb1\/3&#8243;][vc_btn title=\u00bbCentro Juvenil\" \/>\n<meta property=\"og:url\" content=\"https:\/\/www.feyalegria.org\/uruguay\/parque-educativo-padre-novoa\/\" \/>\n<meta property=\"og:site_name\" content=\"#SomosFeyAlegria en Uruguay\" \/>\n<meta property=\"article:modified_time\" content=\"2020-10-26T00:54:46+00:00\" \/>\n<meta name=\"twitter:card\" content=\"summary_large_image\" \/>\n<meta name=\"twitter:label1\" content=\"Tiempo de lectura\" \/>\n\t<meta name=\"twitter:data1\" content=\"2 minutos\" \/>\n<script type=\"application\/ld+json\" class=\"yoast-schema-graph\">{\"@context\":\"https:\/\/schema.org\",\"@graph\":[{\"@type\":\"WebPage\",\"@id\":\"https:\/\/www.feyalegria.org\/uruguay\/parque-educativo-padre-novoa\/\",\"url\":\"https:\/\/www.feyalegria.org\/uruguay\/parque-educativo-padre-novoa\/\",\"name\":\"Parque Educativo Padre Novoa - #SomosFeyAlegria en Uruguay\",\"isPartOf\":{\"@id\":\"https:\/\/www.feyalegria.org\/uruguay\/#website\"},\"datePublished\":\"2020-10-17T01:57:11+00:00\",\"dateModified\":\"2020-10-26T00:54:46+00:00\",\"breadcrumb\":{\"@id\":\"https:\/\/www.feyalegria.org\/uruguay\/parque-educativo-padre-novoa\/#breadcrumb\"},\"inLanguage\":\"es\",\"potentialAction\":[{\"@type\":\"ReadAction\",\"target\":[\"https:\/\/www.feyalegria.org\/uruguay\/parque-educativo-padre-novoa\/\"]}]},{\"@type\":\"BreadcrumbList\",\"@id\":\"https:\/\/www.feyalegria.org\/uruguay\/parque-educativo-padre-novoa\/#breadcrumb\",\"itemListElement\":[{\"@type\":\"ListItem\",\"position\":1,\"name\":\"Home\",\"item\":\"https:\/\/www.feyalegria.org\/uruguay\/\"},{\"@type\":\"ListItem\",\"position\":2,\"name\":\"Parque Educativo Padre Novoa\"}]},{\"@type\":\"WebSite\",\"@id\":\"https:\/\/www.feyalegria.org\/uruguay\/#website\",\"url\":\"https:\/\/www.feyalegria.org\/uruguay\/\",\"name\":\"#SomosFeyAlegria en Uruguay\",\"description\":\"Movimiento de Educaci\u00f3n Popular y Promoci\u00f3n Social\",\"potentialAction\":[{\"@type\":\"SearchAction\",\"target\":{\"@type\":\"EntryPoint\",\"urlTemplate\":\"https:\/\/www.feyalegria.org\/uruguay\/?s={search_term_string}\"},\"query-input\":{\"@type\":\"PropertyValueSpecification\",\"valueRequired\":true,\"valueName\":\"search_term_string\"}}],\"inLanguage\":\"es\"}]}<\/script>\n<!-- \/ Yoast SEO plugin. -->","yoast_head_json":{"title":"Parque Educativo Padre Novoa - #SomosFeyAlegria en Uruguay","robots":{"index":"index","follow":"follow","max-snippet":"max-snippet:-1","max-image-preview":"max-image-preview:large","max-video-preview":"max-video-preview:-1"},"canonical":"https:\/\/www.feyalegria.org\/uruguay\/parque-educativo-padre-novoa\/","og_locale":"es_ES","og_type":"article","og_title":"Parque Educativo Padre Novoa - #SomosFeyAlegria en Uruguay","og_description":"[vc_row][vc_column width=\u00bb5\/6&#8243;][\/vc_column][vc_column width=\u00bb1\/6&#8243;][\/vc_column][\/vc_row][vc_row][vc_column width=\u00bb2\/3&#8243;][vc_column_text] El Parque Educativo Padre Novoa es el complejo integrado por 3 centros educativos de Fe y Alegr\u00eda de El Dorado. En ellos participan en total 400 ni\u00f1os y ni\u00f1as desde la primera infancia hasta los 18 a\u00f1os: &nbsp; [\/vc_column_text][vc_row_inner][vc_column_inner width=\u00bb1\/3&#8243;][vc_btn title=\u00bbCAIF Mburucuy\u00e1\u00bb link=\u00bburl:https%3A%2F%2Fwww.feyalegria.org%2Furuguay%2Fcaif-mburucuya%2F|title:CAIF%20Mburucuy%C3%A1|target:_blank\u00bb][\/vc_column_inner][vc_column_inner width=\u00bb1\/3&#8243;][vc_btn title=\u00bbColegio San Adolfo\u00bb link=\u00bburl:https%3A%2F%2Fwww.feyalegria.org%2Furuguay%2Fcolegio-san-adolfo%2F|title:Colegio%20San%20Adolfo|target:_blank\u00bb][\/vc_column_inner][vc_column_inner width=\u00bb1\/3&#8243;][vc_btn title=\u00bbCentro Juvenil","og_url":"https:\/\/www.feyalegria.org\/uruguay\/parque-educativo-padre-novoa\/","og_site_name":"#SomosFeyAlegria en Uruguay","article_modified_time":"2020-10-26T00:54:46+00:00","twitter_card":"summary_large_image","twitter_misc":{"Tiempo de lectura":"2 minutos"},"schema":{"@context":"https:\/\/schema.org","@graph":[{"@type":"WebPage","@id":"https:\/\/www.feyalegria.org\/uruguay\/parque-educativo-padre-novoa\/","url":"https:\/\/www.feyalegria.org\/uruguay\/parque-educativo-padre-novoa\/","name":"Parque Educativo Padre Novoa - #SomosFeyAlegria en Uruguay","isPartOf":{"@id":"https:\/\/www.feyalegria.org\/uruguay\/#website"},"datePublished":"2020-10-17T01:57:11+00:00","dateModified":"2020-10-26T00:54:46+00:00","breadcrumb":{"@id":"https:\/\/www.feyalegria.org\/uruguay\/parque-educativo-padre-novoa\/#breadcrumb"},"inLanguage":"es","potentialAction":[{"@type":"ReadAction","target":["https:\/\/www.feyalegria.org\/uruguay\/parque-educativo-padre-novoa\/"]}]},{"@type":"BreadcrumbList","@id":"https:\/\/www.feyalegria.org\/uruguay\/parque-educativo-padre-novoa\/#breadcrumb","itemListElement":[{"@type":"ListItem","position":1,"name":"Home","item":"https:\/\/www.feyalegria.org\/uruguay\/"},{"@type":"ListItem","position":2,"name":"Parque Educativo Padre Novoa"}]},{"@type":"WebSite","@id":"https:\/\/www.feyalegria.org\/uruguay\/#website","url":"https:\/\/www.feyalegria.org\/uruguay\/","name":"#SomosFeyAlegria en Uruguay","description":"Movimiento de Educaci\u00f3n Popular y Promoci\u00f3n Social","potentialAction":[{"@type":"SearchAction","target":{"@type":"EntryPoint","urlTemplate":"https:\/\/www.feyalegria.org\/uruguay\/?s={search_term_string}"},"query-input":{"@type":"PropertyValueSpecification","valueRequired":true,"valueName":"search_term_string"}}],"inLanguage":"es"}]}},"_links":{"self":[{"href":"https:\/\/www.feyalegria.org\/uruguay\/wp-json\/wp\/v2\/pages\/1977","targetHints":{"allow":["GET"]}}],"collection":[{"href":"https:\/\/www.feyalegria.org\/uruguay\/wp-json\/wp\/v2\/pages"}],"about":[{"href":"https:\/\/www.feyalegria.org\/uruguay\/wp-json\/wp\/v2\/types\/page"}],"author":[{"embeddable":true,"href":"https:\/\/www.feyalegria.org\/uruguay\/wp-json\/wp\/v2\/users\/6"}],"replies":[{"embeddable":true,"href":"https:\/\/www.feyalegria.org\/uruguay\/wp-json\/wp\/v2\/comments?post=1977"}],"version-history":[{"count":0,"href":"https:\/\/www.feyalegria.org\/uruguay\/wp-json\/wp\/v2\/pages\/1977\/revisions"}],"wp:attachment":[{"href":"https:\/\/www.feyalegria.org\/uruguay\/wp-json\/wp\/v2\/media?parent=1977"}],"wp:term":[{"taxonomy":"folder","embeddable":true,"href":"https:\/\/www.feyalegria.org\/uruguay\/wp-json\/wp\/v2\/folder?post=1977"}],"curies":[{"name":"wp","href":"https:\/\/api.w.org\/{rel}","templated":true}]}}