 {"id":1986,"date":"2020-10-16T21:14:03","date_gmt":"2020-10-17T02:14:03","guid":{"rendered":"https:\/\/www.feyalegria.org\/uruguay\/?page_id=1986"},"modified":"2020-10-25T18:52:33","modified_gmt":"2020-10-25T23:52:33","slug":"caif-padre-novoa","status":"publish","type":"page","link":"https:\/\/www.feyalegria.org\/uruguay\/caif-padre-novoa\/","title":{"rendered":"CAIF Padre Novoa"},"content":{"rendered":"<div class=\"wpb-content-wrapper\"><p>[vc_row][vc_column width=\u00bb5\/6&#8243;]<div style=\"background-color:;height: 50px\" class=\"nicdark_section  \"><\/div>[\/vc_column][vc_column width=\u00bb1\/6&#8243;]<a href=\"https:\/\/www.feyalegria.org\/uruguay\/centros-educativos\/\" title=\"Centros educativos\"  data-id=\"mpc_button-8069e81d4aecb1a\" class=\"mpc-button mpc-init mpc-transition mpc-typography--default \" ><div class=\"mpc-button__content mpc-effect-type--stay mpc-effect-side--left\"><i class=\"mpc-button__icon mpc-transition  mi mi-pin_drop\"><\/i><span class=\"mpc-button__title mpc-transition\">Volver al mapa<\/span><\/div><div class=\"mpc-button__background mpc-transition mpc-effect-type--fade mpc-effect-side--in\"><\/div><\/a>[\/vc_column][\/vc_row][vc_row][vc_column width=\u00bb2\/3&#8243;][vc_column_text]<\/p>\n<p align=\"justify\">El CAIF Padre Jos\u00e9 A. Novoa es un centro educativo con una larga trayectoria en el barrio de Palermo.<br \/>Mediante un convenio con el Plan CAIF, actualmente desarrolla un programa educativo integral dirigido a ni\u00f1os y ni\u00f1as de 0 a 3 a\u00f1os junto a sus familias.<\/p>\n<p>&nbsp;<\/p>\n<p align=\"justify\">Su propuesta incluye el programa de Experiencias Oportunas que propone talleres de modalidad semanal con una psicomotricista, una educadora y una psic\u00f3loga, del que participan ni\u00f1os de 0 a 15 meses junto a un adulto referente. All\u00ed se trabaja el desarrollo general a trav\u00e9s del juego.<\/p>\n<p>&nbsp;<\/p>\n<p align=\"justify\">Los ni\u00f1os de nivel 2 y 3 a\u00f1os, participan de talleres con una metodolog\u00eda espec\u00edfica llamada Vaz Ferreira que se inici\u00f3 en 2016 y que propone que los grupos vayan rotando por diferentes talleres mediante un cronograma semanal, los mismos son: Pl\u00e1stica, M\u00fasica y Expresi\u00f3n Corporal y Ciencias y Lenguaje. Luego cuentan con espacios de juego de libre elecci\u00f3n con edades integradas, llamado: Opcionales.<\/p>\n<p>&nbsp;<\/p>\n<p align=\"justify\">Cada sala est\u00e1 ambientada y equipada especialmente para el trabajo de cada \u00e1rea, con materiales acordes. La din\u00e1mica de la modalidad brinda la posibilidad de que los ni\u00f1os generen v\u00ednculos con varios educadores y recorran diariamente el centro, generando un sentido de apropiaci\u00f3n y pertenencia.<\/p>\n<p>&nbsp;<\/p>\n<p>&nbsp;<\/p>\n<h5 style=\"text-align: left\"><strong><span style=\"color: #aa0f16\">Contactos<\/span><\/strong><\/h5>\n<p>&nbsp;<\/p>\n<p><strong>Tel\u00e9fono<\/strong>: 2411 06 67<\/p>\n<p><strong>Facebook<\/strong>: @caifpadrenovoa<\/p>\n<p><strong>Correo electr\u00f3nico<\/strong>: caifpadrenovoa@feyalegria.org.uy<\/p>\n<p>[\/vc_column_text][\/vc_column][vc_column width=\u00bb1\/3&#8243;][vc_gmaps link=\u00bb#E-8_JTNDaWZyYW1lJTIwc3JjJTNEJTIyaHR0cHMlM0ElMkYlMkZ3d3cuZ29vZ2xlLmNvbSUyRm1hcHMlMkZlbWJlZCUzRnBiJTNEJTIxMW0xOCUyMTFtMTIlMjExbTMlMjExZDY1NDMuNTEwMDU3ODEwODc3JTIxMmQtNTYuMTg1Njk2Mzk2OTQ0NyUyMTNkLTM0LjkxMjU5MzI3MzA4MjgzNCUyMTJtMyUyMTFmMCUyMTJmMCUyMTNmMCUyMTNtMiUyMTFpMTAyNCUyMTJpNzY4JTIxNGYxMy4xJTIxM20zJTIxMW0yJTIxMXMweDk1OWY4MTlkNDcxOThhYWYlMjUzQTB4ODZjNDRhMmI0ZTUwZWE2OSUyMTJzQ0FJRiUyNTIwUGFkcmUlMjUyME5vdm9hJTI1MjAtJTI1MjBGZSUyNTIweSUyNTIwQWxlZ3IlMjVDMyUyNUFEYSUyMTVlMCUyMTNtMiUyMTFzZXMlMjEyc3ZlJTIxNHYxNjAzMDYyODk1MDQ2JTIxNW0yJTIxMXNlcyUyMTJzdmUlMjIlMjB3aWR0aCUzRCUyMjYwMCUyMiUyMGhlaWdodCUzRCUyMjQ1MCUyMiUyMGZyYW1lYm9yZGVyJTNEJTIyMCUyMiUyMHN0eWxlJTNEJTIyYm9yZGVyJTNBMCUzQiUyMiUyMGFsbG93ZnVsbHNjcmVlbiUzRCUyMiUyMiUyMGFyaWEtaGlkZGVuJTNEJTIyZmFsc2UlMjIlMjB0YWJpbmRleCUzRCUyMjAlMjIlM0UlM0MlMkZpZnJhbWUlM0U=\u00bb][\/vc_column][\/vc_row][vc_row][vc_column width=\u00bb1\/4&#8243;][vc_single_image image=\u00bb2042&#8243; img_size=\u00bbmedium\u00bb alignment=\u00bbcenter\u00bb onclick=\u00bbimg_link_large\u00bb][\/vc_column][vc_column width=\u00bb1\/4&#8243;][vc_single_image image=\u00bb2043&#8243; img_size=\u00bbmedium\u00bb alignment=\u00bbcenter\u00bb onclick=\u00bbimg_link_large\u00bb][\/vc_column][vc_column width=\u00bb1\/4&#8243;][vc_single_image image=\u00bb2044&#8243; img_size=\u00bbmedium\u00bb alignment=\u00bbcenter\u00bb onclick=\u00bbimg_link_large\u00bb][\/vc_column][vc_column width=\u00bb1\/4&#8243;][vc_single_image image=\u00bb2045&#8243; img_size=\u00bbmedium\u00bb alignment=\u00bbcenter\u00bb onclick=\u00bbimg_link_large\u00bb][\/vc_column][\/vc_row]<\/p>\n<\/div>","protected":false},"excerpt":{"rendered":"<p>[vc_row][vc_column width=\u00bb5\/6&#8243;][\/vc_column][vc_column width=\u00bb1\/6&#8243;][\/vc_column][\/vc_row][vc_row][vc_column width=\u00bb2\/3&#8243;][vc_column_text] El CAIF Padre Jos\u00e9 A. Novoa es un centro educativo con una larga trayectoria en el barrio de Palermo.Mediante un convenio con el Plan CAIF, actualmente desarrolla un programa educativo integral dirigido a ni\u00f1os y ni\u00f1as de 0 a 3 a\u00f1os junto a sus familias. &nbsp; Su propuesta incluye el programa<\/p>\n","protected":false},"author":6,"featured_media":0,"parent":0,"menu_order":0,"comment_status":"closed","ping_status":"closed","template":"","meta":{"_acf_changed":false,"footnotes":""},"folder":[],"class_list":["post-1986","page","type-page","status-publish","hentry"],"acf":[],"yoast_head":"<!-- This site is optimized with the Yoast SEO plugin v27.2 - https:\/\/yoast.com\/product\/yoast-seo-wordpress\/ -->\n<title>CAIF Padre Novoa - #SomosFeyAlegria en Uruguay<\/title>\n<meta name=\"robots\" content=\"index, follow, max-snippet:-1, max-image-preview:large, max-video-preview:-1\" \/>\n<link rel=\"canonical\" href=\"https:\/\/www.feyalegria.org\/uruguay\/caif-padre-novoa\/\" \/>\n<meta property=\"og:locale\" content=\"es_ES\" \/>\n<meta property=\"og:type\" content=\"article\" \/>\n<meta property=\"og:title\" content=\"CAIF Padre Novoa - #SomosFeyAlegria en Uruguay\" \/>\n<meta property=\"og:description\" content=\"[vc_row][vc_column width=\u00bb5\/6&#8243;][\/vc_column][vc_column width=\u00bb1\/6&#8243;][\/vc_column][\/vc_row][vc_row][vc_column width=\u00bb2\/3&#8243;][vc_column_text] El CAIF Padre Jos\u00e9 A. Novoa es un centro educativo con una larga trayectoria en el barrio de Palermo.Mediante un convenio con el Plan CAIF, actualmente desarrolla un programa educativo integral dirigido a ni\u00f1os y ni\u00f1as de 0 a 3 a\u00f1os junto a sus familias. &nbsp; Su propuesta incluye el programa\" \/>\n<meta property=\"og:url\" content=\"https:\/\/www.feyalegria.org\/uruguay\/caif-padre-novoa\/\" \/>\n<meta property=\"og:site_name\" content=\"#SomosFeyAlegria en Uruguay\" \/>\n<meta property=\"article:modified_time\" content=\"2020-10-25T23:52:33+00:00\" \/>\n<meta name=\"twitter:card\" content=\"summary_large_image\" \/>\n<meta name=\"twitter:label1\" content=\"Tiempo de lectura\" \/>\n\t<meta name=\"twitter:data1\" content=\"2 minutos\" \/>\n<script type=\"application\/ld+json\" class=\"yoast-schema-graph\">{\"@context\":\"https:\/\/schema.org\",\"@graph\":[{\"@type\":\"WebPage\",\"@id\":\"https:\/\/www.feyalegria.org\/uruguay\/caif-padre-novoa\/\",\"url\":\"https:\/\/www.feyalegria.org\/uruguay\/caif-padre-novoa\/\",\"name\":\"CAIF Padre Novoa - #SomosFeyAlegria en Uruguay\",\"isPartOf\":{\"@id\":\"https:\/\/www.feyalegria.org\/uruguay\/#website\"},\"datePublished\":\"2020-10-17T02:14:03+00:00\",\"dateModified\":\"2020-10-25T23:52:33+00:00\",\"breadcrumb\":{\"@id\":\"https:\/\/www.feyalegria.org\/uruguay\/caif-padre-novoa\/#breadcrumb\"},\"inLanguage\":\"es\",\"potentialAction\":[{\"@type\":\"ReadAction\",\"target\":[\"https:\/\/www.feyalegria.org\/uruguay\/caif-padre-novoa\/\"]}]},{\"@type\":\"BreadcrumbList\",\"@id\":\"https:\/\/www.feyalegria.org\/uruguay\/caif-padre-novoa\/#breadcrumb\",\"itemListElement\":[{\"@type\":\"ListItem\",\"position\":1,\"name\":\"Home\",\"item\":\"https:\/\/www.feyalegria.org\/uruguay\/\"},{\"@type\":\"ListItem\",\"position\":2,\"name\":\"CAIF Padre Novoa\"}]},{\"@type\":\"WebSite\",\"@id\":\"https:\/\/www.feyalegria.org\/uruguay\/#website\",\"url\":\"https:\/\/www.feyalegria.org\/uruguay\/\",\"name\":\"#SomosFeyAlegria en Uruguay\",\"description\":\"Movimiento de Educaci\u00f3n Popular y Promoci\u00f3n Social\",\"potentialAction\":[{\"@type\":\"SearchAction\",\"target\":{\"@type\":\"EntryPoint\",\"urlTemplate\":\"https:\/\/www.feyalegria.org\/uruguay\/?s={search_term_string}\"},\"query-input\":{\"@type\":\"PropertyValueSpecification\",\"valueRequired\":true,\"valueName\":\"search_term_string\"}}],\"inLanguage\":\"es\"}]}<\/script>\n<!-- \/ Yoast SEO plugin. -->","yoast_head_json":{"title":"CAIF Padre Novoa - #SomosFeyAlegria en Uruguay","robots":{"index":"index","follow":"follow","max-snippet":"max-snippet:-1","max-image-preview":"max-image-preview:large","max-video-preview":"max-video-preview:-1"},"canonical":"https:\/\/www.feyalegria.org\/uruguay\/caif-padre-novoa\/","og_locale":"es_ES","og_type":"article","og_title":"CAIF Padre Novoa - #SomosFeyAlegria en Uruguay","og_description":"[vc_row][vc_column width=\u00bb5\/6&#8243;][\/vc_column][vc_column width=\u00bb1\/6&#8243;][\/vc_column][\/vc_row][vc_row][vc_column width=\u00bb2\/3&#8243;][vc_column_text] El CAIF Padre Jos\u00e9 A. Novoa es un centro educativo con una larga trayectoria en el barrio de Palermo.Mediante un convenio con el Plan CAIF, actualmente desarrolla un programa educativo integral dirigido a ni\u00f1os y ni\u00f1as de 0 a 3 a\u00f1os junto a sus familias. &nbsp; Su propuesta incluye el programa","og_url":"https:\/\/www.feyalegria.org\/uruguay\/caif-padre-novoa\/","og_site_name":"#SomosFeyAlegria en Uruguay","article_modified_time":"2020-10-25T23:52:33+00:00","twitter_card":"summary_large_image","twitter_misc":{"Tiempo de lectura":"2 minutos"},"schema":{"@context":"https:\/\/schema.org","@graph":[{"@type":"WebPage","@id":"https:\/\/www.feyalegria.org\/uruguay\/caif-padre-novoa\/","url":"https:\/\/www.feyalegria.org\/uruguay\/caif-padre-novoa\/","name":"CAIF Padre Novoa - #SomosFeyAlegria en Uruguay","isPartOf":{"@id":"https:\/\/www.feyalegria.org\/uruguay\/#website"},"datePublished":"2020-10-17T02:14:03+00:00","dateModified":"2020-10-25T23:52:33+00:00","breadcrumb":{"@id":"https:\/\/www.feyalegria.org\/uruguay\/caif-padre-novoa\/#breadcrumb"},"inLanguage":"es","potentialAction":[{"@type":"ReadAction","target":["https:\/\/www.feyalegria.org\/uruguay\/caif-padre-novoa\/"]}]},{"@type":"BreadcrumbList","@id":"https:\/\/www.feyalegria.org\/uruguay\/caif-padre-novoa\/#breadcrumb","itemListElement":[{"@type":"ListItem","position":1,"name":"Home","item":"https:\/\/www.feyalegria.org\/uruguay\/"},{"@type":"ListItem","position":2,"name":"CAIF Padre Novoa"}]},{"@type":"WebSite","@id":"https:\/\/www.feyalegria.org\/uruguay\/#website","url":"https:\/\/www.feyalegria.org\/uruguay\/","name":"#SomosFeyAlegria en Uruguay","description":"Movimiento de Educaci\u00f3n Popular y Promoci\u00f3n Social","potentialAction":[{"@type":"SearchAction","target":{"@type":"EntryPoint","urlTemplate":"https:\/\/www.feyalegria.org\/uruguay\/?s={search_term_string}"},"query-input":{"@type":"PropertyValueSpecification","valueRequired":true,"valueName":"search_term_string"}}],"inLanguage":"es"}]}},"_links":{"self":[{"href":"https:\/\/www.feyalegria.org\/uruguay\/wp-json\/wp\/v2\/pages\/1986","targetHints":{"allow":["GET"]}}],"collection":[{"href":"https:\/\/www.feyalegria.org\/uruguay\/wp-json\/wp\/v2\/pages"}],"about":[{"href":"https:\/\/www.feyalegria.org\/uruguay\/wp-json\/wp\/v2\/types\/page"}],"author":[{"embeddable":true,"href":"https:\/\/www.feyalegria.org\/uruguay\/wp-json\/wp\/v2\/users\/6"}],"replies":[{"embeddable":true,"href":"https:\/\/www.feyalegria.org\/uruguay\/wp-json\/wp\/v2\/comments?post=1986"}],"version-history":[{"count":0,"href":"https:\/\/www.feyalegria.org\/uruguay\/wp-json\/wp\/v2\/pages\/1986\/revisions"}],"wp:attachment":[{"href":"https:\/\/www.feyalegria.org\/uruguay\/wp-json\/wp\/v2\/media?parent=1986"}],"wp:term":[{"taxonomy":"folder","embeddable":true,"href":"https:\/\/www.feyalegria.org\/uruguay\/wp-json\/wp\/v2\/folder?post=1986"}],"curies":[{"name":"wp","href":"https:\/\/api.w.org\/{rel}","templated":true}]}}