 {"id":1988,"date":"2020-10-16T21:17:45","date_gmt":"2020-10-17T02:17:45","guid":{"rendered":"https:\/\/www.feyalegria.org\/uruguay\/?page_id=1988"},"modified":"2020-11-07T19:25:01","modified_gmt":"2020-11-08T00:25:01","slug":"caif-la-esperanza","status":"publish","type":"page","link":"https:\/\/www.feyalegria.org\/uruguay\/caif-la-esperanza\/","title":{"rendered":"CAIF La Esperanza"},"content":{"rendered":"<div class=\"wpb-content-wrapper\"><p>[vc_row][vc_column width=\u00bb5\/6&#8243;]<div style=\"background-color:;height: 50px\" class=\"nicdark_section  \"><\/div>[\/vc_column][vc_column width=\u00bb1\/6&#8243;]<a href=\"https:\/\/www.feyalegria.org\/uruguay\/centros-educativos\/\" title=\"Centros educativos\"  data-id=\"mpc_button-9469d1e92459fc8\" class=\"mpc-button mpc-init mpc-transition mpc-typography--default \" ><div class=\"mpc-button__content mpc-effect-type--stay mpc-effect-side--left\"><i class=\"mpc-button__icon mpc-transition  mi mi-pin_drop\"><\/i><span class=\"mpc-button__title mpc-transition\">Volver al mapa<\/span><\/div><div class=\"mpc-button__background mpc-transition mpc-effect-type--fade mpc-effect-side--in\"><\/div><\/a>[\/vc_column][\/vc_row][vc_row][vc_column width=\u00bb2\/3&#8243;][vc_column_text]<\/p>\n<p align=\"justify\">El CAIF la Esperanza  brinda atenci\u00f3n a 170 ni\u00f1os de 0 a 3 a\u00f1os a trav\u00e9s de sus dos programas, Experiencias Oportunas y Educaci\u00f3n Inicial. Para el ingreso al Centro se priorizan situaciones familiares con factores de riesgo o vulnerabilidad social, o derivaciones de la red de instituciones y programas que trabajan en la zona.<\/p>\n<p>&nbsp;<\/p>\n<p align=\"justify\">El programa de Experiencias Oportunas se lleva a cabo mediante la realizaci\u00f3n de talleres con una periodicidad semanal, del que participan 82 ni\u00f1os y ni\u00f1as acompa\u00f1ados por su madre o alg\u00fan otro referente familiar y el equipo de Experiencias Oportunas: psicomotricista, educadora, psic\u00f3loga y trabajadora social.<\/p>\n<p>&nbsp;<\/p>\n<p>&nbsp;<\/p>\n<h5 style=\"text-align: left\"><strong><span style=\"color: #aa0f16\">Contactos<\/span><\/strong><\/h5>\n<p>&nbsp;<\/p>\n<p><strong>Tel\u00e9fono<\/strong>: 2683 92 64<\/p>\n<p><strong>Correo electr\u00f3nico<\/strong>: laesperanza@feyalegria.org.uy<\/p>\n<p>&nbsp;<\/p>\n<p>[\/vc_column_text][\/vc_column][vc_column width=\u00bb1\/3&#8243;][vc_gmaps link=\u00bb#E-8_JTNDaWZyYW1lJTIwc3JjJTNEJTIyaHR0cHMlM0ElMkYlMkZ3d3cuZ29vZ2xlLmNvbSUyRm1hcHMlMkZlbWJlZCUzRnBiJTNEJTIxMW0xOCUyMTFtMTIlMjExbTMlMjExZDMxNTk0MjYuMDEyMTI5MzIzJTIxMmQtNTYuMzk5MTEwOTMzNDk4Mzg1JTIxM2QtMzMuMzYwODE1MTExMzU2MjclMjEybTMlMjExZjAlMjEyZjAlMjEzZjAlMjEzbTIlMjExaTEwMjQlMjEyaTc2OCUyMTRmMTMuMSUyMTNtMyUyMTFtMiUyMTFzMHgwJTI1M0EweGFhMjZhNzllOWMzZjRiMjMlMjEyc0xhJTI1MjBFc3BlcmFuemElMjUyMC0lMjUyMEZlJTI1MjB5JTI1MjBBbGVnciUyNUMzJTI1QURhJTIxNWUwJTIxM20yJTIxMXNlcyUyMTJzdmUlMjE0djE2MDMxNTAzMDY5NTIlMjE1bTIlMjExc2VzJTIxMnN2ZSUyMiUyMHdpZHRoJTNEJTIyNjAwJTIyJTIwaGVpZ2h0JTNEJTIyNDUwJTIyJTIwZnJhbWVib3JkZXIlM0QlMjIwJTIyJTIwc3R5bGUlM0QlMjJib3JkZXIlM0EwJTNCJTIyJTIwYWxsb3dmdWxsc2NyZWVuJTNEJTIyJTIyJTIwYXJpYS1oaWRkZW4lM0QlMjJmYWxzZSUyMiUyMHRhYmluZGV4JTNEJTIyMCUyMiUzRSUzQyUyRmlmcmFtZSUzRQ==\u00bb][\/vc_column][\/vc_row][vc_row][vc_column width=\u00bb1\/4&#8243;][vc_single_image image=\u00bb2414&#8243; img_size=\u00bbfull\u00bb alignment=\u00bbcenter\u00bb onclick=\u00bbimg_link_large\u00bb][\/vc_column][vc_column width=\u00bb1\/4&#8243;][vc_single_image image=\u00bb2417&#8243; img_size=\u00bbfull\u00bb alignment=\u00bbcenter\u00bb onclick=\u00bbimg_link_large\u00bb][\/vc_column][vc_column width=\u00bb1\/4&#8243;][vc_single_image image=\u00bb2415&#8243; img_size=\u00bbmedium\u00bb alignment=\u00bbcenter\u00bb onclick=\u00bbimg_link_large\u00bb][\/vc_column][vc_column width=\u00bb1\/4&#8243;][vc_single_image image=\u00bb2423&#8243; img_size=\u00bbfull\u00bb alignment=\u00bbcenter\u00bb onclick=\u00bbimg_link_large\u00bb][\/vc_column][\/vc_row]<\/p>\n<\/div>","protected":false},"excerpt":{"rendered":"<p>[vc_row][vc_column width=\u00bb5\/6&#8243;][\/vc_column][vc_column width=\u00bb1\/6&#8243;][\/vc_column][\/vc_row][vc_row][vc_column width=\u00bb2\/3&#8243;][vc_column_text] El CAIF la Esperanza brinda atenci\u00f3n a 170 ni\u00f1os de 0 a 3 a\u00f1os a trav\u00e9s de sus dos programas, Experiencias Oportunas y Educaci\u00f3n Inicial. Para el ingreso al Centro se priorizan situaciones familiares con factores de riesgo o vulnerabilidad social, o derivaciones de la red de instituciones y programas que<\/p>\n","protected":false},"author":6,"featured_media":0,"parent":0,"menu_order":0,"comment_status":"closed","ping_status":"closed","template":"","meta":{"_acf_changed":false,"footnotes":""},"folder":[],"class_list":["post-1988","page","type-page","status-publish","hentry"],"acf":[],"yoast_head":"<!-- This site is optimized with the Yoast SEO plugin v27.2 - https:\/\/yoast.com\/product\/yoast-seo-wordpress\/ -->\n<title>CAIF La Esperanza - #SomosFeyAlegria en Uruguay<\/title>\n<meta name=\"robots\" content=\"index, follow, max-snippet:-1, max-image-preview:large, max-video-preview:-1\" \/>\n<link rel=\"canonical\" href=\"https:\/\/www.feyalegria.org\/uruguay\/caif-la-esperanza\/\" \/>\n<meta property=\"og:locale\" content=\"es_ES\" \/>\n<meta property=\"og:type\" content=\"article\" \/>\n<meta property=\"og:title\" content=\"CAIF La Esperanza - #SomosFeyAlegria en Uruguay\" \/>\n<meta property=\"og:description\" content=\"[vc_row][vc_column width=\u00bb5\/6&#8243;][\/vc_column][vc_column width=\u00bb1\/6&#8243;][\/vc_column][\/vc_row][vc_row][vc_column width=\u00bb2\/3&#8243;][vc_column_text] El CAIF la Esperanza brinda atenci\u00f3n a 170 ni\u00f1os de 0 a 3 a\u00f1os a trav\u00e9s de sus dos programas, Experiencias Oportunas y Educaci\u00f3n Inicial. Para el ingreso al Centro se priorizan situaciones familiares con factores de riesgo o vulnerabilidad social, o derivaciones de la red de instituciones y programas que\" \/>\n<meta property=\"og:url\" content=\"https:\/\/www.feyalegria.org\/uruguay\/caif-la-esperanza\/\" \/>\n<meta property=\"og:site_name\" content=\"#SomosFeyAlegria en Uruguay\" \/>\n<meta property=\"article:modified_time\" content=\"2020-11-08T00:25:01+00:00\" \/>\n<meta name=\"twitter:card\" content=\"summary_large_image\" \/>\n<meta name=\"twitter:label1\" content=\"Tiempo de lectura\" \/>\n\t<meta name=\"twitter:data1\" content=\"2 minutos\" \/>\n<script type=\"application\/ld+json\" class=\"yoast-schema-graph\">{\"@context\":\"https:\/\/schema.org\",\"@graph\":[{\"@type\":\"WebPage\",\"@id\":\"https:\/\/www.feyalegria.org\/uruguay\/caif-la-esperanza\/\",\"url\":\"https:\/\/www.feyalegria.org\/uruguay\/caif-la-esperanza\/\",\"name\":\"CAIF La Esperanza - #SomosFeyAlegria en Uruguay\",\"isPartOf\":{\"@id\":\"https:\/\/www.feyalegria.org\/uruguay\/#website\"},\"datePublished\":\"2020-10-17T02:17:45+00:00\",\"dateModified\":\"2020-11-08T00:25:01+00:00\",\"breadcrumb\":{\"@id\":\"https:\/\/www.feyalegria.org\/uruguay\/caif-la-esperanza\/#breadcrumb\"},\"inLanguage\":\"es\",\"potentialAction\":[{\"@type\":\"ReadAction\",\"target\":[\"https:\/\/www.feyalegria.org\/uruguay\/caif-la-esperanza\/\"]}]},{\"@type\":\"BreadcrumbList\",\"@id\":\"https:\/\/www.feyalegria.org\/uruguay\/caif-la-esperanza\/#breadcrumb\",\"itemListElement\":[{\"@type\":\"ListItem\",\"position\":1,\"name\":\"Home\",\"item\":\"https:\/\/www.feyalegria.org\/uruguay\/\"},{\"@type\":\"ListItem\",\"position\":2,\"name\":\"CAIF La Esperanza\"}]},{\"@type\":\"WebSite\",\"@id\":\"https:\/\/www.feyalegria.org\/uruguay\/#website\",\"url\":\"https:\/\/www.feyalegria.org\/uruguay\/\",\"name\":\"#SomosFeyAlegria en Uruguay\",\"description\":\"Movimiento de Educaci\u00f3n Popular y Promoci\u00f3n Social\",\"potentialAction\":[{\"@type\":\"SearchAction\",\"target\":{\"@type\":\"EntryPoint\",\"urlTemplate\":\"https:\/\/www.feyalegria.org\/uruguay\/?s={search_term_string}\"},\"query-input\":{\"@type\":\"PropertyValueSpecification\",\"valueRequired\":true,\"valueName\":\"search_term_string\"}}],\"inLanguage\":\"es\"}]}<\/script>\n<!-- \/ Yoast SEO plugin. -->","yoast_head_json":{"title":"CAIF La Esperanza - #SomosFeyAlegria en Uruguay","robots":{"index":"index","follow":"follow","max-snippet":"max-snippet:-1","max-image-preview":"max-image-preview:large","max-video-preview":"max-video-preview:-1"},"canonical":"https:\/\/www.feyalegria.org\/uruguay\/caif-la-esperanza\/","og_locale":"es_ES","og_type":"article","og_title":"CAIF La Esperanza - #SomosFeyAlegria en Uruguay","og_description":"[vc_row][vc_column width=\u00bb5\/6&#8243;][\/vc_column][vc_column width=\u00bb1\/6&#8243;][\/vc_column][\/vc_row][vc_row][vc_column width=\u00bb2\/3&#8243;][vc_column_text] El CAIF la Esperanza brinda atenci\u00f3n a 170 ni\u00f1os de 0 a 3 a\u00f1os a trav\u00e9s de sus dos programas, Experiencias Oportunas y Educaci\u00f3n Inicial. Para el ingreso al Centro se priorizan situaciones familiares con factores de riesgo o vulnerabilidad social, o derivaciones de la red de instituciones y programas que","og_url":"https:\/\/www.feyalegria.org\/uruguay\/caif-la-esperanza\/","og_site_name":"#SomosFeyAlegria en Uruguay","article_modified_time":"2020-11-08T00:25:01+00:00","twitter_card":"summary_large_image","twitter_misc":{"Tiempo de lectura":"2 minutos"},"schema":{"@context":"https:\/\/schema.org","@graph":[{"@type":"WebPage","@id":"https:\/\/www.feyalegria.org\/uruguay\/caif-la-esperanza\/","url":"https:\/\/www.feyalegria.org\/uruguay\/caif-la-esperanza\/","name":"CAIF La Esperanza - #SomosFeyAlegria en Uruguay","isPartOf":{"@id":"https:\/\/www.feyalegria.org\/uruguay\/#website"},"datePublished":"2020-10-17T02:17:45+00:00","dateModified":"2020-11-08T00:25:01+00:00","breadcrumb":{"@id":"https:\/\/www.feyalegria.org\/uruguay\/caif-la-esperanza\/#breadcrumb"},"inLanguage":"es","potentialAction":[{"@type":"ReadAction","target":["https:\/\/www.feyalegria.org\/uruguay\/caif-la-esperanza\/"]}]},{"@type":"BreadcrumbList","@id":"https:\/\/www.feyalegria.org\/uruguay\/caif-la-esperanza\/#breadcrumb","itemListElement":[{"@type":"ListItem","position":1,"name":"Home","item":"https:\/\/www.feyalegria.org\/uruguay\/"},{"@type":"ListItem","position":2,"name":"CAIF La Esperanza"}]},{"@type":"WebSite","@id":"https:\/\/www.feyalegria.org\/uruguay\/#website","url":"https:\/\/www.feyalegria.org\/uruguay\/","name":"#SomosFeyAlegria en Uruguay","description":"Movimiento de Educaci\u00f3n Popular y Promoci\u00f3n Social","potentialAction":[{"@type":"SearchAction","target":{"@type":"EntryPoint","urlTemplate":"https:\/\/www.feyalegria.org\/uruguay\/?s={search_term_string}"},"query-input":{"@type":"PropertyValueSpecification","valueRequired":true,"valueName":"search_term_string"}}],"inLanguage":"es"}]}},"_links":{"self":[{"href":"https:\/\/www.feyalegria.org\/uruguay\/wp-json\/wp\/v2\/pages\/1988","targetHints":{"allow":["GET"]}}],"collection":[{"href":"https:\/\/www.feyalegria.org\/uruguay\/wp-json\/wp\/v2\/pages"}],"about":[{"href":"https:\/\/www.feyalegria.org\/uruguay\/wp-json\/wp\/v2\/types\/page"}],"author":[{"embeddable":true,"href":"https:\/\/www.feyalegria.org\/uruguay\/wp-json\/wp\/v2\/users\/6"}],"replies":[{"embeddable":true,"href":"https:\/\/www.feyalegria.org\/uruguay\/wp-json\/wp\/v2\/comments?post=1988"}],"version-history":[{"count":0,"href":"https:\/\/www.feyalegria.org\/uruguay\/wp-json\/wp\/v2\/pages\/1988\/revisions"}],"wp:attachment":[{"href":"https:\/\/www.feyalegria.org\/uruguay\/wp-json\/wp\/v2\/media?parent=1988"}],"wp:term":[{"taxonomy":"folder","embeddable":true,"href":"https:\/\/www.feyalegria.org\/uruguay\/wp-json\/wp\/v2\/folder?post=1988"}],"curies":[{"name":"wp","href":"https:\/\/api.w.org\/{rel}","templated":true}]}}