 {"id":1996,"date":"2020-10-16T21:29:49","date_gmt":"2020-10-17T02:29:49","guid":{"rendered":"https:\/\/www.feyalegria.org\/uruguay\/?page_id=1996"},"modified":"2020-12-10T10:53:46","modified_gmt":"2020-12-10T15:53:46","slug":"centro-juvenil-juntos","status":"publish","type":"page","link":"https:\/\/www.feyalegria.org\/uruguay\/centro-juvenil-juntos\/","title":{"rendered":"Centro Juvenil Juntos"},"content":{"rendered":"<div class=\"wpb-content-wrapper\"><p>[vc_row][vc_column width=\u00bb5\/6&#8243;]<div style=\"background-color:;height: 50px\" class=\"nicdark_section  \"><\/div>[\/vc_column][vc_column width=\u00bb1\/6&#8243;]<a href=\"https:\/\/www.feyalegria.org\/uruguay\/centros-educativos\/\" title=\"Centros educativos\"  data-id=\"mpc_button-1069e7f4f524a41\" class=\"mpc-button mpc-init mpc-transition mpc-typography--default \" ><div class=\"mpc-button__content mpc-effect-type--stay mpc-effect-side--left\"><i class=\"mpc-button__icon mpc-transition  mi mi-pin_drop\"><\/i><span class=\"mpc-button__title mpc-transition\">Volver al mapa<\/span><\/div><div class=\"mpc-button__background mpc-transition mpc-effect-type--fade mpc-effect-side--in\"><\/div><\/a>[\/vc_column][\/vc_row][vc_row][vc_column width=\u00bb2\/3&#8243;][vc_column_text]<\/p>\n<p align=\"justify\">El Centro Juvenil Juntos (tambi\u00e9n conocido como Espacio Adolescente Juntos)  es una propuesta nacida en 2011 y que originalmente estuvo pensada para acompa\u00f1ar a los ex-alumnos del <strong><a href=\"https:\/\/www.feyalegria.org\/uruguay\/colegio-san-adolfo\/\" rel=\"noopener noreferrer\" target=\"_blank\">Colegio San Adolfo<\/a><\/strong> en su ingreso a la educaci\u00f3n secundaria.  Hoy es un centro juvenil en convenio con INAU que est\u00e1 abierto a la comunidad y del que participan j\u00f3venes de todo el Municipio 18 de mayo.<\/p>\n<p>&nbsp;<\/p>\n<p align=\"justify\">En ella participan 80 adolescentes de entre 13 y 18 a\u00f1os que se re\u00fanen diariamente en las instalaciones del <strong><a href=\"https:\/\/www.feyalegria.org\/uruguay\/parque-educativo-padre-novoa\/\" rel=\"noopener noreferrer\" target=\"_blank\">Parque Educativo Padre Novoa<\/a><\/strong>. All\u00ed refuerzan los aprendizajes del liceo o UTU acompa\u00f1ados por un equipo de educadores y t\u00e9cnicos, reflexionan sobre diferentes temas de su inter\u00e9s, realizan talleres de m\u00fasica, huerta,  cocina y deportes y participan de salidas did\u00e1cticas.<\/p>\n<p>&nbsp;<\/p>\n<p align=\"justify\">El objetivo es que este sea un espacio de trabajo y contenci\u00f3n atractivo para los adolescentes en el que se sientan escuchados y capaces de ser responsables de sus propias decisiones.<\/p>\n<p>&nbsp;<\/p>\n<p align=\"justify\">Programa de Alfabetizaci\u00f3n Laboral del Centro Juvenil Juntos.<\/p>\n<p>&nbsp;<\/p>\n<p align=\"justify\">Ante la necesidad de preparar a los j\u00f3venes para su futura inserci\u00f3n laboral, Fe y Alegr\u00eda realiz\u00f3 un acuerdo con la Universidad Cat\u00f3lica del Uruguay para la realizaci\u00f3n de dos cursos dirigidos a los mayores de 16 a\u00f1os: Atenci\u00f3n al Cliente y Operador Office. Un docente del Centro de Desarrollo Profesional de la Universidad, va al Espacio Adolescente a dictar los cursos lo que facilita la participaci\u00f3n de los j\u00f3venes que no tienen que trasladarse hasta Montevideo ni dejar de asistir a la educaci\u00f3n formal para realizar esta formaci\u00f3n que adem\u00e1s se complementa con el seguimiento personalizado que realiza la coordinadora del programa y el equipo multidisciplinario del Centro Juvenil.<\/p>\n<p>&nbsp;<\/p>\n<p>[\/vc_column_text][\/vc_column][vc_column width=\u00bb1\/3&#8243;][vc_gmaps link=\u00bb#E-8_JTNDaWZyYW1lJTIwc3JjJTNEJTIyaHR0cHMlM0ElMkYlMkZ3d3cuZ29vZ2xlLmNvbSUyRm1hcHMlMkZlbWJlZCUzRnBiJTNEJTIxMW0xOCUyMTFtMTIlMjExbTMlMjExZDE4NTU1Ljc1MTY5ODM2NjQxNCUyMTJkLTU2LjIyMjI5NzU5NDAzODkzJTIxM2QtMzQuNjk5NTI2NTUyNTcwNjglMjEybTMlMjExZjAlMjEyZjAlMjEzZjAlMjEzbTIlMjExaTEwMjQlMjEyaTc2OCUyMTRmMTMuMSUyMTNtMyUyMTFtMiUyMTFzMHgwJTI1M0EweDE1OGMyNGRlZDA3MjY4NGUlMjEyc1BhcnF1ZSUyNTIwRWR1Y2F0aXZvJTI1MjBQYWRyZSUyNTIwTm92b2ElMjE1ZTAlMjEzbTIlMjExc2VzJTIxMnN2ZSUyMTR2MTYwMzA3MTUxMTY1MyUyMTVtMiUyMTFzZXMlMjEyc3ZlJTIyJTIwd2lkdGglM0QlMjI2MDAlMjIlMjBoZWlnaHQlM0QlMjI0NTAlMjIlMjBmcmFtZWJvcmRlciUzRCUyMjAlMjIlMjBzdHlsZSUzRCUyMmJvcmRlciUzQTAlM0IlMjIlMjBhbGxvd2Z1bGxzY3JlZW4lM0QlMjIlMjIlMjBhcmlhLWhpZGRlbiUzRCUyMmZhbHNlJTIyJTIwdGFiaW5kZXglM0QlMjIwJTIyJTNFJTNDJTJGaWZyYW1lJTNF\u00bb][\/vc_column][\/vc_row][vc_row][vc_column width=\u00bb1\/4&#8243;][vc_single_image image=\u00bb2576&#8243; img_size=\u00bbmedium\u00bb alignment=\u00bbcenter\u00bb onclick=\u00bbimg_link_large\u00bb][\/vc_column][vc_column width=\u00bb1\/4&#8243;][vc_single_image image=\u00bb2161&#8243; img_size=\u00bbmedium\u00bb alignment=\u00bbcenter\u00bb onclick=\u00bbimg_link_large\u00bb][\/vc_column][vc_column width=\u00bb1\/4&#8243;][vc_single_image image=\u00bb2162&#8243; img_size=\u00bbmedium\u00bb alignment=\u00bbcenter\u00bb onclick=\u00bbimg_link_large\u00bb][\/vc_column][vc_column width=\u00bb1\/4&#8243;][vc_single_image image=\u00bb2163&#8243; img_size=\u00bbmedium\u00bb alignment=\u00bbcenter\u00bb onclick=\u00bbimg_link_large\u00bb][\/vc_column][\/vc_row]<\/p>\n<\/div>","protected":false},"excerpt":{"rendered":"<p>[vc_row][vc_column width=\u00bb5\/6&#8243;][\/vc_column][vc_column width=\u00bb1\/6&#8243;][\/vc_column][\/vc_row][vc_row][vc_column width=\u00bb2\/3&#8243;][vc_column_text] El Centro Juvenil Juntos (tambi\u00e9n conocido como Espacio Adolescente Juntos) es una propuesta nacida en 2011 y que originalmente estuvo pensada para acompa\u00f1ar a los ex-alumnos del Colegio San Adolfo en su ingreso a la educaci\u00f3n secundaria. Hoy es un centro juvenil en convenio con INAU que est\u00e1 abierto a la<\/p>\n","protected":false},"author":6,"featured_media":0,"parent":0,"menu_order":0,"comment_status":"closed","ping_status":"closed","template":"","meta":{"_acf_changed":false,"footnotes":""},"folder":[],"class_list":["post-1996","page","type-page","status-publish","hentry"],"acf":[],"yoast_head":"<!-- This site is optimized with the Yoast SEO plugin v27.2 - https:\/\/yoast.com\/product\/yoast-seo-wordpress\/ -->\n<title>Centro Juvenil Juntos - #SomosFeyAlegria en Uruguay<\/title>\n<meta name=\"robots\" content=\"index, follow, max-snippet:-1, max-image-preview:large, max-video-preview:-1\" \/>\n<link rel=\"canonical\" href=\"https:\/\/www.feyalegria.org\/uruguay\/centro-juvenil-juntos\/\" \/>\n<meta property=\"og:locale\" content=\"es_ES\" \/>\n<meta property=\"og:type\" content=\"article\" \/>\n<meta property=\"og:title\" content=\"Centro Juvenil Juntos - #SomosFeyAlegria en Uruguay\" \/>\n<meta property=\"og:description\" content=\"[vc_row][vc_column width=\u00bb5\/6&#8243;][\/vc_column][vc_column width=\u00bb1\/6&#8243;][\/vc_column][\/vc_row][vc_row][vc_column width=\u00bb2\/3&#8243;][vc_column_text] El Centro Juvenil Juntos (tambi\u00e9n conocido como Espacio Adolescente Juntos) es una propuesta nacida en 2011 y que originalmente estuvo pensada para acompa\u00f1ar a los ex-alumnos del Colegio San Adolfo en su ingreso a la educaci\u00f3n secundaria. Hoy es un centro juvenil en convenio con INAU que est\u00e1 abierto a la\" \/>\n<meta property=\"og:url\" content=\"https:\/\/www.feyalegria.org\/uruguay\/centro-juvenil-juntos\/\" \/>\n<meta property=\"og:site_name\" content=\"#SomosFeyAlegria en Uruguay\" \/>\n<meta property=\"article:modified_time\" content=\"2020-12-10T15:53:46+00:00\" \/>\n<meta name=\"twitter:card\" content=\"summary_large_image\" \/>\n<meta name=\"twitter:label1\" content=\"Tiempo de lectura\" \/>\n\t<meta name=\"twitter:data1\" content=\"3 minutos\" \/>\n<script type=\"application\/ld+json\" class=\"yoast-schema-graph\">{\"@context\":\"https:\/\/schema.org\",\"@graph\":[{\"@type\":\"WebPage\",\"@id\":\"https:\/\/www.feyalegria.org\/uruguay\/centro-juvenil-juntos\/\",\"url\":\"https:\/\/www.feyalegria.org\/uruguay\/centro-juvenil-juntos\/\",\"name\":\"Centro Juvenil Juntos - #SomosFeyAlegria en Uruguay\",\"isPartOf\":{\"@id\":\"https:\/\/www.feyalegria.org\/uruguay\/#website\"},\"datePublished\":\"2020-10-17T02:29:49+00:00\",\"dateModified\":\"2020-12-10T15:53:46+00:00\",\"breadcrumb\":{\"@id\":\"https:\/\/www.feyalegria.org\/uruguay\/centro-juvenil-juntos\/#breadcrumb\"},\"inLanguage\":\"es\",\"potentialAction\":[{\"@type\":\"ReadAction\",\"target\":[\"https:\/\/www.feyalegria.org\/uruguay\/centro-juvenil-juntos\/\"]}]},{\"@type\":\"BreadcrumbList\",\"@id\":\"https:\/\/www.feyalegria.org\/uruguay\/centro-juvenil-juntos\/#breadcrumb\",\"itemListElement\":[{\"@type\":\"ListItem\",\"position\":1,\"name\":\"Home\",\"item\":\"https:\/\/www.feyalegria.org\/uruguay\/\"},{\"@type\":\"ListItem\",\"position\":2,\"name\":\"Centro Juvenil Juntos\"}]},{\"@type\":\"WebSite\",\"@id\":\"https:\/\/www.feyalegria.org\/uruguay\/#website\",\"url\":\"https:\/\/www.feyalegria.org\/uruguay\/\",\"name\":\"#SomosFeyAlegria en Uruguay\",\"description\":\"Movimiento de Educaci\u00f3n Popular y Promoci\u00f3n Social\",\"potentialAction\":[{\"@type\":\"SearchAction\",\"target\":{\"@type\":\"EntryPoint\",\"urlTemplate\":\"https:\/\/www.feyalegria.org\/uruguay\/?s={search_term_string}\"},\"query-input\":{\"@type\":\"PropertyValueSpecification\",\"valueRequired\":true,\"valueName\":\"search_term_string\"}}],\"inLanguage\":\"es\"}]}<\/script>\n<!-- \/ Yoast SEO plugin. -->","yoast_head_json":{"title":"Centro Juvenil Juntos - #SomosFeyAlegria en Uruguay","robots":{"index":"index","follow":"follow","max-snippet":"max-snippet:-1","max-image-preview":"max-image-preview:large","max-video-preview":"max-video-preview:-1"},"canonical":"https:\/\/www.feyalegria.org\/uruguay\/centro-juvenil-juntos\/","og_locale":"es_ES","og_type":"article","og_title":"Centro Juvenil Juntos - #SomosFeyAlegria en Uruguay","og_description":"[vc_row][vc_column width=\u00bb5\/6&#8243;][\/vc_column][vc_column width=\u00bb1\/6&#8243;][\/vc_column][\/vc_row][vc_row][vc_column width=\u00bb2\/3&#8243;][vc_column_text] El Centro Juvenil Juntos (tambi\u00e9n conocido como Espacio Adolescente Juntos) es una propuesta nacida en 2011 y que originalmente estuvo pensada para acompa\u00f1ar a los ex-alumnos del Colegio San Adolfo en su ingreso a la educaci\u00f3n secundaria. Hoy es un centro juvenil en convenio con INAU que est\u00e1 abierto a la","og_url":"https:\/\/www.feyalegria.org\/uruguay\/centro-juvenil-juntos\/","og_site_name":"#SomosFeyAlegria en Uruguay","article_modified_time":"2020-12-10T15:53:46+00:00","twitter_card":"summary_large_image","twitter_misc":{"Tiempo de lectura":"3 minutos"},"schema":{"@context":"https:\/\/schema.org","@graph":[{"@type":"WebPage","@id":"https:\/\/www.feyalegria.org\/uruguay\/centro-juvenil-juntos\/","url":"https:\/\/www.feyalegria.org\/uruguay\/centro-juvenil-juntos\/","name":"Centro Juvenil Juntos - #SomosFeyAlegria en Uruguay","isPartOf":{"@id":"https:\/\/www.feyalegria.org\/uruguay\/#website"},"datePublished":"2020-10-17T02:29:49+00:00","dateModified":"2020-12-10T15:53:46+00:00","breadcrumb":{"@id":"https:\/\/www.feyalegria.org\/uruguay\/centro-juvenil-juntos\/#breadcrumb"},"inLanguage":"es","potentialAction":[{"@type":"ReadAction","target":["https:\/\/www.feyalegria.org\/uruguay\/centro-juvenil-juntos\/"]}]},{"@type":"BreadcrumbList","@id":"https:\/\/www.feyalegria.org\/uruguay\/centro-juvenil-juntos\/#breadcrumb","itemListElement":[{"@type":"ListItem","position":1,"name":"Home","item":"https:\/\/www.feyalegria.org\/uruguay\/"},{"@type":"ListItem","position":2,"name":"Centro Juvenil Juntos"}]},{"@type":"WebSite","@id":"https:\/\/www.feyalegria.org\/uruguay\/#website","url":"https:\/\/www.feyalegria.org\/uruguay\/","name":"#SomosFeyAlegria en Uruguay","description":"Movimiento de Educaci\u00f3n Popular y Promoci\u00f3n Social","potentialAction":[{"@type":"SearchAction","target":{"@type":"EntryPoint","urlTemplate":"https:\/\/www.feyalegria.org\/uruguay\/?s={search_term_string}"},"query-input":{"@type":"PropertyValueSpecification","valueRequired":true,"valueName":"search_term_string"}}],"inLanguage":"es"}]}},"_links":{"self":[{"href":"https:\/\/www.feyalegria.org\/uruguay\/wp-json\/wp\/v2\/pages\/1996","targetHints":{"allow":["GET"]}}],"collection":[{"href":"https:\/\/www.feyalegria.org\/uruguay\/wp-json\/wp\/v2\/pages"}],"about":[{"href":"https:\/\/www.feyalegria.org\/uruguay\/wp-json\/wp\/v2\/types\/page"}],"author":[{"embeddable":true,"href":"https:\/\/www.feyalegria.org\/uruguay\/wp-json\/wp\/v2\/users\/6"}],"replies":[{"embeddable":true,"href":"https:\/\/www.feyalegria.org\/uruguay\/wp-json\/wp\/v2\/comments?post=1996"}],"version-history":[{"count":0,"href":"https:\/\/www.feyalegria.org\/uruguay\/wp-json\/wp\/v2\/pages\/1996\/revisions"}],"wp:attachment":[{"href":"https:\/\/www.feyalegria.org\/uruguay\/wp-json\/wp\/v2\/media?parent=1996"}],"wp:term":[{"taxonomy":"folder","embeddable":true,"href":"https:\/\/www.feyalegria.org\/uruguay\/wp-json\/wp\/v2\/folder?post=1996"}],"curies":[{"name":"wp","href":"https:\/\/api.w.org\/{rel}","templated":true}]}}