 {"id":2366,"date":"2020-11-06T20:52:11","date_gmt":"2020-11-07T01:52:11","guid":{"rendered":"https:\/\/www.feyalegria.org\/uruguay\/?page_id=2366"},"modified":"2020-11-07T20:44:08","modified_gmt":"2020-11-08T01:44:08","slug":"la-esperanza","status":"publish","type":"page","link":"https:\/\/www.feyalegria.org\/uruguay\/la-esperanza\/","title":{"rendered":"La Esperanza"},"content":{"rendered":"<div class=\"wpb-content-wrapper\"><p>[vc_row][vc_column width=\u00bb5\/6&#8243;]<div style=\"background-color:;height: 50px\" class=\"nicdark_section  \"><\/div>[\/vc_column][vc_column width=\u00bb1\/6&#8243;]<a href=\"https:\/\/www.feyalegria.org\/uruguay\/centros-educativos\/\" title=\"Centros educativos\"  data-id=\"mpc_button-1169d6022b3a78c\" class=\"mpc-button mpc-init mpc-transition mpc-typography--default \" ><div class=\"mpc-button__content mpc-effect-type--stay mpc-effect-side--left\"><i class=\"mpc-button__icon mpc-transition  mi mi-pin_drop\"><\/i><span class=\"mpc-button__title mpc-transition\">Volver al mapa<\/span><\/div><div class=\"mpc-button__background mpc-transition mpc-effect-type--fade mpc-effect-side--in\"><\/div><\/a>[\/vc_column][\/vc_row][vc_row][vc_column width=\u00bb2\/3&#8243;][vc_column_text]<\/p>\n<p align=\"justify\">El centro La Esperanza fue fundado en 1979 en la zona llamada Villa Aeroparque, en el Departamento de Canelones. Actualmente es un complejo educativo en el que funciona un CAIF, un Club de ni\u00f1os y un Centro de Formaci\u00f3n Profesional B\u00e1sica ( FPB) en convenio con la UTU. En total , participan de la propuesta m\u00e1s de 300 ni\u00f1os, ni\u00f1as y adolescentes.<\/p>\n<p>[\/vc_column_text][vc_row_inner][vc_column_inner width=\u00bb1\/4&#8243;][vc_btn title=\u00bbCAIF La Esperanza\u00bb link=\u00bburl:https%3A%2F%2Fwww.feyalegria.org%2Furuguay%2Fcaif-la-esperanza%2F|title:CAIF%20La%20Esperanza|target:_blank\u00bb][\/vc_column_inner][vc_column_inner width=\u00bb1\/4&#8243;][vc_btn title=\u00bbClub de Ni\u00f1os La Esperanza\u00bb link=\u00bburl:https%3A%2F%2Fwww.feyalegria.org%2Furuguay%2Fclub-de-ninos-la-esperanza%2F|title:Club%20de%20Ni%C3%B1os%20La%20Esperanza|target:_blank\u00bb][\/vc_column_inner][vc_column_inner width=\u00bb1\/4&#8243;][vc_btn title=\u00bbEspacio Adolescente La Esperanza\u00bb link=\u00bburl:https%3A%2F%2Fwww.feyalegria.org%2Furuguay%2Fespacio-adolescente-la-esperanza%2F|title:Espacio%20Adolescente%20La%20Esperanza|target:_blank\u00bb][\/vc_column_inner][vc_column_inner width=\u00bb1\/4&#8243;][vc_btn title=\u00bbFPB Formaci\u00f3n Profesional B\u00e1sica\u00bb link=\u00bburl:https%3A%2F%2Fwww.feyalegria.org%2Furuguay%2Ffpb-la-esperanza%2F|title:FPB%20La%20Esperanza|target:_blank\u00bb][\/vc_column_inner][\/vc_row_inner][vc_column_text]<\/p>\n<p>&nbsp;<\/p>\n<p align=\"justify\">El CAIF la Esperanza brinda atenci\u00f3n a 170 ni\u00f1os de 0 a 3 a\u00f1os a trav\u00e9s de sus dos programas, Experiencias Oportunas y Educaci\u00f3n Inicial. Para el ingreso al Centro se priorizan situaciones familiares con factores de riesgo o vulnerabilidad social, o derivaciones de la red de instituciones y programas que trabajan en la zona.<\/p>\n<p>&nbsp;<\/p>\n<p align=\"justify\">El programa de Experiencias Oportunas se lleva a cabo mediante la realizaci\u00f3n de talleres con una periodicidad semanal, del que participan 82 ni\u00f1os y ni\u00f1as acompa\u00f1ados por su madre o alg\u00fan otro referente familiar y el equipo de Experiencias Oportunas: psicomotricista, educadora, psic\u00f3loga y trabajadora social.<\/p>\n<p>&nbsp;<\/p>\n<p align=\"justify\">Del Programa de Educaci\u00f3n Inicial participan 76 ni\u00f1os de 2 y 3 a\u00f1os, que asisten diariamente en tres grupos para cada nivel. Las educadoras referentes de cada sala son acompa\u00f1adas en su tarea por las maestras especializadas. Psic\u00f3loga y trabajadora social realizan intervenciones familiares y comunitarias cuando las situaciones lo requieren.<\/p>\n<p>&nbsp;<\/p>\n<p>&nbsp;<\/p>\n<h5 style=\"text-align: left\"><strong><span style=\"color: #aa0f16\">Contactos<\/span><\/strong><\/h5>\n<p>&nbsp;<\/p>\n<p><strong>Tel\u00e9fono<\/strong>: 2683 92 64<\/p>\n<p><strong>Correo electr\u00f3nico<\/strong>: laesperanza@feyalegria.org.uy<\/p>\n<p>&nbsp;<\/p>\n<p>[\/vc_column_text][\/vc_column][vc_column width=\u00bb1\/3&#8243;][vc_gmaps link=\u00bb#E-8_JTNDaWZyYW1lJTIwc3JjJTNEJTIyaHR0cHMlM0ElMkYlMkZ3d3cuZ29vZ2xlLmNvbSUyRm1hcHMlMkZlbWJlZCUzRnBiJTNEJTIxMW0xOCUyMTFtMTIlMjExbTMlMjExZDMxNTk0MjYuMDEyMTI5MzIzJTIxMmQtNTYuMzk5MTEwOTMzNDk4Mzg1JTIxM2QtMzMuMzYwODE1MTExMzU2MjclMjEybTMlMjExZjAlMjEyZjAlMjEzZjAlMjEzbTIlMjExaTEwMjQlMjEyaTc2OCUyMTRmMTMuMSUyMTNtMyUyMTFtMiUyMTFzMHgwJTI1M0EweGFhMjZhNzllOWMzZjRiMjMlMjEyc0xhJTI1MjBFc3BlcmFuemElMjUyMC0lMjUyMEZlJTI1MjB5JTI1MjBBbGVnciUyNUMzJTI1QURhJTIxNWUwJTIxM20yJTIxMXNlcyUyMTJzdmUlMjE0djE2MDMxNTAzMDY5NTIlMjE1bTIlMjExc2VzJTIxMnN2ZSUyMiUyMHdpZHRoJTNEJTIyNjAwJTIyJTIwaGVpZ2h0JTNEJTIyNDUwJTIyJTIwZnJhbWVib3JkZXIlM0QlMjIwJTIyJTIwc3R5bGUlM0QlMjJib3JkZXIlM0EwJTNCJTIyJTIwYWxsb3dmdWxsc2NyZWVuJTNEJTIyJTIyJTIwYXJpYS1oaWRkZW4lM0QlMjJmYWxzZSUyMiUyMHRhYmluZGV4JTNEJTIyMCUyMiUzRSUzQyUyRmlmcmFtZSUzRQ==\u00bb][\/vc_column][\/vc_row][vc_row][vc_column width=\u00bb1\/4&#8243;][vc_single_image image=\u00bb2415&#8243; img_size=\u00bbmedium\u00bb alignment=\u00bbcenter\u00bb onclick=\u00bbimg_link_large\u00bb][\/vc_column][vc_column width=\u00bb1\/4&#8243;][vc_single_image image=\u00bb2432&#8243; img_size=\u00bbfull\u00bb alignment=\u00bbcenter\u00bb onclick=\u00bbimg_link_large\u00bb][\/vc_column][vc_column width=\u00bb1\/4&#8243;][vc_single_image image=\u00bb2439&#8243; img_size=\u00bbmedium\u00bb alignment=\u00bbcenter\u00bb onclick=\u00bbimg_link_large\u00bb][\/vc_column][vc_column width=\u00bb1\/4&#8243;][vc_single_image image=\u00bb2443&#8243; img_size=\u00bbfull\u00bb alignment=\u00bbcenter\u00bb onclick=\u00bbimg_link_large\u00bb][\/vc_column][\/vc_row]<\/p>\n<\/div>","protected":false},"excerpt":{"rendered":"<p>[vc_row][vc_column width=\u00bb5\/6&#8243;][\/vc_column][vc_column width=\u00bb1\/6&#8243;][\/vc_column][\/vc_row][vc_row][vc_column width=\u00bb2\/3&#8243;][vc_column_text] El centro La Esperanza fue fundado en 1979 en la zona llamada Villa Aeroparque, en el Departamento de Canelones. Actualmente es un complejo educativo en el que funciona un CAIF, un Club de ni\u00f1os y un Centro de Formaci\u00f3n Profesional B\u00e1sica ( FPB) en convenio con la UTU. En total ,<\/p>\n","protected":false},"author":6,"featured_media":0,"parent":0,"menu_order":0,"comment_status":"closed","ping_status":"closed","template":"","meta":{"_acf_changed":false,"footnotes":""},"folder":[],"class_list":["post-2366","page","type-page","status-publish","hentry"],"acf":[],"yoast_head":"<!-- This site is optimized with the Yoast SEO plugin v27.2 - https:\/\/yoast.com\/product\/yoast-seo-wordpress\/ -->\n<title>La Esperanza - #SomosFeyAlegria en Uruguay<\/title>\n<meta name=\"robots\" content=\"index, follow, max-snippet:-1, max-image-preview:large, max-video-preview:-1\" \/>\n<link rel=\"canonical\" href=\"https:\/\/www.feyalegria.org\/uruguay\/la-esperanza\/\" \/>\n<meta property=\"og:locale\" content=\"es_ES\" \/>\n<meta property=\"og:type\" content=\"article\" \/>\n<meta property=\"og:title\" content=\"La Esperanza - #SomosFeyAlegria en Uruguay\" \/>\n<meta property=\"og:description\" content=\"[vc_row][vc_column width=\u00bb5\/6&#8243;][\/vc_column][vc_column width=\u00bb1\/6&#8243;][\/vc_column][\/vc_row][vc_row][vc_column width=\u00bb2\/3&#8243;][vc_column_text] El centro La Esperanza fue fundado en 1979 en la zona llamada Villa Aeroparque, en el Departamento de Canelones. Actualmente es un complejo educativo en el que funciona un CAIF, un Club de ni\u00f1os y un Centro de Formaci\u00f3n Profesional B\u00e1sica ( FPB) en convenio con la UTU. En total ,\" \/>\n<meta property=\"og:url\" content=\"https:\/\/www.feyalegria.org\/uruguay\/la-esperanza\/\" \/>\n<meta property=\"og:site_name\" content=\"#SomosFeyAlegria en Uruguay\" \/>\n<meta property=\"article:modified_time\" content=\"2020-11-08T01:44:08+00:00\" \/>\n<meta name=\"twitter:card\" content=\"summary_large_image\" \/>\n<meta name=\"twitter:label1\" content=\"Tiempo de lectura\" \/>\n\t<meta name=\"twitter:data1\" content=\"3 minutos\" \/>\n<script type=\"application\/ld+json\" class=\"yoast-schema-graph\">{\"@context\":\"https:\/\/schema.org\",\"@graph\":[{\"@type\":\"WebPage\",\"@id\":\"https:\/\/www.feyalegria.org\/uruguay\/la-esperanza\/\",\"url\":\"https:\/\/www.feyalegria.org\/uruguay\/la-esperanza\/\",\"name\":\"La Esperanza - #SomosFeyAlegria en Uruguay\",\"isPartOf\":{\"@id\":\"https:\/\/www.feyalegria.org\/uruguay\/#website\"},\"datePublished\":\"2020-11-07T01:52:11+00:00\",\"dateModified\":\"2020-11-08T01:44:08+00:00\",\"breadcrumb\":{\"@id\":\"https:\/\/www.feyalegria.org\/uruguay\/la-esperanza\/#breadcrumb\"},\"inLanguage\":\"es\",\"potentialAction\":[{\"@type\":\"ReadAction\",\"target\":[\"https:\/\/www.feyalegria.org\/uruguay\/la-esperanza\/\"]}]},{\"@type\":\"BreadcrumbList\",\"@id\":\"https:\/\/www.feyalegria.org\/uruguay\/la-esperanza\/#breadcrumb\",\"itemListElement\":[{\"@type\":\"ListItem\",\"position\":1,\"name\":\"Home\",\"item\":\"https:\/\/www.feyalegria.org\/uruguay\/\"},{\"@type\":\"ListItem\",\"position\":2,\"name\":\"La Esperanza\"}]},{\"@type\":\"WebSite\",\"@id\":\"https:\/\/www.feyalegria.org\/uruguay\/#website\",\"url\":\"https:\/\/www.feyalegria.org\/uruguay\/\",\"name\":\"#SomosFeyAlegria en Uruguay\",\"description\":\"Movimiento de Educaci\u00f3n Popular y Promoci\u00f3n Social\",\"potentialAction\":[{\"@type\":\"SearchAction\",\"target\":{\"@type\":\"EntryPoint\",\"urlTemplate\":\"https:\/\/www.feyalegria.org\/uruguay\/?s={search_term_string}\"},\"query-input\":{\"@type\":\"PropertyValueSpecification\",\"valueRequired\":true,\"valueName\":\"search_term_string\"}}],\"inLanguage\":\"es\"}]}<\/script>\n<!-- \/ Yoast SEO plugin. -->","yoast_head_json":{"title":"La Esperanza - #SomosFeyAlegria en Uruguay","robots":{"index":"index","follow":"follow","max-snippet":"max-snippet:-1","max-image-preview":"max-image-preview:large","max-video-preview":"max-video-preview:-1"},"canonical":"https:\/\/www.feyalegria.org\/uruguay\/la-esperanza\/","og_locale":"es_ES","og_type":"article","og_title":"La Esperanza - #SomosFeyAlegria en Uruguay","og_description":"[vc_row][vc_column width=\u00bb5\/6&#8243;][\/vc_column][vc_column width=\u00bb1\/6&#8243;][\/vc_column][\/vc_row][vc_row][vc_column width=\u00bb2\/3&#8243;][vc_column_text] El centro La Esperanza fue fundado en 1979 en la zona llamada Villa Aeroparque, en el Departamento de Canelones. Actualmente es un complejo educativo en el que funciona un CAIF, un Club de ni\u00f1os y un Centro de Formaci\u00f3n Profesional B\u00e1sica ( FPB) en convenio con la UTU. En total ,","og_url":"https:\/\/www.feyalegria.org\/uruguay\/la-esperanza\/","og_site_name":"#SomosFeyAlegria en Uruguay","article_modified_time":"2020-11-08T01:44:08+00:00","twitter_card":"summary_large_image","twitter_misc":{"Tiempo de lectura":"3 minutos"},"schema":{"@context":"https:\/\/schema.org","@graph":[{"@type":"WebPage","@id":"https:\/\/www.feyalegria.org\/uruguay\/la-esperanza\/","url":"https:\/\/www.feyalegria.org\/uruguay\/la-esperanza\/","name":"La Esperanza - #SomosFeyAlegria en Uruguay","isPartOf":{"@id":"https:\/\/www.feyalegria.org\/uruguay\/#website"},"datePublished":"2020-11-07T01:52:11+00:00","dateModified":"2020-11-08T01:44:08+00:00","breadcrumb":{"@id":"https:\/\/www.feyalegria.org\/uruguay\/la-esperanza\/#breadcrumb"},"inLanguage":"es","potentialAction":[{"@type":"ReadAction","target":["https:\/\/www.feyalegria.org\/uruguay\/la-esperanza\/"]}]},{"@type":"BreadcrumbList","@id":"https:\/\/www.feyalegria.org\/uruguay\/la-esperanza\/#breadcrumb","itemListElement":[{"@type":"ListItem","position":1,"name":"Home","item":"https:\/\/www.feyalegria.org\/uruguay\/"},{"@type":"ListItem","position":2,"name":"La Esperanza"}]},{"@type":"WebSite","@id":"https:\/\/www.feyalegria.org\/uruguay\/#website","url":"https:\/\/www.feyalegria.org\/uruguay\/","name":"#SomosFeyAlegria en Uruguay","description":"Movimiento de Educaci\u00f3n Popular y Promoci\u00f3n Social","potentialAction":[{"@type":"SearchAction","target":{"@type":"EntryPoint","urlTemplate":"https:\/\/www.feyalegria.org\/uruguay\/?s={search_term_string}"},"query-input":{"@type":"PropertyValueSpecification","valueRequired":true,"valueName":"search_term_string"}}],"inLanguage":"es"}]}},"_links":{"self":[{"href":"https:\/\/www.feyalegria.org\/uruguay\/wp-json\/wp\/v2\/pages\/2366","targetHints":{"allow":["GET"]}}],"collection":[{"href":"https:\/\/www.feyalegria.org\/uruguay\/wp-json\/wp\/v2\/pages"}],"about":[{"href":"https:\/\/www.feyalegria.org\/uruguay\/wp-json\/wp\/v2\/types\/page"}],"author":[{"embeddable":true,"href":"https:\/\/www.feyalegria.org\/uruguay\/wp-json\/wp\/v2\/users\/6"}],"replies":[{"embeddable":true,"href":"https:\/\/www.feyalegria.org\/uruguay\/wp-json\/wp\/v2\/comments?post=2366"}],"version-history":[{"count":0,"href":"https:\/\/www.feyalegria.org\/uruguay\/wp-json\/wp\/v2\/pages\/2366\/revisions"}],"wp:attachment":[{"href":"https:\/\/www.feyalegria.org\/uruguay\/wp-json\/wp\/v2\/media?parent=2366"}],"wp:term":[{"taxonomy":"folder","embeddable":true,"href":"https:\/\/www.feyalegria.org\/uruguay\/wp-json\/wp\/v2\/folder?post=2366"}],"curies":[{"name":"wp","href":"https:\/\/api.w.org\/{rel}","templated":true}]}}