 {"id":2811,"date":"2021-04-28T19:44:07","date_gmt":"2021-04-29T00:44:07","guid":{"rendered":"https:\/\/www.feyalegria.org\/uruguay\/?page_id=2811"},"modified":"2021-04-29T09:23:29","modified_gmt":"2021-04-29T14:23:29","slug":"contacto","status":"publish","type":"page","link":"https:\/\/www.feyalegria.org\/uruguay\/contacto\/","title":{"rendered":"Contacto"},"content":{"rendered":"<div class=\"wpb-content-wrapper\"><p>[vc_row][vc_column]<div style=\"background-color:;height: 30px\" class=\"nicdark_section  \"><\/div>[\/vc_column][\/vc_row][vc_row][vc_column width=\u00bb1\/3&#8243; alignment=\u00bbcenter\u00bb css=\u00bb.vc_custom_1616077790467{background-color: #f3f3f3 !important;border-radius: 10px !important;}\u00bb]\n<div class=\"wpcf7 no-js\" id=\"wpcf7-f714-o1\" lang=\"es-ES\" dir=\"ltr\" data-wpcf7-id=\"714\">\n<div class=\"screen-reader-response\"><p role=\"status\" aria-live=\"polite\" aria-atomic=\"true\"><\/p> <ul><\/ul><\/div>\n<form action=\"\/uruguay\/wp-json\/wp\/v2\/pages\/2811#wpcf7-f714-o1\" method=\"post\" class=\"wpcf7-form init\" aria-label=\"Formulario de contacto\" novalidate=\"novalidate\" data-status=\"init\">\n<fieldset class=\"hidden-fields-container\"><input type=\"hidden\" name=\"_wpcf7\" value=\"714\" \/><input type=\"hidden\" name=\"_wpcf7_version\" value=\"6.1.5\" \/><input type=\"hidden\" name=\"_wpcf7_locale\" value=\"es_ES\" \/><input type=\"hidden\" name=\"_wpcf7_unit_tag\" value=\"wpcf7-f714-o1\" \/><input type=\"hidden\" name=\"_wpcf7_container_post\" value=\"0\" \/><input type=\"hidden\" name=\"_wpcf7_posted_data_hash\" value=\"\" \/><input type=\"hidden\" name=\"_wpcf7_recaptcha_response\" value=\"\" \/>\n<\/fieldset>\n<div class=\"row\">\n\t<div>\n\t\t<p><span class=\"wpcf7-form-control-wrap\" data-name=\"your-nombre\"><input size=\"40\" maxlength=\"400\" class=\"wpcf7-form-control wpcf7-text wpcf7-validates-as-required input_field\" aria-required=\"true\" aria-invalid=\"false\" placeholder=\"Nombre*\" value=\"\" type=\"text\" name=\"your-nombre\" \/><\/span>\n\t\t<\/p>\n\t<\/div>\n\t<div>\n\t\t<p><span class=\"wpcf7-form-control-wrap\" data-name=\"your-apellido\"><input size=\"40\" maxlength=\"400\" class=\"wpcf7-form-control wpcf7-text wpcf7-validates-as-required input_field\" aria-required=\"true\" aria-invalid=\"false\" placeholder=\"Apellido*\" value=\"\" type=\"text\" name=\"your-apellido\" \/><\/span>\n\t\t<\/p>\n\t<\/div>\n\t<div>\n\t\t<p><span class=\"wpcf7-form-control-wrap\" data-name=\"your-email\"><input size=\"40\" maxlength=\"400\" class=\"wpcf7-form-control wpcf7-email wpcf7-validates-as-required wpcf7-text wpcf7-validates-as-email input_field\" aria-required=\"true\" aria-invalid=\"false\" placeholder=\"Email*\" value=\"\" type=\"email\" name=\"your-email\" \/><\/span>\n\t\t<\/p>\n\t<\/div>\n\t<div>\n\t\t<p><span class=\"wpcf7-form-control-wrap\" data-name=\"your-tel\"><input size=\"40\" maxlength=\"400\" class=\"wpcf7-form-control wpcf7-text input_field\" aria-invalid=\"false\" placeholder=\"Tel\u00e9fono\" value=\"\" type=\"text\" name=\"your-tel\" \/><\/span>\n\t\t<\/p>\n\t<\/div>\n\t<div>\n\t\t<p><span class=\"wpcf7-form-control-wrap\" data-name=\"your-mensaje\"><textarea cols=\"40\" rows=\"8\" maxlength=\"2000\" class=\"wpcf7-form-control wpcf7-textarea wpcf7-validates-as-required input_field\" id=\"your-message\" aria-required=\"true\" aria-invalid=\"false\" placeholder=\"Mensaje*\" name=\"your-mensaje\"><\/textarea><\/span>\n\t\t<\/p>\n\t<\/div>\n\t<div style=\"text-align:center;\">\n\t\t<p><b>Acepto t\u00e9rminos y condiciones<\/b><br \/>\n<span class=\"wpcf7-form-control-wrap\" data-name=\"terminos\"><span class=\"wpcf7-form-control wpcf7-acceptance\"><span class=\"wpcf7-list-item\"><input type=\"checkbox\" name=\"terminos\" value=\"1\" aria-invalid=\"false\" \/><\/span><\/span><\/span><br \/>\n<a id=\"legal-contacto\" style=\"color:#aa0f16;text-align:left;\" href=\"#\">*Ver t\u00e9rminos legales<\/a>\n\t\t<\/p>\n\t<\/div>\n\t<div>\n\t\t<p><input class=\"wpcf7-form-control wpcf7-submit has-spinner radius0\" type=\"submit\" value=\"Enviar mensaje\" \/>\n\t\t<\/p>\n\t<\/div>\n<\/div><p style=\"display: none !important;\" class=\"akismet-fields-container\" data-prefix=\"_wpcf7_ak_\"><label>&#916;<textarea name=\"_wpcf7_ak_hp_textarea\" cols=\"45\" rows=\"8\" maxlength=\"100\"><\/textarea><\/label><input type=\"hidden\" id=\"ak_js_1\" name=\"_wpcf7_ak_js\" value=\"162\"\/><script type=\"text\/javascript\">\n\/* <![CDATA[ *\/\ndocument.getElementById( \"ak_js_1\" ).setAttribute( \"value\", ( new Date() ).getTime() );\n\/* ]]> *\/\n<\/script>\n<\/p><input type='hidden' class='wpcf7-pum' value='{\"closepopup\":false,\"closedelay\":0,\"openpopup\":false,\"openpopup_id\":0}' \/><div class=\"wpcf7-response-output\" aria-hidden=\"true\"><\/div>\n<\/form>\n<\/div>\n[vc_empty_space height=\u00bb20px\u00bb][\/vc_column][vc_column width=\u00bb2\/3&#8243; alignment=\u00bbcenter\u00bb][vc_gmaps link=\u00bb#E-8_JTNDaWZyYW1lJTIwc3JjJTNEJTIyaHR0cHMlM0ElMkYlMkZ3d3cuZ29vZ2xlLmNvbSUyRm1hcHMlMkZlbWJlZCUzRnBiJTNEJTIxMW0xOCUyMTFtMTIlMjExbTMlMjExZDMyNzIuNzA2NDk0MjQ4NzM2JTIxMmQtNTYuMTYxMDcwNDk4OTg2ODQ1JTIxM2QtMzQuODg4NzE1ODgwMjkwMzU2JTIxMm0zJTIxMWYwJTIxMmYwJTIxM2YwJTIxM20yJTIxMWkxMDI0JTIxMmk3NjglMjE0ZjEzLjElMjEzbTMlMjExbTIlMjExczB4OTU5ZjgwZjg3M2Q3NGE0MyUyNTNBMHg5YWE0Mjg0NDljMzFiZDNkJTIxMnNBdi4lMjUyMDglMjUyMGRlJTI1MjBPY3R1YnJlJTI1MjAyNzM4JTI1MkMlMjUyMDExNjAwJTI1MjBNb250ZXZpZGVvJTI1MkMlMjUyMERlcGFydGFtZW50byUyNTIwZGUlMjUyME1vbnRldmlkZW8lMjUyQyUyNTIwVXJ1Z3VheSUyMTVlMCUyMTNtMiUyMTFzZXMlMjEyc2NvJTIxNHYxNjE5NjU4NTA4MDA1JTIxNW0yJTIxMXNlcyUyMTJzY28lMjIlMjB3aWR0aCUzRCUyMjEwMCUyNSUyMiUyMGhlaWdodCUzRCUyMjQ1MCUyMiUyMHN0eWxlJTNEJTIyYm9yZGVyJTNBMCUzQiUyMiUyMGFsbG93ZnVsbHNjcmVlbiUzRCUyMiUyMiUyMGxvYWRpbmclM0QlMjJsYXp5JTIyJTNFJTNDJTJGaWZyYW1lJTNF\u00bb][vc_empty_space height=\u00bb20px\u00bb][\/vc_column][\/vc_row][vc_row][vc_column]<div style=\"background-color:;height: 60px\" class=\"nicdark_section  \"><\/div>[\/vc_column][\/vc_row][vc_row][vc_column width=\u00bb1\/2&#8243;][vc_column_text]<\/p>\n<h4 style=\"text-align: left;\"><strong><span style=\"color: #aa0f16;\">Direcci\u00f3n:<\/span><\/strong><\/h4>\n<p>&nbsp;<\/p>\n<p>Avda. 8 de octubre 2738 | Montevideo, Uruguay<\/p>\n<p><strong>Tel\u00e9fono<\/strong>: (+598) 2487 27 17 int. 6981<\/p>\n<p><strong>Correo electr\u00f3nico<\/strong>: info@feyalegria.org.uy[\/vc_column_text][\/vc_column][vc_column width=\u00bb1\/2&#8243;][vc_column_text]<\/p>\n<h4 style=\"text-align: center;\"><strong><span style=\"color: #aa0f16;\">Nuestras redes sociales:<\/span><\/strong><\/h4>\n<p>[\/vc_column_text][vc_raw_html]JTVCc29jaWFsX3ZjX2ZhdGhlciUyMGFsaWduJTNEJTIyY2VudGVyJTIyJTVEJTVCc29jaWFsX3ZjX3NvbiUyMHN0eWxlJTNEJTIyZWZmZWN0MSUyMiUyMG1hcmdpbiUzRCUyMjYlMjIlMjB3aWR0aCUzRCUyMjMwJTIyJTIwaGVpZ2h0JTNEJTIyMzAlMjIlMjB1cmwlM0QlMjJodHRwcyUzQSUyRiUyRnd3dy5mYWNlYm9vay5jb20lMkZmZXlhbGVncmlhdXJ1Z3VheSUyRiUyMiUyMHRhcmdldCUzRCUyMl9ibGFuayUyMiUyMHJhZGl1cyUzRCUyMjEwcHglMjIlMjBpY29uJTNEJTIyZmFiJTIwZmEtZmFjZWJvb2stZiUyMiUyMGNsciUzRCUyMiUyM2ZmZmZmZiUyMiUyMGJnY2xyJTNEJTIyJTIzYWEwZTE3JTIyJTIwaG92ZXJjbHIlM0QlMjIlMjNmZmZmZmYlMjIlMjBob3ZlcmJnJTNEJTIyJTIzODg4ODg4JTIyJTIwY2FwdGlvbl91cmwlM0QlMjIlMjIlNUQlNUJzb2NpYWxfdmNfc29uJTIwc3R5bGUlM0QlMjJlZmZlY3QxJTIyJTIwbWFyZ2luJTNEJTIyNiUyMiUyMHdpZHRoJTNEJTIyMzAlMjIlMjBoZWlnaHQlM0QlMjIzMCUyMiUyMHVybCUzRCUyMmh0dHBzJTNBJTJGJTJGdHdpdHRlci5jb20lMkZmZXlhbGVncmlhdXklMjIlMjByYWRpdXMlM0QlMjIxMHB4JTIyJTIwdGFyZ2V0JTNEJTIyX2JsYW5rJTIyJTIwaWNvbiUzRCUyMmZhYiUyMGZhLXR3aXR0ZXIlMjIlMjBjbHIlM0QlMjIlMjNmZmZmZmYlMjIlMjBiZ2NsciUzRCUyMiUyM2FhMGUxNyUyMiUyMGhvdmVyY2xyJTNEJTIyJTIzYWEwZTE3JTIyJTIwaG92ZXJiZyUzRCUyMiUyMzg4ODg4OCUyMiUyMGNhcHRpb25fdXJsJTNEJTIyJTIyJTVEJTVCc29jaWFsX3ZjX3NvbiUyMHN0eWxlJTNEJTIyZWZmZWN0MSUyMiUyMG1hcmdpbiUzRCUyMjYlMjIlMjB3aWR0aCUzRCUyMjMwJTIyJTIwaGVpZ2h0JTNEJTIyMzAlMjIlMjB1cmwlM0QlMjJodHRwcyUzQSUyRiUyRnd3dy5pbnN0YWdyYW0uY29tJTJGZmV5YWxlZ3JpYXV5JTJGJTIyJTIwdGFyZ2V0JTNEJTIyX2JsYW5rJTIyJTIwcmFkaXVzJTNEJTIyMTBweCUyMiUyMGljb24lM0QlMjJmYWIlMjBmYS1pbnN0YWdyYW0lMjIlMjBjbHIlM0QlMjIlMjNmZmZmZmYlMjIlMjBiZ2NsciUzRCUyMiUyM2FhMGUxNyUyMiUyMGhvdmVyY2xyJTNEJTIyJTIzZmZmZmZmJTIyJTIwaG92ZXJiZyUzRCUyMiUyMzg4ODg4OCUyMiUyMGNhcHRpb25fdXJsJTNEJTIyJTIyJTVEJTVCc29jaWFsX3ZjX3NvbiUyMHN0eWxlJTNEJTIyZWZmZWN0MSUyMiUyMG1hcmdpbiUzRCUyMjYlMjIlMjB3aWR0aCUzRCUyMjMwJTIyJTIwaGVpZ2h0JTNEJTIyMzAlMjIlMjB1cmwlM0QlMjJodHRwcyUzQSUyRiUyRnd3dy55b3V0dWJlLmNvbSUyRnVzZXIlMkZGZXlBbGVncmlhVVklMkYlMjIlMjB0YXJnZXQlM0QlMjJfYmxhbmslMjIlMjByYWRpdXMlM0QlMjIxMHB4JTIyJTIwaWNvbiUzRCUyMmZhYiUyMGZhLXlvdXR1YmUlMjIlMjBjbHIlM0QlMjIlMjNmZmZmZmYlMjIlMjBiZ2NsciUzRCUyMiUyM2FhMGUxNyUyMiUyMGhvdmVyY2xyJTNEJTIyJTIzZmZmZmZmJTIyJTIwaG92ZXJiZyUzRCUyMiUyMzg4ODg4OCUyMiUyMGNhcHRpb25fdXJsJTNEJTIyJTIyJTVEJTVCJTJGc29jaWFsX3ZjX2ZhdGhlciU1RA==[\/vc_raw_html][\/vc_column][\/vc_row][vc_row][vc_column]<div style=\"background-color:;height: 20px\" class=\"nicdark_section  \"><\/div>[\/vc_column][\/vc_row][vc_row][vc_column][vc_single_image image=\u00bb2901&#8243; img_size=\u00bbfull\u00bb alignment=\u00bbcenter\u00bb style=\u00bbvc_box_rounded\u00bb]<div style=\"background-color:;height: 30px\" class=\"nicdark_section  \"><\/div>[\/vc_column][\/vc_row]<\/p>\n<\/div>","protected":false},"excerpt":{"rendered":"<p>[vc_row][vc_column][\/vc_column][\/vc_row][vc_row][vc_column width=\u00bb1\/3&#8243; alignment=\u00bbcenter\u00bb css=\u00bb.vc_custom_1616077790467{background-color: #f3f3f3 !important;border-radius: 10px !important;}\u00bb][vc_empty_space height=\u00bb20px\u00bb][\/vc_column][vc_column width=\u00bb2\/3&#8243; alignment=\u00bbcenter\u00bb][vc_gmaps link=\u00bb#E-8_JTNDaWZyYW1lJTIwc3JjJTNEJTIyaHR0cHMlM0ElMkYlMkZ3d3cuZ29vZ2xlLmNvbSUyRm1hcHMlMkZlbWJlZCUzRnBiJTNEJTIxMW0xOCUyMTFtMTIlMjExbTMlMjExZDMyNzIuNzA2NDk0MjQ4NzM2JTIxMmQtNTYuMTYxMDcwNDk4OTg2ODQ1JTIxM2QtMzQuODg4NzE1ODgwMjkwMzU2JTIxMm0zJTIxMWYwJTIxMmYwJTIxM2YwJTIxM20yJTIxMWkxMDI0JTIxMmk3NjglMjE0ZjEzLjElMjEzbTMlMjExbTIlMjExczB4OTU5ZjgwZjg3M2Q3NGE0MyUyNTNBMHg5YWE0Mjg0NDljMzFiZDNkJTIxMnNBdi4lMjUyMDglMjUyMGRlJTI1MjBPY3R1YnJlJTI1MjAyNzM4JTI1MkMlMjUyMDExNjAwJTI1MjBNb250ZXZpZGVvJTI1MkMlMjUyMERlcGFydGFtZW50byUyNTIwZGUlMjUyME1vbnRldmlkZW8lMjUyQyUyNTIwVXJ1Z3VheSUyMTVlMCUyMTNtMiUyMTFzZXMlMjEyc2NvJTIxNHYxNjE5NjU4NTA4MDA1JTIxNW0yJTIxMXNlcyUyMTJzY28lMjIlMjB3aWR0aCUzRCUyMjEwMCUyNSUyMiUyMGhlaWdodCUzRCUyMjQ1MCUyMiUyMHN0eWxlJTNEJTIyYm9yZGVyJTNBMCUzQiUyMiUyMGFsbG93ZnVsbHNjcmVlbiUzRCUyMiUyMiUyMGxvYWRpbmclM0QlMjJsYXp5JTIyJTNFJTNDJTJGaWZyYW1lJTNF\u00bb][vc_empty_space height=\u00bb20px\u00bb][\/vc_column][\/vc_row][vc_row][vc_column][\/vc_column][\/vc_row][vc_row][vc_column width=\u00bb1\/2&#8243;][vc_column_text] Direcci\u00f3n: &nbsp; Avda. 8 de octubre 2738 | Montevideo, Uruguay Tel\u00e9fono: (+598) 2487 27 17 int. 6981 Correo electr\u00f3nico: info@feyalegria.org.uy[\/vc_column_text][\/vc_column][vc_column width=\u00bb1\/2&#8243;][vc_column_text] Nuestras redes sociales: [\/vc_column_text][vc_raw_html]JTVCc29jaWFsX3ZjX2ZhdGhlciUyMGFsaWduJTNEJTIyY2VudGVyJTIyJTVEJTVCc29jaWFsX3ZjX3NvbiUyMHN0eWxlJTNEJTIyZWZmZWN0MSUyMiUyMG1hcmdpbiUzRCUyMjYlMjIlMjB3aWR0aCUzRCUyMjMwJTIyJTIwaGVpZ2h0JTNEJTIyMzAlMjIlMjB1cmwlM0QlMjJodHRwcyUzQSUyRiUyRnd3dy5mYWNlYm9vay5jb20lMkZmZXlhbGVncmlhdXJ1Z3VheSUyRiUyMiUyMHRhcmdldCUzRCUyMl9ibGFuayUyMiUyMHJhZGl1cyUzRCUyMjEwcHglMjIlMjBpY29uJTNEJTIyZmFiJTIwZmEtZmFjZWJvb2stZiUyMiUyMGNsciUzRCUyMiUyM2ZmZmZmZiUyMiUyMGJnY2xyJTNEJTIyJTIzYWEwZTE3JTIyJTIwaG92ZXJjbHIlM0QlMjIlMjNmZmZmZmYlMjIlMjBob3ZlcmJnJTNEJTIyJTIzODg4ODg4JTIyJTIwY2FwdGlvbl91cmwlM0QlMjIlMjIlNUQlNUJzb2NpYWxfdmNfc29uJTIwc3R5bGUlM0QlMjJlZmZlY3QxJTIyJTIwbWFyZ2luJTNEJTIyNiUyMiUyMHdpZHRoJTNEJTIyMzAlMjIlMjBoZWlnaHQlM0QlMjIzMCUyMiUyMHVybCUzRCUyMmh0dHBzJTNBJTJGJTJGdHdpdHRlci5jb20lMkZmZXlhbGVncmlhdXklMjIlMjByYWRpdXMlM0QlMjIxMHB4JTIyJTIwdGFyZ2V0JTNEJTIyX2JsYW5rJTIyJTIwaWNvbiUzRCUyMmZhYiUyMGZhLXR3aXR0ZXIlMjIlMjBjbHIlM0QlMjIlMjNmZmZmZmYlMjIlMjBiZ2NsciUzRCUyMiUyM2FhMGUxNyUyMiUyMGhvdmVyY2xyJTNEJTIyJTIzYWEwZTE3JTIyJTIwaG92ZXJiZyUzRCUyMiUyMzg4ODg4OCUyMiUyMGNhcHRpb25fdXJsJTNEJTIyJTIyJTVEJTVCc29jaWFsX3ZjX3NvbiUyMHN0eWxlJTNEJTIyZWZmZWN0MSUyMiUyMG1hcmdpbiUzRCUyMjYlMjIlMjB3aWR0aCUzRCUyMjMwJTIyJTIwaGVpZ2h0JTNEJTIyMzAlMjIlMjB1cmwlM0QlMjJodHRwcyUzQSUyRiUyRnd3dy5pbnN0YWdyYW0uY29tJTJGZmV5YWxlZ3JpYXV5JTJGJTIyJTIwdGFyZ2V0JTNEJTIyX2JsYW5rJTIyJTIwcmFkaXVzJTNEJTIyMTBweCUyMiUyMGljb24lM0QlMjJmYWIlMjBmYS1pbnN0YWdyYW0lMjIlMjBjbHIlM0QlMjIlMjNmZmZmZmYlMjIlMjBiZ2NsciUzRCUyMiUyM2FhMGUxNyUyMiUyMGhvdmVyY2xyJTNEJTIyJTIzZmZmZmZmJTIyJTIwaG92ZXJiZyUzRCUyMiUyMzg4ODg4OCUyMiUyMGNhcHRpb25fdXJsJTNEJTIyJTIyJTVEJTVCc29jaWFsX3ZjX3NvbiUyMHN0eWxlJTNEJTIyZWZmZWN0MSUyMiUyMG1hcmdpbiUzRCUyMjYlMjIlMjB3aWR0aCUzRCUyMjMwJTIyJTIwaGVpZ2h0JTNEJTIyMzAlMjIlMjB1cmwlM0QlMjJodHRwcyUzQSUyRiUyRnd3dy55b3V0dWJlLmNvbSUyRnVzZXIlMkZGZXlBbGVncmlhVVklMkYlMjIlMjB0YXJnZXQlM0QlMjJfYmxhbmslMjIlMjByYWRpdXMlM0QlMjIxMHB4JTIyJTIwaWNvbiUzRCUyMmZhYiUyMGZhLXlvdXR1YmUlMjIlMjBjbHIlM0QlMjIlMjNmZmZmZmYlMjIlMjBiZ2NsciUzRCUyMiUyM2FhMGUxNyUyMiUyMGhvdmVyY2xyJTNEJTIyJTIzZmZmZmZmJTIyJTIwaG92ZXJiZyUzRCUyMiUyMzg4ODg4OCUyMiUyMGNhcHRpb25fdXJsJTNEJTIyJTIyJTVEJTVCJTJGc29jaWFsX3ZjX2ZhdGhlciU1RA==[\/vc_raw_html][\/vc_column][\/vc_row][vc_row][vc_column][\/vc_column][\/vc_row][vc_row][vc_column][vc_single_image image=\u00bb2901&#8243; img_size=\u00bbfull\u00bb alignment=\u00bbcenter\u00bb style=\u00bbvc_box_rounded\u00bb][\/vc_column][\/vc_row]<\/p>\n","protected":false},"author":19,"featured_media":0,"parent":0,"menu_order":0,"comment_status":"closed","ping_status":"closed","template":"","meta":{"_acf_changed":false,"footnotes":""},"folder":[],"class_list":["post-2811","page","type-page","status-publish","hentry"],"acf":[],"yoast_head":"<!-- This site is optimized with the Yoast SEO plugin v27.5 - https:\/\/yoast.com\/product\/yoast-seo-wordpress\/ -->\n<title>Contacto - #SomosFeyAlegria en Uruguay<\/title>\n<meta name=\"robots\" content=\"index, follow, max-snippet:-1, max-image-preview:large, max-video-preview:-1\" \/>\n<link rel=\"canonical\" href=\"https:\/\/www.feyalegria.org\/uruguay\/contacto\/\" \/>\n<meta property=\"og:locale\" content=\"es_ES\" \/>\n<meta property=\"og:type\" content=\"article\" \/>\n<meta property=\"og:title\" content=\"Contacto - #SomosFeyAlegria en Uruguay\" \/>\n<meta property=\"og:description\" content=\"[vc_row][vc_column][\/vc_column][\/vc_row][vc_row][vc_column width=\u00bb1\/3&#8243; alignment=\u00bbcenter\u00bb css=\u00bb.vc_custom_1616077790467{background-color: #f3f3f3 !important;border-radius: 10px !important;}\u00bb][vc_empty_space height=\u00bb20px\u00bb][\/vc_column][vc_column width=\u00bb2\/3&#8243; alignment=\u00bbcenter\u00bb][vc_gmaps link=\u00bb#E-8_JTNDaWZyYW1lJTIwc3JjJTNEJTIyaHR0cHMlM0ElMkYlMkZ3d3cuZ29vZ2xlLmNvbSUyRm1hcHMlMkZlbWJlZCUzRnBiJTNEJTIxMW0xOCUyMTFtMTIlMjExbTMlMjExZDMyNzIuNzA2NDk0MjQ4NzM2JTIxMmQtNTYuMTYxMDcwNDk4OTg2ODQ1JTIxM2QtMzQuODg4NzE1ODgwMjkwMzU2JTIxMm0zJTIxMWYwJTIxMmYwJTIxM2YwJTIxM20yJTIxMWkxMDI0JTIxMmk3NjglMjE0ZjEzLjElMjEzbTMlMjExbTIlMjExczB4OTU5ZjgwZjg3M2Q3NGE0MyUyNTNBMHg5YWE0Mjg0NDljMzFiZDNkJTIxMnNBdi4lMjUyMDglMjUyMGRlJTI1MjBPY3R1YnJlJTI1MjAyNzM4JTI1MkMlMjUyMDExNjAwJTI1MjBNb250ZXZpZGVvJTI1MkMlMjUyMERlcGFydGFtZW50byUyNTIwZGUlMjUyME1vbnRldmlkZW8lMjUyQyUyNTIwVXJ1Z3VheSUyMTVlMCUyMTNtMiUyMTFzZXMlMjEyc2NvJTIxNHYxNjE5NjU4NTA4MDA1JTIxNW0yJTIxMXNlcyUyMTJzY28lMjIlMjB3aWR0aCUzRCUyMjEwMCUyNSUyMiUyMGhlaWdodCUzRCUyMjQ1MCUyMiUyMHN0eWxlJTNEJTIyYm9yZGVyJTNBMCUzQiUyMiUyMGFsbG93ZnVsbHNjcmVlbiUzRCUyMiUyMiUyMGxvYWRpbmclM0QlMjJsYXp5JTIyJTNFJTNDJTJGaWZyYW1lJTNF\u00bb][vc_empty_space height=\u00bb20px\u00bb][\/vc_column][\/vc_row][vc_row][vc_column][\/vc_column][\/vc_row][vc_row][vc_column width=\u00bb1\/2&#8243;][vc_column_text] Direcci\u00f3n: &nbsp; Avda. 8 de octubre 2738 | Montevideo, Uruguay Tel\u00e9fono: (+598) 2487 27 17 int. 6981 Correo electr\u00f3nico: info@feyalegria.org.uy[\/vc_column_text][\/vc_column][vc_column width=\u00bb1\/2&#8243;][vc_column_text] Nuestras redes sociales: [\/vc_column_text][vc_raw_html]JTVCc29jaWFsX3ZjX2ZhdGhlciUyMGFsaWduJTNEJTIyY2VudGVyJTIyJTVEJTVCc29jaWFsX3ZjX3NvbiUyMHN0eWxlJTNEJTIyZWZmZWN0MSUyMiUyMG1hcmdpbiUzRCUyMjYlMjIlMjB3aWR0aCUzRCUyMjMwJTIyJTIwaGVpZ2h0JTNEJTIyMzAlMjIlMjB1cmwlM0QlMjJodHRwcyUzQSUyRiUyRnd3dy5mYWNlYm9vay5jb20lMkZmZXlhbGVncmlhdXJ1Z3VheSUyRiUyMiUyMHRhcmdldCUzRCUyMl9ibGFuayUyMiUyMHJhZGl1cyUzRCUyMjEwcHglMjIlMjBpY29uJTNEJTIyZmFiJTIwZmEtZmFjZWJvb2stZiUyMiUyMGNsciUzRCUyMiUyM2ZmZmZmZiUyMiUyMGJnY2xyJTNEJTIyJTIzYWEwZTE3JTIyJTIwaG92ZXJjbHIlM0QlMjIlMjNmZmZmZmYlMjIlMjBob3ZlcmJnJTNEJTIyJTIzODg4ODg4JTIyJTIwY2FwdGlvbl91cmwlM0QlMjIlMjIlNUQlNUJzb2NpYWxfdmNfc29uJTIwc3R5bGUlM0QlMjJlZmZlY3QxJTIyJTIwbWFyZ2luJTNEJTIyNiUyMiUyMHdpZHRoJTNEJTIyMzAlMjIlMjBoZWlnaHQlM0QlMjIzMCUyMiUyMHVybCUzRCUyMmh0dHBzJTNBJTJGJTJGdHdpdHRlci5jb20lMkZmZXlhbGVncmlhdXklMjIlMjByYWRpdXMlM0QlMjIxMHB4JTIyJTIwdGFyZ2V0JTNEJTIyX2JsYW5rJTIyJTIwaWNvbiUzRCUyMmZhYiUyMGZhLXR3aXR0ZXIlMjIlMjBjbHIlM0QlMjIlMjNmZmZmZmYlMjIlMjBiZ2NsciUzRCUyMiUyM2FhMGUxNyUyMiUyMGhvdmVyY2xyJTNEJTIyJTIzYWEwZTE3JTIyJTIwaG92ZXJiZyUzRCUyMiUyMzg4ODg4OCUyMiUyMGNhcHRpb25fdXJsJTNEJTIyJTIyJTVEJTVCc29jaWFsX3ZjX3NvbiUyMHN0eWxlJTNEJTIyZWZmZWN0MSUyMiUyMG1hcmdpbiUzRCUyMjYlMjIlMjB3aWR0aCUzRCUyMjMwJTIyJTIwaGVpZ2h0JTNEJTIyMzAlMjIlMjB1cmwlM0QlMjJodHRwcyUzQSUyRiUyRnd3dy5pbnN0YWdyYW0uY29tJTJGZmV5YWxlZ3JpYXV5JTJGJTIyJTIwdGFyZ2V0JTNEJTIyX2JsYW5rJTIyJTIwcmFkaXVzJTNEJTIyMTBweCUyMiUyMGljb24lM0QlMjJmYWIlMjBmYS1pbnN0YWdyYW0lMjIlMjBjbHIlM0QlMjIlMjNmZmZmZmYlMjIlMjBiZ2NsciUzRCUyMiUyM2FhMGUxNyUyMiUyMGhvdmVyY2xyJTNEJTIyJTIzZmZmZmZmJTIyJTIwaG92ZXJiZyUzRCUyMiUyMzg4ODg4OCUyMiUyMGNhcHRpb25fdXJsJTNEJTIyJTIyJTVEJTVCc29jaWFsX3ZjX3NvbiUyMHN0eWxlJTNEJTIyZWZmZWN0MSUyMiUyMG1hcmdpbiUzRCUyMjYlMjIlMjB3aWR0aCUzRCUyMjMwJTIyJTIwaGVpZ2h0JTNEJTIyMzAlMjIlMjB1cmwlM0QlMjJodHRwcyUzQSUyRiUyRnd3dy55b3V0dWJlLmNvbSUyRnVzZXIlMkZGZXlBbGVncmlhVVklMkYlMjIlMjB0YXJnZXQlM0QlMjJfYmxhbmslMjIlMjByYWRpdXMlM0QlMjIxMHB4JTIyJTIwaWNvbiUzRCUyMmZhYiUyMGZhLXlvdXR1YmUlMjIlMjBjbHIlM0QlMjIlMjNmZmZmZmYlMjIlMjBiZ2NsciUzRCUyMiUyM2FhMGUxNyUyMiUyMGhvdmVyY2xyJTNEJTIyJTIzZmZmZmZmJTIyJTIwaG92ZXJiZyUzRCUyMiUyMzg4ODg4OCUyMiUyMGNhcHRpb25fdXJsJTNEJTIyJTIyJTVEJTVCJTJGc29jaWFsX3ZjX2ZhdGhlciU1RA==[\/vc_raw_html][\/vc_column][\/vc_row][vc_row][vc_column][\/vc_column][\/vc_row][vc_row][vc_column][vc_single_image image=\u00bb2901&#8243; img_size=\u00bbfull\u00bb alignment=\u00bbcenter\u00bb style=\u00bbvc_box_rounded\u00bb][\/vc_column][\/vc_row]\" \/>\n<meta property=\"og:url\" content=\"https:\/\/www.feyalegria.org\/uruguay\/contacto\/\" \/>\n<meta property=\"og:site_name\" content=\"#SomosFeyAlegria en Uruguay\" \/>\n<meta property=\"article:modified_time\" content=\"2021-04-29T14:23:29+00:00\" \/>\n<meta name=\"twitter:card\" content=\"summary_large_image\" \/>\n<meta name=\"twitter:label1\" content=\"Tiempo de lectura\" \/>\n\t<meta name=\"twitter:data1\" content=\"2 minutos\" \/>\n<script type=\"application\/ld+json\" class=\"yoast-schema-graph\">{\"@context\":\"https:\\\/\\\/schema.org\",\"@graph\":[{\"@type\":\"WebPage\",\"@id\":\"https:\\\/\\\/www.feyalegria.org\\\/uruguay\\\/contacto\\\/\",\"url\":\"https:\\\/\\\/www.feyalegria.org\\\/uruguay\\\/contacto\\\/\",\"name\":\"Contacto - #SomosFeyAlegria en Uruguay\",\"isPartOf\":{\"@id\":\"https:\\\/\\\/www.feyalegria.org\\\/uruguay\\\/#website\"},\"datePublished\":\"2021-04-29T00:44:07+00:00\",\"dateModified\":\"2021-04-29T14:23:29+00:00\",\"breadcrumb\":{\"@id\":\"https:\\\/\\\/www.feyalegria.org\\\/uruguay\\\/contacto\\\/#breadcrumb\"},\"inLanguage\":\"es\",\"potentialAction\":[{\"@type\":\"ReadAction\",\"target\":[\"https:\\\/\\\/www.feyalegria.org\\\/uruguay\\\/contacto\\\/\"]}]},{\"@type\":\"BreadcrumbList\",\"@id\":\"https:\\\/\\\/www.feyalegria.org\\\/uruguay\\\/contacto\\\/#breadcrumb\",\"itemListElement\":[{\"@type\":\"ListItem\",\"position\":1,\"name\":\"Home\",\"item\":\"https:\\\/\\\/www.feyalegria.org\\\/uruguay\\\/\"},{\"@type\":\"ListItem\",\"position\":2,\"name\":\"Contacto\"}]},{\"@type\":\"WebSite\",\"@id\":\"https:\\\/\\\/www.feyalegria.org\\\/uruguay\\\/#website\",\"url\":\"https:\\\/\\\/www.feyalegria.org\\\/uruguay\\\/\",\"name\":\"#SomosFeyAlegria en Uruguay\",\"description\":\"Movimiento de Educaci\u00f3n Popular y Promoci\u00f3n Social\",\"potentialAction\":[{\"@type\":\"SearchAction\",\"target\":{\"@type\":\"EntryPoint\",\"urlTemplate\":\"https:\\\/\\\/www.feyalegria.org\\\/uruguay\\\/?s={search_term_string}\"},\"query-input\":{\"@type\":\"PropertyValueSpecification\",\"valueRequired\":true,\"valueName\":\"search_term_string\"}}],\"inLanguage\":\"es\"}]}<\/script>\n<!-- \/ Yoast SEO plugin. -->","yoast_head_json":{"title":"Contacto - #SomosFeyAlegria en Uruguay","robots":{"index":"index","follow":"follow","max-snippet":"max-snippet:-1","max-image-preview":"max-image-preview:large","max-video-preview":"max-video-preview:-1"},"canonical":"https:\/\/www.feyalegria.org\/uruguay\/contacto\/","og_locale":"es_ES","og_type":"article","og_title":"Contacto - #SomosFeyAlegria en Uruguay","og_description":"[vc_row][vc_column][\/vc_column][\/vc_row][vc_row][vc_column width=\u00bb1\/3&#8243; alignment=\u00bbcenter\u00bb css=\u00bb.vc_custom_1616077790467{background-color: #f3f3f3 !important;border-radius: 10px !important;}\u00bb][vc_empty_space height=\u00bb20px\u00bb][\/vc_column][vc_column width=\u00bb2\/3&#8243; alignment=\u00bbcenter\u00bb][vc_gmaps link=\u00bb#E-8_JTNDaWZyYW1lJTIwc3JjJTNEJTIyaHR0cHMlM0ElMkYlMkZ3d3cuZ29vZ2xlLmNvbSUyRm1hcHMlMkZlbWJlZCUzRnBiJTNEJTIxMW0xOCUyMTFtMTIlMjExbTMlMjExZDMyNzIuNzA2NDk0MjQ4NzM2JTIxMmQtNTYuMTYxMDcwNDk4OTg2ODQ1JTIxM2QtMzQuODg4NzE1ODgwMjkwMzU2JTIxMm0zJTIxMWYwJTIxMmYwJTIxM2YwJTIxM20yJTIxMWkxMDI0JTIxMmk3NjglMjE0ZjEzLjElMjEzbTMlMjExbTIlMjExczB4OTU5ZjgwZjg3M2Q3NGE0MyUyNTNBMHg5YWE0Mjg0NDljMzFiZDNkJTIxMnNBdi4lMjUyMDglMjUyMGRlJTI1MjBPY3R1YnJlJTI1MjAyNzM4JTI1MkMlMjUyMDExNjAwJTI1MjBNb250ZXZpZGVvJTI1MkMlMjUyMERlcGFydGFtZW50byUyNTIwZGUlMjUyME1vbnRldmlkZW8lMjUyQyUyNTIwVXJ1Z3VheSUyMTVlMCUyMTNtMiUyMTFzZXMlMjEyc2NvJTIxNHYxNjE5NjU4NTA4MDA1JTIxNW0yJTIxMXNlcyUyMTJzY28lMjIlMjB3aWR0aCUzRCUyMjEwMCUyNSUyMiUyMGhlaWdodCUzRCUyMjQ1MCUyMiUyMHN0eWxlJTNEJTIyYm9yZGVyJTNBMCUzQiUyMiUyMGFsbG93ZnVsbHNjcmVlbiUzRCUyMiUyMiUyMGxvYWRpbmclM0QlMjJsYXp5JTIyJTNFJTNDJTJGaWZyYW1lJTNF\u00bb][vc_empty_space height=\u00bb20px\u00bb][\/vc_column][\/vc_row][vc_row][vc_column][\/vc_column][\/vc_row][vc_row][vc_column width=\u00bb1\/2&#8243;][vc_column_text] Direcci\u00f3n: &nbsp; Avda. 8 de octubre 2738 | Montevideo, Uruguay Tel\u00e9fono: (+598) 2487 27 17 int. 6981 Correo electr\u00f3nico: info@feyalegria.org.uy[\/vc_column_text][\/vc_column][vc_column width=\u00bb1\/2&#8243;][vc_column_text] Nuestras redes sociales: [\/vc_column_text][vc_raw_html]JTVCc29jaWFsX3ZjX2ZhdGhlciUyMGFsaWduJTNEJTIyY2VudGVyJTIyJTVEJTVCc29jaWFsX3ZjX3NvbiUyMHN0eWxlJTNEJTIyZWZmZWN0MSUyMiUyMG1hcmdpbiUzRCUyMjYlMjIlMjB3aWR0aCUzRCUyMjMwJTIyJTIwaGVpZ2h0JTNEJTIyMzAlMjIlMjB1cmwlM0QlMjJodHRwcyUzQSUyRiUyRnd3dy5mYWNlYm9vay5jb20lMkZmZXlhbGVncmlhdXJ1Z3VheSUyRiUyMiUyMHRhcmdldCUzRCUyMl9ibGFuayUyMiUyMHJhZGl1cyUzRCUyMjEwcHglMjIlMjBpY29uJTNEJTIyZmFiJTIwZmEtZmFjZWJvb2stZiUyMiUyMGNsciUzRCUyMiUyM2ZmZmZmZiUyMiUyMGJnY2xyJTNEJTIyJTIzYWEwZTE3JTIyJTIwaG92ZXJjbHIlM0QlMjIlMjNmZmZmZmYlMjIlMjBob3ZlcmJnJTNEJTIyJTIzODg4ODg4JTIyJTIwY2FwdGlvbl91cmwlM0QlMjIlMjIlNUQlNUJzb2NpYWxfdmNfc29uJTIwc3R5bGUlM0QlMjJlZmZlY3QxJTIyJTIwbWFyZ2luJTNEJTIyNiUyMiUyMHdpZHRoJTNEJTIyMzAlMjIlMjBoZWlnaHQlM0QlMjIzMCUyMiUyMHVybCUzRCUyMmh0dHBzJTNBJTJGJTJGdHdpdHRlci5jb20lMkZmZXlhbGVncmlhdXklMjIlMjByYWRpdXMlM0QlMjIxMHB4JTIyJTIwdGFyZ2V0JTNEJTIyX2JsYW5rJTIyJTIwaWNvbiUzRCUyMmZhYiUyMGZhLXR3aXR0ZXIlMjIlMjBjbHIlM0QlMjIlMjNmZmZmZmYlMjIlMjBiZ2NsciUzRCUyMiUyM2FhMGUxNyUyMiUyMGhvdmVyY2xyJTNEJTIyJTIzYWEwZTE3JTIyJTIwaG92ZXJiZyUzRCUyMiUyMzg4ODg4OCUyMiUyMGNhcHRpb25fdXJsJTNEJTIyJTIyJTVEJTVCc29jaWFsX3ZjX3NvbiUyMHN0eWxlJTNEJTIyZWZmZWN0MSUyMiUyMG1hcmdpbiUzRCUyMjYlMjIlMjB3aWR0aCUzRCUyMjMwJTIyJTIwaGVpZ2h0JTNEJTIyMzAlMjIlMjB1cmwlM0QlMjJodHRwcyUzQSUyRiUyRnd3dy5pbnN0YWdyYW0uY29tJTJGZmV5YWxlZ3JpYXV5JTJGJTIyJTIwdGFyZ2V0JTNEJTIyX2JsYW5rJTIyJTIwcmFkaXVzJTNEJTIyMTBweCUyMiUyMGljb24lM0QlMjJmYWIlMjBmYS1pbnN0YWdyYW0lMjIlMjBjbHIlM0QlMjIlMjNmZmZmZmYlMjIlMjBiZ2NsciUzRCUyMiUyM2FhMGUxNyUyMiUyMGhvdmVyY2xyJTNEJTIyJTIzZmZmZmZmJTIyJTIwaG92ZXJiZyUzRCUyMiUyMzg4ODg4OCUyMiUyMGNhcHRpb25fdXJsJTNEJTIyJTIyJTVEJTVCc29jaWFsX3ZjX3NvbiUyMHN0eWxlJTNEJTIyZWZmZWN0MSUyMiUyMG1hcmdpbiUzRCUyMjYlMjIlMjB3aWR0aCUzRCUyMjMwJTIyJTIwaGVpZ2h0JTNEJTIyMzAlMjIlMjB1cmwlM0QlMjJodHRwcyUzQSUyRiUyRnd3dy55b3V0dWJlLmNvbSUyRnVzZXIlMkZGZXlBbGVncmlhVVklMkYlMjIlMjB0YXJnZXQlM0QlMjJfYmxhbmslMjIlMjByYWRpdXMlM0QlMjIxMHB4JTIyJTIwaWNvbiUzRCUyMmZhYiUyMGZhLXlvdXR1YmUlMjIlMjBjbHIlM0QlMjIlMjNmZmZmZmYlMjIlMjBiZ2NsciUzRCUyMiUyM2FhMGUxNyUyMiUyMGhvdmVyY2xyJTNEJTIyJTIzZmZmZmZmJTIyJTIwaG92ZXJiZyUzRCUyMiUyMzg4ODg4OCUyMiUyMGNhcHRpb25fdXJsJTNEJTIyJTIyJTVEJTVCJTJGc29jaWFsX3ZjX2ZhdGhlciU1RA==[\/vc_raw_html][\/vc_column][\/vc_row][vc_row][vc_column][\/vc_column][\/vc_row][vc_row][vc_column][vc_single_image image=\u00bb2901&#8243; img_size=\u00bbfull\u00bb alignment=\u00bbcenter\u00bb style=\u00bbvc_box_rounded\u00bb][\/vc_column][\/vc_row]","og_url":"https:\/\/www.feyalegria.org\/uruguay\/contacto\/","og_site_name":"#SomosFeyAlegria en Uruguay","article_modified_time":"2021-04-29T14:23:29+00:00","twitter_card":"summary_large_image","twitter_misc":{"Tiempo de lectura":"2 minutos"},"schema":{"@context":"https:\/\/schema.org","@graph":[{"@type":"WebPage","@id":"https:\/\/www.feyalegria.org\/uruguay\/contacto\/","url":"https:\/\/www.feyalegria.org\/uruguay\/contacto\/","name":"Contacto - #SomosFeyAlegria en Uruguay","isPartOf":{"@id":"https:\/\/www.feyalegria.org\/uruguay\/#website"},"datePublished":"2021-04-29T00:44:07+00:00","dateModified":"2021-04-29T14:23:29+00:00","breadcrumb":{"@id":"https:\/\/www.feyalegria.org\/uruguay\/contacto\/#breadcrumb"},"inLanguage":"es","potentialAction":[{"@type":"ReadAction","target":["https:\/\/www.feyalegria.org\/uruguay\/contacto\/"]}]},{"@type":"BreadcrumbList","@id":"https:\/\/www.feyalegria.org\/uruguay\/contacto\/#breadcrumb","itemListElement":[{"@type":"ListItem","position":1,"name":"Home","item":"https:\/\/www.feyalegria.org\/uruguay\/"},{"@type":"ListItem","position":2,"name":"Contacto"}]},{"@type":"WebSite","@id":"https:\/\/www.feyalegria.org\/uruguay\/#website","url":"https:\/\/www.feyalegria.org\/uruguay\/","name":"#SomosFeyAlegria en Uruguay","description":"Movimiento de Educaci\u00f3n Popular y Promoci\u00f3n Social","potentialAction":[{"@type":"SearchAction","target":{"@type":"EntryPoint","urlTemplate":"https:\/\/www.feyalegria.org\/uruguay\/?s={search_term_string}"},"query-input":{"@type":"PropertyValueSpecification","valueRequired":true,"valueName":"search_term_string"}}],"inLanguage":"es"}]}},"_links":{"self":[{"href":"https:\/\/www.feyalegria.org\/uruguay\/wp-json\/wp\/v2\/pages\/2811","targetHints":{"allow":["GET"]}}],"collection":[{"href":"https:\/\/www.feyalegria.org\/uruguay\/wp-json\/wp\/v2\/pages"}],"about":[{"href":"https:\/\/www.feyalegria.org\/uruguay\/wp-json\/wp\/v2\/types\/page"}],"author":[{"embeddable":true,"href":"https:\/\/www.feyalegria.org\/uruguay\/wp-json\/wp\/v2\/users\/19"}],"replies":[{"embeddable":true,"href":"https:\/\/www.feyalegria.org\/uruguay\/wp-json\/wp\/v2\/comments?post=2811"}],"version-history":[{"count":0,"href":"https:\/\/www.feyalegria.org\/uruguay\/wp-json\/wp\/v2\/pages\/2811\/revisions"}],"wp:attachment":[{"href":"https:\/\/www.feyalegria.org\/uruguay\/wp-json\/wp\/v2\/media?parent=2811"}],"wp:term":[{"taxonomy":"folder","embeddable":true,"href":"https:\/\/www.feyalegria.org\/uruguay\/wp-json\/wp\/v2\/folder?post=2811"}],"curies":[{"name":"wp","href":"https:\/\/api.w.org\/{rel}","templated":true}]}}