 {"id":299,"date":"2020-06-30T15:50:24","date_gmt":"2020-06-30T20:50:24","guid":{"rendered":"https:\/\/www.feyalegria.org\/uruguay\/?page_id=299"},"modified":"2022-07-04T13:17:19","modified_gmt":"2022-07-04T18:17:19","slug":"nuestra-historia","status":"publish","type":"page","link":"https:\/\/www.feyalegria.org\/uruguay\/nuestra-historia\/","title":{"rendered":"Principios inspiradores"},"content":{"rendered":"<div class=\"wpb-content-wrapper\"><p>[vc_row][vc_column][vc_column_text]<\/p>\n<h2 style=\"text-align: left\"><strong>MISI\u00d3N<\/strong><\/h2>\n<p>[\/vc_column_text]<div style=\"background-color:;height: 30px\" class=\"nicdark_section  \"><\/div>[vc_column_text]<em>Fe y Alegr\u00eda Uruguay es un movimiento de educaci\u00f3n y promoci\u00f3n social. Impulsa una educaci\u00f3n integral de calidad para quienes viven en situaci\u00f3n de mayor vulnerabilidad y exclusi\u00f3n social. Realiza una propuesta de transformaci\u00f3n social en estrecho di\u00e1logo con la comunidad. <\/em><\/p>\n<p><em>Comprometida con la acci\u00f3n evangelizadora de la Iglesia Cat\u00f3lica, promueve el desarrollo personal abierto a la trascendencia <\/em><\/p>\n<p><em>Es una obra de la Compa\u00f1\u00eda de Jes\u00fas y forma parte de la Federaci\u00f3n Internacional de Fe y Alegr\u00eda.<\/em>[\/vc_column_text][\/vc_column][\/vc_row][vc_row][vc_column width=\u00bb1\/3&#8243;][vc_single_image image=\u00bb2607&#8243; img_size=\u00bbfull\u00bb alignment=\u00bbright\u00bb][\/vc_column][vc_column width=\u00bb2\/3&#8243;][vc_separator color=\u00bbwhite\u00bb][vc_column_text css=\u00bb.vc_custom_1609938659411{padding-right: 10px !important;padding-left: 10px !important;background-color: #ffffff !important;border-radius: 10px !important;}\u00bb]<\/p>\n<p>&nbsp;<\/p>\n<p style=\"text-align: justify\"><strong><em>Creemos en la dignidad de todos los seres humanos<\/em><\/strong>, en su derecho a una vida plena y en la capacidad de transformarnos y de transformar la realidad que nos rodea. Trabajamos para generar las condiciones y estructuras necesarias que permitan que las personas y sus comunidades sean libres, conscientes de sus potencialidades y protagonistas de su propio crecimiento.<\/p>\n<p>&nbsp;<\/p>\n<p>[\/vc_column_text][\/vc_column][\/vc_row][vc_row][vc_column]<div style=\"background-color:;height: 10px\" class=\"nicdark_section  \"><\/div>[\/vc_column][\/vc_row][vc_row][vc_column width=\u00bb2\/3&#8243;][vc_separator color=\u00bbwhite\u00bb][vc_separator color=\u00bbwhite\u00bb][vc_column_text css=\u00bb.vc_custom_1609938858285{padding-right: 10px !important;padding-left: 10px !important;background-color: #ffffff !important;border-radius: 10px !important;}\u00bb]<\/p>\n<p>&nbsp;<\/p>\n<p style=\"text-align: justify\"><strong><em>Elegimos la educaci\u00f3n de calidad<\/em><\/strong> como herramienta para disminuir las desigualdades que generan las situaciones de pobreza e injusticia social. Nos esforzamos para que cada ni\u00f1o, ni\u00f1a y adolescente se desarrolle integralmente, respetando sus tiempos y acompa\u00f1ando su proceso de crecimiento.<\/p>\n<p>&nbsp;<\/p>\n<p>[\/vc_column_text][\/vc_column][vc_column width=\u00bb1\/3&#8243;][vc_single_image image=\u00bb2608&#8243; img_size=\u00bbfull\u00bb css=\u00bb.vc_custom_1609938801825{border-radius: 10px !important;}\u00bb][\/vc_column][\/vc_row][vc_row][vc_column]<div style=\"background-color:;height: 10px\" class=\"nicdark_section  \"><\/div>[\/vc_column][\/vc_row][vc_row][vc_column width=\u00bb1\/3&#8243;][vc_single_image image=\u00bb2610&#8243; img_size=\u00bbfull\u00bb alignment=\u00bbright\u00bb][\/vc_column][vc_column width=\u00bb2\/3&#8243;][vc_separator color=\u00bbwhite\u00bb][vc_separator color=\u00bbwhite\u00bb][vc_column_text css=\u00bb.vc_custom_1609939199361{padding-right: 10px !important;padding-left: 10px !important;background-color: #ffffff !important;border-radius: 10px !important;}\u00bb]<\/p>\n<p>&nbsp;<\/p>\n<p style=\"text-align: justify\"><strong><em>El trabajo en red nos fortalece<\/em><\/strong>. Nos sostienen cada uno de los nudos de la red: centros educativos, personas y organizaciones del \u00e1mbito p\u00fablico y privado con quienes compartimos sue\u00f1os y encontramos diversas formas de trabajo conjunto.<\/p>\n<p>&nbsp;<\/p>\n<p>[\/vc_column_text][\/vc_column][\/vc_row][vc_row][vc_column]<div style=\"background-color:;height: 10px\" class=\"nicdark_section  \"><\/div>[\/vc_column][\/vc_row][vc_row][vc_column width=\u00bb2\/3&#8243;][vc_separator color=\u00bbwhite\u00bb][vc_separator color=\u00bbwhite\u00bb][vc_column_text css=\u00bb.vc_custom_1609939457238{padding-right: 10px !important;padding-left: 10px !important;background-color: #ffffff !important;border-radius: 10px !important;}\u00bb]<\/p>\n<p>&nbsp;<\/p>\n<p style=\"text-align: justify\"><strong><em>Nuestra Fe nos compromete con la promoci\u00f3n de la justicia<\/em><\/strong>. Encontramos nuestra raz\u00f3n de existir m\u00e1s profunda y su referencia m\u00e1s honda en el modelo de Jes\u00fas y en su modo de actuar y relacionarse con las personas en situaci\u00f3n de injusticia o pobreza. Crecemos y aprendemos en el di\u00e1logo con otras espiritualidades y culturas.<\/p>\n<p>&nbsp;<\/p>\n<p>[\/vc_column_text][\/vc_column][vc_column width=\u00bb1\/3&#8243;][vc_single_image image=\u00bb2615&#8243; img_size=\u00bblarge\u00bb css=\u00bb.vc_custom_1609939417371{border-radius: 10px !important;}\u00bb][\/vc_column][\/vc_row][vc_row][vc_column][vc_separator color=\u00bbcustom\u00bb style=\u00bbshadow\u00bb accent_color=\u00bb#cc0000&#8243;]<div style=\"background-color:;height: 30px\" class=\"nicdark_section  \"><\/div>[\/vc_column][\/vc_row][vc_row][vc_column][vc_column_text]<\/p>\n<h2 style=\"text-align: left\"><strong>Somos parte de un movimiento internacional<\/strong><\/h2>\n<p>[\/vc_column_text][\/vc_column][\/vc_row][vc_row][vc_column width=\u00bb2\/3&#8243;][vc_column_text]<\/p>\n<p style=\"text-align: justify\">Fe y Alegr\u00eda naci\u00f3 en Venezuela y fue fundada por el sacerdote jesuita Jos\u00e9 Mar\u00eda V\u00e9laz. El 5 de marzo de 1955 se abrieron las puertas de la primera escuela en un barrio de Caracas, gracias a la generosidad de Abraham Reyes, un humilde alba\u00f1il que junto a su esposa Patricia, cedi\u00f3 su propia vivienda para acoger a los ni\u00f1os de la zona. As\u00ed naci\u00f3 Fe y Alegr\u00eda: en una casa regalada con 100 ni\u00f1os sentados en bloques sobre el suelo.<\/p>\n<p>&nbsp;<\/p>\n<p style=\"text-align: justify\">Luego de extenderse exitosamente por Venezuela, la idea fue germinando en otros pa\u00edses de Latinoam\u00e9rica donde Fe y Alegr\u00eda se ha convertido en un aliado estrat\u00e9gico de los Estados en materia de educaci\u00f3n p\u00fablica. Hoy est\u00e1 presente en 22 pa\u00edses de Am\u00e9rica Latina, Europa y \u00c1frica.<\/p>\n<p>&nbsp;<\/p>\n<p style=\"text-align: justify\">En 2008 a partir del inter\u00e9s de un grupo de directores de centros educativos, la Compa\u00f1\u00eda de Jes\u00fas ve la oportunidad de replicar en Uruguay lo que tan exitosamente se ven\u00eda realizando en el resto de Latinoam\u00e9rica. Con el objetivo de impulsar procesos de transformaci\u00f3n social y como respuesta a una situaci\u00f3n de la educaci\u00f3n nacional, sobretodo en los contextos m\u00e1s vulnerables, nace Fe y Alegr\u00eda Uruguay.<\/p>\n<p>[\/vc_column_text][\/vc_column][vc_column width=\u00bb1\/3&#8243;][vc_single_image image=\u00bb2515&#8243; img_size=\u00bbmedium\u00bb alignment=\u00bbcenter\u00bb style=\u00bbvc_box_circle_2&#8243;][\/vc_column][\/vc_row][vc_row][vc_column][vc_column_text]<\/p>\n<p style=\"text-align: justify\">Fe y Alegr\u00eda Uruguay est\u00e1 integrada por 26 proyectos educativos entre los que se encuentran una escuela, un centro de formaci\u00f3n t\u00e9cnica profesional, un hogar y veintitr\u00e9s proyectos de educaci\u00f3n no formal entre los que se encuentran centros CAIF, Clubes de ni\u00f1os y Centros Juveniles. A trav\u00e9s de esta red brindamos educaci\u00f3n integral a m\u00e1s de 2000 ni\u00f1os, ni\u00f1as y adolescentes en situaci\u00f3n de alta vulnerabilidad social.<\/p>\n<p>&nbsp;<\/p>\n<p>[\/vc_column_text][\/vc_column][\/vc_row]<\/p>\n<\/div>","protected":false},"excerpt":{"rendered":"<p>[vc_row][vc_column][vc_column_text] MISI\u00d3N [\/vc_column_text][vc_column_text]Fe y Alegr\u00eda Uruguay es un movimiento de educaci\u00f3n y promoci\u00f3n social. Impulsa una educaci\u00f3n integral de calidad para quienes viven en situaci\u00f3n de mayor vulnerabilidad y exclusi\u00f3n social. Realiza una propuesta de transformaci\u00f3n social en estrecho di\u00e1logo con la comunidad. Comprometida con la acci\u00f3n evangelizadora de la Iglesia Cat\u00f3lica, promueve el desarrollo<\/p>\n","protected":false},"author":11,"featured_media":0,"parent":0,"menu_order":0,"comment_status":"closed","ping_status":"closed","template":"","meta":{"_acf_changed":false,"footnotes":""},"folder":[],"class_list":["post-299","page","type-page","status-publish","hentry"],"acf":[],"yoast_head":"<!-- This site is optimized with the Yoast SEO plugin v27.2 - https:\/\/yoast.com\/product\/yoast-seo-wordpress\/ -->\n<title>Principios inspiradores - #SomosFeyAlegria en Uruguay<\/title>\n<meta name=\"robots\" content=\"index, follow, max-snippet:-1, max-image-preview:large, max-video-preview:-1\" \/>\n<link rel=\"canonical\" href=\"https:\/\/www.feyalegria.org\/uruguay\/nuestra-historia\/\" \/>\n<meta property=\"og:locale\" content=\"es_ES\" \/>\n<meta property=\"og:type\" content=\"article\" \/>\n<meta property=\"og:title\" content=\"Principios inspiradores - #SomosFeyAlegria en Uruguay\" \/>\n<meta property=\"og:description\" content=\"[vc_row][vc_column][vc_column_text] MISI\u00d3N [\/vc_column_text][vc_column_text]Fe y Alegr\u00eda Uruguay es un movimiento de educaci\u00f3n y promoci\u00f3n social. Impulsa una educaci\u00f3n integral de calidad para quienes viven en situaci\u00f3n de mayor vulnerabilidad y exclusi\u00f3n social. Realiza una propuesta de transformaci\u00f3n social en estrecho di\u00e1logo con la comunidad. Comprometida con la acci\u00f3n evangelizadora de la Iglesia Cat\u00f3lica, promueve el desarrollo\" \/>\n<meta property=\"og:url\" content=\"https:\/\/www.feyalegria.org\/uruguay\/nuestra-historia\/\" \/>\n<meta property=\"og:site_name\" content=\"#SomosFeyAlegria en Uruguay\" \/>\n<meta property=\"article:modified_time\" content=\"2022-07-04T18:17:19+00:00\" \/>\n<meta name=\"twitter:card\" content=\"summary_large_image\" \/>\n<meta name=\"twitter:label1\" content=\"Tiempo de lectura\" \/>\n\t<meta name=\"twitter:data1\" content=\"5 minutos\" \/>\n<script type=\"application\/ld+json\" class=\"yoast-schema-graph\">{\"@context\":\"https:\/\/schema.org\",\"@graph\":[{\"@type\":\"WebPage\",\"@id\":\"https:\/\/www.feyalegria.org\/uruguay\/nuestra-historia\/\",\"url\":\"https:\/\/www.feyalegria.org\/uruguay\/nuestra-historia\/\",\"name\":\"Principios inspiradores - #SomosFeyAlegria en Uruguay\",\"isPartOf\":{\"@id\":\"https:\/\/www.feyalegria.org\/uruguay\/#website\"},\"datePublished\":\"2020-06-30T20:50:24+00:00\",\"dateModified\":\"2022-07-04T18:17:19+00:00\",\"breadcrumb\":{\"@id\":\"https:\/\/www.feyalegria.org\/uruguay\/nuestra-historia\/#breadcrumb\"},\"inLanguage\":\"es\",\"potentialAction\":[{\"@type\":\"ReadAction\",\"target\":[\"https:\/\/www.feyalegria.org\/uruguay\/nuestra-historia\/\"]}]},{\"@type\":\"BreadcrumbList\",\"@id\":\"https:\/\/www.feyalegria.org\/uruguay\/nuestra-historia\/#breadcrumb\",\"itemListElement\":[{\"@type\":\"ListItem\",\"position\":1,\"name\":\"Home\",\"item\":\"https:\/\/www.feyalegria.org\/uruguay\/\"},{\"@type\":\"ListItem\",\"position\":2,\"name\":\"Principios inspiradores\"}]},{\"@type\":\"WebSite\",\"@id\":\"https:\/\/www.feyalegria.org\/uruguay\/#website\",\"url\":\"https:\/\/www.feyalegria.org\/uruguay\/\",\"name\":\"#SomosFeyAlegria en Uruguay\",\"description\":\"Movimiento de Educaci\u00f3n Popular y Promoci\u00f3n Social\",\"potentialAction\":[{\"@type\":\"SearchAction\",\"target\":{\"@type\":\"EntryPoint\",\"urlTemplate\":\"https:\/\/www.feyalegria.org\/uruguay\/?s={search_term_string}\"},\"query-input\":{\"@type\":\"PropertyValueSpecification\",\"valueRequired\":true,\"valueName\":\"search_term_string\"}}],\"inLanguage\":\"es\"}]}<\/script>\n<!-- \/ Yoast SEO plugin. -->","yoast_head_json":{"title":"Principios inspiradores - #SomosFeyAlegria en Uruguay","robots":{"index":"index","follow":"follow","max-snippet":"max-snippet:-1","max-image-preview":"max-image-preview:large","max-video-preview":"max-video-preview:-1"},"canonical":"https:\/\/www.feyalegria.org\/uruguay\/nuestra-historia\/","og_locale":"es_ES","og_type":"article","og_title":"Principios inspiradores - #SomosFeyAlegria en Uruguay","og_description":"[vc_row][vc_column][vc_column_text] MISI\u00d3N [\/vc_column_text][vc_column_text]Fe y Alegr\u00eda Uruguay es un movimiento de educaci\u00f3n y promoci\u00f3n social. Impulsa una educaci\u00f3n integral de calidad para quienes viven en situaci\u00f3n de mayor vulnerabilidad y exclusi\u00f3n social. Realiza una propuesta de transformaci\u00f3n social en estrecho di\u00e1logo con la comunidad. Comprometida con la acci\u00f3n evangelizadora de la Iglesia Cat\u00f3lica, promueve el desarrollo","og_url":"https:\/\/www.feyalegria.org\/uruguay\/nuestra-historia\/","og_site_name":"#SomosFeyAlegria en Uruguay","article_modified_time":"2022-07-04T18:17:19+00:00","twitter_card":"summary_large_image","twitter_misc":{"Tiempo de lectura":"5 minutos"},"schema":{"@context":"https:\/\/schema.org","@graph":[{"@type":"WebPage","@id":"https:\/\/www.feyalegria.org\/uruguay\/nuestra-historia\/","url":"https:\/\/www.feyalegria.org\/uruguay\/nuestra-historia\/","name":"Principios inspiradores - #SomosFeyAlegria en Uruguay","isPartOf":{"@id":"https:\/\/www.feyalegria.org\/uruguay\/#website"},"datePublished":"2020-06-30T20:50:24+00:00","dateModified":"2022-07-04T18:17:19+00:00","breadcrumb":{"@id":"https:\/\/www.feyalegria.org\/uruguay\/nuestra-historia\/#breadcrumb"},"inLanguage":"es","potentialAction":[{"@type":"ReadAction","target":["https:\/\/www.feyalegria.org\/uruguay\/nuestra-historia\/"]}]},{"@type":"BreadcrumbList","@id":"https:\/\/www.feyalegria.org\/uruguay\/nuestra-historia\/#breadcrumb","itemListElement":[{"@type":"ListItem","position":1,"name":"Home","item":"https:\/\/www.feyalegria.org\/uruguay\/"},{"@type":"ListItem","position":2,"name":"Principios inspiradores"}]},{"@type":"WebSite","@id":"https:\/\/www.feyalegria.org\/uruguay\/#website","url":"https:\/\/www.feyalegria.org\/uruguay\/","name":"#SomosFeyAlegria en Uruguay","description":"Movimiento de Educaci\u00f3n Popular y Promoci\u00f3n Social","potentialAction":[{"@type":"SearchAction","target":{"@type":"EntryPoint","urlTemplate":"https:\/\/www.feyalegria.org\/uruguay\/?s={search_term_string}"},"query-input":{"@type":"PropertyValueSpecification","valueRequired":true,"valueName":"search_term_string"}}],"inLanguage":"es"}]}},"_links":{"self":[{"href":"https:\/\/www.feyalegria.org\/uruguay\/wp-json\/wp\/v2\/pages\/299","targetHints":{"allow":["GET"]}}],"collection":[{"href":"https:\/\/www.feyalegria.org\/uruguay\/wp-json\/wp\/v2\/pages"}],"about":[{"href":"https:\/\/www.feyalegria.org\/uruguay\/wp-json\/wp\/v2\/types\/page"}],"author":[{"embeddable":true,"href":"https:\/\/www.feyalegria.org\/uruguay\/wp-json\/wp\/v2\/users\/11"}],"replies":[{"embeddable":true,"href":"https:\/\/www.feyalegria.org\/uruguay\/wp-json\/wp\/v2\/comments?post=299"}],"version-history":[{"count":0,"href":"https:\/\/www.feyalegria.org\/uruguay\/wp-json\/wp\/v2\/pages\/299\/revisions"}],"wp:attachment":[{"href":"https:\/\/www.feyalegria.org\/uruguay\/wp-json\/wp\/v2\/media?parent=299"}],"wp:term":[{"taxonomy":"folder","embeddable":true,"href":"https:\/\/www.feyalegria.org\/uruguay\/wp-json\/wp\/v2\/folder?post=299"}],"curies":[{"name":"wp","href":"https:\/\/api.w.org\/{rel}","templated":true}]}}