 {"id":3715,"date":"2023-11-20T13:31:22","date_gmt":"2023-11-20T18:31:22","guid":{"rendered":"https:\/\/www.feyalegria.org\/uruguay\/?page_id=3715"},"modified":"2023-11-20T13:55:36","modified_gmt":"2023-11-20T18:55:36","slug":"prevencion-contra-el-abuso-y-el-maltrato","status":"publish","type":"page","link":"https:\/\/www.feyalegria.org\/uruguay\/prevencion-contra-el-abuso-y-el-maltrato\/","title":{"rendered":"Prevenci\u00f3n contra el abuso y el maltrato."},"content":{"rendered":"<div class=\"wpb-content-wrapper\"><p>[vc_row][vc_column width=\u00bb2\/3&#8243;][vc_cta h2=\u00bbPol\u00edtica organizacional de protecci\u00f3n contra el abuso y el maltrato.\u00bb txt_align=\u00bbcenter\u00bb color=\u00bbjuicy-pink\u00bb]<a href=\"https:\/\/d3pugrm67vf9n7.cloudfront.net\/wp-content\/uploads\/sites\/16\/2023\/11\/20132600\/OR-DocProteccion-FyA-A4-DIGITAL-1.pdf\">Leer aqu\u00ed el documento completo.<\/a>[\/vc_cta][vc_column_text]<\/p>\n<p align=\"justify\">En Fe y Alegr\u00eda estamos comprometidos con la protecci\u00f3n contra el abuso y el maltrato de ni\u00f1os, ni\u00f1as y adolescentes y de todas las personas que integran nuestras comunidades educativas.<\/p>\n<p align=\"justify\">Trabajamos para que nuestros centros sean espacios seguros y para que todos los equipos de educaci\u00f3n est\u00e9n preparados para identificar y atender este tipo de situaciones.<\/p>\n<p align=\"justify\">Por consultas y m\u00e1s informaci\u00f3n por favor contactar a: proteccion@feyalegria.org.uy<\/p>\n<p>[\/vc_column_text]<div style=\"background-color:;height: 60px\" class=\"nicdark_section  \"><\/div>[vc_single_image image=\u00bb3731&#8243; img_size=\u00bbmedium\u00bb alignment=\u00bbcenter\u00bb style=\u00bbvc_box_outline\u00bb onclick=\u00bbcustom_link\u00bb img_link_target=\u00bb_blank\u00bb link=\u00bbhttps:\/\/d3pugrm67vf9n7.cloudfront.net\/wp-content\/uploads\/sites\/16\/2023\/11\/20132600\/OR-DocProteccion-FyA-A4-DIGITAL-1.pdf\u00bb][\/vc_column][vc_column width=\u00bb1\/3&#8243;][vc_single_image image=\u00bb3717&#8243; img_size=\u00bbmedium\u00bb alignment=\u00bbcenter\u00bb style=\u00bbvc_box_border\u00bb border_color=\u00bbwhite\u00bb][\/vc_column][\/vc_row][vc_row][vc_column][\/vc_column][\/vc_row]<\/p>\n<\/div>","protected":false},"excerpt":{"rendered":"<p>[vc_row][vc_column width=\u00bb2\/3&#8243;][vc_cta h2=\u00bbPol\u00edtica organizacional de protecci\u00f3n contra el abuso y el maltrato.\u00bb txt_align=\u00bbcenter\u00bb color=\u00bbjuicy-pink\u00bb]Leer aqu\u00ed el documento completo.[\/vc_cta][vc_column_text] En Fe y Alegr\u00eda estamos comprometidos con la protecci\u00f3n contra el abuso y el maltrato de ni\u00f1os, ni\u00f1as y adolescentes y de todas las personas que integran nuestras comunidades educativas. Trabajamos para que nuestros centros sean espacios<\/p>\n","protected":false},"author":12,"featured_media":0,"parent":0,"menu_order":0,"comment_status":"closed","ping_status":"closed","template":"","meta":{"_acf_changed":false,"footnotes":""},"folder":[],"class_list":["post-3715","page","type-page","status-publish","hentry"],"acf":[],"yoast_head":"<!-- This site is optimized with the Yoast SEO plugin v27.2 - https:\/\/yoast.com\/product\/yoast-seo-wordpress\/ -->\n<title>Prevenci\u00f3n contra el abuso y el maltrato. - #SomosFeyAlegria en Uruguay<\/title>\n<meta name=\"robots\" content=\"index, follow, max-snippet:-1, max-image-preview:large, max-video-preview:-1\" \/>\n<link rel=\"canonical\" href=\"https:\/\/www.feyalegria.org\/uruguay\/prevencion-contra-el-abuso-y-el-maltrato\/\" \/>\n<meta property=\"og:locale\" content=\"es_ES\" \/>\n<meta property=\"og:type\" content=\"article\" \/>\n<meta property=\"og:title\" content=\"Prevenci\u00f3n contra el abuso y el maltrato. - #SomosFeyAlegria en Uruguay\" \/>\n<meta property=\"og:description\" content=\"[vc_row][vc_column width=\u00bb2\/3&#8243;][vc_cta h2=\u00bbPol\u00edtica organizacional de protecci\u00f3n contra el abuso y el maltrato.\u00bb txt_align=\u00bbcenter\u00bb color=\u00bbjuicy-pink\u00bb]Leer aqu\u00ed el documento completo.[\/vc_cta][vc_column_text] En Fe y Alegr\u00eda estamos comprometidos con la protecci\u00f3n contra el abuso y el maltrato de ni\u00f1os, ni\u00f1as y adolescentes y de todas las personas que integran nuestras comunidades educativas. Trabajamos para que nuestros centros sean espacios\" \/>\n<meta property=\"og:url\" content=\"https:\/\/www.feyalegria.org\/uruguay\/prevencion-contra-el-abuso-y-el-maltrato\/\" \/>\n<meta property=\"og:site_name\" content=\"#SomosFeyAlegria en Uruguay\" \/>\n<meta property=\"article:modified_time\" content=\"2023-11-20T18:55:36+00:00\" \/>\n<meta name=\"twitter:card\" content=\"summary_large_image\" \/>\n<meta name=\"twitter:label1\" content=\"Tiempo de lectura\" \/>\n\t<meta name=\"twitter:data1\" content=\"1 minuto\" \/>\n<script type=\"application\/ld+json\" class=\"yoast-schema-graph\">{\"@context\":\"https:\/\/schema.org\",\"@graph\":[{\"@type\":\"WebPage\",\"@id\":\"https:\/\/www.feyalegria.org\/uruguay\/prevencion-contra-el-abuso-y-el-maltrato\/\",\"url\":\"https:\/\/www.feyalegria.org\/uruguay\/prevencion-contra-el-abuso-y-el-maltrato\/\",\"name\":\"Prevenci\u00f3n contra el abuso y el maltrato. - #SomosFeyAlegria en Uruguay\",\"isPartOf\":{\"@id\":\"https:\/\/www.feyalegria.org\/uruguay\/#website\"},\"datePublished\":\"2023-11-20T18:31:22+00:00\",\"dateModified\":\"2023-11-20T18:55:36+00:00\",\"breadcrumb\":{\"@id\":\"https:\/\/www.feyalegria.org\/uruguay\/prevencion-contra-el-abuso-y-el-maltrato\/#breadcrumb\"},\"inLanguage\":\"es\",\"potentialAction\":[{\"@type\":\"ReadAction\",\"target\":[\"https:\/\/www.feyalegria.org\/uruguay\/prevencion-contra-el-abuso-y-el-maltrato\/\"]}]},{\"@type\":\"BreadcrumbList\",\"@id\":\"https:\/\/www.feyalegria.org\/uruguay\/prevencion-contra-el-abuso-y-el-maltrato\/#breadcrumb\",\"itemListElement\":[{\"@type\":\"ListItem\",\"position\":1,\"name\":\"Home\",\"item\":\"https:\/\/www.feyalegria.org\/uruguay\/\"},{\"@type\":\"ListItem\",\"position\":2,\"name\":\"Prevenci\u00f3n contra el abuso y el maltrato.\"}]},{\"@type\":\"WebSite\",\"@id\":\"https:\/\/www.feyalegria.org\/uruguay\/#website\",\"url\":\"https:\/\/www.feyalegria.org\/uruguay\/\",\"name\":\"#SomosFeyAlegria en Uruguay\",\"description\":\"Movimiento de Educaci\u00f3n Popular y Promoci\u00f3n Social\",\"potentialAction\":[{\"@type\":\"SearchAction\",\"target\":{\"@type\":\"EntryPoint\",\"urlTemplate\":\"https:\/\/www.feyalegria.org\/uruguay\/?s={search_term_string}\"},\"query-input\":{\"@type\":\"PropertyValueSpecification\",\"valueRequired\":true,\"valueName\":\"search_term_string\"}}],\"inLanguage\":\"es\"}]}<\/script>\n<!-- \/ Yoast SEO plugin. -->","yoast_head_json":{"title":"Prevenci\u00f3n contra el abuso y el maltrato. - #SomosFeyAlegria en Uruguay","robots":{"index":"index","follow":"follow","max-snippet":"max-snippet:-1","max-image-preview":"max-image-preview:large","max-video-preview":"max-video-preview:-1"},"canonical":"https:\/\/www.feyalegria.org\/uruguay\/prevencion-contra-el-abuso-y-el-maltrato\/","og_locale":"es_ES","og_type":"article","og_title":"Prevenci\u00f3n contra el abuso y el maltrato. - #SomosFeyAlegria en Uruguay","og_description":"[vc_row][vc_column width=\u00bb2\/3&#8243;][vc_cta h2=\u00bbPol\u00edtica organizacional de protecci\u00f3n contra el abuso y el maltrato.\u00bb txt_align=\u00bbcenter\u00bb color=\u00bbjuicy-pink\u00bb]Leer aqu\u00ed el documento completo.[\/vc_cta][vc_column_text] En Fe y Alegr\u00eda estamos comprometidos con la protecci\u00f3n contra el abuso y el maltrato de ni\u00f1os, ni\u00f1as y adolescentes y de todas las personas que integran nuestras comunidades educativas. Trabajamos para que nuestros centros sean espacios","og_url":"https:\/\/www.feyalegria.org\/uruguay\/prevencion-contra-el-abuso-y-el-maltrato\/","og_site_name":"#SomosFeyAlegria en Uruguay","article_modified_time":"2023-11-20T18:55:36+00:00","twitter_card":"summary_large_image","twitter_misc":{"Tiempo de lectura":"1 minuto"},"schema":{"@context":"https:\/\/schema.org","@graph":[{"@type":"WebPage","@id":"https:\/\/www.feyalegria.org\/uruguay\/prevencion-contra-el-abuso-y-el-maltrato\/","url":"https:\/\/www.feyalegria.org\/uruguay\/prevencion-contra-el-abuso-y-el-maltrato\/","name":"Prevenci\u00f3n contra el abuso y el maltrato. - #SomosFeyAlegria en Uruguay","isPartOf":{"@id":"https:\/\/www.feyalegria.org\/uruguay\/#website"},"datePublished":"2023-11-20T18:31:22+00:00","dateModified":"2023-11-20T18:55:36+00:00","breadcrumb":{"@id":"https:\/\/www.feyalegria.org\/uruguay\/prevencion-contra-el-abuso-y-el-maltrato\/#breadcrumb"},"inLanguage":"es","potentialAction":[{"@type":"ReadAction","target":["https:\/\/www.feyalegria.org\/uruguay\/prevencion-contra-el-abuso-y-el-maltrato\/"]}]},{"@type":"BreadcrumbList","@id":"https:\/\/www.feyalegria.org\/uruguay\/prevencion-contra-el-abuso-y-el-maltrato\/#breadcrumb","itemListElement":[{"@type":"ListItem","position":1,"name":"Home","item":"https:\/\/www.feyalegria.org\/uruguay\/"},{"@type":"ListItem","position":2,"name":"Prevenci\u00f3n contra el abuso y el maltrato."}]},{"@type":"WebSite","@id":"https:\/\/www.feyalegria.org\/uruguay\/#website","url":"https:\/\/www.feyalegria.org\/uruguay\/","name":"#SomosFeyAlegria en Uruguay","description":"Movimiento de Educaci\u00f3n Popular y Promoci\u00f3n Social","potentialAction":[{"@type":"SearchAction","target":{"@type":"EntryPoint","urlTemplate":"https:\/\/www.feyalegria.org\/uruguay\/?s={search_term_string}"},"query-input":{"@type":"PropertyValueSpecification","valueRequired":true,"valueName":"search_term_string"}}],"inLanguage":"es"}]}},"_links":{"self":[{"href":"https:\/\/www.feyalegria.org\/uruguay\/wp-json\/wp\/v2\/pages\/3715","targetHints":{"allow":["GET"]}}],"collection":[{"href":"https:\/\/www.feyalegria.org\/uruguay\/wp-json\/wp\/v2\/pages"}],"about":[{"href":"https:\/\/www.feyalegria.org\/uruguay\/wp-json\/wp\/v2\/types\/page"}],"author":[{"embeddable":true,"href":"https:\/\/www.feyalegria.org\/uruguay\/wp-json\/wp\/v2\/users\/12"}],"replies":[{"embeddable":true,"href":"https:\/\/www.feyalegria.org\/uruguay\/wp-json\/wp\/v2\/comments?post=3715"}],"version-history":[{"count":0,"href":"https:\/\/www.feyalegria.org\/uruguay\/wp-json\/wp\/v2\/pages\/3715\/revisions"}],"wp:attachment":[{"href":"https:\/\/www.feyalegria.org\/uruguay\/wp-json\/wp\/v2\/media?parent=3715"}],"wp:term":[{"taxonomy":"folder","embeddable":true,"href":"https:\/\/www.feyalegria.org\/uruguay\/wp-json\/wp\/v2\/folder?post=3715"}],"curies":[{"name":"wp","href":"https:\/\/api.w.org\/{rel}","templated":true}]}}