 {"id":505,"date":"2020-07-06T12:55:48","date_gmt":"2020-07-06T17:55:48","guid":{"rendered":"https:\/\/www.feyalegria.org\/uruguay\/?page_id=505"},"modified":"2024-08-23T13:03:30","modified_gmt":"2024-08-23T18:03:30","slug":"equipo-nacional","status":"publish","type":"page","link":"https:\/\/www.feyalegria.org\/uruguay\/equipo-nacional\/","title":{"rendered":"Oficina Nacional"},"content":{"rendered":"<div class=\"wpb-content-wrapper\"><p>[vc_row][vc_column]<div style=\"background-color:;height: 30pxpx\" class=\"nicdark_section  \"><\/div>[\/vc_column][\/vc_row][vc_row][vc_column width=\u00bb2\/3&#8243;][vc_column_text]<\/p>\n<p style=\"text-align: justify;\">Desde la Oficina Nacional se impulsa el desarrollo de los centros educativos y se acompa\u00f1a a sus equipos y comisiones directivas; se promueve la creaci\u00f3n e implementaci\u00f3n de programas educativos y formaciones y se coordina y consolida la administraci\u00f3n general y el desarrollo de recursos de la Asociaci\u00f3n Civil Fe y Alegr\u00eda. La Oficina Nacional es el v\u00ednculo con la Federaci\u00f3n Internacional de Fe y Alegr\u00eda.<\/p>\n<p style=\"text-align: justify;\">El equipo nacional est\u00e1 integrado por doce personas en las \u00e1reas de direcci\u00f3n general, administraci\u00f3n y finanzas, desarrollo institucional, proyectos, educaci\u00f3n y direcciones regionales.<\/p>\n<p style=\"text-align: justify;\">Por su parte las comisiones directivas honorarias est\u00e1n integradas por personas que generosamente dedican su tiempo, conocimientos y experiencia a apoyar la gesti\u00f3n de los centros educativos. Entre sus responsabilidades est\u00e1 velar por la administraci\u00f3n de los recursos, acompa\u00f1ar a los equipos educativos, gestionar las mejoras de infraestructura y equipamiento, entre otras.<\/p>\n<p>[\/vc_column_text][\/vc_column][vc_column width=\u00bb1\/3&#8243;][vc_single_image image=\u00bb1948&#8243; img_size=\u00bbmedium\u00bb alignment=\u00bbcenter\u00bb style=\u00bbvc_box_circle_2&#8243;][\/vc_column][\/vc_row][vc_row][vc_column]<div style=\"background-color:;height: 50px\" class=\"nicdark_section  \"><\/div>[\/vc_column][\/vc_row][vc_row][vc_column][vc_tta_accordion color=\u00bbturquoise\u00bb active_section=\u00bb1&#8243;][vc_tta_section i_icon_fontawesome=\u00bbfas fa-users\u00bb add_icon=\u00bbtrue\u00bb title=\u00bbEQUIPO FE Y ALEGR\u00cdA EN URUGUAY\u00bb tab_id=\u00bb1594057513687-e521eabb-8dc5&#8243;][vc_row_inner css=\u00bb.vc_custom_1594057794982{padding-top: 40px !important;padding-right: 40px !important;padding-left: 40px !important;}\u00bb][vc_column_inner width=\u00bb1\/2&#8243;][vc_column_text]<\/p>\n<h4 style=\"text-align: center;\"><span style=\"color: #aa0f16;\"><strong>Director Nacional<\/strong><\/span><\/h4>\n<h4 style=\"text-align: center;\"><span style=\"color: #3a3a3a;\"><strong>Mart\u00edn Haretche<\/strong><\/span><\/h4>\n<p style=\"text-align: center;\"><a href=\"mailto:mharetche@feyalegria.org.uy\" target=\"_blank\" rel=\"noopener noreferrer\">mharetche@feyalegria.org.uy<\/a><\/p>\n<p>[\/vc_column_text][vc_column_text]<\/p>\n<h4 style=\"text-align: center;\"><span style=\"color: #aa0f16;\"><strong>Directora Ejecutiva<\/strong><\/span><\/h4>\n<h4 style=\"text-align: center;\"><span style=\"color: #3a3a3a;\"><strong>Florencia Sienra<\/strong><\/span><\/h4>\n<p style=\"text-align: center;\"><a href=\"mailto:florencia.sienra@feyalegria.org.uy\" target=\"_blank\" rel=\"noopener noreferrer\">florencia.sienra@feyalegria.org.uy<\/a><\/p>\n<p>[\/vc_column_text][vc_column_text]<\/p>\n<h4 style=\"text-align: center;\"><span style=\"color: #aa0f16;\"><strong>Director de Finanzas<\/strong><\/span><\/h4>\n<h4 style=\"text-align: center;\"><span style=\"color: #3a3a3a;\"><strong>Alfonso Pretto<\/strong><\/span><\/h4>\n<p style=\"text-align: center;\"><a href=\"apretto@feyalegria.org.uy\" target=\"_blank\" rel=\"noopener noreferrer\">apretto@feyalegria.org.uy<\/a><\/p>\n<p>[\/vc_column_text][vc_column_text]<\/p>\n<h4 style=\"text-align: center;\"><span style=\"color: #aa0f16;\"><strong>Asistente de Administraci\u00f3n<\/strong><\/span><\/h4>\n<h4 style=\"text-align: center;\"><span style=\"color: #3a3a3a;\"><strong>Rosina Masoller<\/strong><\/span><\/h4>\n<p style=\"text-align: center;\"><a href=\"mailto:rmasoller@feyalegria.org.uy\" target=\"_blank\" rel=\"noopener noreferrer\">rmasoller@feyalegria.org.uy<\/a><\/p>\n<p>[\/vc_column_text][vc_column_text]<\/p>\n<h4 style=\"text-align: center;\"><span style=\"color: #aa0f16;\"><strong>Oficial de protecci\u00f3n contra el abuso y el maltrato<\/strong><\/span><\/h4>\n<h4 style=\"text-align: center;\"><span style=\"color: #3a3a3a;\"><strong>Ana In\u00e9s Dall&#8217;Orso<\/strong><\/span><\/h4>\n<p style=\"text-align: center;\"><a href=\"adallorso@feyalegria.org.uy\" target=\"_blank\" rel=\"noopener noreferrer\">adallorso@feyalegria.org.uy<\/a><\/p>\n<p>[\/vc_column_text][\/vc_column_inner][vc_column_inner width=\u00bb1\/2&#8243;][vc_column_text css=\u00bb.vc_custom_1654700162819{border-bottom-width: 0px !important;padding-top: -10px !important;}\u00bb]<\/p>\n<h4 style=\"text-align: center;\"><span style=\"color: #aa0f16;\"><strong>Directora de Educaci\u00f3n<\/strong><\/span><\/h4>\n<h4 style=\"text-align: center;\"><span style=\"color: #3a3a3a;\"><strong>Fiorella Magnano<\/strong><\/span><\/h4>\n<p style=\"text-align: center;\"><a href=\"mailto:fmagnano@feyalegria.org.uy\" target=\"_blank\" rel=\"noopener noreferrer\">fmagnano@feyalegria.org.uy<\/a><\/p>\n<p>[\/vc_column_text][vc_column_text]<\/p>\n<h4 style=\"text-align: center;\"><span style=\"color: #aa0f16;\"><strong>Directora de Proyectos<\/strong><\/span><\/h4>\n<h4 style=\"text-align: center;\"><span style=\"color: #3a3a3a;\"><strong>Florencia Sienra<\/strong><\/span><\/h4>\n<p style=\"text-align: center;\"><a href=\"mailto:florencia.sienra@feyalegria.org.uy\" target=\"_blank\" rel=\"noopener noreferrer\">florencia.sienra@feyalegria.org.uy<\/a><\/p>\n<p>[\/vc_column_text][vc_column_text]<\/p>\n<h4 style=\"text-align: center;\"><span style=\"color: #aa0f16;\"><strong>Directora de Desarrollo Institucional<\/strong><\/span><\/h4>\n<h4 style=\"text-align: center;\"><span style=\"color: #3a3a3a;\"><strong>Mercedes Portas<\/strong><\/span><\/h4>\n<p style=\"text-align: center;\"><a href=\"mailto:mportas@feyalegria.org.uy\" target=\"_blank\" rel=\"noopener noreferrer\">mportas@feyalegria.org.uy<\/a><\/p>\n<p>[\/vc_column_text][vc_column_text]<\/p>\n<h4 style=\"text-align: center;\"><span style=\"color: #aa0f16;\"><strong>Coordinadora de Primera Infancia<\/strong><\/span><\/h4>\n<h4 style=\"text-align: center;\"><span style=\"color: #3a3a3a;\"><strong>Gabriela Risso<\/strong><\/span><\/h4>\n<p style=\"text-align: center;\"><a href=\"grisso@feyalegria.org.uy\" target=\"_blank\" rel=\"noopener noreferrer\">grisso@feyalegria.org.uy<\/a><\/p>\n<p>[\/vc_column_text][vc_column_text]<\/p>\n<h4 style=\"text-align: center;\"><span style=\"color: #aa0f16;\"><strong>Coordinador de Formaci\u00f3n para el trabajo<\/strong><\/span><\/h4>\n<h4 style=\"text-align: center;\"><span style=\"color: #3a3a3a;\"><strong>Leandro Gonz\u00e1lez<\/strong><\/span><\/h4>\n<p style=\"text-align: center;\"><a href=\"lgonzalez@feyalegria.org.uy\" target=\"_blank\" rel=\"noopener noreferrer\">lgonzalez@feyalegria.org.uy<\/a><\/p>\n<p>[\/vc_column_text][\/vc_column_inner][\/vc_row_inner][vc_separator color=\u00bbmulled_wine\u00bb style=\u00bbshadow\u00bb][vc_row_inner css=\u00bb.vc_custom_1594057794982{padding-top: 40px !important;padding-right: 40px !important;padding-left: 40px !important;}\u00bb][vc_column_inner width=\u00bb1\/2&#8243;][vc_column_text]<\/p>\n<h4 style=\"text-align: center;\"><span style=\"color: #aa0f16;\"><strong>Directora Regional Oeste<\/strong><\/span><\/h4>\n<p>&nbsp;<\/p>\n<h4 style=\"text-align: center;\"><span style=\"color: #3a3a3a;\"><strong>Patricia Arocena<\/strong><\/span><\/h4>\n<p style=\"text-align: center;\"><a href=\"mailto:parocena@feyalegria.org.uy\" target=\"_blank\" rel=\"noopener noreferrer\">parocena@feyalegria.org.uy<\/a><\/p>\n<p>[\/vc_column_text][\/vc_column_inner][\/vc_row_inner][\/vc_tta_section][\/vc_tta_accordion][\/vc_column][\/vc_row]<\/p>\n<\/div>","protected":false},"excerpt":{"rendered":"<p>[vc_row][vc_column][\/vc_column][\/vc_row][vc_row][vc_column width=\u00bb2\/3&#8243;][vc_column_text] Desde la Oficina Nacional se impulsa el desarrollo de los centros educativos y se acompa\u00f1a a sus equipos y comisiones directivas; se promueve la creaci\u00f3n e implementaci\u00f3n de programas educativos y formaciones y se coordina y consolida la administraci\u00f3n general y el desarrollo de recursos de la Asociaci\u00f3n Civil Fe y Alegr\u00eda. La<\/p>\n","protected":false},"author":19,"featured_media":0,"parent":0,"menu_order":0,"comment_status":"closed","ping_status":"closed","template":"","meta":{"_acf_changed":false,"footnotes":""},"folder":[],"class_list":["post-505","page","type-page","status-publish","hentry"],"acf":[],"yoast_head":"<!-- This site is optimized with the Yoast SEO plugin v27.2 - https:\/\/yoast.com\/product\/yoast-seo-wordpress\/ -->\n<title>Oficina Nacional - #SomosFeyAlegria en Uruguay<\/title>\n<meta name=\"robots\" content=\"index, follow, max-snippet:-1, max-image-preview:large, max-video-preview:-1\" \/>\n<link rel=\"canonical\" href=\"https:\/\/www.feyalegria.org\/uruguay\/equipo-nacional\/\" \/>\n<meta property=\"og:locale\" content=\"es_ES\" \/>\n<meta property=\"og:type\" content=\"article\" \/>\n<meta property=\"og:title\" content=\"Oficina Nacional - #SomosFeyAlegria en Uruguay\" \/>\n<meta property=\"og:description\" content=\"[vc_row][vc_column][\/vc_column][\/vc_row][vc_row][vc_column width=\u00bb2\/3&#8243;][vc_column_text] Desde la Oficina Nacional se impulsa el desarrollo de los centros educativos y se acompa\u00f1a a sus equipos y comisiones directivas; se promueve la creaci\u00f3n e implementaci\u00f3n de programas educativos y formaciones y se coordina y consolida la administraci\u00f3n general y el desarrollo de recursos de la Asociaci\u00f3n Civil Fe y Alegr\u00eda. La\" \/>\n<meta property=\"og:url\" content=\"https:\/\/www.feyalegria.org\/uruguay\/equipo-nacional\/\" \/>\n<meta property=\"og:site_name\" content=\"#SomosFeyAlegria en Uruguay\" \/>\n<meta property=\"article:modified_time\" content=\"2024-08-23T18:03:30+00:00\" \/>\n<meta name=\"twitter:card\" content=\"summary_large_image\" \/>\n<meta name=\"twitter:label1\" content=\"Tiempo de lectura\" \/>\n\t<meta name=\"twitter:data1\" content=\"2 minutos\" \/>\n<script type=\"application\/ld+json\" class=\"yoast-schema-graph\">{\"@context\":\"https:\/\/schema.org\",\"@graph\":[{\"@type\":\"WebPage\",\"@id\":\"https:\/\/www.feyalegria.org\/uruguay\/equipo-nacional\/\",\"url\":\"https:\/\/www.feyalegria.org\/uruguay\/equipo-nacional\/\",\"name\":\"Oficina Nacional - #SomosFeyAlegria en Uruguay\",\"isPartOf\":{\"@id\":\"https:\/\/www.feyalegria.org\/uruguay\/#website\"},\"datePublished\":\"2020-07-06T17:55:48+00:00\",\"dateModified\":\"2024-08-23T18:03:30+00:00\",\"breadcrumb\":{\"@id\":\"https:\/\/www.feyalegria.org\/uruguay\/equipo-nacional\/#breadcrumb\"},\"inLanguage\":\"es\",\"potentialAction\":[{\"@type\":\"ReadAction\",\"target\":[\"https:\/\/www.feyalegria.org\/uruguay\/equipo-nacional\/\"]}]},{\"@type\":\"BreadcrumbList\",\"@id\":\"https:\/\/www.feyalegria.org\/uruguay\/equipo-nacional\/#breadcrumb\",\"itemListElement\":[{\"@type\":\"ListItem\",\"position\":1,\"name\":\"Home\",\"item\":\"https:\/\/www.feyalegria.org\/uruguay\/\"},{\"@type\":\"ListItem\",\"position\":2,\"name\":\"Oficina Nacional\"}]},{\"@type\":\"WebSite\",\"@id\":\"https:\/\/www.feyalegria.org\/uruguay\/#website\",\"url\":\"https:\/\/www.feyalegria.org\/uruguay\/\",\"name\":\"#SomosFeyAlegria en Uruguay\",\"description\":\"Movimiento de Educaci\u00f3n Popular y Promoci\u00f3n Social\",\"potentialAction\":[{\"@type\":\"SearchAction\",\"target\":{\"@type\":\"EntryPoint\",\"urlTemplate\":\"https:\/\/www.feyalegria.org\/uruguay\/?s={search_term_string}\"},\"query-input\":{\"@type\":\"PropertyValueSpecification\",\"valueRequired\":true,\"valueName\":\"search_term_string\"}}],\"inLanguage\":\"es\"}]}<\/script>\n<!-- \/ Yoast SEO plugin. -->","yoast_head_json":{"title":"Oficina Nacional - #SomosFeyAlegria en Uruguay","robots":{"index":"index","follow":"follow","max-snippet":"max-snippet:-1","max-image-preview":"max-image-preview:large","max-video-preview":"max-video-preview:-1"},"canonical":"https:\/\/www.feyalegria.org\/uruguay\/equipo-nacional\/","og_locale":"es_ES","og_type":"article","og_title":"Oficina Nacional - #SomosFeyAlegria en Uruguay","og_description":"[vc_row][vc_column][\/vc_column][\/vc_row][vc_row][vc_column width=\u00bb2\/3&#8243;][vc_column_text] Desde la Oficina Nacional se impulsa el desarrollo de los centros educativos y se acompa\u00f1a a sus equipos y comisiones directivas; se promueve la creaci\u00f3n e implementaci\u00f3n de programas educativos y formaciones y se coordina y consolida la administraci\u00f3n general y el desarrollo de recursos de la Asociaci\u00f3n Civil Fe y Alegr\u00eda. La","og_url":"https:\/\/www.feyalegria.org\/uruguay\/equipo-nacional\/","og_site_name":"#SomosFeyAlegria en Uruguay","article_modified_time":"2024-08-23T18:03:30+00:00","twitter_card":"summary_large_image","twitter_misc":{"Tiempo de lectura":"2 minutos"},"schema":{"@context":"https:\/\/schema.org","@graph":[{"@type":"WebPage","@id":"https:\/\/www.feyalegria.org\/uruguay\/equipo-nacional\/","url":"https:\/\/www.feyalegria.org\/uruguay\/equipo-nacional\/","name":"Oficina Nacional - #SomosFeyAlegria en Uruguay","isPartOf":{"@id":"https:\/\/www.feyalegria.org\/uruguay\/#website"},"datePublished":"2020-07-06T17:55:48+00:00","dateModified":"2024-08-23T18:03:30+00:00","breadcrumb":{"@id":"https:\/\/www.feyalegria.org\/uruguay\/equipo-nacional\/#breadcrumb"},"inLanguage":"es","potentialAction":[{"@type":"ReadAction","target":["https:\/\/www.feyalegria.org\/uruguay\/equipo-nacional\/"]}]},{"@type":"BreadcrumbList","@id":"https:\/\/www.feyalegria.org\/uruguay\/equipo-nacional\/#breadcrumb","itemListElement":[{"@type":"ListItem","position":1,"name":"Home","item":"https:\/\/www.feyalegria.org\/uruguay\/"},{"@type":"ListItem","position":2,"name":"Oficina Nacional"}]},{"@type":"WebSite","@id":"https:\/\/www.feyalegria.org\/uruguay\/#website","url":"https:\/\/www.feyalegria.org\/uruguay\/","name":"#SomosFeyAlegria en Uruguay","description":"Movimiento de Educaci\u00f3n Popular y Promoci\u00f3n Social","potentialAction":[{"@type":"SearchAction","target":{"@type":"EntryPoint","urlTemplate":"https:\/\/www.feyalegria.org\/uruguay\/?s={search_term_string}"},"query-input":{"@type":"PropertyValueSpecification","valueRequired":true,"valueName":"search_term_string"}}],"inLanguage":"es"}]}},"_links":{"self":[{"href":"https:\/\/www.feyalegria.org\/uruguay\/wp-json\/wp\/v2\/pages\/505","targetHints":{"allow":["GET"]}}],"collection":[{"href":"https:\/\/www.feyalegria.org\/uruguay\/wp-json\/wp\/v2\/pages"}],"about":[{"href":"https:\/\/www.feyalegria.org\/uruguay\/wp-json\/wp\/v2\/types\/page"}],"author":[{"embeddable":true,"href":"https:\/\/www.feyalegria.org\/uruguay\/wp-json\/wp\/v2\/users\/19"}],"replies":[{"embeddable":true,"href":"https:\/\/www.feyalegria.org\/uruguay\/wp-json\/wp\/v2\/comments?post=505"}],"version-history":[{"count":0,"href":"https:\/\/www.feyalegria.org\/uruguay\/wp-json\/wp\/v2\/pages\/505\/revisions"}],"wp:attachment":[{"href":"https:\/\/www.feyalegria.org\/uruguay\/wp-json\/wp\/v2\/media?parent=505"}],"wp:term":[{"taxonomy":"folder","embeddable":true,"href":"https:\/\/www.feyalegria.org\/uruguay\/wp-json\/wp\/v2\/folder?post=505"}],"curies":[{"name":"wp","href":"https:\/\/api.w.org\/{rel}","templated":true}]}}