 {"id":1156,"date":"2020-08-09T23:48:58","date_gmt":"2020-08-09T23:48:58","guid":{"rendered":"https:\/\/www.feyalegria.org\/venezuela\/?page_id=1156"},"modified":"2025-05-19T18:12:47","modified_gmt":"2025-05-19T18:12:47","slug":"publicaciones","status":"publish","type":"page","link":"https:\/\/www.feyalegria.org\/venezuela\/publicaciones\/","title":{"rendered":"Publicaciones"},"content":{"rendered":"<div class=\"wpb-content-wrapper\"><p>[vc_row][vc_column width=\u00bb2\/3&#8243;][vc_column_text]<\/p>\n<p style=\"text-align:justify\">El departamento de Publicaciones perteneciente al Centro de Formaci\u00f3n e Investigaci\u00f3n Padre Joaqu\u00edn apoya a los diferentes programas de Fe y Alegr\u00eda a nivel nacional e internacional, en la transformaci\u00f3n de sus pr\u00e1cticas pedag\u00f3gicas y  educomunicativas, mediante el dise\u00f1o de recursos digitales e impresos como manuales, revistas, boletines, cursos, documentos, textos escolares, literatura infantil y juvenil, entre otros, los cuales constituyen frutos de un arduo proceso de reflexi\u00f3n colectiva que incluye investigaci\u00f3n-acci\u00f3n.<\/p>\n<p>&nbsp;<\/p>\n<p style=\"text-align:justify\">Asimismo, se encarga de difundir materiales formativos, did\u00e1cticos, amenos e innovadores, resultados de la construcci\u00f3n, planificaci\u00f3n, dise\u00f1o y acompa\u00f1amiento de propuestas de investigaci\u00f3n en torno a modelos educativos populares y la educaci\u00f3n formal y no formal, que promueven y divulgan el pensamiento de Fe y Alegr\u00eda como Movimiento de Educaci\u00f3n Popular.<\/p>\n<p>&nbsp;<\/p>\n<p style=\"text-align:justify\">Nuestro cat\u00e1logo de publicaciones est\u00e1 disponible aqu\u00ed para toda persona interesada en ahondar en la organizaci\u00f3n y pr\u00e1ctica de una educaci\u00f3n necesaria, de la educaci\u00f3n que queremos.<\/p>\n<p>&nbsp;<\/p>\n<p style=\"text-align:justify\">Consulta el cat\u00e1logo de publicaciones del Centro de Formaci\u00f3n e Investigaci\u00f3n Padre Joaqu\u00edn: <a href=\"https:\/\/www.centrodeformacion.net\/portafolio\/\" rel=\"noopener noreferrer\" target=\"_blank\">www.centrodeformacion.net\/portafolio\/<\/a><\/p>\n<p>[\/vc_column_text][\/vc_column][vc_column width=\u00bb1\/3&#8243;][vc_single_image image=\u00bb1162&#8243; img_size=\u00bbfull\u00bb][\/vc_column][\/vc_row]<\/p>\n<\/div>","protected":false},"excerpt":{"rendered":"<p>[vc_row][vc_column width=\u00bb2\/3&#8243;][vc_column_text] El departamento de Publicaciones perteneciente al Centro de Formaci\u00f3n e Investigaci\u00f3n Padre Joaqu\u00edn apoya a los diferentes programas de Fe y Alegr\u00eda a nivel nacional e internacional, en la transformaci\u00f3n de sus pr\u00e1cticas pedag\u00f3gicas y educomunicativas, mediante el dise\u00f1o de recursos digitales e impresos como manuales, revistas, boletines, cursos, documentos, textos escolares, literatura<\/p>\n","protected":false},"author":90,"featured_media":0,"parent":0,"menu_order":0,"comment_status":"closed","ping_status":"closed","template":"","meta":{"_acf_changed":false,"footnotes":""},"folder":[],"class_list":["post-1156","page","type-page","status-publish","hentry"],"acf":[],"yoast_head":"<!-- This site is optimized with the Yoast SEO plugin v27.2 - https:\/\/yoast.com\/product\/yoast-seo-wordpress\/ -->\n<title>Publicaciones - Fe y Alegr\u00eda en Venezuela<\/title>\n<meta name=\"robots\" content=\"index, follow, max-snippet:-1, max-image-preview:large, max-video-preview:-1\" \/>\n<link rel=\"canonical\" href=\"https:\/\/www.feyalegria.org\/venezuela\/publicaciones\/\" \/>\n<meta property=\"og:locale\" content=\"es_ES\" \/>\n<meta property=\"og:type\" content=\"article\" \/>\n<meta property=\"og:title\" content=\"Publicaciones - Fe y Alegr\u00eda en Venezuela\" \/>\n<meta property=\"og:description\" content=\"[vc_row][vc_column width=\u00bb2\/3&#8243;][vc_column_text] El departamento de Publicaciones perteneciente al Centro de Formaci\u00f3n e Investigaci\u00f3n Padre Joaqu\u00edn apoya a los diferentes programas de Fe y Alegr\u00eda a nivel nacional e internacional, en la transformaci\u00f3n de sus pr\u00e1cticas pedag\u00f3gicas y educomunicativas, mediante el dise\u00f1o de recursos digitales e impresos como manuales, revistas, boletines, cursos, documentos, textos escolares, literatura\" \/>\n<meta property=\"og:url\" content=\"https:\/\/www.feyalegria.org\/venezuela\/publicaciones\/\" \/>\n<meta property=\"og:site_name\" content=\"Fe y Alegr\u00eda en Venezuela\" \/>\n<meta property=\"article:modified_time\" content=\"2025-05-19T18:12:47+00:00\" \/>\n<meta name=\"twitter:card\" content=\"summary_large_image\" \/>\n<meta name=\"twitter:label1\" content=\"Tiempo de lectura\" \/>\n\t<meta name=\"twitter:data1\" content=\"1 minuto\" \/>\n<script type=\"application\/ld+json\" class=\"yoast-schema-graph\">{\"@context\":\"https:\/\/schema.org\",\"@graph\":[{\"@type\":\"WebPage\",\"@id\":\"https:\/\/www.feyalegria.org\/venezuela\/publicaciones\/\",\"url\":\"https:\/\/www.feyalegria.org\/venezuela\/publicaciones\/\",\"name\":\"Publicaciones - Fe y Alegr\u00eda en Venezuela\",\"isPartOf\":{\"@id\":\"https:\/\/www.feyalegria.org\/venezuela\/#website\"},\"datePublished\":\"2020-08-09T23:48:58+00:00\",\"dateModified\":\"2025-05-19T18:12:47+00:00\",\"inLanguage\":\"es\",\"potentialAction\":[{\"@type\":\"ReadAction\",\"target\":[\"https:\/\/www.feyalegria.org\/venezuela\/publicaciones\/\"]}]},{\"@type\":\"WebSite\",\"@id\":\"https:\/\/www.feyalegria.org\/venezuela\/#website\",\"url\":\"https:\/\/www.feyalegria.org\/venezuela\/\",\"name\":\"Fe y Alegr\u00eda en Venezuela\",\"description\":\"\",\"potentialAction\":[{\"@type\":\"SearchAction\",\"target\":{\"@type\":\"EntryPoint\",\"urlTemplate\":\"https:\/\/www.feyalegria.org\/venezuela\/?s={search_term_string}\"},\"query-input\":{\"@type\":\"PropertyValueSpecification\",\"valueRequired\":true,\"valueName\":\"search_term_string\"}}],\"inLanguage\":\"es\"}]}<\/script>\n<!-- \/ Yoast SEO plugin. -->","yoast_head_json":{"title":"Publicaciones - Fe y Alegr\u00eda en Venezuela","robots":{"index":"index","follow":"follow","max-snippet":"max-snippet:-1","max-image-preview":"max-image-preview:large","max-video-preview":"max-video-preview:-1"},"canonical":"https:\/\/www.feyalegria.org\/venezuela\/publicaciones\/","og_locale":"es_ES","og_type":"article","og_title":"Publicaciones - Fe y Alegr\u00eda en Venezuela","og_description":"[vc_row][vc_column width=\u00bb2\/3&#8243;][vc_column_text] El departamento de Publicaciones perteneciente al Centro de Formaci\u00f3n e Investigaci\u00f3n Padre Joaqu\u00edn apoya a los diferentes programas de Fe y Alegr\u00eda a nivel nacional e internacional, en la transformaci\u00f3n de sus pr\u00e1cticas pedag\u00f3gicas y educomunicativas, mediante el dise\u00f1o de recursos digitales e impresos como manuales, revistas, boletines, cursos, documentos, textos escolares, literatura","og_url":"https:\/\/www.feyalegria.org\/venezuela\/publicaciones\/","og_site_name":"Fe y Alegr\u00eda en Venezuela","article_modified_time":"2025-05-19T18:12:47+00:00","twitter_card":"summary_large_image","twitter_misc":{"Tiempo de lectura":"1 minuto"},"schema":{"@context":"https:\/\/schema.org","@graph":[{"@type":"WebPage","@id":"https:\/\/www.feyalegria.org\/venezuela\/publicaciones\/","url":"https:\/\/www.feyalegria.org\/venezuela\/publicaciones\/","name":"Publicaciones - Fe y Alegr\u00eda en Venezuela","isPartOf":{"@id":"https:\/\/www.feyalegria.org\/venezuela\/#website"},"datePublished":"2020-08-09T23:48:58+00:00","dateModified":"2025-05-19T18:12:47+00:00","inLanguage":"es","potentialAction":[{"@type":"ReadAction","target":["https:\/\/www.feyalegria.org\/venezuela\/publicaciones\/"]}]},{"@type":"WebSite","@id":"https:\/\/www.feyalegria.org\/venezuela\/#website","url":"https:\/\/www.feyalegria.org\/venezuela\/","name":"Fe y Alegr\u00eda en Venezuela","description":"","potentialAction":[{"@type":"SearchAction","target":{"@type":"EntryPoint","urlTemplate":"https:\/\/www.feyalegria.org\/venezuela\/?s={search_term_string}"},"query-input":{"@type":"PropertyValueSpecification","valueRequired":true,"valueName":"search_term_string"}}],"inLanguage":"es"}]}},"_links":{"self":[{"href":"https:\/\/www.feyalegria.org\/venezuela\/wp-json\/wp\/v2\/pages\/1156","targetHints":{"allow":["GET"]}}],"collection":[{"href":"https:\/\/www.feyalegria.org\/venezuela\/wp-json\/wp\/v2\/pages"}],"about":[{"href":"https:\/\/www.feyalegria.org\/venezuela\/wp-json\/wp\/v2\/types\/page"}],"author":[{"embeddable":true,"href":"https:\/\/www.feyalegria.org\/venezuela\/wp-json\/wp\/v2\/users\/90"}],"replies":[{"embeddable":true,"href":"https:\/\/www.feyalegria.org\/venezuela\/wp-json\/wp\/v2\/comments?post=1156"}],"version-history":[{"count":0,"href":"https:\/\/www.feyalegria.org\/venezuela\/wp-json\/wp\/v2\/pages\/1156\/revisions"}],"wp:attachment":[{"href":"https:\/\/www.feyalegria.org\/venezuela\/wp-json\/wp\/v2\/media?parent=1156"}],"wp:term":[{"taxonomy":"folder","embeddable":true,"href":"https:\/\/www.feyalegria.org\/venezuela\/wp-json\/wp\/v2\/folder?post=1156"}],"curies":[{"name":"wp","href":"https:\/\/api.w.org\/{rel}","templated":true}]}}