 {"id":24,"date":"2020-01-20T19:34:37","date_gmt":"2020-01-20T19:34:37","guid":{"rendered":"https:\/\/www.feyalegria.org\/venezuela\/?page_id=24"},"modified":"2025-04-28T21:56:06","modified_gmt":"2025-04-28T21:56:06","slug":"mision-y-vision","status":"publish","type":"page","link":"https:\/\/www.feyalegria.org\/venezuela\/mision-y-vision\/","title":{"rendered":"Misi\u00f3n y Visi\u00f3n"},"content":{"rendered":"<div class=\"wpb-content-wrapper\"><p>[vc_row full_width=\u00bbstretch_row_content\u00bb][vc_column][vc_single_image image=\u00bb5124&#8243; img_size=\u00bbfull\u00bb][\/vc_column][\/vc_row][vc_row gap=\u00bb5&#8243; equal_height=\u00bbyes\u00bb content_placement=\u00bbtop\u00bb second_background_color=\u00bb#f3f3f3&#8243; css=\u00bb.vc_custom_1700196814056{border-radius: 20px !important;}\u00bb][vc_column width=\u00bb1\/2&#8243; enable_sticky=\u00bbtrue\u00bb sticky_offset=\u00bb0&#8243; css=\u00bb.vc_custom_1702043793297{padding-top: 30px !important;padding-bottom: 40px !important;background-color: rgba(228,228,228,0.5) !important;*background-color: rgb(228,228,228) !important;}\u00bb][vc_single_image image=\u00bb4116&#8243; img_size=\u00bbfull\u00bb alignment=\u00bbcenter\u00bb style=\u00bbvc_box_shadow\u00bb][vc_column_text css=\u00bb.vc_custom_1700793420238{padding-right: 40px !important;padding-left: 40px !important;}\u00bb]<\/p>\n<p style=\"text-align: center\">Ser un Movimiento de Educaci\u00f3n Popular y Promoci\u00f3n Social dirigido a la poblaci\u00f3n empobrecida y excluida, que busca construir un proyecto de transformaci\u00f3n social, con base en valores cristianos de justicia, participaci\u00f3n y solidaridad.<\/p>\n<p>[\/vc_column_text][\/vc_column][vc_column width=\u00bb1\/2&#8243; css=\u00bb.vc_custom_1702043822205{padding-top: 30px !important;background-color: rgba(228,228,228,0.5) !important;*background-color: rgb(228,228,228) !important;}\u00bb][vc_single_image image=\u00bb4117&#8243; img_size=\u00bbfull\u00bb alignment=\u00bbcenter\u00bb style=\u00bbvc_box_shadow\u00bb][vc_column_text css=\u00bb.vc_custom_1595809349778{padding-right: 40px !important;padding-left: 40px !important;}\u00bb]<\/p>\n<p style=\"text-align: center\">Un mundo donde todas las personas tenga la posibilidad de desarrollar plenamente sus capacidades y vivir con dignidad, construyendo una sociedad justa en la que todos sus estructura est\u00e9n al servicio del ser humano y la trasformaci\u00f3n de las situaciones que generen la inequidad, la pobreza y la exclusi\u00f3n.<\/p>\n<p>[\/vc_column_text][\/vc_column][\/vc_row][vc_row][vc_column][vc_separator border_width=\u00bb2&#8243;][vc_column_text]<\/p>\n<h2 style=\"text-align: center;font-weight: normal\">Somos un Movimiento de Educaci\u00f3n Popular y Promoci\u00f3n Social<\/h2>\n<p>[\/vc_column_text][\/vc_column][\/vc_row][vc_row gap=\u00bb35&#8243; content_placement=\u00bbtop\u00bb column_spacing=\u00bb40&#8243;][vc_column width=\u00bb1\/4&#8243; css=\u00bb.vc_custom_1707276729062{margin-right: 20px !important;}\u00bb][vc_images_carousel images=\u00bb4566,4565,4567&#8243; img_size=\u00bbmedium\u00bb onclick=\u00bblink_no\u00bb speed=\u00bb3000&#8243; autoplay=\u00bbyes\u00bb hide_pagination_control=\u00bbyes\u00bb wrap=\u00bbyes\u00bb css_animation=\u00bbfadeIn\u00bb][\/vc_column][vc_column width=\u00bb1\/4&#8243;][vc_images_carousel images=\u00bb4568,4569,4564&#8243; img_size=\u00bbmedium\u00bb onclick=\u00bblink_no\u00bb speed=\u00bb3000&#8243; autoplay=\u00bbyes\u00bb wrap=\u00bbyes\u00bb css_animation=\u00bbfadeIn\u00bb][\/vc_column][vc_column width=\u00bb1\/4&#8243;][vc_images_carousel images=\u00bb5126,5127,5128&#8243; img_size=\u00bbmedium\u00bb onclick=\u00bblink_no\u00bb speed=\u00bb3000&#8243; autoplay=\u00bbyes\u00bb wrap=\u00bbyes\u00bb css_animation=\u00bbfadeIn\u00bb][\/vc_column][vc_column width=\u00bb1\/4&#8243;][vc_images_carousel images=\u00bb4570,4571,4572&#8243; img_size=\u00bbmedium\u00bb onclick=\u00bblink_no\u00bb speed=\u00bb3000&#8243; autoplay=\u00bbyes\u00bb wrap=\u00bbyes\u00bb css_animation=\u00bbfadeIn\u00bb][\/vc_column][\/vc_row][vc_row][vc_column][vc_separator border_width=\u00bb2&#8243;][vc_column_text]<\/p>\n<h2 style=\"text-align: center;font-weight: normal\">Dec\u00e1logo institucional<\/h2>\n<p>[\/vc_column_text][vc_row_inner content_placement=\u00bbmiddle\u00bb gap=\u00bb1&#8243;][vc_column_inner width=\u00bb1\/4&#8243;][vc_single_image image=\u00bb4119&#8243; img_size=\u00bbfull\u00bb alignment=\u00bbcenter\u00bb style=\u00bbvc_box_shadow\u00bb onclick=\u00bblink_image\u00bb][\/vc_column_inner][vc_column_inner width=\u00bb1\/4&#8243;][vc_single_image image=\u00bb4120&#8243; img_size=\u00bbfull\u00bb alignment=\u00bbcenter\u00bb style=\u00bbvc_box_shadow\u00bb onclick=\u00bblink_image\u00bb][\/vc_column_inner][vc_column_inner width=\u00bb1\/4&#8243;][vc_single_image image=\u00bb4121&#8243; img_size=\u00bbfull\u00bb alignment=\u00bbcenter\u00bb style=\u00bbvc_box_shadow\u00bb onclick=\u00bblink_image\u00bb][\/vc_column_inner][vc_column_inner width=\u00bb1\/4&#8243;][vc_single_image image=\u00bb4122&#8243; img_size=\u00bbfull\u00bb alignment=\u00bbcenter\u00bb style=\u00bbvc_box_shadow\u00bb onclick=\u00bblink_image\u00bb][\/vc_column_inner][\/vc_row_inner][vc_row_inner][vc_column_inner width=\u00bb1\/4&#8243;][vc_single_image image=\u00bb4118&#8243; img_size=\u00bbfull\u00bb alignment=\u00bbcenter\u00bb style=\u00bbvc_box_shadow\u00bb onclick=\u00bblink_image\u00bb][\/vc_column_inner][vc_column_inner width=\u00bb1\/4&#8243;][vc_single_image image=\u00bb4153&#8243; img_size=\u00bbfull\u00bb alignment=\u00bbcenter\u00bb style=\u00bbvc_box_shadow\u00bb onclick=\u00bblink_image\u00bb][\/vc_column_inner][vc_column_inner width=\u00bb1\/4&#8243;][vc_single_image image=\u00bb4154&#8243; img_size=\u00bbfull\u00bb alignment=\u00bbcenter\u00bb style=\u00bbvc_box_shadow\u00bb onclick=\u00bblink_image\u00bb][\/vc_column_inner][vc_column_inner width=\u00bb1\/4&#8243;][vc_single_image image=\u00bb4155&#8243; img_size=\u00bbfull\u00bb alignment=\u00bbcenter\u00bb style=\u00bbvc_box_shadow\u00bb onclick=\u00bblink_image\u00bb][\/vc_column_inner][\/vc_row_inner][vc_row_inner][vc_column_inner width=\u00bb1\/4&#8243;][vc_single_image image=\u00bb4156&#8243; img_size=\u00bbfull\u00bb alignment=\u00bbcenter\u00bb style=\u00bbvc_box_shadow\u00bb onclick=\u00bblink_image\u00bb][\/vc_column_inner][vc_column_inner width=\u00bb1\/4&#8243;][vc_single_image image=\u00bb4152&#8243; img_size=\u00bbfull\u00bb alignment=\u00bbcenter\u00bb style=\u00bbvc_box_shadow\u00bb onclick=\u00bblink_image\u00bb][\/vc_column_inner][vc_column_inner width=\u00bb1\/4&#8243;][vc_single_image image=\u00bb4204&#8243; img_size=\u00bbmedium\u00bb alignment=\u00bbcenter\u00bb onclick=\u00bbcustom_link\u00bb img_link_target=\u00bb_blank\u00bb link=\u00bbhttps:\/\/www.feyalegria.org\/wp-content\/uploads\/sites\/4\/2023\/11\/Decalogo-de-Fe-y-Alegria.pdf\u00bb][\/vc_column_inner][vc_column_inner width=\u00bb1\/4&#8243;][vc_single_image image=\u00bb4205&#8243; img_size=\u00bbmedium\u00bb alignment=\u00bbcenter\u00bb onclick=\u00bbcustom_link\u00bb link=\u00bbhttps:\/\/www.feyalegria.org\/wp-content\/uploads\/sites\/4\/2023\/11\/Decalogo-Fe-y-Alegria-Flyer.pdf\u00bb][\/vc_column_inner][\/vc_row_inner][vc_row_inner][vc_column_inner width=\u00bb1\/3&#8243;][\/vc_column_inner][vc_column_inner width=\u00bb1\/3&#8243;][\/vc_column_inner][vc_column_inner width=\u00bb1\/3&#8243;][\/vc_column_inner][\/vc_row_inner][\/vc_column][\/vc_row]<\/p>\n<\/div>","protected":false},"excerpt":{"rendered":"<p>[vc_row full_width=\u00bbstretch_row_content\u00bb][vc_column][vc_single_image image=\u00bb5124&#8243; img_size=\u00bbfull\u00bb][\/vc_column][\/vc_row][vc_row gap=\u00bb5&#8243; equal_height=\u00bbyes\u00bb content_placement=\u00bbtop\u00bb second_background_color=\u00bb#f3f3f3&#8243; css=\u00bb.vc_custom_1700196814056{border-radius: 20px !important;}\u00bb][vc_column width=\u00bb1\/2&#8243; enable_sticky=\u00bbtrue\u00bb sticky_offset=\u00bb0&#8243; css=\u00bb.vc_custom_1702043793297{padding-top: 30px !important;padding-bottom: 40px !important;background-color: rgba(228,228,228,0.5) !important;*background-color: rgb(228,228,228) !important;}\u00bb][vc_single_image image=\u00bb4116&#8243; img_size=\u00bbfull\u00bb alignment=\u00bbcenter\u00bb style=\u00bbvc_box_shadow\u00bb][vc_column_text css=\u00bb.vc_custom_1700793420238{padding-right: 40px !important;padding-left: 40px !important;}\u00bb] Ser un Movimiento de Educaci\u00f3n Popular y Promoci\u00f3n Social dirigido a la poblaci\u00f3n empobrecida y excluida, que busca construir un proyecto de transformaci\u00f3n<\/p>\n","protected":false},"author":6,"featured_media":0,"parent":0,"menu_order":0,"comment_status":"closed","ping_status":"closed","template":"","meta":{"_acf_changed":false,"footnotes":""},"folder":[],"class_list":["post-24","page","type-page","status-publish","hentry"],"acf":[],"yoast_head":"<!-- This site is optimized with the Yoast SEO plugin v27.2 - https:\/\/yoast.com\/product\/yoast-seo-wordpress\/ -->\n<title>Misi\u00f3n y Visi\u00f3n - Fe y Alegr\u00eda en Venezuela<\/title>\n<meta name=\"robots\" content=\"index, follow, max-snippet:-1, max-image-preview:large, max-video-preview:-1\" \/>\n<link rel=\"canonical\" href=\"https:\/\/www.feyalegria.org\/venezuela\/mision-y-vision\/\" \/>\n<meta property=\"og:locale\" content=\"es_ES\" \/>\n<meta property=\"og:type\" content=\"article\" \/>\n<meta property=\"og:title\" content=\"Misi\u00f3n y Visi\u00f3n - Fe y Alegr\u00eda en Venezuela\" \/>\n<meta property=\"og:description\" content=\"[vc_row full_width=\u00bbstretch_row_content\u00bb][vc_column][vc_single_image image=\u00bb5124&#8243; img_size=\u00bbfull\u00bb][\/vc_column][\/vc_row][vc_row gap=\u00bb5&#8243; equal_height=\u00bbyes\u00bb content_placement=\u00bbtop\u00bb second_background_color=\u00bb#f3f3f3&#8243; css=\u00bb.vc_custom_1700196814056{border-radius: 20px !important;}\u00bb][vc_column width=\u00bb1\/2&#8243; enable_sticky=\u00bbtrue\u00bb sticky_offset=\u00bb0&#8243; css=\u00bb.vc_custom_1702043793297{padding-top: 30px !important;padding-bottom: 40px !important;background-color: rgba(228,228,228,0.5) !important;*background-color: rgb(228,228,228) !important;}\u00bb][vc_single_image image=\u00bb4116&#8243; img_size=\u00bbfull\u00bb alignment=\u00bbcenter\u00bb style=\u00bbvc_box_shadow\u00bb][vc_column_text css=\u00bb.vc_custom_1700793420238{padding-right: 40px !important;padding-left: 40px !important;}\u00bb] Ser un Movimiento de Educaci\u00f3n Popular y Promoci\u00f3n Social dirigido a la poblaci\u00f3n empobrecida y excluida, que busca construir un proyecto de transformaci\u00f3n\" \/>\n<meta property=\"og:url\" content=\"https:\/\/www.feyalegria.org\/venezuela\/mision-y-vision\/\" \/>\n<meta property=\"og:site_name\" content=\"Fe y Alegr\u00eda en Venezuela\" \/>\n<meta property=\"article:modified_time\" content=\"2025-04-28T21:56:06+00:00\" \/>\n<meta name=\"twitter:card\" content=\"summary_large_image\" \/>\n<meta name=\"twitter:label1\" content=\"Tiempo de lectura\" \/>\n\t<meta name=\"twitter:data1\" content=\"2 minutos\" \/>\n<script type=\"application\/ld+json\" class=\"yoast-schema-graph\">{\"@context\":\"https:\/\/schema.org\",\"@graph\":[{\"@type\":\"WebPage\",\"@id\":\"https:\/\/www.feyalegria.org\/venezuela\/mision-y-vision\/\",\"url\":\"https:\/\/www.feyalegria.org\/venezuela\/mision-y-vision\/\",\"name\":\"Misi\u00f3n y Visi\u00f3n - Fe y Alegr\u00eda en Venezuela\",\"isPartOf\":{\"@id\":\"https:\/\/www.feyalegria.org\/venezuela\/#website\"},\"datePublished\":\"2020-01-20T19:34:37+00:00\",\"dateModified\":\"2025-04-28T21:56:06+00:00\",\"inLanguage\":\"es\",\"potentialAction\":[{\"@type\":\"ReadAction\",\"target\":[\"https:\/\/www.feyalegria.org\/venezuela\/mision-y-vision\/\"]}]},{\"@type\":\"WebSite\",\"@id\":\"https:\/\/www.feyalegria.org\/venezuela\/#website\",\"url\":\"https:\/\/www.feyalegria.org\/venezuela\/\",\"name\":\"Fe y Alegr\u00eda en Venezuela\",\"description\":\"\",\"potentialAction\":[{\"@type\":\"SearchAction\",\"target\":{\"@type\":\"EntryPoint\",\"urlTemplate\":\"https:\/\/www.feyalegria.org\/venezuela\/?s={search_term_string}\"},\"query-input\":{\"@type\":\"PropertyValueSpecification\",\"valueRequired\":true,\"valueName\":\"search_term_string\"}}],\"inLanguage\":\"es\"}]}<\/script>\n<!-- \/ Yoast SEO plugin. -->","yoast_head_json":{"title":"Misi\u00f3n y Visi\u00f3n - Fe y Alegr\u00eda en Venezuela","robots":{"index":"index","follow":"follow","max-snippet":"max-snippet:-1","max-image-preview":"max-image-preview:large","max-video-preview":"max-video-preview:-1"},"canonical":"https:\/\/www.feyalegria.org\/venezuela\/mision-y-vision\/","og_locale":"es_ES","og_type":"article","og_title":"Misi\u00f3n y Visi\u00f3n - Fe y Alegr\u00eda en Venezuela","og_description":"[vc_row full_width=\u00bbstretch_row_content\u00bb][vc_column][vc_single_image image=\u00bb5124&#8243; img_size=\u00bbfull\u00bb][\/vc_column][\/vc_row][vc_row gap=\u00bb5&#8243; equal_height=\u00bbyes\u00bb content_placement=\u00bbtop\u00bb second_background_color=\u00bb#f3f3f3&#8243; css=\u00bb.vc_custom_1700196814056{border-radius: 20px !important;}\u00bb][vc_column width=\u00bb1\/2&#8243; enable_sticky=\u00bbtrue\u00bb sticky_offset=\u00bb0&#8243; css=\u00bb.vc_custom_1702043793297{padding-top: 30px !important;padding-bottom: 40px !important;background-color: rgba(228,228,228,0.5) !important;*background-color: rgb(228,228,228) !important;}\u00bb][vc_single_image image=\u00bb4116&#8243; img_size=\u00bbfull\u00bb alignment=\u00bbcenter\u00bb style=\u00bbvc_box_shadow\u00bb][vc_column_text css=\u00bb.vc_custom_1700793420238{padding-right: 40px !important;padding-left: 40px !important;}\u00bb] Ser un Movimiento de Educaci\u00f3n Popular y Promoci\u00f3n Social dirigido a la poblaci\u00f3n empobrecida y excluida, que busca construir un proyecto de transformaci\u00f3n","og_url":"https:\/\/www.feyalegria.org\/venezuela\/mision-y-vision\/","og_site_name":"Fe y Alegr\u00eda en Venezuela","article_modified_time":"2025-04-28T21:56:06+00:00","twitter_card":"summary_large_image","twitter_misc":{"Tiempo de lectura":"2 minutos"},"schema":{"@context":"https:\/\/schema.org","@graph":[{"@type":"WebPage","@id":"https:\/\/www.feyalegria.org\/venezuela\/mision-y-vision\/","url":"https:\/\/www.feyalegria.org\/venezuela\/mision-y-vision\/","name":"Misi\u00f3n y Visi\u00f3n - Fe y Alegr\u00eda en Venezuela","isPartOf":{"@id":"https:\/\/www.feyalegria.org\/venezuela\/#website"},"datePublished":"2020-01-20T19:34:37+00:00","dateModified":"2025-04-28T21:56:06+00:00","inLanguage":"es","potentialAction":[{"@type":"ReadAction","target":["https:\/\/www.feyalegria.org\/venezuela\/mision-y-vision\/"]}]},{"@type":"WebSite","@id":"https:\/\/www.feyalegria.org\/venezuela\/#website","url":"https:\/\/www.feyalegria.org\/venezuela\/","name":"Fe y Alegr\u00eda en Venezuela","description":"","potentialAction":[{"@type":"SearchAction","target":{"@type":"EntryPoint","urlTemplate":"https:\/\/www.feyalegria.org\/venezuela\/?s={search_term_string}"},"query-input":{"@type":"PropertyValueSpecification","valueRequired":true,"valueName":"search_term_string"}}],"inLanguage":"es"}]}},"_links":{"self":[{"href":"https:\/\/www.feyalegria.org\/venezuela\/wp-json\/wp\/v2\/pages\/24","targetHints":{"allow":["GET"]}}],"collection":[{"href":"https:\/\/www.feyalegria.org\/venezuela\/wp-json\/wp\/v2\/pages"}],"about":[{"href":"https:\/\/www.feyalegria.org\/venezuela\/wp-json\/wp\/v2\/types\/page"}],"author":[{"embeddable":true,"href":"https:\/\/www.feyalegria.org\/venezuela\/wp-json\/wp\/v2\/users\/6"}],"replies":[{"embeddable":true,"href":"https:\/\/www.feyalegria.org\/venezuela\/wp-json\/wp\/v2\/comments?post=24"}],"version-history":[{"count":0,"href":"https:\/\/www.feyalegria.org\/venezuela\/wp-json\/wp\/v2\/pages\/24\/revisions"}],"wp:attachment":[{"href":"https:\/\/www.feyalegria.org\/venezuela\/wp-json\/wp\/v2\/media?parent=24"}],"wp:term":[{"taxonomy":"folder","embeddable":true,"href":"https:\/\/www.feyalegria.org\/venezuela\/wp-json\/wp\/v2\/folder?post=24"}],"curies":[{"name":"wp","href":"https:\/\/api.w.org\/{rel}","templated":true}]}}