 {"id":29,"date":"2020-01-20T19:38:07","date_gmt":"2020-01-20T19:38:07","guid":{"rendered":"https:\/\/www.feyalegria.org\/venezuela\/?page_id=29"},"modified":"2025-11-24T20:38:34","modified_gmt":"2025-11-24T20:38:34","slug":"directorio","status":"publish","type":"page","link":"https:\/\/www.feyalegria.org\/venezuela\/directorio\/","title":{"rendered":"Directorio"},"content":{"rendered":"<div class=\"wpb-content-wrapper\"><p>[vc_row full_width=\u00bbstretch_row_content\u00bb][vc_column][vc_single_image image=\u00bb5138&#8243; img_size=\u00bbfull\u00bb alignment=\u00bbcenter\u00bb][\/vc_column][\/vc_row][vc_row][vc_column][vc_column_text]<\/p>\n<h1>Directorio<\/h1>\n<p>[\/vc_column_text]<div style=\"background-color:;height: 50px\" class=\"nicdark_section  \"><\/div>[vc_column_text]<\/p>\n<h2 style=\"text-align: center; font-weight: normal;\">Direcci\u00f3n General<\/h2>\n<p>[\/vc_column_text]<div style=\"background-color:;height: 20px\" class=\"nicdark_section  \"><\/div>[\/vc_column][\/vc_row][vc_row][vc_column width=\u00bb1\/3&#8243;][vc_single_image image=\u00bb4246&#8243; alignment=\u00bbcenter\u00bb style=\u00bbvc_box_border\u00bb][vc_column_text]<\/p>\n<h4 style=\"font-weight: normal; text-align: center;\">Director General<\/h4>\n<p style=\"text-align: center;\" align=\"center\"><strong>Jos\u00e9 Gregorio Ter\u00e1n, S.J.<\/strong><\/p>\n<p style=\"text-align: center;\" align=\"center\"><a href=\"mailto:ve.director@feyalegria.org\" target=\"_blank\" rel=\"noopener noreferrer\">ve.director@feyalegria.org<\/a><\/p>\n<p>[\/vc_column_text][\/vc_column][vc_column width=\u00bb1\/3&#8243;][vc_single_image image=\u00bb10998&#8243; alignment=\u00bbcenter\u00bb style=\u00bbvc_box_border\u00bb css=\u00bb\u00bb][vc_column_text css=\u00bb\u00bb]<\/p>\n<h4 style=\"text-align: center; font-weight: normal;\">Subdirector General<\/h4>\n<p style=\"text-align: center;\" align=\"center\"><strong>Eloy Rivas, S.J.<\/strong><\/p>\n<p style=\"text-align: center;\" align=\"center\"><a href=\"mailto:ve.director@feyalegria.org\" target=\"_blank\" rel=\"noopener noreferrer\">ve.subdirector@feyalegria.org<\/a><\/p>\n<p>[\/vc_column_text][\/vc_column][vc_column width=\u00bb1\/3&#8243;][vc_single_image image=\u00bb11004&#8243; alignment=\u00bbcenter\u00bb style=\u00bbvc_box_border\u00bb css=\u00bb\u00bb][vc_column_text css=\u00bb\u00bb]<\/p>\n<h4 style=\"text-align: center; font-weight: normal;\">Director de Financiamiento<\/h4>\n<p style=\"text-align: center;\" align=\"center\"><strong>Luis S\u00e1nchez<\/strong><\/p>\n<p style=\"text-align: center;\" align=\"center\"><a href=\"mailto:l.sanchez@feyalegria.edu.ve\">l.sanchez@feyalegria.edu.ve <\/a><\/p>\n<p>[\/vc_column_text][\/vc_column][\/vc_row][vc_row][vc_column]<div style=\"background-color:;height: 30px\" class=\"nicdark_section  \"><\/div>[\/vc_column][\/vc_row][vc_row][vc_column width=\u00bb1\/4&#8243;][vc_single_image image=\u00bb4248&#8243; alignment=\u00bbcenter\u00bb style=\u00bbvc_box_border\u00bb][vc_column_text]<\/p>\n<h4 style=\"text-align: center; font-weight: normal;\">Servicios Fe y Alegr\u00eda<\/h4>\n<p style=\"text-align: center;\" align=\"center\"><strong>Yaika Weber<\/strong><\/p>\n<p align=\"center\"><a href=\"mailto:y.weber@serviciosfeyalegria.org.ve\">y.weber@serviciosfeyalegria.org.ve<\/a><\/p>\n<p>[\/vc_column_text]<div style=\"background-color:;height: 30px\" class=\"nicdark_section  \"><\/div>[\/vc_column][vc_column width=\u00bb1\/4&#8243;][vc_single_image image=\u00bb4247&#8243; alignment=\u00bbcenter\u00bb style=\u00bbvc_box_border\u00bb][vc_column_text]<\/p>\n<h4 style=\"text-align: center; font-weight: normal;\">Centro de Formaci\u00f3n e Investigaci\u00f3n Padre Joaqu\u00edn<\/h4>\n<p style=\"text-align: center;\" align=\"center\"><strong>Luz Bettina Fuenmayor<\/strong><\/p>\n<p style=\"text-align: center;\" align=\"center\"><a href=\"mailto:direccion@centrodeformacion.com.ve\" target=\"_blank\" rel=\"noopener noreferrer\">direccion@centrodeformacion.com.ve<\/a><\/p>\n<p>[\/vc_column_text]<div style=\"background-color:;height: 30px\" class=\"nicdark_section  \"><\/div>[\/vc_column][vc_column width=\u00bb1\/4&#8243;][vc_single_image image=\u00bb4245&#8243; alignment=\u00bbcenter\u00bb style=\u00bbvc_box_border\u00bb][vc_column_text]<\/p>\n<h4 style=\"text-align: center; font-weight: normal;\">Administradora<\/h4>\n<p style=\"text-align: center;\" align=\"center\"><strong>Nelly Brice\u00f1o<\/strong><\/p>\n<p style=\"text-align: center;\" align=\"center\"><a href=\"mailto:n.briceno@feyalegria.edu.ve\" target=\"_blank\" rel=\"noopener noreferrer\">n.briceno@feyalegria.edu.ve<\/a><\/p>\n<p>[\/vc_column_text]<div style=\"background-color:;height: 30px\" class=\"nicdark_section  \"><\/div>[\/vc_column][vc_column width=\u00bb1\/4&#8243;][vc_single_image image=\u00bb5647&#8243; alignment=\u00bbcenter\u00bb style=\u00bbvc_box_border\u00bb][vc_column_text]<\/p>\n<h4 style=\"text-align: center; font-weight: normal;\">Asistente a la Direcci\u00f3n General<\/h4>\n<p style=\"text-align: center;\" align=\"center\"><strong>Xiorelis Ubeto<\/strong><\/p>\n<p style=\"text-align: center;\" align=\"center\"><a href=\"venezuela@feyalegria.org\">venezuela@feyalegria.org<\/a><\/p>\n<p>[\/vc_column_text]<div style=\"background-color:;height: 30px\" class=\"nicdark_section  \"><\/div>[\/vc_column][\/vc_row][vc_row][vc_column][vc_btn title=\u00bbVer m\u00e1s\u00bb style=\u00bbcustom\u00bb custom_background=\u00bb#d10a10&#8243; custom_text=\u00bb#ffffff\u00bb align=\u00bbcenter\u00bb link=\u00bburl:https%3A%2F%2Fwww.feyalegria.org%2Fvenezuela%2Fdirectorio-oficina-nacional%2F\u00bb]<div style=\"background-color:;height: 20px\" class=\"nicdark_section  \"><\/div>[\/vc_column][\/vc_row][vc_row full_width=\u00bbstretch_row_content\u00bb enable_first_overlay=\u00bbtrue\u00bb first_overlay_opacity=\u00bb25&#8243; first_background_color=\u00bb#e4e4e4&#8243;][vc_column]<div style=\"background-color:;height: 50px\" class=\"nicdark_section  \"><\/div>[vc_column_text]<\/p>\n<h2 style=\"text-align: center; font-weight: normal;\">Direcciones Nacionales<\/h2>\n<p>[\/vc_column_text][vc_row_inner css=\u00bb.vc_custom_1700232773166{margin-right: 100px !important;margin-left: 100px !important;}\u00bb][vc_column_inner width=\u00bb1\/4&#8243;][vc_single_image image=\u00bb4253&#8243; alignment=\u00bbcenter\u00bb style=\u00bbvc_box_border\u00bb][vc_column_text]<\/p>\n<h4 style=\"text-align: center; font-weight: normal;\">Escuela<\/h4>\n<div class=\"wpb_text_column wpb_content_element \">\n<div class=\"wpb_wrapper\">\n<p align=\"center\"><strong>Noelbis Aguilar<\/strong><\/p>\n<p align=\"center\"><a href=\"mailto:n.aguilar@feyalegria.edu.ve\" target=\"_blank\" rel=\"noopener noreferrer\">n.aguilar@feyalegria.edu.ve<\/a><\/p>\n<\/div>\n<\/div>\n<p>[\/vc_column_text][vc_btn title=\u00bbVer m\u00e1s\u00bb style=\u00bbcustom\u00bb custom_background=\u00bb#d10a10&#8243; custom_text=\u00bb#ffffff\u00bb size=\u00bbsm\u00bb align=\u00bbcenter\u00bb link=\u00bburl:https%3A%2F%2Fwww.feyalegria.org%2Fvenezuela%2Fdirectorio-fe-y-alegria-escuela%2F\u00bb][\/vc_column_inner][vc_column_inner width=\u00bb1\/4&#8243;][vc_single_image image=\u00bb11581&#8243; alignment=\u00bbcenter\u00bb style=\u00bbvc_box_border\u00bb css=\u00bb\u00bb][vc_column_text css=\u00bb\u00bb]<\/p>\n<h4 style=\"text-align: center; font-weight: normal;\">Educomunicaci\u00f3n<\/h4>\n<p align=\"center\"><strong>Vidalina Campos<\/strong><\/p>\n<p align=\"center\"><a href=\"mailto:v.campos@feyalegria.edu.ve\">v.campos@feyalegria.edu.ve<\/a><\/p>\n<p>[\/vc_column_text][vc_btn title=\u00bbVer m\u00e1s\u00bb style=\u00bbcustom\u00bb custom_background=\u00bb#d10a10&#8243; custom_text=\u00bb#ffffff\u00bb size=\u00bbsm\u00bb align=\u00bbcenter\u00bb link=\u00bburl:https%3A%2F%2Fwww.feyalegria.org%2Fvenezuela%2Fdirectorio-fe-y-alegria-educomunicacion%2F\u00bb][\/vc_column_inner][vc_column_inner width=\u00bb1\/4&#8243;][vc_single_image image=\u00bb4251&#8243; alignment=\u00bbcenter\u00bb style=\u00bbvc_box_border\u00bb][vc_column_text]<\/p>\n<h4 style=\"text-align: center; font-weight: normal;\">Capacitaci\u00f3n<\/h4>\n<p style=\"text-align: center;\" align=\"center\"><strong>Sandra Chac\u00f3n<\/strong><\/p>\n<p style=\"text-align: center;\" align=\"center\"><a href=\"mailto:s.chacon@feyalegria.edu.ve\" target=\"_blank\" rel=\"noopener noreferrer\">s.chacon@feyalegria.edu.ve<\/a><\/p>\n<p>[\/vc_column_text][vc_btn title=\u00bbVer m\u00e1s\u00bb style=\u00bbcustom\u00bb custom_background=\u00bb#d10a10&#8243; custom_text=\u00bb#ffffff\u00bb size=\u00bbsm\u00bb align=\u00bbcenter\u00bb link=\u00bburl:https%3A%2F%2Fwww.feyalegria.org%2Fvenezuela%2Fdirectorio-fe-y-alegria-capacitacion%2F\u00bb][\/vc_column_inner][vc_column_inner width=\u00bb1\/4&#8243;][vc_single_image image=\u00bb10998&#8243; alignment=\u00bbcenter\u00bb style=\u00bbvc_box_border\u00bb css=\u00bb\u00bb][vc_column_text css=\u00bb\u00bb]<\/p>\n<h4 style=\"text-align: center; font-weight: normal;\">Institutos Universitarios<\/h4>\n<p align=\"center\"><strong>Eloy Rivas, S.J.<\/strong><\/p>\n<p style=\"text-align: center;\"><a href=\"mailto:deurectoria@iujo.edu.ve\">deurectoria@iujo.edu.ve<\/a><\/p>\n<p>[\/vc_column_text][vc_btn title=\u00bbVer m\u00e1s\u00bb style=\u00bbcustom\u00bb custom_background=\u00bb#d10a10&#8243; custom_text=\u00bb#ffffff\u00bb size=\u00bbsm\u00bb align=\u00bbcenter\u00bb link=\u00bburl:https%3A%2F%2Fwww.feyalegria.org%2Fvenezuela%2Fdirectorio-fe-y-alegria-universidad%2F\u00bb][\/vc_column_inner][\/vc_row_inner][\/vc_column][\/vc_row][vc_row][vc_column]<div style=\"background-color:;height: 70px\" class=\"nicdark_section  \"><\/div>[\/vc_column][\/vc_row]<\/p>\n<\/div>","protected":false},"excerpt":{"rendered":"<p>[vc_row full_width=\u00bbstretch_row_content\u00bb][vc_column][vc_single_image image=\u00bb5138&#8243; img_size=\u00bbfull\u00bb alignment=\u00bbcenter\u00bb][\/vc_column][\/vc_row][vc_row][vc_column][vc_column_text] Directorio [\/vc_column_text][vc_column_text] Direcci\u00f3n General [\/vc_column_text][\/vc_column][\/vc_row][vc_row][vc_column width=\u00bb1\/3&#8243;][vc_single_image image=\u00bb4246&#8243; alignment=\u00bbcenter\u00bb style=\u00bbvc_box_border\u00bb][vc_column_text] Director General Jos\u00e9 Gregorio Ter\u00e1n, S.J. ve.director@feyalegria.org [\/vc_column_text][\/vc_column][vc_column width=\u00bb1\/3&#8243;][vc_single_image image=\u00bb10998&#8243; alignment=\u00bbcenter\u00bb style=\u00bbvc_box_border\u00bb css=\u00bb\u00bb][vc_column_text css=\u00bb\u00bb] Subdirector General Eloy Rivas, S.J. ve.subdirector@feyalegria.org [\/vc_column_text][\/vc_column][vc_column width=\u00bb1\/3&#8243;][vc_single_image image=\u00bb11004&#8243; alignment=\u00bbcenter\u00bb style=\u00bbvc_box_border\u00bb css=\u00bb\u00bb][vc_column_text css=\u00bb\u00bb] Director de Financiamiento Luis S\u00e1nchez l.sanchez@feyalegria.edu.ve [\/vc_column_text][\/vc_column][\/vc_row][vc_row][vc_column][\/vc_column][\/vc_row][vc_row][vc_column width=\u00bb1\/4&#8243;][vc_single_image image=\u00bb4248&#8243; alignment=\u00bbcenter\u00bb style=\u00bbvc_box_border\u00bb][vc_column_text] Servicios Fe y<\/p>\n","protected":false},"author":6,"featured_media":0,"parent":0,"menu_order":0,"comment_status":"closed","ping_status":"closed","template":"","meta":{"_acf_changed":false,"footnotes":""},"folder":[],"class_list":["post-29","page","type-page","status-publish","hentry"],"acf":[],"yoast_head":"<!-- This site is optimized with the Yoast SEO plugin v27.2 - https:\/\/yoast.com\/product\/yoast-seo-wordpress\/ -->\n<title>Directorio - Fe y Alegr\u00eda en Venezuela<\/title>\n<meta name=\"robots\" content=\"index, follow, max-snippet:-1, max-image-preview:large, max-video-preview:-1\" \/>\n<link rel=\"canonical\" href=\"https:\/\/www.feyalegria.org\/venezuela\/directorio\/\" \/>\n<meta property=\"og:locale\" content=\"es_ES\" \/>\n<meta property=\"og:type\" content=\"article\" \/>\n<meta property=\"og:title\" content=\"Directorio - Fe y Alegr\u00eda en Venezuela\" \/>\n<meta property=\"og:description\" content=\"[vc_row full_width=\u00bbstretch_row_content\u00bb][vc_column][vc_single_image image=\u00bb5138&#8243; img_size=\u00bbfull\u00bb alignment=\u00bbcenter\u00bb][\/vc_column][\/vc_row][vc_row][vc_column][vc_column_text] Directorio [\/vc_column_text][vc_column_text] Direcci\u00f3n General [\/vc_column_text][\/vc_column][\/vc_row][vc_row][vc_column width=\u00bb1\/3&#8243;][vc_single_image image=\u00bb4246&#8243; alignment=\u00bbcenter\u00bb style=\u00bbvc_box_border\u00bb][vc_column_text] Director General Jos\u00e9 Gregorio Ter\u00e1n, S.J. ve.director@feyalegria.org [\/vc_column_text][\/vc_column][vc_column width=\u00bb1\/3&#8243;][vc_single_image image=\u00bb10998&#8243; alignment=\u00bbcenter\u00bb style=\u00bbvc_box_border\u00bb css=\u00bb\u00bb][vc_column_text css=\u00bb\u00bb] Subdirector General Eloy Rivas, S.J. ve.subdirector@feyalegria.org [\/vc_column_text][\/vc_column][vc_column width=\u00bb1\/3&#8243;][vc_single_image image=\u00bb11004&#8243; alignment=\u00bbcenter\u00bb style=\u00bbvc_box_border\u00bb css=\u00bb\u00bb][vc_column_text css=\u00bb\u00bb] Director de Financiamiento Luis S\u00e1nchez l.sanchez@feyalegria.edu.ve [\/vc_column_text][\/vc_column][\/vc_row][vc_row][vc_column][\/vc_column][\/vc_row][vc_row][vc_column width=\u00bb1\/4&#8243;][vc_single_image image=\u00bb4248&#8243; alignment=\u00bbcenter\u00bb style=\u00bbvc_box_border\u00bb][vc_column_text] Servicios Fe y\" \/>\n<meta property=\"og:url\" content=\"https:\/\/www.feyalegria.org\/venezuela\/directorio\/\" \/>\n<meta property=\"og:site_name\" content=\"Fe y Alegr\u00eda en Venezuela\" \/>\n<meta property=\"article:modified_time\" content=\"2025-11-24T20:38:34+00:00\" \/>\n<meta name=\"twitter:card\" content=\"summary_large_image\" \/>\n<meta name=\"twitter:label1\" content=\"Tiempo de lectura\" \/>\n\t<meta name=\"twitter:data1\" content=\"4 minutos\" \/>\n<script type=\"application\/ld+json\" class=\"yoast-schema-graph\">{\"@context\":\"https:\/\/schema.org\",\"@graph\":[{\"@type\":\"WebPage\",\"@id\":\"https:\/\/www.feyalegria.org\/venezuela\/directorio\/\",\"url\":\"https:\/\/www.feyalegria.org\/venezuela\/directorio\/\",\"name\":\"Directorio - Fe y Alegr\u00eda en Venezuela\",\"isPartOf\":{\"@id\":\"https:\/\/www.feyalegria.org\/venezuela\/#website\"},\"datePublished\":\"2020-01-20T19:38:07+00:00\",\"dateModified\":\"2025-11-24T20:38:34+00:00\",\"inLanguage\":\"es\",\"potentialAction\":[{\"@type\":\"ReadAction\",\"target\":[\"https:\/\/www.feyalegria.org\/venezuela\/directorio\/\"]}]},{\"@type\":\"WebSite\",\"@id\":\"https:\/\/www.feyalegria.org\/venezuela\/#website\",\"url\":\"https:\/\/www.feyalegria.org\/venezuela\/\",\"name\":\"Fe y Alegr\u00eda en Venezuela\",\"description\":\"\",\"potentialAction\":[{\"@type\":\"SearchAction\",\"target\":{\"@type\":\"EntryPoint\",\"urlTemplate\":\"https:\/\/www.feyalegria.org\/venezuela\/?s={search_term_string}\"},\"query-input\":{\"@type\":\"PropertyValueSpecification\",\"valueRequired\":true,\"valueName\":\"search_term_string\"}}],\"inLanguage\":\"es\"}]}<\/script>\n<!-- \/ Yoast SEO plugin. -->","yoast_head_json":{"title":"Directorio - Fe y Alegr\u00eda en Venezuela","robots":{"index":"index","follow":"follow","max-snippet":"max-snippet:-1","max-image-preview":"max-image-preview:large","max-video-preview":"max-video-preview:-1"},"canonical":"https:\/\/www.feyalegria.org\/venezuela\/directorio\/","og_locale":"es_ES","og_type":"article","og_title":"Directorio - Fe y Alegr\u00eda en Venezuela","og_description":"[vc_row full_width=\u00bbstretch_row_content\u00bb][vc_column][vc_single_image image=\u00bb5138&#8243; img_size=\u00bbfull\u00bb alignment=\u00bbcenter\u00bb][\/vc_column][\/vc_row][vc_row][vc_column][vc_column_text] Directorio [\/vc_column_text][vc_column_text] Direcci\u00f3n General [\/vc_column_text][\/vc_column][\/vc_row][vc_row][vc_column width=\u00bb1\/3&#8243;][vc_single_image image=\u00bb4246&#8243; alignment=\u00bbcenter\u00bb style=\u00bbvc_box_border\u00bb][vc_column_text] Director General Jos\u00e9 Gregorio Ter\u00e1n, S.J. ve.director@feyalegria.org [\/vc_column_text][\/vc_column][vc_column width=\u00bb1\/3&#8243;][vc_single_image image=\u00bb10998&#8243; alignment=\u00bbcenter\u00bb style=\u00bbvc_box_border\u00bb css=\u00bb\u00bb][vc_column_text css=\u00bb\u00bb] Subdirector General Eloy Rivas, S.J. ve.subdirector@feyalegria.org [\/vc_column_text][\/vc_column][vc_column width=\u00bb1\/3&#8243;][vc_single_image image=\u00bb11004&#8243; alignment=\u00bbcenter\u00bb style=\u00bbvc_box_border\u00bb css=\u00bb\u00bb][vc_column_text css=\u00bb\u00bb] Director de Financiamiento Luis S\u00e1nchez l.sanchez@feyalegria.edu.ve [\/vc_column_text][\/vc_column][\/vc_row][vc_row][vc_column][\/vc_column][\/vc_row][vc_row][vc_column width=\u00bb1\/4&#8243;][vc_single_image image=\u00bb4248&#8243; alignment=\u00bbcenter\u00bb style=\u00bbvc_box_border\u00bb][vc_column_text] Servicios Fe y","og_url":"https:\/\/www.feyalegria.org\/venezuela\/directorio\/","og_site_name":"Fe y Alegr\u00eda en Venezuela","article_modified_time":"2025-11-24T20:38:34+00:00","twitter_card":"summary_large_image","twitter_misc":{"Tiempo de lectura":"4 minutos"},"schema":{"@context":"https:\/\/schema.org","@graph":[{"@type":"WebPage","@id":"https:\/\/www.feyalegria.org\/venezuela\/directorio\/","url":"https:\/\/www.feyalegria.org\/venezuela\/directorio\/","name":"Directorio - Fe y Alegr\u00eda en Venezuela","isPartOf":{"@id":"https:\/\/www.feyalegria.org\/venezuela\/#website"},"datePublished":"2020-01-20T19:38:07+00:00","dateModified":"2025-11-24T20:38:34+00:00","inLanguage":"es","potentialAction":[{"@type":"ReadAction","target":["https:\/\/www.feyalegria.org\/venezuela\/directorio\/"]}]},{"@type":"WebSite","@id":"https:\/\/www.feyalegria.org\/venezuela\/#website","url":"https:\/\/www.feyalegria.org\/venezuela\/","name":"Fe y Alegr\u00eda en Venezuela","description":"","potentialAction":[{"@type":"SearchAction","target":{"@type":"EntryPoint","urlTemplate":"https:\/\/www.feyalegria.org\/venezuela\/?s={search_term_string}"},"query-input":{"@type":"PropertyValueSpecification","valueRequired":true,"valueName":"search_term_string"}}],"inLanguage":"es"}]}},"_links":{"self":[{"href":"https:\/\/www.feyalegria.org\/venezuela\/wp-json\/wp\/v2\/pages\/29","targetHints":{"allow":["GET"]}}],"collection":[{"href":"https:\/\/www.feyalegria.org\/venezuela\/wp-json\/wp\/v2\/pages"}],"about":[{"href":"https:\/\/www.feyalegria.org\/venezuela\/wp-json\/wp\/v2\/types\/page"}],"author":[{"embeddable":true,"href":"https:\/\/www.feyalegria.org\/venezuela\/wp-json\/wp\/v2\/users\/6"}],"replies":[{"embeddable":true,"href":"https:\/\/www.feyalegria.org\/venezuela\/wp-json\/wp\/v2\/comments?post=29"}],"version-history":[{"count":10,"href":"https:\/\/www.feyalegria.org\/venezuela\/wp-json\/wp\/v2\/pages\/29\/revisions"}],"predecessor-version":[{"id":11741,"href":"https:\/\/www.feyalegria.org\/venezuela\/wp-json\/wp\/v2\/pages\/29\/revisions\/11741"}],"wp:attachment":[{"href":"https:\/\/www.feyalegria.org\/venezuela\/wp-json\/wp\/v2\/media?parent=29"}],"wp:term":[{"taxonomy":"folder","embeddable":true,"href":"https:\/\/www.feyalegria.org\/venezuela\/wp-json\/wp\/v2\/folder?post=29"}],"curies":[{"name":"wp","href":"https:\/\/api.w.org\/{rel}","templated":true}]}}