 {"id":4138,"date":"2023-11-17T13:46:26","date_gmt":"2023-11-17T13:46:26","guid":{"rendered":"https:\/\/www.feyalegria.org\/venezuela\/?page_id=4138"},"modified":"2025-11-24T20:40:06","modified_gmt":"2025-11-24T20:40:06","slug":"directorio-fe-y-alegria-educomunicacion","status":"publish","type":"page","link":"https:\/\/www.feyalegria.org\/venezuela\/directorio-fe-y-alegria-educomunicacion\/","title":{"rendered":"Directorio Fe y Alegr\u00eda Educomunicaci\u00f3n"},"content":{"rendered":"<div class=\"wpb-content-wrapper\"><p>[vc_row full_width=\u00bbstretch_row_content\u00bb][vc_column][vc_single_image image=\u00bb5209&#8243; img_size=\u00bbfull\u00bb alignment=\u00bbcenter\u00bb][\/vc_column][\/vc_row][vc_row][vc_column]<div style=\"background-color:;height: 50px\" class=\"nicdark_section  \"><\/div>[vc_column_text]<\/p>\n<h1>Directorio Fe y Alegr\u00eda Educomunicaci\u00f3n<\/h1>\n<p>[\/vc_column_text]<div style=\"background-color:;height: 50px\" class=\"nicdark_section  \"><\/div>[vc_column_text]<\/p>\n<h2 style=\"text-align: center; font-weight: normal;\">Direcci\u00f3n Nacional<\/h2>\n<p>[\/vc_column_text]<div style=\"background-color:;height: 20px\" class=\"nicdark_section  \"><\/div>[\/vc_column][\/vc_row][vc_row][vc_column width=\u00bb1\/6&#8243;][vc_single_image image=\u00bb11278&#8243; alignment=\u00bbcenter\u00bb style=\u00bbvc_box_border\u00bb css=\u00bb\u00bb][\/vc_column][vc_column width=\u00bb1\/6&#8243;][vc_column_text css=\u00bb.vc_custom_1764016778464{margin-top: 60px !important;margin-left: -15px !important;}\u00bb]<\/p>\n<h4 style=\"font-weight: normal; text-align: left;\">Directora<\/h4>\n<p style=\"text-align: left;\" align=\"center\"><strong>Vidalina Campos<\/strong><br \/>\n<a href=\"mailto:v.campos@feyalegria.edu.ve\">v.campos@feyalegria.edu.ve<\/a><\/p>\n<p>[\/vc_column_text][\/vc_column][vc_column width=\u00bb1\/6&#8243;][\/vc_column][vc_column width=\u00bb1\/2&#8243; css=\u00bb.vc_custom_1700228093811{background-color: rgba(228,228,228,0.5) !important;*background-color: rgb(228,228,228) !important;border-radius: 5px !important;}\u00bb][vc_column_text css=\u00bb.vc_custom_1701983096989{padding-top: 10px !important;padding-bottom: 0px !important;padding-left: 0px !important;}\u00bb]<img loading=\"lazy\" decoding=\"async\" class=\"size-full wp-image-4132 alignleft\" src=\"https:\/\/www.feyalegria.org\/wp-content\/uploads\/sites\/4\/2023\/11\/5-2.png\" alt=\"\" width=\"80\" height=\"80\" \/><\/p>\n<p style=\"text-align: left;\" align=\"center\">Casa N\u00b0 168 B, entre calles Miguel Otero Silva y 2da. calle sur. El Tigre, estado Anzo\u00e1tegui.<br \/>\nTel\u00e9fono: (0283) 231 6330<\/p>\n<p>[\/vc_column_text][\/vc_column][\/vc_row][vc_row][vc_column]<div style=\"background-color:;height: 60px\" class=\"nicdark_section  \"><\/div>[vc_column_text]<\/p>\n<h3 style=\"font-weight: normal; text-align: left;\">Subdirecciones<\/h3>\n<p>[\/vc_column_text]<div style=\"background-color:;height: 20px\" class=\"nicdark_section  \"><\/div>[\/vc_column][\/vc_row][vc_row][vc_column][vc_row_inner][vc_column_inner width=\u00bb1\/4&#8243;][vc_column_text css=\u00bb\u00bb]<\/p>\n<div class=\"wpb_text_column wpb_content_element \">\n<div class=\"wpb_wrapper\">\n<h4 style=\"font-weight: normal; text-align: left;\">Pedagog\u00eda<\/h4>\n<p>&nbsp;<\/p>\n<p style=\"text-align: left;\" align=\"center\"><strong>Carlos Ala\u00f1a<\/strong><\/p>\n<p><a href=\"mailto:c.alana@feyalegria.net\">c.alana@feyalegria.net<\/a><\/p>\n<\/div>\n<\/div>\n<div class=\"vc_separator wpb_content_element vc_separator_align_center vc_sep_width_50 vc_sep_shadow vc_sep_pos_align_center vc_separator_no_text vc_sep_color_mulled_wine\"><\/div>\n<p>[\/vc_column_text][\/vc_column_inner][vc_column_inner width=\u00bb1\/4&#8243;][vc_column_text css=\u00bb\u00bb]<\/p>\n<div class=\"wpb_text_column wpb_content_element \">\n<div class=\"wpb_wrapper\">\n<h4 style=\"font-weight: normal; text-align: left;\">Comunicaciones<\/h4>\n<p>&nbsp;<\/p>\n<p style=\"text-align: left;\" align=\"center\"><strong>Wirmelis Villalobos<\/strong><\/p>\n<p><a href=\"mailto:w.villalobos@feyalegria.net\">w.villalobos@feyalegria.net<\/a><\/p>\n<\/div>\n<\/div>\n<p>[\/vc_column_text][\/vc_column_inner][vc_column_inner width=\u00bb1\/4&#8243;][vc_column_text css=\u00bb\u00bb]<\/p>\n<div class=\"wpb_text_column wpb_content_element \">\n<div class=\"wpb_wrapper\">\n<h4 style=\"font-weight: normal; text-align: left;\">Administraci\u00f3n<\/h4>\n<p>&nbsp;<\/p>\n<p style=\"text-align: left;\" align=\"center\"><strong>Dora D\u00edaz<\/strong><\/p>\n<p><a href=\"mailto:d.diaz@feyalegria.net\">d.diaz@feyalegria.net<\/a><\/p>\n<\/div>\n<\/div>\n<div class=\"vc_separator wpb_content_element vc_separator_align_center vc_sep_width_50 vc_sep_shadow vc_sep_pos_align_center vc_separator_no_text vc_sep_color_mulled_wine\"><\/div>\n<p>[\/vc_column_text][\/vc_column_inner][vc_column_inner width=\u00bb1\/4&#8243;][vc_column_text css=\u00bb\u00bb]<\/p>\n<div class=\"wpb_text_column wpb_content_element \">\n<div class=\"wpb_wrapper\">\n<h4 style=\"font-weight: normal; text-align: left;\">Formaci\u00f3n y Pastoral<\/h4>\n<p>&nbsp;<\/p>\n<p style=\"text-align: left;\" align=\"center\"><strong>Mar\u00eda Eugenia Escalenta<\/strong><\/p>\n<p><a href=\"mailto:e.osorio@feyalegria.net\">e.osorio@feyalegria.net<\/a><\/p>\n<\/div>\n<\/div>\n<div class=\"vc_separator wpb_content_element vc_separator_align_center vc_sep_width_50 vc_sep_shadow vc_sep_pos_align_center vc_separator_no_text vc_sep_color_mulled_wine\" style=\"text-align: left;\"><\/div>\n<p>[\/vc_column_text][\/vc_column_inner][\/vc_row_inner]<div style=\"background-color:;height: 20px\" class=\"nicdark_section  \"><\/div>[vc_column_text]<\/p>\n<h3 style=\"font-weight: normal; text-align: left;\">Proyectos y Planificaci\u00f3n<\/h3>\n<p>[\/vc_column_text]<div style=\"background-color:;height: 20px\" class=\"nicdark_section  \"><\/div>[vc_row_inner][vc_column_inner width=\u00bb1\/3&#8243;][vc_column_text css=\u00bb\u00bb]<\/p>\n<div class=\"wpb_text_column wpb_content_element \">\n<div class=\"wpb_wrapper\">\n<h4 style=\"font-weight: normal; text-align: left;\">Coordinaci\u00f3n de Proyectos<\/h4>\n<p>&nbsp;<\/p>\n<p style=\"text-align: left;\" align=\"center\"><strong>Doris Falc\u00f3n<\/strong><\/p>\n<p><a href=\"mailto:doris.falcon@feyalegria.net\">doris.falcon@feyalegria.net<\/a><\/p>\n<\/div>\n<\/div>\n<div class=\"vc_separator wpb_content_element vc_separator_align_center vc_sep_width_50 vc_sep_shadow vc_sep_pos_align_center vc_separator_no_text vc_sep_color_mulled_wine\"><\/div>\n<p>[\/vc_column_text][\/vc_column_inner][vc_column_inner width=\u00bb1\/3&#8243;][vc_column_text css=\u00bb\u00bb]<\/p>\n<div class=\"wpb_text_column wpb_content_element \">\n<div class=\"wpb_wrapper\">\n<h4 style=\"font-weight: normal; text-align: left;\">Administraci\u00f3n de Proyectos<\/h4>\n<p>&nbsp;<\/p>\n<p style=\"text-align: left;\" align=\"center\"><strong>Nahir Cabrera<\/strong><\/p>\n<p style=\"text-align: left;\" align=\"center\"><a href=\"mailto:n.cabrera@feyalegria.net\">\u00a0n.cabrera@feyalegria.net<\/a><\/p>\n<p align=\"center\">\n<\/div>\n<\/div>\n<p>[\/vc_column_text][\/vc_column_inner][vc_column_inner width=\u00bb1\/3&#8243;][\/vc_column_inner][\/vc_row_inner][\/vc_column][\/vc_row][vc_row full_width=\u00bbstretch_row_content\u00bb enable_first_overlay=\u00bbtrue\u00bb first_overlay_opacity=\u00bb25&#8243; first_background_color=\u00bb#e4e4e4&#8243;][vc_column]<div style=\"background-color:;height: 50px\" class=\"nicdark_section  \"><\/div>[vc_column_text]<\/p>\n<h2 style=\"text-align: center; font-weight: normal;\">Direcciones regionales<\/h2>\n<p>[\/vc_column_text]<div style=\"background-color:;height: 30px\" class=\"nicdark_section  \"><\/div>[vc_row_inner css=\u00bb.vc_custom_1700232258517{margin-right: 100px !important;margin-left: 100px !important;}\u00bb][vc_column_inner width=\u00bb1\/3&#8243;][vc_column_text css=\u00bb\u00bb]<\/p>\n<h4 style=\"text-align: left;\">Andes &#8211; Frontera<\/h4>\n<p>&nbsp;<\/p>\n<p><strong>Juxi Santos<\/strong><\/p>\n<p><span style=\"font-weight: 400;\">Avenida 4 entre calles 18 y 19,<\/span><\/p>\n<p><span style=\"font-weight: 400;\">casa n\u00famero 18-15, M\u00e9rida,<\/span><\/p>\n<p><span style=\"font-weight: 400;\">estado M\u00e9rida<\/span><\/p>\n<p><span style=\"font-weight: 400;\">(0274) 251 0247<\/span><\/p>\n<p><a href=\"mailto:j.santos@feyalegria.net\">j.santos@feyalegria.net<\/a><\/p>\n<div class=\"vc_separator wpb_content_element vc_separator_align_center vc_sep_width_50 vc_sep_shadow vc_sep_pos_align_center vc_separator_no_text vc_sep_color_mulled_wine vc_custom_1596330297518 vc_custom_1596330297518\"><\/div>\n<p>[\/vc_column_text][\/vc_column_inner][vc_column_inner width=\u00bb1\/3&#8243;][vc_column_text css=\u00bb\u00bb]<\/p>\n<h4 style=\"text-align: left;\">Central<\/h4>\n<p>&nbsp;<\/p>\n<div class=\"wpb_text_column wpb_content_element vc_custom_1601770662699\">\n<div class=\"wpb_wrapper\">\n<p style=\"text-align: left;\" align=\"center\"><strong>Mar\u00eda Caffroni<\/strong><\/p>\n<p><span style=\"font-weight: 400;\">Urb. Nueva Esparta, Calle 182,<\/span><\/p>\n<p><span style=\"font-weight: 400;\">Casa N\u00b0 103-26, Naguanagua, Valencia, <\/span><\/p>\n<p><span style=\"font-weight: 400;\">estado Carabobo<\/span><\/p>\n<p><span style=\"font-weight: 400;\">(0241) 868 3177<\/span><\/p>\n<p><a href=\"mailto:m.caffroni@feyalegria.net\">m.caffroni@feyalegria.net<\/a><\/p>\n<\/div>\n<\/div>\n<div class=\"vc_separator wpb_content_element vc_separator_align_center vc_sep_width_50 vc_sep_shadow vc_sep_pos_align_center vc_separator_no_text vc_sep_color_mulled_wine\"><\/div>\n<div class=\"vc_separator wpb_content_element vc_separator_align_center vc_sep_width_50 vc_sep_shadow vc_sep_pos_align_center vc_separator_no_text vc_sep_color_mulled_wine vc_custom_1596330297518 vc_custom_1596330297518\"><\/div>\n<p>[\/vc_column_text][\/vc_column_inner][vc_column_inner width=\u00bb1\/3&#8243;][vc_column_text css=\u00bb\u00bb]<\/p>\n<h4 style=\"text-align: left;\">Gran Caracas<\/h4>\n<p>&nbsp;<\/p>\n<p><strong>Zulma Osuna<\/strong><\/p>\n<p>Esquina Luneta, Parroquia Altagracia,<\/p>\n<p>Edif. Centro Valores, PB. Caracas.<\/p>\n<p>Distrito Capital<\/p>\n<p>(0212) 564 8998 \/ 563 1018<\/p>\n<p><a href=\"mailto:z.osuna@feyalegria.net\">z.osuna@feyalegria.net<\/a><\/p>\n<div class=\"vc_separator wpb_content_element vc_separator_align_center vc_sep_width_50 vc_sep_shadow vc_sep_pos_align_center vc_separator_no_text vc_sep_color_mulled_wine vc_custom_1596330297518 vc_custom_1596330297518\">\n<div class=\"wpb_text_column wpb_content_element vc_custom_1699370357889\">\n<div class=\"wpb_wrapper\">\n<p style=\"text-align: left;\" align=\"center\">\n<\/div>\n<\/div>\n<div class=\"vc_separator wpb_content_element vc_separator_align_center vc_sep_width_50 vc_sep_shadow vc_sep_pos_align_center vc_separator_no_text vc_sep_color_mulled_wine\" style=\"text-align: left;\"><\/div>\n<\/div>\n<p>[\/vc_column_text][\/vc_column_inner][\/vc_row_inner][vc_row_inner css=\u00bb.vc_custom_1700232299465{margin-right: 100px !important;margin-left: 100px !important;}\u00bb][vc_column_inner width=\u00bb1\/3&#8243;][vc_column_text css=\u00bb\u00bb]<\/p>\n<h4 style=\"text-align: left;\">Guayana<\/h4>\n<p>&nbsp;<\/p>\n<p><strong>Francisco P\u00e9rez<\/strong><\/p>\n<p><span style=\"font-weight: 400;\">Urb. Mendoza. Calle Matur\u00edn unidad<\/span><\/p>\n<p><span style=\"font-weight: 400;\">vecinal n\u00ba6, detr\u00e1s del colegio Fe<\/span><\/p>\n<p><span style=\"font-weight: 400;\">y Alegr\u00eda, Puerto Ordaz, estado Bol\u00edvar<\/span><\/p>\n<p><span style=\"font-weight: 400;\">(0286) 923 8866<\/span><\/p>\n<p><a href=\"mailto:p.perez@feyalegria.net\">p.perez@feyalegria.net<\/a>[\/vc_column_text][\/vc_column_inner][vc_column_inner width=\u00bb1\/3&#8243;][vc_column_text css=\u00bb\u00bb]<\/p>\n<h4 style=\"text-align: left;\">Lara Llanos<\/h4>\n<p>&nbsp;<\/p>\n<p><strong>(E) Miller Alba<\/strong><\/p>\n<p><span style=\"font-weight: 400;\">Sector \u201cEl Tr\u00e1nsito\u201d, Calle 97 con Av.16,<\/span><\/p>\n<p><span style=\"font-weight: 400;\">15-39, Edificio Fe y Alegr\u00eda, piso 1<\/span><\/p>\n<p><span style=\"font-weight: 400;\">Maracaibo, estado Zulia<\/span><\/p>\n<p><span style=\"font-weight: 400;\">(0261) 723 4215 \/ 729 0443<\/span><\/p>\n<p><a href=\"mailto:m.alba@feyalegria.net\">m.alba@feyalegria.net<\/a>[\/vc_column_text][\/vc_column_inner][vc_column_inner width=\u00bb1\/3&#8243;][vc_column_text css=\u00bb\u00bb]<\/p>\n<h4 style=\"text-align: left;\">Occidente<\/h4>\n<p>&nbsp;<\/p>\n<p><strong>Miller Alba<\/strong><\/p>\n<p><span style=\"font-weight: 400;\">Sector \u201cEl Tr\u00e1nsito\u201d, Calle 97 con Av.16,<\/span><\/p>\n<p><span style=\"font-weight: 400;\">15-39, Edificio Fe y Alegr\u00eda, piso 1<\/span><\/p>\n<p><span style=\"font-weight: 400;\">Maracaibo, estado Zulia<\/span><\/p>\n<p><span style=\"font-weight: 400;\">(0261) 723 4215 \/ 729 0443<\/span><\/p>\n<p><a href=\"mailto:m.alba@feyalegria.net\">m.alba@feyalegria.net<\/a>[\/vc_column_text][\/vc_column_inner][\/vc_row_inner]<div style=\"background-color:;height: 30px\" class=\"nicdark_section  \"><\/div>[vc_row_inner css=\u00bb.vc_custom_1700232371812{margin-right: 100px !important;margin-left: 100px !important;}\u00bb][vc_column_inner width=\u00bb1\/3&#8243;][\/vc_column_inner][vc_column_inner width=\u00bb1\/3&#8243;][vc_column_text css=\u00bb\u00bb]<\/p>\n<h4 style=\"text-align: left;\">Oriente<\/h4>\n<p>&nbsp;<\/p>\n<div class=\"wpb_text_column wpb_content_element vc_custom_1601770662699\">\n<div class=\"wpb_wrapper\">\n<p><strong>Yolmer Mesa<\/strong><\/p>\n<p>Av. Libertador, Sector Guarura 2,<br \/>\ncruce con calle Guarura.<br \/>\nEdif. Fe y Alegr\u00eda. Piso 1.<br \/>\nMatur\u00edn, estado Monagas.<\/p>\n<p><span style=\"font-weight: 400;\">(0283) 231 5005 \/ 231 0935<\/span><\/p>\n<p><a href=\"mailto:y.mesa@feyalegria.net\">y.mesa@feyalegria.net<\/a><\/p>\n<\/div>\n<\/div>\n<div class=\"vc_separator wpb_content_element vc_separator_align_center vc_sep_width_50 vc_sep_shadow vc_sep_pos_align_center vc_separator_no_text vc_sep_color_mulled_wine vc_custom_1596330297518 vc_custom_1596330297518\"><\/div>\n<p>[\/vc_column_text][\/vc_column_inner][vc_column_inner width=\u00bb1\/3&#8243;][\/vc_column_inner][\/vc_row_inner][vc_row_inner][vc_column_inner width=\u00bb1\/3&#8243;][\/vc_column_inner][vc_column_inner width=\u00bb1\/3&#8243;]<a href=\"https:\/\/www.feyalegria.org\/venezuela\/directorio-educomunicacion-por-estados\" target=\"_blank\" title=\"Educomunicaci\u00f3n por estados\"  data-id=\"mpc_button-1969ef7a7d81b70\" class=\"mpc-button mpc-init mpc-transition mpc-typography--default mpc-display--block \" ><div class=\"mpc-button__content mpc-effect-type--stay mpc-effect-side--left\"><i class=\"mpc-button__icon mpc-transition  eti eti_pin\"><\/i><span class=\"mpc-button__title mpc-transition\">Directorio Educomunicaci\u00f3n por estados<\/span><\/div><div class=\"mpc-button__background mpc-transition mpc-effect-type--fade mpc-effect-side--in\"><\/div><\/a>[\/vc_column_inner][vc_column_inner width=\u00bb1\/3&#8243;][\/vc_column_inner][\/vc_row_inner][\/vc_column][\/vc_row][vc_row][vc_column]<div style=\"background-color:;height: 20px\" class=\"nicdark_section  \"><\/div>[vc_btn title=\u00bbVolver al Directorio\u00bb style=\u00bbcustom\u00bb custom_background=\u00bb#d10a10&#8243; custom_text=\u00bb#ffffff\u00bb align=\u00bbright\u00bb link=\u00bburl:https%3A%2F%2Fwww.feyalegria.org%2Fvenezuela%2Fdirectorio%2F\u00bb]<div style=\"background-color:;height: 20px\" class=\"nicdark_section  \"><\/div>[\/vc_column][\/vc_row]<\/p>\n<\/div>","protected":false},"excerpt":{"rendered":"<p>[vc_row full_width=\u00bbstretch_row_content\u00bb][vc_column][vc_single_image image=\u00bb5209&#8243; img_size=\u00bbfull\u00bb alignment=\u00bbcenter\u00bb][\/vc_column][\/vc_row][vc_row][vc_column][vc_column_text] Directorio Fe y Alegr\u00eda Educomunicaci\u00f3n [\/vc_column_text][vc_column_text] Direcci\u00f3n Nacional [\/vc_column_text][\/vc_column][\/vc_row][vc_row][vc_column width=\u00bb1\/6&#8243;][vc_single_image image=\u00bb11278&#8243; alignment=\u00bbcenter\u00bb style=\u00bbvc_box_border\u00bb css=\u00bb\u00bb][\/vc_column][vc_column width=\u00bb1\/6&#8243;][vc_column_text css=\u00bb.vc_custom_1764016778464{margin-top: 60px !important;margin-left: -15px !important;}\u00bb] Directora Vidalina Campos v.campos@feyalegria.edu.ve [\/vc_column_text][\/vc_column][vc_column width=\u00bb1\/6&#8243;][\/vc_column][vc_column width=\u00bb1\/2&#8243; css=\u00bb.vc_custom_1700228093811{background-color: rgba(228,228,228,0.5) !important;*background-color: rgb(228,228,228) !important;border-radius: 5px !important;}\u00bb][vc_column_text css=\u00bb.vc_custom_1701983096989{padding-top: 10px !important;padding-bottom: 0px !important;padding-left: 0px !important;}\u00bb] Casa N\u00b0 168 B, entre calles Miguel Otero Silva<\/p>\n","protected":false},"author":6,"featured_media":0,"parent":0,"menu_order":0,"comment_status":"closed","ping_status":"closed","template":"","meta":{"_acf_changed":false,"footnotes":""},"folder":[],"class_list":["post-4138","page","type-page","status-publish","hentry"],"acf":[],"yoast_head":"<!-- This site is optimized with the Yoast SEO plugin v27.4 - https:\/\/yoast.com\/product\/yoast-seo-wordpress\/ -->\n<title>Directorio Fe y Alegr\u00eda Educomunicaci\u00f3n - Fe y Alegr\u00eda en Venezuela<\/title>\n<meta name=\"robots\" content=\"index, follow, max-snippet:-1, max-image-preview:large, max-video-preview:-1\" \/>\n<link rel=\"canonical\" href=\"https:\/\/www.feyalegria.org\/venezuela\/directorio-fe-y-alegria-educomunicacion\/\" \/>\n<meta property=\"og:locale\" content=\"es_ES\" \/>\n<meta property=\"og:type\" content=\"article\" \/>\n<meta property=\"og:title\" content=\"Directorio Fe y Alegr\u00eda Educomunicaci\u00f3n - Fe y Alegr\u00eda en Venezuela\" \/>\n<meta property=\"og:description\" content=\"[vc_row full_width=\u00bbstretch_row_content\u00bb][vc_column][vc_single_image image=\u00bb5209&#8243; img_size=\u00bbfull\u00bb alignment=\u00bbcenter\u00bb][\/vc_column][\/vc_row][vc_row][vc_column][vc_column_text] Directorio Fe y Alegr\u00eda Educomunicaci\u00f3n [\/vc_column_text][vc_column_text] Direcci\u00f3n Nacional [\/vc_column_text][\/vc_column][\/vc_row][vc_row][vc_column width=\u00bb1\/6&#8243;][vc_single_image image=\u00bb11278&#8243; alignment=\u00bbcenter\u00bb style=\u00bbvc_box_border\u00bb css=\u00bb\u00bb][\/vc_column][vc_column width=\u00bb1\/6&#8243;][vc_column_text css=\u00bb.vc_custom_1764016778464{margin-top: 60px !important;margin-left: -15px !important;}\u00bb] Directora Vidalina Campos v.campos@feyalegria.edu.ve [\/vc_column_text][\/vc_column][vc_column width=\u00bb1\/6&#8243;][\/vc_column][vc_column width=\u00bb1\/2&#8243; css=\u00bb.vc_custom_1700228093811{background-color: rgba(228,228,228,0.5) !important;*background-color: rgb(228,228,228) !important;border-radius: 5px !important;}\u00bb][vc_column_text css=\u00bb.vc_custom_1701983096989{padding-top: 10px !important;padding-bottom: 0px !important;padding-left: 0px !important;}\u00bb] Casa N\u00b0 168 B, entre calles Miguel Otero Silva\" \/>\n<meta property=\"og:url\" content=\"https:\/\/www.feyalegria.org\/venezuela\/directorio-fe-y-alegria-educomunicacion\/\" \/>\n<meta property=\"og:site_name\" content=\"Fe y Alegr\u00eda en Venezuela\" \/>\n<meta property=\"article:modified_time\" content=\"2025-11-24T20:40:06+00:00\" \/>\n<meta property=\"og:image\" content=\"https:\/\/d3pugrm67vf9n7.cloudfront.net\/wp-content\/uploads\/sites\/4\/2023\/11\/17115843\/5-2.png\" \/>\n\t<meta property=\"og:image:width\" content=\"80\" \/>\n\t<meta property=\"og:image:height\" content=\"80\" \/>\n\t<meta property=\"og:image:type\" content=\"image\/png\" \/>\n<meta name=\"twitter:card\" content=\"summary_large_image\" \/>\n<meta name=\"twitter:label1\" content=\"Tiempo de lectura\" \/>\n\t<meta name=\"twitter:data1\" content=\"2 minutos\" \/>\n<script type=\"application\/ld+json\" class=\"yoast-schema-graph\">{\"@context\":\"https:\\\/\\\/schema.org\",\"@graph\":[{\"@type\":\"WebPage\",\"@id\":\"https:\\\/\\\/www.feyalegria.org\\\/venezuela\\\/directorio-fe-y-alegria-educomunicacion\\\/\",\"url\":\"https:\\\/\\\/www.feyalegria.org\\\/venezuela\\\/directorio-fe-y-alegria-educomunicacion\\\/\",\"name\":\"Directorio Fe y Alegr\u00eda Educomunicaci\u00f3n - Fe y Alegr\u00eda en Venezuela\",\"isPartOf\":{\"@id\":\"https:\\\/\\\/www.feyalegria.org\\\/venezuela\\\/#website\"},\"primaryImageOfPage\":{\"@id\":\"https:\\\/\\\/www.feyalegria.org\\\/venezuela\\\/directorio-fe-y-alegria-educomunicacion\\\/#primaryimage\"},\"image\":{\"@id\":\"https:\\\/\\\/www.feyalegria.org\\\/venezuela\\\/directorio-fe-y-alegria-educomunicacion\\\/#primaryimage\"},\"thumbnailUrl\":\"https:\\\/\\\/www.feyalegria.org\\\/wp-content\\\/uploads\\\/sites\\\/4\\\/2023\\\/11\\\/5-2.png\",\"datePublished\":\"2023-11-17T13:46:26+00:00\",\"dateModified\":\"2025-11-24T20:40:06+00:00\",\"inLanguage\":\"es\",\"potentialAction\":[{\"@type\":\"ReadAction\",\"target\":[\"https:\\\/\\\/www.feyalegria.org\\\/venezuela\\\/directorio-fe-y-alegria-educomunicacion\\\/\"]}]},{\"@type\":\"ImageObject\",\"inLanguage\":\"es\",\"@id\":\"https:\\\/\\\/www.feyalegria.org\\\/venezuela\\\/directorio-fe-y-alegria-educomunicacion\\\/#primaryimage\",\"url\":\"https:\\\/\\\/www.feyalegria.org\\\/wp-content\\\/uploads\\\/sites\\\/4\\\/2023\\\/11\\\/5-2.png\",\"contentUrl\":\"https:\\\/\\\/www.feyalegria.org\\\/wp-content\\\/uploads\\\/sites\\\/4\\\/2023\\\/11\\\/5-2.png\"},{\"@type\":\"WebSite\",\"@id\":\"https:\\\/\\\/www.feyalegria.org\\\/venezuela\\\/#website\",\"url\":\"https:\\\/\\\/www.feyalegria.org\\\/venezuela\\\/\",\"name\":\"Fe y Alegr\u00eda en Venezuela\",\"description\":\"\",\"potentialAction\":[{\"@type\":\"SearchAction\",\"target\":{\"@type\":\"EntryPoint\",\"urlTemplate\":\"https:\\\/\\\/www.feyalegria.org\\\/venezuela\\\/?s={search_term_string}\"},\"query-input\":{\"@type\":\"PropertyValueSpecification\",\"valueRequired\":true,\"valueName\":\"search_term_string\"}}],\"inLanguage\":\"es\"}]}<\/script>\n<!-- \/ Yoast SEO plugin. -->","yoast_head_json":{"title":"Directorio Fe y Alegr\u00eda Educomunicaci\u00f3n - Fe y Alegr\u00eda en Venezuela","robots":{"index":"index","follow":"follow","max-snippet":"max-snippet:-1","max-image-preview":"max-image-preview:large","max-video-preview":"max-video-preview:-1"},"canonical":"https:\/\/www.feyalegria.org\/venezuela\/directorio-fe-y-alegria-educomunicacion\/","og_locale":"es_ES","og_type":"article","og_title":"Directorio Fe y Alegr\u00eda Educomunicaci\u00f3n - Fe y Alegr\u00eda en Venezuela","og_description":"[vc_row full_width=\u00bbstretch_row_content\u00bb][vc_column][vc_single_image image=\u00bb5209&#8243; img_size=\u00bbfull\u00bb alignment=\u00bbcenter\u00bb][\/vc_column][\/vc_row][vc_row][vc_column][vc_column_text] Directorio Fe y Alegr\u00eda Educomunicaci\u00f3n [\/vc_column_text][vc_column_text] Direcci\u00f3n Nacional [\/vc_column_text][\/vc_column][\/vc_row][vc_row][vc_column width=\u00bb1\/6&#8243;][vc_single_image image=\u00bb11278&#8243; alignment=\u00bbcenter\u00bb style=\u00bbvc_box_border\u00bb css=\u00bb\u00bb][\/vc_column][vc_column width=\u00bb1\/6&#8243;][vc_column_text css=\u00bb.vc_custom_1764016778464{margin-top: 60px !important;margin-left: -15px !important;}\u00bb] Directora Vidalina Campos v.campos@feyalegria.edu.ve [\/vc_column_text][\/vc_column][vc_column width=\u00bb1\/6&#8243;][\/vc_column][vc_column width=\u00bb1\/2&#8243; css=\u00bb.vc_custom_1700228093811{background-color: rgba(228,228,228,0.5) !important;*background-color: rgb(228,228,228) !important;border-radius: 5px !important;}\u00bb][vc_column_text css=\u00bb.vc_custom_1701983096989{padding-top: 10px !important;padding-bottom: 0px !important;padding-left: 0px !important;}\u00bb] Casa N\u00b0 168 B, entre calles Miguel Otero Silva","og_url":"https:\/\/www.feyalegria.org\/venezuela\/directorio-fe-y-alegria-educomunicacion\/","og_site_name":"Fe y Alegr\u00eda en Venezuela","article_modified_time":"2025-11-24T20:40:06+00:00","og_image":[{"width":80,"height":80,"url":"https:\/\/d3pugrm67vf9n7.cloudfront.net\/wp-content\/uploads\/sites\/4\/2023\/11\/17115843\/5-2.png","type":"image\/png"}],"twitter_card":"summary_large_image","twitter_misc":{"Tiempo de lectura":"2 minutos"},"schema":{"@context":"https:\/\/schema.org","@graph":[{"@type":"WebPage","@id":"https:\/\/www.feyalegria.org\/venezuela\/directorio-fe-y-alegria-educomunicacion\/","url":"https:\/\/www.feyalegria.org\/venezuela\/directorio-fe-y-alegria-educomunicacion\/","name":"Directorio Fe y Alegr\u00eda Educomunicaci\u00f3n - Fe y Alegr\u00eda en Venezuela","isPartOf":{"@id":"https:\/\/www.feyalegria.org\/venezuela\/#website"},"primaryImageOfPage":{"@id":"https:\/\/www.feyalegria.org\/venezuela\/directorio-fe-y-alegria-educomunicacion\/#primaryimage"},"image":{"@id":"https:\/\/www.feyalegria.org\/venezuela\/directorio-fe-y-alegria-educomunicacion\/#primaryimage"},"thumbnailUrl":"https:\/\/www.feyalegria.org\/wp-content\/uploads\/sites\/4\/2023\/11\/5-2.png","datePublished":"2023-11-17T13:46:26+00:00","dateModified":"2025-11-24T20:40:06+00:00","inLanguage":"es","potentialAction":[{"@type":"ReadAction","target":["https:\/\/www.feyalegria.org\/venezuela\/directorio-fe-y-alegria-educomunicacion\/"]}]},{"@type":"ImageObject","inLanguage":"es","@id":"https:\/\/www.feyalegria.org\/venezuela\/directorio-fe-y-alegria-educomunicacion\/#primaryimage","url":"https:\/\/www.feyalegria.org\/wp-content\/uploads\/sites\/4\/2023\/11\/5-2.png","contentUrl":"https:\/\/www.feyalegria.org\/wp-content\/uploads\/sites\/4\/2023\/11\/5-2.png"},{"@type":"WebSite","@id":"https:\/\/www.feyalegria.org\/venezuela\/#website","url":"https:\/\/www.feyalegria.org\/venezuela\/","name":"Fe y Alegr\u00eda en Venezuela","description":"","potentialAction":[{"@type":"SearchAction","target":{"@type":"EntryPoint","urlTemplate":"https:\/\/www.feyalegria.org\/venezuela\/?s={search_term_string}"},"query-input":{"@type":"PropertyValueSpecification","valueRequired":true,"valueName":"search_term_string"}}],"inLanguage":"es"}]}},"_links":{"self":[{"href":"https:\/\/www.feyalegria.org\/venezuela\/wp-json\/wp\/v2\/pages\/4138","targetHints":{"allow":["GET"]}}],"collection":[{"href":"https:\/\/www.feyalegria.org\/venezuela\/wp-json\/wp\/v2\/pages"}],"about":[{"href":"https:\/\/www.feyalegria.org\/venezuela\/wp-json\/wp\/v2\/types\/page"}],"author":[{"embeddable":true,"href":"https:\/\/www.feyalegria.org\/venezuela\/wp-json\/wp\/v2\/users\/6"}],"replies":[{"embeddable":true,"href":"https:\/\/www.feyalegria.org\/venezuela\/wp-json\/wp\/v2\/comments?post=4138"}],"version-history":[{"count":5,"href":"https:\/\/www.feyalegria.org\/venezuela\/wp-json\/wp\/v2\/pages\/4138\/revisions"}],"predecessor-version":[{"id":11742,"href":"https:\/\/www.feyalegria.org\/venezuela\/wp-json\/wp\/v2\/pages\/4138\/revisions\/11742"}],"wp:attachment":[{"href":"https:\/\/www.feyalegria.org\/venezuela\/wp-json\/wp\/v2\/media?parent=4138"}],"wp:term":[{"taxonomy":"folder","embeddable":true,"href":"https:\/\/www.feyalegria.org\/venezuela\/wp-json\/wp\/v2\/folder?post=4138"}],"curies":[{"name":"wp","href":"https:\/\/api.w.org\/{rel}","templated":true}]}}