 {"id":622,"date":"2020-07-21T16:35:08","date_gmt":"2020-07-21T16:35:08","guid":{"rendered":"https:\/\/www.feyalegria.org\/venezuela\/?page_id=622"},"modified":"2020-09-17T22:53:50","modified_gmt":"2020-09-17T22:53:50","slug":"irfa-2","status":"publish","type":"page","link":"https:\/\/www.feyalegria.org\/venezuela\/irfa-2\/","title":{"rendered":"Instituto Radiof\u00f3nico Fe y Alegr\u00eda (IRFA)"},"content":{"rendered":"<div class=\"wpb-content-wrapper\"><p>[vc_row][vc_column][vc_column_text]<\/p>\n<h3 style=\"text-align: left\">Educaci\u00f3n para j\u00f3venes y adultos<\/h3>\n<p>[\/vc_column_text][\/vc_column][\/vc_row][vc_row][vc_column][vc_row_inner css=\u00bb.vc_custom_1599925111051{padding-top: 10px !important;}\u00bb][vc_column_inner width=\u00bb2\/3&#8243;][vc_column_text]<\/p>\n<p align=\"justify\">\n<p align=\"justify\">El Instituto Radiof\u00f3nico Fe y Alegr\u00eda (IRFA), fundado en 1975, es una organizaci\u00f3n sin fines de lucro, perteneciente al Movimiento de Educaci\u00f3n Popular y de Promoci\u00f3n Social Fe y Alegr\u00eda. <a href=\"https:\/\/www.feyalegria.org\/venezuela\/directorio\/#1594050094910-e3ef1762-e72a\" rel=\"noopener noreferrer\" target=\"_blank\"><strong>Tenemos presencia en 21 estados del pa\u00eds<\/strong><\/a>, donde desarrollamos programas y labores de alfabetizaci\u00f3n, educaci\u00f3n b\u00e1sica primera y segunda etapa, y educaci\u00f3n media t\u00e9cnica, en la modalidad de educaci\u00f3n de j\u00f3venes.<\/p>\n<p>&nbsp;<\/p>\n<p align=\"justify\">El IRFA est\u00e1 dirigido a la poblaci\u00f3n excluida para promover la construcci\u00f3n de ciudadan\u00eda y la lucha por la igualdad, la equidad y la inclusi\u00f3n social mediante la generaci\u00f3n de propuestas educativas y comunicativas, pertinentes y de calidad, en la b\u00fasqueda colectiva de un desarrollo humano integral, sustentable y justo para todos.<\/p>\n<p>&nbsp;<\/p>\n<p align=\"justify\">Actualmente ofrecemos educaci\u00f3n semipresencial y a distancia a j\u00f3venes y adultos mayores de 15 a\u00f1os desde la primaria y hasta a educaci\u00f3n media t\u00e9cnica con las especialidades de Servicios Administrativos (Contabilidad e Inform\u00e1tica) y Tecnolog\u00eda Gr\u00e1fica. Tambi\u00e9n atendemos a la poblaci\u00f3n con caracter\u00edsticas especiales e intercultural biling\u00fce.<\/p>\n<p>[\/vc_column_text]<div id=\"mpc_icon_list-2569d15a9fcb517\" class=\"mpc-icon-list mpc-init mpc-icon--left mpc-typography--default \"><ul class=\"mpc-list__ul\"><li class=\"mpc-list__item mpc-parent-hover mpc-transition\" data-index=\"0\"><div class=\"mpc-list__icon\"><div data-id=\"mpc_icon-3669d15a9fcb59d\" class=\"mpc-icon mpc-init mpc-transition mpc-effect-none mpc-icon-hover \"><div class=\"mpc-icon-wrap\"><i class=\"mpc-icon-part mpc-regular mpc-transition  mi mi-radio\"><\/i><i class=\"mpc-icon-part mpc-hover mpc-transition  mi mi-radio\"><\/i><\/div><\/div><\/div><span class=\"mpc-list__title\">Educaci\u00f3n Primaria<\/span><\/li><\/ul><\/div><div id=\"mpc_icon_list-7369d15a9fcb63e\" class=\"mpc-icon-list mpc-init mpc-icon--left mpc-typography--default \"><ul class=\"mpc-list__ul\"><li class=\"mpc-list__item mpc-parent-hover mpc-transition\" data-index=\"0\"><div class=\"mpc-list__icon\"><div data-id=\"mpc_icon-4069d15a9fcb695\" class=\"mpc-icon mpc-init mpc-transition mpc-effect-none mpc-icon-hover \"><div class=\"mpc-icon-wrap\"><i class=\"mpc-icon-part mpc-regular mpc-transition  mi mi-radio\"><\/i><i class=\"mpc-icon-part mpc-hover mpc-transition  mi mi-radio\"><\/i><\/div><\/div><\/div><span class=\"mpc-list__title\">Educaci\u00f3n Media t\u00e9cnica en las especialidades de: Servicios administrativos (contabilidad e inform\u00e1tica) y tecnolog\u00eda gr\u00e1fica.<\/span><\/li><\/ul><\/div><div id=\"mpc_icon_list-2969d15a9fcb718\" class=\"mpc-icon-list mpc-init mpc-icon--left mpc-typography--default \"><ul class=\"mpc-list__ul\"><li class=\"mpc-list__item mpc-parent-hover mpc-transition\" data-index=\"0\"><div class=\"mpc-list__icon\"><div data-id=\"mpc_icon-3369d15a9fcb777\" class=\"mpc-icon mpc-init mpc-transition mpc-effect-none mpc-icon-hover \"><div class=\"mpc-icon-wrap\"><i class=\"mpc-icon-part mpc-regular mpc-transition  mi mi-radio\"><\/i><i class=\"mpc-icon-part mpc-hover mpc-transition  mi mi-radio\"><\/i><\/div><\/div><\/div><span class=\"mpc-list__title\">Educaci\u00f3n Especial<\/span><\/li><\/ul><\/div><div id=\"mpc_icon_list-669d15a9fcb800\" class=\"mpc-icon-list mpc-init mpc-icon--left mpc-typography--default \"><ul class=\"mpc-list__ul\"><li class=\"mpc-list__item mpc-parent-hover mpc-transition\" data-index=\"0\"><div class=\"mpc-list__icon\"><div data-id=\"mpc_icon-8869d15a9fcb84f\" class=\"mpc-icon mpc-init mpc-transition mpc-effect-none mpc-icon-hover \"><div class=\"mpc-icon-wrap\"><i class=\"mpc-icon-part mpc-regular mpc-transition  mi mi-radio\"><\/i><i class=\"mpc-icon-part mpc-hover mpc-transition  mi mi-radio\"><\/i><\/div><\/div><\/div><span class=\"mpc-list__title\">Educaci\u00f3n Intercultural Biling\u00fce<\/span><\/li><\/ul><\/div>[\/vc_column_inner][vc_column_inner width=\u00bb1\/3&#8243;][vc_single_image image=\u00bb1313&#8243; img_size=\u00bbmedium\u00bb alignment=\u00bbcenter\u00bb style=\u00bbvc_box_circle_2&#8243;] <p style=\"color:#cc0000;padding:px;text-align:center;font-size:12px;line-height:15px;letter-spacing: 1px;font-weight:normal\" class=\"    \">Centro Comunitario de Aprendizaje (CCA). Encuentros sabatinos con facilitadores.<\/p> [\/vc_column_inner][\/vc_row_inner][\/vc_column][\/vc_row][vc_row][vc_column][vc_row_inner css=\u00bb.vc_custom_1595349192535{padding-top: 20px !important;}\u00bb][vc_column_inner width=\u00bb1\/3&#8243;][vc_single_image image=\u00bb1298&#8243; img_size=\u00bbfull\u00bb alignment=\u00bbcenter\u00bb][\/vc_column_inner][vc_column_inner width=\u00bb2\/3&#8243;][vc_column_text]<\/p>\n<p align=\"justify\">La apuesta educomunicativa del Instituto Radiof\u00f3nico Fe y Alegr\u00eda est\u00e1 inspirada y orientada a construir una sociedad m\u00e1s justa, participativa y solidaria. Impulsar una educaci\u00f3n popular de calidad, incluyente, que atienda a la diversidad, contribuya al desarrollo integral de las personas y a la promoci\u00f3n social comunitaria, promoviendo la formaci\u00f3n de sujetos libres y ciudadanos activos con conciencia cr\u00edtica, conocimientos, habilidades y valores para incidir en la mejora de su calidad de vida y en la transformaci\u00f3n de su entorno.<\/p>\n<p>[\/vc_column_text][\/vc_column_inner][\/vc_row_inner][vc_row_inner css=\u00bb.vc_custom_1597200463138{padding-top: 40px !important;}\u00bb][vc_column_inner width=\u00bb3\/4&#8243;][vc_column_text css=\u00bb.vc_custom_1598570581575{padding-top: 15px !important;}\u00bb]<\/p>\n<p align=\"justify\">\nLa programaci\u00f3n educativa, evangelizadora, informativa, deportiva y recreativa se emite a trav\u00e9s de <strong>25 emisoras de radio<\/strong>, en la p\u00e1gina web <strong><a href=\"https:\/\/www.radiofeyalegrianoticias.com\/\" rel=\"noopener noreferrer\" target=\"_blank\">www.radiofeyalegrianoticias.com<\/a><\/strong> y en las redes sociales (Twitter e Instagram) con la cuenta <strong>@radiofeyalegria.<\/strong><\/p>\n<p>&nbsp;<\/p>\n<p align=\"justify\">A trav\u00e9s de las emisoras de radio tambi\u00e9n se ofrecen los servicios radiof\u00f3nicos para contribuir en la formaci\u00f3n integral de los beneficiarios y beneficiarias y a la promoci\u00f3n social.<\/p>\n<p>[\/vc_column_text][\/vc_column_inner][vc_column_inner width=\u00bb1\/4&#8243; css=\u00bb.vc_custom_1597200367964{margin-top: -35px !important;}\u00bb][vc_single_image image=\u00bb1243&#8243; img_size=\u00bb200&#215;200&#8243; alignment=\u00bbcenter\u00bb onclick=\u00bbcustom_link\u00bb link=\u00bbhttp:\/\/radios.feyalegrianoticias.com\/\u00bb][vc_btn title=\u00bbAudio en vivo\u00bb style=\u00bboutline-custom\u00bb outline_custom_color=\u00bb#727176&#8243; outline_custom_hover_background=\u00bb#aa0f16&#8243; outline_custom_hover_text=\u00bb#ffffff\u00bb align=\u00bbcenter\u00bb i_type=\u00bbmaterial\u00bb i_icon_material=\u00bbvc-material vc-material-radio\u00bb add_icon=\u00bbtrue\u00bb link=\u00bburl:http%3A%2F%2Fradios.feyalegrianoticias.com%2F|title:RADIOS|target:%20_blank|\u00bb css=\u00bb.vc_custom_1599925800049{margin-top: -50px !important;}\u00bb][\/vc_column_inner][\/vc_row_inner][\/vc_column][\/vc_row][vc_row][vc_column]<div style=\"background-color:;height: 50px\" class=\"nicdark_section  \"><\/div>[\/vc_column][\/vc_row][vc_row][vc_column][vc_column_text]<\/p>\n<p>[\/vc_column_text][\/vc_column][\/vc_row]<\/p>\n<\/div>","protected":false},"excerpt":{"rendered":"<p>[vc_row][vc_column][vc_column_text] Educaci\u00f3n para j\u00f3venes y adultos [\/vc_column_text][\/vc_column][\/vc_row][vc_row][vc_column][vc_row_inner css=\u00bb.vc_custom_1599925111051{padding-top: 10px !important;}\u00bb][vc_column_inner width=\u00bb2\/3&#8243;][vc_column_text] El Instituto Radiof\u00f3nico Fe y Alegr\u00eda (IRFA), fundado en 1975, es una organizaci\u00f3n sin fines de lucro, perteneciente al Movimiento de Educaci\u00f3n Popular y de Promoci\u00f3n Social Fe y Alegr\u00eda. Tenemos presencia en 21 estados del pa\u00eds, donde desarrollamos programas y labores de alfabetizaci\u00f3n,<\/p>\n","protected":false},"author":90,"featured_media":0,"parent":0,"menu_order":0,"comment_status":"closed","ping_status":"closed","template":"","meta":{"_acf_changed":false,"footnotes":""},"folder":[],"class_list":["post-622","page","type-page","status-publish","hentry"],"acf":[],"yoast_head":"<!-- This site is optimized with the Yoast SEO plugin v27.2 - https:\/\/yoast.com\/product\/yoast-seo-wordpress\/ -->\n<title>Instituto Radiof\u00f3nico Fe y Alegr\u00eda (IRFA) - Fe y Alegr\u00eda en Venezuela<\/title>\n<meta name=\"robots\" content=\"index, follow, max-snippet:-1, max-image-preview:large, max-video-preview:-1\" \/>\n<link rel=\"canonical\" href=\"https:\/\/www.feyalegria.org\/venezuela\/irfa-2\/\" \/>\n<meta property=\"og:locale\" content=\"es_ES\" \/>\n<meta property=\"og:type\" content=\"article\" \/>\n<meta property=\"og:title\" content=\"Instituto Radiof\u00f3nico Fe y Alegr\u00eda (IRFA) - Fe y Alegr\u00eda en Venezuela\" \/>\n<meta property=\"og:description\" content=\"[vc_row][vc_column][vc_column_text] Educaci\u00f3n para j\u00f3venes y adultos [\/vc_column_text][\/vc_column][\/vc_row][vc_row][vc_column][vc_row_inner css=\u00bb.vc_custom_1599925111051{padding-top: 10px !important;}\u00bb][vc_column_inner width=\u00bb2\/3&#8243;][vc_column_text] El Instituto Radiof\u00f3nico Fe y Alegr\u00eda (IRFA), fundado en 1975, es una organizaci\u00f3n sin fines de lucro, perteneciente al Movimiento de Educaci\u00f3n Popular y de Promoci\u00f3n Social Fe y Alegr\u00eda. Tenemos presencia en 21 estados del pa\u00eds, donde desarrollamos programas y labores de alfabetizaci\u00f3n,\" \/>\n<meta property=\"og:url\" content=\"https:\/\/www.feyalegria.org\/venezuela\/irfa-2\/\" \/>\n<meta property=\"og:site_name\" content=\"Fe y Alegr\u00eda en Venezuela\" \/>\n<meta property=\"article:modified_time\" content=\"2020-09-17T22:53:50+00:00\" \/>\n<meta name=\"twitter:card\" content=\"summary_large_image\" \/>\n<meta name=\"twitter:label1\" content=\"Tiempo de lectura\" \/>\n\t<meta name=\"twitter:data1\" content=\"3 minutos\" \/>\n<script type=\"application\/ld+json\" class=\"yoast-schema-graph\">{\"@context\":\"https:\/\/schema.org\",\"@graph\":[{\"@type\":\"WebPage\",\"@id\":\"https:\/\/www.feyalegria.org\/venezuela\/irfa-2\/\",\"url\":\"https:\/\/www.feyalegria.org\/venezuela\/irfa-2\/\",\"name\":\"Instituto Radiof\u00f3nico Fe y Alegr\u00eda (IRFA) - Fe y Alegr\u00eda en Venezuela\",\"isPartOf\":{\"@id\":\"https:\/\/www.feyalegria.org\/venezuela\/#website\"},\"datePublished\":\"2020-07-21T16:35:08+00:00\",\"dateModified\":\"2020-09-17T22:53:50+00:00\",\"inLanguage\":\"es\",\"potentialAction\":[{\"@type\":\"ReadAction\",\"target\":[\"https:\/\/www.feyalegria.org\/venezuela\/irfa-2\/\"]}]},{\"@type\":\"WebSite\",\"@id\":\"https:\/\/www.feyalegria.org\/venezuela\/#website\",\"url\":\"https:\/\/www.feyalegria.org\/venezuela\/\",\"name\":\"Fe y Alegr\u00eda en Venezuela\",\"description\":\"\",\"potentialAction\":[{\"@type\":\"SearchAction\",\"target\":{\"@type\":\"EntryPoint\",\"urlTemplate\":\"https:\/\/www.feyalegria.org\/venezuela\/?s={search_term_string}\"},\"query-input\":{\"@type\":\"PropertyValueSpecification\",\"valueRequired\":true,\"valueName\":\"search_term_string\"}}],\"inLanguage\":\"es\"}]}<\/script>\n<!-- \/ Yoast SEO plugin. -->","yoast_head_json":{"title":"Instituto Radiof\u00f3nico Fe y Alegr\u00eda (IRFA) - Fe y Alegr\u00eda en Venezuela","robots":{"index":"index","follow":"follow","max-snippet":"max-snippet:-1","max-image-preview":"max-image-preview:large","max-video-preview":"max-video-preview:-1"},"canonical":"https:\/\/www.feyalegria.org\/venezuela\/irfa-2\/","og_locale":"es_ES","og_type":"article","og_title":"Instituto Radiof\u00f3nico Fe y Alegr\u00eda (IRFA) - Fe y Alegr\u00eda en Venezuela","og_description":"[vc_row][vc_column][vc_column_text] Educaci\u00f3n para j\u00f3venes y adultos [\/vc_column_text][\/vc_column][\/vc_row][vc_row][vc_column][vc_row_inner css=\u00bb.vc_custom_1599925111051{padding-top: 10px !important;}\u00bb][vc_column_inner width=\u00bb2\/3&#8243;][vc_column_text] El Instituto Radiof\u00f3nico Fe y Alegr\u00eda (IRFA), fundado en 1975, es una organizaci\u00f3n sin fines de lucro, perteneciente al Movimiento de Educaci\u00f3n Popular y de Promoci\u00f3n Social Fe y Alegr\u00eda. Tenemos presencia en 21 estados del pa\u00eds, donde desarrollamos programas y labores de alfabetizaci\u00f3n,","og_url":"https:\/\/www.feyalegria.org\/venezuela\/irfa-2\/","og_site_name":"Fe y Alegr\u00eda en Venezuela","article_modified_time":"2020-09-17T22:53:50+00:00","twitter_card":"summary_large_image","twitter_misc":{"Tiempo de lectura":"3 minutos"},"schema":{"@context":"https:\/\/schema.org","@graph":[{"@type":"WebPage","@id":"https:\/\/www.feyalegria.org\/venezuela\/irfa-2\/","url":"https:\/\/www.feyalegria.org\/venezuela\/irfa-2\/","name":"Instituto Radiof\u00f3nico Fe y Alegr\u00eda (IRFA) - Fe y Alegr\u00eda en Venezuela","isPartOf":{"@id":"https:\/\/www.feyalegria.org\/venezuela\/#website"},"datePublished":"2020-07-21T16:35:08+00:00","dateModified":"2020-09-17T22:53:50+00:00","inLanguage":"es","potentialAction":[{"@type":"ReadAction","target":["https:\/\/www.feyalegria.org\/venezuela\/irfa-2\/"]}]},{"@type":"WebSite","@id":"https:\/\/www.feyalegria.org\/venezuela\/#website","url":"https:\/\/www.feyalegria.org\/venezuela\/","name":"Fe y Alegr\u00eda en Venezuela","description":"","potentialAction":[{"@type":"SearchAction","target":{"@type":"EntryPoint","urlTemplate":"https:\/\/www.feyalegria.org\/venezuela\/?s={search_term_string}"},"query-input":{"@type":"PropertyValueSpecification","valueRequired":true,"valueName":"search_term_string"}}],"inLanguage":"es"}]}},"_links":{"self":[{"href":"https:\/\/www.feyalegria.org\/venezuela\/wp-json\/wp\/v2\/pages\/622","targetHints":{"allow":["GET"]}}],"collection":[{"href":"https:\/\/www.feyalegria.org\/venezuela\/wp-json\/wp\/v2\/pages"}],"about":[{"href":"https:\/\/www.feyalegria.org\/venezuela\/wp-json\/wp\/v2\/types\/page"}],"author":[{"embeddable":true,"href":"https:\/\/www.feyalegria.org\/venezuela\/wp-json\/wp\/v2\/users\/90"}],"replies":[{"embeddable":true,"href":"https:\/\/www.feyalegria.org\/venezuela\/wp-json\/wp\/v2\/comments?post=622"}],"version-history":[{"count":0,"href":"https:\/\/www.feyalegria.org\/venezuela\/wp-json\/wp\/v2\/pages\/622\/revisions"}],"wp:attachment":[{"href":"https:\/\/www.feyalegria.org\/venezuela\/wp-json\/wp\/v2\/media?parent=622"}],"wp:term":[{"taxonomy":"folder","embeddable":true,"href":"https:\/\/www.feyalegria.org\/venezuela\/wp-json\/wp\/v2\/folder?post=622"}],"curies":[{"name":"wp","href":"https:\/\/api.w.org\/{rel}","templated":true}]}}