 {"id":629,"date":"2020-07-21T18:06:24","date_gmt":"2020-07-21T18:06:24","guid":{"rendered":"https:\/\/www.feyalegria.org\/venezuela\/?page_id=629"},"modified":"2020-09-17T22:59:19","modified_gmt":"2020-09-17T22:59:19","slug":"educacion-universitaria","status":"publish","type":"page","link":"https:\/\/www.feyalegria.org\/venezuela\/educacion-universitaria\/","title":{"rendered":"Educaci\u00f3n Universitaria"},"content":{"rendered":"<div class=\"wpb-content-wrapper\"><p>[vc_row][vc_column][vc_column_text]<\/p>\n<h3 style=\"text-align: left\">Educaci\u00f3n profesional para la vida<\/h3>\n<p>[\/vc_column_text][vc_row_inner][vc_column_inner width=\u00bb2\/3&#8243;][vc_column_text]<\/p>\n<p align=\"justify\">  \u201cSomos una opci\u00f3n  a nivel nacional de Educaci\u00f3n Superior Popular para la vida, que se concreta a trav\u00e9s de comunidades de aprendizaje, al servicio de las personas y la construcci\u00f3n social&#8230;\u201d<\/p>\n<p>[\/vc_column_text][vc_column_text]<\/p>\n<p align=\"justify\">Nuestros institutos son espacios de encuentro para la <strong>formaci\u00f3n profesional universitaria<\/strong> con \u00e9nfasis en la formaci\u00f3n humana, basada en los valores humano &#8211; cristianos y excelencia acad\u00e9mica.<\/p>\n<p>&nbsp;<\/p>\n<p align=\"justify\">La formaci\u00f3n integral de nuestros estudiantes hace que los j\u00f3venes egresados puedan asumir su proyecto de vida e integrarse al mercado laboral, incluso, muchos de ellos como emprendedores de nuevas empresas.<\/p>\n<p>&nbsp;<\/p>\n<p align=\"justify\">Privilegiamos a las personas y comunidades m\u00e1s necesitadas de la poblaci\u00f3n con la finalidad de apoyarlos en el reconocimiento y desarrollo de sus <strong>valores y potencialidades<\/strong> en pleno uso de su libertad.<\/p>\n<p>[\/vc_column_text][\/vc_column_inner][vc_column_inner width=\u00bb1\/3&#8243;][vc_single_image image=\u00bb291&#8243; img_size=\u00bbmedium\u00bb alignment=\u00bbcenter\u00bb style=\u00bbvc_box_circle_2&#8243;][\/vc_column_inner][\/vc_row_inner][vc_column_text]<\/p>\n<p align=\"justify\">Desde la creaci\u00f3n del primer instituto Fe y Alegr\u00eda asumi\u00f3 el reto de formar T\u00e9cnicos Superiores universitarios  que den respuesta a las necesidades del desarrollo econ\u00f3mico y productivo del pa\u00eds. Consulta una breve rese\u00f1a de la <a href=\"https:\/\/d3pugrm67vf9n7.cloudfront.net\/wp-content\/uploads\/sites\/4\/2020\/08\/18160950\/Historia-de-Educaci%C3%B3n-Universitaria.pdf\" rel=\"noopener noreferrer\" target=\"_blank\"><strong>Educaci\u00f3n Universitaria en Fe y Alegr\u00eda<\/strong><\/a>.<\/p>\n<p>&nbsp;<\/p>\n<p align=\"justify\">Actualmente, contamos con cinco sedes: <strong>Maracaibo, Barquisimeto, Guanarito y dos en Caracas, ubicadas en Catia y Petare<\/strong>.<\/p>\n<p>[\/vc_column_text][\/vc_column][\/vc_row][vc_row][vc_column width=\u00bb1\/3&#8243;]<div id=\"mpc_icon_list-869d0a55f2141c\" class=\"mpc-icon-list mpc-init mpc-icon--left mpc-typography--default \"><ul class=\"mpc-list__ul\"><li class=\"mpc-list__item mpc-parent-hover mpc-transition\" data-index=\"0\"><div class=\"mpc-list__icon\"><div data-id=\"mpc_icon-6869d0a55f2149a\" class=\"mpc-icon mpc-init mpc-transition mpc-effect-none mpc-icon-hover \"><div class=\"mpc-icon-wrap\"><i class=\"mpc-icon-part mpc-regular mpc-transition  fa fa-mortar-board\"><\/i><i class=\"mpc-icon-part mpc-hover mpc-transition  fa fa-mortar-board\"><\/i><\/div><\/div><\/div><span class=\"mpc-list__title\"> T\u00e9cnico Superior Universitario en Educaci\u00f3n. Menci\u00f3n Educaci\u00f3n Preescolar.<\/span><\/li><\/ul><\/div><div id=\"mpc_icon_list-2069d0a55f21556\" class=\"mpc-icon-list mpc-init mpc-icon--left mpc-typography--default \"><ul class=\"mpc-list__ul\"><li class=\"mpc-list__item mpc-parent-hover mpc-transition\" data-index=\"0\"><div class=\"mpc-list__icon\"><div data-id=\"mpc_icon-5169d0a55f215a9\" class=\"mpc-icon mpc-init mpc-transition mpc-effect-none mpc-icon-hover \"><div class=\"mpc-icon-wrap\"><i class=\"mpc-icon-part mpc-regular mpc-transition  fa fa-mortar-board\"><\/i><i class=\"mpc-icon-part mpc-hover mpc-transition  fa fa-mortar-board\"><\/i><\/div><\/div><\/div><span class=\"mpc-list__title\">T\u00e9cnico Superior Universitario en Educaci\u00f3n. Menci\u00f3n Educaci\u00f3n Integral<\/span><\/li><\/ul><\/div><div id=\"mpc_icon_list-969d0a55f21636\" class=\"mpc-icon-list mpc-init mpc-icon--left mpc-typography--default \"><ul class=\"mpc-list__ul\"><li class=\"mpc-list__item mpc-parent-hover mpc-transition\" data-index=\"0\"><div class=\"mpc-list__icon\"><div data-id=\"mpc_icon-7969d0a55f21684\" class=\"mpc-icon mpc-init mpc-transition mpc-effect-none mpc-icon-hover \"><div class=\"mpc-icon-wrap\"><i class=\"mpc-icon-part mpc-regular mpc-transition  fa fa-mortar-board\"><\/i><i class=\"mpc-icon-part mpc-hover mpc-transition  fa fa-mortar-board\"><\/i><\/div><\/div><\/div><span class=\"mpc-list__title\">T\u00e9cnico Superior Universitario en Electr\u00f3nica.<\/span><\/li><\/ul><\/div><div id=\"mpc_icon_list-6969d0a55f2170d\" class=\"mpc-icon-list mpc-init mpc-icon--left mpc-typography--default \"><ul class=\"mpc-list__ul\"><li class=\"mpc-list__item mpc-parent-hover mpc-transition\" data-index=\"0\"><div class=\"mpc-list__icon\"><div data-id=\"mpc_icon-3569d0a55f2175a\" class=\"mpc-icon mpc-init mpc-transition mpc-effect-none mpc-icon-hover \"><div class=\"mpc-icon-wrap\"><i class=\"mpc-icon-part mpc-regular mpc-transition  fa fa-mortar-board\"><\/i><i class=\"mpc-icon-part mpc-hover mpc-transition  fa fa-mortar-board\"><\/i><\/div><\/div><\/div><span class=\"mpc-list__title\">T\u00e9cnico Superior Universitario en Electrotecnia.<\/span><\/li><\/ul><\/div><div id=\"mpc_icon_list-3069d0a55f217e0\" class=\"mpc-icon-list mpc-init mpc-icon--left mpc-typography--default \"><ul class=\"mpc-list__ul\"><li class=\"mpc-list__item mpc-parent-hover mpc-transition\" data-index=\"0\"><div class=\"mpc-list__icon\"><div data-id=\"mpc_icon-3469d0a55f2182c\" class=\"mpc-icon mpc-init mpc-transition mpc-effect-none mpc-icon-hover \"><div class=\"mpc-icon-wrap\"><i class=\"mpc-icon-part mpc-regular mpc-transition  fa fa-mortar-board\"><\/i><i class=\"mpc-icon-part mpc-hover mpc-transition  fa fa-mortar-board\"><\/i><\/div><\/div><\/div><span class=\"mpc-list__title\">T\u00e9cnico Superior Universitario en Inform\u00e1tica.<\/span><\/li><\/ul><\/div>[\/vc_column][vc_column width=\u00bb1\/3&#8243;]<div id=\"mpc_icon_list-2869d0a55f218bc\" class=\"mpc-icon-list mpc-init mpc-icon--left mpc-typography--default \"><ul class=\"mpc-list__ul\"><li class=\"mpc-list__item mpc-parent-hover mpc-transition\" data-index=\"0\"><div class=\"mpc-list__icon\"><div data-id=\"mpc_icon-4569d0a55f2190c\" class=\"mpc-icon mpc-init mpc-transition mpc-effect-none mpc-icon-hover \"><div class=\"mpc-icon-wrap\"><i class=\"mpc-icon-part mpc-regular mpc-transition  fa fa-mortar-board\"><\/i><i class=\"mpc-icon-part mpc-hover mpc-transition  fa fa-mortar-board\"><\/i><\/div><\/div><\/div><span class=\"mpc-list__title\">T\u00e9cnico Superior Universitario en Contadur\u00eda<\/span><\/li><\/ul><\/div><div id=\"mpc_icon_list-5969d0a55f21995\" class=\"mpc-icon-list mpc-init mpc-icon--left mpc-typography--default \"><ul class=\"mpc-list__ul\"><li class=\"mpc-list__item mpc-parent-hover mpc-transition\" data-index=\"0\"><div class=\"mpc-list__icon\"><div data-id=\"mpc_icon-8369d0a55f219e2\" class=\"mpc-icon mpc-init mpc-transition mpc-effect-none mpc-icon-hover \"><div class=\"mpc-icon-wrap\"><i class=\"mpc-icon-part mpc-regular mpc-transition  fa fa-mortar-board\"><\/i><i class=\"mpc-icon-part mpc-hover mpc-transition  fa fa-mortar-board\"><\/i><\/div><\/div><\/div><span class=\"mpc-list__title\">T\u00e9cnico Superior Universitario en Mec\u00e1nica Industrial.<\/span><\/li><\/ul><\/div><div id=\"mpc_icon_list-3169d0a55f21a65\" class=\"mpc-icon-list mpc-init mpc-icon--left mpc-typography--default \"><ul class=\"mpc-list__ul\"><li class=\"mpc-list__item mpc-parent-hover mpc-transition\" data-index=\"0\"><div class=\"mpc-list__icon\"><div data-id=\"mpc_icon-769d0a55f21ab1\" class=\"mpc-icon mpc-init mpc-transition mpc-effect-none mpc-icon-hover \"><div class=\"mpc-icon-wrap\"><i class=\"mpc-icon-part mpc-regular mpc-transition  fa fa-mortar-board\"><\/i><i class=\"mpc-icon-part mpc-hover mpc-transition  fa fa-mortar-board\"><\/i><\/div><\/div><\/div><span class=\"mpc-list__title\">T\u00e9cnico Superior Universitario en Producci\u00f3n Agr\u00edcola<\/span><\/li><\/ul><\/div><div id=\"mpc_icon_list-7569d0a55f21b33\" class=\"mpc-icon-list mpc-init mpc-icon--left mpc-typography--default \"><ul class=\"mpc-list__ul\"><li class=\"mpc-list__item mpc-parent-hover mpc-transition\" data-index=\"0\"><div class=\"mpc-list__icon\"><div data-id=\"mpc_icon-1769d0a55f21b7f\" class=\"mpc-icon mpc-init mpc-transition mpc-effect-none mpc-icon-hover \"><div class=\"mpc-icon-wrap\"><i class=\"mpc-icon-part mpc-regular mpc-transition  fa fa-mortar-board\"><\/i><i class=\"mpc-icon-part mpc-hover mpc-transition  fa fa-mortar-board\"><\/i><\/div><\/div><\/div><span class=\"mpc-list__title\">T\u00e9cnico Superior Universitario en Tecnolog\u00eda Forestal.<\/span><\/li><\/ul><\/div>[\/vc_column][vc_column width=\u00bb1\/3&#8243;]<div id=\"mpc_icon_list-5769d0a55f21bff\" class=\"mpc-icon-list mpc-init mpc-icon--left mpc-typography--default \"><ul class=\"mpc-list__ul\"><li class=\"mpc-list__item mpc-parent-hover mpc-transition\" data-index=\"0\"><div class=\"mpc-list__icon\"><div data-id=\"mpc_icon-7369d0a55f21c4b\" class=\"mpc-icon mpc-init mpc-transition mpc-effect-none mpc-icon-hover \"><div class=\"mpc-icon-wrap\"><i class=\"mpc-icon-part mpc-regular mpc-transition  fa fa-mortar-board\"><\/i><i class=\"mpc-icon-part mpc-hover mpc-transition  fa fa-mortar-board\"><\/i><\/div><\/div><\/div><span class=\"mpc-list__title\">T\u00e9cnico Superior Universitario en Mec\u00e1nica.<\/span><\/li><\/ul><\/div><div id=\"mpc_icon_list-9269d0a55f21cd8\" class=\"mpc-icon-list mpc-init mpc-icon--left mpc-typography--default \"><ul class=\"mpc-list__ul\"><li class=\"mpc-list__item mpc-parent-hover mpc-transition\" data-index=\"0\"><div class=\"mpc-list__icon\"><div data-id=\"mpc_icon-4869d0a55f21d26\" class=\"mpc-icon mpc-init mpc-transition mpc-effect-none mpc-icon-hover \"><div class=\"mpc-icon-wrap\"><i class=\"mpc-icon-part mpc-regular mpc-transition  fa fa-mortar-board\"><\/i><i class=\"mpc-icon-part mpc-hover mpc-transition  fa fa-mortar-board\"><\/i><\/div><\/div><\/div><span class=\"mpc-list__title\">T\u00e9cnico Superior Universitario en Educaci\u00f3n Menci\u00f3n Educaci\u00f3n Especial.<\/span><\/li><\/ul><\/div><div id=\"mpc_icon_list-4069d0a55f21da6\" class=\"mpc-icon-list mpc-init mpc-icon--left mpc-typography--default \"><ul class=\"mpc-list__ul\"><li class=\"mpc-list__item mpc-parent-hover mpc-transition\" data-index=\"0\"><div class=\"mpc-list__icon\"><div data-id=\"mpc_icon-8769d0a55f21df1\" class=\"mpc-icon mpc-init mpc-transition mpc-effect-none mpc-icon-hover \"><div class=\"mpc-icon-wrap\"><i class=\"mpc-icon-part mpc-regular mpc-transition  fa fa-mortar-board\"><\/i><i class=\"mpc-icon-part mpc-hover mpc-transition  fa fa-mortar-board\"><\/i><\/div><\/div><\/div><span class=\"mpc-list__title\">T\u00e9cnico Superior Universitario en Administraci\u00f3n de Empresa.<\/span><\/li><\/ul><\/div><div id=\"mpc_icon_list-9769d0a55f21e7a\" class=\"mpc-icon-list mpc-init mpc-icon--left mpc-typography--default \"><ul class=\"mpc-list__ul\"><li class=\"mpc-list__item mpc-parent-hover mpc-transition\" data-index=\"0\"><div class=\"mpc-list__icon\"><div data-id=\"mpc_icon-5669d0a55f21ec6\" class=\"mpc-icon mpc-init mpc-transition mpc-effect-none mpc-icon-hover \"><div class=\"mpc-icon-wrap\"><i class=\"mpc-icon-part mpc-regular mpc-transition  fa fa-mortar-board\"><\/i><i class=\"mpc-icon-part mpc-hover mpc-transition  fa fa-mortar-board\"><\/i><\/div><\/div><\/div><span class=\"mpc-list__title\">Diplomados en TIC.<\/span><\/li><\/ul><\/div>[\/vc_column][\/vc_row][vc_row][vc_column][vc_empty_space height=\u00bb20px\u00bb][vc_column_text]<\/p>\n<h2 style=\"text-align: center\">Nuestras Sedes<\/h2>\n<p>[\/vc_column_text][\/vc_column][\/vc_row][vc_row][vc_column width=\u00bb1\/3&#8243;] <h4 style=\"color:#aa0f16;padding:20px;text-align:center;font-size:14px;line-height:30px;letter-spacing: 1px;font-weight:bold\" class=\"   nd_options_first_font \">Instituto Universitario Jes\u00fas Obrero (IUJO) Catia<\/h4> [vc_single_image image=\u00bb1284&#8243; img_size=\u00bbmedium\u00bb alignment=\u00bbcenter\u00bb style=\u00bbvc_box_rounded\u00bb][vc_gmaps link=\u00bb#E-8_JTNDaWZyYW1lJTIwc3JjJTNEJTIyaHR0cHMlM0ElMkYlMkZ3d3cuZ29vZ2xlLmNvbSUyRm1hcHMlMkZlbWJlZCUzRnBiJTNEJTIxMW0xOCUyMTFtMTIlMjExbTMlMjExZDM5MjIuODcxODM0NzY0ODY2NCUyMTJkLTY2LjkzOTA5NDM4NTIwMTU2JTIxM2QxMC41MTA3NTk1OTI1MDIxMzMlMjEybTMlMjExZjAlMjEyZjAlMjEzZjAlMjEzbTIlMjExaTEwMjQlMjEyaTc2OCUyMTRmMTMuMSUyMTNtMyUyMTFtMiUyMTFzMHg4YzJhNWVlZjlhMDc3YTZmJTI1M0EweGEzMjgyNjY2NWU4ZTk3MyUyMTJzSmVzdXMlMjUyME9icmVybyUyNTIwVGVjaG5pY2FsJTI1MjBJbnN0aXR1dGUlMjE1ZTAlMjEzbTIlMjExc2VuJTIxMnNjbyUyMTR2MTU5NzI3NDM4NDg0MSUyMTVtMiUyMTFzZW4lMjEyc2NvJTIyJTIwd2lkdGglM0QlMjI2MDAlMjIlMjBoZWlnaHQlM0QlMjI0NTAlMjIlMjBmcmFtZWJvcmRlciUzRCUyMjAlMjIlMjBzdHlsZSUzRCUyMmJvcmRlciUzQTAlM0IlMjIlMjBhbGxvd2Z1bGxzY3JlZW4lM0QlMjIlMjIlMjBhcmlhLWhpZGRlbiUzRCUyMmZhbHNlJTIyJTIwdGFiaW5kZXglM0QlMjIwJTIyJTNFJTNDJTJGaWZyYW1lJTNF\u00bb size=\u00bb200&#8243;][\/vc_column][vc_column width=\u00bb1\/3&#8243;] <h4 style=\"color:#aa0f16;padding:20px;text-align:center;font-size:14px;line-height:30px;letter-spacing: 1px;font-weight:bold\" class=\"   nd_options_first_font \">Instituto Universitario Jes\u00fas Obrero (IUJO) Ampliaci\u00f3n Petare<\/h4> [vc_single_image image=\u00bb1286&#8243; img_size=\u00bbmedium\u00bb alignment=\u00bbcenter\u00bb style=\u00bbvc_box_rounded\u00bb onclick=\u00bbimg_link_large\u00bb][vc_gmaps link=\u00bb#E-8_JTNDaWZyYW1lJTIwc3JjJTNEJTIyaHR0cHMlM0ElMkYlMkZ3d3cuZ29vZ2xlLmNvbSUyRm1hcHMlMkZlbWJlZCUzRnBiJTNEJTIxMW0xMiUyMTFtOCUyMTFtMyUyMTFkMTk2MS42NjA3ODkwMjAyODY4JTIxMmQtNjYuNzk4NTM5NCUyMTNkMTAuNDc1Mjk1NyUyMTNtMiUyMTFpMTAyNCUyMTJpNzY4JTIxNGYxMy4xJTIxMm0xJTIxMXNBbnRpZ3VhJTI1MjBDYXJyZXRlcmElMjUyMFNhbnRhJTI1MjBMdWMlMjVDMyUyNUFEYSUyNTJDJTI1MjBTZWN0b3IlMjUyME1lc3VjYSUyNTJDJTI1MjBQZXRhcmUlMjUyQyUyNTIwZXN0YWRvJTI1MjBNaXJhbmRhJTIxNWUwJTIxM20yJTIxMXNlbiUyMTJzY28lMjE0djE1OTcyODAyNzE4NjglMjE1bTIlMjExc2VuJTIxMnNjbyUyMiUyMHdpZHRoJTNEJTIyNjAwJTIyJTIwaGVpZ2h0JTNEJTIyNDUwJTIyJTIwZnJhbWVib3JkZXIlM0QlMjIwJTIyJTIwc3R5bGUlM0QlMjJib3JkZXIlM0EwJTNCJTIyJTIwYWxsb3dmdWxsc2NyZWVuJTNEJTIyJTIyJTIwYXJpYS1oaWRkZW4lM0QlMjJmYWxzZSUyMiUyMHRhYmluZGV4JTNEJTIyMCUyMiUzRSUzQyUyRmlmcmFtZSUzRQ==\u00bb size=\u00bb200&#8243;][\/vc_column][vc_column width=\u00bb1\/3&#8243;] <h4 style=\"color:#aa0f16;padding:20px;text-align:center;font-size:14px;line-height:30px;letter-spacing: 1px;font-weight:bold\" class=\"   nd_options_first_font \">Instituto Universitario Jes\u00fas Obrero (IUJO) Extensi\u00f3n Barquisimeto<\/h4> [vc_single_image image=\u00bb1283&#8243; img_size=\u00bbmedium\u00bb alignment=\u00bbcenter\u00bb style=\u00bbvc_box_rounded\u00bb onclick=\u00bbimg_link_large\u00bb][vc_gmaps link=\u00bb#E-8_JTNDaWZyYW1lJTIwc3JjJTNEJTIyaHR0cHMlM0ElMkYlMkZ3d3cuZ29vZ2xlLmNvbSUyRm1hcHMlMkZlbWJlZCUzRnBiJTNEJTIxMW0xMiUyMTFtOCUyMTFtMyUyMTFkMTk2NC4xOTE5MzkxMjQzNjglMjEyZC02OS4zNTAyMzU3JTIxM2QxMC4wNjc1OTgyJTIxM20yJTIxMWkxMDI0JTIxMmk3NjglMjE0ZjEzLjElMjEybTElMjExc0NhbGxlJTI1MjA1NyUyNTIwY29uJTI1MjBDYXJyZXJhJTI1MjAyMyUyNTJDJTI1MjBVcmJhbml6YWNpJTI1QzMlMjVCM24lMjUyMFNhbnRhJTI1MjBFZHV2aWdlcyUyNTJDJTI1MjBCYXJxdWlzaW1ldG8lMjUyQyUyNTIwZXN0YWRvJTI1MjBMYXJhJTIxNWUwJTIxM20yJTIxMXNlbiUyMTJzY28lMjE0djE1OTcyNzU3NTY0ODclMjE1bTIlMjExc2VuJTIxMnNjbyUyMiUyMHdpZHRoJTNEJTIyNjAwJTIyJTIwaGVpZ2h0JTNEJTIyNDUwJTIyJTIwZnJhbWVib3JkZXIlM0QlMjIwJTIyJTIwc3R5bGUlM0QlMjJib3JkZXIlM0EwJTNCJTIyJTIwYWxsb3dmdWxsc2NyZWVuJTNEJTIyJTIyJTIwYXJpYS1oaWRkZW4lM0QlMjJmYWxzZSUyMiUyMHRhYmluZGV4JTNEJTIyMCUyMiUzRSUzQyUyRmlmcmFtZSUzRQ==\u00bb size=\u00bb200&#8243;][\/vc_column][\/vc_row][vc_row][vc_column width=\u00bb1\/3&#8243;] <h4 style=\"color:#aa0f16;padding:20px;text-align:center;font-size:14px;line-height:30px;letter-spacing: 1px;font-weight:bold\" class=\"   nd_options_first_font \">Instituto Universitario Jes\u00fas Obrero (IUJO) Extensi\u00f3n Nuestra Se\u00f1ora de la Paz \u2013 Guanarito<\/h4> [vc_single_image image=\u00bb1285&#8243; img_size=\u00bbmedium\u00bb alignment=\u00bbcenter\u00bb style=\u00bbvc_box_rounded\u00bb onclick=\u00bbimg_link_large\u00bb][vc_gmaps link=\u00bb#E-8_JTNDaWZyYW1lJTIwc3JjJTNEJTIyaHR0cHMlM0ElMkYlMkZ3d3cuZ29vZ2xlLmNvbSUyRm1hcHMlMkZlbWJlZCUzRnBiJTNEJTIxMW0xMiUyMTFtOCUyMTFtMyUyMTFkMjUyNTczLjQ4Nzg4NjkwNTc2JTIxMmQtNjkuMDc5MDA1MSUyMTNkOC40NTQ0OTQxJTIxM20yJTIxMWkxMDI0JTIxMmk3NjglMjE0ZjEzLjElMjEybTElMjExc0Nhc2ElMjUyMEZlJTI1MjB5JTI1MjBBbGVnciUyNUMzJTI1QURhJTI1MkMlMjUyME4lMjVDMiUyNUIwJTI1MjA0Mjc3JTI1MkMlMjUyMEJhcnJpbyUyNTIwRWwlMjUyMENhZmV0YWwlMjUyQyUyNTIwZW50cmUlMjUyMENhcnJlcmFzJTI1MjAxMCUyNTIweSUyNTIwMTElMjUyQyUyNTIwTXVuaWNpcGlvJTI1MjBHdWFuYXJpdG8lMjUyQyUyNTIwZXN0YWRvJTI1MjBQb3J0dWd1ZXNhJTIxNWUwJTIxM20yJTIxMXNlbiUyMTJzY28lMjE0djE1OTcyNzU4MTc3ODYlMjE1bTIlMjExc2VuJTIxMnNjbyUyMiUyMHdpZHRoJTNEJTIyNjAwJTIyJTIwaGVpZ2h0JTNEJTIyNDUwJTIyJTIwZnJhbWVib3JkZXIlM0QlMjIwJTIyJTIwc3R5bGUlM0QlMjJib3JkZXIlM0EwJTNCJTIyJTIwYWxsb3dmdWxsc2NyZWVuJTNEJTIyJTIyJTIwYXJpYS1oaWRkZW4lM0QlMjJmYWxzZSUyMiUyMHRhYmluZGV4JTNEJTIyMCUyMiUzRSUzQyUyRmlmcmFtZSUzRQ==\u00bb size=\u00bb200&#8243;][\/vc_column][vc_column width=\u00bb1\/3&#8243;] <h4 style=\"color:#aa0f16;padding:20px;text-align:center;font-size:14px;line-height:30px;letter-spacing: 1px;font-weight:bold\" class=\"   nd_options_first_font \">Instituto Universitario San Francisco (IUSF)<\/h4> <div style=\"background-color:;height: 30px\" class=\"nicdark_section  \"><\/div>[vc_single_image image=\u00bb1287&#8243; img_size=\u00bbmedium\u00bb alignment=\u00bbcenter\u00bb style=\u00bbvc_box_rounded\u00bb onclick=\u00bbimg_link_large\u00bb][vc_gmaps link=\u00bb#E-8_JTNDaWZyYW1lJTIwc3JjJTNEJTIyaHR0cHMlM0ElMkYlMkZ3d3cuZ29vZ2xlLmNvbSUyRm1hcHMlMkZlbWJlZCUzRnBiJTNEJTIxMW0xNiUyMTFtMTIlMjExbTMlMjExZDc4NDQuNjQwNTE4MjAyMDM4JTIxMmQtNzEuNjQ4NTAxMTc1Njk0MjQlMjEzZDEwLjU1NDA5MjQ2OTg5MDQxNyUyMTJtMyUyMTFmMCUyMTJmMCUyMTNmMCUyMTNtMiUyMTFpMTAyNCUyMTJpNzY4JTIxNGYxMy4xJTIxMm0xJTIxMXNTZWN0b3IlMjUyMENpdWRhZCUyNTIwRWwlMjUyMFNvbCUyNTJDJTI1MjBDYWxsZSUyNTIwMTc3JTI1MkMlMjUyMGVudHJlJTI1MjBBdmVuaWRhcyUyNTIwNDMlMjUyMHklMjUyMDQ0JTI1MkMlMjUyMFBhcnJvcXVpYSUyNTIwU2FuJTI1MjBGcmFuY2lzY28lMjUyQyUyNTIwdiUyNUMzJTI1QURhJTI1MjBMYSUyNTIwQ2ElMjVDMyUyNUIxYWRhLiUyNTIwTXVuaWNpcGlvJTI1MjBTYW4lMjUyMEZyYW5jaXNjbyUyNTJDJTI1MjBlc3RhZG8lMjUyMFp1bGlhJTIxNWUwJTIxM20yJTIxMXNlbiUyMTJzY28lMjE0djE1OTcyNzU4NzEyODAlMjE1bTIlMjExc2VuJTIxMnNjbyUyMiUyMHdpZHRoJTNEJTIyNjAwJTIyJTIwaGVpZ2h0JTNEJTIyNDUwJTIyJTIwZnJhbWVib3JkZXIlM0QlMjIwJTIyJTIwc3R5bGUlM0QlMjJib3JkZXIlM0EwJTNCJTIyJTIwYWxsb3dmdWxsc2NyZWVuJTNEJTIyJTIyJTIwYXJpYS1oaWRkZW4lM0QlMjJmYWxzZSUyMiUyMHRhYmluZGV4JTNEJTIyMCUyMiUzRSUzQyUyRmlmcmFtZSUzRQ==\u00bb size=\u00bb200&#8243;][\/vc_column][vc_column width=\u00bb1\/3&#8243;][\/vc_column][\/vc_row][vc_row][vc_column]<div style=\"background-color:;height: 50px\" class=\"nicdark_section  \"><\/div>[\/vc_column][\/vc_row]<\/p>\n<\/div>","protected":false},"excerpt":{"rendered":"<p>[vc_row][vc_column][vc_column_text] Educaci\u00f3n profesional para la vida [\/vc_column_text][vc_row_inner][vc_column_inner width=\u00bb2\/3&#8243;][vc_column_text] \u201cSomos una opci\u00f3n a nivel nacional de Educaci\u00f3n Superior Popular para la vida, que se concreta a trav\u00e9s de comunidades de aprendizaje, al servicio de las personas y la construcci\u00f3n social&#8230;\u201d [\/vc_column_text][vc_column_text] Nuestros institutos son espacios de encuentro para la formaci\u00f3n profesional universitaria con \u00e9nfasis en la<\/p>\n","protected":false},"author":90,"featured_media":0,"parent":0,"menu_order":0,"comment_status":"closed","ping_status":"closed","template":"","meta":{"_acf_changed":false,"footnotes":""},"folder":[],"class_list":["post-629","page","type-page","status-publish","hentry"],"acf":[],"yoast_head":"<!-- This site is optimized with the Yoast SEO plugin v27.2 - https:\/\/yoast.com\/product\/yoast-seo-wordpress\/ -->\n<title>Educaci\u00f3n Universitaria - Fe y Alegr\u00eda en Venezuela<\/title>\n<meta name=\"robots\" content=\"index, follow, max-snippet:-1, max-image-preview:large, max-video-preview:-1\" \/>\n<link rel=\"canonical\" href=\"https:\/\/www.feyalegria.org\/venezuela\/educacion-universitaria\/\" \/>\n<meta property=\"og:locale\" content=\"es_ES\" \/>\n<meta property=\"og:type\" content=\"article\" \/>\n<meta property=\"og:title\" content=\"Educaci\u00f3n Universitaria - Fe y Alegr\u00eda en Venezuela\" \/>\n<meta property=\"og:description\" content=\"[vc_row][vc_column][vc_column_text] Educaci\u00f3n profesional para la vida [\/vc_column_text][vc_row_inner][vc_column_inner width=\u00bb2\/3&#8243;][vc_column_text] \u201cSomos una opci\u00f3n a nivel nacional de Educaci\u00f3n Superior Popular para la vida, que se concreta a trav\u00e9s de comunidades de aprendizaje, al servicio de las personas y la construcci\u00f3n social&#8230;\u201d [\/vc_column_text][vc_column_text] Nuestros institutos son espacios de encuentro para la formaci\u00f3n profesional universitaria con \u00e9nfasis en la\" \/>\n<meta property=\"og:url\" content=\"https:\/\/www.feyalegria.org\/venezuela\/educacion-universitaria\/\" \/>\n<meta property=\"og:site_name\" content=\"Fe y Alegr\u00eda en Venezuela\" \/>\n<meta property=\"article:modified_time\" content=\"2020-09-17T22:59:19+00:00\" \/>\n<meta name=\"twitter:card\" content=\"summary_large_image\" \/>\n<meta name=\"twitter:label1\" content=\"Tiempo de lectura\" \/>\n\t<meta name=\"twitter:data1\" content=\"14 minutos\" \/>\n<script type=\"application\/ld+json\" class=\"yoast-schema-graph\">{\"@context\":\"https:\/\/schema.org\",\"@graph\":[{\"@type\":\"WebPage\",\"@id\":\"https:\/\/www.feyalegria.org\/venezuela\/educacion-universitaria\/\",\"url\":\"https:\/\/www.feyalegria.org\/venezuela\/educacion-universitaria\/\",\"name\":\"Educaci\u00f3n Universitaria - Fe y Alegr\u00eda en Venezuela\",\"isPartOf\":{\"@id\":\"https:\/\/www.feyalegria.org\/venezuela\/#website\"},\"datePublished\":\"2020-07-21T18:06:24+00:00\",\"dateModified\":\"2020-09-17T22:59:19+00:00\",\"inLanguage\":\"es\",\"potentialAction\":[{\"@type\":\"ReadAction\",\"target\":[\"https:\/\/www.feyalegria.org\/venezuela\/educacion-universitaria\/\"]}]},{\"@type\":\"WebSite\",\"@id\":\"https:\/\/www.feyalegria.org\/venezuela\/#website\",\"url\":\"https:\/\/www.feyalegria.org\/venezuela\/\",\"name\":\"Fe y Alegr\u00eda en Venezuela\",\"description\":\"\",\"potentialAction\":[{\"@type\":\"SearchAction\",\"target\":{\"@type\":\"EntryPoint\",\"urlTemplate\":\"https:\/\/www.feyalegria.org\/venezuela\/?s={search_term_string}\"},\"query-input\":{\"@type\":\"PropertyValueSpecification\",\"valueRequired\":true,\"valueName\":\"search_term_string\"}}],\"inLanguage\":\"es\"}]}<\/script>\n<!-- \/ Yoast SEO plugin. -->","yoast_head_json":{"title":"Educaci\u00f3n Universitaria - Fe y Alegr\u00eda en Venezuela","robots":{"index":"index","follow":"follow","max-snippet":"max-snippet:-1","max-image-preview":"max-image-preview:large","max-video-preview":"max-video-preview:-1"},"canonical":"https:\/\/www.feyalegria.org\/venezuela\/educacion-universitaria\/","og_locale":"es_ES","og_type":"article","og_title":"Educaci\u00f3n Universitaria - Fe y Alegr\u00eda en Venezuela","og_description":"[vc_row][vc_column][vc_column_text] Educaci\u00f3n profesional para la vida [\/vc_column_text][vc_row_inner][vc_column_inner width=\u00bb2\/3&#8243;][vc_column_text] \u201cSomos una opci\u00f3n a nivel nacional de Educaci\u00f3n Superior Popular para la vida, que se concreta a trav\u00e9s de comunidades de aprendizaje, al servicio de las personas y la construcci\u00f3n social&#8230;\u201d [\/vc_column_text][vc_column_text] Nuestros institutos son espacios de encuentro para la formaci\u00f3n profesional universitaria con \u00e9nfasis en la","og_url":"https:\/\/www.feyalegria.org\/venezuela\/educacion-universitaria\/","og_site_name":"Fe y Alegr\u00eda en Venezuela","article_modified_time":"2020-09-17T22:59:19+00:00","twitter_card":"summary_large_image","twitter_misc":{"Tiempo de lectura":"14 minutos"},"schema":{"@context":"https:\/\/schema.org","@graph":[{"@type":"WebPage","@id":"https:\/\/www.feyalegria.org\/venezuela\/educacion-universitaria\/","url":"https:\/\/www.feyalegria.org\/venezuela\/educacion-universitaria\/","name":"Educaci\u00f3n Universitaria - Fe y Alegr\u00eda en Venezuela","isPartOf":{"@id":"https:\/\/www.feyalegria.org\/venezuela\/#website"},"datePublished":"2020-07-21T18:06:24+00:00","dateModified":"2020-09-17T22:59:19+00:00","inLanguage":"es","potentialAction":[{"@type":"ReadAction","target":["https:\/\/www.feyalegria.org\/venezuela\/educacion-universitaria\/"]}]},{"@type":"WebSite","@id":"https:\/\/www.feyalegria.org\/venezuela\/#website","url":"https:\/\/www.feyalegria.org\/venezuela\/","name":"Fe y Alegr\u00eda en Venezuela","description":"","potentialAction":[{"@type":"SearchAction","target":{"@type":"EntryPoint","urlTemplate":"https:\/\/www.feyalegria.org\/venezuela\/?s={search_term_string}"},"query-input":{"@type":"PropertyValueSpecification","valueRequired":true,"valueName":"search_term_string"}}],"inLanguage":"es"}]}},"_links":{"self":[{"href":"https:\/\/www.feyalegria.org\/venezuela\/wp-json\/wp\/v2\/pages\/629","targetHints":{"allow":["GET"]}}],"collection":[{"href":"https:\/\/www.feyalegria.org\/venezuela\/wp-json\/wp\/v2\/pages"}],"about":[{"href":"https:\/\/www.feyalegria.org\/venezuela\/wp-json\/wp\/v2\/types\/page"}],"author":[{"embeddable":true,"href":"https:\/\/www.feyalegria.org\/venezuela\/wp-json\/wp\/v2\/users\/90"}],"replies":[{"embeddable":true,"href":"https:\/\/www.feyalegria.org\/venezuela\/wp-json\/wp\/v2\/comments?post=629"}],"version-history":[{"count":0,"href":"https:\/\/www.feyalegria.org\/venezuela\/wp-json\/wp\/v2\/pages\/629\/revisions"}],"wp:attachment":[{"href":"https:\/\/www.feyalegria.org\/venezuela\/wp-json\/wp\/v2\/media?parent=629"}],"wp:term":[{"taxonomy":"folder","embeddable":true,"href":"https:\/\/www.feyalegria.org\/venezuela\/wp-json\/wp\/v2\/folder?post=629"}],"curies":[{"name":"wp","href":"https:\/\/api.w.org\/{rel}","templated":true}]}}