 {"id":713,"date":"2020-08-01T05:16:37","date_gmt":"2020-08-01T05:16:37","guid":{"rendered":"https:\/\/www.feyalegria.org\/venezuela\/?page_id=713"},"modified":"2025-05-19T19:27:44","modified_gmt":"2025-05-19T19:27:44","slug":"centros-educativos-zona-andes","status":"publish","type":"page","link":"https:\/\/www.feyalegria.org\/venezuela\/centros-educativos-zona-andes\/","title":{"rendered":"Centros educativos Zona Andes"},"content":{"rendered":"<div class=\"wpb-content-wrapper\"><p>[vc_row][vc_column width=\u00bb2\/3&#8243;]<div style=\"background-color:;height: 50px\" class=\"nicdark_section  \"><\/div>[\/vc_column][vc_column width=\u00bb1\/3&#8243; css=\u00bb.vc_custom_1596260583144{margin-top: -35px !important;padding-left: 40px !important;}\u00bb]<a href=\"https:\/\/www.feyalegria.org\/venezuela\/directorio-fe-y-alegria-escuela\/\" title=\"Directorio\"  data-id=\"mpc_button-5369e1551f056ed\" class=\"mpc-button mpc-init mpc-transition mpc-typography--default \" ><div class=\"mpc-button__content mpc-effect-type--none mpc-effect-side--none\"><span class=\"mpc-button__title mpc-transition\">Volver al Directorio<\/span><\/div><div class=\"mpc-button__background mpc-transition mpc-effect-type--fade mpc-effect-side--in\"><\/div><\/a>[\/vc_column][\/vc_row][vc_row][vc_column][vc_row_inner][vc_column_inner width=\u00bb1\/3&#8243; css=\u00bb.vc_custom_1596259587901{padding-top: 40px !important;padding-left: 40px !important;}\u00bb][vc_column_text css=\u00bb.vc_custom_1709522936719{margin-top: -30px !important;}\u00bb]<\/p>\n<p><strong>Elvira Parilli de Senior<\/strong><\/p>\n<p>Av. Cuatricentenario, Bocon\u00f3,<br \/>\nestado Trujillo.<br \/>\n(0274) 652 6107<\/p>\n<p><a href=\"mailto:epsenior.mer@feyalegria.edu.ve\">epsenior.mer@feyalegria.edu.ve<\/a>[\/vc_column_text][vc_separator color=\u00bbmulled_wine\u00bb align=\u00bbalign_left\u00bb style=\u00bbshadow\u00bb el_width=\u00bb50&#8243;][vc_column_text css=\u00bb.vc_custom_1709524097206{margin-top: -30px !important;}\u00bb]<\/p>\n<p>&nbsp;<\/p>\n<p><strong>Hna. Felisa Elustondo<\/strong><\/p>\n<p>Tacarica, San Francisco Bajo, V\u00eda Guaraque,<br \/>\nTovar, estado M\u00e9rida.<br \/>\n(0275) 415 3526<\/p>\n<p><a href=\"mailto:hfelustondo.mer@feyalegria.edu.ve\">hfelustondo.mer@feyalegria.edu.ve<\/a>[\/vc_column_text][vc_separator color=\u00bbmulled_wine\u00bb align=\u00bbalign_left\u00bb style=\u00bbshadow\u00bb el_width=\u00bb50&#8243;][vc_column_text css=\u00bb.vc_custom_1709524308372{margin-top: -30px !important;}\u00bb]<\/p>\n<p>&nbsp;<\/p>\n<p><strong>Mar\u00eda Carroz de P\u00e9rez<\/strong><\/p>\n<p>Santa Cruz del Zulia, Sector El Puerto,<br \/>\nV\u00eda Hacienda San Pedro,<br \/>\nMunicipio Col\u00f3n, estado Zulia.<\/p>\n<p><a href=\"mailto:mccarroz.mer@feyalegria.edu.ve\">mccarroz.mer@feyalegria.edu.ve<\/a>[\/vc_column_text][vc_separator color=\u00bbmulled_wine\u00bb align=\u00bbalign_left\u00bb style=\u00bbshadow\u00bb el_width=\u00bb50&#8243;][vc_column_text css=\u00bb.vc_custom_1709524155341{margin-top: -30px !important;}\u00bb]<\/p>\n<p>&nbsp;<\/p>\n<p><strong>Mar\u00eda Luisa de la Pe\u00f1a<\/strong><\/p>\n<p>Calle 3, Sector Chamita,<br \/>\nParroquia El Moralito,<br \/>\nMunicipio Col\u00f3n, estado Zulia.<br \/>\n(0275) 411 1738<\/p>\n<p><a href=\"mailto:mmlapena.mer@feyalegria.edu.ve\">mmlapena.mer@feyalegria.edu.ve<\/a>[\/vc_column_text][vc_separator color=\u00bbmulled_wine\u00bb align=\u00bbalign_left\u00bb style=\u00bbshadow\u00bb el_width=\u00bb50&#8243;][\/vc_column_inner][vc_column_inner width=\u00bb1\/3&#8243; css=\u00bb.vc_custom_1596259609387{padding-top: 40px !important;padding-left: 40px !important;}\u00bb][vc_column_text css=\u00bb.vc_custom_1709523119653{margin-top: -30px !important;}\u00bb]<\/p>\n<p><strong>San Francisco de As\u00eds<\/strong><\/p>\n<p>Urb. Jos\u00e9 Adelmo Guti\u00e9rrez, parte baja,<br \/>\ncalle principal; Ejido, estado M\u00e9rida<br \/>\n(0412) 958 4404<\/p>\n<p><a href=\"mailto:sfasis.mer@feyalegria.edu.ve\">sfasis.mer@feyalegria.edu.ve<\/a>[\/vc_column_text][vc_separator color=\u00bbmulled_wine\u00bb align=\u00bbalign_left\u00bb style=\u00bbshadow\u00bb el_width=\u00bb50&#8243;][vc_column_text css=\u00bb.vc_custom_1709524067952{margin-top: -30px !important;}\u00bb]<\/p>\n<p>&nbsp;<\/p>\n<p><strong>San Javier del Valle<\/strong><\/p>\n<p>San Javier del Valle Grande, Calle principal,<br \/>\nV\u00eda La Culata, M\u00e9rida, estado M\u00e9rida.<br \/>\n(0412) 546 3602<\/p>\n<p><a href=\"mailto:sjvalle.mer@feyalegria.edu.ve\">sjvalle.mer@feyalegria.edu.ve<\/a>[\/vc_column_text][vc_separator color=\u00bbmulled_wine\u00bb align=\u00bbalign_left\u00bb style=\u00bbshadow\u00bb el_width=\u00bb50&#8243;][vc_column_text css=\u00bb.vc_custom_1709524318890{margin-top: -30px !important;}\u00bb]<\/p>\n<p>&nbsp;<\/p>\n<p><strong>Santiago de Onia<\/strong><br \/>\nCarretera Panamericana, V\u00eda Represa<br \/>\nR\u00edo Onia, El Vig\u00eda, estado M\u00e9rida.<\/p>\n<p><a href=\"mailto:sdonia.mer@feyalegria.edu.ve\">sdonia.mer@feyalegria.edu.ve<\/a>[\/vc_column_text][vc_separator color=\u00bbmulled_wine\u00bb align=\u00bbalign_left\u00bb style=\u00bbshadow\u00bb el_width=\u00bb50&#8243;][vc_column_text css=\u00bb.vc_custom_1709524164754{margin-top: -30px !important;}\u00bb]<\/p>\n<p>&nbsp;<\/p>\n<p><strong>Timoteo Aguirre Pe<\/strong><\/p>\n<p>San Javier del Valle Grande,<br \/>\nCalle principal, V\u00eda La Culata,<br \/>\nM\u00e9rida, estado M\u00e9rida.<br \/>\n(0412) 274 4783<\/p>\n<p><a href=\"mailto:taguirre.mer@feyalegria.edu.ve\">taguirre.mer@feyalegria.edu.ve<\/a>[\/vc_column_text][vc_separator color=\u00bbmulled_wine\u00bb align=\u00bbalign_left\u00bb style=\u00bbshadow\u00bb el_width=\u00bb50&#8243;][\/vc_column_inner][vc_column_inner width=\u00bb1\/3&#8243; css=\u00bb.vc_custom_1596259621316{padding-top: 40px !important;padding-left: 40px !important;}\u00bb][vc_column_text css=\u00bb.vc_custom_1709523231465{margin-top: -30px !important;}\u00bb]<\/p>\n<p><strong>Padre Madariaga<\/strong><\/p>\n<p>Loma de los Maitines, Sector Los Grillos,<br \/>\nM\u00e9rida, estado M\u00e9rida.<br \/>\n(0424) 732 3382<\/p>\n<p><a href=\"mailto:pmadariaga.mer@feyalegria.edu.ve\">pmadariaga.mer@feyalegria.edu.ve<\/a>[\/vc_column_text][vc_separator color=\u00bbmulled_wine\u00bb align=\u00bbalign_left\u00bb style=\u00bbshadow\u00bb el_width=\u00bb50&#8243;][vc_column_text css=\u00bb.vc_custom_1709524107303{margin-top: -30px !important;}\u00bb]<\/p>\n<p>&nbsp;<\/p>\n<p><strong>Tovar<\/strong><br \/>\nCarretera 6, N\u00b0 7-10, El Corozo,<br \/>\nTovar, estado M\u00e9rida.<br \/>\n(0275) 873 2048<\/p>\n<p><a href=\"mailto:tovar.mer@feyalegria.edu.ve\">tovar.mer@feyalegria.edu.ve<\/a>[\/vc_column_text][vc_separator color=\u00bbmulled_wine\u00bb align=\u00bbalign_left\u00bb style=\u00bbshadow\u00bb el_width=\u00bb50&#8243;][vc_column_text css=\u00bb.vc_custom_1709524336434{margin-top: -30px !important;}\u00bb]<\/p>\n<p>&nbsp;<\/p>\n<p><strong>Mar\u00eda Rosa Molas<\/strong><\/p>\n<p>Calle Santa Lucia, diagonal al IUT,<br \/>\nEl Pinar, estado M\u00e9rida.<\/p>\n<p><a href=\"mailto:smrmolas.mer@feyalegria.edu.ve\">smrmolas.mer@feyalegria.edu.ve<\/a>[\/vc_column_text][vc_separator color=\u00bbmulled_wine\u00bb align=\u00bbalign_left\u00bb style=\u00bbshadow\u00bb el_width=\u00bb50&#8243;][vc_column_text css=\u00bb.vc_custom_1709524122350{margin-top: -30px !important;}\u00bb]<\/p>\n<p>&nbsp;<\/p>\n<p><strong>Gonzalo Senior<\/strong><br \/>\nAv. Jos\u00e9 Faure, entrada a San Luis, Las Lomas,<br \/>\nValera, estado Trujillo.<br \/>\n(0271) 225 0098<\/p>\n<p><a href=\"mailto:gsenior.mer@feyalegria.edu.ve\">gsenior.mer@feyalegria.edu.ve<\/a>[\/vc_column_text][vc_separator color=\u00bbmulled_wine\u00bb align=\u00bbalign_left\u00bb style=\u00bbshadow\u00bb el_width=\u00bb50&#8243;][\/vc_column_inner][\/vc_row_inner][\/vc_column][\/vc_row][vc_row][vc_column]<div style=\"background-color:;height: 100px\" class=\"nicdark_section  \"><\/div>[\/vc_column][\/vc_row]<\/p>\n<\/div>","protected":false},"excerpt":{"rendered":"<p>[vc_row][vc_column width=\u00bb2\/3&#8243;][\/vc_column][vc_column width=\u00bb1\/3&#8243; css=\u00bb.vc_custom_1596260583144{margin-top: -35px !important;padding-left: 40px !important;}\u00bb][\/vc_column][\/vc_row][vc_row][vc_column][vc_row_inner][vc_column_inner width=\u00bb1\/3&#8243; css=\u00bb.vc_custom_1596259587901{padding-top: 40px !important;padding-left: 40px !important;}\u00bb][vc_column_text css=\u00bb.vc_custom_1709522936719{margin-top: -30px !important;}\u00bb] Elvira Parilli de Senior Av. Cuatricentenario, Bocon\u00f3, estado Trujillo. (0274) 652 6107 epsenior.mer@feyalegria.edu.ve[\/vc_column_text][vc_separator color=\u00bbmulled_wine\u00bb align=\u00bbalign_left\u00bb style=\u00bbshadow\u00bb el_width=\u00bb50&#8243;][vc_column_text css=\u00bb.vc_custom_1709524097206{margin-top: -30px !important;}\u00bb] &nbsp; Hna. Felisa Elustondo Tacarica, San Francisco Bajo, V\u00eda Guaraque, Tovar, estado M\u00e9rida. (0275) 415 3526 hfelustondo.mer@feyalegria.edu.ve[\/vc_column_text][vc_separator color=\u00bbmulled_wine\u00bb<\/p>\n","protected":false},"author":90,"featured_media":0,"parent":0,"menu_order":0,"comment_status":"closed","ping_status":"closed","template":"","meta":{"_acf_changed":false,"footnotes":""},"folder":[],"class_list":["post-713","page","type-page","status-publish","hentry"],"acf":[],"yoast_head":"<!-- This site is optimized with the Yoast SEO plugin v27.2 - https:\/\/yoast.com\/product\/yoast-seo-wordpress\/ -->\n<title>Centros educativos Zona Andes - Fe y Alegr\u00eda en Venezuela<\/title>\n<meta name=\"robots\" content=\"index, follow, max-snippet:-1, max-image-preview:large, max-video-preview:-1\" \/>\n<link rel=\"canonical\" href=\"https:\/\/www.feyalegria.org\/venezuela\/centros-educativos-zona-andes\/\" \/>\n<meta property=\"og:locale\" content=\"es_ES\" \/>\n<meta property=\"og:type\" content=\"article\" \/>\n<meta property=\"og:title\" content=\"Centros educativos Zona Andes - Fe y Alegr\u00eda en Venezuela\" \/>\n<meta property=\"og:description\" content=\"[vc_row][vc_column width=\u00bb2\/3&#8243;][\/vc_column][vc_column width=\u00bb1\/3&#8243; css=\u00bb.vc_custom_1596260583144{margin-top: -35px !important;padding-left: 40px !important;}\u00bb][\/vc_column][\/vc_row][vc_row][vc_column][vc_row_inner][vc_column_inner width=\u00bb1\/3&#8243; css=\u00bb.vc_custom_1596259587901{padding-top: 40px !important;padding-left: 40px !important;}\u00bb][vc_column_text css=\u00bb.vc_custom_1709522936719{margin-top: -30px !important;}\u00bb] Elvira Parilli de Senior Av. Cuatricentenario, Bocon\u00f3, estado Trujillo. (0274) 652 6107 epsenior.mer@feyalegria.edu.ve[\/vc_column_text][vc_separator color=\u00bbmulled_wine\u00bb align=\u00bbalign_left\u00bb style=\u00bbshadow\u00bb el_width=\u00bb50&#8243;][vc_column_text css=\u00bb.vc_custom_1709524097206{margin-top: -30px !important;}\u00bb] &nbsp; Hna. Felisa Elustondo Tacarica, San Francisco Bajo, V\u00eda Guaraque, Tovar, estado M\u00e9rida. (0275) 415 3526 hfelustondo.mer@feyalegria.edu.ve[\/vc_column_text][vc_separator color=\u00bbmulled_wine\u00bb\" \/>\n<meta property=\"og:url\" content=\"https:\/\/www.feyalegria.org\/venezuela\/centros-educativos-zona-andes\/\" \/>\n<meta property=\"og:site_name\" content=\"Fe y Alegr\u00eda en Venezuela\" \/>\n<meta property=\"article:modified_time\" content=\"2025-05-19T19:27:44+00:00\" \/>\n<meta name=\"twitter:card\" content=\"summary_large_image\" \/>\n<meta name=\"twitter:label1\" content=\"Tiempo de lectura\" \/>\n\t<meta name=\"twitter:data1\" content=\"2 minutos\" \/>\n<script type=\"application\/ld+json\" class=\"yoast-schema-graph\">{\"@context\":\"https:\/\/schema.org\",\"@graph\":[{\"@type\":\"WebPage\",\"@id\":\"https:\/\/www.feyalegria.org\/venezuela\/centros-educativos-zona-andes\/\",\"url\":\"https:\/\/www.feyalegria.org\/venezuela\/centros-educativos-zona-andes\/\",\"name\":\"Centros educativos Zona Andes - Fe y Alegr\u00eda en Venezuela\",\"isPartOf\":{\"@id\":\"https:\/\/www.feyalegria.org\/venezuela\/#website\"},\"datePublished\":\"2020-08-01T05:16:37+00:00\",\"dateModified\":\"2025-05-19T19:27:44+00:00\",\"inLanguage\":\"es\",\"potentialAction\":[{\"@type\":\"ReadAction\",\"target\":[\"https:\/\/www.feyalegria.org\/venezuela\/centros-educativos-zona-andes\/\"]}]},{\"@type\":\"WebSite\",\"@id\":\"https:\/\/www.feyalegria.org\/venezuela\/#website\",\"url\":\"https:\/\/www.feyalegria.org\/venezuela\/\",\"name\":\"Fe y Alegr\u00eda en Venezuela\",\"description\":\"\",\"potentialAction\":[{\"@type\":\"SearchAction\",\"target\":{\"@type\":\"EntryPoint\",\"urlTemplate\":\"https:\/\/www.feyalegria.org\/venezuela\/?s={search_term_string}\"},\"query-input\":{\"@type\":\"PropertyValueSpecification\",\"valueRequired\":true,\"valueName\":\"search_term_string\"}}],\"inLanguage\":\"es\"}]}<\/script>\n<!-- \/ Yoast SEO plugin. -->","yoast_head_json":{"title":"Centros educativos Zona Andes - Fe y Alegr\u00eda en Venezuela","robots":{"index":"index","follow":"follow","max-snippet":"max-snippet:-1","max-image-preview":"max-image-preview:large","max-video-preview":"max-video-preview:-1"},"canonical":"https:\/\/www.feyalegria.org\/venezuela\/centros-educativos-zona-andes\/","og_locale":"es_ES","og_type":"article","og_title":"Centros educativos Zona Andes - Fe y Alegr\u00eda en Venezuela","og_description":"[vc_row][vc_column width=\u00bb2\/3&#8243;][\/vc_column][vc_column width=\u00bb1\/3&#8243; css=\u00bb.vc_custom_1596260583144{margin-top: -35px !important;padding-left: 40px !important;}\u00bb][\/vc_column][\/vc_row][vc_row][vc_column][vc_row_inner][vc_column_inner width=\u00bb1\/3&#8243; css=\u00bb.vc_custom_1596259587901{padding-top: 40px !important;padding-left: 40px !important;}\u00bb][vc_column_text css=\u00bb.vc_custom_1709522936719{margin-top: -30px !important;}\u00bb] Elvira Parilli de Senior Av. Cuatricentenario, Bocon\u00f3, estado Trujillo. (0274) 652 6107 epsenior.mer@feyalegria.edu.ve[\/vc_column_text][vc_separator color=\u00bbmulled_wine\u00bb align=\u00bbalign_left\u00bb style=\u00bbshadow\u00bb el_width=\u00bb50&#8243;][vc_column_text css=\u00bb.vc_custom_1709524097206{margin-top: -30px !important;}\u00bb] &nbsp; Hna. Felisa Elustondo Tacarica, San Francisco Bajo, V\u00eda Guaraque, Tovar, estado M\u00e9rida. (0275) 415 3526 hfelustondo.mer@feyalegria.edu.ve[\/vc_column_text][vc_separator color=\u00bbmulled_wine\u00bb","og_url":"https:\/\/www.feyalegria.org\/venezuela\/centros-educativos-zona-andes\/","og_site_name":"Fe y Alegr\u00eda en Venezuela","article_modified_time":"2025-05-19T19:27:44+00:00","twitter_card":"summary_large_image","twitter_misc":{"Tiempo de lectura":"2 minutos"},"schema":{"@context":"https:\/\/schema.org","@graph":[{"@type":"WebPage","@id":"https:\/\/www.feyalegria.org\/venezuela\/centros-educativos-zona-andes\/","url":"https:\/\/www.feyalegria.org\/venezuela\/centros-educativos-zona-andes\/","name":"Centros educativos Zona Andes - Fe y Alegr\u00eda en Venezuela","isPartOf":{"@id":"https:\/\/www.feyalegria.org\/venezuela\/#website"},"datePublished":"2020-08-01T05:16:37+00:00","dateModified":"2025-05-19T19:27:44+00:00","inLanguage":"es","potentialAction":[{"@type":"ReadAction","target":["https:\/\/www.feyalegria.org\/venezuela\/centros-educativos-zona-andes\/"]}]},{"@type":"WebSite","@id":"https:\/\/www.feyalegria.org\/venezuela\/#website","url":"https:\/\/www.feyalegria.org\/venezuela\/","name":"Fe y Alegr\u00eda en Venezuela","description":"","potentialAction":[{"@type":"SearchAction","target":{"@type":"EntryPoint","urlTemplate":"https:\/\/www.feyalegria.org\/venezuela\/?s={search_term_string}"},"query-input":{"@type":"PropertyValueSpecification","valueRequired":true,"valueName":"search_term_string"}}],"inLanguage":"es"}]}},"_links":{"self":[{"href":"https:\/\/www.feyalegria.org\/venezuela\/wp-json\/wp\/v2\/pages\/713","targetHints":{"allow":["GET"]}}],"collection":[{"href":"https:\/\/www.feyalegria.org\/venezuela\/wp-json\/wp\/v2\/pages"}],"about":[{"href":"https:\/\/www.feyalegria.org\/venezuela\/wp-json\/wp\/v2\/types\/page"}],"author":[{"embeddable":true,"href":"https:\/\/www.feyalegria.org\/venezuela\/wp-json\/wp\/v2\/users\/90"}],"replies":[{"embeddable":true,"href":"https:\/\/www.feyalegria.org\/venezuela\/wp-json\/wp\/v2\/comments?post=713"}],"version-history":[{"count":0,"href":"https:\/\/www.feyalegria.org\/venezuela\/wp-json\/wp\/v2\/pages\/713\/revisions"}],"wp:attachment":[{"href":"https:\/\/www.feyalegria.org\/venezuela\/wp-json\/wp\/v2\/media?parent=713"}],"wp:term":[{"taxonomy":"folder","embeddable":true,"href":"https:\/\/www.feyalegria.org\/venezuela\/wp-json\/wp\/v2\/folder?post=713"}],"curies":[{"name":"wp","href":"https:\/\/api.w.org\/{rel}","templated":true}]}}