 {"id":723,"date":"2020-08-01T05:49:30","date_gmt":"2020-08-01T05:49:30","guid":{"rendered":"https:\/\/www.feyalegria.org\/venezuela\/?page_id=723"},"modified":"2025-05-19T19:29:49","modified_gmt":"2025-05-19T19:29:49","slug":"centros-educativos-zona-guayana","status":"publish","type":"page","link":"https:\/\/www.feyalegria.org\/venezuela\/centros-educativos-zona-guayana\/","title":{"rendered":"Centros educativos Zona Guayana"},"content":{"rendered":"<div class=\"wpb-content-wrapper\"><p>[vc_row][vc_column width=\u00bb2\/3&#8243;]<div style=\"background-color:;height: 50px\" class=\"nicdark_section  \"><\/div>[\/vc_column][vc_column width=\u00bb1\/3&#8243; css=\u00bb.vc_custom_1596260583144{margin-top: -35px !important;padding-left: 40px !important;}\u00bb]<a href=\"https:\/\/www.feyalegria.org\/venezuela\/directorio-fe-y-alegria-escuela\/\" title=\"Directorio\"  data-id=\"mpc_button-6969e154ee5f1a0\" class=\"mpc-button mpc-init mpc-transition \" ><div class=\"mpc-button__content mpc-effect-type--none mpc-effect-side--none\"><span class=\"mpc-button__title mpc-transition\">Volver al Directorio<\/span><\/div><div class=\"mpc-button__background mpc-transition mpc-effect-type--fade mpc-effect-side--in\"><\/div><\/a>[\/vc_column][\/vc_row][vc_row][vc_column][vc_row_inner][vc_column_inner width=\u00bb1\/3&#8243; css=\u00bb.vc_custom_1596259587901{padding-top: 40px !important;padding-left: 40px !important;}\u00bb][vc_column_text css=\u00bb.vc_custom_1709580966161{margin-top: -30px !important;}\u00bb]<\/p>\n<p>&nbsp;<\/p>\n<p><strong>25 de Marzo<\/strong><\/p>\n<p>Calle Sucre, Barrio 25 de Marzo,<br \/>\nSector III, San F\u00e9lix,<br \/>\nestado Bol\u00edvar.<br \/>\n(0286) 719 3133<\/p>\n<p><a href=\"mailto:25MARZO.GUA@FEYALEGRIA.EDU.VE\">25marzo.gua@feyalegria.edu.ve<\/a>[\/vc_column_text][vc_separator color=\u00bbmulled_wine\u00bb align=\u00bbalign_left\u00bb style=\u00bbshadow\u00bb el_width=\u00bb50&#8243;][vc_column_text css=\u00bb.vc_custom_1709581125993{margin-top: -30px !important;}\u00bb]<\/p>\n<p>&nbsp;<\/p>\n<p><strong>Caron\u00ed<\/strong><\/p>\n<p>Carrera Jos\u00e9 Mar\u00eda Samper,<br \/>\nUD 146,<br \/>\nSan F\u00e9lix, estado Bol\u00edvar.<br \/>\n(0286) 931 9032 | 9626730<\/p>\n<p><a href=\"mailto:CARONI.GUA@FEYALEGRIA.EDU.VE\">CARONI.GUA@FEYALEGRIA.EDU.VE<\/a>[\/vc_column_text][vc_separator color=\u00bbmulled_wine\u00bb align=\u00bbalign_left\u00bb style=\u00bbshadow\u00bb el_width=\u00bb50&#8243;][vc_column_text css=\u00bb.vc_custom_1709581288628{margin-top: -30px !important;}\u00bb]<\/p>\n<p>&nbsp;<\/p>\n<p><strong>El Dorado<\/strong><\/p>\n<p>Calle Principal,<br \/>\nBarrio La Salvaci\u00f3n,<br \/>\nEl Dorado, estado Bol\u00edvar.<br \/>\n(0288) 808 3782<\/p>\n<p><a href=\"mailto:dorado.gua@feyalegria.edu.ve\">dorado.gua@feyalegria.edu.ve<\/a>[\/vc_column_text][vc_separator color=\u00bbmulled_wine\u00bb align=\u00bbalign_left\u00bb style=\u00bbshadow\u00bb el_width=\u00bb50&#8243;][vc_column_text css=\u00bb.vc_custom_1709581441206{margin-top: -30px !important;}\u00bb]<\/p>\n<p><strong>Gran Sabana<\/strong><\/p>\n<p>Urb. Gran Sabana, Manzana 64,<br \/>\nSector A, Puerto Ordaz,<br \/>\nestado Bol\u00edvar.<br \/>\n(0286) 995 0286<\/p>\n<p><a href=\"mailto:gsabana.gua@feyalegria.org.ve\">gsabana.gua@feyalegria.org.ve<\/a>[\/vc_column_text][vc_separator color=\u00bbmulled_wine\u00bb align=\u00bbalign_left\u00bb style=\u00bbshadow\u00bb el_width=\u00bb50&#8243;][vc_column_text css=\u00bb.vc_custom_1709581669830{margin-top: -30px !important;}\u00bb]<\/p>\n<p>&nbsp;<\/p>\n<p><strong>Jes\u00fas Rafael Soto<\/strong><br \/>\nUrb. Unare 2, Sector 2, Calle 2,<br \/>\nManzana 4, Puerto Ordaz,<br \/>\nestado Bol\u00edvar.<br \/>\n(0286) 953 5440<\/p>\n<p>jrsoto.gua@feyalegria.edu.ve[\/vc_column_text][vc_separator color=\u00bbmulled_wine\u00bb align=\u00bbalign_left\u00bb style=\u00bbshadow\u00bb el_width=\u00bb50&#8243;][vc_column_text css=\u00bb.vc_custom_1709581844733{margin-top: -30px !important;}\u00bb]<\/p>\n<p>&nbsp;<\/p>\n<p><strong>La Inmaculada<\/strong><\/p>\n<p>Av. Urdaneta, C\/C Calle Fe y Alegr\u00eda,<br \/>\nBarrio Brisas del Orinoco,<br \/>\nCiudad Bol\u00edvar, estado Bol\u00edvar.<br \/>\n(0285) 651 6944<\/p>\n<p><a href=\"mailto:inmaculada.gua@feyalegria.edu.ve\">inmaculada.gua@feyalegria.edu.ve<\/a>[\/vc_column_text][vc_separator color=\u00bbmulled_wine\u00bb align=\u00bbalign_left\u00bb style=\u00bbshadow\u00bb el_width=\u00bb50&#8243;][vc_column_text css=\u00bb.vc_custom_1709582155043{margin-top: -30px !important;}\u00bb]<\/p>\n<p>&nbsp;<\/p>\n<p><strong>Mar\u00eda Teresa del Toro<\/strong><\/p>\n<p>UD-128, Brisas del Orinoco, Manz. 36<br \/>\nZona Industrial R\u00edo Claro,<br \/>\nSan F\u00e9lix, estado Bol\u00edvar.<br \/>\n(0414) 936 1543<\/p>\n<p><a href=\"mailto:mttdeltoro.gua@feyalegria.edu.ve\">mttdeltoro.gua@feyalegria.edu.ve<\/a>[\/vc_column_text][vc_separator color=\u00bbmulled_wine\u00bb align=\u00bbalign_left\u00bb style=\u00bbshadow\u00bb el_width=\u00bb50&#8243;][vc_column_text css=\u00bb.vc_custom_1709582357806{margin-top: -30px !important;}\u00bb]<\/p>\n<p>&nbsp;<\/p>\n<p><strong>Nuestra Se\u00f1ora de Bel\u00e9n<\/strong><\/p>\n<p>Calle Vargas c\/c Mart\u00ed, Sector Fe y Alegr\u00eda,<br \/>\nTumeremo, estado Bol\u00edvar.<br \/>\n(0288) 771 0556<\/p>\n<p><a href=\"mailto:nsdbelen.gua@feyalegria.edu.ve\">nsdbelen.gua@feyalegria.edu.ve<\/a>[\/vc_column_text][vc_separator color=\u00bbmulled_wine\u00bb align=\u00bbalign_left\u00bb style=\u00bbshadow\u00bb el_width=\u00bb50&#8243;][vc_column_text css=\u00bb.vc_custom_1709582539067{margin-top: -30px !important;}\u00bb]<\/p>\n<p>&nbsp;<\/p>\n<p><strong>P. Luis Mar\u00eda Olaso<\/strong><\/p>\n<p>Barrio Brisas del Orinoco,<br \/>\nCiudad Bol\u00edvar, estado Bol\u00edvar.<br \/>\n(0285) 651 5075<\/p>\n<p><a href=\"mailto:lmolaso.gua@feyalegria.edu.ve\">lmolaso.gua@feyalegria.edu.ve<\/a>[\/vc_column_text][vc_separator color=\u00bbmulled_wine\u00bb align=\u00bbalign_left\u00bb style=\u00bbshadow\u00bb el_width=\u00bb50&#8243;][vc_column_text css=\u00bb.vc_custom_1596508130656{margin-top: -30px !important;}\u00bb]<\/p>\n<p>&nbsp;<\/p>\n<p><strong>San Miguel de Betania<\/strong><\/p>\n<p>V\u00eda Santa Elena de Uair\u00e9n,<br \/>\nKm 67, estado Bol\u00edvar.<br \/>\n(0288) 440 2671<\/p>\n<p>[\/vc_column_text][vc_separator color=\u00bbmulled_wine\u00bb align=\u00bbalign_left\u00bb style=\u00bbshadow\u00bb el_width=\u00bb50&#8243;][vc_column_text css=\u00bb.vc_custom_1709582909048{margin-top: -30px !important;}\u00bb]<\/p>\n<p>&nbsp;<\/p>\n<p><strong>Sierra Caron\u00ed<\/strong><\/p>\n<p>Carretera V\u00eda El Pao, Km 31,<br \/>\nAsentamiento Campesino Sierra Caron\u00ed,<br \/>\nGuayana, estado Bol\u00edvar.<br \/>\n(0414) 016 4234<\/p>\n<p><a href=\"mailto:admsierracaroni@gmail.com\">admsierracaroni@gmail.com<\/a>[\/vc_column_text][vc_separator color=\u00bbmulled_wine\u00bb align=\u00bbalign_left\u00bb style=\u00bbshadow\u00bb el_width=\u00bb50&#8243;][vc_column_text css=\u00bb.vc_custom_1709583135563{margin-top: -30px !important;}\u00bb]<\/p>\n<p>&nbsp;<\/p>\n<p><strong>Virgen Ni\u00f1a<\/strong><\/p>\n<p>Unare II, Sector I, Calle 7,<br \/>\nPuerto Ordaz, estado Bol\u00edvar.<br \/>\n(0286) 951 3666 | 951 3840<\/p>\n<p><a href=\"mailto:VNINA.GUA@FEYALEGRIA.EDU.VE\">VNINA.GUA@FEYALEGRIA.EDU.VE<\/a>[\/vc_column_text][vc_separator color=\u00bbmulled_wine\u00bb align=\u00bbalign_left\u00bb style=\u00bbshadow\u00bb el_width=\u00bb50&#8243;][\/vc_column_inner][vc_column_inner width=\u00bb1\/3&#8243; css=\u00bb.vc_custom_1596259609387{padding-top: 40px !important;padding-left: 40px !important;}\u00bb][vc_column_text css=\u00bb.vc_custom_1709581026400{margin-top: -30px !important;}\u00bb]<\/p>\n<p>&nbsp;<\/p>\n<p><strong>Antonio Lauro <\/strong><br \/>\nParcelamiento Francisca Duarte, Sector 3,<br \/>\ncalle Principal V\u00eda El Pao,<br \/>\nSan F\u00e9lix, estado Bol\u00edvar.<br \/>\n(0416) 183 1874<\/p>\n<p><a href=\"mailto:ANTONIOLAURO2@GMAIL.COM\">ANTONIOLAURO2@GMAIL.COM<\/a>[\/vc_column_text][vc_separator color=\u00bbmulled_wine\u00bb align=\u00bbalign_left\u00bb style=\u00bbshadow\u00bb el_width=\u00bb50&#8243;][vc_column_text css=\u00bb.vc_custom_1709581181668{margin-top: -30px !important;}\u00bb]<\/p>\n<p>&nbsp;<\/p>\n<p><strong>Caruto<\/strong><br \/>\nBarrio San Rafael, Calle Rub\u00e9n Alcal\u00e1,<br \/>\nCaicara del Orinoco,<br \/>\nCiudad Bol\u00edvar, estado Bol\u00edvar.<br \/>\n(0284) 666 7613<\/p>\n<p><a href=\"mailto:CARUTO.GUA@FEYALEGRIA.EDU.VE\">CARUTO.GUA@FEYALEGRIA.EDU.VE<\/a>[\/vc_column_text][vc_separator color=\u00bbmulled_wine\u00bb align=\u00bbalign_left\u00bb style=\u00bbshadow\u00bb el_width=\u00bb50&#8243;][vc_column_text css=\u00bb.vc_custom_1709581328503{margin-top: -30px !important;}\u00bb]<\/p>\n<p>&nbsp;<\/p>\n<p><strong>El Pao<\/strong><br \/>\nKm 32 Carretera V\u00eda El Pao,<br \/>\nSector Sierra Caron\u00ed,<br \/>\nSan F\u00e9lix, Estado Bol\u00edvar<br \/>\n(0426) 195 6813<\/p>\n<p><a href=\"mailto:pao.gua@feyalegria.edu.ve\">pao.gua@feyalegria.edu.ve<\/a>[\/vc_column_text][vc_separator color=\u00bbmulled_wine\u00bb align=\u00bbalign_left\u00bb style=\u00bbshadow\u00bb el_width=\u00bb50&#8243;][vc_column_text css=\u00bb.vc_custom_1709581559710{margin-top: -30px !important;}\u00bb]<\/p>\n<p>&nbsp;<\/p>\n<p><strong>Integraci\u00f3n Alto Caura<\/strong><br \/>\nSanta Mar\u00eda de Erebato,<br \/>\nestado Bol\u00edvar.<br \/>\n(0285) 651 5075<br \/>\n<a href=\"mailto:caurafeyalegria@yahoo.es\" target=\"_blank\" rel=\"noopener noreferrer\">caurafeyalegria@yahoo.es <\/a><\/p>\n<p>[\/vc_column_text][vc_separator color=\u00bbmulled_wine\u00bb align=\u00bbalign_left\u00bb style=\u00bbshadow\u00bb el_width=\u00bb50&#8243;][vc_column_text css=\u00bb.vc_custom_1709581761747{margin-top: -30px !important;}\u00bb]<\/p>\n<p>&nbsp;<\/p>\n<p><strong>Jos\u00e9 Mar\u00eda V\u00e9laz<\/strong><br \/>\nAv. La Paragua,<br \/>\nBarrio Trinidad I,<br \/>\nCiudad Bol\u00edvar, estado Bol\u00edvar.<br \/>\n(0286) 631 6362<\/p>\n<p><a href=\"mailto:uecjosemariavelazfya@gmail.com\">uecjosemariavelazfya@gmail.com<\/a>[\/vc_column_text][vc_separator color=\u00bbmulled_wine\u00bb align=\u00bbalign_left\u00bb style=\u00bbshadow\u00bb el_width=\u00bb50&#8243;][vc_column_text css=\u00bb.vc_custom_1709581889028{margin-top: -30px !important;}\u00bb]<\/p>\n<p>&nbsp;<\/p>\n<p><strong>La Victoria<\/strong><br \/>\nBarrio La Victoria, Sector II,<br \/>\nManzana 41, Av. 3,<br \/>\nSan F\u00e9lix, Estado Bol\u00edvar.<\/p>\n<p><a href=\"mailto:LAVICTORIA.GUA@FEYALEGRIA.COM.VE\">LAVICTORIA.GUA@FEYALEGRIA.COM.VE<\/a>[\/vc_column_text][vc_separator color=\u00bbmulled_wine\u00bb align=\u00bbalign_left\u00bb style=\u00bbshadow\u00bb el_width=\u00bb50&#8243;][vc_column_text css=\u00bb.vc_custom_1709582204169{margin-top: -30px !important;}\u00bb]<\/p>\n<p>&nbsp;<\/p>\n<p><strong>Misi\u00f3n Alto Erebato<\/strong><br \/>\nBrisas del Orinoco, Calle Santa Teresa<br \/>\ncon Calle Apure, Ciudad Bol\u00edvar,<br \/>\nestado Bol\u00edvar.<br \/>\n(0285) 651 5075<\/p>\n<p><a href=\"mailto:erebatofeyalegria@yahoo.es\" target=\"_blank\" rel=\"noopener noreferrer\">erebatofeyalegria@yahoo.es <\/a>[\/vc_column_text][vc_separator color=\u00bbmulled_wine\u00bb align=\u00bbalign_left\u00bb style=\u00bbshadow\u00bb el_width=\u00bb50&#8243;][vc_column_text css=\u00bb.vc_custom_1709582416653{margin-top: -30px !important;}\u00bb]<\/p>\n<p>&nbsp;<\/p>\n<p><strong>Nueva Claritas<\/strong><br \/>\nKm 85 de El Dorado, Nueva Claritas,<br \/>\nestado Bol\u00edvar.<br \/>\n(0288) 771 0718<\/p>\n<p><a href=\"mailto:nclaritas.gua@feyalegria.edu.ve\">nclaritas.gua@feyalegria.edu.ve<\/a>[\/vc_column_text][vc_separator color=\u00bbmulled_wine\u00bb align=\u00bbalign_left\u00bb style=\u00bbshadow\u00bb el_width=\u00bb50&#8243;][vc_column_text css=\u00bb.vc_custom_1709582622548{margin-top: -30px !important;}\u00bb]<\/p>\n<p>&nbsp;<\/p>\n<p><strong>Pablo VI<\/strong><br \/>\nBuen Retiro, Sector 1, Calle Monagas,<br \/>\nSan F\u00e9lix, Estado Bol\u00edvar.<br \/>\n(0286) 974 9989<\/p>\n<p><a href=\"mailto:pablovi.gua@feyalegria.edu.ve\">pablovi.gua@feyalegria.edu.ve<\/a>[\/vc_column_text][vc_separator color=\u00bbmulled_wine\u00bb align=\u00bbalign_left\u00bb style=\u00bbshadow\u00bb el_width=\u00bb50&#8243;][vc_column_text css=\u00bb.vc_custom_1709582793320{margin-top: -30px !important;}\u00bb]<\/p>\n<p>&nbsp;<\/p>\n<p><strong>Santa Joaquina<\/strong><br \/>\nUrb. Las Amazonas, Sector A, Manzana 38,<br \/>\nPuerto Ordaz, estado Bol\u00edvar.<br \/>\n(0285) 995 2310<\/p>\n<p><a href=\"mailto:sjoaquina.gua@feyalegria.edu.ve\">sjoaquina.gua@feyalegria.edu.ve<\/a>[\/vc_column_text][vc_separator color=\u00bbmulled_wine\u00bb align=\u00bbalign_left\u00bb style=\u00bbshadow\u00bb el_width=\u00bb50&#8243;][vc_column_text css=\u00bb.vc_custom_1709583032269{margin-top: -30px !important;}\u00bb]<\/p>\n<p>&nbsp;<\/p>\n<p><strong>Sim\u00f3n Rodr\u00edguez<\/strong><br \/>\nCalle La Paragua,<br \/>\nSector 2, Unare II,<br \/>\nPuerto Ordaz, Estado Bol\u00edvar<br \/>\n(0286) 951 0237<\/p>\n<p><a href=\"mailto:etisimon@gmail.com\" target=\"_blank\" rel=\"noopener noreferrer\">etisimon@gmail.com <\/a>[\/vc_column_text][vc_separator color=\u00bbmulled_wine\u00bb align=\u00bbalign_left\u00bb style=\u00bbshadow\u00bb el_width=\u00bb50&#8243;][\/vc_column_inner][vc_column_inner width=\u00bb1\/3&#8243; css=\u00bb.vc_custom_1596259621316{padding-top: 40px !important;padding-left: 40px !important;}\u00bb][vc_column_text css=\u00bb.vc_custom_1709581089472{margin-top: -30px !important;}\u00bb]<\/p>\n<p>&nbsp;<\/p>\n<p><strong>Carmen Sall\u00e9s<\/strong><br \/>\nMorichalito, Piriguaos,<br \/>\nCiudad Bol\u00edvar,<br \/>\nestado Bol\u00edvar.<br \/>\n(0416) 287 7812<\/p>\n<p><a href=\"mailto:csalles.gua@feyalegria.edu.ve\">csalles.gua@feyalegria.edu.ve<\/a>[\/vc_column_text][vc_separator color=\u00bbmulled_wine\u00bb align=\u00bbalign_left\u00bb style=\u00bbshadow\u00bb el_width=\u00bb50&#8243;][vc_column_text css=\u00bb.vc_custom_1709581243405{margin-top: -30px !important;}\u00bb]<\/p>\n<p>&nbsp;<\/p>\n<p><strong>Crisanto Mata Cova<\/strong><br \/>\nBarrio Zanjonote, Calle<br \/>\nJos\u00e9 Gregorio Hern\u00e1ndez,<br \/>\nCiudad Bol\u00edvar, estado Bol\u00edvar.<br \/>\n(0416) 314 4468<\/p>\n<p><a href=\"mailto:mcmcova.gua@feyalegria.edu.ve\">mcmcova.gua@feyalegria.edu.ve<\/a>[\/vc_column_text][vc_separator color=\u00bbmulled_wine\u00bb align=\u00bbalign_left\u00bb style=\u00bbshadow\u00bb el_width=\u00bb50&#8243;][vc_column_text css=\u00bb.vc_custom_1709581385120{margin-top: -30px !important;}\u00bb]<\/p>\n<p>&nbsp;<\/p>\n<p><strong>Gabriela Mistral<\/strong><br \/>\nCalle Principal<br \/>\nBarrio Brisas del Sur,<br \/>\nSan F\u00e9lix, estado Bol\u00edvar.<br \/>\n(0414) 986 1082<\/p>\n<p><a href=\"mailto:feyalegria_gabrielamistral@hotmail.com\">feyalegria_gabrielamistral@hotmail.com<\/a>[\/vc_column_text][vc_separator color=\u00bbmulled_wine\u00bb align=\u00bbalign_left\u00bb style=\u00bbshadow\u00bb el_width=\u00bb50&#8243;][vc_column_text css=\u00bb.vc_custom_1709581615092{margin-top: -30px !important;}\u00bb]<\/p>\n<p>&nbsp;<\/p>\n<p><strong>Jelau Mansawin<\/strong><\/p>\n<p>San Jos\u00e9 de Kayam\u00e1,<br \/>\nSierra de Maig\u00fcalida, Municipio Cede\u00f1o,<br \/>\nestado Bol\u00edvar.<\/p>\n<p><a href=\"mailto:jmansawin.gua@feyalegria.edu.ve\">jmansawin.gua@feyalegria.edu.ve<\/a>[\/vc_column_text][vc_separator color=\u00bbmulled_wine\u00bb align=\u00bbalign_left\u00bb style=\u00bbshadow\u00bb el_width=\u00bb50&#8243;][vc_column_text css=\u00bb.vc_custom_1709581809858{margin-top: -30px !important;}\u00bb]<\/p>\n<p>&nbsp;<\/p>\n<p><strong>La Consolaci\u00f3n<\/strong><\/p>\n<p>Calle 6, Sector 2,<br \/>\nUnare, Puerto Ordaz,<br \/>\nestado Bol\u00edvar.<br \/>\n(0286) 951 3502<\/p>\n<p><a href=\"mailto:CONSOLACION.GUA@FEYALEGRIA.EDU.VE\">CONSOLACION.GUA@FEYALEGRIA.EDU.VE<\/a>[\/vc_column_text][vc_separator color=\u00bbmulled_wine\u00bb align=\u00bbalign_left\u00bb style=\u00bbshadow\u00bb el_width=\u00bb50&#8243;][vc_column_text css=\u00bb.vc_custom_1709581979333{margin-top: -30px !important;}\u00bb]<\/p>\n<p>&nbsp;<\/p>\n<p><strong>Manak Kr\u00fc<\/strong><br \/>\nManak Kr\u00fc, Santa Elena de Uair\u00e9n,<br \/>\nLa Gran Sabana,<br \/>\nestado Bol\u00edvar.<\/p>\n<p><a href=\"mailto:manak-kru.gua@feyalegria.edu.ve\">manak-kru.gua@feyalegria.edu.ve<\/a>[\/vc_column_text][vc_separator color=\u00bbmulled_wine\u00bb align=\u00bbalign_left\u00bb style=\u00bbshadow\u00bb el_width=\u00bb50&#8243;][vc_column_text css=\u00bb.vc_custom_1709582307897{margin-top: -30px !important;}\u00bb]<\/p>\n<p>&nbsp;<\/p>\n<p><strong>N\u00facleo Ind\u00edgena Tumeremo<\/strong><br \/>\nCalle Vargas, Tumeremo,<br \/>\nestado Bol\u00edvar.<\/p>\n<p>(0288) 771 1041<br \/>\n<a href=\"mailto:indigenatumeremo@hotmail.com\" target=\"_blank\" rel=\"noopener noreferrer\">indigenatumeremo@hotmail.com <\/a><\/p>\n<p>[\/vc_column_text][vc_separator color=\u00bbmulled_wine\u00bb align=\u00bbalign_left\u00bb style=\u00bbshadow\u00bb el_width=\u00bb50&#8243;][vc_column_text css=\u00bb.vc_custom_1709582489423{margin-top: -30px !important;}\u00bb]<\/p>\n<p>&nbsp;<\/p>\n<p><strong>Nueva Guayana<\/strong><br \/>\nVista al Sol, Av. Principal, Ruta 1,<br \/>\nII Etapa, San F\u00e9lix, estado Bol\u00edvar.<br \/>\n(0286) 934 2339<\/p>\n<p><a href=\"mailto:nguayana.gua@feyalegria.edu.ve\">nguayana.gua@feyalegria.edu.ve<\/a>[\/vc_column_text][vc_separator color=\u00bbmulled_wine\u00bb align=\u00bbalign_left\u00bb style=\u00bbshadow\u00bb el_width=\u00bb50&#8243;][vc_column_text css=\u00bb.vc_custom_1709582692454{margin-top: -30px !important;}\u00bb]<\/p>\n<p>&nbsp;<\/p>\n<p><strong>Puerto Ordaz<\/strong><br \/>\nCalle Barranca, UD 206, Urb. Mendoza,<br \/>\nPuerto Ordaz, estado Bol\u00edvar.<br \/>\n(0286) 924 0397<\/p>\n<p><a href=\"mailto:feyalegriaptordaz@gmail.com\">feyalegriaptordaz@gmail.com<\/a>[\/vc_column_text][vc_separator color=\u00bbmulled_wine\u00bb align=\u00bbalign_left\u00bb style=\u00bbshadow\u00bb el_width=\u00bb50&#8243;][vc_column_text css=\u00bb.vc_custom_1709582819002{margin-top: -30px !important;}\u00bb]<\/p>\n<p>&nbsp;<\/p>\n<p><strong>Santa Rosa de Lima<\/strong><br \/>\nBarrio Brisas del Sur I, Calle Los Caribes, Ciudad Bol\u00edvar, estado Bol\u00edvar.<br \/>\n(0285) 511 4204<\/p>\n<p><a href=\"mailto:fyasantarosadelima@hotmail.com\" target=\"_blank\" rel=\"noopener noreferrer\">fyasantarosadelima@hotmail.com <\/a>[\/vc_column_text][vc_separator color=\u00bbmulled_wine\u00bb align=\u00bbalign_left\u00bb style=\u00bbshadow\u00bb el_width=\u00bb50&#8243;][vc_column_text css=\u00bb.vc_custom_1709583005242{margin-top: -30px !important;}\u00bb]<\/p>\n<p>&nbsp;<\/p>\n<p><strong>Villa del Sur<\/strong><br \/>\nBarrio Villa del Sur,<br \/>\nCalle El Para\u00edso,<br \/>\nCiudad Bol\u00edvar, estado Bol\u00edvar.<br \/>\n(0412) 525 72583<\/p>\n<p><a href=\"mailto:vdsur.gua@feyalegria.edu.ve\"> vdsur.gua@feyalegria.edu.ve<\/a>[\/vc_column_text][vc_separator color=\u00bbmulled_wine\u00bb align=\u00bbalign_left\u00bb style=\u00bbshadow\u00bb el_width=\u00bb50&#8243;][\/vc_column_inner][\/vc_row_inner][\/vc_column][\/vc_row][vc_row][vc_column]<div style=\"background-color:;height: 100px\" class=\"nicdark_section  \"><\/div>[\/vc_column][\/vc_row]<\/p>\n<\/div>","protected":false},"excerpt":{"rendered":"<p>[vc_row][vc_column width=\u00bb2\/3&#8243;][\/vc_column][vc_column width=\u00bb1\/3&#8243; css=\u00bb.vc_custom_1596260583144{margin-top: -35px !important;padding-left: 40px !important;}\u00bb][\/vc_column][\/vc_row][vc_row][vc_column][vc_row_inner][vc_column_inner width=\u00bb1\/3&#8243; css=\u00bb.vc_custom_1596259587901{padding-top: 40px !important;padding-left: 40px !important;}\u00bb][vc_column_text css=\u00bb.vc_custom_1709580966161{margin-top: -30px !important;}\u00bb] &nbsp; 25 de Marzo Calle Sucre, Barrio 25 de Marzo, Sector III, San F\u00e9lix, estado Bol\u00edvar. (0286) 719 3133 25marzo.gua@feyalegria.edu.ve[\/vc_column_text][vc_separator color=\u00bbmulled_wine\u00bb align=\u00bbalign_left\u00bb style=\u00bbshadow\u00bb el_width=\u00bb50&#8243;][vc_column_text css=\u00bb.vc_custom_1709581125993{margin-top: -30px !important;}\u00bb] &nbsp; Caron\u00ed Carrera Jos\u00e9 Mar\u00eda Samper, UD 146, San F\u00e9lix, estado<\/p>\n","protected":false},"author":90,"featured_media":0,"parent":0,"menu_order":0,"comment_status":"closed","ping_status":"closed","template":"","meta":{"_acf_changed":false,"footnotes":""},"folder":[],"class_list":["post-723","page","type-page","status-publish","hentry"],"acf":[],"yoast_head":"<!-- This site is optimized with the Yoast SEO plugin v27.2 - https:\/\/yoast.com\/product\/yoast-seo-wordpress\/ -->\n<title>Centros educativos Zona Guayana - Fe y Alegr\u00eda en Venezuela<\/title>\n<meta name=\"robots\" content=\"index, follow, max-snippet:-1, max-image-preview:large, max-video-preview:-1\" \/>\n<link rel=\"canonical\" href=\"https:\/\/www.feyalegria.org\/venezuela\/centros-educativos-zona-guayana\/\" \/>\n<meta property=\"og:locale\" content=\"es_ES\" \/>\n<meta property=\"og:type\" content=\"article\" \/>\n<meta property=\"og:title\" content=\"Centros educativos Zona Guayana - Fe y Alegr\u00eda en Venezuela\" \/>\n<meta property=\"og:description\" content=\"[vc_row][vc_column width=\u00bb2\/3&#8243;][\/vc_column][vc_column width=\u00bb1\/3&#8243; css=\u00bb.vc_custom_1596260583144{margin-top: -35px !important;padding-left: 40px !important;}\u00bb][\/vc_column][\/vc_row][vc_row][vc_column][vc_row_inner][vc_column_inner width=\u00bb1\/3&#8243; css=\u00bb.vc_custom_1596259587901{padding-top: 40px !important;padding-left: 40px !important;}\u00bb][vc_column_text css=\u00bb.vc_custom_1709580966161{margin-top: -30px !important;}\u00bb] &nbsp; 25 de Marzo Calle Sucre, Barrio 25 de Marzo, Sector III, San F\u00e9lix, estado Bol\u00edvar. (0286) 719 3133 25marzo.gua@feyalegria.edu.ve[\/vc_column_text][vc_separator color=\u00bbmulled_wine\u00bb align=\u00bbalign_left\u00bb style=\u00bbshadow\u00bb el_width=\u00bb50&#8243;][vc_column_text css=\u00bb.vc_custom_1709581125993{margin-top: -30px !important;}\u00bb] &nbsp; Caron\u00ed Carrera Jos\u00e9 Mar\u00eda Samper, UD 146, San F\u00e9lix, estado\" \/>\n<meta property=\"og:url\" content=\"https:\/\/www.feyalegria.org\/venezuela\/centros-educativos-zona-guayana\/\" \/>\n<meta property=\"og:site_name\" content=\"Fe y Alegr\u00eda en Venezuela\" \/>\n<meta property=\"article:modified_time\" content=\"2025-05-19T19:29:49+00:00\" \/>\n<meta name=\"twitter:card\" content=\"summary_large_image\" \/>\n<meta name=\"twitter:label1\" content=\"Tiempo de lectura\" \/>\n\t<meta name=\"twitter:data1\" content=\"5 minutos\" \/>\n<script type=\"application\/ld+json\" class=\"yoast-schema-graph\">{\"@context\":\"https:\/\/schema.org\",\"@graph\":[{\"@type\":\"WebPage\",\"@id\":\"https:\/\/www.feyalegria.org\/venezuela\/centros-educativos-zona-guayana\/\",\"url\":\"https:\/\/www.feyalegria.org\/venezuela\/centros-educativos-zona-guayana\/\",\"name\":\"Centros educativos Zona Guayana - Fe y Alegr\u00eda en Venezuela\",\"isPartOf\":{\"@id\":\"https:\/\/www.feyalegria.org\/venezuela\/#website\"},\"datePublished\":\"2020-08-01T05:49:30+00:00\",\"dateModified\":\"2025-05-19T19:29:49+00:00\",\"inLanguage\":\"es\",\"potentialAction\":[{\"@type\":\"ReadAction\",\"target\":[\"https:\/\/www.feyalegria.org\/venezuela\/centros-educativos-zona-guayana\/\"]}]},{\"@type\":\"WebSite\",\"@id\":\"https:\/\/www.feyalegria.org\/venezuela\/#website\",\"url\":\"https:\/\/www.feyalegria.org\/venezuela\/\",\"name\":\"Fe y Alegr\u00eda en Venezuela\",\"description\":\"\",\"potentialAction\":[{\"@type\":\"SearchAction\",\"target\":{\"@type\":\"EntryPoint\",\"urlTemplate\":\"https:\/\/www.feyalegria.org\/venezuela\/?s={search_term_string}\"},\"query-input\":{\"@type\":\"PropertyValueSpecification\",\"valueRequired\":true,\"valueName\":\"search_term_string\"}}],\"inLanguage\":\"es\"}]}<\/script>\n<!-- \/ Yoast SEO plugin. -->","yoast_head_json":{"title":"Centros educativos Zona Guayana - Fe y Alegr\u00eda en Venezuela","robots":{"index":"index","follow":"follow","max-snippet":"max-snippet:-1","max-image-preview":"max-image-preview:large","max-video-preview":"max-video-preview:-1"},"canonical":"https:\/\/www.feyalegria.org\/venezuela\/centros-educativos-zona-guayana\/","og_locale":"es_ES","og_type":"article","og_title":"Centros educativos Zona Guayana - Fe y Alegr\u00eda en Venezuela","og_description":"[vc_row][vc_column width=\u00bb2\/3&#8243;][\/vc_column][vc_column width=\u00bb1\/3&#8243; css=\u00bb.vc_custom_1596260583144{margin-top: -35px !important;padding-left: 40px !important;}\u00bb][\/vc_column][\/vc_row][vc_row][vc_column][vc_row_inner][vc_column_inner width=\u00bb1\/3&#8243; css=\u00bb.vc_custom_1596259587901{padding-top: 40px !important;padding-left: 40px !important;}\u00bb][vc_column_text css=\u00bb.vc_custom_1709580966161{margin-top: -30px !important;}\u00bb] &nbsp; 25 de Marzo Calle Sucre, Barrio 25 de Marzo, Sector III, San F\u00e9lix, estado Bol\u00edvar. (0286) 719 3133 25marzo.gua@feyalegria.edu.ve[\/vc_column_text][vc_separator color=\u00bbmulled_wine\u00bb align=\u00bbalign_left\u00bb style=\u00bbshadow\u00bb el_width=\u00bb50&#8243;][vc_column_text css=\u00bb.vc_custom_1709581125993{margin-top: -30px !important;}\u00bb] &nbsp; Caron\u00ed Carrera Jos\u00e9 Mar\u00eda Samper, UD 146, San F\u00e9lix, estado","og_url":"https:\/\/www.feyalegria.org\/venezuela\/centros-educativos-zona-guayana\/","og_site_name":"Fe y Alegr\u00eda en Venezuela","article_modified_time":"2025-05-19T19:29:49+00:00","twitter_card":"summary_large_image","twitter_misc":{"Tiempo de lectura":"5 minutos"},"schema":{"@context":"https:\/\/schema.org","@graph":[{"@type":"WebPage","@id":"https:\/\/www.feyalegria.org\/venezuela\/centros-educativos-zona-guayana\/","url":"https:\/\/www.feyalegria.org\/venezuela\/centros-educativos-zona-guayana\/","name":"Centros educativos Zona Guayana - Fe y Alegr\u00eda en Venezuela","isPartOf":{"@id":"https:\/\/www.feyalegria.org\/venezuela\/#website"},"datePublished":"2020-08-01T05:49:30+00:00","dateModified":"2025-05-19T19:29:49+00:00","inLanguage":"es","potentialAction":[{"@type":"ReadAction","target":["https:\/\/www.feyalegria.org\/venezuela\/centros-educativos-zona-guayana\/"]}]},{"@type":"WebSite","@id":"https:\/\/www.feyalegria.org\/venezuela\/#website","url":"https:\/\/www.feyalegria.org\/venezuela\/","name":"Fe y Alegr\u00eda en Venezuela","description":"","potentialAction":[{"@type":"SearchAction","target":{"@type":"EntryPoint","urlTemplate":"https:\/\/www.feyalegria.org\/venezuela\/?s={search_term_string}"},"query-input":{"@type":"PropertyValueSpecification","valueRequired":true,"valueName":"search_term_string"}}],"inLanguage":"es"}]}},"_links":{"self":[{"href":"https:\/\/www.feyalegria.org\/venezuela\/wp-json\/wp\/v2\/pages\/723","targetHints":{"allow":["GET"]}}],"collection":[{"href":"https:\/\/www.feyalegria.org\/venezuela\/wp-json\/wp\/v2\/pages"}],"about":[{"href":"https:\/\/www.feyalegria.org\/venezuela\/wp-json\/wp\/v2\/types\/page"}],"author":[{"embeddable":true,"href":"https:\/\/www.feyalegria.org\/venezuela\/wp-json\/wp\/v2\/users\/90"}],"replies":[{"embeddable":true,"href":"https:\/\/www.feyalegria.org\/venezuela\/wp-json\/wp\/v2\/comments?post=723"}],"version-history":[{"count":0,"href":"https:\/\/www.feyalegria.org\/venezuela\/wp-json\/wp\/v2\/pages\/723\/revisions"}],"wp:attachment":[{"href":"https:\/\/www.feyalegria.org\/venezuela\/wp-json\/wp\/v2\/media?parent=723"}],"wp:term":[{"taxonomy":"folder","embeddable":true,"href":"https:\/\/www.feyalegria.org\/venezuela\/wp-json\/wp\/v2\/folder?post=723"}],"curies":[{"name":"wp","href":"https:\/\/api.w.org\/{rel}","templated":true}]}}