 {"id":725,"date":"2020-08-01T05:50:49","date_gmt":"2020-08-01T05:50:49","guid":{"rendered":"https:\/\/www.feyalegria.org\/venezuela\/?page_id=725"},"modified":"2025-05-19T19:30:06","modified_gmt":"2025-05-19T19:30:06","slug":"centros-educativos-zona-occidente","status":"publish","type":"page","link":"https:\/\/www.feyalegria.org\/venezuela\/centros-educativos-zona-occidente\/","title":{"rendered":"Centros educativos Zona Occidente"},"content":{"rendered":"<div class=\"wpb-content-wrapper\"><p>[vc_row][vc_column width=\u00bb2\/3&#8243;]<div style=\"background-color:;height: 50px\" class=\"nicdark_section  \"><\/div>[\/vc_column][vc_column width=\u00bb1\/3&#8243; css=\u00bb.vc_custom_1596260583144{margin-top: -35px !important;padding-left: 40px !important;}\u00bb]<a href=\"https:\/\/www.feyalegria.org\/venezuela\/directorio-fe-y-alegria-escuela\/\" title=\"Directorio\"  data-id=\"mpc_button-4269e1551f70f82\" class=\"mpc-button mpc-init mpc-transition mpc-typography--default \" ><div class=\"mpc-button__content mpc-effect-type--none mpc-effect-side--none\"><span class=\"mpc-button__title mpc-transition\">Volver al Directorio<\/span><\/div><div class=\"mpc-button__background mpc-transition mpc-effect-type--fade mpc-effect-side--in\"><\/div><\/a>[\/vc_column][\/vc_row][vc_row][vc_column][vc_row_inner][vc_column_inner width=\u00bb1\/3&#8243; css=\u00bb.vc_custom_1596259587901{padding-top: 40px !important;padding-left: 40px !important;}\u00bb][vc_column_text css=\u00bb.vc_custom_1709594485660{margin-top: -30px !important;}\u00bb]<\/p>\n<p>&nbsp;<\/p>\n<p><strong>Abraham Reyes<\/strong><\/p>\n<p>Barrio Rafael Urdaneta. Km. 18,<br \/>\nV\u00eda Concepci\u00f3n, Calle N\u00ba 3,<br \/>\nMaracaibo, estado Zulia<br \/>\n(0261) 511 6456<\/p>\n<p><a href=\"mailto:fyaabrahamreyes@gmail.com\">fyaabrahamreyes@gmail.com<\/a>[\/vc_column_text][vc_separator color=\u00bbmulled_wine\u00bb align=\u00bbalign_left\u00bb style=\u00bbshadow\u00bb el_width=\u00bb50&#8243;][vc_column_text css=\u00bb.vc_custom_1709594641473{margin-top: -30px !important;}\u00bb]<\/p>\n<p>&nbsp;<\/p>\n<p><strong>Hermana Elba Estrada Foster<\/strong><\/p>\n<p>Av. 61 C\/C. S. Ram\u00f3n N\u00ba 41B-135,<br \/>\nBarrio Altos de Jalisco,<br \/>\nMaracaibo, estado Zulia.<br \/>\n(0261) 741 1284<\/p>\n<p><a href=\"mailto:fya2.zul@feyalegria.edu.ve\">fya2.zul@feyalegria.edu.ve<\/a>[\/vc_column_text][vc_separator color=\u00bbmulled_wine\u00bb align=\u00bbalign_left\u00bb style=\u00bbshadow\u00bb el_width=\u00bb50&#8243;][vc_column_text css=\u00bb.vc_custom_1709594778995{margin-top: -30px !important;}\u00bb]<\/p>\n<p>&nbsp;<\/p>\n<p><strong>La Chinita<\/strong><br \/>\nAv. Principal No.95A-75,<br \/>\nBarrio Cuatricentenario,<br \/>\nMaracaibo, estado Zulia.<br \/>\n(0261) 788 1872<\/p>\n<p><a href=\"mailto:lachinita.zul@feyalegria.edu.ve\">lachinita.zul@feyalegria.edu.ve<\/a>[\/vc_column_text][vc_separator color=\u00bbmulled_wine\u00bb align=\u00bbalign_left\u00bb style=\u00bbshadow\u00bb el_width=\u00bb50&#8243;][vc_column_text css=\u00bb.vc_custom_1709594957465{margin-top: -30px !important;}\u00bb]<\/p>\n<p>&nbsp;<\/p>\n<p><strong>Manzanillo<\/strong><\/p>\n<p>Av. 25 con Calle 9,<br \/>\nBarrio El Manzanillo,<br \/>\nMaracaibo, estado Zulia.<br \/>\n(0261) 761 4951<\/p>\n<p><a href=\"mailto:fya1.zul@feyalegria.edu.ve\">fya1.zul@feyalegria.edu.ve<\/a>[\/vc_column_text][vc_separator color=\u00bbmulled_wine\u00bb align=\u00bbalign_left\u00bb style=\u00bbshadow\u00bb el_width=\u00bb50&#8243;][vc_column_text css=\u00bb.vc_custom_1709595089475{margin-top: -30px !important;}\u00bb]<strong>Nueva Am\u00e9rica<\/strong><\/p>\n<p>Barrio 24 de Julio,<br \/>\nAv. 491 Con Calles 176-117,<br \/>\nMaracaibo, estado Zulia.<br \/>\n(0261) 731 2883<\/p>\n<p><a href=\"mailto:namerica.zul@feyalegria.edu.ve\">namerica.zul@feyalegria.edu.ve<\/a>[\/vc_column_text][vc_separator color=\u00bbmulled_wine\u00bb align=\u00bbalign_left\u00bb style=\u00bbshadow\u00bb el_width=\u00bb50&#8243;][vc_column_text css=\u00bb.vc_custom_1709595291109{margin-top: -30px !important;}\u00bb]<\/p>\n<p>&nbsp;<\/p>\n<p><strong>Padre V\u00edctor Iriarte<\/strong><\/p>\n<p>Barrio Antonio Jos\u00e9 de Sucre,<br \/>\nAv. P. V\u00edctor Iriarte, N\u00b0 07,<br \/>\nPunto Fijo, estado Falc\u00f3n.<br \/>\n(0426) 860 1315<\/p>\n<p><a href=\"mailto:pvifya@hotmail.com\">pvifya@hotmail.com<\/a>[\/vc_column_text][vc_separator color=\u00bbmulled_wine\u00bb align=\u00bbalign_left\u00bb style=\u00bbshadow\u00bb el_width=\u00bb50&#8243;][vc_column_text css=\u00bb.vc_custom_1709595447793{margin-top: -30px !important;}\u00bb]<\/p>\n<p>&nbsp;<\/p>\n<p><strong>Ram\u00f3n Paz Ipuana<\/strong><\/p>\n<p>Cojoro, V\u00eda Castillete,<br \/>\nAlta Guajira, estado Zulia.<br \/>\n(0262) 547 0292<\/p>\n<p><a href=\"mailto:fyaramonpazipuana@gmail.com\">fyaramonpazipuana@gmail.com<\/a><\/p>\n<p>[\/vc_column_text][vc_separator color=\u00bbmulled_wine\u00bb align=\u00bbalign_left\u00bb style=\u00bbshadow\u00bb el_width=\u00bb50&#8243;][vc_column_text css=\u00bb.vc_custom_1709595617930{margin-top: -30px !important;}\u00bb]<\/p>\n<p>&nbsp;<\/p>\n<p><strong>San Juan Bosco<\/strong><\/p>\n<p>Urb. La Gran Victoria,<br \/>\nAv. Principal entre Calles 6-A y 6-B,<br \/>\nBachaquero, estado Zulia.<br \/>\n(0412) 221 4396<\/p>\n<p><a href=\"mailto:fyasanjuanbosco@gmail.com\">fyasanjuanbosco@gmail.com<\/a>[\/vc_column_text][vc_separator color=\u00bbmulled_wine\u00bb align=\u00bbalign_left\u00bb style=\u00bbshadow\u00bb el_width=\u00bb50&#8243;][\/vc_column_inner][vc_column_inner width=\u00bb1\/3&#8243; css=\u00bb.vc_custom_1596259609387{padding-top: 40px !important;padding-left: 40px !important;}\u00bb][vc_column_text css=\u00bb.vc_custom_1709594543132{margin-top: -30px !important;}\u00bb]<\/p>\n<p>&nbsp;<\/p>\n<p><strong>C\u00e1ndida Mar\u00eda de Jes\u00fas<\/strong><\/p>\n<p>Calle Principal, Sector Dr. Noriega<br \/>\nTrigo, Villa del Rosario,<br \/>\nestado Zulia.<br \/>\n(0412) 787 2193<\/p>\n<p><a href=\"mailto:fyacandidamaria@gmail.com\" target=\"_blank\" rel=\"noopener noreferrer\">fyacandidamaria@gmail.com <\/a>[\/vc_column_text][vc_separator color=\u00bbmulled_wine\u00bb align=\u00bbalign_left\u00bb style=\u00bbshadow\u00bb el_width=\u00bb50&#8243;][vc_column_text css=\u00bb.vc_custom_1709594682092{margin-top: -30px !important;}\u00bb]<\/p>\n<p>&nbsp;<\/p>\n<p><strong>Ignacio Huarte<\/strong><\/p>\n<p>Barrio La Rinconada,<br \/>\nAv. 4 con Calle 10, # 9-206,<br \/>\nMaracaibo, estado Zulia.<br \/>\n(0261) 201 1580<\/p>\n<p><a href=\"mailto:fyaignaciohuarte@gmail.com\" target=\"_blank\" rel=\"noopener noreferrer\">fyaignaciohuarte@gmail.com <\/a>[\/vc_column_text][vc_separator color=\u00bbmulled_wine\u00bb align=\u00bbalign_left\u00bb style=\u00bbshadow\u00bb el_width=\u00bb50&#8243;][vc_column_text css=\u00bb.vc_custom_1709594808605{margin-top: -30px !important;}\u00bb]<\/p>\n<p>&nbsp;<\/p>\n<p><strong>La Rinconada<\/strong><\/p>\n<p>Av. Principal,<br \/>\nBarrio La Rinconada, N\u00ba 4-25,<br \/>\nMaracaibo, estado Zulia.<br \/>\n(0261) 896 0708<\/p>\n<p><a href=\"mailto:fyalarinconada@gmail.com\" target=\"_blank\" rel=\"noopener noreferrer\">fyalarinconada@gmail.com <\/a>[\/vc_column_text][vc_separator color=\u00bbmulled_wine\u00bb align=\u00bbalign_left\u00bb style=\u00bbshadow\u00bb el_width=\u00bb50&#8243;][vc_column_text css=\u00bb.vc_custom_1709594984568{margin-top: -30px !important;}\u00bb]<\/p>\n<p>&nbsp;<\/p>\n<p><strong>Monse\u00f1or Romero<\/strong><\/p>\n<p>Sector El Taparo,<br \/>\nAv. 71-72, Bachaquero,<br \/>\nestado Zulia.<br \/>\n(0267) 807 0482<\/p>\n<p><a href=\"mailto:fyamonsromero@gmail.com\" target=\"_blank\" rel=\"noopener noreferrer\">fyamonsromero@gmail.com <\/a>[\/vc_column_text][vc_separator color=\u00bbmulled_wine\u00bb align=\u00bbalign_left\u00bb style=\u00bbshadow\u00bb el_width=\u00bb50&#8243;][vc_column_text css=\u00bb.vc_custom_1709595113366{margin-top: -30px !important;}\u00bb]<\/p>\n<p>&nbsp;<\/p>\n<p><strong>Nueva Venezuela<\/strong><\/p>\n<p>Barrio La Polar,<br \/>\nAv. 48F, Calle N\u00b0 181-64,<br \/>\nMaracaibo, estado Zulia.<br \/>\n(0261) 732 0777<\/p>\n<p><a href=\"mailto:fyanuevavenezuela@gmail.com\" target=\"_blank\" rel=\"noopener noreferrer\">fyanuevavenezuela@gmail.com <\/a>[\/vc_column_text][vc_separator color=\u00bbmulled_wine\u00bb align=\u00bbalign_left\u00bb style=\u00bbshadow\u00bb el_width=\u00bb50&#8243;][vc_column_text css=\u00bb.vc_custom_1709595322545{margin-top: -30px !important;}\u00bb]<\/p>\n<p>&nbsp;<\/p>\n<p><strong>Paraguaipoa<\/strong><\/p>\n<p>Av. Hospital Binacional,<br \/>\nfrente al Centro Social Toro Sentado,<br \/>\nParaguaipoa, estado Zulia.<br \/>\n(0262) 969 1186<\/p>\n<p><a href=\"mailto:paraguaipoa.zul@feyalegria.edu.ve\">paraguaipoa.zul@feyalegria.edu.ve<\/a>[\/vc_column_text][vc_separator color=\u00bbmulled_wine\u00bb align=\u00bbalign_left\u00bb style=\u00bbshadow\u00bb el_width=\u00bb50&#8243;][vc_column_text css=\u00bb.vc_custom_1709595520778{margin-top: -30px !important;}\u00bb]<\/p>\n<p>&nbsp;<\/p>\n<p><strong>Rutilio Grande<\/strong><\/p>\n<p>Barrio Estrella del Valle,<br \/>\nKm. 12, V\u00eda La Concepci\u00f3n,<br \/>\nMaracaibo, estado Zulia.<br \/>\n(0426) 228 3664<\/p>\n<p><a href=\"mailto:feyarutiliogrande@gmail.com\">feyarutiliogrande@gmail.com<\/a>[\/vc_column_text][vc_separator color=\u00bbmulled_wine\u00bb align=\u00bbalign_left\u00bb style=\u00bbshadow\u00bb el_width=\u00bb50&#8243;][vc_column_text css=\u00bb.vc_custom_1709595641996{margin-top: -30px !important;}\u00bb]<\/p>\n<p>&nbsp;<\/p>\n<p><strong>San Pedro Claver<\/strong><\/p>\n<p>Av. Principal,<br \/>\nBarrio Brisas del R\u00edo,<br \/>\nCaja Seca, estado Zulia.<br \/>\n(0271) 415 4465<\/p>\n<p><a href=\"mailto:fyasanpedroclaver@gmail.com\" target=\"_blank\" rel=\"noopener noreferrer\">fyasanpedroclaver@gmail.com <\/a>[\/vc_column_text][vc_separator color=\u00bbmulled_wine\u00bb align=\u00bbalign_left\u00bb style=\u00bbshadow\u00bb el_width=\u00bb50&#8243;][\/vc_column_inner][vc_column_inner width=\u00bb1\/3&#8243; css=\u00bb.vc_custom_1596259621316{padding-top: 40px !important;padding-left: 40px !important;}\u00bb][vc_column_text css=\u00bb.vc_custom_1709594593241{margin-top: -30px !important;}\u00bb]<\/p>\n<p>&nbsp;<\/p>\n<p><strong>C\u00e9sar David Rinc\u00f3n<\/strong><\/p>\n<p>Barrio Antonio Jos\u00e9 de Sucre,<br \/>\nCalle 85A, entre Av 116 y 117<br \/>\nMaracaibo, estado, Zulia.<br \/>\n(0261) 511 0335<\/p>\n<p><a href=\"mailto:cdrincon.zul@feyalegria.edu.ve\">cdrincon.zul@feyalegria.edu.ve<\/a>[\/vc_column_text][vc_separator color=\u00bbmulled_wine\u00bb align=\u00bbalign_left\u00bb style=\u00bbshadow\u00bb el_width=\u00bb50&#8243;][vc_column_text css=\u00bb.vc_custom_1709594742336{margin-top: -30px !important;}\u00bb]<\/p>\n<p>&nbsp;<\/p>\n<p><strong>Instituto Agropecuario Fe y Alegr\u00eda<\/strong><\/p>\n<p>Santa Rita de Cumarebo,<br \/>\nCumarebo, estado Falc\u00f3n.<br \/>\n(0268) 808 4311<\/p>\n<p><a href=\"mailto:iasritazul@feyalegria.edu.ve\">iasritazul@feyalegria.edu.ve<\/a><\/p>\n<p>[\/vc_column_text][vc_separator color=\u00bbmulled_wine\u00bb align=\u00bbalign_left\u00bb style=\u00bbshadow\u00bb el_width=\u00bb50&#8243;][vc_column_text css=\u00bb.vc_custom_1709594873074{margin-top: -30px !important;}\u00bb]<\/p>\n<p>&nbsp;<\/p>\n<p><strong>Luis Razetti<\/strong><\/p>\n<p>Barrio Integraci\u00f3n Comunal,<br \/>\nSector Lilia Perozo de Zambrano,<br \/>\nMaracaibo, estado Zulia.<br \/>\n(0414) 014 5890<\/p>\n<p><a href=\"mailto:fyadrluisrazetti@gmail.com\" target=\"_blank\" rel=\"noopener noreferrer\">fyadrluisrazetti@gmail.com <\/a>[\/vc_column_text][vc_separator color=\u00bbmulled_wine\u00bb align=\u00bbalign_left\u00bb style=\u00bbshadow\u00bb el_width=\u00bb50&#8243;][vc_column_text css=\u00bb.vc_custom_1709595057843{margin-top: -30px !important;}\u00bb]<\/p>\n<p>&nbsp;<\/p>\n<p><strong>Nazaret<\/strong><\/p>\n<p>Calle Zamora, N\u00b0 10-24,<br \/>\nPunto Fijo, estado Falc\u00f3n.<br \/>\n(0414) 698 5989<\/p>\n<p><a href=\"mailto:nazaret.zul@feyalegria.edu.ve\">nazaret.zul@feyalegria.edu.ve<\/a>[\/vc_column_text][vc_separator color=\u00bbmulled_wine\u00bb align=\u00bbalign_left\u00bb style=\u00bbshadow\u00bb el_width=\u00bb50&#8243;][vc_column_text css=\u00bb.vc_custom_1709595158822{margin-top: -30px !important;}\u00bb]<\/p>\n<p>&nbsp;<\/p>\n<p><strong>Pablo VI<\/strong><\/p>\n<p>Barrio Guaicaipuro,<br \/>\nCalle Alfa, Carretera \u201cL\u201d,<br \/>\nCiudad Ojeda, estado Zulia.<br \/>\n(0265) 632 3126<\/p>\n<p><a href=\"mailto:fyapablovi@gmail.com\" target=\"_blank\" rel=\"noopener noreferrer\">fyapablovi@gmail.com <\/a>[\/vc_column_text][vc_separator color=\u00bbmulled_wine\u00bb align=\u00bbalign_left\u00bb style=\u00bbshadow\u00bb el_width=\u00bb50&#8243;][vc_column_text css=\u00bb.vc_custom_1709595373385{margin-top: -30px !important;}\u00bb]<\/p>\n<p>&nbsp;<\/p>\n<p><strong>Rafael Urdaneta<\/strong><\/p>\n<p>Barrio El Manzanillo,<br \/>\nCalle 9, Av. 25,<br \/>\nMaracaibo, estado Zulia.<br \/>\n(0261) 761 3209<\/p>\n<p><a href=\"mailto:grurdaneta.zul@feyalegria.edu.ve\">grurdaneta.zul@feyalegria.edu.ve<\/a>[\/vc_column_text][vc_separator color=\u00bbmulled_wine\u00bb align=\u00bbalign_left\u00bb style=\u00bbshadow\u00bb el_width=\u00bb50&#8243;][vc_column_text css=\u00bb.vc_custom_1709595553879{margin-top: -30px !important;}\u00bb]<\/p>\n<p>&nbsp;<\/p>\n<p><strong>San Ignacio<\/strong><\/p>\n<p>Calle 169, N\u00b0 49C-20,<br \/>\nBarrio 24 de Julio,<br \/>\nMaracaibo, estado Zulia.<br \/>\n(0261) 732 7112<\/p>\n<p><a href=\"mailto:fyasanignacio@gmail.com\" target=\"_blank\" rel=\"noopener noreferrer\">fyasanignacio@gmail.com <\/a>[\/vc_column_text][vc_separator color=\u00bbmulled_wine\u00bb align=\u00bbalign_left\u00bb style=\u00bbshadow\u00bb el_width=\u00bb50&#8243;][vc_column_text css=\u00bb.vc_custom_1709595673298{margin-top: -30px !important;}\u00bb]<strong>Santa Br\u00edgida<\/strong><\/p>\n<p>Barrio Palo Negro,<br \/>\nCalle 36A, N\u00b0 100-84,<br \/>\nMaracaibo, estado Zulia.<br \/>\n(0261) 4245343<\/p>\n<p><a href=\"mailto:fyasantabrigida@hotmail.com\" target=\"_blank\" rel=\"noopener noreferrer\">fyasantabrigida@hotmail.co<\/a><\/p>\n<p>[\/vc_column_text][vc_separator color=\u00bbmulled_wine\u00bb align=\u00bbalign_left\u00bb style=\u00bbshadow\u00bb el_width=\u00bb50&#8243;][\/vc_column_inner][\/vc_row_inner][\/vc_column][\/vc_row][vc_row][vc_column]<div style=\"background-color:;height: 100px\" class=\"nicdark_section  \"><\/div>[\/vc_column][\/vc_row]<\/p>\n<\/div>","protected":false},"excerpt":{"rendered":"<p>[vc_row][vc_column width=\u00bb2\/3&#8243;][\/vc_column][vc_column width=\u00bb1\/3&#8243; css=\u00bb.vc_custom_1596260583144{margin-top: -35px !important;padding-left: 40px !important;}\u00bb][\/vc_column][\/vc_row][vc_row][vc_column][vc_row_inner][vc_column_inner width=\u00bb1\/3&#8243; css=\u00bb.vc_custom_1596259587901{padding-top: 40px !important;padding-left: 40px !important;}\u00bb][vc_column_text css=\u00bb.vc_custom_1709594485660{margin-top: -30px !important;}\u00bb] &nbsp; Abraham Reyes Barrio Rafael Urdaneta. Km. 18, V\u00eda Concepci\u00f3n, Calle N\u00ba 3, Maracaibo, estado Zulia (0261) 511 6456 fyaabrahamreyes@gmail.com[\/vc_column_text][vc_separator color=\u00bbmulled_wine\u00bb align=\u00bbalign_left\u00bb style=\u00bbshadow\u00bb el_width=\u00bb50&#8243;][vc_column_text css=\u00bb.vc_custom_1709594641473{margin-top: -30px !important;}\u00bb] &nbsp; Hermana Elba Estrada Foster Av. 61 C\/C. S. Ram\u00f3n N\u00ba<\/p>\n","protected":false},"author":90,"featured_media":0,"parent":0,"menu_order":0,"comment_status":"closed","ping_status":"closed","template":"","meta":{"_acf_changed":false,"footnotes":""},"folder":[],"class_list":["post-725","page","type-page","status-publish","hentry"],"acf":[],"yoast_head":"<!-- This site is optimized with the Yoast SEO plugin v27.2 - https:\/\/yoast.com\/product\/yoast-seo-wordpress\/ -->\n<title>Centros educativos Zona Occidente - Fe y Alegr\u00eda en Venezuela<\/title>\n<meta name=\"robots\" content=\"index, follow, max-snippet:-1, max-image-preview:large, max-video-preview:-1\" \/>\n<link rel=\"canonical\" href=\"https:\/\/www.feyalegria.org\/venezuela\/centros-educativos-zona-occidente\/\" \/>\n<meta property=\"og:locale\" content=\"es_ES\" \/>\n<meta property=\"og:type\" content=\"article\" \/>\n<meta property=\"og:title\" content=\"Centros educativos Zona Occidente - Fe y Alegr\u00eda en Venezuela\" \/>\n<meta property=\"og:description\" content=\"[vc_row][vc_column width=\u00bb2\/3&#8243;][\/vc_column][vc_column width=\u00bb1\/3&#8243; css=\u00bb.vc_custom_1596260583144{margin-top: -35px !important;padding-left: 40px !important;}\u00bb][\/vc_column][\/vc_row][vc_row][vc_column][vc_row_inner][vc_column_inner width=\u00bb1\/3&#8243; css=\u00bb.vc_custom_1596259587901{padding-top: 40px !important;padding-left: 40px !important;}\u00bb][vc_column_text css=\u00bb.vc_custom_1709594485660{margin-top: -30px !important;}\u00bb] &nbsp; Abraham Reyes Barrio Rafael Urdaneta. Km. 18, V\u00eda Concepci\u00f3n, Calle N\u00ba 3, Maracaibo, estado Zulia (0261) 511 6456 fyaabrahamreyes@gmail.com[\/vc_column_text][vc_separator color=\u00bbmulled_wine\u00bb align=\u00bbalign_left\u00bb style=\u00bbshadow\u00bb el_width=\u00bb50&#8243;][vc_column_text css=\u00bb.vc_custom_1709594641473{margin-top: -30px !important;}\u00bb] &nbsp; Hermana Elba Estrada Foster Av. 61 C\/C. S. Ram\u00f3n N\u00ba\" \/>\n<meta property=\"og:url\" content=\"https:\/\/www.feyalegria.org\/venezuela\/centros-educativos-zona-occidente\/\" \/>\n<meta property=\"og:site_name\" content=\"Fe y Alegr\u00eda en Venezuela\" \/>\n<meta property=\"article:modified_time\" content=\"2025-05-19T19:30:06+00:00\" \/>\n<meta name=\"twitter:card\" content=\"summary_large_image\" \/>\n<meta name=\"twitter:label1\" content=\"Tiempo de lectura\" \/>\n\t<meta name=\"twitter:data1\" content=\"3 minutos\" \/>\n<script type=\"application\/ld+json\" class=\"yoast-schema-graph\">{\"@context\":\"https:\/\/schema.org\",\"@graph\":[{\"@type\":\"WebPage\",\"@id\":\"https:\/\/www.feyalegria.org\/venezuela\/centros-educativos-zona-occidente\/\",\"url\":\"https:\/\/www.feyalegria.org\/venezuela\/centros-educativos-zona-occidente\/\",\"name\":\"Centros educativos Zona Occidente - Fe y Alegr\u00eda en Venezuela\",\"isPartOf\":{\"@id\":\"https:\/\/www.feyalegria.org\/venezuela\/#website\"},\"datePublished\":\"2020-08-01T05:50:49+00:00\",\"dateModified\":\"2025-05-19T19:30:06+00:00\",\"inLanguage\":\"es\",\"potentialAction\":[{\"@type\":\"ReadAction\",\"target\":[\"https:\/\/www.feyalegria.org\/venezuela\/centros-educativos-zona-occidente\/\"]}]},{\"@type\":\"WebSite\",\"@id\":\"https:\/\/www.feyalegria.org\/venezuela\/#website\",\"url\":\"https:\/\/www.feyalegria.org\/venezuela\/\",\"name\":\"Fe y Alegr\u00eda en Venezuela\",\"description\":\"\",\"potentialAction\":[{\"@type\":\"SearchAction\",\"target\":{\"@type\":\"EntryPoint\",\"urlTemplate\":\"https:\/\/www.feyalegria.org\/venezuela\/?s={search_term_string}\"},\"query-input\":{\"@type\":\"PropertyValueSpecification\",\"valueRequired\":true,\"valueName\":\"search_term_string\"}}],\"inLanguage\":\"es\"}]}<\/script>\n<!-- \/ Yoast SEO plugin. -->","yoast_head_json":{"title":"Centros educativos Zona Occidente - Fe y Alegr\u00eda en Venezuela","robots":{"index":"index","follow":"follow","max-snippet":"max-snippet:-1","max-image-preview":"max-image-preview:large","max-video-preview":"max-video-preview:-1"},"canonical":"https:\/\/www.feyalegria.org\/venezuela\/centros-educativos-zona-occidente\/","og_locale":"es_ES","og_type":"article","og_title":"Centros educativos Zona Occidente - Fe y Alegr\u00eda en Venezuela","og_description":"[vc_row][vc_column width=\u00bb2\/3&#8243;][\/vc_column][vc_column width=\u00bb1\/3&#8243; css=\u00bb.vc_custom_1596260583144{margin-top: -35px !important;padding-left: 40px !important;}\u00bb][\/vc_column][\/vc_row][vc_row][vc_column][vc_row_inner][vc_column_inner width=\u00bb1\/3&#8243; css=\u00bb.vc_custom_1596259587901{padding-top: 40px !important;padding-left: 40px !important;}\u00bb][vc_column_text css=\u00bb.vc_custom_1709594485660{margin-top: -30px !important;}\u00bb] &nbsp; Abraham Reyes Barrio Rafael Urdaneta. Km. 18, V\u00eda Concepci\u00f3n, Calle N\u00ba 3, Maracaibo, estado Zulia (0261) 511 6456 fyaabrahamreyes@gmail.com[\/vc_column_text][vc_separator color=\u00bbmulled_wine\u00bb align=\u00bbalign_left\u00bb style=\u00bbshadow\u00bb el_width=\u00bb50&#8243;][vc_column_text css=\u00bb.vc_custom_1709594641473{margin-top: -30px !important;}\u00bb] &nbsp; Hermana Elba Estrada Foster Av. 61 C\/C. S. Ram\u00f3n N\u00ba","og_url":"https:\/\/www.feyalegria.org\/venezuela\/centros-educativos-zona-occidente\/","og_site_name":"Fe y Alegr\u00eda en Venezuela","article_modified_time":"2025-05-19T19:30:06+00:00","twitter_card":"summary_large_image","twitter_misc":{"Tiempo de lectura":"3 minutos"},"schema":{"@context":"https:\/\/schema.org","@graph":[{"@type":"WebPage","@id":"https:\/\/www.feyalegria.org\/venezuela\/centros-educativos-zona-occidente\/","url":"https:\/\/www.feyalegria.org\/venezuela\/centros-educativos-zona-occidente\/","name":"Centros educativos Zona Occidente - Fe y Alegr\u00eda en Venezuela","isPartOf":{"@id":"https:\/\/www.feyalegria.org\/venezuela\/#website"},"datePublished":"2020-08-01T05:50:49+00:00","dateModified":"2025-05-19T19:30:06+00:00","inLanguage":"es","potentialAction":[{"@type":"ReadAction","target":["https:\/\/www.feyalegria.org\/venezuela\/centros-educativos-zona-occidente\/"]}]},{"@type":"WebSite","@id":"https:\/\/www.feyalegria.org\/venezuela\/#website","url":"https:\/\/www.feyalegria.org\/venezuela\/","name":"Fe y Alegr\u00eda en Venezuela","description":"","potentialAction":[{"@type":"SearchAction","target":{"@type":"EntryPoint","urlTemplate":"https:\/\/www.feyalegria.org\/venezuela\/?s={search_term_string}"},"query-input":{"@type":"PropertyValueSpecification","valueRequired":true,"valueName":"search_term_string"}}],"inLanguage":"es"}]}},"_links":{"self":[{"href":"https:\/\/www.feyalegria.org\/venezuela\/wp-json\/wp\/v2\/pages\/725","targetHints":{"allow":["GET"]}}],"collection":[{"href":"https:\/\/www.feyalegria.org\/venezuela\/wp-json\/wp\/v2\/pages"}],"about":[{"href":"https:\/\/www.feyalegria.org\/venezuela\/wp-json\/wp\/v2\/types\/page"}],"author":[{"embeddable":true,"href":"https:\/\/www.feyalegria.org\/venezuela\/wp-json\/wp\/v2\/users\/90"}],"replies":[{"embeddable":true,"href":"https:\/\/www.feyalegria.org\/venezuela\/wp-json\/wp\/v2\/comments?post=725"}],"version-history":[{"count":0,"href":"https:\/\/www.feyalegria.org\/venezuela\/wp-json\/wp\/v2\/pages\/725\/revisions"}],"wp:attachment":[{"href":"https:\/\/www.feyalegria.org\/venezuela\/wp-json\/wp\/v2\/media?parent=725"}],"wp:term":[{"taxonomy":"folder","embeddable":true,"href":"https:\/\/www.feyalegria.org\/venezuela\/wp-json\/wp\/v2\/folder?post=725"}],"curies":[{"name":"wp","href":"https:\/\/api.w.org\/{rel}","templated":true}]}}